{"id":39622,"date":"2023-12-22T00:00:20","date_gmt":"2023-12-22T00:00:20","guid":{"rendered":"https:\/\/www.iplay.com\/games\/jewel-match-solitaire-winterscapes-2-ce\/"},"modified":"2025-02-28T16:03:09","modified_gmt":"2025-02-28T16:03:09","slug":"jewel-match-solitaire-winterscapes-2-ce","status":"publish","type":"product","link":"https:\/\/www.iplay.com\/fr\/games\/jewel-match-solitaire-winterscapes-2-ce\/","title":{"rendered":"Jewel Match Solitaire Winterscapes 2 CE"},"content":{"rendered":"<p>La saison tr\u00e9pidante des f\u00eates est \u00e9chapp\u00e9e et l\u2019immersion dans les paysages tranquilles et hivernaux de Winterscapes Solitaire est permise. Plus d\u2019un millier de niveaux froids sont jou\u00e9s et les tableaux glac\u00e9s sont r\u00e9solus. De nouveaux jeux de solitaire classiques, comme Mammoth, Lullaby et Genghis Khan, sont d\u00e9bloqu\u00e9s ! Des lieux imaginaires sont construits tout au long du jeu, transportant les joueurs dans un charmant pays des merveilles hivernales aux paysages captivants qui changent. De joyeuses aventures sont lanc\u00e9es pour rassembler des ornements hivernaux uniques afin de donner vie aux paysages gel\u00e9s et d\u2019accentuer leur splendeur. Quatre modes de jeu diff\u00e9rents sont jou\u00e9s : Standard, Difficile, D\u00e9tendu et Chronom\u00e9tr\u00e9. Des bonus qui changent la donne sont utilis\u00e9s dans chaque mode. Quelle que soit la m\u00e9thode de jeu choisie, les joueurs sont pr\u00eats \u00e0 \u00eatre captiv\u00e9s par une bande-son festive apaisante, des images hivernales captivantes et une exp\u00e9rience de jeu immersive. L\u2019exp\u00e9rience de solitaire la plus agr\u00e9able de l\u2019ann\u00e9e est \u00e0 ne pas manquer. Avec Jewel Match Solitaire Winterscapes 2, laissez les flocons de neige diriger vos cartes vers le succ\u00e8s !         <\/p>\n<p>&nbsp;<\/p>\n<p><strong>Fonctionnalit\u00e9s<\/strong><\/p>\n<p>&nbsp;<\/p>\n<p>&#8211; Plus d\u2019un millier de niveaux !<\/p>\n<p>&#8211; Six jeux de solitaire traditionnels, tels que Freecell, Spider et Klondike.<\/p>\n<p>&#8211; 18 autres variantes du Solitaire, comme Council ou Somerset.<\/p>\n<p>&#8211; 120 niveaux de Mahjong rejouables suppl\u00e9mentaires !<\/p>\n<p>&#8211; Dix lieux glac\u00e9s fantastiques \u00e0 construire.<\/p>\n<p>&#8211; Choisissez parmi quatre modes de jeu : Chronom\u00e9tr\u00e9, D\u00e9tendu, Difficile et Normal.<\/p>\n<p>&#8211; Jouez au match-2, au supersize, au d\u00e9fi et au niveau bonus glissant.<\/p>\n<p>&#8211; Terminez des qu\u00eates.<\/p>\n<p>&#8211; Choisissez parmi une vari\u00e9t\u00e9 de jeux de cartes avec lesquels jouer.<\/p>\n<p>&#8211; D\u00e9bloquez de magnifiques arri\u00e8re-plans de bureau.<\/p>\n<p>&#8211; Savourez une bande-son apaisante des F\u00eates.<\/p>\n","protected":false},"excerpt":{"rendered":"<p>Profitez des flocons de neige et du solitaire !<\/p>\n","protected":false},"author":20,"featured_media":39623,"comment_status":"open","ping_status":"closed","template":"","meta":{"_acf_changed":false,"inline_featured_image":false},"product_brand":[],"product_cat":[155,207],"product_tag":[287,265],"class_list":{"0":"post-39622","1":"product","2":"type-product","3":"status-publish","4":"has-post-thumbnail","6":"product_cat-card-fr-2","7":"product_cat-solitaire-fr","8":"product_tag-play-on-pc-fr","9":"product_tag-jewel-match-solitaire-series-fr","11":"first","12":"instock","13":"shipping-taxable","14":"purchasable","15":"product-type-simple"},"acf":[],"yoast_head":"<!-- This site is optimized with the Yoast SEO Premium plugin v25.2 (Yoast SEO v25.2) - https:\/\/yoast.com\/wordpress\/plugins\/seo\/ -->\n<title>Jewel Match Solitaire Winterscapes 2 CE - Profitez des flocons de neige et du solitaire<\/title>\n<meta name=\"description\" content=\"Profitez des flocons de neige et du solitaire !\" \/>\n<meta name=\"robots\" content=\"index, follow, max-snippet:-1, max-image-preview:large, max-video-preview:-1\" \/>\n<link rel=\"canonical\" href=\"https:\/\/www.iplay.com\/fr\/games\/jewel-match-solitaire-winterscapes-2-ce\/\" \/>\n<meta property=\"og:locale\" content=\"fr_FR\" \/>\n<meta property=\"og:type\" content=\"article\" \/>\n<meta property=\"og:title\" content=\"Jewel Match Solitaire Winterscapes 2 CE\" \/>\n<meta property=\"og:description\" content=\"Profitez des flocons de neige et du solitaire !\" \/>\n<meta property=\"og:url\" content=\"https:\/\/www.iplay.com\/fr\/games\/jewel-match-solitaire-winterscapes-2-ce\/\" \/>\n<meta property=\"og:site_name\" content=\"IPlay\" \/>\n<meta property=\"article:modified_time\" content=\"2025-02-28T16:03:09+00:00\" \/>\n<meta property=\"og:image\" content=\"https:\/\/www.iplay.com\/wp-content\/uploads\/2023\/12\/400x400-jewel_match_-_solitaire_winterscapes_2_large_square_tile_image.webp\" \/>\n\t<meta property=\"og:image:width\" content=\"400\" \/>\n\t<meta property=\"og:image:height\" content=\"400\" \/>\n\t<meta property=\"og:image:type\" content=\"image\/webp\" \/>\n<meta name=\"twitter:card\" content=\"summary_large_image\" \/>\n<meta name=\"twitter:label1\" content=\"Dur\u00e9e de lecture estim\u00e9e\" \/>\n\t<meta name=\"twitter:data1\" content=\"2 minutes\" \/>\n<script type=\"application\/ld+json\" class=\"yoast-schema-graph\">{\"@context\":\"https:\/\/schema.org\",\"@graph\":[{\"@type\":\"WebPage\",\"@id\":\"https:\/\/www.iplay.com\/fr\/games\/jewel-match-solitaire-winterscapes-2-ce\/\",\"url\":\"https:\/\/www.iplay.com\/fr\/games\/jewel-match-solitaire-winterscapes-2-ce\/\",\"name\":\"Jewel Match Solitaire Winterscapes 2 CE - Profitez des flocons de neige et du solitaire\",\"isPartOf\":{\"@id\":\"https:\/\/www.iplay.com\/en\/#website\"},\"primaryImageOfPage\":{\"@id\":\"https:\/\/www.iplay.com\/fr\/games\/jewel-match-solitaire-winterscapes-2-ce\/#primaryimage\"},\"image\":{\"@id\":\"https:\/\/www.iplay.com\/fr\/games\/jewel-match-solitaire-winterscapes-2-ce\/#primaryimage\"},\"thumbnailUrl\":\"https:\/\/www.iplay.com\/wp-content\/uploads\/2023\/12\/400x400-jewel_match_-_solitaire_winterscapes_2_large_square_tile_image.webp\",\"datePublished\":\"2023-12-22T00:00:20+00:00\",\"dateModified\":\"2025-02-28T16:03:09+00:00\",\"description\":\"Profitez des flocons de neige et du solitaire !\",\"breadcrumb\":{\"@id\":\"https:\/\/www.iplay.com\/fr\/games\/jewel-match-solitaire-winterscapes-2-ce\/#breadcrumb\"},\"inLanguage\":\"fr-FR\",\"potentialAction\":[{\"@type\":\"ReadAction\",\"target\":[\"https:\/\/www.iplay.com\/fr\/games\/jewel-match-solitaire-winterscapes-2-ce\/\"]}]},{\"@type\":\"ImageObject\",\"inLanguage\":\"fr-FR\",\"@id\":\"https:\/\/www.iplay.com\/fr\/games\/jewel-match-solitaire-winterscapes-2-ce\/#primaryimage\",\"url\":\"https:\/\/www.iplay.com\/wp-content\/uploads\/2023\/12\/400x400-jewel_match_-_solitaire_winterscapes_2_large_square_tile_image.webp\",\"contentUrl\":\"https:\/\/www.iplay.com\/wp-content\/uploads\/2023\/12\/400x400-jewel_match_-_solitaire_winterscapes_2_large_square_tile_image.webp\",\"width\":400,\"height\":400},{\"@type\":\"BreadcrumbList\",\"@id\":\"https:\/\/www.iplay.com\/fr\/games\/jewel-match-solitaire-winterscapes-2-ce\/#breadcrumb\",\"itemListElement\":[{\"@type\":\"ListItem\",\"position\":1,\"name\":\"Home\",\"item\":\"https:\/\/www.iplay.com\/fr\/home-page-2\/\"},{\"@type\":\"ListItem\",\"position\":2,\"name\":\"Shop\",\"item\":\"https:\/\/www.iplay.com\/en\/shop\/\"},{\"@type\":\"ListItem\",\"position\":3,\"name\":\"Jewel Match Solitaire Winterscapes 2 CE\"}]},{\"@type\":\"WebSite\",\"@id\":\"https:\/\/www.iplay.com\/en\/#website\",\"url\":\"https:\/\/www.iplay.com\/en\/\",\"name\":\"IPlay\",\"description\":\"The Best Casual Games!\",\"publisher\":{\"@id\":\"https:\/\/www.iplay.com\/en\/#organization\"},\"potentialAction\":[{\"@type\":\"SearchAction\",\"target\":{\"@type\":\"EntryPoint\",\"urlTemplate\":\"https:\/\/www.iplay.com\/en\/?s={search_term_string}\"},\"query-input\":{\"@type\":\"PropertyValueSpecification\",\"valueRequired\":true,\"valueName\":\"search_term_string\"}}],\"inLanguage\":\"fr-FR\"},{\"@type\":\"Organization\",\"@id\":\"https:\/\/www.iplay.com\/en\/#organization\",\"name\":\"IPlay\",\"url\":\"https:\/\/www.iplay.com\/en\/\",\"logo\":{\"@type\":\"ImageObject\",\"inLanguage\":\"fr-FR\",\"@id\":\"https:\/\/www.iplay.com\/en\/#\/schema\/logo\/image\/\",\"url\":\"https:\/\/www.iplay.com\/wp-content\/uploads\/2023\/11\/Group-6100.svg\",\"contentUrl\":\"https:\/\/www.iplay.com\/wp-content\/uploads\/2023\/11\/Group-6100.svg\",\"width\":98,\"height\":25,\"caption\":\"IPlay\"},\"image\":{\"@id\":\"https:\/\/www.iplay.com\/en\/#\/schema\/logo\/image\/\"}}]}<\/script>\n<!-- \/ Yoast SEO Premium plugin. -->","yoast_head_json":{"title":"Jewel Match Solitaire Winterscapes 2 CE - Profitez des flocons de neige et du solitaire","description":"Profitez des flocons de neige et du solitaire !","robots":{"index":"index","follow":"follow","max-snippet":"max-snippet:-1","max-image-preview":"max-image-preview:large","max-video-preview":"max-video-preview:-1"},"canonical":"https:\/\/www.iplay.com\/fr\/games\/jewel-match-solitaire-winterscapes-2-ce\/","og_locale":"fr_FR","og_type":"article","og_title":"Jewel Match Solitaire Winterscapes 2 CE","og_description":"Profitez des flocons de neige et du solitaire !","og_url":"https:\/\/www.iplay.com\/fr\/games\/jewel-match-solitaire-winterscapes-2-ce\/","og_site_name":"IPlay","article_modified_time":"2025-02-28T16:03:09+00:00","og_image":[{"width":400,"height":400,"url":"https:\/\/www.iplay.com\/wp-content\/uploads\/2023\/12\/400x400-jewel_match_-_solitaire_winterscapes_2_large_square_tile_image.webp","type":"image\/webp"}],"twitter_card":"summary_large_image","twitter_misc":{"Dur\u00e9e de lecture estim\u00e9e":"2 minutes"},"schema":{"@context":"https:\/\/schema.org","@graph":[{"@type":"WebPage","@id":"https:\/\/www.iplay.com\/fr\/games\/jewel-match-solitaire-winterscapes-2-ce\/","url":"https:\/\/www.iplay.com\/fr\/games\/jewel-match-solitaire-winterscapes-2-ce\/","name":"Jewel Match Solitaire Winterscapes 2 CE - Profitez des flocons de neige et du solitaire","isPartOf":{"@id":"https:\/\/www.iplay.com\/en\/#website"},"primaryImageOfPage":{"@id":"https:\/\/www.iplay.com\/fr\/games\/jewel-match-solitaire-winterscapes-2-ce\/#primaryimage"},"image":{"@id":"https:\/\/www.iplay.com\/fr\/games\/jewel-match-solitaire-winterscapes-2-ce\/#primaryimage"},"thumbnailUrl":"https:\/\/www.iplay.com\/wp-content\/uploads\/2023\/12\/400x400-jewel_match_-_solitaire_winterscapes_2_large_square_tile_image.webp","datePublished":"2023-12-22T00:00:20+00:00","dateModified":"2025-02-28T16:03:09+00:00","description":"Profitez des flocons de neige et du solitaire !","breadcrumb":{"@id":"https:\/\/www.iplay.com\/fr\/games\/jewel-match-solitaire-winterscapes-2-ce\/#breadcrumb"},"inLanguage":"fr-FR","potentialAction":[{"@type":"ReadAction","target":["https:\/\/www.iplay.com\/fr\/games\/jewel-match-solitaire-winterscapes-2-ce\/"]}]},{"@type":"ImageObject","inLanguage":"fr-FR","@id":"https:\/\/www.iplay.com\/fr\/games\/jewel-match-solitaire-winterscapes-2-ce\/#primaryimage","url":"https:\/\/www.iplay.com\/wp-content\/uploads\/2023\/12\/400x400-jewel_match_-_solitaire_winterscapes_2_large_square_tile_image.webp","contentUrl":"https:\/\/www.iplay.com\/wp-content\/uploads\/2023\/12\/400x400-jewel_match_-_solitaire_winterscapes_2_large_square_tile_image.webp","width":400,"height":400},{"@type":"BreadcrumbList","@id":"https:\/\/www.iplay.com\/fr\/games\/jewel-match-solitaire-winterscapes-2-ce\/#breadcrumb","itemListElement":[{"@type":"ListItem","position":1,"name":"Home","item":"https:\/\/www.iplay.com\/fr\/home-page-2\/"},{"@type":"ListItem","position":2,"name":"Shop","item":"https:\/\/www.iplay.com\/en\/shop\/"},{"@type":"ListItem","position":3,"name":"Jewel Match Solitaire Winterscapes 2 CE"}]},{"@type":"WebSite","@id":"https:\/\/www.iplay.com\/en\/#website","url":"https:\/\/www.iplay.com\/en\/","name":"IPlay","description":"The Best Casual Games!","publisher":{"@id":"https:\/\/www.iplay.com\/en\/#organization"},"potentialAction":[{"@type":"SearchAction","target":{"@type":"EntryPoint","urlTemplate":"https:\/\/www.iplay.com\/en\/?s={search_term_string}"},"query-input":{"@type":"PropertyValueSpecification","valueRequired":true,"valueName":"search_term_string"}}],"inLanguage":"fr-FR"},{"@type":"Organization","@id":"https:\/\/www.iplay.com\/en\/#organization","name":"IPlay","url":"https:\/\/www.iplay.com\/en\/","logo":{"@type":"ImageObject","inLanguage":"fr-FR","@id":"https:\/\/www.iplay.com\/en\/#\/schema\/logo\/image\/","url":"https:\/\/www.iplay.com\/wp-content\/uploads\/2023\/11\/Group-6100.svg","contentUrl":"https:\/\/www.iplay.com\/wp-content\/uploads\/2023\/11\/Group-6100.svg","width":98,"height":25,"caption":"IPlay"},"image":{"@id":"https:\/\/www.iplay.com\/en\/#\/schema\/logo\/image\/"}}]}},"_links":{"self":[{"href":"https:\/\/www.iplay.com\/fr\/wp-json\/wp\/v2\/product\/39622","targetHints":{"allow":["GET"]}}],"collection":[{"href":"https:\/\/www.iplay.com\/fr\/wp-json\/wp\/v2\/product"}],"about":[{"href":"https:\/\/www.iplay.com\/fr\/wp-json\/wp\/v2\/types\/product"}],"author":[{"embeddable":true,"href":"https:\/\/www.iplay.com\/fr\/wp-json\/wp\/v2\/users\/20"}],"replies":[{"embeddable":true,"href":"https:\/\/www.iplay.com\/fr\/wp-json\/wp\/v2\/comments?post=39622"}],"wp:featuredmedia":[{"embeddable":true,"href":"https:\/\/www.iplay.com\/fr\/wp-json\/wp\/v2\/media\/39623"}],"wp:attachment":[{"href":"https:\/\/www.iplay.com\/fr\/wp-json\/wp\/v2\/media?parent=39622"}],"wp:term":[{"taxonomy":"product_brand","embeddable":true,"href":"https:\/\/www.iplay.com\/fr\/wp-json\/wp\/v2\/product_brand?post=39622"},{"taxonomy":"product_cat","embeddable":true,"href":"https:\/\/www.iplay.com\/fr\/wp-json\/wp\/v2\/product_cat?post=39622"},{"taxonomy":"product_tag","embeddable":true,"href":"https:\/\/www.iplay.com\/fr\/wp-json\/wp\/v2\/product_tag?post=39622"}],"curies":[{"name":"wp","href":"https:\/\/api.w.org\/{rel}","templated":true}]}}