{"id":39528,"date":"2011-03-28T00:00:00","date_gmt":"2011-03-28T00:00:00","guid":{"rendered":"https:\/\/www.iplay.com\/games\/haunted-halls-green-hills-sanitarium\/"},"modified":"2011-03-28T00:00:00","modified_gmt":"2011-03-28T00:00:00","slug":"haunted-halls-green-hills-sanitarium","status":"publish","type":"product","link":"https:\/\/www.iplay.com\/fr\/games\/haunted-halls-green-hills-sanitarium\/","title":{"rendered":"Haunted Halls:  Green Hills Sanitarium"},"content":{"rendered":"<p>D\u00e9couvrez un \u00e9tablissement psychiatrique d\u00e9labr\u00e9 et traquez votre amant absent dans Haunted Halls &#8211; Green Hills Sanitarium ! Tim, votre amant, part enqu\u00eater sur les all\u00e9gations d\u2019actes r\u00e9pr\u00e9hensibles \u00e0 l\u2019asile apr\u00e8s les avoir apprises. Tim arr\u00eate soudainement de vous \u00e9crire des lettres alors qu\u2019il s\u2019enfonce de plus en plus dans le myst\u00e8re. Obtenez-le dans cet incroyable jeu d\u2019aventure de puzzle d\u2019objets cach\u00e9s en explorant les salles hant\u00e9es !<\/p>\n","protected":false},"excerpt":{"rendered":"<p>D\u00e9couvrez un \u00e9tablissement psychiatrique d\u00e9labr\u00e9 et traquez votre amant absent dans Haunted Halls &#8211; Green Hills Sanitarium !<\/p>\n","protected":false},"author":17,"featured_media":39531,"comment_status":"open","ping_status":"closed","template":"","meta":{"_acf_changed":false,"inline_featured_image":false},"product_brand":[],"product_cat":[148],"product_tag":[287],"class_list":{"0":"post-39528","1":"product","2":"type-product","3":"status-publish","4":"has-post-thumbnail","6":"product_cat-adventure-fr","7":"product_tag-play-on-pc-fr","9":"first","10":"instock","11":"shipping-taxable","12":"purchasable","13":"product-type-simple"},"acf":[],"yoast_head":"<!-- This site is optimized with the Yoast SEO Premium plugin v25.2 (Yoast SEO v25.2) - https:\/\/yoast.com\/wordpress\/plugins\/seo\/ -->\n<title>Haunted Halls\u00a0: Green Hills Sanitarium - Lancez-vous dans une qu\u00eate pour retrouver votre petit ami disparu<\/title>\n<meta name=\"description\" content=\"D\u00e9couvrez un \u00e9tablissement psychiatrique d\u00e9labr\u00e9 et traquez votre amant absent dans Haunted Halls - Green Hills Sanitarium !\" \/>\n<meta name=\"robots\" content=\"index, follow, max-snippet:-1, max-image-preview:large, max-video-preview:-1\" \/>\n<link rel=\"canonical\" href=\"https:\/\/www.iplay.com\/fr\/games\/haunted-halls-green-hills-sanitarium\/\" \/>\n<meta property=\"og:locale\" content=\"fr_FR\" \/>\n<meta property=\"og:type\" content=\"article\" \/>\n<meta property=\"og:title\" content=\"Haunted Halls: Green Hills Sanitarium\" \/>\n<meta property=\"og:description\" content=\"D\u00e9couvrez un \u00e9tablissement psychiatrique d\u00e9labr\u00e9 et traquez votre amant absent dans Haunted Halls - Green Hills Sanitarium !\" \/>\n<meta property=\"og:url\" content=\"https:\/\/www.iplay.com\/fr\/games\/haunted-halls-green-hills-sanitarium\/\" \/>\n<meta property=\"og:site_name\" content=\"IPlay\" \/>\n<meta property=\"og:image\" content=\"https:\/\/www.iplay.com\/wp-content\/uploads\/2023\/12\/large_square_tile_image-470.jpg\" \/>\n\t<meta property=\"og:image:width\" content=\"310\" \/>\n\t<meta property=\"og:image:height\" content=\"310\" \/>\n\t<meta property=\"og:image:type\" content=\"image\/jpeg\" \/>\n<meta name=\"twitter:card\" content=\"summary_large_image\" \/>\n<script type=\"application\/ld+json\" class=\"yoast-schema-graph\">{\"@context\":\"https:\/\/schema.org\",\"@graph\":[{\"@type\":\"WebPage\",\"@id\":\"https:\/\/www.iplay.com\/fr\/games\/haunted-halls-green-hills-sanitarium\/\",\"url\":\"https:\/\/www.iplay.com\/fr\/games\/haunted-halls-green-hills-sanitarium\/\",\"name\":\"Haunted Halls\u00a0: Green Hills Sanitarium - Lancez-vous dans une qu\u00eate pour retrouver votre petit ami disparu\",\"isPartOf\":{\"@id\":\"https:\/\/www.iplay.com\/en\/#website\"},\"primaryImageOfPage\":{\"@id\":\"https:\/\/www.iplay.com\/fr\/games\/haunted-halls-green-hills-sanitarium\/#primaryimage\"},\"image\":{\"@id\":\"https:\/\/www.iplay.com\/fr\/games\/haunted-halls-green-hills-sanitarium\/#primaryimage\"},\"thumbnailUrl\":\"https:\/\/www.iplay.com\/wp-content\/uploads\/2023\/12\/large_square_tile_image-470.jpg\",\"datePublished\":\"2011-03-28T00:00:00+00:00\",\"description\":\"D\u00e9couvrez un \u00e9tablissement psychiatrique d\u00e9labr\u00e9 et traquez votre amant absent dans Haunted Halls - Green Hills Sanitarium !\",\"breadcrumb\":{\"@id\":\"https:\/\/www.iplay.com\/fr\/games\/haunted-halls-green-hills-sanitarium\/#breadcrumb\"},\"inLanguage\":\"fr-FR\",\"potentialAction\":[{\"@type\":\"ReadAction\",\"target\":[\"https:\/\/www.iplay.com\/fr\/games\/haunted-halls-green-hills-sanitarium\/\"]}]},{\"@type\":\"ImageObject\",\"inLanguage\":\"fr-FR\",\"@id\":\"https:\/\/www.iplay.com\/fr\/games\/haunted-halls-green-hills-sanitarium\/#primaryimage\",\"url\":\"https:\/\/www.iplay.com\/wp-content\/uploads\/2023\/12\/large_square_tile_image-470.jpg\",\"contentUrl\":\"https:\/\/www.iplay.com\/wp-content\/uploads\/2023\/12\/large_square_tile_image-470.jpg\",\"width\":310,\"height\":310},{\"@type\":\"BreadcrumbList\",\"@id\":\"https:\/\/www.iplay.com\/fr\/games\/haunted-halls-green-hills-sanitarium\/#breadcrumb\",\"itemListElement\":[{\"@type\":\"ListItem\",\"position\":1,\"name\":\"Home\",\"item\":\"https:\/\/www.iplay.com\/fr\/home-page-2\/\"},{\"@type\":\"ListItem\",\"position\":2,\"name\":\"Shop\",\"item\":\"https:\/\/www.iplay.com\/en\/shop\/\"},{\"@type\":\"ListItem\",\"position\":3,\"name\":\"Haunted Halls: Green Hills Sanitarium\"}]},{\"@type\":\"WebSite\",\"@id\":\"https:\/\/www.iplay.com\/en\/#website\",\"url\":\"https:\/\/www.iplay.com\/en\/\",\"name\":\"IPlay\",\"description\":\"The Best Casual Games!\",\"publisher\":{\"@id\":\"https:\/\/www.iplay.com\/en\/#organization\"},\"potentialAction\":[{\"@type\":\"SearchAction\",\"target\":{\"@type\":\"EntryPoint\",\"urlTemplate\":\"https:\/\/www.iplay.com\/en\/?s={search_term_string}\"},\"query-input\":{\"@type\":\"PropertyValueSpecification\",\"valueRequired\":true,\"valueName\":\"search_term_string\"}}],\"inLanguage\":\"fr-FR\"},{\"@type\":\"Organization\",\"@id\":\"https:\/\/www.iplay.com\/en\/#organization\",\"name\":\"IPlay\",\"url\":\"https:\/\/www.iplay.com\/en\/\",\"logo\":{\"@type\":\"ImageObject\",\"inLanguage\":\"fr-FR\",\"@id\":\"https:\/\/www.iplay.com\/en\/#\/schema\/logo\/image\/\",\"url\":\"https:\/\/www.iplay.com\/wp-content\/uploads\/2023\/11\/Group-6100.svg\",\"contentUrl\":\"https:\/\/www.iplay.com\/wp-content\/uploads\/2023\/11\/Group-6100.svg\",\"width\":98,\"height\":25,\"caption\":\"IPlay\"},\"image\":{\"@id\":\"https:\/\/www.iplay.com\/en\/#\/schema\/logo\/image\/\"}}]}<\/script>\n<!-- \/ Yoast SEO Premium plugin. -->","yoast_head_json":{"title":"Haunted Halls\u00a0: Green Hills Sanitarium - Lancez-vous dans une qu\u00eate pour retrouver votre petit ami disparu","description":"D\u00e9couvrez un \u00e9tablissement psychiatrique d\u00e9labr\u00e9 et traquez votre amant absent dans Haunted Halls - Green Hills Sanitarium !","robots":{"index":"index","follow":"follow","max-snippet":"max-snippet:-1","max-image-preview":"max-image-preview:large","max-video-preview":"max-video-preview:-1"},"canonical":"https:\/\/www.iplay.com\/fr\/games\/haunted-halls-green-hills-sanitarium\/","og_locale":"fr_FR","og_type":"article","og_title":"Haunted Halls: Green Hills Sanitarium","og_description":"D\u00e9couvrez un \u00e9tablissement psychiatrique d\u00e9labr\u00e9 et traquez votre amant absent dans Haunted Halls - Green Hills Sanitarium !","og_url":"https:\/\/www.iplay.com\/fr\/games\/haunted-halls-green-hills-sanitarium\/","og_site_name":"IPlay","og_image":[{"width":310,"height":310,"url":"https:\/\/www.iplay.com\/wp-content\/uploads\/2023\/12\/large_square_tile_image-470.jpg","type":"image\/jpeg"}],"twitter_card":"summary_large_image","schema":{"@context":"https:\/\/schema.org","@graph":[{"@type":"WebPage","@id":"https:\/\/www.iplay.com\/fr\/games\/haunted-halls-green-hills-sanitarium\/","url":"https:\/\/www.iplay.com\/fr\/games\/haunted-halls-green-hills-sanitarium\/","name":"Haunted Halls\u00a0: Green Hills Sanitarium - Lancez-vous dans une qu\u00eate pour retrouver votre petit ami disparu","isPartOf":{"@id":"https:\/\/www.iplay.com\/en\/#website"},"primaryImageOfPage":{"@id":"https:\/\/www.iplay.com\/fr\/games\/haunted-halls-green-hills-sanitarium\/#primaryimage"},"image":{"@id":"https:\/\/www.iplay.com\/fr\/games\/haunted-halls-green-hills-sanitarium\/#primaryimage"},"thumbnailUrl":"https:\/\/www.iplay.com\/wp-content\/uploads\/2023\/12\/large_square_tile_image-470.jpg","datePublished":"2011-03-28T00:00:00+00:00","description":"D\u00e9couvrez un \u00e9tablissement psychiatrique d\u00e9labr\u00e9 et traquez votre amant absent dans Haunted Halls - Green Hills Sanitarium !","breadcrumb":{"@id":"https:\/\/www.iplay.com\/fr\/games\/haunted-halls-green-hills-sanitarium\/#breadcrumb"},"inLanguage":"fr-FR","potentialAction":[{"@type":"ReadAction","target":["https:\/\/www.iplay.com\/fr\/games\/haunted-halls-green-hills-sanitarium\/"]}]},{"@type":"ImageObject","inLanguage":"fr-FR","@id":"https:\/\/www.iplay.com\/fr\/games\/haunted-halls-green-hills-sanitarium\/#primaryimage","url":"https:\/\/www.iplay.com\/wp-content\/uploads\/2023\/12\/large_square_tile_image-470.jpg","contentUrl":"https:\/\/www.iplay.com\/wp-content\/uploads\/2023\/12\/large_square_tile_image-470.jpg","width":310,"height":310},{"@type":"BreadcrumbList","@id":"https:\/\/www.iplay.com\/fr\/games\/haunted-halls-green-hills-sanitarium\/#breadcrumb","itemListElement":[{"@type":"ListItem","position":1,"name":"Home","item":"https:\/\/www.iplay.com\/fr\/home-page-2\/"},{"@type":"ListItem","position":2,"name":"Shop","item":"https:\/\/www.iplay.com\/en\/shop\/"},{"@type":"ListItem","position":3,"name":"Haunted Halls: Green Hills Sanitarium"}]},{"@type":"WebSite","@id":"https:\/\/www.iplay.com\/en\/#website","url":"https:\/\/www.iplay.com\/en\/","name":"IPlay","description":"The Best Casual Games!","publisher":{"@id":"https:\/\/www.iplay.com\/en\/#organization"},"potentialAction":[{"@type":"SearchAction","target":{"@type":"EntryPoint","urlTemplate":"https:\/\/www.iplay.com\/en\/?s={search_term_string}"},"query-input":{"@type":"PropertyValueSpecification","valueRequired":true,"valueName":"search_term_string"}}],"inLanguage":"fr-FR"},{"@type":"Organization","@id":"https:\/\/www.iplay.com\/en\/#organization","name":"IPlay","url":"https:\/\/www.iplay.com\/en\/","logo":{"@type":"ImageObject","inLanguage":"fr-FR","@id":"https:\/\/www.iplay.com\/en\/#\/schema\/logo\/image\/","url":"https:\/\/www.iplay.com\/wp-content\/uploads\/2023\/11\/Group-6100.svg","contentUrl":"https:\/\/www.iplay.com\/wp-content\/uploads\/2023\/11\/Group-6100.svg","width":98,"height":25,"caption":"IPlay"},"image":{"@id":"https:\/\/www.iplay.com\/en\/#\/schema\/logo\/image\/"}}]}},"_links":{"self":[{"href":"https:\/\/www.iplay.com\/fr\/wp-json\/wp\/v2\/product\/39528","targetHints":{"allow":["GET"]}}],"collection":[{"href":"https:\/\/www.iplay.com\/fr\/wp-json\/wp\/v2\/product"}],"about":[{"href":"https:\/\/www.iplay.com\/fr\/wp-json\/wp\/v2\/types\/product"}],"author":[{"embeddable":true,"href":"https:\/\/www.iplay.com\/fr\/wp-json\/wp\/v2\/users\/17"}],"replies":[{"embeddable":true,"href":"https:\/\/www.iplay.com\/fr\/wp-json\/wp\/v2\/comments?post=39528"}],"wp:featuredmedia":[{"embeddable":true,"href":"https:\/\/www.iplay.com\/fr\/wp-json\/wp\/v2\/media\/39531"}],"wp:attachment":[{"href":"https:\/\/www.iplay.com\/fr\/wp-json\/wp\/v2\/media?parent=39528"}],"wp:term":[{"taxonomy":"product_brand","embeddable":true,"href":"https:\/\/www.iplay.com\/fr\/wp-json\/wp\/v2\/product_brand?post=39528"},{"taxonomy":"product_cat","embeddable":true,"href":"https:\/\/www.iplay.com\/fr\/wp-json\/wp\/v2\/product_cat?post=39528"},{"taxonomy":"product_tag","embeddable":true,"href":"https:\/\/www.iplay.com\/fr\/wp-json\/wp\/v2\/product_tag?post=39528"}],"curies":[{"name":"wp","href":"https:\/\/api.w.org\/{rel}","templated":true}]}}