{"id":39498,"date":"2007-10-11T00:00:00","date_gmt":"2007-10-11T00:00:00","guid":{"rendered":"https:\/\/www.iplay.com\/games\/agatha-christie-and-then-there-were-none\/"},"modified":"2007-10-11T00:00:00","modified_gmt":"2007-10-11T00:00:00","slug":"agatha-christie-and-then-there-were-none","status":"publish","type":"product","link":"https:\/\/www.iplay.com\/fr\/games\/agatha-christie-and-then-there-were-none\/","title":{"rendered":"Agatha Christie: And Then There Were None"},"content":{"rendered":"<p>And Then There Were None, le classique mondialement connu d\u2019Agatha Christie, est port\u00e9 sur PC avec toute son intrigue originale et d\u00e9routante ! Le 10 ao\u00fbt, dix personnes qui ne se sont jamais rencontr\u00e9es sont invit\u00e9es dans une luxueuse maison sur une \u00eele. Leur h\u00f4te myst\u00e8re accuse chacun de ses invit\u00e9s de meurtre et proc\u00e8de \u00e0 la justice par le biais d\u2019une cassette. Le suspense monte alors que le groupe est d\u00e9cim\u00e9 un \u00e0 un par le brillant complot du tueur invisible. Qui sera la prochaine victime ? Vous incarnez le d\u00e9tective amateur, M. Patrick Narracott, qui a transport\u00e9 les invit\u00e9s sur l\u2019\u00eele. Pr\u00e9parez-vous \u00e0 \u00eatre captiv\u00e9 par le jeu vid\u00e9o bas\u00e9 sur le myst\u00e8re de meurtre le plus vendu de tous les temps !<\/p>\n","protected":false},"excerpt":{"rendered":"<p>Un myst\u00e8re de meurtre terrifiant est sur le point de se d\u00e9voiler !<\/p>\n","protected":false},"author":11,"featured_media":39503,"comment_status":"open","ping_status":"closed","template":"","meta":{"_acf_changed":false,"inline_featured_image":false},"product_brand":[],"product_cat":[148],"product_tag":[287],"class_list":{"0":"post-39498","1":"product","2":"type-product","3":"status-publish","4":"has-post-thumbnail","6":"product_cat-adventure-fr","7":"product_tag-play-on-pc-fr","9":"first","10":"instock","11":"shipping-taxable","12":"purchasable","13":"product-type-simple"},"acf":[],"yoast_head":"<!-- This site is optimized with the Yoast SEO Premium plugin v25.2 (Yoast SEO v25.2) - https:\/\/yoast.com\/wordpress\/plugins\/seo\/ -->\n<title>Agatha Christie : Et puis il n\u2019y en avait pas - Pr\u00e9parez-vous \u00e0 un myst\u00e8re gla\u00e7ant d\u2019Agatha Christie<\/title>\n<meta name=\"description\" content=\"Un myst\u00e8re de meurtre terrifiant est sur le point de se d\u00e9voiler !\" \/>\n<meta name=\"robots\" content=\"index, follow, max-snippet:-1, max-image-preview:large, max-video-preview:-1\" \/>\n<link rel=\"canonical\" href=\"https:\/\/www.iplay.com\/fr\/games\/agatha-christie-and-then-there-were-none\/\" \/>\n<meta property=\"og:locale\" content=\"fr_FR\" \/>\n<meta property=\"og:type\" content=\"article\" \/>\n<meta property=\"og:title\" content=\"Agatha Christie: And Then There Were None\" \/>\n<meta property=\"og:description\" content=\"Un myst\u00e8re de meurtre terrifiant est sur le point de se d\u00e9voiler !\" \/>\n<meta property=\"og:url\" content=\"https:\/\/www.iplay.com\/fr\/games\/agatha-christie-and-then-there-were-none\/\" \/>\n<meta property=\"og:site_name\" content=\"IPlay\" \/>\n<meta property=\"og:image\" content=\"https:\/\/www.iplay.com\/wp-content\/uploads\/2023\/12\/large_square_tile_image-613.jpg\" \/>\n\t<meta property=\"og:image:width\" content=\"310\" \/>\n\t<meta property=\"og:image:height\" content=\"310\" \/>\n\t<meta property=\"og:image:type\" content=\"image\/jpeg\" \/>\n<meta name=\"twitter:card\" content=\"summary_large_image\" \/>\n<meta name=\"twitter:label1\" content=\"Dur\u00e9e de lecture estim\u00e9e\" \/>\n\t<meta name=\"twitter:data1\" content=\"1 minute\" \/>\n<script type=\"application\/ld+json\" class=\"yoast-schema-graph\">{\"@context\":\"https:\/\/schema.org\",\"@graph\":[{\"@type\":\"WebPage\",\"@id\":\"https:\/\/www.iplay.com\/fr\/games\/agatha-christie-and-then-there-were-none\/\",\"url\":\"https:\/\/www.iplay.com\/fr\/games\/agatha-christie-and-then-there-were-none\/\",\"name\":\"Agatha Christie : Et puis il n\u2019y en avait pas - Pr\u00e9parez-vous \u00e0 un myst\u00e8re gla\u00e7ant d\u2019Agatha Christie\",\"isPartOf\":{\"@id\":\"https:\/\/www.iplay.com\/en\/#website\"},\"primaryImageOfPage\":{\"@id\":\"https:\/\/www.iplay.com\/fr\/games\/agatha-christie-and-then-there-were-none\/#primaryimage\"},\"image\":{\"@id\":\"https:\/\/www.iplay.com\/fr\/games\/agatha-christie-and-then-there-were-none\/#primaryimage\"},\"thumbnailUrl\":\"https:\/\/www.iplay.com\/wp-content\/uploads\/2023\/12\/large_square_tile_image-613.jpg\",\"datePublished\":\"2007-10-11T00:00:00+00:00\",\"description\":\"Un myst\u00e8re de meurtre terrifiant est sur le point de se d\u00e9voiler !\",\"breadcrumb\":{\"@id\":\"https:\/\/www.iplay.com\/fr\/games\/agatha-christie-and-then-there-were-none\/#breadcrumb\"},\"inLanguage\":\"fr-FR\",\"potentialAction\":[{\"@type\":\"ReadAction\",\"target\":[\"https:\/\/www.iplay.com\/fr\/games\/agatha-christie-and-then-there-were-none\/\"]}]},{\"@type\":\"ImageObject\",\"inLanguage\":\"fr-FR\",\"@id\":\"https:\/\/www.iplay.com\/fr\/games\/agatha-christie-and-then-there-were-none\/#primaryimage\",\"url\":\"https:\/\/www.iplay.com\/wp-content\/uploads\/2023\/12\/large_square_tile_image-613.jpg\",\"contentUrl\":\"https:\/\/www.iplay.com\/wp-content\/uploads\/2023\/12\/large_square_tile_image-613.jpg\",\"width\":310,\"height\":310},{\"@type\":\"BreadcrumbList\",\"@id\":\"https:\/\/www.iplay.com\/fr\/games\/agatha-christie-and-then-there-were-none\/#breadcrumb\",\"itemListElement\":[{\"@type\":\"ListItem\",\"position\":1,\"name\":\"Home\",\"item\":\"https:\/\/www.iplay.com\/fr\/home-page-2\/\"},{\"@type\":\"ListItem\",\"position\":2,\"name\":\"Shop\",\"item\":\"https:\/\/www.iplay.com\/en\/shop\/\"},{\"@type\":\"ListItem\",\"position\":3,\"name\":\"Agatha Christie: And Then There Were None\"}]},{\"@type\":\"WebSite\",\"@id\":\"https:\/\/www.iplay.com\/en\/#website\",\"url\":\"https:\/\/www.iplay.com\/en\/\",\"name\":\"IPlay\",\"description\":\"The Best Casual Games!\",\"publisher\":{\"@id\":\"https:\/\/www.iplay.com\/en\/#organization\"},\"potentialAction\":[{\"@type\":\"SearchAction\",\"target\":{\"@type\":\"EntryPoint\",\"urlTemplate\":\"https:\/\/www.iplay.com\/en\/?s={search_term_string}\"},\"query-input\":{\"@type\":\"PropertyValueSpecification\",\"valueRequired\":true,\"valueName\":\"search_term_string\"}}],\"inLanguage\":\"fr-FR\"},{\"@type\":\"Organization\",\"@id\":\"https:\/\/www.iplay.com\/en\/#organization\",\"name\":\"IPlay\",\"url\":\"https:\/\/www.iplay.com\/en\/\",\"logo\":{\"@type\":\"ImageObject\",\"inLanguage\":\"fr-FR\",\"@id\":\"https:\/\/www.iplay.com\/en\/#\/schema\/logo\/image\/\",\"url\":\"https:\/\/www.iplay.com\/wp-content\/uploads\/2023\/11\/Group-6100.svg\",\"contentUrl\":\"https:\/\/www.iplay.com\/wp-content\/uploads\/2023\/11\/Group-6100.svg\",\"width\":98,\"height\":25,\"caption\":\"IPlay\"},\"image\":{\"@id\":\"https:\/\/www.iplay.com\/en\/#\/schema\/logo\/image\/\"}}]}<\/script>\n<!-- \/ Yoast SEO Premium plugin. -->","yoast_head_json":{"title":"Agatha Christie : Et puis il n\u2019y en avait pas - Pr\u00e9parez-vous \u00e0 un myst\u00e8re gla\u00e7ant d\u2019Agatha Christie","description":"Un myst\u00e8re de meurtre terrifiant est sur le point de se d\u00e9voiler !","robots":{"index":"index","follow":"follow","max-snippet":"max-snippet:-1","max-image-preview":"max-image-preview:large","max-video-preview":"max-video-preview:-1"},"canonical":"https:\/\/www.iplay.com\/fr\/games\/agatha-christie-and-then-there-were-none\/","og_locale":"fr_FR","og_type":"article","og_title":"Agatha Christie: And Then There Were None","og_description":"Un myst\u00e8re de meurtre terrifiant est sur le point de se d\u00e9voiler !","og_url":"https:\/\/www.iplay.com\/fr\/games\/agatha-christie-and-then-there-were-none\/","og_site_name":"IPlay","og_image":[{"width":310,"height":310,"url":"https:\/\/www.iplay.com\/wp-content\/uploads\/2023\/12\/large_square_tile_image-613.jpg","type":"image\/jpeg"}],"twitter_card":"summary_large_image","twitter_misc":{"Dur\u00e9e de lecture estim\u00e9e":"1 minute"},"schema":{"@context":"https:\/\/schema.org","@graph":[{"@type":"WebPage","@id":"https:\/\/www.iplay.com\/fr\/games\/agatha-christie-and-then-there-were-none\/","url":"https:\/\/www.iplay.com\/fr\/games\/agatha-christie-and-then-there-were-none\/","name":"Agatha Christie : Et puis il n\u2019y en avait pas - Pr\u00e9parez-vous \u00e0 un myst\u00e8re gla\u00e7ant d\u2019Agatha Christie","isPartOf":{"@id":"https:\/\/www.iplay.com\/en\/#website"},"primaryImageOfPage":{"@id":"https:\/\/www.iplay.com\/fr\/games\/agatha-christie-and-then-there-were-none\/#primaryimage"},"image":{"@id":"https:\/\/www.iplay.com\/fr\/games\/agatha-christie-and-then-there-were-none\/#primaryimage"},"thumbnailUrl":"https:\/\/www.iplay.com\/wp-content\/uploads\/2023\/12\/large_square_tile_image-613.jpg","datePublished":"2007-10-11T00:00:00+00:00","description":"Un myst\u00e8re de meurtre terrifiant est sur le point de se d\u00e9voiler !","breadcrumb":{"@id":"https:\/\/www.iplay.com\/fr\/games\/agatha-christie-and-then-there-were-none\/#breadcrumb"},"inLanguage":"fr-FR","potentialAction":[{"@type":"ReadAction","target":["https:\/\/www.iplay.com\/fr\/games\/agatha-christie-and-then-there-were-none\/"]}]},{"@type":"ImageObject","inLanguage":"fr-FR","@id":"https:\/\/www.iplay.com\/fr\/games\/agatha-christie-and-then-there-were-none\/#primaryimage","url":"https:\/\/www.iplay.com\/wp-content\/uploads\/2023\/12\/large_square_tile_image-613.jpg","contentUrl":"https:\/\/www.iplay.com\/wp-content\/uploads\/2023\/12\/large_square_tile_image-613.jpg","width":310,"height":310},{"@type":"BreadcrumbList","@id":"https:\/\/www.iplay.com\/fr\/games\/agatha-christie-and-then-there-were-none\/#breadcrumb","itemListElement":[{"@type":"ListItem","position":1,"name":"Home","item":"https:\/\/www.iplay.com\/fr\/home-page-2\/"},{"@type":"ListItem","position":2,"name":"Shop","item":"https:\/\/www.iplay.com\/en\/shop\/"},{"@type":"ListItem","position":3,"name":"Agatha Christie: And Then There Were None"}]},{"@type":"WebSite","@id":"https:\/\/www.iplay.com\/en\/#website","url":"https:\/\/www.iplay.com\/en\/","name":"IPlay","description":"The Best Casual Games!","publisher":{"@id":"https:\/\/www.iplay.com\/en\/#organization"},"potentialAction":[{"@type":"SearchAction","target":{"@type":"EntryPoint","urlTemplate":"https:\/\/www.iplay.com\/en\/?s={search_term_string}"},"query-input":{"@type":"PropertyValueSpecification","valueRequired":true,"valueName":"search_term_string"}}],"inLanguage":"fr-FR"},{"@type":"Organization","@id":"https:\/\/www.iplay.com\/en\/#organization","name":"IPlay","url":"https:\/\/www.iplay.com\/en\/","logo":{"@type":"ImageObject","inLanguage":"fr-FR","@id":"https:\/\/www.iplay.com\/en\/#\/schema\/logo\/image\/","url":"https:\/\/www.iplay.com\/wp-content\/uploads\/2023\/11\/Group-6100.svg","contentUrl":"https:\/\/www.iplay.com\/wp-content\/uploads\/2023\/11\/Group-6100.svg","width":98,"height":25,"caption":"IPlay"},"image":{"@id":"https:\/\/www.iplay.com\/en\/#\/schema\/logo\/image\/"}}]}},"_links":{"self":[{"href":"https:\/\/www.iplay.com\/fr\/wp-json\/wp\/v2\/product\/39498","targetHints":{"allow":["GET"]}}],"collection":[{"href":"https:\/\/www.iplay.com\/fr\/wp-json\/wp\/v2\/product"}],"about":[{"href":"https:\/\/www.iplay.com\/fr\/wp-json\/wp\/v2\/types\/product"}],"author":[{"embeddable":true,"href":"https:\/\/www.iplay.com\/fr\/wp-json\/wp\/v2\/users\/11"}],"replies":[{"embeddable":true,"href":"https:\/\/www.iplay.com\/fr\/wp-json\/wp\/v2\/comments?post=39498"}],"wp:featuredmedia":[{"embeddable":true,"href":"https:\/\/www.iplay.com\/fr\/wp-json\/wp\/v2\/media\/39503"}],"wp:attachment":[{"href":"https:\/\/www.iplay.com\/fr\/wp-json\/wp\/v2\/media?parent=39498"}],"wp:term":[{"taxonomy":"product_brand","embeddable":true,"href":"https:\/\/www.iplay.com\/fr\/wp-json\/wp\/v2\/product_brand?post=39498"},{"taxonomy":"product_cat","embeddable":true,"href":"https:\/\/www.iplay.com\/fr\/wp-json\/wp\/v2\/product_cat?post=39498"},{"taxonomy":"product_tag","embeddable":true,"href":"https:\/\/www.iplay.com\/fr\/wp-json\/wp\/v2\/product_tag?post=39498"}],"curies":[{"name":"wp","href":"https:\/\/api.w.org\/{rel}","templated":true}]}}