{"id":39444,"date":"2010-01-20T00:00:00","date_gmt":"2010-01-20T00:00:00","guid":{"rendered":"https:\/\/www.iplay.com\/games\/vacation-mogul\/"},"modified":"2010-01-20T00:00:00","modified_gmt":"2010-01-20T00:00:00","slug":"vacation-mogul","status":"publish","type":"product","link":"https:\/\/www.iplay.com\/fr\/games\/vacation-mogul\/","title":{"rendered":"Vacation Mogul"},"content":{"rendered":"<p>Dans Vacation Mogul, un jeu de gestion immobili\u00e8re qui vous pousse \u00e0 gagner plus d\u2019argent que vous ne l\u2019auriez jamais imagin\u00e9, l\u2019industrie du tourisme n\u2019a jamais \u00e9t\u00e9 aussi facile ou agr\u00e9able. En quelques clics de souris, vous pouvez acheter et vendre des terrains, convertir des bungalows en h\u00f4tels chics et construire des magasins sp\u00e9cialis\u00e9s et d\u2019autres attractions, faisant de vous un membre des riches et des puissants. N\u2019oubliez pas de garder un \u0153il sur vos finances et l\u2019autre sur vos ressources !<\/p>\n","protected":false},"excerpt":{"rendered":"<p>Dans Vacation Mogul, un jeu de gestion immobili\u00e8re qui vous pousse \u00e0 gagner plus d\u2019argent que vous ne l\u2019auriez jamais imagin\u00e9, l\u2019industrie du tourisme n\u2019a jamais \u00e9t\u00e9 aussi facile ou agr\u00e9able.<\/p>\n","protected":false},"author":8,"featured_media":39445,"comment_status":"open","ping_status":"closed","template":"","meta":{"_acf_changed":false,"inline_featured_image":false},"product_brand":[],"product_cat":[216],"product_tag":[287],"class_list":{"0":"post-39444","1":"product","2":"type-product","3":"status-publish","4":"has-post-thumbnail","6":"product_cat-time-management-fr","7":"product_tag-play-on-pc-fr","9":"first","10":"instock","11":"shipping-taxable","12":"purchasable","13":"product-type-simple"},"acf":[],"yoast_head":"<!-- This site is optimized with the Yoast SEO Premium plugin v25.2 (Yoast SEO v25.2) - https:\/\/yoast.com\/wordpress\/plugins\/seo\/ -->\n<title>Vacation Mogul - \u00c9tablissez un empire immobilier gr\u00e2ce \u00e0 la planification strat\u00e9gique<\/title>\n<meta name=\"description\" content=\"Dans Vacation Mogul, un jeu de gestion immobili\u00e8re qui vous pousse \u00e0 gagner plus d\u2019argent que vous ne l\u2019auriez jamais imagin\u00e9, l\u2019industrie du tourisme n\u2019a jamais \u00e9t\u00e9 aussi facile ou agr\u00e9able.\" \/>\n<meta name=\"robots\" content=\"index, follow, max-snippet:-1, max-image-preview:large, max-video-preview:-1\" \/>\n<link rel=\"canonical\" href=\"https:\/\/www.iplay.com\/fr\/games\/vacation-mogul\/\" \/>\n<meta property=\"og:locale\" content=\"fr_FR\" \/>\n<meta property=\"og:type\" content=\"article\" \/>\n<meta property=\"og:title\" content=\"Vacation Mogul\" \/>\n<meta property=\"og:description\" content=\"Dans Vacation Mogul, un jeu de gestion immobili\u00e8re qui vous pousse \u00e0 gagner plus d\u2019argent que vous ne l\u2019auriez jamais imagin\u00e9, l\u2019industrie du tourisme n\u2019a jamais \u00e9t\u00e9 aussi facile ou agr\u00e9able.\" \/>\n<meta property=\"og:url\" content=\"https:\/\/www.iplay.com\/fr\/games\/vacation-mogul\/\" \/>\n<meta property=\"og:site_name\" content=\"IPlay\" \/>\n<meta property=\"og:image\" content=\"https:\/\/www.iplay.com\/wp-content\/uploads\/2023\/12\/large_square_tile_image-874.jpg\" \/>\n\t<meta property=\"og:image:width\" content=\"310\" \/>\n\t<meta property=\"og:image:height\" content=\"310\" \/>\n\t<meta property=\"og:image:type\" content=\"image\/jpeg\" \/>\n<meta name=\"twitter:card\" content=\"summary_large_image\" \/>\n<script type=\"application\/ld+json\" class=\"yoast-schema-graph\">{\"@context\":\"https:\/\/schema.org\",\"@graph\":[{\"@type\":\"WebPage\",\"@id\":\"https:\/\/www.iplay.com\/fr\/games\/vacation-mogul\/\",\"url\":\"https:\/\/www.iplay.com\/fr\/games\/vacation-mogul\/\",\"name\":\"Vacation Mogul - \u00c9tablissez un empire immobilier gr\u00e2ce \u00e0 la planification strat\u00e9gique\",\"isPartOf\":{\"@id\":\"https:\/\/www.iplay.com\/en\/#website\"},\"primaryImageOfPage\":{\"@id\":\"https:\/\/www.iplay.com\/fr\/games\/vacation-mogul\/#primaryimage\"},\"image\":{\"@id\":\"https:\/\/www.iplay.com\/fr\/games\/vacation-mogul\/#primaryimage\"},\"thumbnailUrl\":\"https:\/\/www.iplay.com\/wp-content\/uploads\/2023\/12\/large_square_tile_image-874.jpg\",\"datePublished\":\"2010-01-20T00:00:00+00:00\",\"description\":\"Dans Vacation Mogul, un jeu de gestion immobili\u00e8re qui vous pousse \u00e0 gagner plus d\u2019argent que vous ne l\u2019auriez jamais imagin\u00e9, l\u2019industrie du tourisme n\u2019a jamais \u00e9t\u00e9 aussi facile ou agr\u00e9able.\",\"breadcrumb\":{\"@id\":\"https:\/\/www.iplay.com\/fr\/games\/vacation-mogul\/#breadcrumb\"},\"inLanguage\":\"fr-FR\",\"potentialAction\":[{\"@type\":\"ReadAction\",\"target\":[\"https:\/\/www.iplay.com\/fr\/games\/vacation-mogul\/\"]}]},{\"@type\":\"ImageObject\",\"inLanguage\":\"fr-FR\",\"@id\":\"https:\/\/www.iplay.com\/fr\/games\/vacation-mogul\/#primaryimage\",\"url\":\"https:\/\/www.iplay.com\/wp-content\/uploads\/2023\/12\/large_square_tile_image-874.jpg\",\"contentUrl\":\"https:\/\/www.iplay.com\/wp-content\/uploads\/2023\/12\/large_square_tile_image-874.jpg\",\"width\":310,\"height\":310},{\"@type\":\"BreadcrumbList\",\"@id\":\"https:\/\/www.iplay.com\/fr\/games\/vacation-mogul\/#breadcrumb\",\"itemListElement\":[{\"@type\":\"ListItem\",\"position\":1,\"name\":\"Home\",\"item\":\"https:\/\/www.iplay.com\/fr\/home-page-2\/\"},{\"@type\":\"ListItem\",\"position\":2,\"name\":\"Shop\",\"item\":\"https:\/\/www.iplay.com\/en\/shop\/\"},{\"@type\":\"ListItem\",\"position\":3,\"name\":\"Vacation Mogul\"}]},{\"@type\":\"WebSite\",\"@id\":\"https:\/\/www.iplay.com\/en\/#website\",\"url\":\"https:\/\/www.iplay.com\/en\/\",\"name\":\"IPlay\",\"description\":\"The Best Casual Games!\",\"publisher\":{\"@id\":\"https:\/\/www.iplay.com\/en\/#organization\"},\"potentialAction\":[{\"@type\":\"SearchAction\",\"target\":{\"@type\":\"EntryPoint\",\"urlTemplate\":\"https:\/\/www.iplay.com\/en\/?s={search_term_string}\"},\"query-input\":{\"@type\":\"PropertyValueSpecification\",\"valueRequired\":true,\"valueName\":\"search_term_string\"}}],\"inLanguage\":\"fr-FR\"},{\"@type\":\"Organization\",\"@id\":\"https:\/\/www.iplay.com\/en\/#organization\",\"name\":\"IPlay\",\"url\":\"https:\/\/www.iplay.com\/en\/\",\"logo\":{\"@type\":\"ImageObject\",\"inLanguage\":\"fr-FR\",\"@id\":\"https:\/\/www.iplay.com\/en\/#\/schema\/logo\/image\/\",\"url\":\"https:\/\/www.iplay.com\/wp-content\/uploads\/2023\/11\/Group-6100.svg\",\"contentUrl\":\"https:\/\/www.iplay.com\/wp-content\/uploads\/2023\/11\/Group-6100.svg\",\"width\":98,\"height\":25,\"caption\":\"IPlay\"},\"image\":{\"@id\":\"https:\/\/www.iplay.com\/en\/#\/schema\/logo\/image\/\"}}]}<\/script>\n<!-- \/ Yoast SEO Premium plugin. -->","yoast_head_json":{"title":"Vacation Mogul - \u00c9tablissez un empire immobilier gr\u00e2ce \u00e0 la planification strat\u00e9gique","description":"Dans Vacation Mogul, un jeu de gestion immobili\u00e8re qui vous pousse \u00e0 gagner plus d\u2019argent que vous ne l\u2019auriez jamais imagin\u00e9, l\u2019industrie du tourisme n\u2019a jamais \u00e9t\u00e9 aussi facile ou agr\u00e9able.","robots":{"index":"index","follow":"follow","max-snippet":"max-snippet:-1","max-image-preview":"max-image-preview:large","max-video-preview":"max-video-preview:-1"},"canonical":"https:\/\/www.iplay.com\/fr\/games\/vacation-mogul\/","og_locale":"fr_FR","og_type":"article","og_title":"Vacation Mogul","og_description":"Dans Vacation Mogul, un jeu de gestion immobili\u00e8re qui vous pousse \u00e0 gagner plus d\u2019argent que vous ne l\u2019auriez jamais imagin\u00e9, l\u2019industrie du tourisme n\u2019a jamais \u00e9t\u00e9 aussi facile ou agr\u00e9able.","og_url":"https:\/\/www.iplay.com\/fr\/games\/vacation-mogul\/","og_site_name":"IPlay","og_image":[{"width":310,"height":310,"url":"https:\/\/www.iplay.com\/wp-content\/uploads\/2023\/12\/large_square_tile_image-874.jpg","type":"image\/jpeg"}],"twitter_card":"summary_large_image","schema":{"@context":"https:\/\/schema.org","@graph":[{"@type":"WebPage","@id":"https:\/\/www.iplay.com\/fr\/games\/vacation-mogul\/","url":"https:\/\/www.iplay.com\/fr\/games\/vacation-mogul\/","name":"Vacation Mogul - \u00c9tablissez un empire immobilier gr\u00e2ce \u00e0 la planification strat\u00e9gique","isPartOf":{"@id":"https:\/\/www.iplay.com\/en\/#website"},"primaryImageOfPage":{"@id":"https:\/\/www.iplay.com\/fr\/games\/vacation-mogul\/#primaryimage"},"image":{"@id":"https:\/\/www.iplay.com\/fr\/games\/vacation-mogul\/#primaryimage"},"thumbnailUrl":"https:\/\/www.iplay.com\/wp-content\/uploads\/2023\/12\/large_square_tile_image-874.jpg","datePublished":"2010-01-20T00:00:00+00:00","description":"Dans Vacation Mogul, un jeu de gestion immobili\u00e8re qui vous pousse \u00e0 gagner plus d\u2019argent que vous ne l\u2019auriez jamais imagin\u00e9, l\u2019industrie du tourisme n\u2019a jamais \u00e9t\u00e9 aussi facile ou agr\u00e9able.","breadcrumb":{"@id":"https:\/\/www.iplay.com\/fr\/games\/vacation-mogul\/#breadcrumb"},"inLanguage":"fr-FR","potentialAction":[{"@type":"ReadAction","target":["https:\/\/www.iplay.com\/fr\/games\/vacation-mogul\/"]}]},{"@type":"ImageObject","inLanguage":"fr-FR","@id":"https:\/\/www.iplay.com\/fr\/games\/vacation-mogul\/#primaryimage","url":"https:\/\/www.iplay.com\/wp-content\/uploads\/2023\/12\/large_square_tile_image-874.jpg","contentUrl":"https:\/\/www.iplay.com\/wp-content\/uploads\/2023\/12\/large_square_tile_image-874.jpg","width":310,"height":310},{"@type":"BreadcrumbList","@id":"https:\/\/www.iplay.com\/fr\/games\/vacation-mogul\/#breadcrumb","itemListElement":[{"@type":"ListItem","position":1,"name":"Home","item":"https:\/\/www.iplay.com\/fr\/home-page-2\/"},{"@type":"ListItem","position":2,"name":"Shop","item":"https:\/\/www.iplay.com\/en\/shop\/"},{"@type":"ListItem","position":3,"name":"Vacation Mogul"}]},{"@type":"WebSite","@id":"https:\/\/www.iplay.com\/en\/#website","url":"https:\/\/www.iplay.com\/en\/","name":"IPlay","description":"The Best Casual Games!","publisher":{"@id":"https:\/\/www.iplay.com\/en\/#organization"},"potentialAction":[{"@type":"SearchAction","target":{"@type":"EntryPoint","urlTemplate":"https:\/\/www.iplay.com\/en\/?s={search_term_string}"},"query-input":{"@type":"PropertyValueSpecification","valueRequired":true,"valueName":"search_term_string"}}],"inLanguage":"fr-FR"},{"@type":"Organization","@id":"https:\/\/www.iplay.com\/en\/#organization","name":"IPlay","url":"https:\/\/www.iplay.com\/en\/","logo":{"@type":"ImageObject","inLanguage":"fr-FR","@id":"https:\/\/www.iplay.com\/en\/#\/schema\/logo\/image\/","url":"https:\/\/www.iplay.com\/wp-content\/uploads\/2023\/11\/Group-6100.svg","contentUrl":"https:\/\/www.iplay.com\/wp-content\/uploads\/2023\/11\/Group-6100.svg","width":98,"height":25,"caption":"IPlay"},"image":{"@id":"https:\/\/www.iplay.com\/en\/#\/schema\/logo\/image\/"}}]}},"_links":{"self":[{"href":"https:\/\/www.iplay.com\/fr\/wp-json\/wp\/v2\/product\/39444","targetHints":{"allow":["GET"]}}],"collection":[{"href":"https:\/\/www.iplay.com\/fr\/wp-json\/wp\/v2\/product"}],"about":[{"href":"https:\/\/www.iplay.com\/fr\/wp-json\/wp\/v2\/types\/product"}],"author":[{"embeddable":true,"href":"https:\/\/www.iplay.com\/fr\/wp-json\/wp\/v2\/users\/8"}],"replies":[{"embeddable":true,"href":"https:\/\/www.iplay.com\/fr\/wp-json\/wp\/v2\/comments?post=39444"}],"wp:featuredmedia":[{"embeddable":true,"href":"https:\/\/www.iplay.com\/fr\/wp-json\/wp\/v2\/media\/39445"}],"wp:attachment":[{"href":"https:\/\/www.iplay.com\/fr\/wp-json\/wp\/v2\/media?parent=39444"}],"wp:term":[{"taxonomy":"product_brand","embeddable":true,"href":"https:\/\/www.iplay.com\/fr\/wp-json\/wp\/v2\/product_brand?post=39444"},{"taxonomy":"product_cat","embeddable":true,"href":"https:\/\/www.iplay.com\/fr\/wp-json\/wp\/v2\/product_cat?post=39444"},{"taxonomy":"product_tag","embeddable":true,"href":"https:\/\/www.iplay.com\/fr\/wp-json\/wp\/v2\/product_tag?post=39444"}],"curies":[{"name":"wp","href":"https:\/\/api.w.org\/{rel}","templated":true}]}}