{"id":39261,"date":"2025-01-01T09:30:52","date_gmt":"2025-01-01T09:30:52","guid":{"rendered":"https:\/\/www.iplay.com\/games\/best-hidden-object-games-of-2024\/"},"modified":"2025-02-27T09:45:25","modified_gmt":"2025-02-27T09:45:25","slug":"best-hidden-object-games-of-2024","status":"publish","type":"product","link":"https:\/\/www.iplay.com\/fr\/games\/best-hidden-object-games-of-2024\/","title":{"rendered":"Best Hidden Object Games of 2024"},"content":{"rendered":"<p><strong>D\u00e9voilement des meilleurs jeux d\u2019objets cach\u00e9s de 2024 : une collection incontournable !<\/strong><\/p>\n<p>Les aventures et les \u00e9nigmes d\u2019objets cach\u00e9s les plus captivantes de 2024 ont \u00e9t\u00e9 compil\u00e9es pour votre plus grand plaisir. Une chasse au tr\u00e9sor palpitante \u00e0 travers la Californie ensoleill\u00e9e, des \u00e9nigmes Clutter innovantes et un week-end de d\u00e9tente rempli de d\u00e9fis d\u2019objets cach\u00e9s attendent d\u2019\u00eatre d\u00e9couverts dans cette gamme exceptionnelle. <\/p>\n<p>&nbsp;<\/p>\n<p><strong>Jeux en vedette<\/strong><\/p>\n<ul>\n<li><em>Vacation Paradise&nbsp;: California &#8211; \u00c9dition Collector<\/em> &#8211; Une chasse au tr\u00e9sor anim\u00e9e est propos\u00e9e dans le cadre magnifique de la Californie. Des destinations embl\u00e9matiques telles que les \u00eeles Catalina, la Vall\u00e9e de la Mort et la Napa Valley sont explor\u00e9es. Les ours et les drapeaux cach\u00e9s peuvent \u00eatre collect\u00e9s pour d\u00e9bloquer des fonctionnalit\u00e9s bonus, des anecdotes amusantes et des d\u00e9fis de jeu suppl\u00e9mentaires.  <\/li>\n<li><em>Clutter Puzzle Magazine Vol. 15 &#8211; #1 <\/em>  &#8211; Une version passionnante de la s\u00e9rie Clutter est pr\u00e9sent\u00e9e avec ce volume, avec un m\u00e9lange d\u2019\u00e9nigmes rejouables \u00e0 l\u2019infini. Des activit\u00e9s attrayantes telles que Rep\u00e9rez les diff\u00e9rences, des citations, des puzzles et des curseurs divertissent les joueurs. La personnalisation du gameplay et la possibilit\u00e9 d\u2019enregistrer les d\u00e9fis pr\u00e9f\u00e9r\u00e9s offrent une rejouabilit\u00e9 illimit\u00e9e.  <\/li>\n<li><em>Amazing Weekend&nbsp;: Search and Relax &#8211; \u00c9dition Collector<\/em> &#8211; Ce titre invite les joueurs \u00e0 se d\u00e9tendre avec des \u00e9nigmes et des mini-jeux d\u2019objets cach\u00e9s captivants. De nouveaux niveaux sont d\u00e9bloqu\u00e9s au fur et \u00e0 mesure que des lieux passionnants tels que des retraites au bord d\u2019un lac et des sentiers pittoresques sont explor\u00e9s. Des activit\u00e9s telles que la navigation de plaisance, la randonn\u00e9e et l\u2019\u00e9quitation sont incluses, ce qui en fait une \u00e9vasion rajeunissante.  <\/li>\n<\/ul>\n<p>&nbsp;<\/p>\n<p><strong>Caract\u00e9ristiques cl\u00e9s<\/strong><\/p>\n<ul>\n<li>Gameplay immersif : Des sc\u00e8nes magnifiquement con\u00e7ues et des \u00e9nigmes stimulantes offrent des heures de divertissement.<\/li>\n<li>Valeur de rejouabilit\u00e9 : Des options de relecture infinies et des exp\u00e9riences personnalisables garantissent un engagement \u00e0 long terme.<\/li>\n<li>La d\u00e9tente \u00e0 son meilleur : Parfait pour une session de jeu d\u00e9contract\u00e9e ou une retraite d\u2019un week-end dans un monde de myst\u00e8res d\u2019objets cach\u00e9s.<\/li>\n<\/ul>\n<p>D\u00e9couvrez des tr\u00e9sors, r\u00e9solvez des \u00e9nigmes et plongez dans l\u2019exp\u00e9rience de jeu ultime avec les meilleures aventures d\u2019objets cach\u00e9s de 2024. Chaque instant est con\u00e7u pour la d\u00e9tente, l\u2019exploration et la d\u00e9couverte.<\/p>\n","protected":false},"excerpt":{"rendered":"<p>D\u00e9couvrez d\u00e8s aujourd\u2019hui les meilleures aventures et \u00e9nigmes d\u2019objets cach\u00e9s de 2024 avec <strong>les meilleurs jeux d\u2019objets cach\u00e9s de 2024<\/strong> !<\/p>\n","protected":false},"author":11,"featured_media":39262,"comment_status":"open","ping_status":"closed","template":"","meta":{"_acf_changed":false,"inline_featured_image":false},"product_brand":[],"product_cat":[165],"product_tag":[287],"class_list":{"0":"post-39261","1":"product","2":"type-product","3":"status-publish","4":"has-post-thumbnail","6":"product_cat-hidden-object-fr","7":"product_tag-play-on-pc-fr","9":"first","10":"instock","11":"shipping-taxable","12":"purchasable","13":"product-type-simple"},"acf":[],"yoast_head":"<!-- This site is optimized with the Yoast SEO Premium plugin v25.2 (Yoast SEO v25.2) - https:\/\/yoast.com\/wordpress\/plugins\/seo\/ -->\n<title>D\u00e9couvrez d\u00e8s aujourd\u2019hui les meilleures aventures et \u00e9nigmes d\u2019objets cach\u00e9s avec les meilleurs jeux d\u2019objets cach\u00e9s de 2024 !<\/title>\n<meta name=\"description\" content=\"D\u00e9couvrez d\u00e8s aujourd\u2019hui les meilleures aventures et \u00e9nigmes d\u2019objets cach\u00e9s de 2024 avec les meilleurs jeux d\u2019objets cach\u00e9s de 2024 !\" \/>\n<meta name=\"robots\" content=\"index, follow, max-snippet:-1, max-image-preview:large, max-video-preview:-1\" \/>\n<link rel=\"canonical\" href=\"https:\/\/www.iplay.com\/fr\/games\/best-hidden-object-games-of-2024\/\" \/>\n<meta property=\"og:locale\" content=\"fr_FR\" \/>\n<meta property=\"og:type\" content=\"article\" \/>\n<meta property=\"og:title\" content=\"Best Hidden Object Games of 2024\" \/>\n<meta property=\"og:description\" content=\"D\u00e9couvrez d\u00e8s aujourd\u2019hui les meilleures aventures et \u00e9nigmes d\u2019objets cach\u00e9s de 2024 avec les meilleurs jeux d\u2019objets cach\u00e9s de 2024 !\" \/>\n<meta property=\"og:url\" content=\"https:\/\/www.iplay.com\/fr\/games\/best-hidden-object-games-of-2024\/\" \/>\n<meta property=\"og:site_name\" content=\"IPlay\" \/>\n<meta property=\"article:modified_time\" content=\"2025-02-27T09:45:25+00:00\" \/>\n<meta property=\"og:image\" content=\"https:\/\/www.iplay.com\/wp-content\/uploads\/2025\/01\/best_hidden_object_games_of_2024_large_square_tile_image-1.webp\" \/>\n\t<meta property=\"og:image:width\" content=\"400\" \/>\n\t<meta property=\"og:image:height\" content=\"400\" \/>\n\t<meta property=\"og:image:type\" content=\"image\/webp\" \/>\n<meta name=\"twitter:card\" content=\"summary_large_image\" \/>\n<meta name=\"twitter:label1\" content=\"Dur\u00e9e de lecture estim\u00e9e\" \/>\n\t<meta name=\"twitter:data1\" content=\"2 minutes\" \/>\n<script type=\"application\/ld+json\" class=\"yoast-schema-graph\">{\"@context\":\"https:\/\/schema.org\",\"@graph\":[{\"@type\":\"WebPage\",\"@id\":\"https:\/\/www.iplay.com\/fr\/games\/best-hidden-object-games-of-2024\/\",\"url\":\"https:\/\/www.iplay.com\/fr\/games\/best-hidden-object-games-of-2024\/\",\"name\":\"D\u00e9couvrez d\u00e8s aujourd\u2019hui les meilleures aventures et \u00e9nigmes d\u2019objets cach\u00e9s avec les meilleurs jeux d\u2019objets cach\u00e9s de 2024 !\",\"isPartOf\":{\"@id\":\"https:\/\/www.iplay.com\/en\/#website\"},\"primaryImageOfPage\":{\"@id\":\"https:\/\/www.iplay.com\/fr\/games\/best-hidden-object-games-of-2024\/#primaryimage\"},\"image\":{\"@id\":\"https:\/\/www.iplay.com\/fr\/games\/best-hidden-object-games-of-2024\/#primaryimage\"},\"thumbnailUrl\":\"https:\/\/www.iplay.com\/wp-content\/uploads\/2025\/01\/best_hidden_object_games_of_2024_large_square_tile_image-1.webp\",\"datePublished\":\"2025-01-01T09:30:52+00:00\",\"dateModified\":\"2025-02-27T09:45:25+00:00\",\"description\":\"D\u00e9couvrez d\u00e8s aujourd\u2019hui les meilleures aventures et \u00e9nigmes d\u2019objets cach\u00e9s de 2024 avec les meilleurs jeux d\u2019objets cach\u00e9s de 2024 !\",\"breadcrumb\":{\"@id\":\"https:\/\/www.iplay.com\/fr\/games\/best-hidden-object-games-of-2024\/#breadcrumb\"},\"inLanguage\":\"fr-FR\",\"potentialAction\":[{\"@type\":\"ReadAction\",\"target\":[\"https:\/\/www.iplay.com\/fr\/games\/best-hidden-object-games-of-2024\/\"]}]},{\"@type\":\"ImageObject\",\"inLanguage\":\"fr-FR\",\"@id\":\"https:\/\/www.iplay.com\/fr\/games\/best-hidden-object-games-of-2024\/#primaryimage\",\"url\":\"https:\/\/www.iplay.com\/wp-content\/uploads\/2025\/01\/best_hidden_object_games_of_2024_large_square_tile_image-1.webp\",\"contentUrl\":\"https:\/\/www.iplay.com\/wp-content\/uploads\/2025\/01\/best_hidden_object_games_of_2024_large_square_tile_image-1.webp\",\"width\":400,\"height\":400},{\"@type\":\"BreadcrumbList\",\"@id\":\"https:\/\/www.iplay.com\/fr\/games\/best-hidden-object-games-of-2024\/#breadcrumb\",\"itemListElement\":[{\"@type\":\"ListItem\",\"position\":1,\"name\":\"Home\",\"item\":\"https:\/\/www.iplay.com\/fr\/home-page-2\/\"},{\"@type\":\"ListItem\",\"position\":2,\"name\":\"Shop\",\"item\":\"https:\/\/www.iplay.com\/en\/shop\/\"},{\"@type\":\"ListItem\",\"position\":3,\"name\":\"Best Hidden Object Games of 2024\"}]},{\"@type\":\"WebSite\",\"@id\":\"https:\/\/www.iplay.com\/en\/#website\",\"url\":\"https:\/\/www.iplay.com\/en\/\",\"name\":\"IPlay\",\"description\":\"The Best Casual Games!\",\"publisher\":{\"@id\":\"https:\/\/www.iplay.com\/en\/#organization\"},\"potentialAction\":[{\"@type\":\"SearchAction\",\"target\":{\"@type\":\"EntryPoint\",\"urlTemplate\":\"https:\/\/www.iplay.com\/en\/?s={search_term_string}\"},\"query-input\":{\"@type\":\"PropertyValueSpecification\",\"valueRequired\":true,\"valueName\":\"search_term_string\"}}],\"inLanguage\":\"fr-FR\"},{\"@type\":\"Organization\",\"@id\":\"https:\/\/www.iplay.com\/en\/#organization\",\"name\":\"IPlay\",\"url\":\"https:\/\/www.iplay.com\/en\/\",\"logo\":{\"@type\":\"ImageObject\",\"inLanguage\":\"fr-FR\",\"@id\":\"https:\/\/www.iplay.com\/en\/#\/schema\/logo\/image\/\",\"url\":\"https:\/\/www.iplay.com\/wp-content\/uploads\/2023\/11\/Group-6100.svg\",\"contentUrl\":\"https:\/\/www.iplay.com\/wp-content\/uploads\/2023\/11\/Group-6100.svg\",\"width\":98,\"height\":25,\"caption\":\"IPlay\"},\"image\":{\"@id\":\"https:\/\/www.iplay.com\/en\/#\/schema\/logo\/image\/\"}}]}<\/script>\n<!-- \/ Yoast SEO Premium plugin. -->","yoast_head_json":{"title":"D\u00e9couvrez d\u00e8s aujourd\u2019hui les meilleures aventures et \u00e9nigmes d\u2019objets cach\u00e9s avec les meilleurs jeux d\u2019objets cach\u00e9s de 2024 !","description":"D\u00e9couvrez d\u00e8s aujourd\u2019hui les meilleures aventures et \u00e9nigmes d\u2019objets cach\u00e9s de 2024 avec les meilleurs jeux d\u2019objets cach\u00e9s de 2024 !","robots":{"index":"index","follow":"follow","max-snippet":"max-snippet:-1","max-image-preview":"max-image-preview:large","max-video-preview":"max-video-preview:-1"},"canonical":"https:\/\/www.iplay.com\/fr\/games\/best-hidden-object-games-of-2024\/","og_locale":"fr_FR","og_type":"article","og_title":"Best Hidden Object Games of 2024","og_description":"D\u00e9couvrez d\u00e8s aujourd\u2019hui les meilleures aventures et \u00e9nigmes d\u2019objets cach\u00e9s de 2024 avec les meilleurs jeux d\u2019objets cach\u00e9s de 2024 !","og_url":"https:\/\/www.iplay.com\/fr\/games\/best-hidden-object-games-of-2024\/","og_site_name":"IPlay","article_modified_time":"2025-02-27T09:45:25+00:00","og_image":[{"width":400,"height":400,"url":"https:\/\/www.iplay.com\/wp-content\/uploads\/2025\/01\/best_hidden_object_games_of_2024_large_square_tile_image-1.webp","type":"image\/webp"}],"twitter_card":"summary_large_image","twitter_misc":{"Dur\u00e9e de lecture estim\u00e9e":"2 minutes"},"schema":{"@context":"https:\/\/schema.org","@graph":[{"@type":"WebPage","@id":"https:\/\/www.iplay.com\/fr\/games\/best-hidden-object-games-of-2024\/","url":"https:\/\/www.iplay.com\/fr\/games\/best-hidden-object-games-of-2024\/","name":"D\u00e9couvrez d\u00e8s aujourd\u2019hui les meilleures aventures et \u00e9nigmes d\u2019objets cach\u00e9s avec les meilleurs jeux d\u2019objets cach\u00e9s de 2024 !","isPartOf":{"@id":"https:\/\/www.iplay.com\/en\/#website"},"primaryImageOfPage":{"@id":"https:\/\/www.iplay.com\/fr\/games\/best-hidden-object-games-of-2024\/#primaryimage"},"image":{"@id":"https:\/\/www.iplay.com\/fr\/games\/best-hidden-object-games-of-2024\/#primaryimage"},"thumbnailUrl":"https:\/\/www.iplay.com\/wp-content\/uploads\/2025\/01\/best_hidden_object_games_of_2024_large_square_tile_image-1.webp","datePublished":"2025-01-01T09:30:52+00:00","dateModified":"2025-02-27T09:45:25+00:00","description":"D\u00e9couvrez d\u00e8s aujourd\u2019hui les meilleures aventures et \u00e9nigmes d\u2019objets cach\u00e9s de 2024 avec les meilleurs jeux d\u2019objets cach\u00e9s de 2024 !","breadcrumb":{"@id":"https:\/\/www.iplay.com\/fr\/games\/best-hidden-object-games-of-2024\/#breadcrumb"},"inLanguage":"fr-FR","potentialAction":[{"@type":"ReadAction","target":["https:\/\/www.iplay.com\/fr\/games\/best-hidden-object-games-of-2024\/"]}]},{"@type":"ImageObject","inLanguage":"fr-FR","@id":"https:\/\/www.iplay.com\/fr\/games\/best-hidden-object-games-of-2024\/#primaryimage","url":"https:\/\/www.iplay.com\/wp-content\/uploads\/2025\/01\/best_hidden_object_games_of_2024_large_square_tile_image-1.webp","contentUrl":"https:\/\/www.iplay.com\/wp-content\/uploads\/2025\/01\/best_hidden_object_games_of_2024_large_square_tile_image-1.webp","width":400,"height":400},{"@type":"BreadcrumbList","@id":"https:\/\/www.iplay.com\/fr\/games\/best-hidden-object-games-of-2024\/#breadcrumb","itemListElement":[{"@type":"ListItem","position":1,"name":"Home","item":"https:\/\/www.iplay.com\/fr\/home-page-2\/"},{"@type":"ListItem","position":2,"name":"Shop","item":"https:\/\/www.iplay.com\/en\/shop\/"},{"@type":"ListItem","position":3,"name":"Best Hidden Object Games of 2024"}]},{"@type":"WebSite","@id":"https:\/\/www.iplay.com\/en\/#website","url":"https:\/\/www.iplay.com\/en\/","name":"IPlay","description":"The Best Casual Games!","publisher":{"@id":"https:\/\/www.iplay.com\/en\/#organization"},"potentialAction":[{"@type":"SearchAction","target":{"@type":"EntryPoint","urlTemplate":"https:\/\/www.iplay.com\/en\/?s={search_term_string}"},"query-input":{"@type":"PropertyValueSpecification","valueRequired":true,"valueName":"search_term_string"}}],"inLanguage":"fr-FR"},{"@type":"Organization","@id":"https:\/\/www.iplay.com\/en\/#organization","name":"IPlay","url":"https:\/\/www.iplay.com\/en\/","logo":{"@type":"ImageObject","inLanguage":"fr-FR","@id":"https:\/\/www.iplay.com\/en\/#\/schema\/logo\/image\/","url":"https:\/\/www.iplay.com\/wp-content\/uploads\/2023\/11\/Group-6100.svg","contentUrl":"https:\/\/www.iplay.com\/wp-content\/uploads\/2023\/11\/Group-6100.svg","width":98,"height":25,"caption":"IPlay"},"image":{"@id":"https:\/\/www.iplay.com\/en\/#\/schema\/logo\/image\/"}}]}},"_links":{"self":[{"href":"https:\/\/www.iplay.com\/fr\/wp-json\/wp\/v2\/product\/39261","targetHints":{"allow":["GET"]}}],"collection":[{"href":"https:\/\/www.iplay.com\/fr\/wp-json\/wp\/v2\/product"}],"about":[{"href":"https:\/\/www.iplay.com\/fr\/wp-json\/wp\/v2\/types\/product"}],"author":[{"embeddable":true,"href":"https:\/\/www.iplay.com\/fr\/wp-json\/wp\/v2\/users\/11"}],"replies":[{"embeddable":true,"href":"https:\/\/www.iplay.com\/fr\/wp-json\/wp\/v2\/comments?post=39261"}],"wp:featuredmedia":[{"embeddable":true,"href":"https:\/\/www.iplay.com\/fr\/wp-json\/wp\/v2\/media\/39262"}],"wp:attachment":[{"href":"https:\/\/www.iplay.com\/fr\/wp-json\/wp\/v2\/media?parent=39261"}],"wp:term":[{"taxonomy":"product_brand","embeddable":true,"href":"https:\/\/www.iplay.com\/fr\/wp-json\/wp\/v2\/product_brand?post=39261"},{"taxonomy":"product_cat","embeddable":true,"href":"https:\/\/www.iplay.com\/fr\/wp-json\/wp\/v2\/product_cat?post=39261"},{"taxonomy":"product_tag","embeddable":true,"href":"https:\/\/www.iplay.com\/fr\/wp-json\/wp\/v2\/product_tag?post=39261"}],"curies":[{"name":"wp","href":"https:\/\/api.w.org\/{rel}","templated":true}]}}