{"id":39224,"date":"2022-09-25T00:00:00","date_gmt":"2022-09-25T00:00:00","guid":{"rendered":"https:\/\/www.iplay.com\/games\/clutters-greatest-hits-collectors-edition\/"},"modified":"2022-09-25T00:00:00","modified_gmt":"2022-09-25T00:00:00","slug":"clutters-greatest-hits-collectors-edition","status":"publish","type":"product","link":"https:\/\/www.iplay.com\/fr\/games\/clutters-greatest-hits-collectors-edition\/","title":{"rendered":"Clutter&#8217;s Greatest Hits Collector&#8217;s Edition"},"content":{"rendered":"<p>Avec plus de 2000 \u00e9nigmes pour vous occuper pendant des jours, c\u2019est le Clutter le plus divertissant et le plus difficile de tous les temps. Une qu\u00eate inoubliable avec tant de nouveaux types de Clutter m\u00e9lang\u00e9s \u00e0 d\u2019anciens favoris. Il y a 25 % d\u2019\u00e9nigmes et d\u2019autres mat\u00e9riaux en plus dans l\u2019\u00c9dition Collector. Comme d\u2019habitude, les niveaux de Clutter sont assez rejouables et addictifs. De plus, il existe des puzzles carr\u00e9s, des curseurs et des citations en bo\u00eete avec une touche de fra\u00eecheur. N\u2019oubliez pas de consulter \u00e9galement les bo\u00eetes pop-up remasteris\u00e9es et les peluches et moulinets. Jamais auparavant Clutter n\u2019a \u00e9t\u00e9 aussi engageant et difficile. De plus, vous pouvez jouer \u00e0 Clutter comme vous le souhaitez gr\u00e2ce aux choix, comme d\u2019habitude. De plus, les favoris sont de retour, vous permettant de conserver les \u00e9nigmes que vous souhaitez r\u00e9soudre \u00e0 plusieurs reprises.        <\/p>\n<p>&nbsp;<\/p>\n<p>&nbsp;<\/p>\n<p><strong>Fonctionnalit\u00e9s:<\/strong><\/p>\n<ul>\n<li>De nombreux nouveaux modes de jeu et de nouveaux ensembles d\u2019objets<\/li>\n<li>Plus de 2000 niveaux, dont le<\/li>\n<li>Qu\u00eate principale de niveau 100<\/li>\n<li>Une mission extr\u00eame avec un m\u00e9ga-mix suppl\u00e9mentaire et une d\u00e9mo secr\u00e8te !<\/li>\n<li>Deux cents nouveaux puzzles Box Quotes et des centaines de puzzles photo<\/li>\n<li>Les niveaux produits brusquement offrent une rejouabilit\u00e9 infinie.<\/li>\n<li>Une toute nouvelle bande-son cin\u00e9matographique.<\/li>\n<\/ul>\n<p>&nbsp;<\/p>\n<p>Si vous avez aim\u00e9 ce jeu Clutter, pourquoi ne pas consulter tous les autres jeux de la s\u00e9rie Clutter <a href=\"\/en?product_tag=clutter-series\">ICI<\/a><\/p>\n","protected":false},"excerpt":{"rendered":"<p>Avec plus de 2000 puzzles pour vous occuper pendant des jours, c\u2019est le Clutter le plus difficile \u00e0 ce jour !<\/p>\n","protected":false},"author":41,"featured_media":39228,"comment_status":"open","ping_status":"closed","template":"","meta":{"_acf_changed":false,"inline_featured_image":false},"product_brand":[],"product_cat":[162,165],"product_tag":[287],"class_list":{"0":"post-39224","1":"product","2":"type-product","3":"status-publish","4":"has-post-thumbnail","6":"product_cat-clutter-series-fr","7":"product_cat-hidden-object-fr","8":"product_tag-play-on-pc-fr","10":"first","11":"instock","12":"shipping-taxable","13":"purchasable","14":"product-type-simple"},"acf":[],"yoast_head":"<!-- This site is optimized with the Yoast SEO Premium plugin v25.2 (Yoast SEO v25.2) - https:\/\/yoast.com\/wordpress\/plugins\/seo\/ -->\n<title>Clutter\u2019s Greatest Hits \u00c9dition Collector - Affrontez plus de 2000 \u00e9nigmes dans le Clutter le plus difficile \u00e0 ce jour<\/title>\n<meta name=\"description\" content=\"Avec plus de 2000 puzzles pour vous occuper pendant des jours, c\u2019est le Clutter le plus difficile \u00e0 ce jour !\" \/>\n<meta name=\"robots\" content=\"index, follow, max-snippet:-1, max-image-preview:large, max-video-preview:-1\" \/>\n<link rel=\"canonical\" href=\"https:\/\/www.iplay.com\/fr\/games\/clutters-greatest-hits-collectors-edition\/\" \/>\n<meta property=\"og:locale\" content=\"fr_FR\" \/>\n<meta property=\"og:type\" content=\"article\" \/>\n<meta property=\"og:title\" content=\"Clutter&#039;s Greatest Hits Collector&#039;s Edition\" \/>\n<meta property=\"og:description\" content=\"Avec plus de 2000 puzzles pour vous occuper pendant des jours, c\u2019est le Clutter le plus difficile \u00e0 ce jour !\" \/>\n<meta property=\"og:url\" content=\"https:\/\/www.iplay.com\/fr\/games\/clutters-greatest-hits-collectors-edition\/\" \/>\n<meta property=\"og:site_name\" content=\"IPlay\" \/>\n<meta property=\"og:image\" content=\"https:\/\/www.iplay.com\/wp-content\/uploads\/2024\/08\/clutters_greatest_hits_ce_large_square_tile_image.webp\" \/>\n\t<meta property=\"og:image:width\" content=\"715\" \/>\n\t<meta property=\"og:image:height\" content=\"485\" \/>\n\t<meta property=\"og:image:type\" content=\"image\/webp\" \/>\n<meta name=\"twitter:card\" content=\"summary_large_image\" \/>\n<meta name=\"twitter:label1\" content=\"Dur\u00e9e de lecture estim\u00e9e\" \/>\n\t<meta name=\"twitter:data1\" content=\"1 minute\" \/>\n<script type=\"application\/ld+json\" class=\"yoast-schema-graph\">{\"@context\":\"https:\/\/schema.org\",\"@graph\":[{\"@type\":\"WebPage\",\"@id\":\"https:\/\/www.iplay.com\/fr\/games\/clutters-greatest-hits-collectors-edition\/\",\"url\":\"https:\/\/www.iplay.com\/fr\/games\/clutters-greatest-hits-collectors-edition\/\",\"name\":\"Clutter\u2019s Greatest Hits \u00c9dition Collector - Affrontez plus de 2000 \u00e9nigmes dans le Clutter le plus difficile \u00e0 ce jour\",\"isPartOf\":{\"@id\":\"https:\/\/www.iplay.com\/en\/#website\"},\"primaryImageOfPage\":{\"@id\":\"https:\/\/www.iplay.com\/fr\/games\/clutters-greatest-hits-collectors-edition\/#primaryimage\"},\"image\":{\"@id\":\"https:\/\/www.iplay.com\/fr\/games\/clutters-greatest-hits-collectors-edition\/#primaryimage\"},\"thumbnailUrl\":\"https:\/\/www.iplay.com\/wp-content\/uploads\/2024\/08\/clutters_greatest_hits_ce_large_square_tile_image.webp\",\"datePublished\":\"2022-09-25T00:00:00+00:00\",\"description\":\"Avec plus de 2000 puzzles pour vous occuper pendant des jours, c\u2019est le Clutter le plus difficile \u00e0 ce jour !\",\"breadcrumb\":{\"@id\":\"https:\/\/www.iplay.com\/fr\/games\/clutters-greatest-hits-collectors-edition\/#breadcrumb\"},\"inLanguage\":\"fr-FR\",\"potentialAction\":[{\"@type\":\"ReadAction\",\"target\":[\"https:\/\/www.iplay.com\/fr\/games\/clutters-greatest-hits-collectors-edition\/\"]}]},{\"@type\":\"ImageObject\",\"inLanguage\":\"fr-FR\",\"@id\":\"https:\/\/www.iplay.com\/fr\/games\/clutters-greatest-hits-collectors-edition\/#primaryimage\",\"url\":\"https:\/\/www.iplay.com\/wp-content\/uploads\/2024\/08\/clutters_greatest_hits_ce_large_square_tile_image.webp\",\"contentUrl\":\"https:\/\/www.iplay.com\/wp-content\/uploads\/2024\/08\/clutters_greatest_hits_ce_large_square_tile_image.webp\",\"width\":715,\"height\":485},{\"@type\":\"BreadcrumbList\",\"@id\":\"https:\/\/www.iplay.com\/fr\/games\/clutters-greatest-hits-collectors-edition\/#breadcrumb\",\"itemListElement\":[{\"@type\":\"ListItem\",\"position\":1,\"name\":\"Home\",\"item\":\"https:\/\/www.iplay.com\/fr\/home-page-2\/\"},{\"@type\":\"ListItem\",\"position\":2,\"name\":\"Shop\",\"item\":\"https:\/\/www.iplay.com\/en\/shop\/\"},{\"@type\":\"ListItem\",\"position\":3,\"name\":\"Clutter&#8217;s Greatest Hits Collector&#8217;s Edition\"}]},{\"@type\":\"WebSite\",\"@id\":\"https:\/\/www.iplay.com\/en\/#website\",\"url\":\"https:\/\/www.iplay.com\/en\/\",\"name\":\"IPlay\",\"description\":\"The Best Casual Games!\",\"publisher\":{\"@id\":\"https:\/\/www.iplay.com\/en\/#organization\"},\"potentialAction\":[{\"@type\":\"SearchAction\",\"target\":{\"@type\":\"EntryPoint\",\"urlTemplate\":\"https:\/\/www.iplay.com\/en\/?s={search_term_string}\"},\"query-input\":{\"@type\":\"PropertyValueSpecification\",\"valueRequired\":true,\"valueName\":\"search_term_string\"}}],\"inLanguage\":\"fr-FR\"},{\"@type\":\"Organization\",\"@id\":\"https:\/\/www.iplay.com\/en\/#organization\",\"name\":\"IPlay\",\"url\":\"https:\/\/www.iplay.com\/en\/\",\"logo\":{\"@type\":\"ImageObject\",\"inLanguage\":\"fr-FR\",\"@id\":\"https:\/\/www.iplay.com\/en\/#\/schema\/logo\/image\/\",\"url\":\"https:\/\/www.iplay.com\/wp-content\/uploads\/2023\/11\/Group-6100.svg\",\"contentUrl\":\"https:\/\/www.iplay.com\/wp-content\/uploads\/2023\/11\/Group-6100.svg\",\"width\":98,\"height\":25,\"caption\":\"IPlay\"},\"image\":{\"@id\":\"https:\/\/www.iplay.com\/en\/#\/schema\/logo\/image\/\"}}]}<\/script>\n<!-- \/ Yoast SEO Premium plugin. -->","yoast_head_json":{"title":"Clutter\u2019s Greatest Hits \u00c9dition Collector - Affrontez plus de 2000 \u00e9nigmes dans le Clutter le plus difficile \u00e0 ce jour","description":"Avec plus de 2000 puzzles pour vous occuper pendant des jours, c\u2019est le Clutter le plus difficile \u00e0 ce jour !","robots":{"index":"index","follow":"follow","max-snippet":"max-snippet:-1","max-image-preview":"max-image-preview:large","max-video-preview":"max-video-preview:-1"},"canonical":"https:\/\/www.iplay.com\/fr\/games\/clutters-greatest-hits-collectors-edition\/","og_locale":"fr_FR","og_type":"article","og_title":"Clutter's Greatest Hits Collector's Edition","og_description":"Avec plus de 2000 puzzles pour vous occuper pendant des jours, c\u2019est le Clutter le plus difficile \u00e0 ce jour !","og_url":"https:\/\/www.iplay.com\/fr\/games\/clutters-greatest-hits-collectors-edition\/","og_site_name":"IPlay","og_image":[{"width":715,"height":485,"url":"https:\/\/www.iplay.com\/wp-content\/uploads\/2024\/08\/clutters_greatest_hits_ce_large_square_tile_image.webp","type":"image\/webp"}],"twitter_card":"summary_large_image","twitter_misc":{"Dur\u00e9e de lecture estim\u00e9e":"1 minute"},"schema":{"@context":"https:\/\/schema.org","@graph":[{"@type":"WebPage","@id":"https:\/\/www.iplay.com\/fr\/games\/clutters-greatest-hits-collectors-edition\/","url":"https:\/\/www.iplay.com\/fr\/games\/clutters-greatest-hits-collectors-edition\/","name":"Clutter\u2019s Greatest Hits \u00c9dition Collector - Affrontez plus de 2000 \u00e9nigmes dans le Clutter le plus difficile \u00e0 ce jour","isPartOf":{"@id":"https:\/\/www.iplay.com\/en\/#website"},"primaryImageOfPage":{"@id":"https:\/\/www.iplay.com\/fr\/games\/clutters-greatest-hits-collectors-edition\/#primaryimage"},"image":{"@id":"https:\/\/www.iplay.com\/fr\/games\/clutters-greatest-hits-collectors-edition\/#primaryimage"},"thumbnailUrl":"https:\/\/www.iplay.com\/wp-content\/uploads\/2024\/08\/clutters_greatest_hits_ce_large_square_tile_image.webp","datePublished":"2022-09-25T00:00:00+00:00","description":"Avec plus de 2000 puzzles pour vous occuper pendant des jours, c\u2019est le Clutter le plus difficile \u00e0 ce jour !","breadcrumb":{"@id":"https:\/\/www.iplay.com\/fr\/games\/clutters-greatest-hits-collectors-edition\/#breadcrumb"},"inLanguage":"fr-FR","potentialAction":[{"@type":"ReadAction","target":["https:\/\/www.iplay.com\/fr\/games\/clutters-greatest-hits-collectors-edition\/"]}]},{"@type":"ImageObject","inLanguage":"fr-FR","@id":"https:\/\/www.iplay.com\/fr\/games\/clutters-greatest-hits-collectors-edition\/#primaryimage","url":"https:\/\/www.iplay.com\/wp-content\/uploads\/2024\/08\/clutters_greatest_hits_ce_large_square_tile_image.webp","contentUrl":"https:\/\/www.iplay.com\/wp-content\/uploads\/2024\/08\/clutters_greatest_hits_ce_large_square_tile_image.webp","width":715,"height":485},{"@type":"BreadcrumbList","@id":"https:\/\/www.iplay.com\/fr\/games\/clutters-greatest-hits-collectors-edition\/#breadcrumb","itemListElement":[{"@type":"ListItem","position":1,"name":"Home","item":"https:\/\/www.iplay.com\/fr\/home-page-2\/"},{"@type":"ListItem","position":2,"name":"Shop","item":"https:\/\/www.iplay.com\/en\/shop\/"},{"@type":"ListItem","position":3,"name":"Clutter&#8217;s Greatest Hits Collector&#8217;s Edition"}]},{"@type":"WebSite","@id":"https:\/\/www.iplay.com\/en\/#website","url":"https:\/\/www.iplay.com\/en\/","name":"IPlay","description":"The Best Casual Games!","publisher":{"@id":"https:\/\/www.iplay.com\/en\/#organization"},"potentialAction":[{"@type":"SearchAction","target":{"@type":"EntryPoint","urlTemplate":"https:\/\/www.iplay.com\/en\/?s={search_term_string}"},"query-input":{"@type":"PropertyValueSpecification","valueRequired":true,"valueName":"search_term_string"}}],"inLanguage":"fr-FR"},{"@type":"Organization","@id":"https:\/\/www.iplay.com\/en\/#organization","name":"IPlay","url":"https:\/\/www.iplay.com\/en\/","logo":{"@type":"ImageObject","inLanguage":"fr-FR","@id":"https:\/\/www.iplay.com\/en\/#\/schema\/logo\/image\/","url":"https:\/\/www.iplay.com\/wp-content\/uploads\/2023\/11\/Group-6100.svg","contentUrl":"https:\/\/www.iplay.com\/wp-content\/uploads\/2023\/11\/Group-6100.svg","width":98,"height":25,"caption":"IPlay"},"image":{"@id":"https:\/\/www.iplay.com\/en\/#\/schema\/logo\/image\/"}}]}},"_links":{"self":[{"href":"https:\/\/www.iplay.com\/fr\/wp-json\/wp\/v2\/product\/39224","targetHints":{"allow":["GET"]}}],"collection":[{"href":"https:\/\/www.iplay.com\/fr\/wp-json\/wp\/v2\/product"}],"about":[{"href":"https:\/\/www.iplay.com\/fr\/wp-json\/wp\/v2\/types\/product"}],"author":[{"embeddable":true,"href":"https:\/\/www.iplay.com\/fr\/wp-json\/wp\/v2\/users\/41"}],"replies":[{"embeddable":true,"href":"https:\/\/www.iplay.com\/fr\/wp-json\/wp\/v2\/comments?post=39224"}],"wp:featuredmedia":[{"embeddable":true,"href":"https:\/\/www.iplay.com\/fr\/wp-json\/wp\/v2\/media\/39228"}],"wp:attachment":[{"href":"https:\/\/www.iplay.com\/fr\/wp-json\/wp\/v2\/media?parent=39224"}],"wp:term":[{"taxonomy":"product_brand","embeddable":true,"href":"https:\/\/www.iplay.com\/fr\/wp-json\/wp\/v2\/product_brand?post=39224"},{"taxonomy":"product_cat","embeddable":true,"href":"https:\/\/www.iplay.com\/fr\/wp-json\/wp\/v2\/product_cat?post=39224"},{"taxonomy":"product_tag","embeddable":true,"href":"https:\/\/www.iplay.com\/fr\/wp-json\/wp\/v2\/product_tag?post=39224"}],"curies":[{"name":"wp","href":"https:\/\/api.w.org\/{rel}","templated":true}]}}