{"id":39218,"date":"2018-09-26T00:00:00","date_gmt":"2018-09-26T00:00:00","guid":{"rendered":"https:\/\/www.iplay.com\/games\/kids-of-hellas-back-to-olympus-collectors-edition\/"},"modified":"2018-09-26T00:00:00","modified_gmt":"2018-09-26T00:00:00","slug":"kids-of-hellas-back-to-olympus-collectors-edition","status":"publish","type":"product","link":"https:\/\/www.iplay.com\/fr\/games\/kids-of-hellas-back-to-olympus-collectors-edition\/","title":{"rendered":"Kids of Hellas: Back to Olympus Collector&#8217;s Edition"},"content":{"rendered":"<p>Envieux de son fr\u00e8re, Had\u00e8s ordonne \u00e0 la sorci\u00e8re exil\u00e9e de l\u2019Olympe, Ate, de jeter un sort malveillant. La prog\u00e9niture de Zeus chute alors du ciel, et le Tonnerre en perd conscience. Sans nourriture et sans produits de premi\u00e8re n\u00e9cessit\u00e9, les enfants pourront-ils survivre sur Terre ? Seront-ils capables de se rassembler, de rassembler le courage de retourner \u00e0 l\u2019Olympe et de trouver le bonheur dans leur vie ? Les h\u00e9ros devront planifier les Jeux olympiques, voyager \u00e0 travers des terres enneig\u00e9es habit\u00e9es par des minotaures, visiter le domaine d\u2019Had\u00e8s, le monde souterrain et finalement faire face \u00e0 l\u2019aspiration du terrifiant monstre marin Charybde. Vous pouvez vous immerger compl\u00e8tement dans le monde des r\u00eaves et des cauchemars dans l\u2019\u00e9dition collector du jeu pour combattre le c\u00f4t\u00e9 sombre d\u2019Ate. N\u2019h\u00e9sitez pas \u00e0 embarquer pour un voyage \u00e0 travers la Gr\u00e8ce antique d\u00e8s maintenant ! C\u2019est \u00e0 vous de d\u00e9cider ce qui arrivera aux enfants d\u2019Hellas !       <\/p>\n<p>&nbsp;<\/p>\n<p>&nbsp;<\/p>\n<p><strong>Fonctionnalit\u00e9s:<\/strong><\/p>\n<p>&nbsp;<\/p>\n<ul>\n<li>Jeu de strat\u00e9gie incroyable des cr\u00e9ateurs de 12 Labours of Hercules<\/li>\n<li>Un monde divertissant d\u2019aventures \u00e9piques et de mythes grecs<\/li>\n<li>Des personnages int\u00e9ressants et une histoire captivante<\/li>\n<li>Des graphismes Full HD \u00e9poustouflants<\/li>\n<li>Le mode difficult\u00e9 offre des d\u00e9fis sp\u00e9ciaux aux joueurs exp\u00e9riment\u00e9s<\/li>\n<li>\u00c9nigmes et niveaux bonus pour les joueurs passionn\u00e9s<\/li>\n<\/ul>\n","protected":false},"excerpt":{"rendered":"<p>Zeus a \u00e9t\u00e9 forc\u00e9 d\u2019oublier ses enfants tomb\u00e9s par Had\u00e8s et Ate &#8211; Aidez les enfants \u00e0 retourner \u00e0 l\u2019Olympe<\/p>\n","protected":false},"author":14,"featured_media":39222,"comment_status":"open","ping_status":"closed","template":"","meta":{"_acf_changed":false,"inline_featured_image":false},"product_brand":[],"product_cat":[216],"product_tag":[227,287],"class_list":{"0":"post-39218","1":"product","2":"type-product","3":"status-publish","4":"has-post-thumbnail","6":"product_cat-time-management-fr","7":"product_tag-12-labours-of-hercules-series-fr","8":"product_tag-play-on-pc-fr","10":"first","11":"instock","12":"shipping-taxable","13":"purchasable","14":"product-type-simple"},"acf":[],"yoast_head":"<!-- This site is optimized with the Yoast SEO Premium plugin v25.2 (Yoast SEO v25.2) - https:\/\/yoast.com\/wordpress\/plugins\/seo\/ -->\n<title>Kids of Hellas\u00a0: Retour \u00e0 l\u2019Olympe Edition Collector - Aidez les enfants oubli\u00e9s de Zeus \u00e0 rentrer chez eux \u00e0 l\u2019Olympe<\/title>\n<meta name=\"description\" content=\"Zeus a \u00e9t\u00e9 forc\u00e9 d\u2019oublier ses enfants tomb\u00e9s par Had\u00e8s et Ate - Aidez les enfants \u00e0 retourner \u00e0 l\u2019Olympe\" \/>\n<meta name=\"robots\" content=\"index, follow, max-snippet:-1, max-image-preview:large, max-video-preview:-1\" \/>\n<link rel=\"canonical\" href=\"https:\/\/www.iplay.com\/fr\/games\/kids-of-hellas-back-to-olympus-collectors-edition\/\" \/>\n<meta property=\"og:locale\" content=\"fr_FR\" \/>\n<meta property=\"og:type\" content=\"article\" \/>\n<meta property=\"og:title\" content=\"Kids of Hellas: Back to Olympus Collector&#039;s Edition\" \/>\n<meta property=\"og:description\" content=\"Zeus a \u00e9t\u00e9 forc\u00e9 d\u2019oublier ses enfants tomb\u00e9s par Had\u00e8s et Ate - Aidez les enfants \u00e0 retourner \u00e0 l\u2019Olympe\" \/>\n<meta property=\"og:url\" content=\"https:\/\/www.iplay.com\/fr\/games\/kids-of-hellas-back-to-olympus-collectors-edition\/\" \/>\n<meta property=\"og:site_name\" content=\"IPlay\" \/>\n<meta property=\"og:image\" content=\"https:\/\/www.iplay.com\/wp-content\/uploads\/2023\/12\/large_square_tile_image-2939.jpg\" \/>\n\t<meta property=\"og:image:width\" content=\"310\" \/>\n\t<meta property=\"og:image:height\" content=\"310\" \/>\n\t<meta property=\"og:image:type\" content=\"image\/jpeg\" \/>\n<meta name=\"twitter:card\" content=\"summary_large_image\" \/>\n<meta name=\"twitter:label1\" content=\"Dur\u00e9e de lecture estim\u00e9e\" \/>\n\t<meta name=\"twitter:data1\" content=\"1 minute\" \/>\n<script type=\"application\/ld+json\" class=\"yoast-schema-graph\">{\"@context\":\"https:\/\/schema.org\",\"@graph\":[{\"@type\":\"WebPage\",\"@id\":\"https:\/\/www.iplay.com\/fr\/games\/kids-of-hellas-back-to-olympus-collectors-edition\/\",\"url\":\"https:\/\/www.iplay.com\/fr\/games\/kids-of-hellas-back-to-olympus-collectors-edition\/\",\"name\":\"Kids of Hellas\u00a0: Retour \u00e0 l\u2019Olympe Edition Collector - Aidez les enfants oubli\u00e9s de Zeus \u00e0 rentrer chez eux \u00e0 l\u2019Olympe\",\"isPartOf\":{\"@id\":\"https:\/\/www.iplay.com\/en\/#website\"},\"primaryImageOfPage\":{\"@id\":\"https:\/\/www.iplay.com\/fr\/games\/kids-of-hellas-back-to-olympus-collectors-edition\/#primaryimage\"},\"image\":{\"@id\":\"https:\/\/www.iplay.com\/fr\/games\/kids-of-hellas-back-to-olympus-collectors-edition\/#primaryimage\"},\"thumbnailUrl\":\"https:\/\/www.iplay.com\/wp-content\/uploads\/2023\/12\/large_square_tile_image-2939.jpg\",\"datePublished\":\"2018-09-26T00:00:00+00:00\",\"description\":\"Zeus a \u00e9t\u00e9 forc\u00e9 d\u2019oublier ses enfants tomb\u00e9s par Had\u00e8s et Ate - Aidez les enfants \u00e0 retourner \u00e0 l\u2019Olympe\",\"breadcrumb\":{\"@id\":\"https:\/\/www.iplay.com\/fr\/games\/kids-of-hellas-back-to-olympus-collectors-edition\/#breadcrumb\"},\"inLanguage\":\"fr-FR\",\"potentialAction\":[{\"@type\":\"ReadAction\",\"target\":[\"https:\/\/www.iplay.com\/fr\/games\/kids-of-hellas-back-to-olympus-collectors-edition\/\"]}]},{\"@type\":\"ImageObject\",\"inLanguage\":\"fr-FR\",\"@id\":\"https:\/\/www.iplay.com\/fr\/games\/kids-of-hellas-back-to-olympus-collectors-edition\/#primaryimage\",\"url\":\"https:\/\/www.iplay.com\/wp-content\/uploads\/2023\/12\/large_square_tile_image-2939.jpg\",\"contentUrl\":\"https:\/\/www.iplay.com\/wp-content\/uploads\/2023\/12\/large_square_tile_image-2939.jpg\",\"width\":310,\"height\":310},{\"@type\":\"BreadcrumbList\",\"@id\":\"https:\/\/www.iplay.com\/fr\/games\/kids-of-hellas-back-to-olympus-collectors-edition\/#breadcrumb\",\"itemListElement\":[{\"@type\":\"ListItem\",\"position\":1,\"name\":\"Home\",\"item\":\"https:\/\/www.iplay.com\/fr\/home-page-2\/\"},{\"@type\":\"ListItem\",\"position\":2,\"name\":\"Shop\",\"item\":\"https:\/\/www.iplay.com\/en\/shop\/\"},{\"@type\":\"ListItem\",\"position\":3,\"name\":\"Kids of Hellas: Back to Olympus Collector&#8217;s Edition\"}]},{\"@type\":\"WebSite\",\"@id\":\"https:\/\/www.iplay.com\/en\/#website\",\"url\":\"https:\/\/www.iplay.com\/en\/\",\"name\":\"IPlay\",\"description\":\"The Best Casual Games!\",\"publisher\":{\"@id\":\"https:\/\/www.iplay.com\/en\/#organization\"},\"potentialAction\":[{\"@type\":\"SearchAction\",\"target\":{\"@type\":\"EntryPoint\",\"urlTemplate\":\"https:\/\/www.iplay.com\/en\/?s={search_term_string}\"},\"query-input\":{\"@type\":\"PropertyValueSpecification\",\"valueRequired\":true,\"valueName\":\"search_term_string\"}}],\"inLanguage\":\"fr-FR\"},{\"@type\":\"Organization\",\"@id\":\"https:\/\/www.iplay.com\/en\/#organization\",\"name\":\"IPlay\",\"url\":\"https:\/\/www.iplay.com\/en\/\",\"logo\":{\"@type\":\"ImageObject\",\"inLanguage\":\"fr-FR\",\"@id\":\"https:\/\/www.iplay.com\/en\/#\/schema\/logo\/image\/\",\"url\":\"https:\/\/www.iplay.com\/wp-content\/uploads\/2023\/11\/Group-6100.svg\",\"contentUrl\":\"https:\/\/www.iplay.com\/wp-content\/uploads\/2023\/11\/Group-6100.svg\",\"width\":98,\"height\":25,\"caption\":\"IPlay\"},\"image\":{\"@id\":\"https:\/\/www.iplay.com\/en\/#\/schema\/logo\/image\/\"}}]}<\/script>\n<!-- \/ Yoast SEO Premium plugin. -->","yoast_head_json":{"title":"Kids of Hellas\u00a0: Retour \u00e0 l\u2019Olympe Edition Collector - Aidez les enfants oubli\u00e9s de Zeus \u00e0 rentrer chez eux \u00e0 l\u2019Olympe","description":"Zeus a \u00e9t\u00e9 forc\u00e9 d\u2019oublier ses enfants tomb\u00e9s par Had\u00e8s et Ate - Aidez les enfants \u00e0 retourner \u00e0 l\u2019Olympe","robots":{"index":"index","follow":"follow","max-snippet":"max-snippet:-1","max-image-preview":"max-image-preview:large","max-video-preview":"max-video-preview:-1"},"canonical":"https:\/\/www.iplay.com\/fr\/games\/kids-of-hellas-back-to-olympus-collectors-edition\/","og_locale":"fr_FR","og_type":"article","og_title":"Kids of Hellas: Back to Olympus Collector's Edition","og_description":"Zeus a \u00e9t\u00e9 forc\u00e9 d\u2019oublier ses enfants tomb\u00e9s par Had\u00e8s et Ate - Aidez les enfants \u00e0 retourner \u00e0 l\u2019Olympe","og_url":"https:\/\/www.iplay.com\/fr\/games\/kids-of-hellas-back-to-olympus-collectors-edition\/","og_site_name":"IPlay","og_image":[{"width":310,"height":310,"url":"https:\/\/www.iplay.com\/wp-content\/uploads\/2023\/12\/large_square_tile_image-2939.jpg","type":"image\/jpeg"}],"twitter_card":"summary_large_image","twitter_misc":{"Dur\u00e9e de lecture estim\u00e9e":"1 minute"},"schema":{"@context":"https:\/\/schema.org","@graph":[{"@type":"WebPage","@id":"https:\/\/www.iplay.com\/fr\/games\/kids-of-hellas-back-to-olympus-collectors-edition\/","url":"https:\/\/www.iplay.com\/fr\/games\/kids-of-hellas-back-to-olympus-collectors-edition\/","name":"Kids of Hellas\u00a0: Retour \u00e0 l\u2019Olympe Edition Collector - Aidez les enfants oubli\u00e9s de Zeus \u00e0 rentrer chez eux \u00e0 l\u2019Olympe","isPartOf":{"@id":"https:\/\/www.iplay.com\/en\/#website"},"primaryImageOfPage":{"@id":"https:\/\/www.iplay.com\/fr\/games\/kids-of-hellas-back-to-olympus-collectors-edition\/#primaryimage"},"image":{"@id":"https:\/\/www.iplay.com\/fr\/games\/kids-of-hellas-back-to-olympus-collectors-edition\/#primaryimage"},"thumbnailUrl":"https:\/\/www.iplay.com\/wp-content\/uploads\/2023\/12\/large_square_tile_image-2939.jpg","datePublished":"2018-09-26T00:00:00+00:00","description":"Zeus a \u00e9t\u00e9 forc\u00e9 d\u2019oublier ses enfants tomb\u00e9s par Had\u00e8s et Ate - Aidez les enfants \u00e0 retourner \u00e0 l\u2019Olympe","breadcrumb":{"@id":"https:\/\/www.iplay.com\/fr\/games\/kids-of-hellas-back-to-olympus-collectors-edition\/#breadcrumb"},"inLanguage":"fr-FR","potentialAction":[{"@type":"ReadAction","target":["https:\/\/www.iplay.com\/fr\/games\/kids-of-hellas-back-to-olympus-collectors-edition\/"]}]},{"@type":"ImageObject","inLanguage":"fr-FR","@id":"https:\/\/www.iplay.com\/fr\/games\/kids-of-hellas-back-to-olympus-collectors-edition\/#primaryimage","url":"https:\/\/www.iplay.com\/wp-content\/uploads\/2023\/12\/large_square_tile_image-2939.jpg","contentUrl":"https:\/\/www.iplay.com\/wp-content\/uploads\/2023\/12\/large_square_tile_image-2939.jpg","width":310,"height":310},{"@type":"BreadcrumbList","@id":"https:\/\/www.iplay.com\/fr\/games\/kids-of-hellas-back-to-olympus-collectors-edition\/#breadcrumb","itemListElement":[{"@type":"ListItem","position":1,"name":"Home","item":"https:\/\/www.iplay.com\/fr\/home-page-2\/"},{"@type":"ListItem","position":2,"name":"Shop","item":"https:\/\/www.iplay.com\/en\/shop\/"},{"@type":"ListItem","position":3,"name":"Kids of Hellas: Back to Olympus Collector&#8217;s Edition"}]},{"@type":"WebSite","@id":"https:\/\/www.iplay.com\/en\/#website","url":"https:\/\/www.iplay.com\/en\/","name":"IPlay","description":"The Best Casual Games!","publisher":{"@id":"https:\/\/www.iplay.com\/en\/#organization"},"potentialAction":[{"@type":"SearchAction","target":{"@type":"EntryPoint","urlTemplate":"https:\/\/www.iplay.com\/en\/?s={search_term_string}"},"query-input":{"@type":"PropertyValueSpecification","valueRequired":true,"valueName":"search_term_string"}}],"inLanguage":"fr-FR"},{"@type":"Organization","@id":"https:\/\/www.iplay.com\/en\/#organization","name":"IPlay","url":"https:\/\/www.iplay.com\/en\/","logo":{"@type":"ImageObject","inLanguage":"fr-FR","@id":"https:\/\/www.iplay.com\/en\/#\/schema\/logo\/image\/","url":"https:\/\/www.iplay.com\/wp-content\/uploads\/2023\/11\/Group-6100.svg","contentUrl":"https:\/\/www.iplay.com\/wp-content\/uploads\/2023\/11\/Group-6100.svg","width":98,"height":25,"caption":"IPlay"},"image":{"@id":"https:\/\/www.iplay.com\/en\/#\/schema\/logo\/image\/"}}]}},"_links":{"self":[{"href":"https:\/\/www.iplay.com\/fr\/wp-json\/wp\/v2\/product\/39218","targetHints":{"allow":["GET"]}}],"collection":[{"href":"https:\/\/www.iplay.com\/fr\/wp-json\/wp\/v2\/product"}],"about":[{"href":"https:\/\/www.iplay.com\/fr\/wp-json\/wp\/v2\/types\/product"}],"author":[{"embeddable":true,"href":"https:\/\/www.iplay.com\/fr\/wp-json\/wp\/v2\/users\/14"}],"replies":[{"embeddable":true,"href":"https:\/\/www.iplay.com\/fr\/wp-json\/wp\/v2\/comments?post=39218"}],"wp:featuredmedia":[{"embeddable":true,"href":"https:\/\/www.iplay.com\/fr\/wp-json\/wp\/v2\/media\/39222"}],"wp:attachment":[{"href":"https:\/\/www.iplay.com\/fr\/wp-json\/wp\/v2\/media?parent=39218"}],"wp:term":[{"taxonomy":"product_brand","embeddable":true,"href":"https:\/\/www.iplay.com\/fr\/wp-json\/wp\/v2\/product_brand?post=39218"},{"taxonomy":"product_cat","embeddable":true,"href":"https:\/\/www.iplay.com\/fr\/wp-json\/wp\/v2\/product_cat?post=39218"},{"taxonomy":"product_tag","embeddable":true,"href":"https:\/\/www.iplay.com\/fr\/wp-json\/wp\/v2\/product_tag?post=39218"}],"curies":[{"name":"wp","href":"https:\/\/api.w.org\/{rel}","templated":true}]}}