{"id":38870,"date":"2024-12-13T08:30:43","date_gmt":"2024-12-13T08:30:43","guid":{"rendered":"https:\/\/www.iplay.com\/games\/cursed-house-14\/"},"modified":"2025-03-06T09:59:48","modified_gmt":"2025-03-06T09:59:48","slug":"cursed-house-14","status":"publish","type":"product","link":"https:\/\/www.iplay.com\/fr\/games\/cursed-house-14\/","title":{"rendered":"Cursed House 14"},"content":{"rendered":"<p>La s\u00e9rie Cursed House est reconnue comme une version plus exigeante des jeux de Match-3 traditionnels. Le gameplay classique est m\u00e9lang\u00e9 de mani\u00e8re transparente avec des conceptions de puzzles complexes qui n\u00e9cessitent une strat\u00e9gie et une r\u00e9solution de probl\u00e8mes minutieuses. Au-del\u00e0 de l\u2019association des tuiles, des d\u00e9fis suppl\u00e9mentaires sont pr\u00e9sent\u00e9s gr\u00e2ce aux modes Mouvements d\u00e9tendus ou Limit\u00e9s, o\u00f9 chaque mouvement doit \u00eatre soigneusement planifi\u00e9 pour une efficacit\u00e9 maximale.  <\/p>\n<p><strong>Fonctionnalit\u00e9s<\/strong><\/p>\n<ul>\n<li><em>90 niveaux de match-3 uniques &#8211; <\/em>Chaque niveau est am\u00e9lior\u00e9 par un syst\u00e8me d\u2019indices interactif pour guider les joueurs \u00e0 travers les endroits difficiles, garantissant l\u2019accessibilit\u00e9 pour tous les niveaux de comp\u00e9tence.<\/li>\n<li><em>8 Sc\u00e8nes qui font la diff\u00e9rence &#8211; <\/em>Des d\u00e9fis visuels sont inclus pour ajouter de la vari\u00e9t\u00e9 et tester l\u2019attention des joueurs aux d\u00e9tails.<\/li>\n<li><em>25 Jeux de Diamant &#8211; <\/em>Des \u00e9nigmes sur le th\u00e8me des bijoux sont propos\u00e9es pour offrir un gameplay engageant et \u00e9nergique.<\/li>\n<li><em>15 jeux de solitaire &#8211; <\/em>Des jeux de cartes classiques sont incorpor\u00e9s pour offrir un changement de rythme rafra\u00eechissant.<\/li>\n<\/ul>\n<p>&nbsp;<\/p>\n<p>Cette s\u00e9rie a \u00e9t\u00e9 soigneusement con\u00e7ue pour offrir une exp\u00e9rience riche et enrichissante aux amateurs de puzzles. Qu\u2019il s\u2019agisse d\u2019une session de jeu rapide ou d\u2019heures de jeu immersif, les jeux Cursed House garantissent que les joueurs de tous niveaux sont mis au d\u00e9fi, divertis et soutenus.<\/p>\n","protected":false},"excerpt":{"rendered":"<p>Affrontez les \u00e9nigmes de Match-3 les plus difficiles dans <strong>Cursed House 14<\/strong><\/p>\n","protected":false},"author":40,"featured_media":38871,"comment_status":"open","ping_status":"closed","template":"","meta":{"_acf_changed":false,"inline_featured_image":false},"product_brand":[],"product_cat":[177],"product_tag":[287],"class_list":{"0":"post-38870","1":"product","2":"type-product","3":"status-publish","4":"has-post-thumbnail","6":"product_cat-match-3-fr","7":"product_tag-play-on-pc-fr","9":"first","10":"instock","11":"shipping-taxable","12":"purchasable","13":"product-type-simple"},"acf":[],"yoast_head":"<!-- This site is optimized with the Yoast SEO Premium plugin v25.2 (Yoast SEO v25.2) - https:\/\/yoast.com\/wordpress\/plugins\/seo\/ -->\n<title>Affrontez les \u00e9nigmes de Match-3 les plus difficiles dans Cursed House 14<\/title>\n<meta name=\"description\" content=\"Affrontez les \u00e9nigmes de Match-3 les plus difficiles dans Cursed House 14\" \/>\n<meta name=\"robots\" content=\"index, follow, max-snippet:-1, max-image-preview:large, max-video-preview:-1\" \/>\n<link rel=\"canonical\" href=\"https:\/\/www.iplay.com\/fr\/games\/cursed-house-14\/\" \/>\n<meta property=\"og:locale\" content=\"fr_FR\" \/>\n<meta property=\"og:type\" content=\"article\" \/>\n<meta property=\"og:title\" content=\"Cursed House 14\" \/>\n<meta property=\"og:description\" content=\"Affrontez les \u00e9nigmes de Match-3 les plus difficiles dans Cursed House 14\" \/>\n<meta property=\"og:url\" content=\"https:\/\/www.iplay.com\/fr\/games\/cursed-house-14\/\" \/>\n<meta property=\"og:site_name\" content=\"IPlay\" \/>\n<meta property=\"article:modified_time\" content=\"2025-03-06T09:59:48+00:00\" \/>\n<meta property=\"og:image\" content=\"https:\/\/www.iplay.com\/wp-content\/uploads\/2024\/12\/cursed_house_14_large_square_tile_image.webp\" \/>\n\t<meta property=\"og:image:width\" content=\"400\" \/>\n\t<meta property=\"og:image:height\" content=\"400\" \/>\n\t<meta property=\"og:image:type\" content=\"image\/webp\" \/>\n<meta name=\"twitter:card\" content=\"summary_large_image\" \/>\n<meta name=\"twitter:label1\" content=\"Dur\u00e9e de lecture estim\u00e9e\" \/>\n\t<meta name=\"twitter:data1\" content=\"1 minute\" \/>\n<script type=\"application\/ld+json\" class=\"yoast-schema-graph\">{\"@context\":\"https:\/\/schema.org\",\"@graph\":[{\"@type\":\"WebPage\",\"@id\":\"https:\/\/www.iplay.com\/fr\/games\/cursed-house-14\/\",\"url\":\"https:\/\/www.iplay.com\/fr\/games\/cursed-house-14\/\",\"name\":\"Affrontez les \u00e9nigmes de Match-3 les plus difficiles dans Cursed House 14\",\"isPartOf\":{\"@id\":\"https:\/\/www.iplay.com\/en\/#website\"},\"primaryImageOfPage\":{\"@id\":\"https:\/\/www.iplay.com\/fr\/games\/cursed-house-14\/#primaryimage\"},\"image\":{\"@id\":\"https:\/\/www.iplay.com\/fr\/games\/cursed-house-14\/#primaryimage\"},\"thumbnailUrl\":\"https:\/\/www.iplay.com\/wp-content\/uploads\/2024\/12\/cursed_house_14_large_square_tile_image.webp\",\"datePublished\":\"2024-12-13T08:30:43+00:00\",\"dateModified\":\"2025-03-06T09:59:48+00:00\",\"description\":\"Affrontez les \u00e9nigmes de Match-3 les plus difficiles dans Cursed House 14\",\"breadcrumb\":{\"@id\":\"https:\/\/www.iplay.com\/fr\/games\/cursed-house-14\/#breadcrumb\"},\"inLanguage\":\"fr-FR\",\"potentialAction\":[{\"@type\":\"ReadAction\",\"target\":[\"https:\/\/www.iplay.com\/fr\/games\/cursed-house-14\/\"]}]},{\"@type\":\"ImageObject\",\"inLanguage\":\"fr-FR\",\"@id\":\"https:\/\/www.iplay.com\/fr\/games\/cursed-house-14\/#primaryimage\",\"url\":\"https:\/\/www.iplay.com\/wp-content\/uploads\/2024\/12\/cursed_house_14_large_square_tile_image.webp\",\"contentUrl\":\"https:\/\/www.iplay.com\/wp-content\/uploads\/2024\/12\/cursed_house_14_large_square_tile_image.webp\",\"width\":400,\"height\":400},{\"@type\":\"BreadcrumbList\",\"@id\":\"https:\/\/www.iplay.com\/fr\/games\/cursed-house-14\/#breadcrumb\",\"itemListElement\":[{\"@type\":\"ListItem\",\"position\":1,\"name\":\"Home\",\"item\":\"https:\/\/www.iplay.com\/fr\/home-page-2\/\"},{\"@type\":\"ListItem\",\"position\":2,\"name\":\"Shop\",\"item\":\"https:\/\/www.iplay.com\/en\/shop\/\"},{\"@type\":\"ListItem\",\"position\":3,\"name\":\"Cursed House 14\"}]},{\"@type\":\"WebSite\",\"@id\":\"https:\/\/www.iplay.com\/en\/#website\",\"url\":\"https:\/\/www.iplay.com\/en\/\",\"name\":\"IPlay\",\"description\":\"The Best Casual Games!\",\"publisher\":{\"@id\":\"https:\/\/www.iplay.com\/en\/#organization\"},\"potentialAction\":[{\"@type\":\"SearchAction\",\"target\":{\"@type\":\"EntryPoint\",\"urlTemplate\":\"https:\/\/www.iplay.com\/en\/?s={search_term_string}\"},\"query-input\":{\"@type\":\"PropertyValueSpecification\",\"valueRequired\":true,\"valueName\":\"search_term_string\"}}],\"inLanguage\":\"fr-FR\"},{\"@type\":\"Organization\",\"@id\":\"https:\/\/www.iplay.com\/en\/#organization\",\"name\":\"IPlay\",\"url\":\"https:\/\/www.iplay.com\/en\/\",\"logo\":{\"@type\":\"ImageObject\",\"inLanguage\":\"fr-FR\",\"@id\":\"https:\/\/www.iplay.com\/en\/#\/schema\/logo\/image\/\",\"url\":\"https:\/\/www.iplay.com\/wp-content\/uploads\/2023\/11\/Group-6100.svg\",\"contentUrl\":\"https:\/\/www.iplay.com\/wp-content\/uploads\/2023\/11\/Group-6100.svg\",\"width\":98,\"height\":25,\"caption\":\"IPlay\"},\"image\":{\"@id\":\"https:\/\/www.iplay.com\/en\/#\/schema\/logo\/image\/\"}}]}<\/script>\n<!-- \/ Yoast SEO Premium plugin. -->","yoast_head_json":{"title":"Affrontez les \u00e9nigmes de Match-3 les plus difficiles dans Cursed House 14","description":"Affrontez les \u00e9nigmes de Match-3 les plus difficiles dans Cursed House 14","robots":{"index":"index","follow":"follow","max-snippet":"max-snippet:-1","max-image-preview":"max-image-preview:large","max-video-preview":"max-video-preview:-1"},"canonical":"https:\/\/www.iplay.com\/fr\/games\/cursed-house-14\/","og_locale":"fr_FR","og_type":"article","og_title":"Cursed House 14","og_description":"Affrontez les \u00e9nigmes de Match-3 les plus difficiles dans Cursed House 14","og_url":"https:\/\/www.iplay.com\/fr\/games\/cursed-house-14\/","og_site_name":"IPlay","article_modified_time":"2025-03-06T09:59:48+00:00","og_image":[{"width":400,"height":400,"url":"https:\/\/www.iplay.com\/wp-content\/uploads\/2024\/12\/cursed_house_14_large_square_tile_image.webp","type":"image\/webp"}],"twitter_card":"summary_large_image","twitter_misc":{"Dur\u00e9e de lecture estim\u00e9e":"1 minute"},"schema":{"@context":"https:\/\/schema.org","@graph":[{"@type":"WebPage","@id":"https:\/\/www.iplay.com\/fr\/games\/cursed-house-14\/","url":"https:\/\/www.iplay.com\/fr\/games\/cursed-house-14\/","name":"Affrontez les \u00e9nigmes de Match-3 les plus difficiles dans Cursed House 14","isPartOf":{"@id":"https:\/\/www.iplay.com\/en\/#website"},"primaryImageOfPage":{"@id":"https:\/\/www.iplay.com\/fr\/games\/cursed-house-14\/#primaryimage"},"image":{"@id":"https:\/\/www.iplay.com\/fr\/games\/cursed-house-14\/#primaryimage"},"thumbnailUrl":"https:\/\/www.iplay.com\/wp-content\/uploads\/2024\/12\/cursed_house_14_large_square_tile_image.webp","datePublished":"2024-12-13T08:30:43+00:00","dateModified":"2025-03-06T09:59:48+00:00","description":"Affrontez les \u00e9nigmes de Match-3 les plus difficiles dans Cursed House 14","breadcrumb":{"@id":"https:\/\/www.iplay.com\/fr\/games\/cursed-house-14\/#breadcrumb"},"inLanguage":"fr-FR","potentialAction":[{"@type":"ReadAction","target":["https:\/\/www.iplay.com\/fr\/games\/cursed-house-14\/"]}]},{"@type":"ImageObject","inLanguage":"fr-FR","@id":"https:\/\/www.iplay.com\/fr\/games\/cursed-house-14\/#primaryimage","url":"https:\/\/www.iplay.com\/wp-content\/uploads\/2024\/12\/cursed_house_14_large_square_tile_image.webp","contentUrl":"https:\/\/www.iplay.com\/wp-content\/uploads\/2024\/12\/cursed_house_14_large_square_tile_image.webp","width":400,"height":400},{"@type":"BreadcrumbList","@id":"https:\/\/www.iplay.com\/fr\/games\/cursed-house-14\/#breadcrumb","itemListElement":[{"@type":"ListItem","position":1,"name":"Home","item":"https:\/\/www.iplay.com\/fr\/home-page-2\/"},{"@type":"ListItem","position":2,"name":"Shop","item":"https:\/\/www.iplay.com\/en\/shop\/"},{"@type":"ListItem","position":3,"name":"Cursed House 14"}]},{"@type":"WebSite","@id":"https:\/\/www.iplay.com\/en\/#website","url":"https:\/\/www.iplay.com\/en\/","name":"IPlay","description":"The Best Casual Games!","publisher":{"@id":"https:\/\/www.iplay.com\/en\/#organization"},"potentialAction":[{"@type":"SearchAction","target":{"@type":"EntryPoint","urlTemplate":"https:\/\/www.iplay.com\/en\/?s={search_term_string}"},"query-input":{"@type":"PropertyValueSpecification","valueRequired":true,"valueName":"search_term_string"}}],"inLanguage":"fr-FR"},{"@type":"Organization","@id":"https:\/\/www.iplay.com\/en\/#organization","name":"IPlay","url":"https:\/\/www.iplay.com\/en\/","logo":{"@type":"ImageObject","inLanguage":"fr-FR","@id":"https:\/\/www.iplay.com\/en\/#\/schema\/logo\/image\/","url":"https:\/\/www.iplay.com\/wp-content\/uploads\/2023\/11\/Group-6100.svg","contentUrl":"https:\/\/www.iplay.com\/wp-content\/uploads\/2023\/11\/Group-6100.svg","width":98,"height":25,"caption":"IPlay"},"image":{"@id":"https:\/\/www.iplay.com\/en\/#\/schema\/logo\/image\/"}}]}},"_links":{"self":[{"href":"https:\/\/www.iplay.com\/fr\/wp-json\/wp\/v2\/product\/38870","targetHints":{"allow":["GET"]}}],"collection":[{"href":"https:\/\/www.iplay.com\/fr\/wp-json\/wp\/v2\/product"}],"about":[{"href":"https:\/\/www.iplay.com\/fr\/wp-json\/wp\/v2\/types\/product"}],"author":[{"embeddable":true,"href":"https:\/\/www.iplay.com\/fr\/wp-json\/wp\/v2\/users\/40"}],"replies":[{"embeddable":true,"href":"https:\/\/www.iplay.com\/fr\/wp-json\/wp\/v2\/comments?post=38870"}],"wp:featuredmedia":[{"embeddable":true,"href":"https:\/\/www.iplay.com\/fr\/wp-json\/wp\/v2\/media\/38871"}],"wp:attachment":[{"href":"https:\/\/www.iplay.com\/fr\/wp-json\/wp\/v2\/media?parent=38870"}],"wp:term":[{"taxonomy":"product_brand","embeddable":true,"href":"https:\/\/www.iplay.com\/fr\/wp-json\/wp\/v2\/product_brand?post=38870"},{"taxonomy":"product_cat","embeddable":true,"href":"https:\/\/www.iplay.com\/fr\/wp-json\/wp\/v2\/product_cat?post=38870"},{"taxonomy":"product_tag","embeddable":true,"href":"https:\/\/www.iplay.com\/fr\/wp-json\/wp\/v2\/product_tag?post=38870"}],"curies":[{"name":"wp","href":"https:\/\/api.w.org\/{rel}","templated":true}]}}