{"id":38470,"date":"2015-02-25T00:00:00","date_gmt":"2015-02-25T00:00:00","guid":{"rendered":"https:\/\/www.iplay.com\/games\/fables-of-the-kingdom-premium-edition\/"},"modified":"2015-02-25T00:00:00","modified_gmt":"2015-02-25T00:00:00","slug":"fables-of-the-kingdom-premium-edition","status":"publish","type":"product","link":"https:\/\/www.iplay.com\/fr\/games\/fables-of-the-kingdom-premium-edition\/","title":{"rendered":"Fables of the Kingdom Premium Edition"},"content":{"rendered":"<p>D\u00e9couvrez les Fables of the Kingdom Premium Edition et savourez un voyage virtuel palpitant ! Un royaume autrefois magnifique est en ruines \u00e0 la suite de l\u2019invasion du sorcier mal\u00e9fique. Il enleva la princesse ador\u00e9e et d\u00e9molit tout ce qui se trouvait sur son chemin. Le roi invite un jeune homme vaillant \u00e0 venir en aide \u00e0 sa fille. Pouvez-vous aider ce h\u00e9ros \u00e0 accomplir sa qu\u00eate difficile ? Jouez \u00e0 Fables of the Kingdom Premium Edition et sauvez la princesse ! Vous pouvez d\u00e9sormais sauter les intros dans cette version am\u00e9lior\u00e9e du jeu. De plus, le multi-clic est activ\u00e9.       <\/p>\n<p>&nbsp;<\/p>\n<p>&nbsp;<\/p>\n<p><strong>Fonctionnalit\u00e9s:<\/strong><\/p>\n<p>&nbsp;<\/p>\n<p>&#8211; Lancez-vous dans une qu\u00eate palpitante pour sauver la princesse du sorcier<br \/>\n mal\u00e9fique- Jouez \u00e0 une tonne de niveaux d\u2019action\/simulation difficiles et accomplissez toutes les t\u00e2ches<br \/>\n&#8211; G\u00e9rez les ressources, rassemblez de la nourriture, d\u00e9gagez les routes, affectez des ouvriers, etc<br \/>\n.- Relevez de nombreux d\u00e9fis incroyables pour remporter les 25 r\u00e9alisations fantastiques<\/p>\n","protected":false},"excerpt":{"rendered":"<p>Jouez au jeu de simulation passionnant Fables of the Kingdom pour sauver la princesse qui a \u00e9t\u00e9 enlev\u00e9e !<\/p>\n","protected":false},"author":51,"featured_media":38472,"comment_status":"open","ping_status":"closed","template":"","meta":{"_acf_changed":false,"inline_featured_image":false},"product_brand":[],"product_cat":[216],"product_tag":[287],"class_list":{"0":"post-38470","1":"product","2":"type-product","3":"status-publish","4":"has-post-thumbnail","6":"product_cat-time-management-fr","7":"product_tag-play-on-pc-fr","9":"first","10":"instock","11":"shipping-taxable","12":"purchasable","13":"product-type-simple"},"acf":[],"yoast_head":"<!-- This site is optimized with the Yoast SEO Premium plugin v25.2 (Yoast SEO v25.2) - https:\/\/yoast.com\/wordpress\/plugins\/seo\/ -->\n<title>Fables of the Kingdom Premium Edition - Jouez \u00e0 Fables of the Kingdom, sauvez la princesse kidnapp\u00e9e<\/title>\n<meta name=\"description\" content=\"Jouez au jeu de simulation passionnant Fables of the Kingdom pour sauver la princesse qui a \u00e9t\u00e9 enlev\u00e9e !\" \/>\n<meta name=\"robots\" content=\"index, follow, max-snippet:-1, max-image-preview:large, max-video-preview:-1\" \/>\n<link rel=\"canonical\" href=\"https:\/\/www.iplay.com\/fr\/games\/fables-of-the-kingdom-premium-edition\/\" \/>\n<meta property=\"og:locale\" content=\"fr_FR\" \/>\n<meta property=\"og:type\" content=\"article\" \/>\n<meta property=\"og:title\" content=\"Fables of the Kingdom Premium Edition\" \/>\n<meta property=\"og:description\" content=\"Jouez au jeu de simulation passionnant Fables of the Kingdom pour sauver la princesse qui a \u00e9t\u00e9 enlev\u00e9e !\" \/>\n<meta property=\"og:url\" content=\"https:\/\/www.iplay.com\/fr\/games\/fables-of-the-kingdom-premium-edition\/\" \/>\n<meta property=\"og:site_name\" content=\"IPlay\" \/>\n<meta property=\"og:image\" content=\"https:\/\/www.iplay.com\/wp-content\/uploads\/2023\/12\/large_square_tile_image-813.jpg\" \/>\n\t<meta property=\"og:image:width\" content=\"310\" \/>\n\t<meta property=\"og:image:height\" content=\"310\" \/>\n\t<meta property=\"og:image:type\" content=\"image\/jpeg\" \/>\n<meta name=\"twitter:card\" content=\"summary_large_image\" \/>\n<meta name=\"twitter:label1\" content=\"Dur\u00e9e de lecture estim\u00e9e\" \/>\n\t<meta name=\"twitter:data1\" content=\"1 minute\" \/>\n<script type=\"application\/ld+json\" class=\"yoast-schema-graph\">{\"@context\":\"https:\/\/schema.org\",\"@graph\":[{\"@type\":\"WebPage\",\"@id\":\"https:\/\/www.iplay.com\/fr\/games\/fables-of-the-kingdom-premium-edition\/\",\"url\":\"https:\/\/www.iplay.com\/fr\/games\/fables-of-the-kingdom-premium-edition\/\",\"name\":\"Fables of the Kingdom Premium Edition - Jouez \u00e0 Fables of the Kingdom, sauvez la princesse kidnapp\u00e9e\",\"isPartOf\":{\"@id\":\"https:\/\/www.iplay.com\/en\/#website\"},\"primaryImageOfPage\":{\"@id\":\"https:\/\/www.iplay.com\/fr\/games\/fables-of-the-kingdom-premium-edition\/#primaryimage\"},\"image\":{\"@id\":\"https:\/\/www.iplay.com\/fr\/games\/fables-of-the-kingdom-premium-edition\/#primaryimage\"},\"thumbnailUrl\":\"https:\/\/www.iplay.com\/wp-content\/uploads\/2023\/12\/large_square_tile_image-813.jpg\",\"datePublished\":\"2015-02-25T00:00:00+00:00\",\"description\":\"Jouez au jeu de simulation passionnant Fables of the Kingdom pour sauver la princesse qui a \u00e9t\u00e9 enlev\u00e9e !\",\"breadcrumb\":{\"@id\":\"https:\/\/www.iplay.com\/fr\/games\/fables-of-the-kingdom-premium-edition\/#breadcrumb\"},\"inLanguage\":\"fr-FR\",\"potentialAction\":[{\"@type\":\"ReadAction\",\"target\":[\"https:\/\/www.iplay.com\/fr\/games\/fables-of-the-kingdom-premium-edition\/\"]}]},{\"@type\":\"ImageObject\",\"inLanguage\":\"fr-FR\",\"@id\":\"https:\/\/www.iplay.com\/fr\/games\/fables-of-the-kingdom-premium-edition\/#primaryimage\",\"url\":\"https:\/\/www.iplay.com\/wp-content\/uploads\/2023\/12\/large_square_tile_image-813.jpg\",\"contentUrl\":\"https:\/\/www.iplay.com\/wp-content\/uploads\/2023\/12\/large_square_tile_image-813.jpg\",\"width\":310,\"height\":310},{\"@type\":\"BreadcrumbList\",\"@id\":\"https:\/\/www.iplay.com\/fr\/games\/fables-of-the-kingdom-premium-edition\/#breadcrumb\",\"itemListElement\":[{\"@type\":\"ListItem\",\"position\":1,\"name\":\"Home\",\"item\":\"https:\/\/www.iplay.com\/fr\/home-page-2\/\"},{\"@type\":\"ListItem\",\"position\":2,\"name\":\"Shop\",\"item\":\"https:\/\/www.iplay.com\/en\/shop\/\"},{\"@type\":\"ListItem\",\"position\":3,\"name\":\"Fables of the Kingdom Premium Edition\"}]},{\"@type\":\"WebSite\",\"@id\":\"https:\/\/www.iplay.com\/en\/#website\",\"url\":\"https:\/\/www.iplay.com\/en\/\",\"name\":\"IPlay\",\"description\":\"The Best Casual Games!\",\"publisher\":{\"@id\":\"https:\/\/www.iplay.com\/en\/#organization\"},\"potentialAction\":[{\"@type\":\"SearchAction\",\"target\":{\"@type\":\"EntryPoint\",\"urlTemplate\":\"https:\/\/www.iplay.com\/en\/?s={search_term_string}\"},\"query-input\":{\"@type\":\"PropertyValueSpecification\",\"valueRequired\":true,\"valueName\":\"search_term_string\"}}],\"inLanguage\":\"fr-FR\"},{\"@type\":\"Organization\",\"@id\":\"https:\/\/www.iplay.com\/en\/#organization\",\"name\":\"IPlay\",\"url\":\"https:\/\/www.iplay.com\/en\/\",\"logo\":{\"@type\":\"ImageObject\",\"inLanguage\":\"fr-FR\",\"@id\":\"https:\/\/www.iplay.com\/en\/#\/schema\/logo\/image\/\",\"url\":\"https:\/\/www.iplay.com\/wp-content\/uploads\/2023\/11\/Group-6100.svg\",\"contentUrl\":\"https:\/\/www.iplay.com\/wp-content\/uploads\/2023\/11\/Group-6100.svg\",\"width\":98,\"height\":25,\"caption\":\"IPlay\"},\"image\":{\"@id\":\"https:\/\/www.iplay.com\/en\/#\/schema\/logo\/image\/\"}}]}<\/script>\n<!-- \/ Yoast SEO Premium plugin. -->","yoast_head_json":{"title":"Fables of the Kingdom Premium Edition - Jouez \u00e0 Fables of the Kingdom, sauvez la princesse kidnapp\u00e9e","description":"Jouez au jeu de simulation passionnant Fables of the Kingdom pour sauver la princesse qui a \u00e9t\u00e9 enlev\u00e9e !","robots":{"index":"index","follow":"follow","max-snippet":"max-snippet:-1","max-image-preview":"max-image-preview:large","max-video-preview":"max-video-preview:-1"},"canonical":"https:\/\/www.iplay.com\/fr\/games\/fables-of-the-kingdom-premium-edition\/","og_locale":"fr_FR","og_type":"article","og_title":"Fables of the Kingdom Premium Edition","og_description":"Jouez au jeu de simulation passionnant Fables of the Kingdom pour sauver la princesse qui a \u00e9t\u00e9 enlev\u00e9e !","og_url":"https:\/\/www.iplay.com\/fr\/games\/fables-of-the-kingdom-premium-edition\/","og_site_name":"IPlay","og_image":[{"width":310,"height":310,"url":"https:\/\/www.iplay.com\/wp-content\/uploads\/2023\/12\/large_square_tile_image-813.jpg","type":"image\/jpeg"}],"twitter_card":"summary_large_image","twitter_misc":{"Dur\u00e9e de lecture estim\u00e9e":"1 minute"},"schema":{"@context":"https:\/\/schema.org","@graph":[{"@type":"WebPage","@id":"https:\/\/www.iplay.com\/fr\/games\/fables-of-the-kingdom-premium-edition\/","url":"https:\/\/www.iplay.com\/fr\/games\/fables-of-the-kingdom-premium-edition\/","name":"Fables of the Kingdom Premium Edition - Jouez \u00e0 Fables of the Kingdom, sauvez la princesse kidnapp\u00e9e","isPartOf":{"@id":"https:\/\/www.iplay.com\/en\/#website"},"primaryImageOfPage":{"@id":"https:\/\/www.iplay.com\/fr\/games\/fables-of-the-kingdom-premium-edition\/#primaryimage"},"image":{"@id":"https:\/\/www.iplay.com\/fr\/games\/fables-of-the-kingdom-premium-edition\/#primaryimage"},"thumbnailUrl":"https:\/\/www.iplay.com\/wp-content\/uploads\/2023\/12\/large_square_tile_image-813.jpg","datePublished":"2015-02-25T00:00:00+00:00","description":"Jouez au jeu de simulation passionnant Fables of the Kingdom pour sauver la princesse qui a \u00e9t\u00e9 enlev\u00e9e !","breadcrumb":{"@id":"https:\/\/www.iplay.com\/fr\/games\/fables-of-the-kingdom-premium-edition\/#breadcrumb"},"inLanguage":"fr-FR","potentialAction":[{"@type":"ReadAction","target":["https:\/\/www.iplay.com\/fr\/games\/fables-of-the-kingdom-premium-edition\/"]}]},{"@type":"ImageObject","inLanguage":"fr-FR","@id":"https:\/\/www.iplay.com\/fr\/games\/fables-of-the-kingdom-premium-edition\/#primaryimage","url":"https:\/\/www.iplay.com\/wp-content\/uploads\/2023\/12\/large_square_tile_image-813.jpg","contentUrl":"https:\/\/www.iplay.com\/wp-content\/uploads\/2023\/12\/large_square_tile_image-813.jpg","width":310,"height":310},{"@type":"BreadcrumbList","@id":"https:\/\/www.iplay.com\/fr\/games\/fables-of-the-kingdom-premium-edition\/#breadcrumb","itemListElement":[{"@type":"ListItem","position":1,"name":"Home","item":"https:\/\/www.iplay.com\/fr\/home-page-2\/"},{"@type":"ListItem","position":2,"name":"Shop","item":"https:\/\/www.iplay.com\/en\/shop\/"},{"@type":"ListItem","position":3,"name":"Fables of the Kingdom Premium Edition"}]},{"@type":"WebSite","@id":"https:\/\/www.iplay.com\/en\/#website","url":"https:\/\/www.iplay.com\/en\/","name":"IPlay","description":"The Best Casual Games!","publisher":{"@id":"https:\/\/www.iplay.com\/en\/#organization"},"potentialAction":[{"@type":"SearchAction","target":{"@type":"EntryPoint","urlTemplate":"https:\/\/www.iplay.com\/en\/?s={search_term_string}"},"query-input":{"@type":"PropertyValueSpecification","valueRequired":true,"valueName":"search_term_string"}}],"inLanguage":"fr-FR"},{"@type":"Organization","@id":"https:\/\/www.iplay.com\/en\/#organization","name":"IPlay","url":"https:\/\/www.iplay.com\/en\/","logo":{"@type":"ImageObject","inLanguage":"fr-FR","@id":"https:\/\/www.iplay.com\/en\/#\/schema\/logo\/image\/","url":"https:\/\/www.iplay.com\/wp-content\/uploads\/2023\/11\/Group-6100.svg","contentUrl":"https:\/\/www.iplay.com\/wp-content\/uploads\/2023\/11\/Group-6100.svg","width":98,"height":25,"caption":"IPlay"},"image":{"@id":"https:\/\/www.iplay.com\/en\/#\/schema\/logo\/image\/"}}]}},"_links":{"self":[{"href":"https:\/\/www.iplay.com\/fr\/wp-json\/wp\/v2\/product\/38470","targetHints":{"allow":["GET"]}}],"collection":[{"href":"https:\/\/www.iplay.com\/fr\/wp-json\/wp\/v2\/product"}],"about":[{"href":"https:\/\/www.iplay.com\/fr\/wp-json\/wp\/v2\/types\/product"}],"author":[{"embeddable":true,"href":"https:\/\/www.iplay.com\/fr\/wp-json\/wp\/v2\/users\/51"}],"replies":[{"embeddable":true,"href":"https:\/\/www.iplay.com\/fr\/wp-json\/wp\/v2\/comments?post=38470"}],"wp:featuredmedia":[{"embeddable":true,"href":"https:\/\/www.iplay.com\/fr\/wp-json\/wp\/v2\/media\/38472"}],"wp:attachment":[{"href":"https:\/\/www.iplay.com\/fr\/wp-json\/wp\/v2\/media?parent=38470"}],"wp:term":[{"taxonomy":"product_brand","embeddable":true,"href":"https:\/\/www.iplay.com\/fr\/wp-json\/wp\/v2\/product_brand?post=38470"},{"taxonomy":"product_cat","embeddable":true,"href":"https:\/\/www.iplay.com\/fr\/wp-json\/wp\/v2\/product_cat?post=38470"},{"taxonomy":"product_tag","embeddable":true,"href":"https:\/\/www.iplay.com\/fr\/wp-json\/wp\/v2\/product_tag?post=38470"}],"curies":[{"name":"wp","href":"https:\/\/api.w.org\/{rel}","templated":true}]}}