{"id":38359,"date":"2024-12-27T08:30:50","date_gmt":"2024-12-27T08:30:50","guid":{"rendered":"https:\/\/www.iplay.com\/games\/jewel-match-solitaire-winterscapes-3-collectors-edition\/"},"modified":"2025-02-28T16:03:14","modified_gmt":"2025-02-28T16:03:14","slug":"jewel-match-solitaire-winterscapes-3-collectors-edition","status":"publish","type":"product","link":"https:\/\/www.iplay.com\/fr\/games\/jewel-match-solitaire-winterscapes-3-collectors-edition\/","title":{"rendered":"Jewel Match Solitaire Winterscapes 3 Collector&#8217;s Edition"},"content":{"rendered":"<p>La magie du solitaire prend vie lors d\u2019un voyage festif o\u00f9 les cartes s\u2019empilent et les journ\u00e9es s\u2019\u00e9g\u00e8lent. Plus d\u2019un millier de niveaux sont explor\u00e9s, avec des classiques intemporels comme Klondike et Spider, ainsi que de nouveaux jeux passionnants tels que Lily Garden et Simonetta. <\/p>\n<p>Un pays des merveilles hivernales \u00e9blouissant est mis en valeur, avec des toiles de fond se transformant dans une lumi\u00e8re magique &#8211; d\u2019un chalet confortable \u00e0 un palais enneig\u00e9, chaque sc\u00e8ne ravit au fur et \u00e0 mesure que les progr\u00e8s progressent.<\/p>\n<p>Des qu\u00eates festives sont lanc\u00e9es, avec des d\u00e9cors d\u2019hiver collect\u00e9s pour donner vie \u00e0 des lieux enchanteurs. Les bonus sont d\u00e9bloqu\u00e9s dans plusieurs modes, notamment Standard, Difficile et D\u00e9tendu, offrant une exp\u00e9rience de jeu personnalis\u00e9e. Les images et les sons des vacances assurent une pure joie saisonni\u00e8re.  <\/p>\n<p>La victoire est c\u00e9l\u00e9br\u00e9e dans <strong>Jewel Match Solitaire Winterscapes 3<\/strong>, o\u00f9 les flocons de neige guident le chemin vers le triomphe dans la fr\u00e9n\u00e9sie de solitaire la plus captivante de l\u2019ann\u00e9e.<\/p>\n<p>&nbsp;<\/p>\n<p><strong>Caract\u00e9ristiques de l\u2019\u00e9dition collector<\/strong><\/p>\n<ul>\n<li>Plus de 1 000 niveaux de solitaire \u00e0 appr\u00e9cier.<\/li>\n<li>6 jeux classiques, dont Klondike, Spider et Freecell.<\/li>\n<li>18 variantes suppl\u00e9mentaires comme Tib\u00e8re et Nabulio.<\/li>\n<li>10 lieux glac\u00e9s enchanteurs restaur\u00e9s.<\/li>\n<li>4 modes de jeu : Normal, Difficile, D\u00e9tendu et Chronom\u00e9tr\u00e9.<\/li>\n<li>Niveaux bonus : supersize, d\u00e9fi, match-2 et suit\u2019n\u2019rank.<\/li>\n<li>Qu\u00eates festives et jeux de cartes \u00e0 collectionner inclus.<\/li>\n<li>Des fonds d\u2019\u00e9cran d\u00e9blocables et une bande-son apaisante pour les f\u00eates.<\/li>\n<\/ul>\n","protected":false},"excerpt":{"rendered":"<p>Empilez les cartes et r\u00e9pandez la joie avec le plaisir festif du solitaire dans <strong>Jewel Match Solitaire Winterscapes 3 Collector\u2019s Edition<\/strong><\/p>\n","protected":false},"author":20,"featured_media":38362,"comment_status":"open","ping_status":"closed","template":"","meta":{"_acf_changed":false,"inline_featured_image":false},"product_brand":[],"product_cat":[155,207],"product_tag":[287,265],"class_list":{"0":"post-38359","1":"product","2":"type-product","3":"status-publish","4":"has-post-thumbnail","6":"product_cat-card-fr-2","7":"product_cat-solitaire-fr","8":"product_tag-play-on-pc-fr","9":"product_tag-jewel-match-solitaire-series-fr","11":"first","12":"instock","13":"shipping-taxable","14":"purchasable","15":"product-type-simple"},"acf":[],"yoast_head":"<!-- This site is optimized with the Yoast SEO Premium plugin v25.2 (Yoast SEO v25.2) - https:\/\/yoast.com\/wordpress\/plugins\/seo\/ -->\n<title>Jewel Match Solitaire Winterscapes 3 - r\u00e9pandez la joie avec du solitaire festif !<\/title>\n<meta name=\"description\" content=\"Empilez les cartes et r\u00e9pandez la joie avec le plaisir festif du solitaire dans Jewel Match Solitaire Winterscapes 3 Collector\u2019s Edition\" \/>\n<meta name=\"robots\" content=\"index, follow, max-snippet:-1, max-image-preview:large, max-video-preview:-1\" \/>\n<link rel=\"canonical\" href=\"https:\/\/www.iplay.com\/fr\/games\/jewel-match-solitaire-winterscapes-3-collectors-edition\/\" \/>\n<meta property=\"og:locale\" content=\"fr_FR\" \/>\n<meta property=\"og:type\" content=\"article\" \/>\n<meta property=\"og:title\" content=\"Jewel Match Solitaire Winterscapes 3 Collector&#039;s Edition\" \/>\n<meta property=\"og:description\" content=\"Empilez les cartes et r\u00e9pandez la joie avec le plaisir festif du solitaire dans Jewel Match Solitaire Winterscapes 3 Collector\u2019s Edition\" \/>\n<meta property=\"og:url\" content=\"https:\/\/www.iplay.com\/fr\/games\/jewel-match-solitaire-winterscapes-3-collectors-edition\/\" \/>\n<meta property=\"og:site_name\" content=\"IPlay\" \/>\n<meta property=\"article:modified_time\" content=\"2025-02-28T16:03:14+00:00\" \/>\n<meta property=\"og:image\" content=\"https:\/\/www.iplay.com\/wp-content\/uploads\/2024\/12\/jewel_match_solitaire_-_winterscapes_3_ce_large_square_tile_image.webp\" \/>\n\t<meta property=\"og:image:width\" content=\"400\" \/>\n\t<meta property=\"og:image:height\" content=\"400\" \/>\n\t<meta property=\"og:image:type\" content=\"image\/webp\" \/>\n<meta name=\"twitter:card\" content=\"summary_large_image\" \/>\n<meta name=\"twitter:label1\" content=\"Dur\u00e9e de lecture estim\u00e9e\" \/>\n\t<meta name=\"twitter:data1\" content=\"1 minute\" \/>\n<script type=\"application\/ld+json\" class=\"yoast-schema-graph\">{\"@context\":\"https:\/\/schema.org\",\"@graph\":[{\"@type\":\"WebPage\",\"@id\":\"https:\/\/www.iplay.com\/fr\/games\/jewel-match-solitaire-winterscapes-3-collectors-edition\/\",\"url\":\"https:\/\/www.iplay.com\/fr\/games\/jewel-match-solitaire-winterscapes-3-collectors-edition\/\",\"name\":\"Jewel Match Solitaire Winterscapes 3 - r\u00e9pandez la joie avec du solitaire festif !\",\"isPartOf\":{\"@id\":\"https:\/\/www.iplay.com\/en\/#website\"},\"primaryImageOfPage\":{\"@id\":\"https:\/\/www.iplay.com\/fr\/games\/jewel-match-solitaire-winterscapes-3-collectors-edition\/#primaryimage\"},\"image\":{\"@id\":\"https:\/\/www.iplay.com\/fr\/games\/jewel-match-solitaire-winterscapes-3-collectors-edition\/#primaryimage\"},\"thumbnailUrl\":\"https:\/\/www.iplay.com\/wp-content\/uploads\/2024\/12\/jewel_match_solitaire_-_winterscapes_3_ce_large_square_tile_image.webp\",\"datePublished\":\"2024-12-27T08:30:50+00:00\",\"dateModified\":\"2025-02-28T16:03:14+00:00\",\"description\":\"Empilez les cartes et r\u00e9pandez la joie avec le plaisir festif du solitaire dans Jewel Match Solitaire Winterscapes 3 Collector\u2019s Edition\",\"breadcrumb\":{\"@id\":\"https:\/\/www.iplay.com\/fr\/games\/jewel-match-solitaire-winterscapes-3-collectors-edition\/#breadcrumb\"},\"inLanguage\":\"fr-FR\",\"potentialAction\":[{\"@type\":\"ReadAction\",\"target\":[\"https:\/\/www.iplay.com\/fr\/games\/jewel-match-solitaire-winterscapes-3-collectors-edition\/\"]}]},{\"@type\":\"ImageObject\",\"inLanguage\":\"fr-FR\",\"@id\":\"https:\/\/www.iplay.com\/fr\/games\/jewel-match-solitaire-winterscapes-3-collectors-edition\/#primaryimage\",\"url\":\"https:\/\/www.iplay.com\/wp-content\/uploads\/2024\/12\/jewel_match_solitaire_-_winterscapes_3_ce_large_square_tile_image.webp\",\"contentUrl\":\"https:\/\/www.iplay.com\/wp-content\/uploads\/2024\/12\/jewel_match_solitaire_-_winterscapes_3_ce_large_square_tile_image.webp\",\"width\":400,\"height\":400},{\"@type\":\"BreadcrumbList\",\"@id\":\"https:\/\/www.iplay.com\/fr\/games\/jewel-match-solitaire-winterscapes-3-collectors-edition\/#breadcrumb\",\"itemListElement\":[{\"@type\":\"ListItem\",\"position\":1,\"name\":\"Home\",\"item\":\"https:\/\/www.iplay.com\/fr\/home-page-2\/\"},{\"@type\":\"ListItem\",\"position\":2,\"name\":\"Shop\",\"item\":\"https:\/\/www.iplay.com\/en\/shop\/\"},{\"@type\":\"ListItem\",\"position\":3,\"name\":\"Jewel Match Solitaire Winterscapes 3 Collector&#8217;s Edition\"}]},{\"@type\":\"WebSite\",\"@id\":\"https:\/\/www.iplay.com\/en\/#website\",\"url\":\"https:\/\/www.iplay.com\/en\/\",\"name\":\"IPlay\",\"description\":\"The Best Casual Games!\",\"publisher\":{\"@id\":\"https:\/\/www.iplay.com\/en\/#organization\"},\"potentialAction\":[{\"@type\":\"SearchAction\",\"target\":{\"@type\":\"EntryPoint\",\"urlTemplate\":\"https:\/\/www.iplay.com\/en\/?s={search_term_string}\"},\"query-input\":{\"@type\":\"PropertyValueSpecification\",\"valueRequired\":true,\"valueName\":\"search_term_string\"}}],\"inLanguage\":\"fr-FR\"},{\"@type\":\"Organization\",\"@id\":\"https:\/\/www.iplay.com\/en\/#organization\",\"name\":\"IPlay\",\"url\":\"https:\/\/www.iplay.com\/en\/\",\"logo\":{\"@type\":\"ImageObject\",\"inLanguage\":\"fr-FR\",\"@id\":\"https:\/\/www.iplay.com\/en\/#\/schema\/logo\/image\/\",\"url\":\"https:\/\/www.iplay.com\/wp-content\/uploads\/2023\/11\/Group-6100.svg\",\"contentUrl\":\"https:\/\/www.iplay.com\/wp-content\/uploads\/2023\/11\/Group-6100.svg\",\"width\":98,\"height\":25,\"caption\":\"IPlay\"},\"image\":{\"@id\":\"https:\/\/www.iplay.com\/en\/#\/schema\/logo\/image\/\"}}]}<\/script>\n<!-- \/ Yoast SEO Premium plugin. -->","yoast_head_json":{"title":"Jewel Match Solitaire Winterscapes 3 - r\u00e9pandez la joie avec du solitaire festif !","description":"Empilez les cartes et r\u00e9pandez la joie avec le plaisir festif du solitaire dans Jewel Match Solitaire Winterscapes 3 Collector\u2019s Edition","robots":{"index":"index","follow":"follow","max-snippet":"max-snippet:-1","max-image-preview":"max-image-preview:large","max-video-preview":"max-video-preview:-1"},"canonical":"https:\/\/www.iplay.com\/fr\/games\/jewel-match-solitaire-winterscapes-3-collectors-edition\/","og_locale":"fr_FR","og_type":"article","og_title":"Jewel Match Solitaire Winterscapes 3 Collector's Edition","og_description":"Empilez les cartes et r\u00e9pandez la joie avec le plaisir festif du solitaire dans Jewel Match Solitaire Winterscapes 3 Collector\u2019s Edition","og_url":"https:\/\/www.iplay.com\/fr\/games\/jewel-match-solitaire-winterscapes-3-collectors-edition\/","og_site_name":"IPlay","article_modified_time":"2025-02-28T16:03:14+00:00","og_image":[{"width":400,"height":400,"url":"https:\/\/www.iplay.com\/wp-content\/uploads\/2024\/12\/jewel_match_solitaire_-_winterscapes_3_ce_large_square_tile_image.webp","type":"image\/webp"}],"twitter_card":"summary_large_image","twitter_misc":{"Dur\u00e9e de lecture estim\u00e9e":"1 minute"},"schema":{"@context":"https:\/\/schema.org","@graph":[{"@type":"WebPage","@id":"https:\/\/www.iplay.com\/fr\/games\/jewel-match-solitaire-winterscapes-3-collectors-edition\/","url":"https:\/\/www.iplay.com\/fr\/games\/jewel-match-solitaire-winterscapes-3-collectors-edition\/","name":"Jewel Match Solitaire Winterscapes 3 - r\u00e9pandez la joie avec du solitaire festif !","isPartOf":{"@id":"https:\/\/www.iplay.com\/en\/#website"},"primaryImageOfPage":{"@id":"https:\/\/www.iplay.com\/fr\/games\/jewel-match-solitaire-winterscapes-3-collectors-edition\/#primaryimage"},"image":{"@id":"https:\/\/www.iplay.com\/fr\/games\/jewel-match-solitaire-winterscapes-3-collectors-edition\/#primaryimage"},"thumbnailUrl":"https:\/\/www.iplay.com\/wp-content\/uploads\/2024\/12\/jewel_match_solitaire_-_winterscapes_3_ce_large_square_tile_image.webp","datePublished":"2024-12-27T08:30:50+00:00","dateModified":"2025-02-28T16:03:14+00:00","description":"Empilez les cartes et r\u00e9pandez la joie avec le plaisir festif du solitaire dans Jewel Match Solitaire Winterscapes 3 Collector\u2019s Edition","breadcrumb":{"@id":"https:\/\/www.iplay.com\/fr\/games\/jewel-match-solitaire-winterscapes-3-collectors-edition\/#breadcrumb"},"inLanguage":"fr-FR","potentialAction":[{"@type":"ReadAction","target":["https:\/\/www.iplay.com\/fr\/games\/jewel-match-solitaire-winterscapes-3-collectors-edition\/"]}]},{"@type":"ImageObject","inLanguage":"fr-FR","@id":"https:\/\/www.iplay.com\/fr\/games\/jewel-match-solitaire-winterscapes-3-collectors-edition\/#primaryimage","url":"https:\/\/www.iplay.com\/wp-content\/uploads\/2024\/12\/jewel_match_solitaire_-_winterscapes_3_ce_large_square_tile_image.webp","contentUrl":"https:\/\/www.iplay.com\/wp-content\/uploads\/2024\/12\/jewel_match_solitaire_-_winterscapes_3_ce_large_square_tile_image.webp","width":400,"height":400},{"@type":"BreadcrumbList","@id":"https:\/\/www.iplay.com\/fr\/games\/jewel-match-solitaire-winterscapes-3-collectors-edition\/#breadcrumb","itemListElement":[{"@type":"ListItem","position":1,"name":"Home","item":"https:\/\/www.iplay.com\/fr\/home-page-2\/"},{"@type":"ListItem","position":2,"name":"Shop","item":"https:\/\/www.iplay.com\/en\/shop\/"},{"@type":"ListItem","position":3,"name":"Jewel Match Solitaire Winterscapes 3 Collector&#8217;s Edition"}]},{"@type":"WebSite","@id":"https:\/\/www.iplay.com\/en\/#website","url":"https:\/\/www.iplay.com\/en\/","name":"IPlay","description":"The Best Casual Games!","publisher":{"@id":"https:\/\/www.iplay.com\/en\/#organization"},"potentialAction":[{"@type":"SearchAction","target":{"@type":"EntryPoint","urlTemplate":"https:\/\/www.iplay.com\/en\/?s={search_term_string}"},"query-input":{"@type":"PropertyValueSpecification","valueRequired":true,"valueName":"search_term_string"}}],"inLanguage":"fr-FR"},{"@type":"Organization","@id":"https:\/\/www.iplay.com\/en\/#organization","name":"IPlay","url":"https:\/\/www.iplay.com\/en\/","logo":{"@type":"ImageObject","inLanguage":"fr-FR","@id":"https:\/\/www.iplay.com\/en\/#\/schema\/logo\/image\/","url":"https:\/\/www.iplay.com\/wp-content\/uploads\/2023\/11\/Group-6100.svg","contentUrl":"https:\/\/www.iplay.com\/wp-content\/uploads\/2023\/11\/Group-6100.svg","width":98,"height":25,"caption":"IPlay"},"image":{"@id":"https:\/\/www.iplay.com\/en\/#\/schema\/logo\/image\/"}}]}},"_links":{"self":[{"href":"https:\/\/www.iplay.com\/fr\/wp-json\/wp\/v2\/product\/38359","targetHints":{"allow":["GET"]}}],"collection":[{"href":"https:\/\/www.iplay.com\/fr\/wp-json\/wp\/v2\/product"}],"about":[{"href":"https:\/\/www.iplay.com\/fr\/wp-json\/wp\/v2\/types\/product"}],"author":[{"embeddable":true,"href":"https:\/\/www.iplay.com\/fr\/wp-json\/wp\/v2\/users\/20"}],"replies":[{"embeddable":true,"href":"https:\/\/www.iplay.com\/fr\/wp-json\/wp\/v2\/comments?post=38359"}],"wp:featuredmedia":[{"embeddable":true,"href":"https:\/\/www.iplay.com\/fr\/wp-json\/wp\/v2\/media\/38362"}],"wp:attachment":[{"href":"https:\/\/www.iplay.com\/fr\/wp-json\/wp\/v2\/media?parent=38359"}],"wp:term":[{"taxonomy":"product_brand","embeddable":true,"href":"https:\/\/www.iplay.com\/fr\/wp-json\/wp\/v2\/product_brand?post=38359"},{"taxonomy":"product_cat","embeddable":true,"href":"https:\/\/www.iplay.com\/fr\/wp-json\/wp\/v2\/product_cat?post=38359"},{"taxonomy":"product_tag","embeddable":true,"href":"https:\/\/www.iplay.com\/fr\/wp-json\/wp\/v2\/product_tag?post=38359"}],"curies":[{"name":"wp","href":"https:\/\/api.w.org\/{rel}","templated":true}]}}