{"id":38254,"date":"2025-01-06T10:30:15","date_gmt":"2025-01-06T10:30:15","guid":{"rendered":"https:\/\/www.iplay.com\/games\/riddle-me-this-2024-the-best-puzzle-games-of-2024\/"},"modified":"2025-02-26T15:02:21","modified_gmt":"2025-02-26T15:02:21","slug":"riddle-me-this-2024-the-best-puzzle-games-of-2024","status":"publish","type":"product","link":"https:\/\/www.iplay.com\/fr\/games\/riddle-me-this-2024-the-best-puzzle-games-of-2024\/","title":{"rendered":"Riddle me this 2024! The best puzzle games of 2024"},"content":{"rendered":"<p>Les plus belles aventures de puzzle vous attendent dans \u00ab&nbsp;Riddle Me This 2024&nbsp;: Best Puzzle Games of the Year&nbsp;\u00bb. Les joueurs sont transport\u00e9s dans des mondes de cristaux \u00e9l\u00e9mentaires, de secrets magiques et de reliques anciennes. Des \u00e9nigmes difficiles sont r\u00e9solues, des myst\u00e8res sont d\u00e9m\u00eal\u00e9s et des histoires captivantes sont v\u00e9cues.  <\/p>\n<p>&nbsp;<\/p>\n<p><strong>Jeux en vedette<\/strong><\/p>\n<ul>\n<li><em>Spellarium 10<\/em> &#8211; Une t\u00e2che divine est confi\u00e9e \u00e0 Eric pour cultiver et stocker des cristaux \u00e9l\u00e9mentaires. Les joueurs seront confront\u00e9s au double d\u00e9fi de g\u00e9rer des cristaux et de construire une nouvelle ville. De nouvelles \u00e9tapes de Match 3 et des jeux bonus sont propos\u00e9s, ainsi que des m\u00e9canismes mis \u00e0 jour pour garder le jeu passionnant.  <\/li>\n<li><em>Mahjongus&nbsp;: Mystery of Fortescue<\/em> &#8211; Les secrets de l\u2019Acad\u00e9mie de magie doivent \u00eatre d\u00e9couverts par Victor Graves, un sorcier runique. L\u2019acad\u00e9mie est plong\u00e9e dans l\u2019obscurit\u00e9 par un cristal malveillant, et son \u00e9nergie doit \u00eatre dissip\u00e9e en r\u00e9solvant des \u00e9nigmes de mahjong et d\u2019objets cach\u00e9s pour sauver l\u2019\u00e9cole. <\/li>\n<li><em>Gaslamp Cases 8&nbsp;: Quest for the Relic<\/em> &#8211; Un myst\u00e8re li\u00e9 \u00e0 des tr\u00e9sors sacr\u00e9s vol\u00e9s entra\u00eene Morgan Johnson, Jack Brown et Tenzin dans une aventure \u00e0 travers le Tibet et l\u2019Inde. Des \u00e9v\u00e9nements surnaturels sont affront\u00e9s, des \u00e9nigmes sont r\u00e9solues et la mythologie est explor\u00e9e pour r\u00e9tablir l\u2019\u00e9quilibre et d\u00e9couvrir la v\u00e9rit\u00e9. <\/li>\n<\/ul>\n","protected":false},"excerpt":{"rendered":"<p>Percez des myst\u00e8res avec des cristaux, de la magie et d\u2019anciennes reliques dans <strong>Riddle me this 2024 !<\/strong><\/p>\n","protected":false},"author":11,"featured_media":38255,"comment_status":"open","ping_status":"closed","template":"","meta":{"_acf_changed":false,"inline_featured_image":false},"product_brand":[],"product_cat":[193],"product_tag":[287],"class_list":{"0":"post-38254","1":"product","2":"type-product","3":"status-publish","4":"has-post-thumbnail","6":"product_cat-puzzle-fr","7":"product_tag-play-on-pc-fr","9":"first","10":"instock","11":"shipping-taxable","12":"purchasable","13":"product-type-simple"},"acf":[],"yoast_head":"<!-- This site is optimized with the Yoast SEO Premium plugin v25.2 (Yoast SEO v25.2) - https:\/\/yoast.com\/wordpress\/plugins\/seo\/ -->\n<title>Percez des myst\u00e8res avec des cristaux, de la magie et d\u2019anciennes reliques dans Riddle me this 2024 ! Les meilleurs jeux de puzzle de 2024<\/title>\n<meta name=\"description\" content=\"Percez des myst\u00e8res avec des cristaux, de la magie et d\u2019anciennes reliques dans Riddle me this 2024 !\" \/>\n<meta name=\"robots\" content=\"index, follow, max-snippet:-1, max-image-preview:large, max-video-preview:-1\" \/>\n<link rel=\"canonical\" href=\"https:\/\/www.iplay.com\/fr\/games\/riddle-me-this-2024-the-best-puzzle-games-of-2024\/\" \/>\n<meta property=\"og:locale\" content=\"fr_FR\" \/>\n<meta property=\"og:type\" content=\"article\" \/>\n<meta property=\"og:title\" content=\"Riddle me this 2024! The best puzzle games of 2024\" \/>\n<meta property=\"og:description\" content=\"Percez des myst\u00e8res avec des cristaux, de la magie et d\u2019anciennes reliques dans Riddle me this 2024 !\" \/>\n<meta property=\"og:url\" content=\"https:\/\/www.iplay.com\/fr\/games\/riddle-me-this-2024-the-best-puzzle-games-of-2024\/\" \/>\n<meta property=\"og:site_name\" content=\"IPlay\" \/>\n<meta property=\"article:modified_time\" content=\"2025-02-26T15:02:21+00:00\" \/>\n<meta property=\"og:image\" content=\"https:\/\/www.iplay.com\/wp-content\/uploads\/2025\/01\/riddle_me_this_2024_the_best_puzzle_games_of_2024_large_square_tile_image.webp\" \/>\n\t<meta property=\"og:image:width\" content=\"400\" \/>\n\t<meta property=\"og:image:height\" content=\"400\" \/>\n\t<meta property=\"og:image:type\" content=\"image\/webp\" \/>\n<meta name=\"twitter:card\" content=\"summary_large_image\" \/>\n<meta name=\"twitter:label1\" content=\"Dur\u00e9e de lecture estim\u00e9e\" \/>\n\t<meta name=\"twitter:data1\" content=\"1 minute\" \/>\n<script type=\"application\/ld+json\" class=\"yoast-schema-graph\">{\"@context\":\"https:\/\/schema.org\",\"@graph\":[{\"@type\":\"WebPage\",\"@id\":\"https:\/\/www.iplay.com\/fr\/games\/riddle-me-this-2024-the-best-puzzle-games-of-2024\/\",\"url\":\"https:\/\/www.iplay.com\/fr\/games\/riddle-me-this-2024-the-best-puzzle-games-of-2024\/\",\"name\":\"Percez des myst\u00e8res avec des cristaux, de la magie et d\u2019anciennes reliques dans Riddle me this 2024 ! Les meilleurs jeux de puzzle de 2024\",\"isPartOf\":{\"@id\":\"https:\/\/www.iplay.com\/en\/#website\"},\"primaryImageOfPage\":{\"@id\":\"https:\/\/www.iplay.com\/fr\/games\/riddle-me-this-2024-the-best-puzzle-games-of-2024\/#primaryimage\"},\"image\":{\"@id\":\"https:\/\/www.iplay.com\/fr\/games\/riddle-me-this-2024-the-best-puzzle-games-of-2024\/#primaryimage\"},\"thumbnailUrl\":\"https:\/\/www.iplay.com\/wp-content\/uploads\/2025\/01\/riddle_me_this_2024_the_best_puzzle_games_of_2024_large_square_tile_image.webp\",\"datePublished\":\"2025-01-06T10:30:15+00:00\",\"dateModified\":\"2025-02-26T15:02:21+00:00\",\"description\":\"Percez des myst\u00e8res avec des cristaux, de la magie et d\u2019anciennes reliques dans Riddle me this 2024 !\",\"breadcrumb\":{\"@id\":\"https:\/\/www.iplay.com\/fr\/games\/riddle-me-this-2024-the-best-puzzle-games-of-2024\/#breadcrumb\"},\"inLanguage\":\"fr-FR\",\"potentialAction\":[{\"@type\":\"ReadAction\",\"target\":[\"https:\/\/www.iplay.com\/fr\/games\/riddle-me-this-2024-the-best-puzzle-games-of-2024\/\"]}]},{\"@type\":\"ImageObject\",\"inLanguage\":\"fr-FR\",\"@id\":\"https:\/\/www.iplay.com\/fr\/games\/riddle-me-this-2024-the-best-puzzle-games-of-2024\/#primaryimage\",\"url\":\"https:\/\/www.iplay.com\/wp-content\/uploads\/2025\/01\/riddle_me_this_2024_the_best_puzzle_games_of_2024_large_square_tile_image.webp\",\"contentUrl\":\"https:\/\/www.iplay.com\/wp-content\/uploads\/2025\/01\/riddle_me_this_2024_the_best_puzzle_games_of_2024_large_square_tile_image.webp\",\"width\":400,\"height\":400},{\"@type\":\"BreadcrumbList\",\"@id\":\"https:\/\/www.iplay.com\/fr\/games\/riddle-me-this-2024-the-best-puzzle-games-of-2024\/#breadcrumb\",\"itemListElement\":[{\"@type\":\"ListItem\",\"position\":1,\"name\":\"Home\",\"item\":\"https:\/\/www.iplay.com\/fr\/home-page-2\/\"},{\"@type\":\"ListItem\",\"position\":2,\"name\":\"Shop\",\"item\":\"https:\/\/www.iplay.com\/en\/shop\/\"},{\"@type\":\"ListItem\",\"position\":3,\"name\":\"Riddle me this 2024! The best puzzle games of 2024\"}]},{\"@type\":\"WebSite\",\"@id\":\"https:\/\/www.iplay.com\/en\/#website\",\"url\":\"https:\/\/www.iplay.com\/en\/\",\"name\":\"IPlay\",\"description\":\"The Best Casual Games!\",\"publisher\":{\"@id\":\"https:\/\/www.iplay.com\/en\/#organization\"},\"potentialAction\":[{\"@type\":\"SearchAction\",\"target\":{\"@type\":\"EntryPoint\",\"urlTemplate\":\"https:\/\/www.iplay.com\/en\/?s={search_term_string}\"},\"query-input\":{\"@type\":\"PropertyValueSpecification\",\"valueRequired\":true,\"valueName\":\"search_term_string\"}}],\"inLanguage\":\"fr-FR\"},{\"@type\":\"Organization\",\"@id\":\"https:\/\/www.iplay.com\/en\/#organization\",\"name\":\"IPlay\",\"url\":\"https:\/\/www.iplay.com\/en\/\",\"logo\":{\"@type\":\"ImageObject\",\"inLanguage\":\"fr-FR\",\"@id\":\"https:\/\/www.iplay.com\/en\/#\/schema\/logo\/image\/\",\"url\":\"https:\/\/www.iplay.com\/wp-content\/uploads\/2023\/11\/Group-6100.svg\",\"contentUrl\":\"https:\/\/www.iplay.com\/wp-content\/uploads\/2023\/11\/Group-6100.svg\",\"width\":98,\"height\":25,\"caption\":\"IPlay\"},\"image\":{\"@id\":\"https:\/\/www.iplay.com\/en\/#\/schema\/logo\/image\/\"}}]}<\/script>\n<!-- \/ Yoast SEO Premium plugin. -->","yoast_head_json":{"title":"Percez des myst\u00e8res avec des cristaux, de la magie et d\u2019anciennes reliques dans Riddle me this 2024 ! Les meilleurs jeux de puzzle de 2024","description":"Percez des myst\u00e8res avec des cristaux, de la magie et d\u2019anciennes reliques dans Riddle me this 2024 !","robots":{"index":"index","follow":"follow","max-snippet":"max-snippet:-1","max-image-preview":"max-image-preview:large","max-video-preview":"max-video-preview:-1"},"canonical":"https:\/\/www.iplay.com\/fr\/games\/riddle-me-this-2024-the-best-puzzle-games-of-2024\/","og_locale":"fr_FR","og_type":"article","og_title":"Riddle me this 2024! The best puzzle games of 2024","og_description":"Percez des myst\u00e8res avec des cristaux, de la magie et d\u2019anciennes reliques dans Riddle me this 2024 !","og_url":"https:\/\/www.iplay.com\/fr\/games\/riddle-me-this-2024-the-best-puzzle-games-of-2024\/","og_site_name":"IPlay","article_modified_time":"2025-02-26T15:02:21+00:00","og_image":[{"width":400,"height":400,"url":"https:\/\/www.iplay.com\/wp-content\/uploads\/2025\/01\/riddle_me_this_2024_the_best_puzzle_games_of_2024_large_square_tile_image.webp","type":"image\/webp"}],"twitter_card":"summary_large_image","twitter_misc":{"Dur\u00e9e de lecture estim\u00e9e":"1 minute"},"schema":{"@context":"https:\/\/schema.org","@graph":[{"@type":"WebPage","@id":"https:\/\/www.iplay.com\/fr\/games\/riddle-me-this-2024-the-best-puzzle-games-of-2024\/","url":"https:\/\/www.iplay.com\/fr\/games\/riddle-me-this-2024-the-best-puzzle-games-of-2024\/","name":"Percez des myst\u00e8res avec des cristaux, de la magie et d\u2019anciennes reliques dans Riddle me this 2024 ! Les meilleurs jeux de puzzle de 2024","isPartOf":{"@id":"https:\/\/www.iplay.com\/en\/#website"},"primaryImageOfPage":{"@id":"https:\/\/www.iplay.com\/fr\/games\/riddle-me-this-2024-the-best-puzzle-games-of-2024\/#primaryimage"},"image":{"@id":"https:\/\/www.iplay.com\/fr\/games\/riddle-me-this-2024-the-best-puzzle-games-of-2024\/#primaryimage"},"thumbnailUrl":"https:\/\/www.iplay.com\/wp-content\/uploads\/2025\/01\/riddle_me_this_2024_the_best_puzzle_games_of_2024_large_square_tile_image.webp","datePublished":"2025-01-06T10:30:15+00:00","dateModified":"2025-02-26T15:02:21+00:00","description":"Percez des myst\u00e8res avec des cristaux, de la magie et d\u2019anciennes reliques dans Riddle me this 2024 !","breadcrumb":{"@id":"https:\/\/www.iplay.com\/fr\/games\/riddle-me-this-2024-the-best-puzzle-games-of-2024\/#breadcrumb"},"inLanguage":"fr-FR","potentialAction":[{"@type":"ReadAction","target":["https:\/\/www.iplay.com\/fr\/games\/riddle-me-this-2024-the-best-puzzle-games-of-2024\/"]}]},{"@type":"ImageObject","inLanguage":"fr-FR","@id":"https:\/\/www.iplay.com\/fr\/games\/riddle-me-this-2024-the-best-puzzle-games-of-2024\/#primaryimage","url":"https:\/\/www.iplay.com\/wp-content\/uploads\/2025\/01\/riddle_me_this_2024_the_best_puzzle_games_of_2024_large_square_tile_image.webp","contentUrl":"https:\/\/www.iplay.com\/wp-content\/uploads\/2025\/01\/riddle_me_this_2024_the_best_puzzle_games_of_2024_large_square_tile_image.webp","width":400,"height":400},{"@type":"BreadcrumbList","@id":"https:\/\/www.iplay.com\/fr\/games\/riddle-me-this-2024-the-best-puzzle-games-of-2024\/#breadcrumb","itemListElement":[{"@type":"ListItem","position":1,"name":"Home","item":"https:\/\/www.iplay.com\/fr\/home-page-2\/"},{"@type":"ListItem","position":2,"name":"Shop","item":"https:\/\/www.iplay.com\/en\/shop\/"},{"@type":"ListItem","position":3,"name":"Riddle me this 2024! The best puzzle games of 2024"}]},{"@type":"WebSite","@id":"https:\/\/www.iplay.com\/en\/#website","url":"https:\/\/www.iplay.com\/en\/","name":"IPlay","description":"The Best Casual Games!","publisher":{"@id":"https:\/\/www.iplay.com\/en\/#organization"},"potentialAction":[{"@type":"SearchAction","target":{"@type":"EntryPoint","urlTemplate":"https:\/\/www.iplay.com\/en\/?s={search_term_string}"},"query-input":{"@type":"PropertyValueSpecification","valueRequired":true,"valueName":"search_term_string"}}],"inLanguage":"fr-FR"},{"@type":"Organization","@id":"https:\/\/www.iplay.com\/en\/#organization","name":"IPlay","url":"https:\/\/www.iplay.com\/en\/","logo":{"@type":"ImageObject","inLanguage":"fr-FR","@id":"https:\/\/www.iplay.com\/en\/#\/schema\/logo\/image\/","url":"https:\/\/www.iplay.com\/wp-content\/uploads\/2023\/11\/Group-6100.svg","contentUrl":"https:\/\/www.iplay.com\/wp-content\/uploads\/2023\/11\/Group-6100.svg","width":98,"height":25,"caption":"IPlay"},"image":{"@id":"https:\/\/www.iplay.com\/en\/#\/schema\/logo\/image\/"}}]}},"_links":{"self":[{"href":"https:\/\/www.iplay.com\/fr\/wp-json\/wp\/v2\/product\/38254","targetHints":{"allow":["GET"]}}],"collection":[{"href":"https:\/\/www.iplay.com\/fr\/wp-json\/wp\/v2\/product"}],"about":[{"href":"https:\/\/www.iplay.com\/fr\/wp-json\/wp\/v2\/types\/product"}],"author":[{"embeddable":true,"href":"https:\/\/www.iplay.com\/fr\/wp-json\/wp\/v2\/users\/11"}],"replies":[{"embeddable":true,"href":"https:\/\/www.iplay.com\/fr\/wp-json\/wp\/v2\/comments?post=38254"}],"wp:featuredmedia":[{"embeddable":true,"href":"https:\/\/www.iplay.com\/fr\/wp-json\/wp\/v2\/media\/38255"}],"wp:attachment":[{"href":"https:\/\/www.iplay.com\/fr\/wp-json\/wp\/v2\/media?parent=38254"}],"wp:term":[{"taxonomy":"product_brand","embeddable":true,"href":"https:\/\/www.iplay.com\/fr\/wp-json\/wp\/v2\/product_brand?post=38254"},{"taxonomy":"product_cat","embeddable":true,"href":"https:\/\/www.iplay.com\/fr\/wp-json\/wp\/v2\/product_cat?post=38254"},{"taxonomy":"product_tag","embeddable":true,"href":"https:\/\/www.iplay.com\/fr\/wp-json\/wp\/v2\/product_tag?post=38254"}],"curies":[{"name":"wp","href":"https:\/\/api.w.org\/{rel}","templated":true}]}}