{"id":37490,"date":"2025-02-07T09:30:17","date_gmt":"2025-02-07T09:30:17","guid":{"rendered":"https:\/\/www.iplay.com\/games\/unsolved-case-ash-and-secrets-collectors-edition\/"},"modified":"2025-03-03T09:39:12","modified_gmt":"2025-03-03T09:39:12","slug":"unsolved-case-ash-and-secrets-collectors-edition","status":"publish","type":"product","link":"https:\/\/www.iplay.com\/fr\/games\/unsolved-case-ash-and-secrets-collectors-edition\/","title":{"rendered":"Unsolved Case: Ash and Secrets &#8211; Collector&#8217;s Edition"},"content":{"rendered":"<p>Dans Unsolved Case\u00a0: Ash and Secrets Collector\u2019s Edition, un myst\u00e8re effrayant se d\u00e9roule alors que la r\u00e9putation d\u2019un d\u00e9tective chevronn\u00e9 est une fois de plus mise \u00e0 l\u2019\u00e9preuve. Alors que la plupart des criminels craignent vos talents d\u2019enqu\u00eateur, une nouvelle vague d\u2019adversaires impitoyables et rus\u00e9s a \u00e9merg\u00e9.<\/p>\n<p>Le meurtre de Harry Wright, un chauffeur de camion, doit faire l\u2019objet d\u2019une enqu\u00eate au sein de la p\u00e9rilleuse r\u00e9serve verte de Great Green. Sur la sc\u00e8ne du crime, une \u00e9trange amulette est d\u00e9couverte, r\u00e9v\u00e9lant un enchev\u00eatrement de corruption li\u00e9 \u00e0 un projet d\u2019autoroute, un cimeti\u00e8re sacr\u00e9 et un village isol\u00e9. Parmi les suspects figurent Wabano Folsom, un a\u00een\u00e9 de la communaut\u00e9 d\u00e9sesp\u00e9r\u00e9, et Chad Simmons, un homme d\u2019affaires qui pousse \u00e0 la construction de l\u2019autoroute.<\/p>\n<p>Un journal intime disparu doit \u00eatre d\u00e9couvert, les trahisons doivent \u00eatre confront\u00e9es et la v\u00e9rit\u00e9 derri\u00e8re la mort de Harry doit \u00eatre expos\u00e9e. Aux c\u00f4t\u00e9s de votre partenaire de confiance, Paul, toutes les pistes doivent \u00eatre suivies jusqu\u2019\u00e0 ce que le v\u00e9ritable tueur soit traduit en justice.<\/p>\n<p>Entrez dans le dernier chapitre d\u2019Unsolved Case, o\u00f9 la tension persiste dans chaque ombre.<\/p>\n<p><strong>Fonctionnalit\u00e9s<\/strong><\/p>\n<ul>\n<li>Un myst\u00e8re plus profond est explor\u00e9 dans le chapitre bonus exclusif.<\/li>\n<li>Une vaste collection d\u2019art conceptuel offre un aper\u00e7u des coulisses.<\/li>\n<li>Un lecteur de musique et des fonds d\u2019\u00e9cran am\u00e9liorent l\u2019exp\u00e9rience.<\/li>\n<li>Les objets cach\u00e9s et les objets de collection mettent au d\u00e9fi les capacit\u00e9s d\u2019observation.<\/li>\n<\/ul>\n","protected":false},"excerpt":{"rendered":"<p><strong>Unsolved Case\u00a0: Ash and Secrets &#8211; \u00c9dition Collector <\/strong>&#8211; D\u00e9couvrez des indices et d\u00e9voilez un tueur dans un myst\u00e8re palpitant !<\/p>\n","protected":false},"author":52,"featured_media":37492,"comment_status":"open","ping_status":"closed","template":"","meta":{"_acf_changed":false,"inline_featured_image":false},"product_brand":[],"product_cat":[165],"product_tag":[287],"class_list":{"0":"post-37490","1":"product","2":"type-product","3":"status-publish","4":"has-post-thumbnail","6":"product_cat-hidden-object-fr","7":"product_tag-play-on-pc-fr","9":"first","10":"instock","11":"shipping-taxable","12":"purchasable","13":"product-type-simple"},"acf":[],"yoast_head":"<!-- This site is optimized with the Yoast SEO Premium plugin v25.2 (Yoast SEO v25.2) - https:\/\/yoast.com\/wordpress\/plugins\/seo\/ -->\n<title>Affaire non r\u00e9solue : Ash and Secrets CE - D\u00e9noncez un tueur dans un myst\u00e8re palpitant !<\/title>\n<meta name=\"description\" content=\"Unsolved Case\u00a0: Ash and Secrets - \u00c9dition Collector - D\u00e9couvrez des indices et d\u00e9voilez un tueur dans un myst\u00e8re palpitant !\" \/>\n<meta name=\"robots\" content=\"index, follow, max-snippet:-1, max-image-preview:large, max-video-preview:-1\" \/>\n<link rel=\"canonical\" href=\"https:\/\/www.iplay.com\/fr\/games\/unsolved-case-ash-and-secrets-collectors-edition\/\" \/>\n<meta property=\"og:locale\" content=\"fr_FR\" \/>\n<meta property=\"og:type\" content=\"article\" \/>\n<meta property=\"og:title\" content=\"Unsolved Case: Ash and Secrets - Collector&#039;s Edition\" \/>\n<meta property=\"og:description\" content=\"Unsolved Case\u00a0: Ash and Secrets - \u00c9dition Collector - D\u00e9couvrez des indices et d\u00e9voilez un tueur dans un myst\u00e8re palpitant !\" \/>\n<meta property=\"og:url\" content=\"https:\/\/www.iplay.com\/fr\/games\/unsolved-case-ash-and-secrets-collectors-edition\/\" \/>\n<meta property=\"og:site_name\" content=\"IPlay\" \/>\n<meta property=\"article:modified_time\" content=\"2025-03-03T09:39:12+00:00\" \/>\n<meta property=\"og:image\" content=\"https:\/\/www.iplay.com\/wp-content\/uploads\/2025\/02\/unsolved_case_ash_and_secrets_collectors_edition_large_square_tile_image.webp\" \/>\n\t<meta property=\"og:image:width\" content=\"400\" \/>\n\t<meta property=\"og:image:height\" content=\"400\" \/>\n\t<meta property=\"og:image:type\" content=\"image\/webp\" \/>\n<meta name=\"twitter:card\" content=\"summary_large_image\" \/>\n<meta name=\"twitter:label1\" content=\"Dur\u00e9e de lecture estim\u00e9e\" \/>\n\t<meta name=\"twitter:data1\" content=\"2 minutes\" \/>\n<script type=\"application\/ld+json\" class=\"yoast-schema-graph\">{\"@context\":\"https:\/\/schema.org\",\"@graph\":[{\"@type\":\"WebPage\",\"@id\":\"https:\/\/www.iplay.com\/fr\/games\/unsolved-case-ash-and-secrets-collectors-edition\/\",\"url\":\"https:\/\/www.iplay.com\/fr\/games\/unsolved-case-ash-and-secrets-collectors-edition\/\",\"name\":\"Affaire non r\u00e9solue : Ash and Secrets CE - D\u00e9noncez un tueur dans un myst\u00e8re palpitant !\",\"isPartOf\":{\"@id\":\"https:\/\/www.iplay.com\/en\/#website\"},\"primaryImageOfPage\":{\"@id\":\"https:\/\/www.iplay.com\/fr\/games\/unsolved-case-ash-and-secrets-collectors-edition\/#primaryimage\"},\"image\":{\"@id\":\"https:\/\/www.iplay.com\/fr\/games\/unsolved-case-ash-and-secrets-collectors-edition\/#primaryimage\"},\"thumbnailUrl\":\"https:\/\/www.iplay.com\/wp-content\/uploads\/2025\/02\/unsolved_case_ash_and_secrets_collectors_edition_large_square_tile_image.webp\",\"datePublished\":\"2025-02-07T09:30:17+00:00\",\"dateModified\":\"2025-03-03T09:39:12+00:00\",\"description\":\"Unsolved Case\u00a0: Ash and Secrets - \u00c9dition Collector - D\u00e9couvrez des indices et d\u00e9voilez un tueur dans un myst\u00e8re palpitant !\",\"breadcrumb\":{\"@id\":\"https:\/\/www.iplay.com\/fr\/games\/unsolved-case-ash-and-secrets-collectors-edition\/#breadcrumb\"},\"inLanguage\":\"fr-FR\",\"potentialAction\":[{\"@type\":\"ReadAction\",\"target\":[\"https:\/\/www.iplay.com\/fr\/games\/unsolved-case-ash-and-secrets-collectors-edition\/\"]}]},{\"@type\":\"ImageObject\",\"inLanguage\":\"fr-FR\",\"@id\":\"https:\/\/www.iplay.com\/fr\/games\/unsolved-case-ash-and-secrets-collectors-edition\/#primaryimage\",\"url\":\"https:\/\/www.iplay.com\/wp-content\/uploads\/2025\/02\/unsolved_case_ash_and_secrets_collectors_edition_large_square_tile_image.webp\",\"contentUrl\":\"https:\/\/www.iplay.com\/wp-content\/uploads\/2025\/02\/unsolved_case_ash_and_secrets_collectors_edition_large_square_tile_image.webp\",\"width\":400,\"height\":400},{\"@type\":\"BreadcrumbList\",\"@id\":\"https:\/\/www.iplay.com\/fr\/games\/unsolved-case-ash-and-secrets-collectors-edition\/#breadcrumb\",\"itemListElement\":[{\"@type\":\"ListItem\",\"position\":1,\"name\":\"Home\",\"item\":\"https:\/\/www.iplay.com\/fr\/home-page-2\/\"},{\"@type\":\"ListItem\",\"position\":2,\"name\":\"Shop\",\"item\":\"https:\/\/www.iplay.com\/en\/shop\/\"},{\"@type\":\"ListItem\",\"position\":3,\"name\":\"Unsolved Case: Ash and Secrets &#8211; Collector&#8217;s Edition\"}]},{\"@type\":\"WebSite\",\"@id\":\"https:\/\/www.iplay.com\/en\/#website\",\"url\":\"https:\/\/www.iplay.com\/en\/\",\"name\":\"IPlay\",\"description\":\"The Best Casual Games!\",\"publisher\":{\"@id\":\"https:\/\/www.iplay.com\/en\/#organization\"},\"potentialAction\":[{\"@type\":\"SearchAction\",\"target\":{\"@type\":\"EntryPoint\",\"urlTemplate\":\"https:\/\/www.iplay.com\/en\/?s={search_term_string}\"},\"query-input\":{\"@type\":\"PropertyValueSpecification\",\"valueRequired\":true,\"valueName\":\"search_term_string\"}}],\"inLanguage\":\"fr-FR\"},{\"@type\":\"Organization\",\"@id\":\"https:\/\/www.iplay.com\/en\/#organization\",\"name\":\"IPlay\",\"url\":\"https:\/\/www.iplay.com\/en\/\",\"logo\":{\"@type\":\"ImageObject\",\"inLanguage\":\"fr-FR\",\"@id\":\"https:\/\/www.iplay.com\/en\/#\/schema\/logo\/image\/\",\"url\":\"https:\/\/www.iplay.com\/wp-content\/uploads\/2023\/11\/Group-6100.svg\",\"contentUrl\":\"https:\/\/www.iplay.com\/wp-content\/uploads\/2023\/11\/Group-6100.svg\",\"width\":98,\"height\":25,\"caption\":\"IPlay\"},\"image\":{\"@id\":\"https:\/\/www.iplay.com\/en\/#\/schema\/logo\/image\/\"}}]}<\/script>\n<!-- \/ Yoast SEO Premium plugin. -->","yoast_head_json":{"title":"Affaire non r\u00e9solue : Ash and Secrets CE - D\u00e9noncez un tueur dans un myst\u00e8re palpitant !","description":"Unsolved Case\u00a0: Ash and Secrets - \u00c9dition Collector - D\u00e9couvrez des indices et d\u00e9voilez un tueur dans un myst\u00e8re palpitant !","robots":{"index":"index","follow":"follow","max-snippet":"max-snippet:-1","max-image-preview":"max-image-preview:large","max-video-preview":"max-video-preview:-1"},"canonical":"https:\/\/www.iplay.com\/fr\/games\/unsolved-case-ash-and-secrets-collectors-edition\/","og_locale":"fr_FR","og_type":"article","og_title":"Unsolved Case: Ash and Secrets - Collector's Edition","og_description":"Unsolved Case\u00a0: Ash and Secrets - \u00c9dition Collector - D\u00e9couvrez des indices et d\u00e9voilez un tueur dans un myst\u00e8re palpitant !","og_url":"https:\/\/www.iplay.com\/fr\/games\/unsolved-case-ash-and-secrets-collectors-edition\/","og_site_name":"IPlay","article_modified_time":"2025-03-03T09:39:12+00:00","og_image":[{"width":400,"height":400,"url":"https:\/\/www.iplay.com\/wp-content\/uploads\/2025\/02\/unsolved_case_ash_and_secrets_collectors_edition_large_square_tile_image.webp","type":"image\/webp"}],"twitter_card":"summary_large_image","twitter_misc":{"Dur\u00e9e de lecture estim\u00e9e":"2 minutes"},"schema":{"@context":"https:\/\/schema.org","@graph":[{"@type":"WebPage","@id":"https:\/\/www.iplay.com\/fr\/games\/unsolved-case-ash-and-secrets-collectors-edition\/","url":"https:\/\/www.iplay.com\/fr\/games\/unsolved-case-ash-and-secrets-collectors-edition\/","name":"Affaire non r\u00e9solue : Ash and Secrets CE - D\u00e9noncez un tueur dans un myst\u00e8re palpitant !","isPartOf":{"@id":"https:\/\/www.iplay.com\/en\/#website"},"primaryImageOfPage":{"@id":"https:\/\/www.iplay.com\/fr\/games\/unsolved-case-ash-and-secrets-collectors-edition\/#primaryimage"},"image":{"@id":"https:\/\/www.iplay.com\/fr\/games\/unsolved-case-ash-and-secrets-collectors-edition\/#primaryimage"},"thumbnailUrl":"https:\/\/www.iplay.com\/wp-content\/uploads\/2025\/02\/unsolved_case_ash_and_secrets_collectors_edition_large_square_tile_image.webp","datePublished":"2025-02-07T09:30:17+00:00","dateModified":"2025-03-03T09:39:12+00:00","description":"Unsolved Case\u00a0: Ash and Secrets - \u00c9dition Collector - D\u00e9couvrez des indices et d\u00e9voilez un tueur dans un myst\u00e8re palpitant !","breadcrumb":{"@id":"https:\/\/www.iplay.com\/fr\/games\/unsolved-case-ash-and-secrets-collectors-edition\/#breadcrumb"},"inLanguage":"fr-FR","potentialAction":[{"@type":"ReadAction","target":["https:\/\/www.iplay.com\/fr\/games\/unsolved-case-ash-and-secrets-collectors-edition\/"]}]},{"@type":"ImageObject","inLanguage":"fr-FR","@id":"https:\/\/www.iplay.com\/fr\/games\/unsolved-case-ash-and-secrets-collectors-edition\/#primaryimage","url":"https:\/\/www.iplay.com\/wp-content\/uploads\/2025\/02\/unsolved_case_ash_and_secrets_collectors_edition_large_square_tile_image.webp","contentUrl":"https:\/\/www.iplay.com\/wp-content\/uploads\/2025\/02\/unsolved_case_ash_and_secrets_collectors_edition_large_square_tile_image.webp","width":400,"height":400},{"@type":"BreadcrumbList","@id":"https:\/\/www.iplay.com\/fr\/games\/unsolved-case-ash-and-secrets-collectors-edition\/#breadcrumb","itemListElement":[{"@type":"ListItem","position":1,"name":"Home","item":"https:\/\/www.iplay.com\/fr\/home-page-2\/"},{"@type":"ListItem","position":2,"name":"Shop","item":"https:\/\/www.iplay.com\/en\/shop\/"},{"@type":"ListItem","position":3,"name":"Unsolved Case: Ash and Secrets &#8211; Collector&#8217;s Edition"}]},{"@type":"WebSite","@id":"https:\/\/www.iplay.com\/en\/#website","url":"https:\/\/www.iplay.com\/en\/","name":"IPlay","description":"The Best Casual Games!","publisher":{"@id":"https:\/\/www.iplay.com\/en\/#organization"},"potentialAction":[{"@type":"SearchAction","target":{"@type":"EntryPoint","urlTemplate":"https:\/\/www.iplay.com\/en\/?s={search_term_string}"},"query-input":{"@type":"PropertyValueSpecification","valueRequired":true,"valueName":"search_term_string"}}],"inLanguage":"fr-FR"},{"@type":"Organization","@id":"https:\/\/www.iplay.com\/en\/#organization","name":"IPlay","url":"https:\/\/www.iplay.com\/en\/","logo":{"@type":"ImageObject","inLanguage":"fr-FR","@id":"https:\/\/www.iplay.com\/en\/#\/schema\/logo\/image\/","url":"https:\/\/www.iplay.com\/wp-content\/uploads\/2023\/11\/Group-6100.svg","contentUrl":"https:\/\/www.iplay.com\/wp-content\/uploads\/2023\/11\/Group-6100.svg","width":98,"height":25,"caption":"IPlay"},"image":{"@id":"https:\/\/www.iplay.com\/en\/#\/schema\/logo\/image\/"}}]}},"_links":{"self":[{"href":"https:\/\/www.iplay.com\/fr\/wp-json\/wp\/v2\/product\/37490","targetHints":{"allow":["GET"]}}],"collection":[{"href":"https:\/\/www.iplay.com\/fr\/wp-json\/wp\/v2\/product"}],"about":[{"href":"https:\/\/www.iplay.com\/fr\/wp-json\/wp\/v2\/types\/product"}],"author":[{"embeddable":true,"href":"https:\/\/www.iplay.com\/fr\/wp-json\/wp\/v2\/users\/52"}],"replies":[{"embeddable":true,"href":"https:\/\/www.iplay.com\/fr\/wp-json\/wp\/v2\/comments?post=37490"}],"wp:featuredmedia":[{"embeddable":true,"href":"https:\/\/www.iplay.com\/fr\/wp-json\/wp\/v2\/media\/37492"}],"wp:attachment":[{"href":"https:\/\/www.iplay.com\/fr\/wp-json\/wp\/v2\/media?parent=37490"}],"wp:term":[{"taxonomy":"product_brand","embeddable":true,"href":"https:\/\/www.iplay.com\/fr\/wp-json\/wp\/v2\/product_brand?post=37490"},{"taxonomy":"product_cat","embeddable":true,"href":"https:\/\/www.iplay.com\/fr\/wp-json\/wp\/v2\/product_cat?post=37490"},{"taxonomy":"product_tag","embeddable":true,"href":"https:\/\/www.iplay.com\/fr\/wp-json\/wp\/v2\/product_tag?post=37490"}],"curies":[{"name":"wp","href":"https:\/\/api.w.org\/{rel}","templated":true}]}}