{"id":37432,"date":"2025-01-31T08:00:56","date_gmt":"2025-01-31T08:00:56","guid":{"rendered":"https:\/\/www.iplay.com\/games\/relaxing-time-paradise-resort-collectors-edition\/"},"modified":"2025-02-26T14:05:03","modified_gmt":"2025-02-26T14:05:03","slug":"relaxing-time-paradise-resort-collectors-edition","status":"publish","type":"product","link":"https:\/\/www.iplay.com\/fr\/games\/relaxing-time-paradise-resort-collectors-edition\/","title":{"rendered":"Relaxing Time: Paradise Resort Collector&#8217;s Edition"},"content":{"rendered":"<p>Le Silver Oasis Resort est pr\u00e9sent\u00e9 comme un v\u00e9ritable sanctuaire du chaos de la vie quotidienne. Une mission de restauration et de pr\u00e9paration de la station pour son inauguration est entreprise. Avant l\u2019arriv\u00e9e des clients, les chambres doivent \u00eatre pr\u00e9par\u00e9es pour l\u2019enregistrement, les chevaux toilett\u00e9s dans les \u00e9curies et les grottes \u00e0 proximit\u00e9 explor\u00e9es. L\u2019intensit\u00e9 de la gestion de ce lieu de vacances se fera certainement sentir, mais des moments d\u2019air frais et de cocktails rafra\u00eechissants vous attendent dans cette aventure relaxante d\u2019objets cach\u00e9s.<\/p>\n<p><strong>Caract\u00e9ristiques de l\u2019\u00e9dition collector<\/strong><\/p>\n<ul>\n<li>Un chapitre bonus entier est d\u00e9bloqu\u00e9 pour profiter davantage du soleil.<\/li>\n<li>De superbes fonds d\u2019\u00e9cran sont mis \u00e0 votre disposition pour apporter la beaut\u00e9 de la station \u00e0 votre \u00e9cran.<\/li>\n<li>Un lecteur de musique sp\u00e9cial permet de ramener les sons du paradis \u00e0 la maison.<\/li>\n<li>Les coulisses sont explor\u00e9es \u00e0 travers une s\u00e9lection d\u2019art conceptuel.<\/li>\n<li><\/li>\n<\/ul>\n<p>L\u2019\u00e9quilibre parfait entre d\u00e9tente et aventure est offert au Silver Oasis Resort !<\/p>\n","protected":false},"excerpt":{"rendered":"<p>\u00c9chappez \u00e0 vos <strong>soucis avec Relaxing Time &#8211; Paradise Resort Collector\u2019s Edition<\/strong><\/p>\n","protected":false},"author":52,"featured_media":37434,"comment_status":"open","ping_status":"closed","template":"","meta":{"_acf_changed":false,"inline_featured_image":false},"product_brand":[],"product_cat":[165,193],"product_tag":[287],"class_list":{"0":"post-37432","1":"product","2":"type-product","3":"status-publish","4":"has-post-thumbnail","6":"product_cat-hidden-object-fr","7":"product_cat-puzzle-fr","8":"product_tag-play-on-pc-fr","10":"first","11":"instock","12":"shipping-taxable","13":"purchasable","14":"product-type-simple"},"acf":[],"yoast_head":"<!-- This site is optimized with the Yoast SEO Premium plugin v25.2 (Yoast SEO v25.2) - https:\/\/yoast.com\/wordpress\/plugins\/seo\/ -->\n<title>\u00c9vadez-vous de vos soucis avec Relaxing Time\u00a0: Paradise Resort CE\u00a0!<\/title>\n<meta name=\"description\" content=\"\u00c9chappez \u00e0 vos soucis avec Relaxing Time - Paradise Resort Collector\u2019s Edition\" \/>\n<meta name=\"robots\" content=\"index, follow, max-snippet:-1, max-image-preview:large, max-video-preview:-1\" \/>\n<link rel=\"canonical\" href=\"https:\/\/www.iplay.com\/fr\/games\/relaxing-time-paradise-resort-collectors-edition\/\" \/>\n<meta property=\"og:locale\" content=\"fr_FR\" \/>\n<meta property=\"og:type\" content=\"article\" \/>\n<meta property=\"og:title\" content=\"Relaxing Time: Paradise Resort Collector&#039;s Edition\" \/>\n<meta property=\"og:description\" content=\"\u00c9chappez \u00e0 vos soucis avec Relaxing Time - Paradise Resort Collector\u2019s Edition\" \/>\n<meta property=\"og:url\" content=\"https:\/\/www.iplay.com\/fr\/games\/relaxing-time-paradise-resort-collectors-edition\/\" \/>\n<meta property=\"og:site_name\" content=\"IPlay\" \/>\n<meta property=\"article:modified_time\" content=\"2025-02-26T14:05:03+00:00\" \/>\n<meta property=\"og:image\" content=\"https:\/\/www.iplay.com\/wp-content\/uploads\/2025\/01\/relaxing_time_paradise_resort_collectors_edition_large_square_tile_image.webp\" \/>\n\t<meta property=\"og:image:width\" content=\"400\" \/>\n\t<meta property=\"og:image:height\" content=\"400\" \/>\n\t<meta property=\"og:image:type\" content=\"image\/webp\" \/>\n<meta name=\"twitter:card\" content=\"summary_large_image\" \/>\n<meta name=\"twitter:label1\" content=\"Dur\u00e9e de lecture estim\u00e9e\" \/>\n\t<meta name=\"twitter:data1\" content=\"1 minute\" \/>\n<script type=\"application\/ld+json\" class=\"yoast-schema-graph\">{\"@context\":\"https:\/\/schema.org\",\"@graph\":[{\"@type\":\"WebPage\",\"@id\":\"https:\/\/www.iplay.com\/fr\/games\/relaxing-time-paradise-resort-collectors-edition\/\",\"url\":\"https:\/\/www.iplay.com\/fr\/games\/relaxing-time-paradise-resort-collectors-edition\/\",\"name\":\"\u00c9vadez-vous de vos soucis avec Relaxing Time\u00a0: Paradise Resort CE\u00a0!\",\"isPartOf\":{\"@id\":\"https:\/\/www.iplay.com\/en\/#website\"},\"primaryImageOfPage\":{\"@id\":\"https:\/\/www.iplay.com\/fr\/games\/relaxing-time-paradise-resort-collectors-edition\/#primaryimage\"},\"image\":{\"@id\":\"https:\/\/www.iplay.com\/fr\/games\/relaxing-time-paradise-resort-collectors-edition\/#primaryimage\"},\"thumbnailUrl\":\"https:\/\/www.iplay.com\/wp-content\/uploads\/2025\/01\/relaxing_time_paradise_resort_collectors_edition_large_square_tile_image.webp\",\"datePublished\":\"2025-01-31T08:00:56+00:00\",\"dateModified\":\"2025-02-26T14:05:03+00:00\",\"description\":\"\u00c9chappez \u00e0 vos soucis avec Relaxing Time - Paradise Resort Collector\u2019s Edition\",\"breadcrumb\":{\"@id\":\"https:\/\/www.iplay.com\/fr\/games\/relaxing-time-paradise-resort-collectors-edition\/#breadcrumb\"},\"inLanguage\":\"fr-FR\",\"potentialAction\":[{\"@type\":\"ReadAction\",\"target\":[\"https:\/\/www.iplay.com\/fr\/games\/relaxing-time-paradise-resort-collectors-edition\/\"]}]},{\"@type\":\"ImageObject\",\"inLanguage\":\"fr-FR\",\"@id\":\"https:\/\/www.iplay.com\/fr\/games\/relaxing-time-paradise-resort-collectors-edition\/#primaryimage\",\"url\":\"https:\/\/www.iplay.com\/wp-content\/uploads\/2025\/01\/relaxing_time_paradise_resort_collectors_edition_large_square_tile_image.webp\",\"contentUrl\":\"https:\/\/www.iplay.com\/wp-content\/uploads\/2025\/01\/relaxing_time_paradise_resort_collectors_edition_large_square_tile_image.webp\",\"width\":400,\"height\":400},{\"@type\":\"BreadcrumbList\",\"@id\":\"https:\/\/www.iplay.com\/fr\/games\/relaxing-time-paradise-resort-collectors-edition\/#breadcrumb\",\"itemListElement\":[{\"@type\":\"ListItem\",\"position\":1,\"name\":\"Home\",\"item\":\"https:\/\/www.iplay.com\/fr\/home-page-2\/\"},{\"@type\":\"ListItem\",\"position\":2,\"name\":\"Shop\",\"item\":\"https:\/\/www.iplay.com\/en\/shop\/\"},{\"@type\":\"ListItem\",\"position\":3,\"name\":\"Relaxing Time: Paradise Resort Collector&#8217;s Edition\"}]},{\"@type\":\"WebSite\",\"@id\":\"https:\/\/www.iplay.com\/en\/#website\",\"url\":\"https:\/\/www.iplay.com\/en\/\",\"name\":\"IPlay\",\"description\":\"The Best Casual Games!\",\"publisher\":{\"@id\":\"https:\/\/www.iplay.com\/en\/#organization\"},\"potentialAction\":[{\"@type\":\"SearchAction\",\"target\":{\"@type\":\"EntryPoint\",\"urlTemplate\":\"https:\/\/www.iplay.com\/en\/?s={search_term_string}\"},\"query-input\":{\"@type\":\"PropertyValueSpecification\",\"valueRequired\":true,\"valueName\":\"search_term_string\"}}],\"inLanguage\":\"fr-FR\"},{\"@type\":\"Organization\",\"@id\":\"https:\/\/www.iplay.com\/en\/#organization\",\"name\":\"IPlay\",\"url\":\"https:\/\/www.iplay.com\/en\/\",\"logo\":{\"@type\":\"ImageObject\",\"inLanguage\":\"fr-FR\",\"@id\":\"https:\/\/www.iplay.com\/en\/#\/schema\/logo\/image\/\",\"url\":\"https:\/\/www.iplay.com\/wp-content\/uploads\/2023\/11\/Group-6100.svg\",\"contentUrl\":\"https:\/\/www.iplay.com\/wp-content\/uploads\/2023\/11\/Group-6100.svg\",\"width\":98,\"height\":25,\"caption\":\"IPlay\"},\"image\":{\"@id\":\"https:\/\/www.iplay.com\/en\/#\/schema\/logo\/image\/\"}}]}<\/script>\n<!-- \/ Yoast SEO Premium plugin. -->","yoast_head_json":{"title":"\u00c9vadez-vous de vos soucis avec Relaxing Time\u00a0: Paradise Resort CE\u00a0!","description":"\u00c9chappez \u00e0 vos soucis avec Relaxing Time - Paradise Resort Collector\u2019s Edition","robots":{"index":"index","follow":"follow","max-snippet":"max-snippet:-1","max-image-preview":"max-image-preview:large","max-video-preview":"max-video-preview:-1"},"canonical":"https:\/\/www.iplay.com\/fr\/games\/relaxing-time-paradise-resort-collectors-edition\/","og_locale":"fr_FR","og_type":"article","og_title":"Relaxing Time: Paradise Resort Collector's Edition","og_description":"\u00c9chappez \u00e0 vos soucis avec Relaxing Time - Paradise Resort Collector\u2019s Edition","og_url":"https:\/\/www.iplay.com\/fr\/games\/relaxing-time-paradise-resort-collectors-edition\/","og_site_name":"IPlay","article_modified_time":"2025-02-26T14:05:03+00:00","og_image":[{"width":400,"height":400,"url":"https:\/\/www.iplay.com\/wp-content\/uploads\/2025\/01\/relaxing_time_paradise_resort_collectors_edition_large_square_tile_image.webp","type":"image\/webp"}],"twitter_card":"summary_large_image","twitter_misc":{"Dur\u00e9e de lecture estim\u00e9e":"1 minute"},"schema":{"@context":"https:\/\/schema.org","@graph":[{"@type":"WebPage","@id":"https:\/\/www.iplay.com\/fr\/games\/relaxing-time-paradise-resort-collectors-edition\/","url":"https:\/\/www.iplay.com\/fr\/games\/relaxing-time-paradise-resort-collectors-edition\/","name":"\u00c9vadez-vous de vos soucis avec Relaxing Time\u00a0: Paradise Resort CE\u00a0!","isPartOf":{"@id":"https:\/\/www.iplay.com\/en\/#website"},"primaryImageOfPage":{"@id":"https:\/\/www.iplay.com\/fr\/games\/relaxing-time-paradise-resort-collectors-edition\/#primaryimage"},"image":{"@id":"https:\/\/www.iplay.com\/fr\/games\/relaxing-time-paradise-resort-collectors-edition\/#primaryimage"},"thumbnailUrl":"https:\/\/www.iplay.com\/wp-content\/uploads\/2025\/01\/relaxing_time_paradise_resort_collectors_edition_large_square_tile_image.webp","datePublished":"2025-01-31T08:00:56+00:00","dateModified":"2025-02-26T14:05:03+00:00","description":"\u00c9chappez \u00e0 vos soucis avec Relaxing Time - Paradise Resort Collector\u2019s Edition","breadcrumb":{"@id":"https:\/\/www.iplay.com\/fr\/games\/relaxing-time-paradise-resort-collectors-edition\/#breadcrumb"},"inLanguage":"fr-FR","potentialAction":[{"@type":"ReadAction","target":["https:\/\/www.iplay.com\/fr\/games\/relaxing-time-paradise-resort-collectors-edition\/"]}]},{"@type":"ImageObject","inLanguage":"fr-FR","@id":"https:\/\/www.iplay.com\/fr\/games\/relaxing-time-paradise-resort-collectors-edition\/#primaryimage","url":"https:\/\/www.iplay.com\/wp-content\/uploads\/2025\/01\/relaxing_time_paradise_resort_collectors_edition_large_square_tile_image.webp","contentUrl":"https:\/\/www.iplay.com\/wp-content\/uploads\/2025\/01\/relaxing_time_paradise_resort_collectors_edition_large_square_tile_image.webp","width":400,"height":400},{"@type":"BreadcrumbList","@id":"https:\/\/www.iplay.com\/fr\/games\/relaxing-time-paradise-resort-collectors-edition\/#breadcrumb","itemListElement":[{"@type":"ListItem","position":1,"name":"Home","item":"https:\/\/www.iplay.com\/fr\/home-page-2\/"},{"@type":"ListItem","position":2,"name":"Shop","item":"https:\/\/www.iplay.com\/en\/shop\/"},{"@type":"ListItem","position":3,"name":"Relaxing Time: Paradise Resort Collector&#8217;s Edition"}]},{"@type":"WebSite","@id":"https:\/\/www.iplay.com\/en\/#website","url":"https:\/\/www.iplay.com\/en\/","name":"IPlay","description":"The Best Casual Games!","publisher":{"@id":"https:\/\/www.iplay.com\/en\/#organization"},"potentialAction":[{"@type":"SearchAction","target":{"@type":"EntryPoint","urlTemplate":"https:\/\/www.iplay.com\/en\/?s={search_term_string}"},"query-input":{"@type":"PropertyValueSpecification","valueRequired":true,"valueName":"search_term_string"}}],"inLanguage":"fr-FR"},{"@type":"Organization","@id":"https:\/\/www.iplay.com\/en\/#organization","name":"IPlay","url":"https:\/\/www.iplay.com\/en\/","logo":{"@type":"ImageObject","inLanguage":"fr-FR","@id":"https:\/\/www.iplay.com\/en\/#\/schema\/logo\/image\/","url":"https:\/\/www.iplay.com\/wp-content\/uploads\/2023\/11\/Group-6100.svg","contentUrl":"https:\/\/www.iplay.com\/wp-content\/uploads\/2023\/11\/Group-6100.svg","width":98,"height":25,"caption":"IPlay"},"image":{"@id":"https:\/\/www.iplay.com\/en\/#\/schema\/logo\/image\/"}}]}},"_links":{"self":[{"href":"https:\/\/www.iplay.com\/fr\/wp-json\/wp\/v2\/product\/37432","targetHints":{"allow":["GET"]}}],"collection":[{"href":"https:\/\/www.iplay.com\/fr\/wp-json\/wp\/v2\/product"}],"about":[{"href":"https:\/\/www.iplay.com\/fr\/wp-json\/wp\/v2\/types\/product"}],"author":[{"embeddable":true,"href":"https:\/\/www.iplay.com\/fr\/wp-json\/wp\/v2\/users\/52"}],"replies":[{"embeddable":true,"href":"https:\/\/www.iplay.com\/fr\/wp-json\/wp\/v2\/comments?post=37432"}],"wp:featuredmedia":[{"embeddable":true,"href":"https:\/\/www.iplay.com\/fr\/wp-json\/wp\/v2\/media\/37434"}],"wp:attachment":[{"href":"https:\/\/www.iplay.com\/fr\/wp-json\/wp\/v2\/media?parent=37432"}],"wp:term":[{"taxonomy":"product_brand","embeddable":true,"href":"https:\/\/www.iplay.com\/fr\/wp-json\/wp\/v2\/product_brand?post=37432"},{"taxonomy":"product_cat","embeddable":true,"href":"https:\/\/www.iplay.com\/fr\/wp-json\/wp\/v2\/product_cat?post=37432"},{"taxonomy":"product_tag","embeddable":true,"href":"https:\/\/www.iplay.com\/fr\/wp-json\/wp\/v2\/product_tag?post=37432"}],"curies":[{"name":"wp","href":"https:\/\/api.w.org\/{rel}","templated":true}]}}