{"id":35068,"date":"2025-02-21T10:00:49","date_gmt":"2025-02-21T10:00:49","guid":{"rendered":"https:\/\/www.iplay.com\/games\/detective-club-missing-in-the-fog-collectors-edition\/"},"modified":"2025-02-26T14:40:46","modified_gmt":"2025-02-26T14:40:46","slug":"detective-club-missing-in-the-fog-collectors-edition","status":"publish","type":"product","link":"https:\/\/www.iplay.com\/fr\/games\/detective-club-missing-in-the-fog-collectors-edition\/","title":{"rendered":"Detective Club: Missing in the Fog Collector&#8217;s Edition"},"content":{"rendered":"<p>Une aventure palpitante vous attend dans Detective Club\u00a0: Missing in the Fog Collector\u2019s Edition, o\u00f9 les myst\u00e8res du Londres victorien doivent \u00eatre \u00e9lucid\u00e9s. Les rues \u00e9tranges et embrum\u00e9es pr\u00e9parent le terrain pour une enqu\u00eate men\u00e9e par Thomas, un jeune d\u00e9tective d\u00e9termin\u00e9 \u00e0 la recherche de sa meilleure amie disparue, Emily.<\/p>\n<p>Au fur et \u00e0 mesure que l\u2019affaire se d\u00e9roule, un r\u00e9seau de secrets est d\u00e9couvert, m\u00ealant un meurtre, un laboratoire sinistre et un complot de naufrage. Accompagn\u00e9 de son fid\u00e8le ami George, Thomas est entra\u00een\u00e9 dans un monde dangereux o\u00f9 des criminels impitoyables op\u00e8rent dans l\u2019ombre. Leur sombre pass\u00e9 et leurs motivations mortelles doivent \u00eatre mis au jour avant que d\u2019autres vies ne soient fauch\u00e9es par les rues impitoyables de Londres. Le fait qu\u2019Emily soit sauv\u00e9e et que justice soit rendue d\u00e9pend des choix faits dans cette captivante aventure d\u2019objets cach\u00e9s.<\/p>\n<p>&nbsp;<\/p>\n<p><strong>Caract\u00e9ristiques de l\u2019\u00e9dition collector<\/strong><\/p>\n<ul>\n<li>Niveaux bonus et \u00e9nigmes. Des d\u00e9fis suppl\u00e9mentaires et de nouveaux lieux myst\u00e9rieux peuvent \u00eatre explor\u00e9s.<\/li>\n<li>Contenu exclusif. Des morceaux de musique suppl\u00e9mentaires, des succ\u00e8s et des objets de collection cach\u00e9s sont disponibles.<\/li>\n<li>Salles secr\u00e8tes et r\u00e9compenses de d\u00e9tective. Les \u00e9nigmes peuvent \u00eatre rejou\u00e9es et la progression du d\u00e9tective peut \u00eatre examin\u00e9e.<\/li>\n<li>Le brouillard rec\u00e8le de nombreux secrets : seront-ils d\u00e9couverts \u00e0 temps ?<\/li>\n<\/ul>\n","protected":false},"excerpt":{"rendered":"<p>R\u00e9solvez des myst\u00e8res dans le Londres victorien avec <strong>Detective Club &#8211; Missing in the Fog \u00c9dition Collector<\/strong><\/p>\n","protected":false},"author":52,"featured_media":34189,"comment_status":"open","ping_status":"closed","template":"","meta":{"_acf_changed":false,"inline_featured_image":false},"product_brand":[],"product_cat":[165],"product_tag":[287],"class_list":{"0":"post-35068","1":"product","2":"type-product","3":"status-publish","4":"has-post-thumbnail","6":"product_cat-hidden-object-fr","7":"product_tag-play-on-pc-fr","9":"first","10":"instock","11":"shipping-taxable","12":"purchasable","13":"product-type-simple"},"acf":[],"yoast_head":"<!-- This site is optimized with the Yoast SEO Premium plugin v25.2 (Yoast SEO v25.2) - https:\/\/yoast.com\/wordpress\/plugins\/seo\/ -->\n<title>R\u00e9solvez des myst\u00e8res dans le Londres victorien avec Detective Club\u00a0: Missing in the Fog CE<\/title>\n<meta name=\"description\" content=\"R\u00e9solvez des myst\u00e8res dans le Londres victorien avec Detective Club - Missing in the Fog \u00c9dition Collector\" \/>\n<meta name=\"robots\" content=\"index, follow, max-snippet:-1, max-image-preview:large, max-video-preview:-1\" \/>\n<link rel=\"canonical\" href=\"https:\/\/www.iplay.com\/fr\/games\/detective-club-missing-in-the-fog-collectors-edition\/\" \/>\n<meta property=\"og:locale\" content=\"fr_FR\" \/>\n<meta property=\"og:type\" content=\"article\" \/>\n<meta property=\"og:title\" content=\"Detective Club: Missing in the Fog Collector&#039;s Edition\" \/>\n<meta property=\"og:description\" content=\"R\u00e9solvez des myst\u00e8res dans le Londres victorien avec Detective Club - Missing in the Fog \u00c9dition Collector\" \/>\n<meta property=\"og:url\" content=\"https:\/\/www.iplay.com\/fr\/games\/detective-club-missing-in-the-fog-collectors-edition\/\" \/>\n<meta property=\"og:site_name\" content=\"IPlay\" \/>\n<meta property=\"article:modified_time\" content=\"2025-02-26T14:40:46+00:00\" \/>\n<meta property=\"og:image\" content=\"https:\/\/www.iplay.com\/wp-content\/uploads\/2025\/02\/detective_club_missing_in_the_fog_collectors_edition_large_square_tile_image.webp\" \/>\n\t<meta property=\"og:image:width\" content=\"400\" \/>\n\t<meta property=\"og:image:height\" content=\"400\" \/>\n\t<meta property=\"og:image:type\" content=\"image\/webp\" \/>\n<meta name=\"twitter:card\" content=\"summary_large_image\" \/>\n<meta name=\"twitter:label1\" content=\"Dur\u00e9e de lecture estim\u00e9e\" \/>\n\t<meta name=\"twitter:data1\" content=\"1 minute\" \/>\n<script type=\"application\/ld+json\" class=\"yoast-schema-graph\">{\"@context\":\"https:\/\/schema.org\",\"@graph\":[{\"@type\":\"WebPage\",\"@id\":\"https:\/\/www.iplay.com\/fr\/games\/detective-club-missing-in-the-fog-collectors-edition\/\",\"url\":\"https:\/\/www.iplay.com\/fr\/games\/detective-club-missing-in-the-fog-collectors-edition\/\",\"name\":\"R\u00e9solvez des myst\u00e8res dans le Londres victorien avec Detective Club\u00a0: Missing in the Fog CE\",\"isPartOf\":{\"@id\":\"https:\/\/www.iplay.com\/en\/#website\"},\"primaryImageOfPage\":{\"@id\":\"https:\/\/www.iplay.com\/fr\/games\/detective-club-missing-in-the-fog-collectors-edition\/#primaryimage\"},\"image\":{\"@id\":\"https:\/\/www.iplay.com\/fr\/games\/detective-club-missing-in-the-fog-collectors-edition\/#primaryimage\"},\"thumbnailUrl\":\"https:\/\/www.iplay.com\/wp-content\/uploads\/2025\/02\/detective_club_missing_in_the_fog_collectors_edition_large_square_tile_image.webp\",\"datePublished\":\"2025-02-21T10:00:49+00:00\",\"dateModified\":\"2025-02-26T14:40:46+00:00\",\"description\":\"R\u00e9solvez des myst\u00e8res dans le Londres victorien avec Detective Club - Missing in the Fog \u00c9dition Collector\",\"breadcrumb\":{\"@id\":\"https:\/\/www.iplay.com\/fr\/games\/detective-club-missing-in-the-fog-collectors-edition\/#breadcrumb\"},\"inLanguage\":\"fr-FR\",\"potentialAction\":[{\"@type\":\"ReadAction\",\"target\":[\"https:\/\/www.iplay.com\/fr\/games\/detective-club-missing-in-the-fog-collectors-edition\/\"]}]},{\"@type\":\"ImageObject\",\"inLanguage\":\"fr-FR\",\"@id\":\"https:\/\/www.iplay.com\/fr\/games\/detective-club-missing-in-the-fog-collectors-edition\/#primaryimage\",\"url\":\"https:\/\/www.iplay.com\/wp-content\/uploads\/2025\/02\/detective_club_missing_in_the_fog_collectors_edition_large_square_tile_image.webp\",\"contentUrl\":\"https:\/\/www.iplay.com\/wp-content\/uploads\/2025\/02\/detective_club_missing_in_the_fog_collectors_edition_large_square_tile_image.webp\",\"width\":400,\"height\":400},{\"@type\":\"BreadcrumbList\",\"@id\":\"https:\/\/www.iplay.com\/fr\/games\/detective-club-missing-in-the-fog-collectors-edition\/#breadcrumb\",\"itemListElement\":[{\"@type\":\"ListItem\",\"position\":1,\"name\":\"Home\",\"item\":\"https:\/\/www.iplay.com\/fr\/home-page-2\/\"},{\"@type\":\"ListItem\",\"position\":2,\"name\":\"Shop\",\"item\":\"https:\/\/www.iplay.com\/en\/shop\/\"},{\"@type\":\"ListItem\",\"position\":3,\"name\":\"Detective Club: Missing in the Fog Collector&#8217;s Edition\"}]},{\"@type\":\"WebSite\",\"@id\":\"https:\/\/www.iplay.com\/en\/#website\",\"url\":\"https:\/\/www.iplay.com\/en\/\",\"name\":\"IPlay\",\"description\":\"The Best Casual Games!\",\"publisher\":{\"@id\":\"https:\/\/www.iplay.com\/en\/#organization\"},\"potentialAction\":[{\"@type\":\"SearchAction\",\"target\":{\"@type\":\"EntryPoint\",\"urlTemplate\":\"https:\/\/www.iplay.com\/en\/?s={search_term_string}\"},\"query-input\":{\"@type\":\"PropertyValueSpecification\",\"valueRequired\":true,\"valueName\":\"search_term_string\"}}],\"inLanguage\":\"fr-FR\"},{\"@type\":\"Organization\",\"@id\":\"https:\/\/www.iplay.com\/en\/#organization\",\"name\":\"IPlay\",\"url\":\"https:\/\/www.iplay.com\/en\/\",\"logo\":{\"@type\":\"ImageObject\",\"inLanguage\":\"fr-FR\",\"@id\":\"https:\/\/www.iplay.com\/en\/#\/schema\/logo\/image\/\",\"url\":\"https:\/\/www.iplay.com\/wp-content\/uploads\/2023\/11\/Group-6100.svg\",\"contentUrl\":\"https:\/\/www.iplay.com\/wp-content\/uploads\/2023\/11\/Group-6100.svg\",\"width\":98,\"height\":25,\"caption\":\"IPlay\"},\"image\":{\"@id\":\"https:\/\/www.iplay.com\/en\/#\/schema\/logo\/image\/\"}}]}<\/script>\n<!-- \/ Yoast SEO Premium plugin. -->","yoast_head_json":{"title":"R\u00e9solvez des myst\u00e8res dans le Londres victorien avec Detective Club\u00a0: Missing in the Fog CE","description":"R\u00e9solvez des myst\u00e8res dans le Londres victorien avec Detective Club - Missing in the Fog \u00c9dition Collector","robots":{"index":"index","follow":"follow","max-snippet":"max-snippet:-1","max-image-preview":"max-image-preview:large","max-video-preview":"max-video-preview:-1"},"canonical":"https:\/\/www.iplay.com\/fr\/games\/detective-club-missing-in-the-fog-collectors-edition\/","og_locale":"fr_FR","og_type":"article","og_title":"Detective Club: Missing in the Fog Collector's Edition","og_description":"R\u00e9solvez des myst\u00e8res dans le Londres victorien avec Detective Club - Missing in the Fog \u00c9dition Collector","og_url":"https:\/\/www.iplay.com\/fr\/games\/detective-club-missing-in-the-fog-collectors-edition\/","og_site_name":"IPlay","article_modified_time":"2025-02-26T14:40:46+00:00","og_image":[{"width":400,"height":400,"url":"https:\/\/www.iplay.com\/wp-content\/uploads\/2025\/02\/detective_club_missing_in_the_fog_collectors_edition_large_square_tile_image.webp","type":"image\/webp"}],"twitter_card":"summary_large_image","twitter_misc":{"Dur\u00e9e de lecture estim\u00e9e":"1 minute"},"schema":{"@context":"https:\/\/schema.org","@graph":[{"@type":"WebPage","@id":"https:\/\/www.iplay.com\/fr\/games\/detective-club-missing-in-the-fog-collectors-edition\/","url":"https:\/\/www.iplay.com\/fr\/games\/detective-club-missing-in-the-fog-collectors-edition\/","name":"R\u00e9solvez des myst\u00e8res dans le Londres victorien avec Detective Club\u00a0: Missing in the Fog CE","isPartOf":{"@id":"https:\/\/www.iplay.com\/en\/#website"},"primaryImageOfPage":{"@id":"https:\/\/www.iplay.com\/fr\/games\/detective-club-missing-in-the-fog-collectors-edition\/#primaryimage"},"image":{"@id":"https:\/\/www.iplay.com\/fr\/games\/detective-club-missing-in-the-fog-collectors-edition\/#primaryimage"},"thumbnailUrl":"https:\/\/www.iplay.com\/wp-content\/uploads\/2025\/02\/detective_club_missing_in_the_fog_collectors_edition_large_square_tile_image.webp","datePublished":"2025-02-21T10:00:49+00:00","dateModified":"2025-02-26T14:40:46+00:00","description":"R\u00e9solvez des myst\u00e8res dans le Londres victorien avec Detective Club - Missing in the Fog \u00c9dition Collector","breadcrumb":{"@id":"https:\/\/www.iplay.com\/fr\/games\/detective-club-missing-in-the-fog-collectors-edition\/#breadcrumb"},"inLanguage":"fr-FR","potentialAction":[{"@type":"ReadAction","target":["https:\/\/www.iplay.com\/fr\/games\/detective-club-missing-in-the-fog-collectors-edition\/"]}]},{"@type":"ImageObject","inLanguage":"fr-FR","@id":"https:\/\/www.iplay.com\/fr\/games\/detective-club-missing-in-the-fog-collectors-edition\/#primaryimage","url":"https:\/\/www.iplay.com\/wp-content\/uploads\/2025\/02\/detective_club_missing_in_the_fog_collectors_edition_large_square_tile_image.webp","contentUrl":"https:\/\/www.iplay.com\/wp-content\/uploads\/2025\/02\/detective_club_missing_in_the_fog_collectors_edition_large_square_tile_image.webp","width":400,"height":400},{"@type":"BreadcrumbList","@id":"https:\/\/www.iplay.com\/fr\/games\/detective-club-missing-in-the-fog-collectors-edition\/#breadcrumb","itemListElement":[{"@type":"ListItem","position":1,"name":"Home","item":"https:\/\/www.iplay.com\/fr\/home-page-2\/"},{"@type":"ListItem","position":2,"name":"Shop","item":"https:\/\/www.iplay.com\/en\/shop\/"},{"@type":"ListItem","position":3,"name":"Detective Club: Missing in the Fog Collector&#8217;s Edition"}]},{"@type":"WebSite","@id":"https:\/\/www.iplay.com\/en\/#website","url":"https:\/\/www.iplay.com\/en\/","name":"IPlay","description":"The Best Casual Games!","publisher":{"@id":"https:\/\/www.iplay.com\/en\/#organization"},"potentialAction":[{"@type":"SearchAction","target":{"@type":"EntryPoint","urlTemplate":"https:\/\/www.iplay.com\/en\/?s={search_term_string}"},"query-input":{"@type":"PropertyValueSpecification","valueRequired":true,"valueName":"search_term_string"}}],"inLanguage":"fr-FR"},{"@type":"Organization","@id":"https:\/\/www.iplay.com\/en\/#organization","name":"IPlay","url":"https:\/\/www.iplay.com\/en\/","logo":{"@type":"ImageObject","inLanguage":"fr-FR","@id":"https:\/\/www.iplay.com\/en\/#\/schema\/logo\/image\/","url":"https:\/\/www.iplay.com\/wp-content\/uploads\/2023\/11\/Group-6100.svg","contentUrl":"https:\/\/www.iplay.com\/wp-content\/uploads\/2023\/11\/Group-6100.svg","width":98,"height":25,"caption":"IPlay"},"image":{"@id":"https:\/\/www.iplay.com\/en\/#\/schema\/logo\/image\/"}}]}},"_links":{"self":[{"href":"https:\/\/www.iplay.com\/fr\/wp-json\/wp\/v2\/product\/35068","targetHints":{"allow":["GET"]}}],"collection":[{"href":"https:\/\/www.iplay.com\/fr\/wp-json\/wp\/v2\/product"}],"about":[{"href":"https:\/\/www.iplay.com\/fr\/wp-json\/wp\/v2\/types\/product"}],"author":[{"embeddable":true,"href":"https:\/\/www.iplay.com\/fr\/wp-json\/wp\/v2\/users\/52"}],"replies":[{"embeddable":true,"href":"https:\/\/www.iplay.com\/fr\/wp-json\/wp\/v2\/comments?post=35068"}],"wp:featuredmedia":[{"embeddable":true,"href":"https:\/\/www.iplay.com\/fr\/wp-json\/wp\/v2\/media\/34189"}],"wp:attachment":[{"href":"https:\/\/www.iplay.com\/fr\/wp-json\/wp\/v2\/media?parent=35068"}],"wp:term":[{"taxonomy":"product_brand","embeddable":true,"href":"https:\/\/www.iplay.com\/fr\/wp-json\/wp\/v2\/product_brand?post=35068"},{"taxonomy":"product_cat","embeddable":true,"href":"https:\/\/www.iplay.com\/fr\/wp-json\/wp\/v2\/product_cat?post=35068"},{"taxonomy":"product_tag","embeddable":true,"href":"https:\/\/www.iplay.com\/fr\/wp-json\/wp\/v2\/product_tag?post=35068"}],"curies":[{"name":"wp","href":"https:\/\/api.w.org\/{rel}","templated":true}]}}