{"id":33929,"date":"2022-09-08T00:00:00","date_gmt":"2022-09-08T00:00:00","guid":{"rendered":"https:\/\/www.iplay.com\/games\/clutter-ix\/"},"modified":"2025-02-26T14:05:22","modified_gmt":"2025-02-26T14:05:22","slug":"clutter-ix","status":"publish","type":"product","link":"https:\/\/www.iplay.com\/fr\/games\/clutter-ix\/","title":{"rendered":"Clutter IX"},"content":{"rendered":"<p>Clutter IX contient un nombre incroyable de 1 100 \u00e9nigmes. De plus, vous obtenez les it\u00e9rations les plus r\u00e9centes de Clutter ainsi que certains de vos anciens favoris m\u00e9lang\u00e9s pour des niveaux de jeux d\u2019objets cach\u00e9s que vous n\u2019oublierez pas de sit\u00f4t. De plus, le jeu propose des curseurs, des puzzles carr\u00e9s et des citations en bo\u00eete. Et gardez un \u0153il sur les derni\u00e8res variantes d\u2019IXtreme (Extreme). Jamais auparavant Clutter n\u2019a \u00e9t\u00e9 aussi rapide et plein de suspense. Vous ne pouvez jouer \u00e0 la version Clutter que vous adorez le plus que si vous d\u00e9couvrez un mode de jeu particulier que vous pr\u00e9f\u00e9rez aux autres. Cr\u00e9ez vos puzzles pr\u00e9f\u00e9r\u00e9s et revenez-y \u00e0 tout moment. Clutter IXtreme propose plus de 1 100 puzzles.<\/p>\n<p>&nbsp;<\/p>\n<p><strong>Fonctionnalit\u00e9s:<\/strong><\/p>\n<ul>\n<li>De nouveaux types de jeu qui n\u2019ont jamais \u00e9t\u00e9 exp\u00e9riment\u00e9s auparavant<\/li>\n<li>Plus d\u2019une centaine de puzzles d\u2019images et de citations<\/li>\n<li>R\u00e9p\u00e9tez les tours RNG<\/li>\n<\/ul>\n<p>&nbsp;<\/p>\n<p>Si vous avez aim\u00e9 ce jeu Clutter, pourquoi ne pas consulter tous les autres jeux de la s\u00e9rie Clutter <a href=\"\/fr?product_tag=clutter-series\">ICI<\/a><\/p>\n","protected":false},"excerpt":{"rendered":"<p>Clutter IX : Un encombrement extr\u00eame ! Est-ce le plus grand Clutter \u00e0 ce jour ? Il y a 1100 \u00e9nigmes \u00e0 r\u00e9soudre.<\/p>\n","protected":false},"author":41,"featured_media":33930,"comment_status":"open","ping_status":"closed","template":"","meta":{"_acf_changed":false,"inline_featured_image":false},"product_brand":[],"product_cat":[162,193],"product_tag":[287],"class_list":{"0":"post-33929","1":"product","2":"type-product","3":"status-publish","4":"has-post-thumbnail","6":"product_cat-clutter-series-fr","7":"product_cat-puzzle-fr","8":"product_tag-play-on-pc-fr","10":"first","11":"instock","12":"shipping-taxable","13":"purchasable","14":"product-type-simple"},"acf":[],"yoast_head":"<!-- This site is optimized with the Yoast SEO Premium plugin v25.2 (Yoast SEO v25.2) - https:\/\/yoast.com\/wordpress\/plugins\/seo\/ -->\n<title>Clutter IX - Clutter IXtreme\u00a0! Apporte 1100 puzzles pour votre divertissement<\/title>\n<meta name=\"description\" content=\"Clutter IX : Un encombrement extr\u00eame ! Est-ce le plus grand Clutter \u00e0 ce jour ? Il y a 1100 \u00e9nigmes \u00e0 r\u00e9soudre.\" \/>\n<meta name=\"robots\" content=\"index, follow, max-snippet:-1, max-image-preview:large, max-video-preview:-1\" \/>\n<link rel=\"canonical\" href=\"https:\/\/www.iplay.com\/fr\/games\/clutter-ix\/\" \/>\n<meta property=\"og:locale\" content=\"fr_FR\" \/>\n<meta property=\"og:type\" content=\"article\" \/>\n<meta property=\"og:title\" content=\"Clutter IX\" \/>\n<meta property=\"og:description\" content=\"Clutter IX : Un encombrement extr\u00eame ! Est-ce le plus grand Clutter \u00e0 ce jour ? Il y a 1100 \u00e9nigmes \u00e0 r\u00e9soudre.\" \/>\n<meta property=\"og:url\" content=\"https:\/\/www.iplay.com\/fr\/games\/clutter-ix\/\" \/>\n<meta property=\"og:site_name\" content=\"IPlay\" \/>\n<meta property=\"article:modified_time\" content=\"2025-02-26T14:05:22+00:00\" \/>\n<meta property=\"og:image\" content=\"https:\/\/www.iplay.com\/wp-content\/uploads\/2023\/12\/large_square_tile_image-3266.jpg\" \/>\n\t<meta property=\"og:image:width\" content=\"310\" \/>\n\t<meta property=\"og:image:height\" content=\"310\" \/>\n\t<meta property=\"og:image:type\" content=\"image\/jpeg\" \/>\n<meta name=\"twitter:card\" content=\"summary_large_image\" \/>\n<meta name=\"twitter:label1\" content=\"Dur\u00e9e de lecture estim\u00e9e\" \/>\n\t<meta name=\"twitter:data1\" content=\"1 minute\" \/>\n<script type=\"application\/ld+json\" class=\"yoast-schema-graph\">{\"@context\":\"https:\/\/schema.org\",\"@graph\":[{\"@type\":\"WebPage\",\"@id\":\"https:\/\/www.iplay.com\/fr\/games\/clutter-ix\/\",\"url\":\"https:\/\/www.iplay.com\/fr\/games\/clutter-ix\/\",\"name\":\"Clutter IX - Clutter IXtreme\u00a0! Apporte 1100 puzzles pour votre divertissement\",\"isPartOf\":{\"@id\":\"https:\/\/www.iplay.com\/en\/#website\"},\"primaryImageOfPage\":{\"@id\":\"https:\/\/www.iplay.com\/fr\/games\/clutter-ix\/#primaryimage\"},\"image\":{\"@id\":\"https:\/\/www.iplay.com\/fr\/games\/clutter-ix\/#primaryimage\"},\"thumbnailUrl\":\"https:\/\/www.iplay.com\/wp-content\/uploads\/2023\/12\/large_square_tile_image-3266.jpg\",\"datePublished\":\"2022-09-08T00:00:00+00:00\",\"dateModified\":\"2025-02-26T14:05:22+00:00\",\"description\":\"Clutter IX : Un encombrement extr\u00eame ! Est-ce le plus grand Clutter \u00e0 ce jour ? Il y a 1100 \u00e9nigmes \u00e0 r\u00e9soudre.\",\"breadcrumb\":{\"@id\":\"https:\/\/www.iplay.com\/fr\/games\/clutter-ix\/#breadcrumb\"},\"inLanguage\":\"fr-FR\",\"potentialAction\":[{\"@type\":\"ReadAction\",\"target\":[\"https:\/\/www.iplay.com\/fr\/games\/clutter-ix\/\"]}]},{\"@type\":\"ImageObject\",\"inLanguage\":\"fr-FR\",\"@id\":\"https:\/\/www.iplay.com\/fr\/games\/clutter-ix\/#primaryimage\",\"url\":\"https:\/\/www.iplay.com\/wp-content\/uploads\/2023\/12\/large_square_tile_image-3266.jpg\",\"contentUrl\":\"https:\/\/www.iplay.com\/wp-content\/uploads\/2023\/12\/large_square_tile_image-3266.jpg\",\"width\":310,\"height\":310},{\"@type\":\"BreadcrumbList\",\"@id\":\"https:\/\/www.iplay.com\/fr\/games\/clutter-ix\/#breadcrumb\",\"itemListElement\":[{\"@type\":\"ListItem\",\"position\":1,\"name\":\"Home\",\"item\":\"https:\/\/www.iplay.com\/fr\/home-page-2\/\"},{\"@type\":\"ListItem\",\"position\":2,\"name\":\"Shop\",\"item\":\"https:\/\/www.iplay.com\/en\/shop\/\"},{\"@type\":\"ListItem\",\"position\":3,\"name\":\"Clutter IX\"}]},{\"@type\":\"WebSite\",\"@id\":\"https:\/\/www.iplay.com\/en\/#website\",\"url\":\"https:\/\/www.iplay.com\/en\/\",\"name\":\"IPlay\",\"description\":\"The Best Casual Games!\",\"publisher\":{\"@id\":\"https:\/\/www.iplay.com\/en\/#organization\"},\"potentialAction\":[{\"@type\":\"SearchAction\",\"target\":{\"@type\":\"EntryPoint\",\"urlTemplate\":\"https:\/\/www.iplay.com\/en\/?s={search_term_string}\"},\"query-input\":{\"@type\":\"PropertyValueSpecification\",\"valueRequired\":true,\"valueName\":\"search_term_string\"}}],\"inLanguage\":\"fr-FR\"},{\"@type\":\"Organization\",\"@id\":\"https:\/\/www.iplay.com\/en\/#organization\",\"name\":\"IPlay\",\"url\":\"https:\/\/www.iplay.com\/en\/\",\"logo\":{\"@type\":\"ImageObject\",\"inLanguage\":\"fr-FR\",\"@id\":\"https:\/\/www.iplay.com\/en\/#\/schema\/logo\/image\/\",\"url\":\"https:\/\/www.iplay.com\/wp-content\/uploads\/2023\/11\/Group-6100.svg\",\"contentUrl\":\"https:\/\/www.iplay.com\/wp-content\/uploads\/2023\/11\/Group-6100.svg\",\"width\":98,\"height\":25,\"caption\":\"IPlay\"},\"image\":{\"@id\":\"https:\/\/www.iplay.com\/en\/#\/schema\/logo\/image\/\"}}]}<\/script>\n<!-- \/ Yoast SEO Premium plugin. -->","yoast_head_json":{"title":"Clutter IX - Clutter IXtreme\u00a0! Apporte 1100 puzzles pour votre divertissement","description":"Clutter IX : Un encombrement extr\u00eame ! Est-ce le plus grand Clutter \u00e0 ce jour ? Il y a 1100 \u00e9nigmes \u00e0 r\u00e9soudre.","robots":{"index":"index","follow":"follow","max-snippet":"max-snippet:-1","max-image-preview":"max-image-preview:large","max-video-preview":"max-video-preview:-1"},"canonical":"https:\/\/www.iplay.com\/fr\/games\/clutter-ix\/","og_locale":"fr_FR","og_type":"article","og_title":"Clutter IX","og_description":"Clutter IX : Un encombrement extr\u00eame ! Est-ce le plus grand Clutter \u00e0 ce jour ? Il y a 1100 \u00e9nigmes \u00e0 r\u00e9soudre.","og_url":"https:\/\/www.iplay.com\/fr\/games\/clutter-ix\/","og_site_name":"IPlay","article_modified_time":"2025-02-26T14:05:22+00:00","og_image":[{"width":310,"height":310,"url":"https:\/\/www.iplay.com\/wp-content\/uploads\/2023\/12\/large_square_tile_image-3266.jpg","type":"image\/jpeg"}],"twitter_card":"summary_large_image","twitter_misc":{"Dur\u00e9e de lecture estim\u00e9e":"1 minute"},"schema":{"@context":"https:\/\/schema.org","@graph":[{"@type":"WebPage","@id":"https:\/\/www.iplay.com\/fr\/games\/clutter-ix\/","url":"https:\/\/www.iplay.com\/fr\/games\/clutter-ix\/","name":"Clutter IX - Clutter IXtreme\u00a0! Apporte 1100 puzzles pour votre divertissement","isPartOf":{"@id":"https:\/\/www.iplay.com\/en\/#website"},"primaryImageOfPage":{"@id":"https:\/\/www.iplay.com\/fr\/games\/clutter-ix\/#primaryimage"},"image":{"@id":"https:\/\/www.iplay.com\/fr\/games\/clutter-ix\/#primaryimage"},"thumbnailUrl":"https:\/\/www.iplay.com\/wp-content\/uploads\/2023\/12\/large_square_tile_image-3266.jpg","datePublished":"2022-09-08T00:00:00+00:00","dateModified":"2025-02-26T14:05:22+00:00","description":"Clutter IX : Un encombrement extr\u00eame ! Est-ce le plus grand Clutter \u00e0 ce jour ? Il y a 1100 \u00e9nigmes \u00e0 r\u00e9soudre.","breadcrumb":{"@id":"https:\/\/www.iplay.com\/fr\/games\/clutter-ix\/#breadcrumb"},"inLanguage":"fr-FR","potentialAction":[{"@type":"ReadAction","target":["https:\/\/www.iplay.com\/fr\/games\/clutter-ix\/"]}]},{"@type":"ImageObject","inLanguage":"fr-FR","@id":"https:\/\/www.iplay.com\/fr\/games\/clutter-ix\/#primaryimage","url":"https:\/\/www.iplay.com\/wp-content\/uploads\/2023\/12\/large_square_tile_image-3266.jpg","contentUrl":"https:\/\/www.iplay.com\/wp-content\/uploads\/2023\/12\/large_square_tile_image-3266.jpg","width":310,"height":310},{"@type":"BreadcrumbList","@id":"https:\/\/www.iplay.com\/fr\/games\/clutter-ix\/#breadcrumb","itemListElement":[{"@type":"ListItem","position":1,"name":"Home","item":"https:\/\/www.iplay.com\/fr\/home-page-2\/"},{"@type":"ListItem","position":2,"name":"Shop","item":"https:\/\/www.iplay.com\/en\/shop\/"},{"@type":"ListItem","position":3,"name":"Clutter IX"}]},{"@type":"WebSite","@id":"https:\/\/www.iplay.com\/en\/#website","url":"https:\/\/www.iplay.com\/en\/","name":"IPlay","description":"The Best Casual Games!","publisher":{"@id":"https:\/\/www.iplay.com\/en\/#organization"},"potentialAction":[{"@type":"SearchAction","target":{"@type":"EntryPoint","urlTemplate":"https:\/\/www.iplay.com\/en\/?s={search_term_string}"},"query-input":{"@type":"PropertyValueSpecification","valueRequired":true,"valueName":"search_term_string"}}],"inLanguage":"fr-FR"},{"@type":"Organization","@id":"https:\/\/www.iplay.com\/en\/#organization","name":"IPlay","url":"https:\/\/www.iplay.com\/en\/","logo":{"@type":"ImageObject","inLanguage":"fr-FR","@id":"https:\/\/www.iplay.com\/en\/#\/schema\/logo\/image\/","url":"https:\/\/www.iplay.com\/wp-content\/uploads\/2023\/11\/Group-6100.svg","contentUrl":"https:\/\/www.iplay.com\/wp-content\/uploads\/2023\/11\/Group-6100.svg","width":98,"height":25,"caption":"IPlay"},"image":{"@id":"https:\/\/www.iplay.com\/en\/#\/schema\/logo\/image\/"}}]}},"_links":{"self":[{"href":"https:\/\/www.iplay.com\/fr\/wp-json\/wp\/v2\/product\/33929","targetHints":{"allow":["GET"]}}],"collection":[{"href":"https:\/\/www.iplay.com\/fr\/wp-json\/wp\/v2\/product"}],"about":[{"href":"https:\/\/www.iplay.com\/fr\/wp-json\/wp\/v2\/types\/product"}],"author":[{"embeddable":true,"href":"https:\/\/www.iplay.com\/fr\/wp-json\/wp\/v2\/users\/41"}],"replies":[{"embeddable":true,"href":"https:\/\/www.iplay.com\/fr\/wp-json\/wp\/v2\/comments?post=33929"}],"wp:featuredmedia":[{"embeddable":true,"href":"https:\/\/www.iplay.com\/fr\/wp-json\/wp\/v2\/media\/33930"}],"wp:attachment":[{"href":"https:\/\/www.iplay.com\/fr\/wp-json\/wp\/v2\/media?parent=33929"}],"wp:term":[{"taxonomy":"product_brand","embeddable":true,"href":"https:\/\/www.iplay.com\/fr\/wp-json\/wp\/v2\/product_brand?post=33929"},{"taxonomy":"product_cat","embeddable":true,"href":"https:\/\/www.iplay.com\/fr\/wp-json\/wp\/v2\/product_cat?post=33929"},{"taxonomy":"product_tag","embeddable":true,"href":"https:\/\/www.iplay.com\/fr\/wp-json\/wp\/v2\/product_tag?post=33929"}],"curies":[{"name":"wp","href":"https:\/\/api.w.org\/{rel}","templated":true}]}}