{"id":150525,"date":"2026-04-17T00:22:54","date_gmt":"2026-04-17T00:22:54","guid":{"rendered":"https:\/\/www.iplay.com\/games\/art-coloring-55\/"},"modified":"2026-04-20T15:55:54","modified_gmt":"2026-04-20T15:55:54","slug":"art-coloring-55","status":"publish","type":"product","link":"https:\/\/www.iplay.com\/fr\/games\/art-coloring-55\/","title":{"rendered":"Art Coloring 55"},"content":{"rendered":"<p class=\"ai-optimize-34 ai-optimize-introduction\">Vous \u00eates invit\u00e9 \u00e0 entrer dans un monde serein et vibrant o\u00f9 la cr\u00e9ativit\u00e9 est naturelle gr\u00e2ce \u00e0 Art Coloring 55. Vous pouvez choisir la m\u00e9thode de coloriage qui correspond le mieux \u00e0 votre humeur, avec des \u0153uvres en style pixel et traditionnelles. Pour une exp\u00e9rience plus complexe et contemplative, utilisez la peinture au pixel ou des couleurs lisses et vibrantes pour remplir les r\u00e9gions d\u00e9sign\u00e9es.  <\/p>\n<p class=\"ai-optimize-35\">De plus, vous pouvez alterner entre des remplissages nets et plats et des coups de pinceau textur\u00e9s pour donner \u00e0 chaque \u0153uvre une apparence distincte. Art Coloring 55 offre une \u00e9chappatoire vibrante et \u00e9panouissante pour les joueurs de tous \u00e2ges, que vous recherchiez un repos calme ou une longue s\u00e9ance de coloriage apaisante. <\/p>\n<p>&nbsp;<\/p>\n<p class=\"ai-optimize-36\"><strong>Caract\u00e9ristiques<\/strong> :<\/p>\n<ul>\n<li class=\"ai-optimize-36\">64 tableaux vibrants \u00e0 terminer !<\/li>\n<li class=\"ai-optimize-36\">64 dessins pixelis\u00e9s vifs !<\/li>\n<li class=\"ai-optimize-36\">Choisissez entre la peinture en pixels et la coloration des zones !<\/li>\n<li class=\"ai-optimize-36\">Alternez entre des techniques de coloration plates et textur\u00e9es !<\/li>\n<li class=\"ai-optimize-36\">Une exp\u00e9rience sans stress, cr\u00e9ative et apaisante !<\/li>\n<\/ul>\n","protected":false},"excerpt":{"rendered":"<p class=\"ai-optimize-39 ai-optimize-introduction\">Art Coloring 55 vous accueille dans un univers serein et vibrant o\u00f9 votre imagination peut s\u2019envoler librement !<\/p>\n","protected":false},"author":16,"featured_media":150415,"comment_status":"open","ping_status":"closed","template":"","meta":{"_acf_changed":false,"inline_featured_image":false},"product_brand":[],"product_cat":[183],"product_tag":[287],"class_list":{"0":"post-150525","1":"product","2":"type-product","3":"status-publish","4":"has-post-thumbnail","6":"product_cat-paint-by-numbers-series-fr","7":"product_tag-play-on-pc-fr","9":"first","10":"instock","11":"shipping-taxable","12":"purchasable","13":"product-type-simple"},"acf":[],"yoast_head":"<!-- This site is optimized with the Yoast SEO Premium plugin v25.2 (Yoast SEO v25.2) - https:\/\/yoast.com\/wordpress\/plugins\/seo\/ -->\n<title>D\u00e9tendez-vous et cr\u00e9ez des \u0153uvres d\u2019art \u00e9poustouflantes avec Art Coloring 55 !<\/title>\n<meta name=\"description\" content=\"Art Coloring 55 vous accueille dans un univers serein et vibrant o\u00f9 votre imagination peut s\u2019envoler librement !\" \/>\n<meta name=\"robots\" content=\"index, follow, max-snippet:-1, max-image-preview:large, max-video-preview:-1\" \/>\n<link rel=\"canonical\" href=\"https:\/\/www.iplay.com\/fr\/games\/art-coloring-55\/\" \/>\n<meta property=\"og:locale\" content=\"fr_FR\" \/>\n<meta property=\"og:type\" content=\"article\" \/>\n<meta property=\"og:title\" content=\"Art Coloring 55\" \/>\n<meta property=\"og:description\" content=\"Art Coloring 55 vous accueille dans un univers serein et vibrant o\u00f9 votre imagination peut s\u2019envoler librement !\" \/>\n<meta property=\"og:url\" content=\"https:\/\/www.iplay.com\/fr\/games\/art-coloring-55\/\" \/>\n<meta property=\"og:site_name\" content=\"IPlay\" \/>\n<meta property=\"article:modified_time\" content=\"2026-04-20T15:55:54+00:00\" \/>\n<meta property=\"og:image\" content=\"https:\/\/www.iplay.com\/wp-content\/uploads\/2026\/04\/art-coloring-55_large_video_screenshot.webp\" \/>\n\t<meta property=\"og:image:width\" content=\"715\" \/>\n\t<meta property=\"og:image:height\" content=\"485\" \/>\n\t<meta property=\"og:image:type\" content=\"image\/webp\" \/>\n<meta name=\"twitter:card\" content=\"summary_large_image\" \/>\n<meta name=\"twitter:label1\" content=\"Dur\u00e9e de lecture estim\u00e9e\" \/>\n\t<meta name=\"twitter:data1\" content=\"1 minute\" \/>\n<script type=\"application\/ld+json\" class=\"yoast-schema-graph\">{\"@context\":\"https:\/\/schema.org\",\"@graph\":[{\"@type\":\"WebPage\",\"@id\":\"https:\/\/www.iplay.com\/fr\/games\/art-coloring-55\/\",\"url\":\"https:\/\/www.iplay.com\/fr\/games\/art-coloring-55\/\",\"name\":\"D\u00e9tendez-vous et cr\u00e9ez des \u0153uvres d\u2019art \u00e9poustouflantes avec Art Coloring 55 !\",\"isPartOf\":{\"@id\":\"https:\/\/www.iplay.com\/en\/#website\"},\"primaryImageOfPage\":{\"@id\":\"https:\/\/www.iplay.com\/fr\/games\/art-coloring-55\/#primaryimage\"},\"image\":{\"@id\":\"https:\/\/www.iplay.com\/fr\/games\/art-coloring-55\/#primaryimage\"},\"thumbnailUrl\":\"https:\/\/www.iplay.com\/wp-content\/uploads\/2026\/04\/art-coloring-55_large_video_screenshot.webp\",\"datePublished\":\"2026-04-17T00:22:54+00:00\",\"dateModified\":\"2026-04-20T15:55:54+00:00\",\"description\":\"Art Coloring 55 vous accueille dans un univers serein et vibrant o\u00f9 votre imagination peut s\u2019envoler librement !\",\"breadcrumb\":{\"@id\":\"https:\/\/www.iplay.com\/fr\/games\/art-coloring-55\/#breadcrumb\"},\"inLanguage\":\"fr-FR\",\"potentialAction\":[{\"@type\":\"ReadAction\",\"target\":[\"https:\/\/www.iplay.com\/fr\/games\/art-coloring-55\/\"]}]},{\"@type\":\"ImageObject\",\"inLanguage\":\"fr-FR\",\"@id\":\"https:\/\/www.iplay.com\/fr\/games\/art-coloring-55\/#primaryimage\",\"url\":\"https:\/\/www.iplay.com\/wp-content\/uploads\/2026\/04\/art-coloring-55_large_video_screenshot.webp\",\"contentUrl\":\"https:\/\/www.iplay.com\/wp-content\/uploads\/2026\/04\/art-coloring-55_large_video_screenshot.webp\",\"width\":715,\"height\":485},{\"@type\":\"BreadcrumbList\",\"@id\":\"https:\/\/www.iplay.com\/fr\/games\/art-coloring-55\/#breadcrumb\",\"itemListElement\":[{\"@type\":\"ListItem\",\"position\":1,\"name\":\"Home\",\"item\":\"https:\/\/www.iplay.com\/fr\/home-page-2\/\"},{\"@type\":\"ListItem\",\"position\":2,\"name\":\"Shop\",\"item\":\"https:\/\/www.iplay.com\/en\/shop\/\"},{\"@type\":\"ListItem\",\"position\":3,\"name\":\"Art Coloring 55\"}]},{\"@type\":\"WebSite\",\"@id\":\"https:\/\/www.iplay.com\/en\/#website\",\"url\":\"https:\/\/www.iplay.com\/en\/\",\"name\":\"IPlay\",\"description\":\"The Best Casual Games!\",\"publisher\":{\"@id\":\"https:\/\/www.iplay.com\/en\/#organization\"},\"potentialAction\":[{\"@type\":\"SearchAction\",\"target\":{\"@type\":\"EntryPoint\",\"urlTemplate\":\"https:\/\/www.iplay.com\/en\/?s={search_term_string}\"},\"query-input\":{\"@type\":\"PropertyValueSpecification\",\"valueRequired\":true,\"valueName\":\"search_term_string\"}}],\"inLanguage\":\"fr-FR\"},{\"@type\":\"Organization\",\"@id\":\"https:\/\/www.iplay.com\/en\/#organization\",\"name\":\"IPlay\",\"url\":\"https:\/\/www.iplay.com\/en\/\",\"logo\":{\"@type\":\"ImageObject\",\"inLanguage\":\"fr-FR\",\"@id\":\"https:\/\/www.iplay.com\/en\/#\/schema\/logo\/image\/\",\"url\":\"https:\/\/www.iplay.com\/wp-content\/uploads\/2023\/11\/Group-6100.svg\",\"contentUrl\":\"https:\/\/www.iplay.com\/wp-content\/uploads\/2023\/11\/Group-6100.svg\",\"width\":98,\"height\":25,\"caption\":\"IPlay\"},\"image\":{\"@id\":\"https:\/\/www.iplay.com\/en\/#\/schema\/logo\/image\/\"}}]}<\/script>\n<!-- \/ Yoast SEO Premium plugin. -->","yoast_head_json":{"title":"D\u00e9tendez-vous et cr\u00e9ez des \u0153uvres d\u2019art \u00e9poustouflantes avec Art Coloring 55 !","description":"Art Coloring 55 vous accueille dans un univers serein et vibrant o\u00f9 votre imagination peut s\u2019envoler librement !","robots":{"index":"index","follow":"follow","max-snippet":"max-snippet:-1","max-image-preview":"max-image-preview:large","max-video-preview":"max-video-preview:-1"},"canonical":"https:\/\/www.iplay.com\/fr\/games\/art-coloring-55\/","og_locale":"fr_FR","og_type":"article","og_title":"Art Coloring 55","og_description":"Art Coloring 55 vous accueille dans un univers serein et vibrant o\u00f9 votre imagination peut s\u2019envoler librement !","og_url":"https:\/\/www.iplay.com\/fr\/games\/art-coloring-55\/","og_site_name":"IPlay","article_modified_time":"2026-04-20T15:55:54+00:00","og_image":[{"width":715,"height":485,"url":"https:\/\/www.iplay.com\/wp-content\/uploads\/2026\/04\/art-coloring-55_large_video_screenshot.webp","type":"image\/webp"}],"twitter_card":"summary_large_image","twitter_misc":{"Dur\u00e9e de lecture estim\u00e9e":"1 minute"},"schema":{"@context":"https:\/\/schema.org","@graph":[{"@type":"WebPage","@id":"https:\/\/www.iplay.com\/fr\/games\/art-coloring-55\/","url":"https:\/\/www.iplay.com\/fr\/games\/art-coloring-55\/","name":"D\u00e9tendez-vous et cr\u00e9ez des \u0153uvres d\u2019art \u00e9poustouflantes avec Art Coloring 55 !","isPartOf":{"@id":"https:\/\/www.iplay.com\/en\/#website"},"primaryImageOfPage":{"@id":"https:\/\/www.iplay.com\/fr\/games\/art-coloring-55\/#primaryimage"},"image":{"@id":"https:\/\/www.iplay.com\/fr\/games\/art-coloring-55\/#primaryimage"},"thumbnailUrl":"https:\/\/www.iplay.com\/wp-content\/uploads\/2026\/04\/art-coloring-55_large_video_screenshot.webp","datePublished":"2026-04-17T00:22:54+00:00","dateModified":"2026-04-20T15:55:54+00:00","description":"Art Coloring 55 vous accueille dans un univers serein et vibrant o\u00f9 votre imagination peut s\u2019envoler librement !","breadcrumb":{"@id":"https:\/\/www.iplay.com\/fr\/games\/art-coloring-55\/#breadcrumb"},"inLanguage":"fr-FR","potentialAction":[{"@type":"ReadAction","target":["https:\/\/www.iplay.com\/fr\/games\/art-coloring-55\/"]}]},{"@type":"ImageObject","inLanguage":"fr-FR","@id":"https:\/\/www.iplay.com\/fr\/games\/art-coloring-55\/#primaryimage","url":"https:\/\/www.iplay.com\/wp-content\/uploads\/2026\/04\/art-coloring-55_large_video_screenshot.webp","contentUrl":"https:\/\/www.iplay.com\/wp-content\/uploads\/2026\/04\/art-coloring-55_large_video_screenshot.webp","width":715,"height":485},{"@type":"BreadcrumbList","@id":"https:\/\/www.iplay.com\/fr\/games\/art-coloring-55\/#breadcrumb","itemListElement":[{"@type":"ListItem","position":1,"name":"Home","item":"https:\/\/www.iplay.com\/fr\/home-page-2\/"},{"@type":"ListItem","position":2,"name":"Shop","item":"https:\/\/www.iplay.com\/en\/shop\/"},{"@type":"ListItem","position":3,"name":"Art Coloring 55"}]},{"@type":"WebSite","@id":"https:\/\/www.iplay.com\/en\/#website","url":"https:\/\/www.iplay.com\/en\/","name":"IPlay","description":"The Best Casual Games!","publisher":{"@id":"https:\/\/www.iplay.com\/en\/#organization"},"potentialAction":[{"@type":"SearchAction","target":{"@type":"EntryPoint","urlTemplate":"https:\/\/www.iplay.com\/en\/?s={search_term_string}"},"query-input":{"@type":"PropertyValueSpecification","valueRequired":true,"valueName":"search_term_string"}}],"inLanguage":"fr-FR"},{"@type":"Organization","@id":"https:\/\/www.iplay.com\/en\/#organization","name":"IPlay","url":"https:\/\/www.iplay.com\/en\/","logo":{"@type":"ImageObject","inLanguage":"fr-FR","@id":"https:\/\/www.iplay.com\/en\/#\/schema\/logo\/image\/","url":"https:\/\/www.iplay.com\/wp-content\/uploads\/2023\/11\/Group-6100.svg","contentUrl":"https:\/\/www.iplay.com\/wp-content\/uploads\/2023\/11\/Group-6100.svg","width":98,"height":25,"caption":"IPlay"},"image":{"@id":"https:\/\/www.iplay.com\/en\/#\/schema\/logo\/image\/"}}]}},"_links":{"self":[{"href":"https:\/\/www.iplay.com\/fr\/wp-json\/wp\/v2\/product\/150525","targetHints":{"allow":["GET"]}}],"collection":[{"href":"https:\/\/www.iplay.com\/fr\/wp-json\/wp\/v2\/product"}],"about":[{"href":"https:\/\/www.iplay.com\/fr\/wp-json\/wp\/v2\/types\/product"}],"author":[{"embeddable":true,"href":"https:\/\/www.iplay.com\/fr\/wp-json\/wp\/v2\/users\/16"}],"replies":[{"embeddable":true,"href":"https:\/\/www.iplay.com\/fr\/wp-json\/wp\/v2\/comments?post=150525"}],"wp:featuredmedia":[{"embeddable":true,"href":"https:\/\/www.iplay.com\/fr\/wp-json\/wp\/v2\/media\/150415"}],"wp:attachment":[{"href":"https:\/\/www.iplay.com\/fr\/wp-json\/wp\/v2\/media?parent=150525"}],"wp:term":[{"taxonomy":"product_brand","embeddable":true,"href":"https:\/\/www.iplay.com\/fr\/wp-json\/wp\/v2\/product_brand?post=150525"},{"taxonomy":"product_cat","embeddable":true,"href":"https:\/\/www.iplay.com\/fr\/wp-json\/wp\/v2\/product_cat?post=150525"},{"taxonomy":"product_tag","embeddable":true,"href":"https:\/\/www.iplay.com\/fr\/wp-json\/wp\/v2\/product_tag?post=150525"}],"curies":[{"name":"wp","href":"https:\/\/api.w.org\/{rel}","templated":true}]}}