{"id":150022,"date":"2026-04-02T10:00:32","date_gmt":"2026-04-02T10:00:32","guid":{"rendered":"https:\/\/www.iplay.com\/games\/sharky-attack\/"},"modified":"2026-04-03T19:34:57","modified_gmt":"2026-04-03T19:34:57","slug":"sharky-attack","status":"publish","type":"product","link":"https:\/\/www.iplay.com\/fr\/games\/sharky-attack\/","title":{"rendered":"Sharky Attack"},"content":{"rendered":"<p class=\"ai-optimize-29 ai-optimize-introduction\">Pr\u00e9parez-vous \u00e0 des aventures exaltantes sous les vagues ! Terminez chaque partie satisfait et d\u00e9couvrez jusqu\u2019\u00e0 10 requins distincts, chacun poss\u00e9dant ses propres comp\u00e9tences particuli\u00e8res. Plongez dans les profondeurs de l\u2019oc\u00e9an et laissez-vous plaisir avec une d\u00e9licieuse vari\u00e9t\u00e9 de 30 vari\u00e9t\u00e9s de poissons uniques. Rassemblez des pi\u00e8ces et des troph\u00e9es, et surtout, assurez-vous de survivre !   <\/p>\n<p>&nbsp;<\/p>\n<p class=\"ai-optimize-30\"><strong>Caract\u00e9ristiques<\/strong> :<\/p>\n<ul>\n<li class=\"ai-optimize-30\">Jeu infini<\/li>\n<li class=\"ai-optimize-30\">R\u00e9compenses sous forme de pi\u00e8ces et de troph\u00e9es<\/li>\n<li class=\"ai-optimize-30\">Am\u00e9liorations exclusives<\/li>\n<li class=\"ai-optimize-30\">Dix phases distinctes<\/li>\n<\/ul>\n","protected":false},"excerpt":{"rendered":"<p class=\"ai-optimize-31 ai-optimize-introduction\">Cherchez et capturez autant de poissons que possible tout en assurant votre survie ; Amusez-vous bien et gardez \u00e0 l\u2019esprit : plus vous avancez, plus les risques deviennent importants !<\/p>\n","protected":false},"author":325,"featured_media":149968,"comment_status":"open","ping_status":"closed","template":"","meta":{"_acf_changed":false,"inline_featured_image":false},"product_brand":[],"product_cat":[151],"product_tag":[300,285,305,287],"class_list":{"0":"post-150022","1":"product","2":"type-product","3":"status-publish","4":"has-post-thumbnail","6":"product_cat-arcade-fr","7":"product_tag-play-for-free-fr","8":"product_tag-play-on-mac-fr","9":"product_tag-play-on-mobile-fr","10":"product_tag-play-on-pc-fr","12":"first","13":"instock","14":"shipping-taxable","15":"purchasable","16":"product-type-html5_game"},"acf":[],"yoast_head":"<!-- This site is optimized with the Yoast SEO Premium plugin v25.2 (Yoast SEO v25.2) - https:\/\/yoast.com\/wordpress\/plugins\/seo\/ -->\n<title>Plongez profond\u00e9ment dans l\u2019oc\u00e9an et exploitez la force d\u2019un requin !<\/title>\n<meta name=\"description\" content=\"Cherchez et capturez autant de poissons que possible tout en assurant votre survie ; Amusez-vous bien et gardez \u00e0 l\u2019esprit : plus vous avancez, plus les risques deviennent importants !\" \/>\n<meta name=\"robots\" content=\"index, follow, max-snippet:-1, max-image-preview:large, max-video-preview:-1\" \/>\n<link rel=\"canonical\" href=\"https:\/\/www.iplay.com\/fr\/games\/sharky-attack\/\" \/>\n<meta property=\"og:locale\" content=\"fr_FR\" \/>\n<meta property=\"og:type\" content=\"article\" \/>\n<meta property=\"og:title\" content=\"Sharky Attack\" \/>\n<meta property=\"og:description\" content=\"Cherchez et capturez autant de poissons que possible tout en assurant votre survie ; Amusez-vous bien et gardez \u00e0 l\u2019esprit : plus vous avancez, plus les risques deviennent importants !\" \/>\n<meta property=\"og:url\" content=\"https:\/\/www.iplay.com\/fr\/games\/sharky-attack\/\" \/>\n<meta property=\"og:site_name\" content=\"IPlay\" \/>\n<meta property=\"article:modified_time\" content=\"2026-04-03T19:34:57+00:00\" \/>\n<meta property=\"og:image\" content=\"https:\/\/www.iplay.com\/wp-content\/uploads\/2026\/03\/Sharky-Attack_715x485.webp\" \/>\n\t<meta property=\"og:image:width\" content=\"715\" \/>\n\t<meta property=\"og:image:height\" content=\"485\" \/>\n\t<meta property=\"og:image:type\" content=\"image\/webp\" \/>\n<meta name=\"twitter:card\" content=\"summary_large_image\" \/>\n<script type=\"application\/ld+json\" class=\"yoast-schema-graph\">{\"@context\":\"https:\/\/schema.org\",\"@graph\":[{\"@type\":\"WebPage\",\"@id\":\"https:\/\/www.iplay.com\/fr\/games\/sharky-attack\/\",\"url\":\"https:\/\/www.iplay.com\/fr\/games\/sharky-attack\/\",\"name\":\"Plongez profond\u00e9ment dans l\u2019oc\u00e9an et exploitez la force d\u2019un requin !\",\"isPartOf\":{\"@id\":\"https:\/\/www.iplay.com\/en\/#website\"},\"primaryImageOfPage\":{\"@id\":\"https:\/\/www.iplay.com\/fr\/games\/sharky-attack\/#primaryimage\"},\"image\":{\"@id\":\"https:\/\/www.iplay.com\/fr\/games\/sharky-attack\/#primaryimage\"},\"thumbnailUrl\":\"https:\/\/www.iplay.com\/wp-content\/uploads\/2026\/03\/Sharky-Attack_310x310.webp\",\"datePublished\":\"2026-04-02T10:00:32+00:00\",\"dateModified\":\"2026-04-03T19:34:57+00:00\",\"description\":\"Cherchez et capturez autant de poissons que possible tout en assurant votre survie ; Amusez-vous bien et gardez \u00e0 l\u2019esprit : plus vous avancez, plus les risques deviennent importants !\",\"breadcrumb\":{\"@id\":\"https:\/\/www.iplay.com\/fr\/games\/sharky-attack\/#breadcrumb\"},\"inLanguage\":\"fr-FR\",\"potentialAction\":[{\"@type\":\"ReadAction\",\"target\":[\"https:\/\/www.iplay.com\/fr\/games\/sharky-attack\/\"]}]},{\"@type\":\"ImageObject\",\"inLanguage\":\"fr-FR\",\"@id\":\"https:\/\/www.iplay.com\/fr\/games\/sharky-attack\/#primaryimage\",\"url\":\"https:\/\/www.iplay.com\/wp-content\/uploads\/2026\/03\/Sharky-Attack_310x310.webp\",\"contentUrl\":\"https:\/\/www.iplay.com\/wp-content\/uploads\/2026\/03\/Sharky-Attack_310x310.webp\",\"width\":310,\"height\":310},{\"@type\":\"BreadcrumbList\",\"@id\":\"https:\/\/www.iplay.com\/fr\/games\/sharky-attack\/#breadcrumb\",\"itemListElement\":[{\"@type\":\"ListItem\",\"position\":1,\"name\":\"Home\",\"item\":\"https:\/\/www.iplay.com\/fr\/home-page-2\/\"},{\"@type\":\"ListItem\",\"position\":2,\"name\":\"Shop\",\"item\":\"https:\/\/www.iplay.com\/en\/shop\/\"},{\"@type\":\"ListItem\",\"position\":3,\"name\":\"Sharky Attack\"}]},{\"@type\":\"WebSite\",\"@id\":\"https:\/\/www.iplay.com\/en\/#website\",\"url\":\"https:\/\/www.iplay.com\/en\/\",\"name\":\"IPlay\",\"description\":\"The Best Casual Games!\",\"publisher\":{\"@id\":\"https:\/\/www.iplay.com\/en\/#organization\"},\"potentialAction\":[{\"@type\":\"SearchAction\",\"target\":{\"@type\":\"EntryPoint\",\"urlTemplate\":\"https:\/\/www.iplay.com\/en\/?s={search_term_string}\"},\"query-input\":{\"@type\":\"PropertyValueSpecification\",\"valueRequired\":true,\"valueName\":\"search_term_string\"}}],\"inLanguage\":\"fr-FR\"},{\"@type\":\"Organization\",\"@id\":\"https:\/\/www.iplay.com\/en\/#organization\",\"name\":\"IPlay\",\"url\":\"https:\/\/www.iplay.com\/en\/\",\"logo\":{\"@type\":\"ImageObject\",\"inLanguage\":\"fr-FR\",\"@id\":\"https:\/\/www.iplay.com\/en\/#\/schema\/logo\/image\/\",\"url\":\"https:\/\/www.iplay.com\/wp-content\/uploads\/2023\/11\/Group-6100.svg\",\"contentUrl\":\"https:\/\/www.iplay.com\/wp-content\/uploads\/2023\/11\/Group-6100.svg\",\"width\":98,\"height\":25,\"caption\":\"IPlay\"},\"image\":{\"@id\":\"https:\/\/www.iplay.com\/en\/#\/schema\/logo\/image\/\"}}]}<\/script>\n<!-- \/ Yoast SEO Premium plugin. -->","yoast_head_json":{"title":"Plongez profond\u00e9ment dans l\u2019oc\u00e9an et exploitez la force d\u2019un requin !","description":"Cherchez et capturez autant de poissons que possible tout en assurant votre survie ; Amusez-vous bien et gardez \u00e0 l\u2019esprit : plus vous avancez, plus les risques deviennent importants !","robots":{"index":"index","follow":"follow","max-snippet":"max-snippet:-1","max-image-preview":"max-image-preview:large","max-video-preview":"max-video-preview:-1"},"canonical":"https:\/\/www.iplay.com\/fr\/games\/sharky-attack\/","og_locale":"fr_FR","og_type":"article","og_title":"Sharky Attack","og_description":"Cherchez et capturez autant de poissons que possible tout en assurant votre survie ; Amusez-vous bien et gardez \u00e0 l\u2019esprit : plus vous avancez, plus les risques deviennent importants !","og_url":"https:\/\/www.iplay.com\/fr\/games\/sharky-attack\/","og_site_name":"IPlay","article_modified_time":"2026-04-03T19:34:57+00:00","og_image":[{"width":715,"height":485,"url":"https:\/\/www.iplay.com\/wp-content\/uploads\/2026\/03\/Sharky-Attack_715x485.webp","type":"image\/webp"}],"twitter_card":"summary_large_image","schema":{"@context":"https:\/\/schema.org","@graph":[{"@type":"WebPage","@id":"https:\/\/www.iplay.com\/fr\/games\/sharky-attack\/","url":"https:\/\/www.iplay.com\/fr\/games\/sharky-attack\/","name":"Plongez profond\u00e9ment dans l\u2019oc\u00e9an et exploitez la force d\u2019un requin !","isPartOf":{"@id":"https:\/\/www.iplay.com\/en\/#website"},"primaryImageOfPage":{"@id":"https:\/\/www.iplay.com\/fr\/games\/sharky-attack\/#primaryimage"},"image":{"@id":"https:\/\/www.iplay.com\/fr\/games\/sharky-attack\/#primaryimage"},"thumbnailUrl":"https:\/\/www.iplay.com\/wp-content\/uploads\/2026\/03\/Sharky-Attack_310x310.webp","datePublished":"2026-04-02T10:00:32+00:00","dateModified":"2026-04-03T19:34:57+00:00","description":"Cherchez et capturez autant de poissons que possible tout en assurant votre survie ; Amusez-vous bien et gardez \u00e0 l\u2019esprit : plus vous avancez, plus les risques deviennent importants !","breadcrumb":{"@id":"https:\/\/www.iplay.com\/fr\/games\/sharky-attack\/#breadcrumb"},"inLanguage":"fr-FR","potentialAction":[{"@type":"ReadAction","target":["https:\/\/www.iplay.com\/fr\/games\/sharky-attack\/"]}]},{"@type":"ImageObject","inLanguage":"fr-FR","@id":"https:\/\/www.iplay.com\/fr\/games\/sharky-attack\/#primaryimage","url":"https:\/\/www.iplay.com\/wp-content\/uploads\/2026\/03\/Sharky-Attack_310x310.webp","contentUrl":"https:\/\/www.iplay.com\/wp-content\/uploads\/2026\/03\/Sharky-Attack_310x310.webp","width":310,"height":310},{"@type":"BreadcrumbList","@id":"https:\/\/www.iplay.com\/fr\/games\/sharky-attack\/#breadcrumb","itemListElement":[{"@type":"ListItem","position":1,"name":"Home","item":"https:\/\/www.iplay.com\/fr\/home-page-2\/"},{"@type":"ListItem","position":2,"name":"Shop","item":"https:\/\/www.iplay.com\/en\/shop\/"},{"@type":"ListItem","position":3,"name":"Sharky Attack"}]},{"@type":"WebSite","@id":"https:\/\/www.iplay.com\/en\/#website","url":"https:\/\/www.iplay.com\/en\/","name":"IPlay","description":"The Best Casual Games!","publisher":{"@id":"https:\/\/www.iplay.com\/en\/#organization"},"potentialAction":[{"@type":"SearchAction","target":{"@type":"EntryPoint","urlTemplate":"https:\/\/www.iplay.com\/en\/?s={search_term_string}"},"query-input":{"@type":"PropertyValueSpecification","valueRequired":true,"valueName":"search_term_string"}}],"inLanguage":"fr-FR"},{"@type":"Organization","@id":"https:\/\/www.iplay.com\/en\/#organization","name":"IPlay","url":"https:\/\/www.iplay.com\/en\/","logo":{"@type":"ImageObject","inLanguage":"fr-FR","@id":"https:\/\/www.iplay.com\/en\/#\/schema\/logo\/image\/","url":"https:\/\/www.iplay.com\/wp-content\/uploads\/2023\/11\/Group-6100.svg","contentUrl":"https:\/\/www.iplay.com\/wp-content\/uploads\/2023\/11\/Group-6100.svg","width":98,"height":25,"caption":"IPlay"},"image":{"@id":"https:\/\/www.iplay.com\/en\/#\/schema\/logo\/image\/"}}]}},"_links":{"self":[{"href":"https:\/\/www.iplay.com\/fr\/wp-json\/wp\/v2\/product\/150022","targetHints":{"allow":["GET"]}}],"collection":[{"href":"https:\/\/www.iplay.com\/fr\/wp-json\/wp\/v2\/product"}],"about":[{"href":"https:\/\/www.iplay.com\/fr\/wp-json\/wp\/v2\/types\/product"}],"author":[{"embeddable":true,"href":"https:\/\/www.iplay.com\/fr\/wp-json\/wp\/v2\/users\/325"}],"replies":[{"embeddable":true,"href":"https:\/\/www.iplay.com\/fr\/wp-json\/wp\/v2\/comments?post=150022"}],"wp:featuredmedia":[{"embeddable":true,"href":"https:\/\/www.iplay.com\/fr\/wp-json\/wp\/v2\/media\/149968"}],"wp:attachment":[{"href":"https:\/\/www.iplay.com\/fr\/wp-json\/wp\/v2\/media?parent=150022"}],"wp:term":[{"taxonomy":"product_brand","embeddable":true,"href":"https:\/\/www.iplay.com\/fr\/wp-json\/wp\/v2\/product_brand?post=150022"},{"taxonomy":"product_cat","embeddable":true,"href":"https:\/\/www.iplay.com\/fr\/wp-json\/wp\/v2\/product_cat?post=150022"},{"taxonomy":"product_tag","embeddable":true,"href":"https:\/\/www.iplay.com\/fr\/wp-json\/wp\/v2\/product_tag?post=150022"}],"curies":[{"name":"wp","href":"https:\/\/api.w.org\/{rel}","templated":true}]}}