{"id":149966,"date":"2026-03-26T10:00:09","date_gmt":"2026-03-26T10:00:09","guid":{"rendered":"https:\/\/www.iplay.com\/games\/arrow-tap-puzzle\/"},"modified":"2026-03-26T10:00:09","modified_gmt":"2026-03-26T10:00:09","slug":"arrow-tap-puzzle","status":"publish","type":"product","link":"https:\/\/www.iplay.com\/fr\/games\/arrow-tap-puzzle\/","title":{"rendered":"Arrow Tap Puzzle"},"content":{"rendered":"<p class=\"ai-optimize-31 ai-optimize-introduction\">Des fl\u00e8ches peuplent le plateau, rappelant un carrefour anim\u00e9 \u00e0 un arr\u00eat tranquille. Certaines voies sont accessibles, tandis que d\u2019autres sont obstru\u00e9es. \u00c9liminez les fl\u00e8ches individuellement, \u00e9vitez les obstacles et maintenez votre s\u00e9rie quotidienne. R\u00e9sout le puzzle devant vous, puis passez au d\u00e9fi suivant.   <\/p>\n<p>&nbsp;<\/p>\n<p class=\"ai-optimize-32\"><strong>Fonctionnalit\u00e9s<\/strong> :<br \/>\n &#8211; Jeu<br \/>\n infini &#8211; Trois vies par niveau<br \/>\n &#8211; Participer aux d\u00e9fis<br \/>\n quotidiens &#8211; Contr\u00f4les faciles \u00e0 utiliser<\/p>\n","protected":false},"excerpt":{"rendered":"<p class=\"ai-optimize-35 ai-optimize-introduction\">Puzzle Arrow Tap &#8211; Faites des mouvements strat\u00e9giques pour d\u00e9couvrir de nouveaux chemins et vous lib\u00e9rer !<\/p>\n","protected":false},"author":325,"featured_media":149651,"comment_status":"open","ping_status":"closed","template":"","meta":{"_acf_changed":false,"inline_featured_image":false},"product_brand":[],"product_cat":[193],"product_tag":[300,285,305,287],"class_list":{"0":"post-149966","1":"product","2":"type-product","3":"status-publish","4":"has-post-thumbnail","6":"product_cat-puzzle-fr","7":"product_tag-play-for-free-fr","8":"product_tag-play-on-mac-fr","9":"product_tag-play-on-mobile-fr","10":"product_tag-play-on-pc-fr","12":"first","13":"instock","14":"shipping-taxable","15":"purchasable","16":"product-type-html5_game"},"acf":[],"yoast_head":"<!-- This site is optimized with the Yoast SEO Premium plugin v25.2 (Yoast SEO v25.2) - https:\/\/yoast.com\/wordpress\/plugins\/seo\/ -->\n<title>Planifiez judicieusement, l\u00e2chez les fl\u00e8ches ou manquez votre opportunit\u00e9 d\u2019\u00e9vasion !<\/title>\n<meta name=\"description\" content=\"Puzzle Arrow Tap - Faites des mouvements strat\u00e9giques pour d\u00e9couvrir de nouveaux chemins et vous lib\u00e9rer !\" \/>\n<meta name=\"robots\" content=\"index, follow, max-snippet:-1, max-image-preview:large, max-video-preview:-1\" \/>\n<link rel=\"canonical\" href=\"https:\/\/www.iplay.com\/fr\/games\/arrow-tap-puzzle\/\" \/>\n<meta property=\"og:locale\" content=\"fr_FR\" \/>\n<meta property=\"og:type\" content=\"article\" \/>\n<meta property=\"og:title\" content=\"Arrow Tap Puzzle\" \/>\n<meta property=\"og:description\" content=\"Puzzle Arrow Tap - Faites des mouvements strat\u00e9giques pour d\u00e9couvrir de nouveaux chemins et vous lib\u00e9rer !\" \/>\n<meta property=\"og:url\" content=\"https:\/\/www.iplay.com\/fr\/games\/arrow-tap-puzzle\/\" \/>\n<meta property=\"og:site_name\" content=\"IPlay\" \/>\n<meta property=\"og:image\" content=\"https:\/\/www.iplay.com\/wp-content\/uploads\/2026\/03\/Arrow-Tap-Puzzle_310x310.webp\" \/>\n\t<meta property=\"og:image:width\" content=\"310\" \/>\n\t<meta property=\"og:image:height\" content=\"310\" \/>\n\t<meta property=\"og:image:type\" content=\"image\/webp\" \/>\n<meta name=\"twitter:card\" content=\"summary_large_image\" \/>\n<script type=\"application\/ld+json\" class=\"yoast-schema-graph\">{\"@context\":\"https:\/\/schema.org\",\"@graph\":[{\"@type\":\"WebPage\",\"@id\":\"https:\/\/www.iplay.com\/fr\/games\/arrow-tap-puzzle\/\",\"url\":\"https:\/\/www.iplay.com\/fr\/games\/arrow-tap-puzzle\/\",\"name\":\"Planifiez judicieusement, l\u00e2chez les fl\u00e8ches ou manquez votre opportunit\u00e9 d\u2019\u00e9vasion !\",\"isPartOf\":{\"@id\":\"https:\/\/www.iplay.com\/en\/#website\"},\"primaryImageOfPage\":{\"@id\":\"https:\/\/www.iplay.com\/fr\/games\/arrow-tap-puzzle\/#primaryimage\"},\"image\":{\"@id\":\"https:\/\/www.iplay.com\/fr\/games\/arrow-tap-puzzle\/#primaryimage\"},\"thumbnailUrl\":\"https:\/\/www.iplay.com\/wp-content\/uploads\/2026\/03\/Arrow-Tap-Puzzle_310x310.webp\",\"datePublished\":\"2026-03-26T10:00:09+00:00\",\"description\":\"Puzzle Arrow Tap - Faites des mouvements strat\u00e9giques pour d\u00e9couvrir de nouveaux chemins et vous lib\u00e9rer !\",\"breadcrumb\":{\"@id\":\"https:\/\/www.iplay.com\/fr\/games\/arrow-tap-puzzle\/#breadcrumb\"},\"inLanguage\":\"fr-FR\",\"potentialAction\":[{\"@type\":\"ReadAction\",\"target\":[\"https:\/\/www.iplay.com\/fr\/games\/arrow-tap-puzzle\/\"]}]},{\"@type\":\"ImageObject\",\"inLanguage\":\"fr-FR\",\"@id\":\"https:\/\/www.iplay.com\/fr\/games\/arrow-tap-puzzle\/#primaryimage\",\"url\":\"https:\/\/www.iplay.com\/wp-content\/uploads\/2026\/03\/Arrow-Tap-Puzzle_310x310.webp\",\"contentUrl\":\"https:\/\/www.iplay.com\/wp-content\/uploads\/2026\/03\/Arrow-Tap-Puzzle_310x310.webp\",\"width\":310,\"height\":310},{\"@type\":\"BreadcrumbList\",\"@id\":\"https:\/\/www.iplay.com\/fr\/games\/arrow-tap-puzzle\/#breadcrumb\",\"itemListElement\":[{\"@type\":\"ListItem\",\"position\":1,\"name\":\"Home\",\"item\":\"https:\/\/www.iplay.com\/fr\/home-page-2\/\"},{\"@type\":\"ListItem\",\"position\":2,\"name\":\"Shop\",\"item\":\"https:\/\/www.iplay.com\/en\/shop\/\"},{\"@type\":\"ListItem\",\"position\":3,\"name\":\"Arrow Tap Puzzle\"}]},{\"@type\":\"WebSite\",\"@id\":\"https:\/\/www.iplay.com\/en\/#website\",\"url\":\"https:\/\/www.iplay.com\/en\/\",\"name\":\"IPlay\",\"description\":\"The Best Casual Games!\",\"publisher\":{\"@id\":\"https:\/\/www.iplay.com\/en\/#organization\"},\"potentialAction\":[{\"@type\":\"SearchAction\",\"target\":{\"@type\":\"EntryPoint\",\"urlTemplate\":\"https:\/\/www.iplay.com\/en\/?s={search_term_string}\"},\"query-input\":{\"@type\":\"PropertyValueSpecification\",\"valueRequired\":true,\"valueName\":\"search_term_string\"}}],\"inLanguage\":\"fr-FR\"},{\"@type\":\"Organization\",\"@id\":\"https:\/\/www.iplay.com\/en\/#organization\",\"name\":\"IPlay\",\"url\":\"https:\/\/www.iplay.com\/en\/\",\"logo\":{\"@type\":\"ImageObject\",\"inLanguage\":\"fr-FR\",\"@id\":\"https:\/\/www.iplay.com\/en\/#\/schema\/logo\/image\/\",\"url\":\"https:\/\/www.iplay.com\/wp-content\/uploads\/2023\/11\/Group-6100.svg\",\"contentUrl\":\"https:\/\/www.iplay.com\/wp-content\/uploads\/2023\/11\/Group-6100.svg\",\"width\":98,\"height\":25,\"caption\":\"IPlay\"},\"image\":{\"@id\":\"https:\/\/www.iplay.com\/en\/#\/schema\/logo\/image\/\"}}]}<\/script>\n<!-- \/ Yoast SEO Premium plugin. -->","yoast_head_json":{"title":"Planifiez judicieusement, l\u00e2chez les fl\u00e8ches ou manquez votre opportunit\u00e9 d\u2019\u00e9vasion !","description":"Puzzle Arrow Tap - Faites des mouvements strat\u00e9giques pour d\u00e9couvrir de nouveaux chemins et vous lib\u00e9rer !","robots":{"index":"index","follow":"follow","max-snippet":"max-snippet:-1","max-image-preview":"max-image-preview:large","max-video-preview":"max-video-preview:-1"},"canonical":"https:\/\/www.iplay.com\/fr\/games\/arrow-tap-puzzle\/","og_locale":"fr_FR","og_type":"article","og_title":"Arrow Tap Puzzle","og_description":"Puzzle Arrow Tap - Faites des mouvements strat\u00e9giques pour d\u00e9couvrir de nouveaux chemins et vous lib\u00e9rer !","og_url":"https:\/\/www.iplay.com\/fr\/games\/arrow-tap-puzzle\/","og_site_name":"IPlay","og_image":[{"width":310,"height":310,"url":"https:\/\/www.iplay.com\/wp-content\/uploads\/2026\/03\/Arrow-Tap-Puzzle_310x310.webp","type":"image\/webp"}],"twitter_card":"summary_large_image","schema":{"@context":"https:\/\/schema.org","@graph":[{"@type":"WebPage","@id":"https:\/\/www.iplay.com\/fr\/games\/arrow-tap-puzzle\/","url":"https:\/\/www.iplay.com\/fr\/games\/arrow-tap-puzzle\/","name":"Planifiez judicieusement, l\u00e2chez les fl\u00e8ches ou manquez votre opportunit\u00e9 d\u2019\u00e9vasion !","isPartOf":{"@id":"https:\/\/www.iplay.com\/en\/#website"},"primaryImageOfPage":{"@id":"https:\/\/www.iplay.com\/fr\/games\/arrow-tap-puzzle\/#primaryimage"},"image":{"@id":"https:\/\/www.iplay.com\/fr\/games\/arrow-tap-puzzle\/#primaryimage"},"thumbnailUrl":"https:\/\/www.iplay.com\/wp-content\/uploads\/2026\/03\/Arrow-Tap-Puzzle_310x310.webp","datePublished":"2026-03-26T10:00:09+00:00","description":"Puzzle Arrow Tap - Faites des mouvements strat\u00e9giques pour d\u00e9couvrir de nouveaux chemins et vous lib\u00e9rer !","breadcrumb":{"@id":"https:\/\/www.iplay.com\/fr\/games\/arrow-tap-puzzle\/#breadcrumb"},"inLanguage":"fr-FR","potentialAction":[{"@type":"ReadAction","target":["https:\/\/www.iplay.com\/fr\/games\/arrow-tap-puzzle\/"]}]},{"@type":"ImageObject","inLanguage":"fr-FR","@id":"https:\/\/www.iplay.com\/fr\/games\/arrow-tap-puzzle\/#primaryimage","url":"https:\/\/www.iplay.com\/wp-content\/uploads\/2026\/03\/Arrow-Tap-Puzzle_310x310.webp","contentUrl":"https:\/\/www.iplay.com\/wp-content\/uploads\/2026\/03\/Arrow-Tap-Puzzle_310x310.webp","width":310,"height":310},{"@type":"BreadcrumbList","@id":"https:\/\/www.iplay.com\/fr\/games\/arrow-tap-puzzle\/#breadcrumb","itemListElement":[{"@type":"ListItem","position":1,"name":"Home","item":"https:\/\/www.iplay.com\/fr\/home-page-2\/"},{"@type":"ListItem","position":2,"name":"Shop","item":"https:\/\/www.iplay.com\/en\/shop\/"},{"@type":"ListItem","position":3,"name":"Arrow Tap Puzzle"}]},{"@type":"WebSite","@id":"https:\/\/www.iplay.com\/en\/#website","url":"https:\/\/www.iplay.com\/en\/","name":"IPlay","description":"The Best Casual Games!","publisher":{"@id":"https:\/\/www.iplay.com\/en\/#organization"},"potentialAction":[{"@type":"SearchAction","target":{"@type":"EntryPoint","urlTemplate":"https:\/\/www.iplay.com\/en\/?s={search_term_string}"},"query-input":{"@type":"PropertyValueSpecification","valueRequired":true,"valueName":"search_term_string"}}],"inLanguage":"fr-FR"},{"@type":"Organization","@id":"https:\/\/www.iplay.com\/en\/#organization","name":"IPlay","url":"https:\/\/www.iplay.com\/en\/","logo":{"@type":"ImageObject","inLanguage":"fr-FR","@id":"https:\/\/www.iplay.com\/en\/#\/schema\/logo\/image\/","url":"https:\/\/www.iplay.com\/wp-content\/uploads\/2023\/11\/Group-6100.svg","contentUrl":"https:\/\/www.iplay.com\/wp-content\/uploads\/2023\/11\/Group-6100.svg","width":98,"height":25,"caption":"IPlay"},"image":{"@id":"https:\/\/www.iplay.com\/en\/#\/schema\/logo\/image\/"}}]}},"_links":{"self":[{"href":"https:\/\/www.iplay.com\/fr\/wp-json\/wp\/v2\/product\/149966","targetHints":{"allow":["GET"]}}],"collection":[{"href":"https:\/\/www.iplay.com\/fr\/wp-json\/wp\/v2\/product"}],"about":[{"href":"https:\/\/www.iplay.com\/fr\/wp-json\/wp\/v2\/types\/product"}],"author":[{"embeddable":true,"href":"https:\/\/www.iplay.com\/fr\/wp-json\/wp\/v2\/users\/325"}],"replies":[{"embeddable":true,"href":"https:\/\/www.iplay.com\/fr\/wp-json\/wp\/v2\/comments?post=149966"}],"wp:featuredmedia":[{"embeddable":true,"href":"https:\/\/www.iplay.com\/fr\/wp-json\/wp\/v2\/media\/149651"}],"wp:attachment":[{"href":"https:\/\/www.iplay.com\/fr\/wp-json\/wp\/v2\/media?parent=149966"}],"wp:term":[{"taxonomy":"product_brand","embeddable":true,"href":"https:\/\/www.iplay.com\/fr\/wp-json\/wp\/v2\/product_brand?post=149966"},{"taxonomy":"product_cat","embeddable":true,"href":"https:\/\/www.iplay.com\/fr\/wp-json\/wp\/v2\/product_cat?post=149966"},{"taxonomy":"product_tag","embeddable":true,"href":"https:\/\/www.iplay.com\/fr\/wp-json\/wp\/v2\/product_tag?post=149966"}],"curies":[{"name":"wp","href":"https:\/\/api.w.org\/{rel}","templated":true}]}}