{"id":145558,"date":"2025-10-28T07:30:16","date_gmt":"2025-10-28T07:30:16","guid":{"rendered":"https:\/\/www.iplay.com\/games\/halloween-trouble-6-pumpkin-rampage\/"},"modified":"2025-10-28T18:40:18","modified_gmt":"2025-10-28T18:40:18","slug":"halloween-trouble-6-pumpkin-rampage","status":"publish","type":"product","link":"https:\/\/www.iplay.com\/fr\/games\/halloween-trouble-6-pumpkin-rampage\/","title":{"rendered":"Halloween Trouble 6: Pumpkin Rampage"},"content":{"rendered":"<p class=\"ai-optimize-25 ai-optimize-introduction\">Pr\u00e9parez-vous pour une aventure palpitante dans Halloween Trouble 6&nbsp;: Pumpkin Rampage ! Lorsqu\u2019un duel magique prend une tournure sauvage, le chaos \u00e9clate dans le marais, lib\u00e9rant des citrouilles enchant\u00e9es et des cr\u00e9atures ludiques qui se d\u00e9cha\u00eenent vers la ville sereine de Jamberton. Ne manquez pas l\u2019excitation ! Rencontrez Ronida, l\u2019intr\u00e9pide et ing\u00e9nieuse sorci\u00e8re destin\u00e9e \u00e0 r\u00e9tablir l\u2019ordre et \u00e0 sauver la situation avant que le temps ne soit \u00e9coul\u00e9 !   <\/p>\n<p class=\"ai-optimize-26\">Entrez dans un voyage de Match-3 exaltant d\u00e9bordant d\u2019horreur envo\u00fbtante et de festivit\u00e9s d\u00e9licieuses. Embarquez pour un voyage palpitant \u00e0 travers des lieux myst\u00e9rieux, o\u00f9 vous r\u00e9soudrez des \u00e9nigmes captivantes et participerez \u00e0 une gamme passionnante de mini-jeux, avec des d\u00e9fis de puzzle, de curseurs, de solitaire et d\u2019objets cach\u00e9s. Chaque niveau d\u00e9voile des d\u00e9fis passionnants et des surprises enchanteresses alors que Ronida se lance dans une qu\u00eate palpitante pour r\u00e9tablir l\u2019harmonie et sauvegarder sa maison bien-aim\u00e9e.  <\/p>\n<p>&nbsp;<\/p>\n<p class=\"ai-optimize-25\"><strong>Fonctionnalit\u00e9s<\/strong><\/p>\n<ul>\n<li class=\"ai-optimize-27\">D\u00e9couvrez la magie de 100 matchs captivants ! Vivez trois niveaux palpitants d\u00e9bordant d\u2019excitation pour Halloween ! <\/li>\n<li class=\"ai-optimize-27\">Plongez dans un monde de plaisir avec une vari\u00e9t\u00e9 de mini-jeux comme des sc\u00e8nes de puzzle, de curseur, de solitaire et d\u2019objets cach\u00e9s !<\/li>\n<li class=\"ai-optimize-27\">Embarquez pour un d\u00e9licieux voyage rempli d\u2019histoires enchanteresses et de personnages vibrants et excentriques !<\/li>\n<li class=\"ai-optimize-27\">Adaptez vos param\u00e8tres de jeu pour qu\u2019ils s\u2019alignent parfaitement avec votre style de jeu unique !<\/li>\n<li class=\"ai-optimize-27\">Plongez dans des images vibrantes et festives qui capturent l\u2019esprit d\u2019Halloween&nbsp;!<\/li>\n<\/ul>\n<p>&nbsp;<\/p>\n<p class=\"ai-optimize-28\">Vivez une aventure captivante remplie de graphismes \u00e9clatants, d\u2019un gameplay captivant et d\u2019un esprit d\u2019Halloween fantaisiste. Ce voyage saisonnier est fait sur mesure pour les amateurs de puzzles et les amateurs de malice enchanteresse. <\/p>\n","protected":false},"excerpt":{"rendered":"<p>Rejoignez Ronida la sorci\u00e8re dans une mission magique pour arr\u00eater une trag\u00e9die d\u2019Halloween caus\u00e9e par des citrouilles !<\/p>\n","protected":false},"author":19,"featured_media":145368,"comment_status":"open","ping_status":"closed","template":"","meta":{"_acf_changed":false,"inline_featured_image":false},"product_brand":[],"product_cat":[177,193],"product_tag":[287],"class_list":{"0":"post-145558","1":"product","2":"type-product","3":"status-publish","4":"has-post-thumbnail","6":"product_cat-match-3-fr","7":"product_cat-puzzle-fr","8":"product_tag-play-on-pc-fr","10":"first","11":"instock","12":"shipping-taxable","13":"purchasable","14":"product-type-simple"},"acf":[],"yoast_head":"<!-- This site is optimized with the Yoast SEO Premium plugin v25.2 (Yoast SEO v25.2) - https:\/\/yoast.com\/wordpress\/plugins\/seo\/ -->\n<title>Embarquez pour une aventure magique avec la sorci\u00e8re Ronida pour sauver Halloween !<\/title>\n<meta name=\"description\" content=\"Rejoignez Ronida la sorci\u00e8re dans une mission magique pour arr\u00eater une trag\u00e9die d\u2019Halloween caus\u00e9e par des citrouilles !\" \/>\n<meta name=\"robots\" content=\"index, follow, max-snippet:-1, max-image-preview:large, max-video-preview:-1\" \/>\n<link rel=\"canonical\" href=\"https:\/\/www.iplay.com\/fr\/games\/halloween-trouble-6-pumpkin-rampage\/\" \/>\n<meta property=\"og:locale\" content=\"fr_FR\" \/>\n<meta property=\"og:type\" content=\"article\" \/>\n<meta property=\"og:title\" content=\"Halloween Trouble 6: Pumpkin Rampage\" \/>\n<meta property=\"og:description\" content=\"Rejoignez Ronida la sorci\u00e8re dans une mission magique pour arr\u00eater une trag\u00e9die d\u2019Halloween caus\u00e9e par des citrouilles !\" \/>\n<meta property=\"og:url\" content=\"https:\/\/www.iplay.com\/fr\/games\/halloween-trouble-6-pumpkin-rampage\/\" \/>\n<meta property=\"og:site_name\" content=\"IPlay\" \/>\n<meta property=\"article:modified_time\" content=\"2025-10-28T18:40:18+00:00\" \/>\n<meta property=\"og:image\" content=\"https:\/\/www.iplay.com\/wp-content\/uploads\/2025\/10\/halloween_trouble_6_-_pumpkin_rampage_large_square_tile_image.webp\" \/>\n\t<meta property=\"og:image:width\" content=\"310\" \/>\n\t<meta property=\"og:image:height\" content=\"310\" \/>\n\t<meta property=\"og:image:type\" content=\"image\/webp\" \/>\n<meta name=\"twitter:card\" content=\"summary_large_image\" \/>\n<meta name=\"twitter:label1\" content=\"Dur\u00e9e de lecture estim\u00e9e\" \/>\n\t<meta name=\"twitter:data1\" content=\"2 minutes\" \/>\n<script type=\"application\/ld+json\" class=\"yoast-schema-graph\">{\"@context\":\"https:\/\/schema.org\",\"@graph\":[{\"@type\":\"WebPage\",\"@id\":\"https:\/\/www.iplay.com\/fr\/games\/halloween-trouble-6-pumpkin-rampage\/\",\"url\":\"https:\/\/www.iplay.com\/fr\/games\/halloween-trouble-6-pumpkin-rampage\/\",\"name\":\"Embarquez pour une aventure magique avec la sorci\u00e8re Ronida pour sauver Halloween !\",\"isPartOf\":{\"@id\":\"https:\/\/www.iplay.com\/en\/#website\"},\"primaryImageOfPage\":{\"@id\":\"https:\/\/www.iplay.com\/fr\/games\/halloween-trouble-6-pumpkin-rampage\/#primaryimage\"},\"image\":{\"@id\":\"https:\/\/www.iplay.com\/fr\/games\/halloween-trouble-6-pumpkin-rampage\/#primaryimage\"},\"thumbnailUrl\":\"https:\/\/www.iplay.com\/wp-content\/uploads\/2025\/10\/halloween_trouble_6_-_pumpkin_rampage_large_square_tile_image.webp\",\"datePublished\":\"2025-10-28T07:30:16+00:00\",\"dateModified\":\"2025-10-28T18:40:18+00:00\",\"description\":\"Rejoignez Ronida la sorci\u00e8re dans une mission magique pour arr\u00eater une trag\u00e9die d\u2019Halloween caus\u00e9e par des citrouilles !\",\"breadcrumb\":{\"@id\":\"https:\/\/www.iplay.com\/fr\/games\/halloween-trouble-6-pumpkin-rampage\/#breadcrumb\"},\"inLanguage\":\"fr-FR\",\"potentialAction\":[{\"@type\":\"ReadAction\",\"target\":[\"https:\/\/www.iplay.com\/fr\/games\/halloween-trouble-6-pumpkin-rampage\/\"]}]},{\"@type\":\"ImageObject\",\"inLanguage\":\"fr-FR\",\"@id\":\"https:\/\/www.iplay.com\/fr\/games\/halloween-trouble-6-pumpkin-rampage\/#primaryimage\",\"url\":\"https:\/\/www.iplay.com\/wp-content\/uploads\/2025\/10\/halloween_trouble_6_-_pumpkin_rampage_large_square_tile_image.webp\",\"contentUrl\":\"https:\/\/www.iplay.com\/wp-content\/uploads\/2025\/10\/halloween_trouble_6_-_pumpkin_rampage_large_square_tile_image.webp\",\"width\":310,\"height\":310},{\"@type\":\"BreadcrumbList\",\"@id\":\"https:\/\/www.iplay.com\/fr\/games\/halloween-trouble-6-pumpkin-rampage\/#breadcrumb\",\"itemListElement\":[{\"@type\":\"ListItem\",\"position\":1,\"name\":\"Home\",\"item\":\"https:\/\/www.iplay.com\/fr\/home-page-2\/\"},{\"@type\":\"ListItem\",\"position\":2,\"name\":\"Shop\",\"item\":\"https:\/\/www.iplay.com\/en\/shop\/\"},{\"@type\":\"ListItem\",\"position\":3,\"name\":\"Halloween Trouble 6: Pumpkin Rampage\"}]},{\"@type\":\"WebSite\",\"@id\":\"https:\/\/www.iplay.com\/en\/#website\",\"url\":\"https:\/\/www.iplay.com\/en\/\",\"name\":\"IPlay\",\"description\":\"The Best Casual Games!\",\"publisher\":{\"@id\":\"https:\/\/www.iplay.com\/en\/#organization\"},\"potentialAction\":[{\"@type\":\"SearchAction\",\"target\":{\"@type\":\"EntryPoint\",\"urlTemplate\":\"https:\/\/www.iplay.com\/en\/?s={search_term_string}\"},\"query-input\":{\"@type\":\"PropertyValueSpecification\",\"valueRequired\":true,\"valueName\":\"search_term_string\"}}],\"inLanguage\":\"fr-FR\"},{\"@type\":\"Organization\",\"@id\":\"https:\/\/www.iplay.com\/en\/#organization\",\"name\":\"IPlay\",\"url\":\"https:\/\/www.iplay.com\/en\/\",\"logo\":{\"@type\":\"ImageObject\",\"inLanguage\":\"fr-FR\",\"@id\":\"https:\/\/www.iplay.com\/en\/#\/schema\/logo\/image\/\",\"url\":\"https:\/\/www.iplay.com\/wp-content\/uploads\/2023\/11\/Group-6100.svg\",\"contentUrl\":\"https:\/\/www.iplay.com\/wp-content\/uploads\/2023\/11\/Group-6100.svg\",\"width\":98,\"height\":25,\"caption\":\"IPlay\"},\"image\":{\"@id\":\"https:\/\/www.iplay.com\/en\/#\/schema\/logo\/image\/\"}}]}<\/script>\n<!-- \/ Yoast SEO Premium plugin. -->","yoast_head_json":{"title":"Embarquez pour une aventure magique avec la sorci\u00e8re Ronida pour sauver Halloween !","description":"Rejoignez Ronida la sorci\u00e8re dans une mission magique pour arr\u00eater une trag\u00e9die d\u2019Halloween caus\u00e9e par des citrouilles !","robots":{"index":"index","follow":"follow","max-snippet":"max-snippet:-1","max-image-preview":"max-image-preview:large","max-video-preview":"max-video-preview:-1"},"canonical":"https:\/\/www.iplay.com\/fr\/games\/halloween-trouble-6-pumpkin-rampage\/","og_locale":"fr_FR","og_type":"article","og_title":"Halloween Trouble 6: Pumpkin Rampage","og_description":"Rejoignez Ronida la sorci\u00e8re dans une mission magique pour arr\u00eater une trag\u00e9die d\u2019Halloween caus\u00e9e par des citrouilles !","og_url":"https:\/\/www.iplay.com\/fr\/games\/halloween-trouble-6-pumpkin-rampage\/","og_site_name":"IPlay","article_modified_time":"2025-10-28T18:40:18+00:00","og_image":[{"width":310,"height":310,"url":"https:\/\/www.iplay.com\/wp-content\/uploads\/2025\/10\/halloween_trouble_6_-_pumpkin_rampage_large_square_tile_image.webp","type":"image\/webp"}],"twitter_card":"summary_large_image","twitter_misc":{"Dur\u00e9e de lecture estim\u00e9e":"2 minutes"},"schema":{"@context":"https:\/\/schema.org","@graph":[{"@type":"WebPage","@id":"https:\/\/www.iplay.com\/fr\/games\/halloween-trouble-6-pumpkin-rampage\/","url":"https:\/\/www.iplay.com\/fr\/games\/halloween-trouble-6-pumpkin-rampage\/","name":"Embarquez pour une aventure magique avec la sorci\u00e8re Ronida pour sauver Halloween !","isPartOf":{"@id":"https:\/\/www.iplay.com\/en\/#website"},"primaryImageOfPage":{"@id":"https:\/\/www.iplay.com\/fr\/games\/halloween-trouble-6-pumpkin-rampage\/#primaryimage"},"image":{"@id":"https:\/\/www.iplay.com\/fr\/games\/halloween-trouble-6-pumpkin-rampage\/#primaryimage"},"thumbnailUrl":"https:\/\/www.iplay.com\/wp-content\/uploads\/2025\/10\/halloween_trouble_6_-_pumpkin_rampage_large_square_tile_image.webp","datePublished":"2025-10-28T07:30:16+00:00","dateModified":"2025-10-28T18:40:18+00:00","description":"Rejoignez Ronida la sorci\u00e8re dans une mission magique pour arr\u00eater une trag\u00e9die d\u2019Halloween caus\u00e9e par des citrouilles !","breadcrumb":{"@id":"https:\/\/www.iplay.com\/fr\/games\/halloween-trouble-6-pumpkin-rampage\/#breadcrumb"},"inLanguage":"fr-FR","potentialAction":[{"@type":"ReadAction","target":["https:\/\/www.iplay.com\/fr\/games\/halloween-trouble-6-pumpkin-rampage\/"]}]},{"@type":"ImageObject","inLanguage":"fr-FR","@id":"https:\/\/www.iplay.com\/fr\/games\/halloween-trouble-6-pumpkin-rampage\/#primaryimage","url":"https:\/\/www.iplay.com\/wp-content\/uploads\/2025\/10\/halloween_trouble_6_-_pumpkin_rampage_large_square_tile_image.webp","contentUrl":"https:\/\/www.iplay.com\/wp-content\/uploads\/2025\/10\/halloween_trouble_6_-_pumpkin_rampage_large_square_tile_image.webp","width":310,"height":310},{"@type":"BreadcrumbList","@id":"https:\/\/www.iplay.com\/fr\/games\/halloween-trouble-6-pumpkin-rampage\/#breadcrumb","itemListElement":[{"@type":"ListItem","position":1,"name":"Home","item":"https:\/\/www.iplay.com\/fr\/home-page-2\/"},{"@type":"ListItem","position":2,"name":"Shop","item":"https:\/\/www.iplay.com\/en\/shop\/"},{"@type":"ListItem","position":3,"name":"Halloween Trouble 6: Pumpkin Rampage"}]},{"@type":"WebSite","@id":"https:\/\/www.iplay.com\/en\/#website","url":"https:\/\/www.iplay.com\/en\/","name":"IPlay","description":"The Best Casual Games!","publisher":{"@id":"https:\/\/www.iplay.com\/en\/#organization"},"potentialAction":[{"@type":"SearchAction","target":{"@type":"EntryPoint","urlTemplate":"https:\/\/www.iplay.com\/en\/?s={search_term_string}"},"query-input":{"@type":"PropertyValueSpecification","valueRequired":true,"valueName":"search_term_string"}}],"inLanguage":"fr-FR"},{"@type":"Organization","@id":"https:\/\/www.iplay.com\/en\/#organization","name":"IPlay","url":"https:\/\/www.iplay.com\/en\/","logo":{"@type":"ImageObject","inLanguage":"fr-FR","@id":"https:\/\/www.iplay.com\/en\/#\/schema\/logo\/image\/","url":"https:\/\/www.iplay.com\/wp-content\/uploads\/2023\/11\/Group-6100.svg","contentUrl":"https:\/\/www.iplay.com\/wp-content\/uploads\/2023\/11\/Group-6100.svg","width":98,"height":25,"caption":"IPlay"},"image":{"@id":"https:\/\/www.iplay.com\/en\/#\/schema\/logo\/image\/"}}]}},"_links":{"self":[{"href":"https:\/\/www.iplay.com\/fr\/wp-json\/wp\/v2\/product\/145558","targetHints":{"allow":["GET"]}}],"collection":[{"href":"https:\/\/www.iplay.com\/fr\/wp-json\/wp\/v2\/product"}],"about":[{"href":"https:\/\/www.iplay.com\/fr\/wp-json\/wp\/v2\/types\/product"}],"author":[{"embeddable":true,"href":"https:\/\/www.iplay.com\/fr\/wp-json\/wp\/v2\/users\/19"}],"replies":[{"embeddable":true,"href":"https:\/\/www.iplay.com\/fr\/wp-json\/wp\/v2\/comments?post=145558"}],"wp:featuredmedia":[{"embeddable":true,"href":"https:\/\/www.iplay.com\/fr\/wp-json\/wp\/v2\/media\/145368"}],"wp:attachment":[{"href":"https:\/\/www.iplay.com\/fr\/wp-json\/wp\/v2\/media?parent=145558"}],"wp:term":[{"taxonomy":"product_brand","embeddable":true,"href":"https:\/\/www.iplay.com\/fr\/wp-json\/wp\/v2\/product_brand?post=145558"},{"taxonomy":"product_cat","embeddable":true,"href":"https:\/\/www.iplay.com\/fr\/wp-json\/wp\/v2\/product_cat?post=145558"},{"taxonomy":"product_tag","embeddable":true,"href":"https:\/\/www.iplay.com\/fr\/wp-json\/wp\/v2\/product_tag?post=145558"}],"curies":[{"name":"wp","href":"https:\/\/api.w.org\/{rel}","templated":true}]}}