{"id":145551,"date":"2025-10-28T08:30:33","date_gmt":"2025-10-28T08:30:33","guid":{"rendered":"https:\/\/www.iplay.com\/games\/trick-or-treat-halloween-solitaire\/"},"modified":"2025-10-28T18:40:11","modified_gmt":"2025-10-28T18:40:11","slug":"trick-or-treat-halloween-solitaire","status":"publish","type":"product","link":"https:\/\/www.iplay.com\/fr\/games\/trick-or-treat-halloween-solitaire\/","title":{"rendered":"Trick or Treat Halloween Solitaire"},"content":{"rendered":"<p class=\"ai-optimize-30 ai-optimize-introduction\">\u00c0 la fin du mois d\u2019octobre, la fronti\u00e8re entre les royaumes s\u2019estompe, laissant place \u00e0 l\u2019excitation des festivit\u00e9s d\u2019Halloween ! Rejoignez le plaisir effrayant dans Trick or Treat Halloween Solitaire, o\u00f9 fant\u00f4mes, sorci\u00e8res et zombies se r\u00e9unissent pour une nuit palpitante remplie de frissons et d\u2019excitation ! Embarquez pour un voyage enchanteur \u00e0 travers des villages du vieux monde d\u2019une beaut\u00e9 envo\u00fbtante, des for\u00eats myst\u00e9rieuses et ombrag\u00e9es et des cimeti\u00e8res atmosph\u00e9riques et brumeux, chaque destination d\u00e9bordant de charme captivant et d\u2019une d\u00e9licieuse essence saisonni\u00e8re.  <\/p>\n<p class=\"ai-optimize-31\">Transformez-vous en vous-m\u00eame avec des costumes vibrants, lib\u00e9rez votre cr\u00e9ativit\u00e9 avec un maquillage effrayant et plongez dans un tr\u00e9sor de bonbons tout en conqu\u00e9rant 100 niveaux de solitaire d\u00e9licieusement \u00e9tranges. Vivez l\u2019enchantement de la saison avec nos cartes sur le th\u00e8me de l\u2019Halloween, une musique captivante et une atmosph\u00e8re d\u00e9licieuse. Ce jeu promet un m\u00e9lange de d\u00e9tente et de plaisir addictif qui vous tiendra en haleine !  <\/p>\n<p>&nbsp;<\/p>\n<p class=\"ai-optimize-25\"><strong>Fonctionnalit\u00e9s<\/strong><\/p>\n<ul>\n<li class=\"ai-optimize-32\">D\u00e9couvrez 100 niveaux de solitaire \u00e0 faire froid dans le dos et d\u00e9bordant d\u2019esprit d\u2019Halloween !<\/li>\n<li class=\"ai-optimize-32\">D\u00e9couvrez des destinations effrayantes telles que des cimeti\u00e8res, des for\u00eats myst\u00e9rieuses et des villages d\u2019une beaut\u00e9 envo\u00fbtante<\/li>\n<li class=\"ai-optimize-32\">C\u00e9l\u00e9brez la saison avec nos cartes enchanteresses et notre musique d\u00e9licieuse qui rehausseront votre esprit festif&nbsp;!<\/li>\n<li class=\"ai-optimize-32\">Vivez un d\u00e9licieux voyage d\u2019Halloween rempli de costumes fantaisistes, de friandises sucr\u00e9es et de moments enchanteurs !<\/li>\n<\/ul>\n<p>&nbsp;<\/p>\n<p class=\"ai-optimize-33\">Embrassez l\u2019esprit d\u2019Halloween avec Trick or Treat Halloween Solitaire, le d\u00e9lice ultime pour les amateurs de solitaire et les nouveaux arrivants !<\/p>\n","protected":false},"excerpt":{"rendered":"<p>Jouez au solitaire \u00e9trange dans des villages, des cimeti\u00e8res et des bois hant\u00e9s pour c\u00e9l\u00e9brer Halloween !<\/p>\n","protected":false},"author":44,"featured_media":145421,"comment_status":"open","ping_status":"closed","template":"","meta":{"_acf_changed":false,"inline_featured_image":false},"product_brand":[],"product_cat":[155,207],"product_tag":[287],"class_list":{"0":"post-145551","1":"product","2":"type-product","3":"status-publish","4":"has-post-thumbnail","6":"product_cat-card-fr-2","7":"product_cat-solitaire-fr","8":"product_tag-play-on-pc-fr","10":"first","11":"instock","12":"shipping-taxable","13":"purchasable","14":"product-type-simple"},"acf":[],"yoast_head":"<!-- This site is optimized with the Yoast SEO Premium plugin v25.2 (Yoast SEO v25.2) - https:\/\/yoast.com\/wordpress\/plugins\/seo\/ -->\n<title>Profitez d\u2019un solitaire sur le th\u00e8me d\u2019Halloween dans des d\u00e9cors \u00e9tranges et des lieux effrayants !<\/title>\n<meta name=\"description\" content=\"Jouez au solitaire \u00e9trange dans des villages, des cimeti\u00e8res et des bois hant\u00e9s pour c\u00e9l\u00e9brer Halloween !\" \/>\n<meta name=\"robots\" content=\"index, follow, max-snippet:-1, max-image-preview:large, max-video-preview:-1\" \/>\n<link rel=\"canonical\" href=\"https:\/\/www.iplay.com\/fr\/games\/trick-or-treat-halloween-solitaire\/\" \/>\n<meta property=\"og:locale\" content=\"fr_FR\" \/>\n<meta property=\"og:type\" content=\"article\" \/>\n<meta property=\"og:title\" content=\"Trick or Treat Halloween Solitaire\" \/>\n<meta property=\"og:description\" content=\"Jouez au solitaire \u00e9trange dans des villages, des cimeti\u00e8res et des bois hant\u00e9s pour c\u00e9l\u00e9brer Halloween !\" \/>\n<meta property=\"og:url\" content=\"https:\/\/www.iplay.com\/fr\/games\/trick-or-treat-halloween-solitaire\/\" \/>\n<meta property=\"og:site_name\" content=\"IPlay\" \/>\n<meta property=\"article:modified_time\" content=\"2025-10-28T18:40:11+00:00\" \/>\n<meta property=\"og:image\" content=\"https:\/\/www.iplay.com\/wp-content\/uploads\/2025\/10\/trick_or_treat_halloween_solitaire_large_video_screenshot.webp\" \/>\n\t<meta property=\"og:image:width\" content=\"715\" \/>\n\t<meta property=\"og:image:height\" content=\"485\" \/>\n\t<meta property=\"og:image:type\" content=\"image\/webp\" \/>\n<meta name=\"twitter:card\" content=\"summary_large_image\" \/>\n<meta name=\"twitter:label1\" content=\"Dur\u00e9e de lecture estim\u00e9e\" \/>\n\t<meta name=\"twitter:data1\" content=\"1 minute\" \/>\n<script type=\"application\/ld+json\" class=\"yoast-schema-graph\">{\"@context\":\"https:\/\/schema.org\",\"@graph\":[{\"@type\":\"WebPage\",\"@id\":\"https:\/\/www.iplay.com\/fr\/games\/trick-or-treat-halloween-solitaire\/\",\"url\":\"https:\/\/www.iplay.com\/fr\/games\/trick-or-treat-halloween-solitaire\/\",\"name\":\"Profitez d\u2019un solitaire sur le th\u00e8me d\u2019Halloween dans des d\u00e9cors \u00e9tranges et des lieux effrayants !\",\"isPartOf\":{\"@id\":\"https:\/\/www.iplay.com\/en\/#website\"},\"primaryImageOfPage\":{\"@id\":\"https:\/\/www.iplay.com\/fr\/games\/trick-or-treat-halloween-solitaire\/#primaryimage\"},\"image\":{\"@id\":\"https:\/\/www.iplay.com\/fr\/games\/trick-or-treat-halloween-solitaire\/#primaryimage\"},\"thumbnailUrl\":\"https:\/\/www.iplay.com\/wp-content\/uploads\/2025\/10\/trick_or_treat_halloween_solitaire_large_square_tile_image.webp\",\"datePublished\":\"2025-10-28T08:30:33+00:00\",\"dateModified\":\"2025-10-28T18:40:11+00:00\",\"description\":\"Jouez au solitaire \u00e9trange dans des villages, des cimeti\u00e8res et des bois hant\u00e9s pour c\u00e9l\u00e9brer Halloween !\",\"breadcrumb\":{\"@id\":\"https:\/\/www.iplay.com\/fr\/games\/trick-or-treat-halloween-solitaire\/#breadcrumb\"},\"inLanguage\":\"fr-FR\",\"potentialAction\":[{\"@type\":\"ReadAction\",\"target\":[\"https:\/\/www.iplay.com\/fr\/games\/trick-or-treat-halloween-solitaire\/\"]}]},{\"@type\":\"ImageObject\",\"inLanguage\":\"fr-FR\",\"@id\":\"https:\/\/www.iplay.com\/fr\/games\/trick-or-treat-halloween-solitaire\/#primaryimage\",\"url\":\"https:\/\/www.iplay.com\/wp-content\/uploads\/2025\/10\/trick_or_treat_halloween_solitaire_large_square_tile_image.webp\",\"contentUrl\":\"https:\/\/www.iplay.com\/wp-content\/uploads\/2025\/10\/trick_or_treat_halloween_solitaire_large_square_tile_image.webp\",\"width\":310,\"height\":310},{\"@type\":\"BreadcrumbList\",\"@id\":\"https:\/\/www.iplay.com\/fr\/games\/trick-or-treat-halloween-solitaire\/#breadcrumb\",\"itemListElement\":[{\"@type\":\"ListItem\",\"position\":1,\"name\":\"Home\",\"item\":\"https:\/\/www.iplay.com\/fr\/home-page-2\/\"},{\"@type\":\"ListItem\",\"position\":2,\"name\":\"Shop\",\"item\":\"https:\/\/www.iplay.com\/en\/shop\/\"},{\"@type\":\"ListItem\",\"position\":3,\"name\":\"Trick or Treat Halloween Solitaire\"}]},{\"@type\":\"WebSite\",\"@id\":\"https:\/\/www.iplay.com\/en\/#website\",\"url\":\"https:\/\/www.iplay.com\/en\/\",\"name\":\"IPlay\",\"description\":\"The Best Casual Games!\",\"publisher\":{\"@id\":\"https:\/\/www.iplay.com\/en\/#organization\"},\"potentialAction\":[{\"@type\":\"SearchAction\",\"target\":{\"@type\":\"EntryPoint\",\"urlTemplate\":\"https:\/\/www.iplay.com\/en\/?s={search_term_string}\"},\"query-input\":{\"@type\":\"PropertyValueSpecification\",\"valueRequired\":true,\"valueName\":\"search_term_string\"}}],\"inLanguage\":\"fr-FR\"},{\"@type\":\"Organization\",\"@id\":\"https:\/\/www.iplay.com\/en\/#organization\",\"name\":\"IPlay\",\"url\":\"https:\/\/www.iplay.com\/en\/\",\"logo\":{\"@type\":\"ImageObject\",\"inLanguage\":\"fr-FR\",\"@id\":\"https:\/\/www.iplay.com\/en\/#\/schema\/logo\/image\/\",\"url\":\"https:\/\/www.iplay.com\/wp-content\/uploads\/2023\/11\/Group-6100.svg\",\"contentUrl\":\"https:\/\/www.iplay.com\/wp-content\/uploads\/2023\/11\/Group-6100.svg\",\"width\":98,\"height\":25,\"caption\":\"IPlay\"},\"image\":{\"@id\":\"https:\/\/www.iplay.com\/en\/#\/schema\/logo\/image\/\"}}]}<\/script>\n<!-- \/ Yoast SEO Premium plugin. -->","yoast_head_json":{"title":"Profitez d\u2019un solitaire sur le th\u00e8me d\u2019Halloween dans des d\u00e9cors \u00e9tranges et des lieux effrayants !","description":"Jouez au solitaire \u00e9trange dans des villages, des cimeti\u00e8res et des bois hant\u00e9s pour c\u00e9l\u00e9brer Halloween !","robots":{"index":"index","follow":"follow","max-snippet":"max-snippet:-1","max-image-preview":"max-image-preview:large","max-video-preview":"max-video-preview:-1"},"canonical":"https:\/\/www.iplay.com\/fr\/games\/trick-or-treat-halloween-solitaire\/","og_locale":"fr_FR","og_type":"article","og_title":"Trick or Treat Halloween Solitaire","og_description":"Jouez au solitaire \u00e9trange dans des villages, des cimeti\u00e8res et des bois hant\u00e9s pour c\u00e9l\u00e9brer Halloween !","og_url":"https:\/\/www.iplay.com\/fr\/games\/trick-or-treat-halloween-solitaire\/","og_site_name":"IPlay","article_modified_time":"2025-10-28T18:40:11+00:00","og_image":[{"width":715,"height":485,"url":"https:\/\/www.iplay.com\/wp-content\/uploads\/2025\/10\/trick_or_treat_halloween_solitaire_large_video_screenshot.webp","type":"image\/webp"}],"twitter_card":"summary_large_image","twitter_misc":{"Dur\u00e9e de lecture estim\u00e9e":"1 minute"},"schema":{"@context":"https:\/\/schema.org","@graph":[{"@type":"WebPage","@id":"https:\/\/www.iplay.com\/fr\/games\/trick-or-treat-halloween-solitaire\/","url":"https:\/\/www.iplay.com\/fr\/games\/trick-or-treat-halloween-solitaire\/","name":"Profitez d\u2019un solitaire sur le th\u00e8me d\u2019Halloween dans des d\u00e9cors \u00e9tranges et des lieux effrayants !","isPartOf":{"@id":"https:\/\/www.iplay.com\/en\/#website"},"primaryImageOfPage":{"@id":"https:\/\/www.iplay.com\/fr\/games\/trick-or-treat-halloween-solitaire\/#primaryimage"},"image":{"@id":"https:\/\/www.iplay.com\/fr\/games\/trick-or-treat-halloween-solitaire\/#primaryimage"},"thumbnailUrl":"https:\/\/www.iplay.com\/wp-content\/uploads\/2025\/10\/trick_or_treat_halloween_solitaire_large_square_tile_image.webp","datePublished":"2025-10-28T08:30:33+00:00","dateModified":"2025-10-28T18:40:11+00:00","description":"Jouez au solitaire \u00e9trange dans des villages, des cimeti\u00e8res et des bois hant\u00e9s pour c\u00e9l\u00e9brer Halloween !","breadcrumb":{"@id":"https:\/\/www.iplay.com\/fr\/games\/trick-or-treat-halloween-solitaire\/#breadcrumb"},"inLanguage":"fr-FR","potentialAction":[{"@type":"ReadAction","target":["https:\/\/www.iplay.com\/fr\/games\/trick-or-treat-halloween-solitaire\/"]}]},{"@type":"ImageObject","inLanguage":"fr-FR","@id":"https:\/\/www.iplay.com\/fr\/games\/trick-or-treat-halloween-solitaire\/#primaryimage","url":"https:\/\/www.iplay.com\/wp-content\/uploads\/2025\/10\/trick_or_treat_halloween_solitaire_large_square_tile_image.webp","contentUrl":"https:\/\/www.iplay.com\/wp-content\/uploads\/2025\/10\/trick_or_treat_halloween_solitaire_large_square_tile_image.webp","width":310,"height":310},{"@type":"BreadcrumbList","@id":"https:\/\/www.iplay.com\/fr\/games\/trick-or-treat-halloween-solitaire\/#breadcrumb","itemListElement":[{"@type":"ListItem","position":1,"name":"Home","item":"https:\/\/www.iplay.com\/fr\/home-page-2\/"},{"@type":"ListItem","position":2,"name":"Shop","item":"https:\/\/www.iplay.com\/en\/shop\/"},{"@type":"ListItem","position":3,"name":"Trick or Treat Halloween Solitaire"}]},{"@type":"WebSite","@id":"https:\/\/www.iplay.com\/en\/#website","url":"https:\/\/www.iplay.com\/en\/","name":"IPlay","description":"The Best Casual Games!","publisher":{"@id":"https:\/\/www.iplay.com\/en\/#organization"},"potentialAction":[{"@type":"SearchAction","target":{"@type":"EntryPoint","urlTemplate":"https:\/\/www.iplay.com\/en\/?s={search_term_string}"},"query-input":{"@type":"PropertyValueSpecification","valueRequired":true,"valueName":"search_term_string"}}],"inLanguage":"fr-FR"},{"@type":"Organization","@id":"https:\/\/www.iplay.com\/en\/#organization","name":"IPlay","url":"https:\/\/www.iplay.com\/en\/","logo":{"@type":"ImageObject","inLanguage":"fr-FR","@id":"https:\/\/www.iplay.com\/en\/#\/schema\/logo\/image\/","url":"https:\/\/www.iplay.com\/wp-content\/uploads\/2023\/11\/Group-6100.svg","contentUrl":"https:\/\/www.iplay.com\/wp-content\/uploads\/2023\/11\/Group-6100.svg","width":98,"height":25,"caption":"IPlay"},"image":{"@id":"https:\/\/www.iplay.com\/en\/#\/schema\/logo\/image\/"}}]}},"_links":{"self":[{"href":"https:\/\/www.iplay.com\/fr\/wp-json\/wp\/v2\/product\/145551","targetHints":{"allow":["GET"]}}],"collection":[{"href":"https:\/\/www.iplay.com\/fr\/wp-json\/wp\/v2\/product"}],"about":[{"href":"https:\/\/www.iplay.com\/fr\/wp-json\/wp\/v2\/types\/product"}],"author":[{"embeddable":true,"href":"https:\/\/www.iplay.com\/fr\/wp-json\/wp\/v2\/users\/44"}],"replies":[{"embeddable":true,"href":"https:\/\/www.iplay.com\/fr\/wp-json\/wp\/v2\/comments?post=145551"}],"wp:featuredmedia":[{"embeddable":true,"href":"https:\/\/www.iplay.com\/fr\/wp-json\/wp\/v2\/media\/145421"}],"wp:attachment":[{"href":"https:\/\/www.iplay.com\/fr\/wp-json\/wp\/v2\/media?parent=145551"}],"wp:term":[{"taxonomy":"product_brand","embeddable":true,"href":"https:\/\/www.iplay.com\/fr\/wp-json\/wp\/v2\/product_brand?post=145551"},{"taxonomy":"product_cat","embeddable":true,"href":"https:\/\/www.iplay.com\/fr\/wp-json\/wp\/v2\/product_cat?post=145551"},{"taxonomy":"product_tag","embeddable":true,"href":"https:\/\/www.iplay.com\/fr\/wp-json\/wp\/v2\/product_tag?post=145551"}],"curies":[{"name":"wp","href":"https:\/\/api.w.org\/{rel}","templated":true}]}}