{"id":145544,"date":"2025-10-30T07:30:40","date_gmt":"2025-10-30T07:30:40","guid":{"rendered":"https:\/\/www.iplay.com\/?post_type=product&p=145544"},"modified":"2025-10-28T18:40:00","modified_gmt":"2025-10-28T18:40:00","slug":"spooky-dwellers-4-collectors-edition","status":"publish","type":"product","link":"https:\/\/www.iplay.com\/fr\/games\/spooky-dwellers-4-collectors-edition\/","title":{"rendered":"Spooky Dwellers 4 &#8211; Collector&#8217;s Edition"},"content":{"rendered":"<p class=\"ai-optimize-26 ai-optimize-introduction\">H\u00e9ritez du domaine hant\u00e9 de la Soif d\u2019or dans Spooky Dwellers 4. D\u00e9couvrez le pacte sombre de votre anc\u00eatre dans une aventure de r\u00eave obs\u00e9dante. <\/p>\n<p class=\"ai-optimize-27\">Partez \u00e0 la conqu\u00eate de 90 niveaux de Match-3 avec d\u2019anciens Talismans de Lumi\u00e8re ! D\u00e9couvrez des couloirs hant\u00e9s, r\u00e9solvez des \u00e9nigmes d\u2019objets cach\u00e9s et profitez de puzzles et de mini-jeux pour acc\u00e9der \u00e0 de nouvelles zones du domaine. Restaurez le Reliquaire de Maximilien, collectez des troph\u00e9es, gagnez des pi\u00e8ces !  <\/p>\n<p>&nbsp;<\/p>\n<p class=\"ai-optimize-25\"><strong>Fonctionnalit\u00e9s<\/strong><\/p>\n<ul>\n<li class=\"ai-optimize-28\">90 niveaux de Match-3 remplis de d\u00e9fis spectraux vous attendent !<\/li>\n<li class=\"ai-optimize-28\">D\u00e9couvrez des objets cach\u00e9s et r\u00e9solvez des \u00e9nigmes pour r\u00e9v\u00e9ler de nouveaux chemins.<\/li>\n<li class=\"ai-optimize-28\">D\u00e9couvrez un gameplay innovant avec Talismans of Light.<\/li>\n<li class=\"ai-optimize-28\">Restaurez le Reliquaire et r\u00e9cup\u00e9rez le domaine d\u00e8s aujourd\u2019hui.<\/li>\n<li class=\"ai-optimize-28\">Gagnez des pi\u00e8ces et collectez des troph\u00e9es pour am\u00e9liorer votre voyage.<\/li>\n<\/ul>\n<p>&nbsp;<\/p>\n<p class=\"ai-optimize-29\"><strong>Caract\u00e9ristiques de l\u2019\u00e9dition collector<\/strong><\/p>\n<ul>\n<li class=\"ai-optimize-29\">D\u00e9couvrez 60 fonctionnalit\u00e9s de match bonus pour un gameplay am\u00e9lior\u00e9 !<\/li>\n<li class=\"ai-optimize-29\">Profitez de 3 niveaux suppl\u00e9mentaires pour un plaisir de jeu plus long !<\/li>\n<li class=\"ai-optimize-29\">Des mini-jeux bonus passionnants avec des rebondissements et des \u00e9nigmes uniques !<\/li>\n<li class=\"ai-optimize-29\">Enrichissez votre collection avec des articles exclusifs pour le Reliquaire de Maximilien !<\/li>\n<li class=\"ai-optimize-29\">D\u00e9couvrez de superbes fonds d\u2019\u00e9cran et des concept art pour votre bureau !<\/li>\n<li class=\"ai-optimize-29\">D\u00e9couvrez des histoires cach\u00e9es de l\u2019h\u00e9ritage de Goldenthirst !<\/li>\n<\/ul>\n<p>&nbsp;<\/p>\n<p class=\"ai-optimize-30\">D\u00e9couvrez un gameplay unique, des graphismes \u00e9poustouflants et une histoire immersive dans cette \u00e9dition collector exclusive. L\u00e8vez la mal\u00e9diction et r\u00e9tablissez la paix dans votre h\u00e9ritage hant\u00e9. <\/p>\n<p>&nbsp;<\/p>\n<p>&nbsp;<\/p>\n","protected":false},"excerpt":{"rendered":"<p class=\"ai-optimize-25\">Avec Spooky Dwellers 4 &#8211; Collector\u2019s Edition, vous pouvez briser un sort sombre et vous d\u00e9barrasser d\u2019ennemis fantomatiques.<\/p>\n","protected":false},"author":55,"featured_media":145453,"comment_status":"open","ping_status":"closed","template":"","meta":{"_acf_changed":false,"inline_featured_image":false},"product_brand":[],"product_cat":[165,169,177,193],"product_tag":[287],"class_list":{"0":"post-145544","1":"product","2":"type-product","3":"status-publish","4":"has-post-thumbnail","6":"product_cat-hidden-object-fr","7":"product_cat-jigsaw-fr","8":"product_cat-match-3-fr","9":"product_cat-puzzle-fr","10":"product_tag-play-on-pc-fr","12":"first","13":"instock","14":"shipping-taxable","15":"purchasable","16":"product-type-simple"},"acf":[],"yoast_head":"<!-- This site is optimized with the Yoast SEO Premium plugin v25.2 (Yoast SEO v25.2) - https:\/\/yoast.com\/wordpress\/plugins\/seo\/ -->\n<title>Conqu\u00e9rez les mal\u00e9dictions sombres et battez les fant\u00f4mes dans Spooky Dwellers 4 !<\/title>\n<meta name=\"description\" content=\"Avec Spooky Dwellers 4 - Collector\u2019s Edition, vous pouvez briser un sort sombre et vous d\u00e9barrasser d\u2019ennemis fantomatiques.\" \/>\n<meta name=\"robots\" content=\"index, follow, max-snippet:-1, max-image-preview:large, max-video-preview:-1\" \/>\n<link rel=\"canonical\" href=\"https:\/\/www.iplay.com\/en\/games\/spooky-dwellers-4-collectors-edition\/\" \/>\n<meta property=\"og:locale\" content=\"fr_FR\" \/>\n<meta property=\"og:type\" content=\"article\" \/>\n<meta property=\"og:title\" content=\"Spooky Dwellers 4 - Collector&#039;s Edition\" \/>\n<meta property=\"og:description\" content=\"Avec Spooky Dwellers 4 - Collector\u2019s Edition, vous pouvez briser un sort sombre et vous d\u00e9barrasser d\u2019ennemis fantomatiques.\" \/>\n<meta property=\"og:url\" content=\"https:\/\/www.iplay.com\/en\/games\/spooky-dwellers-4-collectors-edition\/\" \/>\n<meta property=\"og:site_name\" content=\"IPlay\" \/>\n<meta property=\"og:image\" content=\"https:\/\/www.iplay.com\/wp-content\/uploads\/2025\/10\/spooky_dwellers_4_collectors_edition_large_video_screenshot.webp\" \/>\n\t<meta property=\"og:image:width\" content=\"715\" \/>\n\t<meta property=\"og:image:height\" content=\"485\" \/>\n\t<meta property=\"og:image:type\" content=\"image\/webp\" \/>\n<meta name=\"twitter:card\" content=\"summary_large_image\" \/>\n<meta name=\"twitter:label1\" content=\"Dur\u00e9e de lecture estim\u00e9e\" \/>\n\t<meta name=\"twitter:data1\" content=\"1 minute\" \/>\n<script type=\"application\/ld+json\" class=\"yoast-schema-graph\">{\"@context\":\"https:\/\/schema.org\",\"@graph\":[{\"@type\":\"WebPage\",\"@id\":\"https:\/\/www.iplay.com\/en\/games\/spooky-dwellers-4-collectors-edition\/\",\"url\":\"https:\/\/www.iplay.com\/en\/games\/spooky-dwellers-4-collectors-edition\/\",\"name\":\"Conqu\u00e9rez les mal\u00e9dictions sombres et battez les fant\u00f4mes dans Spooky Dwellers 4 !\",\"isPartOf\":{\"@id\":\"https:\/\/www.iplay.com\/en\/#website\"},\"primaryImageOfPage\":{\"@id\":\"https:\/\/www.iplay.com\/en\/games\/spooky-dwellers-4-collectors-edition\/#primaryimage\"},\"image\":{\"@id\":\"https:\/\/www.iplay.com\/en\/games\/spooky-dwellers-4-collectors-edition\/#primaryimage\"},\"thumbnailUrl\":\"https:\/\/www.iplay.com\/wp-content\/uploads\/2025\/10\/spooky_dwellers_4_collectors_edition_large_video_screenshot.webp\",\"datePublished\":\"2025-10-30T07:30:40+00:00\",\"description\":\"Avec Spooky Dwellers 4 - Collector\u2019s Edition, vous pouvez briser un sort sombre et vous d\u00e9barrasser d\u2019ennemis fantomatiques.\",\"breadcrumb\":{\"@id\":\"https:\/\/www.iplay.com\/en\/games\/spooky-dwellers-4-collectors-edition\/#breadcrumb\"},\"inLanguage\":\"fr-FR\",\"potentialAction\":[{\"@type\":\"ReadAction\",\"target\":[\"https:\/\/www.iplay.com\/en\/games\/spooky-dwellers-4-collectors-edition\/\"]}]},{\"@type\":\"ImageObject\",\"inLanguage\":\"fr-FR\",\"@id\":\"https:\/\/www.iplay.com\/en\/games\/spooky-dwellers-4-collectors-edition\/#primaryimage\",\"url\":\"https:\/\/www.iplay.com\/wp-content\/uploads\/2025\/10\/spooky_dwellers_4_collectors_edition_large_video_screenshot.webp\",\"contentUrl\":\"https:\/\/www.iplay.com\/wp-content\/uploads\/2025\/10\/spooky_dwellers_4_collectors_edition_large_video_screenshot.webp\",\"width\":715,\"height\":485},{\"@type\":\"BreadcrumbList\",\"@id\":\"https:\/\/www.iplay.com\/en\/games\/spooky-dwellers-4-collectors-edition\/#breadcrumb\",\"itemListElement\":[{\"@type\":\"ListItem\",\"position\":1,\"name\":\"Home\",\"item\":\"https:\/\/www.iplay.com\/fr\/home-page-2\/\"},{\"@type\":\"ListItem\",\"position\":2,\"name\":\"Shop\",\"item\":\"https:\/\/www.iplay.com\/en\/shop\/\"},{\"@type\":\"ListItem\",\"position\":3,\"name\":\"Spooky Dwellers 4 &#8211; Collector&#8217;s Edition\"}]},{\"@type\":\"WebSite\",\"@id\":\"https:\/\/www.iplay.com\/en\/#website\",\"url\":\"https:\/\/www.iplay.com\/en\/\",\"name\":\"IPlay\",\"description\":\"The Best Casual Games!\",\"publisher\":{\"@id\":\"https:\/\/www.iplay.com\/en\/#organization\"},\"potentialAction\":[{\"@type\":\"SearchAction\",\"target\":{\"@type\":\"EntryPoint\",\"urlTemplate\":\"https:\/\/www.iplay.com\/en\/?s={search_term_string}\"},\"query-input\":{\"@type\":\"PropertyValueSpecification\",\"valueRequired\":true,\"valueName\":\"search_term_string\"}}],\"inLanguage\":\"fr-FR\"},{\"@type\":\"Organization\",\"@id\":\"https:\/\/www.iplay.com\/en\/#organization\",\"name\":\"IPlay\",\"url\":\"https:\/\/www.iplay.com\/en\/\",\"logo\":{\"@type\":\"ImageObject\",\"inLanguage\":\"fr-FR\",\"@id\":\"https:\/\/www.iplay.com\/en\/#\/schema\/logo\/image\/\",\"url\":\"https:\/\/www.iplay.com\/wp-content\/uploads\/2023\/11\/Group-6100.svg\",\"contentUrl\":\"https:\/\/www.iplay.com\/wp-content\/uploads\/2023\/11\/Group-6100.svg\",\"width\":98,\"height\":25,\"caption\":\"IPlay\"},\"image\":{\"@id\":\"https:\/\/www.iplay.com\/en\/#\/schema\/logo\/image\/\"}}]}<\/script>\n<!-- \/ Yoast SEO Premium plugin. -->","yoast_head_json":{"title":"Conqu\u00e9rez les mal\u00e9dictions sombres et battez les fant\u00f4mes dans Spooky Dwellers 4 !","description":"Avec Spooky Dwellers 4 - Collector\u2019s Edition, vous pouvez briser un sort sombre et vous d\u00e9barrasser d\u2019ennemis fantomatiques.","robots":{"index":"index","follow":"follow","max-snippet":"max-snippet:-1","max-image-preview":"max-image-preview:large","max-video-preview":"max-video-preview:-1"},"canonical":"https:\/\/www.iplay.com\/en\/games\/spooky-dwellers-4-collectors-edition\/","og_locale":"fr_FR","og_type":"article","og_title":"Spooky Dwellers 4 - Collector's Edition","og_description":"Avec Spooky Dwellers 4 - Collector\u2019s Edition, vous pouvez briser un sort sombre et vous d\u00e9barrasser d\u2019ennemis fantomatiques.","og_url":"https:\/\/www.iplay.com\/en\/games\/spooky-dwellers-4-collectors-edition\/","og_site_name":"IPlay","og_image":[{"width":715,"height":485,"url":"https:\/\/www.iplay.com\/wp-content\/uploads\/2025\/10\/spooky_dwellers_4_collectors_edition_large_video_screenshot.webp","type":"image\/webp"}],"twitter_card":"summary_large_image","twitter_misc":{"Dur\u00e9e de lecture estim\u00e9e":"1 minute"},"schema":{"@context":"https:\/\/schema.org","@graph":[{"@type":"WebPage","@id":"https:\/\/www.iplay.com\/en\/games\/spooky-dwellers-4-collectors-edition\/","url":"https:\/\/www.iplay.com\/en\/games\/spooky-dwellers-4-collectors-edition\/","name":"Conqu\u00e9rez les mal\u00e9dictions sombres et battez les fant\u00f4mes dans Spooky Dwellers 4 !","isPartOf":{"@id":"https:\/\/www.iplay.com\/en\/#website"},"primaryImageOfPage":{"@id":"https:\/\/www.iplay.com\/en\/games\/spooky-dwellers-4-collectors-edition\/#primaryimage"},"image":{"@id":"https:\/\/www.iplay.com\/en\/games\/spooky-dwellers-4-collectors-edition\/#primaryimage"},"thumbnailUrl":"https:\/\/www.iplay.com\/wp-content\/uploads\/2025\/10\/spooky_dwellers_4_collectors_edition_large_video_screenshot.webp","datePublished":"2025-10-30T07:30:40+00:00","description":"Avec Spooky Dwellers 4 - Collector\u2019s Edition, vous pouvez briser un sort sombre et vous d\u00e9barrasser d\u2019ennemis fantomatiques.","breadcrumb":{"@id":"https:\/\/www.iplay.com\/en\/games\/spooky-dwellers-4-collectors-edition\/#breadcrumb"},"inLanguage":"fr-FR","potentialAction":[{"@type":"ReadAction","target":["https:\/\/www.iplay.com\/en\/games\/spooky-dwellers-4-collectors-edition\/"]}]},{"@type":"ImageObject","inLanguage":"fr-FR","@id":"https:\/\/www.iplay.com\/en\/games\/spooky-dwellers-4-collectors-edition\/#primaryimage","url":"https:\/\/www.iplay.com\/wp-content\/uploads\/2025\/10\/spooky_dwellers_4_collectors_edition_large_video_screenshot.webp","contentUrl":"https:\/\/www.iplay.com\/wp-content\/uploads\/2025\/10\/spooky_dwellers_4_collectors_edition_large_video_screenshot.webp","width":715,"height":485},{"@type":"BreadcrumbList","@id":"https:\/\/www.iplay.com\/en\/games\/spooky-dwellers-4-collectors-edition\/#breadcrumb","itemListElement":[{"@type":"ListItem","position":1,"name":"Home","item":"https:\/\/www.iplay.com\/fr\/home-page-2\/"},{"@type":"ListItem","position":2,"name":"Shop","item":"https:\/\/www.iplay.com\/en\/shop\/"},{"@type":"ListItem","position":3,"name":"Spooky Dwellers 4 &#8211; Collector&#8217;s Edition"}]},{"@type":"WebSite","@id":"https:\/\/www.iplay.com\/en\/#website","url":"https:\/\/www.iplay.com\/en\/","name":"IPlay","description":"The Best Casual Games!","publisher":{"@id":"https:\/\/www.iplay.com\/en\/#organization"},"potentialAction":[{"@type":"SearchAction","target":{"@type":"EntryPoint","urlTemplate":"https:\/\/www.iplay.com\/en\/?s={search_term_string}"},"query-input":{"@type":"PropertyValueSpecification","valueRequired":true,"valueName":"search_term_string"}}],"inLanguage":"fr-FR"},{"@type":"Organization","@id":"https:\/\/www.iplay.com\/en\/#organization","name":"IPlay","url":"https:\/\/www.iplay.com\/en\/","logo":{"@type":"ImageObject","inLanguage":"fr-FR","@id":"https:\/\/www.iplay.com\/en\/#\/schema\/logo\/image\/","url":"https:\/\/www.iplay.com\/wp-content\/uploads\/2023\/11\/Group-6100.svg","contentUrl":"https:\/\/www.iplay.com\/wp-content\/uploads\/2023\/11\/Group-6100.svg","width":98,"height":25,"caption":"IPlay"},"image":{"@id":"https:\/\/www.iplay.com\/en\/#\/schema\/logo\/image\/"}}]}},"_links":{"self":[{"href":"https:\/\/www.iplay.com\/fr\/wp-json\/wp\/v2\/product\/145544","targetHints":{"allow":["GET"]}}],"collection":[{"href":"https:\/\/www.iplay.com\/fr\/wp-json\/wp\/v2\/product"}],"about":[{"href":"https:\/\/www.iplay.com\/fr\/wp-json\/wp\/v2\/types\/product"}],"author":[{"embeddable":true,"href":"https:\/\/www.iplay.com\/fr\/wp-json\/wp\/v2\/users\/55"}],"replies":[{"embeddable":true,"href":"https:\/\/www.iplay.com\/fr\/wp-json\/wp\/v2\/comments?post=145544"}],"wp:featuredmedia":[{"embeddable":true,"href":"https:\/\/www.iplay.com\/fr\/wp-json\/wp\/v2\/media\/145453"}],"wp:attachment":[{"href":"https:\/\/www.iplay.com\/fr\/wp-json\/wp\/v2\/media?parent=145544"}],"wp:term":[{"taxonomy":"product_brand","embeddable":true,"href":"https:\/\/www.iplay.com\/fr\/wp-json\/wp\/v2\/product_brand?post=145544"},{"taxonomy":"product_cat","embeddable":true,"href":"https:\/\/www.iplay.com\/fr\/wp-json\/wp\/v2\/product_cat?post=145544"},{"taxonomy":"product_tag","embeddable":true,"href":"https:\/\/www.iplay.com\/fr\/wp-json\/wp\/v2\/product_tag?post=145544"}],"curies":[{"name":"wp","href":"https:\/\/api.w.org\/{rel}","templated":true}]}}