{"id":145281,"date":"2025-10-24T08:30:37","date_gmt":"2025-10-24T08:30:37","guid":{"rendered":"https:\/\/www.iplay.com\/?post_type=product&p=145281"},"modified":"2025-10-20T13:05:24","modified_gmt":"2025-10-20T13:05:24","slug":"hunters-journey-tears-of-the-lake-collectors-edition","status":"publish","type":"product","link":"https:\/\/www.iplay.com\/fr\/games\/hunters-journey-tears-of-the-lake-collectors-edition\/","title":{"rendered":"Hunters Journey: Tears of the Lake Collector&#8217;s Edition"},"content":{"rendered":"<p class=\"ai-optimize-27 ai-optimize-introduction\">Velimir a toujours \u00e9t\u00e9 dans l\u2019ombre de l\u2019h\u00e9ritage remarquable de son p\u00e8re, pouss\u00e9 par un profond d\u00e9sir de mettre en valeur sa propre valeur parmi les rangs des chasseurs d\u2019\u00e9lite. Sans compagnon Animorph, il se tient \u00e0 l\u2019\u00e9cart de la foule, jusqu\u2019\u00e0 ce que Rodrik, son mentor et tuteur de confiance, lui confie une mission qui a le potentiel de transformer son monde pour toujours. <\/p>\n<p class=\"ai-optimize-28\">Dans le pittoresque village de Stillwater, nich\u00e9 le long des rives d\u2019une beaut\u00e9 envo\u00fbtante du lac des Larmes, une jeune fille nomm\u00e9e Malena a myst\u00e9rieusement disparu, laissant la communaut\u00e9 dans un \u00e9tat de suspense et d\u2019intrigue. Les l\u00e9gendes racontent que des sir\u00e8nes enchanteresses aux regards obs\u00e9dants, attirant des \u00e2mes sans m\u00e9fiance vers leur disparition aquatique. Rejoignez Velimir et Rodrik dans un voyage exaltant alors qu\u2019ils plongent dans l\u2019inconnu. Ce qui les attend sous la surface n\u2019est pas seulement un myst\u00e8re, mais une obscurit\u00e9 ancienne qui promet de remettre en question tout ce qu\u2019ils pensaient savoir. Pr\u00e9parez-vous \u00e0 une aventure palpitante remplie de rebondissements inattendus et de d\u00e9couvertes p\u00e9rilleuses !    <\/p>\n<p>Embarquez pour une aventure inoubliable avec Hunter\u2019s Journey&nbsp;: Tears of the Lake Collector\u2019s Edition ! Plongez dans une exp\u00e9rience captivante d\u2019objets cach\u00e9s, d\u00e9bordante de myst\u00e8re, d\u2019\u00e9motion et d\u2019allure surnaturelle qui vous tiendra en haleine. D\u00e9couvrez des tr\u00e9sors cach\u00e9s, d\u00e9voilez d\u2019anciens myst\u00e8res et plongez dans un r\u00e9cit captivant qui m\u00eale mythe, magie et d\u00e9couverte de soi.  <\/p>\n<p class=\"ai-optimize-29\">D\u00e9bloquez un monde de contenu exclusif avec cette \u00e9dition collector sp\u00e9ciale, con\u00e7ue pour am\u00e9liorer votre voyage et enrichir l\u2019histoire comme jamais auparavant.<\/p>\n<p>&nbsp;<\/p>\n<p class=\"ai-optimize-31\"><strong>Caract\u00e9ristiques de l\u2019\u00e9dition collector<\/strong><\/p>\n<ul>\n<li class=\"ai-optimize-30\">D\u00e9bloquez un chapitre bonus exclusif rempli de nouveaux \u00e9l\u00e9ments d\u2019histoire et de d\u00e9fis passionnants !<\/li>\n<li class=\"ai-optimize-30\">D\u00e9couvrez des souvenirs uniques et plongez dans le boudoir pour d\u00e9couvrir des histoires cach\u00e9es !<\/li>\n<li class=\"ai-optimize-30\">D\u00e9couvrez des fonds d\u2019\u00e9cran \u00e0 couper le souffle et des concept art captivants du jeu !<\/li>\n<li class=\"ai-optimize-30\">Profitez de vos morceaux pr\u00e9f\u00e9r\u00e9s et de vos vid\u00e9os cin\u00e9matiques quand vous le souhaitez !<\/li>\n<\/ul>\n","protected":false},"excerpt":{"rendered":"<p>Dans Hunter\u2019s Journey&nbsp;: Les Larmes du Lac \u00c9dition Collector, vous pouvez trouver d\u2019anciens myst\u00e8res sous un lac maudit.<\/p>\n","protected":false},"author":52,"featured_media":145152,"comment_status":"open","ping_status":"closed","template":"","meta":{"_acf_changed":false,"inline_featured_image":false},"product_brand":[],"product_cat":[148,165],"product_tag":[287],"class_list":{"0":"post-145281","1":"product","2":"type-product","3":"status-publish","4":"has-post-thumbnail","6":"product_cat-adventure-fr","7":"product_cat-hidden-object-fr","8":"product_tag-play-on-pc-fr","10":"first","11":"instock","12":"shipping-taxable","13":"purchasable","14":"product-type-simple"},"acf":[],"yoast_head":"<!-- This site is optimized with the Yoast SEO Premium plugin v25.2 (Yoast SEO v25.2) - https:\/\/yoast.com\/wordpress\/plugins\/seo\/ -->\n<title>Explorez des myst\u00e8res cach\u00e9s dans une aventure sur un lac hant\u00e9 !<\/title>\n<meta name=\"description\" content=\"Dans Hunter\u2019s Journey&nbsp;: Les Larmes du Lac \u00c9dition Collector, vous pouvez trouver d\u2019anciens myst\u00e8res sous un lac maudit.\" \/>\n<meta name=\"robots\" content=\"index, follow, max-snippet:-1, max-image-preview:large, max-video-preview:-1\" \/>\n<link rel=\"canonical\" href=\"https:\/\/www.iplay.com\/en\/games\/hunters-journey-tears-of-the-lake-collectors-edition\/\" \/>\n<meta property=\"og:locale\" content=\"fr_FR\" \/>\n<meta property=\"og:type\" content=\"article\" \/>\n<meta property=\"og:title\" content=\"Hunters Journey: Tears of the Lake Collector&#039;s Edition\" \/>\n<meta property=\"og:description\" content=\"Dans Hunter\u2019s Journey&nbsp;: Les Larmes du Lac \u00c9dition Collector, vous pouvez trouver d\u2019anciens myst\u00e8res sous un lac maudit.\" \/>\n<meta property=\"og:url\" content=\"https:\/\/www.iplay.com\/en\/games\/hunters-journey-tears-of-the-lake-collectors-edition\/\" \/>\n<meta property=\"og:site_name\" content=\"IPlay\" \/>\n<meta property=\"og:image\" content=\"https:\/\/www.iplay.com\/wp-content\/uploads\/2025\/10\/hunters_journey_tears_of_the_lake_collectors_edition_large_video_screenshot.webp\" \/>\n\t<meta property=\"og:image:width\" content=\"715\" \/>\n\t<meta property=\"og:image:height\" content=\"485\" \/>\n\t<meta property=\"og:image:type\" content=\"image\/webp\" \/>\n<meta name=\"twitter:card\" content=\"summary_large_image\" \/>\n<meta name=\"twitter:label1\" content=\"Dur\u00e9e de lecture estim\u00e9e\" \/>\n\t<meta name=\"twitter:data1\" content=\"2 minutes\" \/>\n<script type=\"application\/ld+json\" class=\"yoast-schema-graph\">{\"@context\":\"https:\/\/schema.org\",\"@graph\":[{\"@type\":\"WebPage\",\"@id\":\"https:\/\/www.iplay.com\/en\/games\/hunters-journey-tears-of-the-lake-collectors-edition\/\",\"url\":\"https:\/\/www.iplay.com\/en\/games\/hunters-journey-tears-of-the-lake-collectors-edition\/\",\"name\":\"Explorez des myst\u00e8res cach\u00e9s dans une aventure sur un lac hant\u00e9 !\",\"isPartOf\":{\"@id\":\"https:\/\/www.iplay.com\/en\/#website\"},\"primaryImageOfPage\":{\"@id\":\"https:\/\/www.iplay.com\/en\/games\/hunters-journey-tears-of-the-lake-collectors-edition\/#primaryimage\"},\"image\":{\"@id\":\"https:\/\/www.iplay.com\/en\/games\/hunters-journey-tears-of-the-lake-collectors-edition\/#primaryimage\"},\"thumbnailUrl\":\"https:\/\/www.iplay.com\/wp-content\/uploads\/2025\/10\/hunters_journey_tears_of_the_lake_collectors_edition_large_square_tile_image.webp\",\"datePublished\":\"2025-10-24T08:30:37+00:00\",\"description\":\"Dans Hunter\u2019s Journey&nbsp;: Les Larmes du Lac \u00c9dition Collector, vous pouvez trouver d\u2019anciens myst\u00e8res sous un lac maudit.\",\"breadcrumb\":{\"@id\":\"https:\/\/www.iplay.com\/en\/games\/hunters-journey-tears-of-the-lake-collectors-edition\/#breadcrumb\"},\"inLanguage\":\"fr-FR\",\"potentialAction\":[{\"@type\":\"ReadAction\",\"target\":[\"https:\/\/www.iplay.com\/en\/games\/hunters-journey-tears-of-the-lake-collectors-edition\/\"]}]},{\"@type\":\"ImageObject\",\"inLanguage\":\"fr-FR\",\"@id\":\"https:\/\/www.iplay.com\/en\/games\/hunters-journey-tears-of-the-lake-collectors-edition\/#primaryimage\",\"url\":\"https:\/\/www.iplay.com\/wp-content\/uploads\/2025\/10\/hunters_journey_tears_of_the_lake_collectors_edition_large_square_tile_image.webp\",\"contentUrl\":\"https:\/\/www.iplay.com\/wp-content\/uploads\/2025\/10\/hunters_journey_tears_of_the_lake_collectors_edition_large_square_tile_image.webp\",\"width\":310,\"height\":310},{\"@type\":\"BreadcrumbList\",\"@id\":\"https:\/\/www.iplay.com\/en\/games\/hunters-journey-tears-of-the-lake-collectors-edition\/#breadcrumb\",\"itemListElement\":[{\"@type\":\"ListItem\",\"position\":1,\"name\":\"Home\",\"item\":\"https:\/\/www.iplay.com\/fr\/home-page-2\/\"},{\"@type\":\"ListItem\",\"position\":2,\"name\":\"Shop\",\"item\":\"https:\/\/www.iplay.com\/en\/shop\/\"},{\"@type\":\"ListItem\",\"position\":3,\"name\":\"Hunters Journey: Tears of the Lake Collector&#8217;s Edition\"}]},{\"@type\":\"WebSite\",\"@id\":\"https:\/\/www.iplay.com\/en\/#website\",\"url\":\"https:\/\/www.iplay.com\/en\/\",\"name\":\"IPlay\",\"description\":\"The Best Casual Games!\",\"publisher\":{\"@id\":\"https:\/\/www.iplay.com\/en\/#organization\"},\"potentialAction\":[{\"@type\":\"SearchAction\",\"target\":{\"@type\":\"EntryPoint\",\"urlTemplate\":\"https:\/\/www.iplay.com\/en\/?s={search_term_string}\"},\"query-input\":{\"@type\":\"PropertyValueSpecification\",\"valueRequired\":true,\"valueName\":\"search_term_string\"}}],\"inLanguage\":\"fr-FR\"},{\"@type\":\"Organization\",\"@id\":\"https:\/\/www.iplay.com\/en\/#organization\",\"name\":\"IPlay\",\"url\":\"https:\/\/www.iplay.com\/en\/\",\"logo\":{\"@type\":\"ImageObject\",\"inLanguage\":\"fr-FR\",\"@id\":\"https:\/\/www.iplay.com\/en\/#\/schema\/logo\/image\/\",\"url\":\"https:\/\/www.iplay.com\/wp-content\/uploads\/2023\/11\/Group-6100.svg\",\"contentUrl\":\"https:\/\/www.iplay.com\/wp-content\/uploads\/2023\/11\/Group-6100.svg\",\"width\":98,\"height\":25,\"caption\":\"IPlay\"},\"image\":{\"@id\":\"https:\/\/www.iplay.com\/en\/#\/schema\/logo\/image\/\"}}]}<\/script>\n<!-- \/ Yoast SEO Premium plugin. -->","yoast_head_json":{"title":"Explorez des myst\u00e8res cach\u00e9s dans une aventure sur un lac hant\u00e9 !","description":"Dans Hunter\u2019s Journey&nbsp;: Les Larmes du Lac \u00c9dition Collector, vous pouvez trouver d\u2019anciens myst\u00e8res sous un lac maudit.","robots":{"index":"index","follow":"follow","max-snippet":"max-snippet:-1","max-image-preview":"max-image-preview:large","max-video-preview":"max-video-preview:-1"},"canonical":"https:\/\/www.iplay.com\/en\/games\/hunters-journey-tears-of-the-lake-collectors-edition\/","og_locale":"fr_FR","og_type":"article","og_title":"Hunters Journey: Tears of the Lake Collector's Edition","og_description":"Dans Hunter\u2019s Journey&nbsp;: Les Larmes du Lac \u00c9dition Collector, vous pouvez trouver d\u2019anciens myst\u00e8res sous un lac maudit.","og_url":"https:\/\/www.iplay.com\/en\/games\/hunters-journey-tears-of-the-lake-collectors-edition\/","og_site_name":"IPlay","og_image":[{"width":715,"height":485,"url":"https:\/\/www.iplay.com\/wp-content\/uploads\/2025\/10\/hunters_journey_tears_of_the_lake_collectors_edition_large_video_screenshot.webp","type":"image\/webp"}],"twitter_card":"summary_large_image","twitter_misc":{"Dur\u00e9e de lecture estim\u00e9e":"2 minutes"},"schema":{"@context":"https:\/\/schema.org","@graph":[{"@type":"WebPage","@id":"https:\/\/www.iplay.com\/en\/games\/hunters-journey-tears-of-the-lake-collectors-edition\/","url":"https:\/\/www.iplay.com\/en\/games\/hunters-journey-tears-of-the-lake-collectors-edition\/","name":"Explorez des myst\u00e8res cach\u00e9s dans une aventure sur un lac hant\u00e9 !","isPartOf":{"@id":"https:\/\/www.iplay.com\/en\/#website"},"primaryImageOfPage":{"@id":"https:\/\/www.iplay.com\/en\/games\/hunters-journey-tears-of-the-lake-collectors-edition\/#primaryimage"},"image":{"@id":"https:\/\/www.iplay.com\/en\/games\/hunters-journey-tears-of-the-lake-collectors-edition\/#primaryimage"},"thumbnailUrl":"https:\/\/www.iplay.com\/wp-content\/uploads\/2025\/10\/hunters_journey_tears_of_the_lake_collectors_edition_large_square_tile_image.webp","datePublished":"2025-10-24T08:30:37+00:00","description":"Dans Hunter\u2019s Journey&nbsp;: Les Larmes du Lac \u00c9dition Collector, vous pouvez trouver d\u2019anciens myst\u00e8res sous un lac maudit.","breadcrumb":{"@id":"https:\/\/www.iplay.com\/en\/games\/hunters-journey-tears-of-the-lake-collectors-edition\/#breadcrumb"},"inLanguage":"fr-FR","potentialAction":[{"@type":"ReadAction","target":["https:\/\/www.iplay.com\/en\/games\/hunters-journey-tears-of-the-lake-collectors-edition\/"]}]},{"@type":"ImageObject","inLanguage":"fr-FR","@id":"https:\/\/www.iplay.com\/en\/games\/hunters-journey-tears-of-the-lake-collectors-edition\/#primaryimage","url":"https:\/\/www.iplay.com\/wp-content\/uploads\/2025\/10\/hunters_journey_tears_of_the_lake_collectors_edition_large_square_tile_image.webp","contentUrl":"https:\/\/www.iplay.com\/wp-content\/uploads\/2025\/10\/hunters_journey_tears_of_the_lake_collectors_edition_large_square_tile_image.webp","width":310,"height":310},{"@type":"BreadcrumbList","@id":"https:\/\/www.iplay.com\/en\/games\/hunters-journey-tears-of-the-lake-collectors-edition\/#breadcrumb","itemListElement":[{"@type":"ListItem","position":1,"name":"Home","item":"https:\/\/www.iplay.com\/fr\/home-page-2\/"},{"@type":"ListItem","position":2,"name":"Shop","item":"https:\/\/www.iplay.com\/en\/shop\/"},{"@type":"ListItem","position":3,"name":"Hunters Journey: Tears of the Lake Collector&#8217;s Edition"}]},{"@type":"WebSite","@id":"https:\/\/www.iplay.com\/en\/#website","url":"https:\/\/www.iplay.com\/en\/","name":"IPlay","description":"The Best Casual Games!","publisher":{"@id":"https:\/\/www.iplay.com\/en\/#organization"},"potentialAction":[{"@type":"SearchAction","target":{"@type":"EntryPoint","urlTemplate":"https:\/\/www.iplay.com\/en\/?s={search_term_string}"},"query-input":{"@type":"PropertyValueSpecification","valueRequired":true,"valueName":"search_term_string"}}],"inLanguage":"fr-FR"},{"@type":"Organization","@id":"https:\/\/www.iplay.com\/en\/#organization","name":"IPlay","url":"https:\/\/www.iplay.com\/en\/","logo":{"@type":"ImageObject","inLanguage":"fr-FR","@id":"https:\/\/www.iplay.com\/en\/#\/schema\/logo\/image\/","url":"https:\/\/www.iplay.com\/wp-content\/uploads\/2023\/11\/Group-6100.svg","contentUrl":"https:\/\/www.iplay.com\/wp-content\/uploads\/2023\/11\/Group-6100.svg","width":98,"height":25,"caption":"IPlay"},"image":{"@id":"https:\/\/www.iplay.com\/en\/#\/schema\/logo\/image\/"}}]}},"_links":{"self":[{"href":"https:\/\/www.iplay.com\/fr\/wp-json\/wp\/v2\/product\/145281","targetHints":{"allow":["GET"]}}],"collection":[{"href":"https:\/\/www.iplay.com\/fr\/wp-json\/wp\/v2\/product"}],"about":[{"href":"https:\/\/www.iplay.com\/fr\/wp-json\/wp\/v2\/types\/product"}],"author":[{"embeddable":true,"href":"https:\/\/www.iplay.com\/fr\/wp-json\/wp\/v2\/users\/52"}],"replies":[{"embeddable":true,"href":"https:\/\/www.iplay.com\/fr\/wp-json\/wp\/v2\/comments?post=145281"}],"wp:featuredmedia":[{"embeddable":true,"href":"https:\/\/www.iplay.com\/fr\/wp-json\/wp\/v2\/media\/145152"}],"wp:attachment":[{"href":"https:\/\/www.iplay.com\/fr\/wp-json\/wp\/v2\/media?parent=145281"}],"wp:term":[{"taxonomy":"product_brand","embeddable":true,"href":"https:\/\/www.iplay.com\/fr\/wp-json\/wp\/v2\/product_brand?post=145281"},{"taxonomy":"product_cat","embeddable":true,"href":"https:\/\/www.iplay.com\/fr\/wp-json\/wp\/v2\/product_cat?post=145281"},{"taxonomy":"product_tag","embeddable":true,"href":"https:\/\/www.iplay.com\/fr\/wp-json\/wp\/v2\/product_tag?post=145281"}],"curies":[{"name":"wp","href":"https:\/\/api.w.org\/{rel}","templated":true}]}}