{"id":145273,"date":"2025-10-24T07:30:36","date_gmt":"2025-10-24T07:30:36","guid":{"rendered":"https:\/\/www.iplay.com\/?post_type=product&p=145273"},"modified":"2025-10-24T07:30:36","modified_gmt":"2025-10-24T07:30:36","slug":"pop-art-28","status":"publish","type":"product","link":"https:\/\/www.iplay.com\/fr\/games\/pop-art-28\/","title":{"rendered":"Pop Art 28"},"content":{"rendered":"<p class=\"ai-optimize-29 ai-optimize-introduction\">Plongez dans le royaume vibrant de Pop Art 28, o\u00f9 chaque coup de pinceau se transforme en un voyage d\u00e9licieux. D\u00e9couvrez la joie de la cr\u00e9ativit\u00e9 sans les tracas de la s\u00e9lection des couleurs ou de la technique ! Il suffit de suivre les chiffres et de voir des images pop art vibrantes prendre vie sous vos yeux. Que vous soyez un artiste talentueux ou que vous cherchiez simplement \u00e0 vous d\u00e9tendre, ce jeu offre un moyen vivant et sans effort de lib\u00e9rer votre cr\u00e9ativit\u00e9.   <\/p>\n<p class=\"ai-optimize-30\">Faites votre choix parmi une collection \u00e9tonnante de 64 illustrations vibrantes, chacune pr\u00e9sentant des lignes saisissantes et des couleurs vives qui captiveront votre public. Plongez dans des heures de divertissement apaisant en donnant vie \u00e0 chaque toile, un d\u00e9licieux clic \u00e0 la fois. Id\u00e9al pour les amateurs d\u2019art contemporain, les activit\u00e9s attrayantes de couleur par num\u00e9ro ou tous ceux qui cherchent \u00e0 \u00e9gayer leur journ\u00e9e avec des teintes vibrantes.  <\/p>\n<p>&nbsp;<\/p>\n<p class=\"ai-optimize-31\"><strong>Fonctionnalit\u00e9s<\/strong><\/p>\n<ul>\n<li class=\"ai-optimize-31\">D\u00e9couvrez une collection passionnante de 64 images pop art vibrantes et saisissantes qui n\u2019attendent que votre touche cr\u00e9ative !<\/li>\n<li class=\"ai-optimize-31\">Profitez d\u2019une exp\u00e9rience de peinture apaisante gr\u00e2ce \u00e0 notre syst\u00e8me guid\u00e9 par num\u00e9ros, pas besoin de choisir les couleurs !<\/li>\n<li class=\"ai-optimize-31\">Faites l\u2019exp\u00e9rience d\u2019une infinit\u00e9 d\u2019heures de cr\u00e9ativit\u00e9 agr\u00e9able pour tout le monde !<\/li>\n<li class=\"ai-optimize-31\">Donnez vie \u00e0 vos \u0153uvres d\u2019art \u00e0 chaque clic !<\/li>\n<\/ul>\n","protected":false},"excerpt":{"rendered":"<p>Avec Pop Art 28, vous pouvez vous d\u00e9tendre et peindre des \u0153uvres d\u2019art vives et color\u00e9es par num\u00e9ros.<\/p>\n","protected":false},"author":21,"featured_media":145125,"comment_status":"open","ping_status":"closed","template":"","meta":{"_acf_changed":false,"inline_featured_image":false},"product_brand":[],"product_cat":[183],"product_tag":[287],"class_list":{"0":"post-145273","1":"product","2":"type-product","3":"status-publish","4":"has-post-thumbnail","6":"product_cat-paint-by-numbers-series-fr","7":"product_tag-play-on-pc-fr","9":"first","10":"instock","11":"shipping-taxable","12":"purchasable","13":"product-type-simple"},"acf":[],"yoast_head":"<!-- This site is optimized with the Yoast SEO Premium plugin v25.2 (Yoast SEO v25.2) - https:\/\/yoast.com\/wordpress\/plugins\/seo\/ -->\n<title>Cr\u00e9ez des \u0153uvres d\u2019art \u00e9poustouflantes et color\u00e9es avec la peinture par num\u00e9ros de Pop Art 28 !<\/title>\n<meta name=\"description\" content=\"Avec Pop Art 28, vous pouvez vous d\u00e9tendre et peindre des \u0153uvres d\u2019art vives et color\u00e9es par num\u00e9ros.\" \/>\n<meta name=\"robots\" content=\"index, follow, max-snippet:-1, max-image-preview:large, max-video-preview:-1\" \/>\n<link rel=\"canonical\" href=\"https:\/\/www.iplay.com\/en\/games\/pop-art-28\/\" \/>\n<meta property=\"og:locale\" content=\"fr_FR\" \/>\n<meta property=\"og:type\" content=\"article\" \/>\n<meta property=\"og:title\" content=\"Pop Art 28\" \/>\n<meta property=\"og:description\" content=\"Avec Pop Art 28, vous pouvez vous d\u00e9tendre et peindre des \u0153uvres d\u2019art vives et color\u00e9es par num\u00e9ros.\" \/>\n<meta property=\"og:url\" content=\"https:\/\/www.iplay.com\/en\/games\/pop-art-28\/\" \/>\n<meta property=\"og:site_name\" content=\"IPlay\" \/>\n<meta property=\"og:image\" content=\"https:\/\/www.iplay.com\/wp-content\/uploads\/2025\/10\/pop_art_28_large_video_screenshot.webp\" \/>\n\t<meta property=\"og:image:width\" content=\"715\" \/>\n\t<meta property=\"og:image:height\" content=\"485\" \/>\n\t<meta property=\"og:image:type\" content=\"image\/webp\" \/>\n<meta name=\"twitter:card\" content=\"summary_large_image\" \/>\n<meta name=\"twitter:label1\" content=\"Dur\u00e9e de lecture estim\u00e9e\" \/>\n\t<meta name=\"twitter:data1\" content=\"1 minute\" \/>\n<script type=\"application\/ld+json\" class=\"yoast-schema-graph\">{\"@context\":\"https:\/\/schema.org\",\"@graph\":[{\"@type\":\"WebPage\",\"@id\":\"https:\/\/www.iplay.com\/en\/games\/pop-art-28\/\",\"url\":\"https:\/\/www.iplay.com\/en\/games\/pop-art-28\/\",\"name\":\"Cr\u00e9ez des \u0153uvres d\u2019art \u00e9poustouflantes et color\u00e9es avec la peinture par num\u00e9ros de Pop Art 28 !\",\"isPartOf\":{\"@id\":\"https:\/\/www.iplay.com\/en\/#website\"},\"primaryImageOfPage\":{\"@id\":\"https:\/\/www.iplay.com\/en\/games\/pop-art-28\/#primaryimage\"},\"image\":{\"@id\":\"https:\/\/www.iplay.com\/en\/games\/pop-art-28\/#primaryimage\"},\"thumbnailUrl\":\"https:\/\/www.iplay.com\/wp-content\/uploads\/2025\/10\/pop_art_28_large_square_tile_image.webp\",\"datePublished\":\"2025-10-24T07:30:36+00:00\",\"description\":\"Avec Pop Art 28, vous pouvez vous d\u00e9tendre et peindre des \u0153uvres d\u2019art vives et color\u00e9es par num\u00e9ros.\",\"breadcrumb\":{\"@id\":\"https:\/\/www.iplay.com\/en\/games\/pop-art-28\/#breadcrumb\"},\"inLanguage\":\"fr-FR\",\"potentialAction\":[{\"@type\":\"ReadAction\",\"target\":[\"https:\/\/www.iplay.com\/en\/games\/pop-art-28\/\"]}]},{\"@type\":\"ImageObject\",\"inLanguage\":\"fr-FR\",\"@id\":\"https:\/\/www.iplay.com\/en\/games\/pop-art-28\/#primaryimage\",\"url\":\"https:\/\/www.iplay.com\/wp-content\/uploads\/2025\/10\/pop_art_28_large_square_tile_image.webp\",\"contentUrl\":\"https:\/\/www.iplay.com\/wp-content\/uploads\/2025\/10\/pop_art_28_large_square_tile_image.webp\",\"width\":310,\"height\":310},{\"@type\":\"BreadcrumbList\",\"@id\":\"https:\/\/www.iplay.com\/en\/games\/pop-art-28\/#breadcrumb\",\"itemListElement\":[{\"@type\":\"ListItem\",\"position\":1,\"name\":\"Home\",\"item\":\"https:\/\/www.iplay.com\/fr\/home-page-2\/\"},{\"@type\":\"ListItem\",\"position\":2,\"name\":\"Shop\",\"item\":\"https:\/\/www.iplay.com\/en\/shop\/\"},{\"@type\":\"ListItem\",\"position\":3,\"name\":\"Pop Art 28\"}]},{\"@type\":\"WebSite\",\"@id\":\"https:\/\/www.iplay.com\/en\/#website\",\"url\":\"https:\/\/www.iplay.com\/en\/\",\"name\":\"IPlay\",\"description\":\"The Best Casual Games!\",\"publisher\":{\"@id\":\"https:\/\/www.iplay.com\/en\/#organization\"},\"potentialAction\":[{\"@type\":\"SearchAction\",\"target\":{\"@type\":\"EntryPoint\",\"urlTemplate\":\"https:\/\/www.iplay.com\/en\/?s={search_term_string}\"},\"query-input\":{\"@type\":\"PropertyValueSpecification\",\"valueRequired\":true,\"valueName\":\"search_term_string\"}}],\"inLanguage\":\"fr-FR\"},{\"@type\":\"Organization\",\"@id\":\"https:\/\/www.iplay.com\/en\/#organization\",\"name\":\"IPlay\",\"url\":\"https:\/\/www.iplay.com\/en\/\",\"logo\":{\"@type\":\"ImageObject\",\"inLanguage\":\"fr-FR\",\"@id\":\"https:\/\/www.iplay.com\/en\/#\/schema\/logo\/image\/\",\"url\":\"https:\/\/www.iplay.com\/wp-content\/uploads\/2023\/11\/Group-6100.svg\",\"contentUrl\":\"https:\/\/www.iplay.com\/wp-content\/uploads\/2023\/11\/Group-6100.svg\",\"width\":98,\"height\":25,\"caption\":\"IPlay\"},\"image\":{\"@id\":\"https:\/\/www.iplay.com\/en\/#\/schema\/logo\/image\/\"}}]}<\/script>\n<!-- \/ Yoast SEO Premium plugin. -->","yoast_head_json":{"title":"Cr\u00e9ez des \u0153uvres d\u2019art \u00e9poustouflantes et color\u00e9es avec la peinture par num\u00e9ros de Pop Art 28 !","description":"Avec Pop Art 28, vous pouvez vous d\u00e9tendre et peindre des \u0153uvres d\u2019art vives et color\u00e9es par num\u00e9ros.","robots":{"index":"index","follow":"follow","max-snippet":"max-snippet:-1","max-image-preview":"max-image-preview:large","max-video-preview":"max-video-preview:-1"},"canonical":"https:\/\/www.iplay.com\/en\/games\/pop-art-28\/","og_locale":"fr_FR","og_type":"article","og_title":"Pop Art 28","og_description":"Avec Pop Art 28, vous pouvez vous d\u00e9tendre et peindre des \u0153uvres d\u2019art vives et color\u00e9es par num\u00e9ros.","og_url":"https:\/\/www.iplay.com\/en\/games\/pop-art-28\/","og_site_name":"IPlay","og_image":[{"width":715,"height":485,"url":"https:\/\/www.iplay.com\/wp-content\/uploads\/2025\/10\/pop_art_28_large_video_screenshot.webp","type":"image\/webp"}],"twitter_card":"summary_large_image","twitter_misc":{"Dur\u00e9e de lecture estim\u00e9e":"1 minute"},"schema":{"@context":"https:\/\/schema.org","@graph":[{"@type":"WebPage","@id":"https:\/\/www.iplay.com\/en\/games\/pop-art-28\/","url":"https:\/\/www.iplay.com\/en\/games\/pop-art-28\/","name":"Cr\u00e9ez des \u0153uvres d\u2019art \u00e9poustouflantes et color\u00e9es avec la peinture par num\u00e9ros de Pop Art 28 !","isPartOf":{"@id":"https:\/\/www.iplay.com\/en\/#website"},"primaryImageOfPage":{"@id":"https:\/\/www.iplay.com\/en\/games\/pop-art-28\/#primaryimage"},"image":{"@id":"https:\/\/www.iplay.com\/en\/games\/pop-art-28\/#primaryimage"},"thumbnailUrl":"https:\/\/www.iplay.com\/wp-content\/uploads\/2025\/10\/pop_art_28_large_square_tile_image.webp","datePublished":"2025-10-24T07:30:36+00:00","description":"Avec Pop Art 28, vous pouvez vous d\u00e9tendre et peindre des \u0153uvres d\u2019art vives et color\u00e9es par num\u00e9ros.","breadcrumb":{"@id":"https:\/\/www.iplay.com\/en\/games\/pop-art-28\/#breadcrumb"},"inLanguage":"fr-FR","potentialAction":[{"@type":"ReadAction","target":["https:\/\/www.iplay.com\/en\/games\/pop-art-28\/"]}]},{"@type":"ImageObject","inLanguage":"fr-FR","@id":"https:\/\/www.iplay.com\/en\/games\/pop-art-28\/#primaryimage","url":"https:\/\/www.iplay.com\/wp-content\/uploads\/2025\/10\/pop_art_28_large_square_tile_image.webp","contentUrl":"https:\/\/www.iplay.com\/wp-content\/uploads\/2025\/10\/pop_art_28_large_square_tile_image.webp","width":310,"height":310},{"@type":"BreadcrumbList","@id":"https:\/\/www.iplay.com\/en\/games\/pop-art-28\/#breadcrumb","itemListElement":[{"@type":"ListItem","position":1,"name":"Home","item":"https:\/\/www.iplay.com\/fr\/home-page-2\/"},{"@type":"ListItem","position":2,"name":"Shop","item":"https:\/\/www.iplay.com\/en\/shop\/"},{"@type":"ListItem","position":3,"name":"Pop Art 28"}]},{"@type":"WebSite","@id":"https:\/\/www.iplay.com\/en\/#website","url":"https:\/\/www.iplay.com\/en\/","name":"IPlay","description":"The Best Casual Games!","publisher":{"@id":"https:\/\/www.iplay.com\/en\/#organization"},"potentialAction":[{"@type":"SearchAction","target":{"@type":"EntryPoint","urlTemplate":"https:\/\/www.iplay.com\/en\/?s={search_term_string}"},"query-input":{"@type":"PropertyValueSpecification","valueRequired":true,"valueName":"search_term_string"}}],"inLanguage":"fr-FR"},{"@type":"Organization","@id":"https:\/\/www.iplay.com\/en\/#organization","name":"IPlay","url":"https:\/\/www.iplay.com\/en\/","logo":{"@type":"ImageObject","inLanguage":"fr-FR","@id":"https:\/\/www.iplay.com\/en\/#\/schema\/logo\/image\/","url":"https:\/\/www.iplay.com\/wp-content\/uploads\/2023\/11\/Group-6100.svg","contentUrl":"https:\/\/www.iplay.com\/wp-content\/uploads\/2023\/11\/Group-6100.svg","width":98,"height":25,"caption":"IPlay"},"image":{"@id":"https:\/\/www.iplay.com\/en\/#\/schema\/logo\/image\/"}}]}},"_links":{"self":[{"href":"https:\/\/www.iplay.com\/fr\/wp-json\/wp\/v2\/product\/145273","targetHints":{"allow":["GET"]}}],"collection":[{"href":"https:\/\/www.iplay.com\/fr\/wp-json\/wp\/v2\/product"}],"about":[{"href":"https:\/\/www.iplay.com\/fr\/wp-json\/wp\/v2\/types\/product"}],"author":[{"embeddable":true,"href":"https:\/\/www.iplay.com\/fr\/wp-json\/wp\/v2\/users\/21"}],"replies":[{"embeddable":true,"href":"https:\/\/www.iplay.com\/fr\/wp-json\/wp\/v2\/comments?post=145273"}],"wp:featuredmedia":[{"embeddable":true,"href":"https:\/\/www.iplay.com\/fr\/wp-json\/wp\/v2\/media\/145125"}],"wp:attachment":[{"href":"https:\/\/www.iplay.com\/fr\/wp-json\/wp\/v2\/media?parent=145273"}],"wp:term":[{"taxonomy":"product_brand","embeddable":true,"href":"https:\/\/www.iplay.com\/fr\/wp-json\/wp\/v2\/product_brand?post=145273"},{"taxonomy":"product_cat","embeddable":true,"href":"https:\/\/www.iplay.com\/fr\/wp-json\/wp\/v2\/product_cat?post=145273"},{"taxonomy":"product_tag","embeddable":true,"href":"https:\/\/www.iplay.com\/fr\/wp-json\/wp\/v2\/product_tag?post=145273"}],"curies":[{"name":"wp","href":"https:\/\/api.w.org\/{rel}","templated":true}]}}