{"id":144940,"date":"2025-10-14T07:30:22","date_gmt":"2025-10-14T07:30:22","guid":{"rendered":"https:\/\/www.iplay.com\/games\/mafia-solitaire\/"},"modified":"2025-10-14T07:30:22","modified_gmt":"2025-10-14T07:30:22","slug":"mafia-solitaire","status":"publish","type":"product","link":"https:\/\/www.iplay.com\/fr\/games\/mafia-solitaire\/","title":{"rendered":"Mafia Solitaire"},"content":{"rendered":"<p class=\"ai-optimize-29 ai-optimize-introduction\">Plongez dans le monde vibrant des clubs de jazz enfum\u00e9s et des ruelles myst\u00e9rieuses des ann\u00e9es 1920, o\u00f9 l\u2019ambition rencontre le danger \u00e0 chaque tournant. Entrez dans le monde palpitant de Mafia Solitaire, o\u00f9 vous embarquerez pour un voyage inoubliable avec Frankie Barnes, un v\u00e9ritable h\u00e9ros de la classe ouvri\u00e8re pr\u00eat \u00e0 affronter les bas-fonds criminels. \u00cates-vous pr\u00eat \u00e0 rejoindre le combat ?  <\/p>\n<p class=\"ai-optimize-30\">D\u00e9couvrez 200 niveaux de solitaire m\u00e9ticuleusement con\u00e7us, chacun impr\u00e9gn\u00e9 de d\u00e9fis captivants et d\u2019une complexit\u00e9 croissante. Plongez dans des environnements enchanteurs d\u00e9bordant d\u2019allure intemporelle, o\u00f9 les bo\u00eetes de nuit opulentes rencontrent l\u2019essence brute des bars clandestins cach\u00e9s. Cr\u00e9ez des combinaisons dynamiques, r\u00e9v\u00e9lez des bonus passionnants et tirez parti des buffs strat\u00e9giques pour relever les d\u00e9fis tout en plongeant dans une histoire captivante de fid\u00e9lit\u00e9, de trahison et de r\u00e9demption.  <\/p>\n<p><strong>Fonctionnalit\u00e9s<\/strong><\/p>\n<ul>\n<li class=\"ai-optimize-31\">D\u00e9couvrez un r\u00e9cit passionnant sur le th\u00e8me de la mafia qui vous transporte dans les ann\u00e9es 1920.<\/li>\n<li class=\"ai-optimize-31\">Plongez dans 200 niveaux de solitaire captivants, tous plus difficiles les uns que les autres, con\u00e7us pour tester vos comp\u00e9tences et vous garder engag\u00e9 !<\/li>\n<li class=\"ai-optimize-31\">Plongez dans des arri\u00e8re-plans atmosph\u00e9riques et des d\u00e9cors vintage qui capturent de mani\u00e8re vivante l\u2019essence de l\u2019\u00e9poque<\/li>\n<li class=\"ai-optimize-31\">Faites l\u2019exp\u00e9rience d\u2019un gameplay strat\u00e9gique avec des combos passionnants, des buffs puissants et des alli\u00e9s utiles<\/li>\n<li class=\"ai-optimize-31\">Profitez de m\u00e9canismes attrayants et de commandes intuitives con\u00e7ues pour les joueurs de tous niveaux<\/li>\n<li class=\"ai-optimize-31\">Affrontez la mafia et r\u00e9tablissez la justice gr\u00e2ce \u00e0 un jeu de cartes intelligent et captivant<\/li>\n<\/ul>\n<p>&nbsp;<\/p>\n<p class=\"ai-optimize-32\">D\u00e9couvrez la fusion parfaite de la strat\u00e9gie de cartes classique et d\u2019une narration captivante avec Mafia Solitaire. Plongez dans un gameplay intuitif qui vous maintient engag\u00e9 tout en d\u00e9m\u00ealant une narration riche. Pr\u00e9parez-vous \u00e0 d\u00e9manteler la mafia, une carte \u00e0 la fois !  <\/p>\n","protected":false},"excerpt":{"rendered":"<p>Pour vaincre la foule et ramener la justice dans Mafia Solitaire, vous devrez bien jouer vos cartes.<\/p>\n","protected":false},"author":39,"featured_media":144809,"comment_status":"open","ping_status":"closed","template":"","meta":{"_acf_changed":false,"inline_featured_image":false},"product_brand":[],"product_cat":[155,207],"product_tag":[287],"class_list":{"0":"post-144940","1":"product","2":"type-product","3":"status-publish","4":"has-post-thumbnail","6":"product_cat-card-fr-2","7":"product_cat-solitaire-fr","8":"product_tag-play-on-pc-fr","10":"first","11":"instock","12":"shipping-taxable","13":"purchasable","14":"product-type-simple"},"acf":[],"yoast_head":"<!-- This site is optimized with the Yoast SEO Premium plugin v25.2 (Yoast SEO v25.2) - https:\/\/yoast.com\/wordpress\/plugins\/seo\/ -->\n<title>D\u00e9jouez la mafia et r\u00e9tablissez la justice dans Mafia Solitaire !<\/title>\n<meta name=\"description\" content=\"Pour vaincre la foule et ramener la justice dans Mafia Solitaire, vous devrez bien jouer vos cartes.\" \/>\n<meta name=\"robots\" content=\"index, follow, max-snippet:-1, max-image-preview:large, max-video-preview:-1\" \/>\n<link rel=\"canonical\" href=\"https:\/\/www.iplay.com\/fr\/games\/mafia-solitaire\/\" \/>\n<meta property=\"og:locale\" content=\"fr_FR\" \/>\n<meta property=\"og:type\" content=\"article\" \/>\n<meta property=\"og:title\" content=\"Mafia Solitaire\" \/>\n<meta property=\"og:description\" content=\"Pour vaincre la foule et ramener la justice dans Mafia Solitaire, vous devrez bien jouer vos cartes.\" \/>\n<meta property=\"og:url\" content=\"https:\/\/www.iplay.com\/fr\/games\/mafia-solitaire\/\" \/>\n<meta property=\"og:site_name\" content=\"IPlay\" \/>\n<meta property=\"og:image\" content=\"https:\/\/www.iplay.com\/wp-content\/uploads\/2025\/10\/mafia_solitaire_large_video_screenshot.webp\" \/>\n\t<meta property=\"og:image:width\" content=\"715\" \/>\n\t<meta property=\"og:image:height\" content=\"485\" \/>\n\t<meta property=\"og:image:type\" content=\"image\/webp\" \/>\n<meta name=\"twitter:card\" content=\"summary_large_image\" \/>\n<meta name=\"twitter:label1\" content=\"Dur\u00e9e de lecture estim\u00e9e\" \/>\n\t<meta name=\"twitter:data1\" content=\"2 minutes\" \/>\n<script type=\"application\/ld+json\" class=\"yoast-schema-graph\">{\"@context\":\"https:\/\/schema.org\",\"@graph\":[{\"@type\":\"WebPage\",\"@id\":\"https:\/\/www.iplay.com\/fr\/games\/mafia-solitaire\/\",\"url\":\"https:\/\/www.iplay.com\/fr\/games\/mafia-solitaire\/\",\"name\":\"D\u00e9jouez la mafia et r\u00e9tablissez la justice dans Mafia Solitaire !\",\"isPartOf\":{\"@id\":\"https:\/\/www.iplay.com\/en\/#website\"},\"primaryImageOfPage\":{\"@id\":\"https:\/\/www.iplay.com\/fr\/games\/mafia-solitaire\/#primaryimage\"},\"image\":{\"@id\":\"https:\/\/www.iplay.com\/fr\/games\/mafia-solitaire\/#primaryimage\"},\"thumbnailUrl\":\"https:\/\/www.iplay.com\/wp-content\/uploads\/2025\/10\/mafia_solitaire_large_square_tile_image.webp\",\"datePublished\":\"2025-10-14T07:30:22+00:00\",\"description\":\"Pour vaincre la foule et ramener la justice dans Mafia Solitaire, vous devrez bien jouer vos cartes.\",\"breadcrumb\":{\"@id\":\"https:\/\/www.iplay.com\/fr\/games\/mafia-solitaire\/#breadcrumb\"},\"inLanguage\":\"fr-FR\",\"potentialAction\":[{\"@type\":\"ReadAction\",\"target\":[\"https:\/\/www.iplay.com\/fr\/games\/mafia-solitaire\/\"]}]},{\"@type\":\"ImageObject\",\"inLanguage\":\"fr-FR\",\"@id\":\"https:\/\/www.iplay.com\/fr\/games\/mafia-solitaire\/#primaryimage\",\"url\":\"https:\/\/www.iplay.com\/wp-content\/uploads\/2025\/10\/mafia_solitaire_large_square_tile_image.webp\",\"contentUrl\":\"https:\/\/www.iplay.com\/wp-content\/uploads\/2025\/10\/mafia_solitaire_large_square_tile_image.webp\",\"width\":310,\"height\":310},{\"@type\":\"BreadcrumbList\",\"@id\":\"https:\/\/www.iplay.com\/fr\/games\/mafia-solitaire\/#breadcrumb\",\"itemListElement\":[{\"@type\":\"ListItem\",\"position\":1,\"name\":\"Home\",\"item\":\"https:\/\/www.iplay.com\/fr\/home-page-2\/\"},{\"@type\":\"ListItem\",\"position\":2,\"name\":\"Shop\",\"item\":\"https:\/\/www.iplay.com\/en\/shop\/\"},{\"@type\":\"ListItem\",\"position\":3,\"name\":\"Mafia Solitaire\"}]},{\"@type\":\"WebSite\",\"@id\":\"https:\/\/www.iplay.com\/en\/#website\",\"url\":\"https:\/\/www.iplay.com\/en\/\",\"name\":\"IPlay\",\"description\":\"The Best Casual Games!\",\"publisher\":{\"@id\":\"https:\/\/www.iplay.com\/en\/#organization\"},\"potentialAction\":[{\"@type\":\"SearchAction\",\"target\":{\"@type\":\"EntryPoint\",\"urlTemplate\":\"https:\/\/www.iplay.com\/en\/?s={search_term_string}\"},\"query-input\":{\"@type\":\"PropertyValueSpecification\",\"valueRequired\":true,\"valueName\":\"search_term_string\"}}],\"inLanguage\":\"fr-FR\"},{\"@type\":\"Organization\",\"@id\":\"https:\/\/www.iplay.com\/en\/#organization\",\"name\":\"IPlay\",\"url\":\"https:\/\/www.iplay.com\/en\/\",\"logo\":{\"@type\":\"ImageObject\",\"inLanguage\":\"fr-FR\",\"@id\":\"https:\/\/www.iplay.com\/en\/#\/schema\/logo\/image\/\",\"url\":\"https:\/\/www.iplay.com\/wp-content\/uploads\/2023\/11\/Group-6100.svg\",\"contentUrl\":\"https:\/\/www.iplay.com\/wp-content\/uploads\/2023\/11\/Group-6100.svg\",\"width\":98,\"height\":25,\"caption\":\"IPlay\"},\"image\":{\"@id\":\"https:\/\/www.iplay.com\/en\/#\/schema\/logo\/image\/\"}}]}<\/script>\n<!-- \/ Yoast SEO Premium plugin. -->","yoast_head_json":{"title":"D\u00e9jouez la mafia et r\u00e9tablissez la justice dans Mafia Solitaire !","description":"Pour vaincre la foule et ramener la justice dans Mafia Solitaire, vous devrez bien jouer vos cartes.","robots":{"index":"index","follow":"follow","max-snippet":"max-snippet:-1","max-image-preview":"max-image-preview:large","max-video-preview":"max-video-preview:-1"},"canonical":"https:\/\/www.iplay.com\/fr\/games\/mafia-solitaire\/","og_locale":"fr_FR","og_type":"article","og_title":"Mafia Solitaire","og_description":"Pour vaincre la foule et ramener la justice dans Mafia Solitaire, vous devrez bien jouer vos cartes.","og_url":"https:\/\/www.iplay.com\/fr\/games\/mafia-solitaire\/","og_site_name":"IPlay","og_image":[{"width":715,"height":485,"url":"https:\/\/www.iplay.com\/wp-content\/uploads\/2025\/10\/mafia_solitaire_large_video_screenshot.webp","type":"image\/webp"}],"twitter_card":"summary_large_image","twitter_misc":{"Dur\u00e9e de lecture estim\u00e9e":"2 minutes"},"schema":{"@context":"https:\/\/schema.org","@graph":[{"@type":"WebPage","@id":"https:\/\/www.iplay.com\/fr\/games\/mafia-solitaire\/","url":"https:\/\/www.iplay.com\/fr\/games\/mafia-solitaire\/","name":"D\u00e9jouez la mafia et r\u00e9tablissez la justice dans Mafia Solitaire !","isPartOf":{"@id":"https:\/\/www.iplay.com\/en\/#website"},"primaryImageOfPage":{"@id":"https:\/\/www.iplay.com\/fr\/games\/mafia-solitaire\/#primaryimage"},"image":{"@id":"https:\/\/www.iplay.com\/fr\/games\/mafia-solitaire\/#primaryimage"},"thumbnailUrl":"https:\/\/www.iplay.com\/wp-content\/uploads\/2025\/10\/mafia_solitaire_large_square_tile_image.webp","datePublished":"2025-10-14T07:30:22+00:00","description":"Pour vaincre la foule et ramener la justice dans Mafia Solitaire, vous devrez bien jouer vos cartes.","breadcrumb":{"@id":"https:\/\/www.iplay.com\/fr\/games\/mafia-solitaire\/#breadcrumb"},"inLanguage":"fr-FR","potentialAction":[{"@type":"ReadAction","target":["https:\/\/www.iplay.com\/fr\/games\/mafia-solitaire\/"]}]},{"@type":"ImageObject","inLanguage":"fr-FR","@id":"https:\/\/www.iplay.com\/fr\/games\/mafia-solitaire\/#primaryimage","url":"https:\/\/www.iplay.com\/wp-content\/uploads\/2025\/10\/mafia_solitaire_large_square_tile_image.webp","contentUrl":"https:\/\/www.iplay.com\/wp-content\/uploads\/2025\/10\/mafia_solitaire_large_square_tile_image.webp","width":310,"height":310},{"@type":"BreadcrumbList","@id":"https:\/\/www.iplay.com\/fr\/games\/mafia-solitaire\/#breadcrumb","itemListElement":[{"@type":"ListItem","position":1,"name":"Home","item":"https:\/\/www.iplay.com\/fr\/home-page-2\/"},{"@type":"ListItem","position":2,"name":"Shop","item":"https:\/\/www.iplay.com\/en\/shop\/"},{"@type":"ListItem","position":3,"name":"Mafia Solitaire"}]},{"@type":"WebSite","@id":"https:\/\/www.iplay.com\/en\/#website","url":"https:\/\/www.iplay.com\/en\/","name":"IPlay","description":"The Best Casual Games!","publisher":{"@id":"https:\/\/www.iplay.com\/en\/#organization"},"potentialAction":[{"@type":"SearchAction","target":{"@type":"EntryPoint","urlTemplate":"https:\/\/www.iplay.com\/en\/?s={search_term_string}"},"query-input":{"@type":"PropertyValueSpecification","valueRequired":true,"valueName":"search_term_string"}}],"inLanguage":"fr-FR"},{"@type":"Organization","@id":"https:\/\/www.iplay.com\/en\/#organization","name":"IPlay","url":"https:\/\/www.iplay.com\/en\/","logo":{"@type":"ImageObject","inLanguage":"fr-FR","@id":"https:\/\/www.iplay.com\/en\/#\/schema\/logo\/image\/","url":"https:\/\/www.iplay.com\/wp-content\/uploads\/2023\/11\/Group-6100.svg","contentUrl":"https:\/\/www.iplay.com\/wp-content\/uploads\/2023\/11\/Group-6100.svg","width":98,"height":25,"caption":"IPlay"},"image":{"@id":"https:\/\/www.iplay.com\/en\/#\/schema\/logo\/image\/"}}]}},"_links":{"self":[{"href":"https:\/\/www.iplay.com\/fr\/wp-json\/wp\/v2\/product\/144940","targetHints":{"allow":["GET"]}}],"collection":[{"href":"https:\/\/www.iplay.com\/fr\/wp-json\/wp\/v2\/product"}],"about":[{"href":"https:\/\/www.iplay.com\/fr\/wp-json\/wp\/v2\/types\/product"}],"author":[{"embeddable":true,"href":"https:\/\/www.iplay.com\/fr\/wp-json\/wp\/v2\/users\/39"}],"replies":[{"embeddable":true,"href":"https:\/\/www.iplay.com\/fr\/wp-json\/wp\/v2\/comments?post=144940"}],"wp:featuredmedia":[{"embeddable":true,"href":"https:\/\/www.iplay.com\/fr\/wp-json\/wp\/v2\/media\/144809"}],"wp:attachment":[{"href":"https:\/\/www.iplay.com\/fr\/wp-json\/wp\/v2\/media?parent=144940"}],"wp:term":[{"taxonomy":"product_brand","embeddable":true,"href":"https:\/\/www.iplay.com\/fr\/wp-json\/wp\/v2\/product_brand?post=144940"},{"taxonomy":"product_cat","embeddable":true,"href":"https:\/\/www.iplay.com\/fr\/wp-json\/wp\/v2\/product_cat?post=144940"},{"taxonomy":"product_tag","embeddable":true,"href":"https:\/\/www.iplay.com\/fr\/wp-json\/wp\/v2\/product_tag?post=144940"}],"curies":[{"name":"wp","href":"https:\/\/api.w.org\/{rel}","templated":true}]}}