{"id":144628,"date":"2025-10-17T07:30:51","date_gmt":"2025-10-17T07:30:51","guid":{"rendered":"https:\/\/www.iplay.com\/?post_type=product&p=144628"},"modified":"2025-10-02T11:14:01","modified_gmt":"2025-10-02T11:14:01","slug":"modern-art-66","status":"publish","type":"product","link":"https:\/\/www.iplay.com\/fr\/games\/modern-art-66\/","title":{"rendered":"Modern Art 66"},"content":{"rendered":"<p class=\"ai-optimize-29 ai-optimize-introduction\">D\u00e9couvrez le royaume de l\u2019Art Moderne 66, o\u00f9 l\u2019imagination ne conna\u00eet pas de limites et o\u00f9 chaque visuel se transforme en \u0153uvre d\u2019art. D\u00e9couvrez le plaisir de peindre avec ce syst\u00e8me intuitif de peinture par num\u00e9ros, qui vous permet de donner vie sans effort \u00e0 64 images vibrantes de style moderne sans le stress de la s\u00e9lection des couleurs. Il suffit d\u2019aligner les chiffres et de voir votre toile prendre vie avec des couleurs vives et des motifs sophistiqu\u00e9s.  <\/p>\n<p class=\"ai-optimize-30\">Que vous recherchiez la d\u00e9tente, une concentration accrue ou une retraite artistique d\u00e9licieuse, Modern Art 66 offre un moyen apaisant et \u00e9panouissant de s\u2019exprimer. Id\u00e9al pour tout le monde, quel que soit l\u2019\u00e2ge ou les comp\u00e9tences, c\u2019est votre endroit id\u00e9al pour une d\u00e9tente vibrante et agr\u00e9able. <\/p>\n<p>&nbsp;<\/p>\n<p class=\"ai-optimize-32\"><strong>Fonctionnalit\u00e9s<\/strong><\/p>\n<ul>\n<li class=\"ai-optimize-31\">D\u00e9couvrez une collection de 64 \u0153uvres d\u2019art modernes incroyablement con\u00e7ues qui attendent votre touche cr\u00e9ative.<\/li>\n<li class=\"ai-optimize-31\">Profitez d\u2019une exp\u00e9rience de peinture sans tracas gr\u00e2ce \u00e0 un syst\u00e8me de correspondance de num\u00e9ros facile qui permet de donner vie \u00e0 chaque pi\u00e8ce en toute simplicit\u00e9.<\/li>\n<li class=\"ai-optimize-31\">Parfait pour se d\u00e9tendre, cultiver la pleine conscience et lib\u00e9rer votre cr\u00e9ativit\u00e9<\/li>\n<li class=\"ai-optimize-31\">Faites l\u2019exp\u00e9rience d\u2019un plaisir artistique sans fin, aucune exp\u00e9rience pr\u00e9alable n\u2019est requise<\/li>\n<\/ul>\n","protected":false},"excerpt":{"rendered":"<p>D\u00e9tendez-vous et cr\u00e9ez des \u0153uvres d\u2019art \u00e9tonnantes avec l\u2019aide de Modern Art 66<\/p>\n","protected":false},"author":21,"featured_media":144569,"comment_status":"open","ping_status":"closed","template":"","meta":{"_acf_changed":false,"inline_featured_image":false},"product_brand":[],"product_cat":[169],"product_tag":[287],"class_list":{"0":"post-144628","1":"product","2":"type-product","3":"status-publish","4":"has-post-thumbnail","6":"product_cat-jigsaw-fr","7":"product_tag-play-on-pc-fr","9":"first","10":"instock","11":"shipping-taxable","12":"purchasable","13":"product-type-simple"},"acf":[],"yoast_head":"<!-- This site is optimized with the Yoast SEO Premium plugin v25.2 (Yoast SEO v25.2) - https:\/\/yoast.com\/wordpress\/plugins\/seo\/ -->\n<title>D\u00e9tendez-vous et peignez de belles \u0153uvres d\u2019art avec Modern Art 66<\/title>\n<meta name=\"description\" content=\"D\u00e9tendez-vous et cr\u00e9ez des \u0153uvres d\u2019art \u00e9tonnantes avec l\u2019aide de Modern Art 66\" \/>\n<meta name=\"robots\" content=\"index, follow, max-snippet:-1, max-image-preview:large, max-video-preview:-1\" \/>\n<link rel=\"canonical\" href=\"https:\/\/www.iplay.com\/en\/games\/modern-art-66\/\" \/>\n<meta property=\"og:locale\" content=\"fr_FR\" \/>\n<meta property=\"og:type\" content=\"article\" \/>\n<meta property=\"og:title\" content=\"Modern Art 66\" \/>\n<meta property=\"og:description\" content=\"D\u00e9tendez-vous et cr\u00e9ez des \u0153uvres d\u2019art \u00e9tonnantes avec l\u2019aide de Modern Art 66\" \/>\n<meta property=\"og:url\" content=\"https:\/\/www.iplay.com\/en\/games\/modern-art-66\/\" \/>\n<meta property=\"og:site_name\" content=\"IPlay\" \/>\n<meta property=\"og:image\" content=\"https:\/\/www.iplay.com\/wp-content\/uploads\/2025\/10\/modern_art_66_large_video_screenshot.webp\" \/>\n\t<meta property=\"og:image:width\" content=\"715\" \/>\n\t<meta property=\"og:image:height\" content=\"485\" \/>\n\t<meta property=\"og:image:type\" content=\"image\/webp\" \/>\n<meta name=\"twitter:card\" content=\"summary_large_image\" \/>\n<meta name=\"twitter:label1\" content=\"Dur\u00e9e de lecture estim\u00e9e\" \/>\n\t<meta name=\"twitter:data1\" content=\"1 minute\" \/>\n<script type=\"application\/ld+json\" class=\"yoast-schema-graph\">{\"@context\":\"https:\/\/schema.org\",\"@graph\":[{\"@type\":\"WebPage\",\"@id\":\"https:\/\/www.iplay.com\/en\/games\/modern-art-66\/\",\"url\":\"https:\/\/www.iplay.com\/en\/games\/modern-art-66\/\",\"name\":\"D\u00e9tendez-vous et peignez de belles \u0153uvres d\u2019art avec Modern Art 66\",\"isPartOf\":{\"@id\":\"https:\/\/www.iplay.com\/en\/#website\"},\"primaryImageOfPage\":{\"@id\":\"https:\/\/www.iplay.com\/en\/games\/modern-art-66\/#primaryimage\"},\"image\":{\"@id\":\"https:\/\/www.iplay.com\/en\/games\/modern-art-66\/#primaryimage\"},\"thumbnailUrl\":\"https:\/\/www.iplay.com\/wp-content\/uploads\/2025\/10\/modern_art_66_large_video_screenshot.webp\",\"datePublished\":\"2025-10-17T07:30:51+00:00\",\"description\":\"D\u00e9tendez-vous et cr\u00e9ez des \u0153uvres d\u2019art \u00e9tonnantes avec l\u2019aide de Modern Art 66\",\"breadcrumb\":{\"@id\":\"https:\/\/www.iplay.com\/en\/games\/modern-art-66\/#breadcrumb\"},\"inLanguage\":\"fr-FR\",\"potentialAction\":[{\"@type\":\"ReadAction\",\"target\":[\"https:\/\/www.iplay.com\/en\/games\/modern-art-66\/\"]}]},{\"@type\":\"ImageObject\",\"inLanguage\":\"fr-FR\",\"@id\":\"https:\/\/www.iplay.com\/en\/games\/modern-art-66\/#primaryimage\",\"url\":\"https:\/\/www.iplay.com\/wp-content\/uploads\/2025\/10\/modern_art_66_large_video_screenshot.webp\",\"contentUrl\":\"https:\/\/www.iplay.com\/wp-content\/uploads\/2025\/10\/modern_art_66_large_video_screenshot.webp\",\"width\":715,\"height\":485},{\"@type\":\"BreadcrumbList\",\"@id\":\"https:\/\/www.iplay.com\/en\/games\/modern-art-66\/#breadcrumb\",\"itemListElement\":[{\"@type\":\"ListItem\",\"position\":1,\"name\":\"Home\",\"item\":\"https:\/\/www.iplay.com\/fr\/home-page-2\/\"},{\"@type\":\"ListItem\",\"position\":2,\"name\":\"Shop\",\"item\":\"https:\/\/www.iplay.com\/en\/shop\/\"},{\"@type\":\"ListItem\",\"position\":3,\"name\":\"Modern Art 66\"}]},{\"@type\":\"WebSite\",\"@id\":\"https:\/\/www.iplay.com\/en\/#website\",\"url\":\"https:\/\/www.iplay.com\/en\/\",\"name\":\"IPlay\",\"description\":\"The Best Casual Games!\",\"publisher\":{\"@id\":\"https:\/\/www.iplay.com\/en\/#organization\"},\"potentialAction\":[{\"@type\":\"SearchAction\",\"target\":{\"@type\":\"EntryPoint\",\"urlTemplate\":\"https:\/\/www.iplay.com\/en\/?s={search_term_string}\"},\"query-input\":{\"@type\":\"PropertyValueSpecification\",\"valueRequired\":true,\"valueName\":\"search_term_string\"}}],\"inLanguage\":\"fr-FR\"},{\"@type\":\"Organization\",\"@id\":\"https:\/\/www.iplay.com\/en\/#organization\",\"name\":\"IPlay\",\"url\":\"https:\/\/www.iplay.com\/en\/\",\"logo\":{\"@type\":\"ImageObject\",\"inLanguage\":\"fr-FR\",\"@id\":\"https:\/\/www.iplay.com\/en\/#\/schema\/logo\/image\/\",\"url\":\"https:\/\/www.iplay.com\/wp-content\/uploads\/2023\/11\/Group-6100.svg\",\"contentUrl\":\"https:\/\/www.iplay.com\/wp-content\/uploads\/2023\/11\/Group-6100.svg\",\"width\":98,\"height\":25,\"caption\":\"IPlay\"},\"image\":{\"@id\":\"https:\/\/www.iplay.com\/en\/#\/schema\/logo\/image\/\"}}]}<\/script>\n<!-- \/ Yoast SEO Premium plugin. -->","yoast_head_json":{"title":"D\u00e9tendez-vous et peignez de belles \u0153uvres d\u2019art avec Modern Art 66","description":"D\u00e9tendez-vous et cr\u00e9ez des \u0153uvres d\u2019art \u00e9tonnantes avec l\u2019aide de Modern Art 66","robots":{"index":"index","follow":"follow","max-snippet":"max-snippet:-1","max-image-preview":"max-image-preview:large","max-video-preview":"max-video-preview:-1"},"canonical":"https:\/\/www.iplay.com\/en\/games\/modern-art-66\/","og_locale":"fr_FR","og_type":"article","og_title":"Modern Art 66","og_description":"D\u00e9tendez-vous et cr\u00e9ez des \u0153uvres d\u2019art \u00e9tonnantes avec l\u2019aide de Modern Art 66","og_url":"https:\/\/www.iplay.com\/en\/games\/modern-art-66\/","og_site_name":"IPlay","og_image":[{"width":715,"height":485,"url":"https:\/\/www.iplay.com\/wp-content\/uploads\/2025\/10\/modern_art_66_large_video_screenshot.webp","type":"image\/webp"}],"twitter_card":"summary_large_image","twitter_misc":{"Dur\u00e9e de lecture estim\u00e9e":"1 minute"},"schema":{"@context":"https:\/\/schema.org","@graph":[{"@type":"WebPage","@id":"https:\/\/www.iplay.com\/en\/games\/modern-art-66\/","url":"https:\/\/www.iplay.com\/en\/games\/modern-art-66\/","name":"D\u00e9tendez-vous et peignez de belles \u0153uvres d\u2019art avec Modern Art 66","isPartOf":{"@id":"https:\/\/www.iplay.com\/en\/#website"},"primaryImageOfPage":{"@id":"https:\/\/www.iplay.com\/en\/games\/modern-art-66\/#primaryimage"},"image":{"@id":"https:\/\/www.iplay.com\/en\/games\/modern-art-66\/#primaryimage"},"thumbnailUrl":"https:\/\/www.iplay.com\/wp-content\/uploads\/2025\/10\/modern_art_66_large_video_screenshot.webp","datePublished":"2025-10-17T07:30:51+00:00","description":"D\u00e9tendez-vous et cr\u00e9ez des \u0153uvres d\u2019art \u00e9tonnantes avec l\u2019aide de Modern Art 66","breadcrumb":{"@id":"https:\/\/www.iplay.com\/en\/games\/modern-art-66\/#breadcrumb"},"inLanguage":"fr-FR","potentialAction":[{"@type":"ReadAction","target":["https:\/\/www.iplay.com\/en\/games\/modern-art-66\/"]}]},{"@type":"ImageObject","inLanguage":"fr-FR","@id":"https:\/\/www.iplay.com\/en\/games\/modern-art-66\/#primaryimage","url":"https:\/\/www.iplay.com\/wp-content\/uploads\/2025\/10\/modern_art_66_large_video_screenshot.webp","contentUrl":"https:\/\/www.iplay.com\/wp-content\/uploads\/2025\/10\/modern_art_66_large_video_screenshot.webp","width":715,"height":485},{"@type":"BreadcrumbList","@id":"https:\/\/www.iplay.com\/en\/games\/modern-art-66\/#breadcrumb","itemListElement":[{"@type":"ListItem","position":1,"name":"Home","item":"https:\/\/www.iplay.com\/fr\/home-page-2\/"},{"@type":"ListItem","position":2,"name":"Shop","item":"https:\/\/www.iplay.com\/en\/shop\/"},{"@type":"ListItem","position":3,"name":"Modern Art 66"}]},{"@type":"WebSite","@id":"https:\/\/www.iplay.com\/en\/#website","url":"https:\/\/www.iplay.com\/en\/","name":"IPlay","description":"The Best Casual Games!","publisher":{"@id":"https:\/\/www.iplay.com\/en\/#organization"},"potentialAction":[{"@type":"SearchAction","target":{"@type":"EntryPoint","urlTemplate":"https:\/\/www.iplay.com\/en\/?s={search_term_string}"},"query-input":{"@type":"PropertyValueSpecification","valueRequired":true,"valueName":"search_term_string"}}],"inLanguage":"fr-FR"},{"@type":"Organization","@id":"https:\/\/www.iplay.com\/en\/#organization","name":"IPlay","url":"https:\/\/www.iplay.com\/en\/","logo":{"@type":"ImageObject","inLanguage":"fr-FR","@id":"https:\/\/www.iplay.com\/en\/#\/schema\/logo\/image\/","url":"https:\/\/www.iplay.com\/wp-content\/uploads\/2023\/11\/Group-6100.svg","contentUrl":"https:\/\/www.iplay.com\/wp-content\/uploads\/2023\/11\/Group-6100.svg","width":98,"height":25,"caption":"IPlay"},"image":{"@id":"https:\/\/www.iplay.com\/en\/#\/schema\/logo\/image\/"}}]}},"_links":{"self":[{"href":"https:\/\/www.iplay.com\/fr\/wp-json\/wp\/v2\/product\/144628","targetHints":{"allow":["GET"]}}],"collection":[{"href":"https:\/\/www.iplay.com\/fr\/wp-json\/wp\/v2\/product"}],"about":[{"href":"https:\/\/www.iplay.com\/fr\/wp-json\/wp\/v2\/types\/product"}],"author":[{"embeddable":true,"href":"https:\/\/www.iplay.com\/fr\/wp-json\/wp\/v2\/users\/21"}],"replies":[{"embeddable":true,"href":"https:\/\/www.iplay.com\/fr\/wp-json\/wp\/v2\/comments?post=144628"}],"wp:featuredmedia":[{"embeddable":true,"href":"https:\/\/www.iplay.com\/fr\/wp-json\/wp\/v2\/media\/144569"}],"wp:attachment":[{"href":"https:\/\/www.iplay.com\/fr\/wp-json\/wp\/v2\/media?parent=144628"}],"wp:term":[{"taxonomy":"product_brand","embeddable":true,"href":"https:\/\/www.iplay.com\/fr\/wp-json\/wp\/v2\/product_brand?post=144628"},{"taxonomy":"product_cat","embeddable":true,"href":"https:\/\/www.iplay.com\/fr\/wp-json\/wp\/v2\/product_cat?post=144628"},{"taxonomy":"product_tag","embeddable":true,"href":"https:\/\/www.iplay.com\/fr\/wp-json\/wp\/v2\/product_tag?post=144628"}],"curies":[{"name":"wp","href":"https:\/\/api.w.org\/{rel}","templated":true}]}}