{"id":144596,"date":"2025-10-01T07:30:55","date_gmt":"2025-10-01T07:30:55","guid":{"rendered":"https:\/\/www.iplay.com\/games\/gem-tales\/"},"modified":"2025-10-02T11:13:38","modified_gmt":"2025-10-02T11:13:38","slug":"gem-tales","status":"publish","type":"product","link":"https:\/\/www.iplay.com\/fr\/games\/gem-tales\/","title":{"rendered":"Gem Tales"},"content":{"rendered":"<p class=\"ai-optimize-30 ai-optimize-introduction\">Dans les collines magiques de Tara, o\u00f9 les m\u00e9lodies ont de la force et o\u00f9 les cristaux brillent d\u2019une \u00e9nergie intemporelle, la jeune Luna s\u2019agite pour d\u00e9couvrir l\u2019amulette de sa grand-m\u00e8re rayonnant d\u2019une lueur \u00e9nigmatique. Cet \u00e9v\u00e9nement impr\u00e9vu marque le d\u00e9but d\u2019une aventure extraordinaire, qui mettra \u00e0 l\u2019\u00e9preuve sa bravoure et red\u00e9finira le destin d\u2019un royaume en d\u00e9clin. <\/p>\n<p class=\"ai-optimize-31\">Embarquez pour une aventure avec Luna et son fid\u00e8le compagnon Maven alors qu\u2019ils voyagent \u00e0 travers des royaumes enchanteurs, r\u00e9v\u00e9lant des v\u00e9rit\u00e9s cach\u00e9es, s\u2019attaquant \u00e0 des \u00e9nigmes complexes et affrontant l\u2019obscurit\u00e9 envahissante qui cherche \u00e0 \u00e9teindre les lumi\u00e8res de cristal rayonnantes. \u00c0 chaque match con\u00e7u et \u00e0 chaque \u00e9nigme r\u00e9solue, Luna ravive l\u2019espoir en Tara. <\/p>\n<p class=\"ai-optimize-31\">Gem Tales combine un gameplay dynamique de Match-3 avec un sc\u00e9nario fantastique enchanteur, des personnages vivants et un large \u00e9ventail de mini-jeux captivants. Embarquez pour un voyage palpitant, o\u00f9 vous pourrez sauvegarder les myst\u00e8res des cavernes de cristal ou plonger dans des royaumes enchanteurs. Cette aventure promet une retraite \u00e9blouissante dans un royaume d\u2019enchantement.  <\/p>\n<p>&nbsp;<\/p>\n<p class=\"ai-optimize-35\"><strong>Fonctionnalit\u00e9s<\/strong><\/p>\n<ul>\n<li class=\"ai-optimize-34\">Prot\u00e9gez les cavernes de cristal et r\u00e9v\u00e9lez des myst\u00e8res cach\u00e9s<\/li>\n<li class=\"ai-optimize-32\">Participez \u00e0 une vari\u00e9t\u00e9 de mini-jeux captivants tels que des puzzles, des pipes, des solitaires et des puzzles d\u2019objets cach\u00e9s<\/li>\n<li class=\"ai-optimize-32\">Plongez dans un r\u00e9cit envo\u00fbtant mettant en vedette des personnages inoubliables et des traditions envo\u00fbtantes<\/li>\n<li class=\"ai-optimize-32\">Personnalisez votre exp\u00e9rience de jeu avec des param\u00e8tres r\u00e9glables en fonction de vos pr\u00e9f\u00e9rences<\/li>\n<li class=\"ai-optimize-32\">D\u00e9couvrez des gemmes \u00e9poustouflantes et des cristaux rayonnants au fur et \u00e0 mesure que vous vous lancez dans votre aventure<\/li>\n<\/ul>\n<p>&nbsp;<\/p>\n<p class=\"ai-optimize-33\">D\u00e9couvrez un monde d\u2019enchantement avec 100 niveaux de Match-3 captivants qui rehaussent votre exp\u00e9rience de jeu. Chaque niveau pr\u00e9sente un nouveau d\u00e9fi, am\u00e9lior\u00e9 par des effets magiques envo\u00fbtants qui vous gardent engag\u00e9 et diverti. <\/p>\n","protected":false},"excerpt":{"rendered":"<p>Rejoignez Luna et Maven dans un voyage captivant alors que vous associez des gemmes, r\u00e9solvez des \u00e9nigmes et ramenez la lumi\u00e8re dans le monde enchanteur de Tara !<\/p>\n","protected":false},"author":19,"featured_media":144370,"comment_status":"open","ping_status":"closed","template":"","meta":{"_acf_changed":false,"inline_featured_image":false},"product_brand":[],"product_cat":[177],"product_tag":[287],"class_list":{"0":"post-144596","1":"product","2":"type-product","3":"status-publish","4":"has-post-thumbnail","6":"product_cat-match-3-fr","7":"product_tag-play-on-pc-fr","9":"first","10":"instock","11":"shipping-taxable","12":"purchasable","13":"product-type-simple"},"acf":[],"yoast_head":"<!-- This site is optimized with the Yoast SEO Premium plugin v25.2 (Yoast SEO v25.2) - https:\/\/yoast.com\/wordpress\/plugins\/seo\/ -->\n<title>Gem Tales - Rejoignez une qu\u00eate mystique pour restaurer la lumi\u00e8re \u00e0 Tara<\/title>\n<meta name=\"description\" content=\"Rejoignez Luna et Maven dans un voyage captivant alors que vous associez des gemmes, r\u00e9solvez des \u00e9nigmes et ramenez la lumi\u00e8re dans le monde enchanteur de Tara !\" \/>\n<meta name=\"robots\" content=\"index, follow, max-snippet:-1, max-image-preview:large, max-video-preview:-1\" \/>\n<link rel=\"canonical\" href=\"https:\/\/www.iplay.com\/fr\/games\/gem-tales\/\" \/>\n<meta property=\"og:locale\" content=\"fr_FR\" \/>\n<meta property=\"og:type\" content=\"article\" \/>\n<meta property=\"og:title\" content=\"Gem Tales\" \/>\n<meta property=\"og:description\" content=\"Rejoignez Luna et Maven dans un voyage captivant alors que vous associez des gemmes, r\u00e9solvez des \u00e9nigmes et ramenez la lumi\u00e8re dans le monde enchanteur de Tara !\" \/>\n<meta property=\"og:url\" content=\"https:\/\/www.iplay.com\/fr\/games\/gem-tales\/\" \/>\n<meta property=\"og:site_name\" content=\"IPlay\" \/>\n<meta property=\"article:modified_time\" content=\"2025-10-02T11:13:38+00:00\" \/>\n<meta property=\"og:image\" content=\"https:\/\/www.iplay.com\/wp-content\/uploads\/2025\/09\/gem_tales_large_video_screenshot.webp\" \/>\n\t<meta property=\"og:image:width\" content=\"715\" \/>\n\t<meta property=\"og:image:height\" content=\"485\" \/>\n\t<meta property=\"og:image:type\" content=\"image\/webp\" \/>\n<meta name=\"twitter:card\" content=\"summary_large_image\" \/>\n<meta name=\"twitter:label1\" content=\"Dur\u00e9e de lecture estim\u00e9e\" \/>\n\t<meta name=\"twitter:data1\" content=\"2 minutes\" \/>\n<script type=\"application\/ld+json\" class=\"yoast-schema-graph\">{\"@context\":\"https:\/\/schema.org\",\"@graph\":[{\"@type\":\"WebPage\",\"@id\":\"https:\/\/www.iplay.com\/fr\/games\/gem-tales\/\",\"url\":\"https:\/\/www.iplay.com\/fr\/games\/gem-tales\/\",\"name\":\"Gem Tales - Rejoignez une qu\u00eate mystique pour restaurer la lumi\u00e8re \u00e0 Tara\",\"isPartOf\":{\"@id\":\"https:\/\/www.iplay.com\/en\/#website\"},\"primaryImageOfPage\":{\"@id\":\"https:\/\/www.iplay.com\/fr\/games\/gem-tales\/#primaryimage\"},\"image\":{\"@id\":\"https:\/\/www.iplay.com\/fr\/games\/gem-tales\/#primaryimage\"},\"thumbnailUrl\":\"https:\/\/www.iplay.com\/wp-content\/uploads\/2025\/09\/gem_tales_large_square_tile_image.webp\",\"datePublished\":\"2025-10-01T07:30:55+00:00\",\"dateModified\":\"2025-10-02T11:13:38+00:00\",\"description\":\"Rejoignez Luna et Maven dans un voyage captivant alors que vous associez des gemmes, r\u00e9solvez des \u00e9nigmes et ramenez la lumi\u00e8re dans le monde enchanteur de Tara !\",\"breadcrumb\":{\"@id\":\"https:\/\/www.iplay.com\/fr\/games\/gem-tales\/#breadcrumb\"},\"inLanguage\":\"fr-FR\",\"potentialAction\":[{\"@type\":\"ReadAction\",\"target\":[\"https:\/\/www.iplay.com\/fr\/games\/gem-tales\/\"]}]},{\"@type\":\"ImageObject\",\"inLanguage\":\"fr-FR\",\"@id\":\"https:\/\/www.iplay.com\/fr\/games\/gem-tales\/#primaryimage\",\"url\":\"https:\/\/www.iplay.com\/wp-content\/uploads\/2025\/09\/gem_tales_large_square_tile_image.webp\",\"contentUrl\":\"https:\/\/www.iplay.com\/wp-content\/uploads\/2025\/09\/gem_tales_large_square_tile_image.webp\",\"width\":310,\"height\":310},{\"@type\":\"BreadcrumbList\",\"@id\":\"https:\/\/www.iplay.com\/fr\/games\/gem-tales\/#breadcrumb\",\"itemListElement\":[{\"@type\":\"ListItem\",\"position\":1,\"name\":\"Home\",\"item\":\"https:\/\/www.iplay.com\/fr\/home-page-2\/\"},{\"@type\":\"ListItem\",\"position\":2,\"name\":\"Shop\",\"item\":\"https:\/\/www.iplay.com\/en\/shop\/\"},{\"@type\":\"ListItem\",\"position\":3,\"name\":\"Gem Tales\"}]},{\"@type\":\"WebSite\",\"@id\":\"https:\/\/www.iplay.com\/en\/#website\",\"url\":\"https:\/\/www.iplay.com\/en\/\",\"name\":\"IPlay\",\"description\":\"The Best Casual Games!\",\"publisher\":{\"@id\":\"https:\/\/www.iplay.com\/en\/#organization\"},\"potentialAction\":[{\"@type\":\"SearchAction\",\"target\":{\"@type\":\"EntryPoint\",\"urlTemplate\":\"https:\/\/www.iplay.com\/en\/?s={search_term_string}\"},\"query-input\":{\"@type\":\"PropertyValueSpecification\",\"valueRequired\":true,\"valueName\":\"search_term_string\"}}],\"inLanguage\":\"fr-FR\"},{\"@type\":\"Organization\",\"@id\":\"https:\/\/www.iplay.com\/en\/#organization\",\"name\":\"IPlay\",\"url\":\"https:\/\/www.iplay.com\/en\/\",\"logo\":{\"@type\":\"ImageObject\",\"inLanguage\":\"fr-FR\",\"@id\":\"https:\/\/www.iplay.com\/en\/#\/schema\/logo\/image\/\",\"url\":\"https:\/\/www.iplay.com\/wp-content\/uploads\/2023\/11\/Group-6100.svg\",\"contentUrl\":\"https:\/\/www.iplay.com\/wp-content\/uploads\/2023\/11\/Group-6100.svg\",\"width\":98,\"height\":25,\"caption\":\"IPlay\"},\"image\":{\"@id\":\"https:\/\/www.iplay.com\/en\/#\/schema\/logo\/image\/\"}}]}<\/script>\n<!-- \/ Yoast SEO Premium plugin. -->","yoast_head_json":{"title":"Gem Tales - Rejoignez une qu\u00eate mystique pour restaurer la lumi\u00e8re \u00e0 Tara","description":"Rejoignez Luna et Maven dans un voyage captivant alors que vous associez des gemmes, r\u00e9solvez des \u00e9nigmes et ramenez la lumi\u00e8re dans le monde enchanteur de Tara !","robots":{"index":"index","follow":"follow","max-snippet":"max-snippet:-1","max-image-preview":"max-image-preview:large","max-video-preview":"max-video-preview:-1"},"canonical":"https:\/\/www.iplay.com\/fr\/games\/gem-tales\/","og_locale":"fr_FR","og_type":"article","og_title":"Gem Tales","og_description":"Rejoignez Luna et Maven dans un voyage captivant alors que vous associez des gemmes, r\u00e9solvez des \u00e9nigmes et ramenez la lumi\u00e8re dans le monde enchanteur de Tara !","og_url":"https:\/\/www.iplay.com\/fr\/games\/gem-tales\/","og_site_name":"IPlay","article_modified_time":"2025-10-02T11:13:38+00:00","og_image":[{"width":715,"height":485,"url":"https:\/\/www.iplay.com\/wp-content\/uploads\/2025\/09\/gem_tales_large_video_screenshot.webp","type":"image\/webp"}],"twitter_card":"summary_large_image","twitter_misc":{"Dur\u00e9e de lecture estim\u00e9e":"2 minutes"},"schema":{"@context":"https:\/\/schema.org","@graph":[{"@type":"WebPage","@id":"https:\/\/www.iplay.com\/fr\/games\/gem-tales\/","url":"https:\/\/www.iplay.com\/fr\/games\/gem-tales\/","name":"Gem Tales - Rejoignez une qu\u00eate mystique pour restaurer la lumi\u00e8re \u00e0 Tara","isPartOf":{"@id":"https:\/\/www.iplay.com\/en\/#website"},"primaryImageOfPage":{"@id":"https:\/\/www.iplay.com\/fr\/games\/gem-tales\/#primaryimage"},"image":{"@id":"https:\/\/www.iplay.com\/fr\/games\/gem-tales\/#primaryimage"},"thumbnailUrl":"https:\/\/www.iplay.com\/wp-content\/uploads\/2025\/09\/gem_tales_large_square_tile_image.webp","datePublished":"2025-10-01T07:30:55+00:00","dateModified":"2025-10-02T11:13:38+00:00","description":"Rejoignez Luna et Maven dans un voyage captivant alors que vous associez des gemmes, r\u00e9solvez des \u00e9nigmes et ramenez la lumi\u00e8re dans le monde enchanteur de Tara !","breadcrumb":{"@id":"https:\/\/www.iplay.com\/fr\/games\/gem-tales\/#breadcrumb"},"inLanguage":"fr-FR","potentialAction":[{"@type":"ReadAction","target":["https:\/\/www.iplay.com\/fr\/games\/gem-tales\/"]}]},{"@type":"ImageObject","inLanguage":"fr-FR","@id":"https:\/\/www.iplay.com\/fr\/games\/gem-tales\/#primaryimage","url":"https:\/\/www.iplay.com\/wp-content\/uploads\/2025\/09\/gem_tales_large_square_tile_image.webp","contentUrl":"https:\/\/www.iplay.com\/wp-content\/uploads\/2025\/09\/gem_tales_large_square_tile_image.webp","width":310,"height":310},{"@type":"BreadcrumbList","@id":"https:\/\/www.iplay.com\/fr\/games\/gem-tales\/#breadcrumb","itemListElement":[{"@type":"ListItem","position":1,"name":"Home","item":"https:\/\/www.iplay.com\/fr\/home-page-2\/"},{"@type":"ListItem","position":2,"name":"Shop","item":"https:\/\/www.iplay.com\/en\/shop\/"},{"@type":"ListItem","position":3,"name":"Gem Tales"}]},{"@type":"WebSite","@id":"https:\/\/www.iplay.com\/en\/#website","url":"https:\/\/www.iplay.com\/en\/","name":"IPlay","description":"The Best Casual Games!","publisher":{"@id":"https:\/\/www.iplay.com\/en\/#organization"},"potentialAction":[{"@type":"SearchAction","target":{"@type":"EntryPoint","urlTemplate":"https:\/\/www.iplay.com\/en\/?s={search_term_string}"},"query-input":{"@type":"PropertyValueSpecification","valueRequired":true,"valueName":"search_term_string"}}],"inLanguage":"fr-FR"},{"@type":"Organization","@id":"https:\/\/www.iplay.com\/en\/#organization","name":"IPlay","url":"https:\/\/www.iplay.com\/en\/","logo":{"@type":"ImageObject","inLanguage":"fr-FR","@id":"https:\/\/www.iplay.com\/en\/#\/schema\/logo\/image\/","url":"https:\/\/www.iplay.com\/wp-content\/uploads\/2023\/11\/Group-6100.svg","contentUrl":"https:\/\/www.iplay.com\/wp-content\/uploads\/2023\/11\/Group-6100.svg","width":98,"height":25,"caption":"IPlay"},"image":{"@id":"https:\/\/www.iplay.com\/en\/#\/schema\/logo\/image\/"}}]}},"_links":{"self":[{"href":"https:\/\/www.iplay.com\/fr\/wp-json\/wp\/v2\/product\/144596","targetHints":{"allow":["GET"]}}],"collection":[{"href":"https:\/\/www.iplay.com\/fr\/wp-json\/wp\/v2\/product"}],"about":[{"href":"https:\/\/www.iplay.com\/fr\/wp-json\/wp\/v2\/types\/product"}],"author":[{"embeddable":true,"href":"https:\/\/www.iplay.com\/fr\/wp-json\/wp\/v2\/users\/19"}],"replies":[{"embeddable":true,"href":"https:\/\/www.iplay.com\/fr\/wp-json\/wp\/v2\/comments?post=144596"}],"wp:featuredmedia":[{"embeddable":true,"href":"https:\/\/www.iplay.com\/fr\/wp-json\/wp\/v2\/media\/144370"}],"wp:attachment":[{"href":"https:\/\/www.iplay.com\/fr\/wp-json\/wp\/v2\/media?parent=144596"}],"wp:term":[{"taxonomy":"product_brand","embeddable":true,"href":"https:\/\/www.iplay.com\/fr\/wp-json\/wp\/v2\/product_brand?post=144596"},{"taxonomy":"product_cat","embeddable":true,"href":"https:\/\/www.iplay.com\/fr\/wp-json\/wp\/v2\/product_cat?post=144596"},{"taxonomy":"product_tag","embeddable":true,"href":"https:\/\/www.iplay.com\/fr\/wp-json\/wp\/v2\/product_tag?post=144596"}],"curies":[{"name":"wp","href":"https:\/\/api.w.org\/{rel}","templated":true}]}}