{"id":144333,"date":"2025-09-25T09:30:17","date_gmt":"2025-09-25T09:30:17","guid":{"rendered":"https:\/\/www.iplay.com\/games\/my-tiny-market\/"},"modified":"2025-09-25T09:30:17","modified_gmt":"2025-09-25T09:30:17","slug":"my-tiny-market","status":"publish","type":"product","link":"https:\/\/www.iplay.com\/fr\/games\/my-tiny-market\/","title":{"rendered":"My Tiny Market"},"content":{"rendered":"<p class=\"ai-optimize-25 ai-optimize-introduction\">Vous poss\u00e9dez votre propre \u00e9picerie dans My Tiny Market. Pour trouver le bon \u00e9quilibre entre toutes vos t\u00e2ches (r\u00e9approvisionner les \u00e9tag\u00e8res, servir les clients et tout faire fonctionner \u00e0 plein r\u00e9gime), assurez-vous d\u2019utiliser votre temps et vos ressources \u00e0 bon escient. <\/p>\n<p class=\"ai-optimize-26\">Commencez par une petite \u00e9picerie et construisez-la au fil du temps ! Vous \u00eates en charge de tout, des t\u00e2ches simples comme cueillir les tomates et nourrir les poules, r\u00e9approvisionner les \u00e9tag\u00e8res et v\u00e9rifier les clients. Pour devenir le meilleur gestionnaire de march\u00e9, embauchez des personnes pour acc\u00e9l\u00e9rer les choses et d\u00e9velopper votre magasin.  <\/p>\n","protected":false},"excerpt":{"rendered":"<p>G\u00e9rez votre petit march\u00e9, servez les gens rapidement et d\u00e9veloppez-vous autant que vous le souhaitez !<\/p>\n","protected":false},"author":325,"featured_media":144171,"comment_status":"open","ping_status":"closed","template":"","meta":{"_acf_changed":false,"inline_featured_image":false},"product_brand":[],"product_cat":[179,216],"product_tag":[300,285,305,287],"class_list":{"0":"post-144333","1":"product","2":"type-product","3":"status-publish","4":"has-post-thumbnail","6":"product_cat-mobile-games-fr","7":"product_cat-time-management-fr","8":"product_tag-play-for-free-fr","9":"product_tag-play-on-mac-fr","10":"product_tag-play-on-mobile-fr","11":"product_tag-play-on-pc-fr","13":"first","14":"instock","15":"shipping-taxable","16":"purchasable","17":"product-type-html5_game"},"acf":[],"yoast_head":"<!-- This site is optimized with the Yoast SEO Premium plugin v25.2 (Yoast SEO v25.2) - https:\/\/yoast.com\/wordpress\/plugins\/seo\/ -->\n<title>Entretenez votre petit march\u00e9 !<\/title>\n<meta name=\"description\" content=\"G\u00e9rez votre petit march\u00e9, servez les gens rapidement et d\u00e9veloppez-vous autant que vous le souhaitez !\" \/>\n<meta name=\"robots\" content=\"index, follow, max-snippet:-1, max-image-preview:large, max-video-preview:-1\" \/>\n<link rel=\"canonical\" href=\"https:\/\/www.iplay.com\/fr\/games\/my-tiny-market\/\" \/>\n<meta property=\"og:locale\" content=\"fr_FR\" \/>\n<meta property=\"og:type\" content=\"article\" \/>\n<meta property=\"og:title\" content=\"My Tiny Market\" \/>\n<meta property=\"og:description\" content=\"G\u00e9rez votre petit march\u00e9, servez les gens rapidement et d\u00e9veloppez-vous autant que vous le souhaitez !\" \/>\n<meta property=\"og:url\" content=\"https:\/\/www.iplay.com\/fr\/games\/my-tiny-market\/\" \/>\n<meta property=\"og:site_name\" content=\"IPlay\" \/>\n<meta property=\"og:image\" content=\"https:\/\/www.iplay.com\/wp-content\/uploads\/2025\/09\/mytinymarket-html5_715x485.webp\" \/>\n\t<meta property=\"og:image:width\" content=\"715\" \/>\n\t<meta property=\"og:image:height\" content=\"485\" \/>\n\t<meta property=\"og:image:type\" content=\"image\/webp\" \/>\n<meta name=\"twitter:card\" content=\"summary_large_image\" \/>\n<meta name=\"twitter:label1\" content=\"Dur\u00e9e de lecture estim\u00e9e\" \/>\n\t<meta name=\"twitter:data1\" content=\"1 minute\" \/>\n<script type=\"application\/ld+json\" class=\"yoast-schema-graph\">{\"@context\":\"https:\/\/schema.org\",\"@graph\":[{\"@type\":\"WebPage\",\"@id\":\"https:\/\/www.iplay.com\/fr\/games\/my-tiny-market\/\",\"url\":\"https:\/\/www.iplay.com\/fr\/games\/my-tiny-market\/\",\"name\":\"Entretenez votre petit march\u00e9 !\",\"isPartOf\":{\"@id\":\"https:\/\/www.iplay.com\/en\/#website\"},\"primaryImageOfPage\":{\"@id\":\"https:\/\/www.iplay.com\/fr\/games\/my-tiny-market\/#primaryimage\"},\"image\":{\"@id\":\"https:\/\/www.iplay.com\/fr\/games\/my-tiny-market\/#primaryimage\"},\"thumbnailUrl\":\"https:\/\/www.iplay.com\/wp-content\/uploads\/2025\/09\/mytinymarket-html5_310x310.webp\",\"datePublished\":\"2025-09-25T09:30:17+00:00\",\"description\":\"G\u00e9rez votre petit march\u00e9, servez les gens rapidement et d\u00e9veloppez-vous autant que vous le souhaitez !\",\"breadcrumb\":{\"@id\":\"https:\/\/www.iplay.com\/fr\/games\/my-tiny-market\/#breadcrumb\"},\"inLanguage\":\"fr-FR\",\"potentialAction\":[{\"@type\":\"ReadAction\",\"target\":[\"https:\/\/www.iplay.com\/fr\/games\/my-tiny-market\/\"]}]},{\"@type\":\"ImageObject\",\"inLanguage\":\"fr-FR\",\"@id\":\"https:\/\/www.iplay.com\/fr\/games\/my-tiny-market\/#primaryimage\",\"url\":\"https:\/\/www.iplay.com\/wp-content\/uploads\/2025\/09\/mytinymarket-html5_310x310.webp\",\"contentUrl\":\"https:\/\/www.iplay.com\/wp-content\/uploads\/2025\/09\/mytinymarket-html5_310x310.webp\",\"width\":310,\"height\":310},{\"@type\":\"BreadcrumbList\",\"@id\":\"https:\/\/www.iplay.com\/fr\/games\/my-tiny-market\/#breadcrumb\",\"itemListElement\":[{\"@type\":\"ListItem\",\"position\":1,\"name\":\"Home\",\"item\":\"https:\/\/www.iplay.com\/fr\/home-page-2\/\"},{\"@type\":\"ListItem\",\"position\":2,\"name\":\"Shop\",\"item\":\"https:\/\/www.iplay.com\/en\/shop\/\"},{\"@type\":\"ListItem\",\"position\":3,\"name\":\"My Tiny Market\"}]},{\"@type\":\"WebSite\",\"@id\":\"https:\/\/www.iplay.com\/en\/#website\",\"url\":\"https:\/\/www.iplay.com\/en\/\",\"name\":\"IPlay\",\"description\":\"The Best Casual Games!\",\"publisher\":{\"@id\":\"https:\/\/www.iplay.com\/en\/#organization\"},\"potentialAction\":[{\"@type\":\"SearchAction\",\"target\":{\"@type\":\"EntryPoint\",\"urlTemplate\":\"https:\/\/www.iplay.com\/en\/?s={search_term_string}\"},\"query-input\":{\"@type\":\"PropertyValueSpecification\",\"valueRequired\":true,\"valueName\":\"search_term_string\"}}],\"inLanguage\":\"fr-FR\"},{\"@type\":\"Organization\",\"@id\":\"https:\/\/www.iplay.com\/en\/#organization\",\"name\":\"IPlay\",\"url\":\"https:\/\/www.iplay.com\/en\/\",\"logo\":{\"@type\":\"ImageObject\",\"inLanguage\":\"fr-FR\",\"@id\":\"https:\/\/www.iplay.com\/en\/#\/schema\/logo\/image\/\",\"url\":\"https:\/\/www.iplay.com\/wp-content\/uploads\/2023\/11\/Group-6100.svg\",\"contentUrl\":\"https:\/\/www.iplay.com\/wp-content\/uploads\/2023\/11\/Group-6100.svg\",\"width\":98,\"height\":25,\"caption\":\"IPlay\"},\"image\":{\"@id\":\"https:\/\/www.iplay.com\/en\/#\/schema\/logo\/image\/\"}}]}<\/script>\n<!-- \/ Yoast SEO Premium plugin. -->","yoast_head_json":{"title":"Entretenez votre petit march\u00e9 !","description":"G\u00e9rez votre petit march\u00e9, servez les gens rapidement et d\u00e9veloppez-vous autant que vous le souhaitez !","robots":{"index":"index","follow":"follow","max-snippet":"max-snippet:-1","max-image-preview":"max-image-preview:large","max-video-preview":"max-video-preview:-1"},"canonical":"https:\/\/www.iplay.com\/fr\/games\/my-tiny-market\/","og_locale":"fr_FR","og_type":"article","og_title":"My Tiny Market","og_description":"G\u00e9rez votre petit march\u00e9, servez les gens rapidement et d\u00e9veloppez-vous autant que vous le souhaitez !","og_url":"https:\/\/www.iplay.com\/fr\/games\/my-tiny-market\/","og_site_name":"IPlay","og_image":[{"width":715,"height":485,"url":"https:\/\/www.iplay.com\/wp-content\/uploads\/2025\/09\/mytinymarket-html5_715x485.webp","type":"image\/webp"}],"twitter_card":"summary_large_image","twitter_misc":{"Dur\u00e9e de lecture estim\u00e9e":"1 minute"},"schema":{"@context":"https:\/\/schema.org","@graph":[{"@type":"WebPage","@id":"https:\/\/www.iplay.com\/fr\/games\/my-tiny-market\/","url":"https:\/\/www.iplay.com\/fr\/games\/my-tiny-market\/","name":"Entretenez votre petit march\u00e9 !","isPartOf":{"@id":"https:\/\/www.iplay.com\/en\/#website"},"primaryImageOfPage":{"@id":"https:\/\/www.iplay.com\/fr\/games\/my-tiny-market\/#primaryimage"},"image":{"@id":"https:\/\/www.iplay.com\/fr\/games\/my-tiny-market\/#primaryimage"},"thumbnailUrl":"https:\/\/www.iplay.com\/wp-content\/uploads\/2025\/09\/mytinymarket-html5_310x310.webp","datePublished":"2025-09-25T09:30:17+00:00","description":"G\u00e9rez votre petit march\u00e9, servez les gens rapidement et d\u00e9veloppez-vous autant que vous le souhaitez !","breadcrumb":{"@id":"https:\/\/www.iplay.com\/fr\/games\/my-tiny-market\/#breadcrumb"},"inLanguage":"fr-FR","potentialAction":[{"@type":"ReadAction","target":["https:\/\/www.iplay.com\/fr\/games\/my-tiny-market\/"]}]},{"@type":"ImageObject","inLanguage":"fr-FR","@id":"https:\/\/www.iplay.com\/fr\/games\/my-tiny-market\/#primaryimage","url":"https:\/\/www.iplay.com\/wp-content\/uploads\/2025\/09\/mytinymarket-html5_310x310.webp","contentUrl":"https:\/\/www.iplay.com\/wp-content\/uploads\/2025\/09\/mytinymarket-html5_310x310.webp","width":310,"height":310},{"@type":"BreadcrumbList","@id":"https:\/\/www.iplay.com\/fr\/games\/my-tiny-market\/#breadcrumb","itemListElement":[{"@type":"ListItem","position":1,"name":"Home","item":"https:\/\/www.iplay.com\/fr\/home-page-2\/"},{"@type":"ListItem","position":2,"name":"Shop","item":"https:\/\/www.iplay.com\/en\/shop\/"},{"@type":"ListItem","position":3,"name":"My Tiny Market"}]},{"@type":"WebSite","@id":"https:\/\/www.iplay.com\/en\/#website","url":"https:\/\/www.iplay.com\/en\/","name":"IPlay","description":"The Best Casual Games!","publisher":{"@id":"https:\/\/www.iplay.com\/en\/#organization"},"potentialAction":[{"@type":"SearchAction","target":{"@type":"EntryPoint","urlTemplate":"https:\/\/www.iplay.com\/en\/?s={search_term_string}"},"query-input":{"@type":"PropertyValueSpecification","valueRequired":true,"valueName":"search_term_string"}}],"inLanguage":"fr-FR"},{"@type":"Organization","@id":"https:\/\/www.iplay.com\/en\/#organization","name":"IPlay","url":"https:\/\/www.iplay.com\/en\/","logo":{"@type":"ImageObject","inLanguage":"fr-FR","@id":"https:\/\/www.iplay.com\/en\/#\/schema\/logo\/image\/","url":"https:\/\/www.iplay.com\/wp-content\/uploads\/2023\/11\/Group-6100.svg","contentUrl":"https:\/\/www.iplay.com\/wp-content\/uploads\/2023\/11\/Group-6100.svg","width":98,"height":25,"caption":"IPlay"},"image":{"@id":"https:\/\/www.iplay.com\/en\/#\/schema\/logo\/image\/"}}]}},"_links":{"self":[{"href":"https:\/\/www.iplay.com\/fr\/wp-json\/wp\/v2\/product\/144333","targetHints":{"allow":["GET"]}}],"collection":[{"href":"https:\/\/www.iplay.com\/fr\/wp-json\/wp\/v2\/product"}],"about":[{"href":"https:\/\/www.iplay.com\/fr\/wp-json\/wp\/v2\/types\/product"}],"author":[{"embeddable":true,"href":"https:\/\/www.iplay.com\/fr\/wp-json\/wp\/v2\/users\/325"}],"replies":[{"embeddable":true,"href":"https:\/\/www.iplay.com\/fr\/wp-json\/wp\/v2\/comments?post=144333"}],"wp:featuredmedia":[{"embeddable":true,"href":"https:\/\/www.iplay.com\/fr\/wp-json\/wp\/v2\/media\/144171"}],"wp:attachment":[{"href":"https:\/\/www.iplay.com\/fr\/wp-json\/wp\/v2\/media?parent=144333"}],"wp:term":[{"taxonomy":"product_brand","embeddable":true,"href":"https:\/\/www.iplay.com\/fr\/wp-json\/wp\/v2\/product_brand?post=144333"},{"taxonomy":"product_cat","embeddable":true,"href":"https:\/\/www.iplay.com\/fr\/wp-json\/wp\/v2\/product_cat?post=144333"},{"taxonomy":"product_tag","embeddable":true,"href":"https:\/\/www.iplay.com\/fr\/wp-json\/wp\/v2\/product_tag?post=144333"}],"curies":[{"name":"wp","href":"https:\/\/api.w.org\/{rel}","templated":true}]}}