{"id":143806,"date":"2025-09-12T08:30:11","date_gmt":"2025-09-12T08:30:11","guid":{"rendered":"https:\/\/www.iplay.com\/?post_type=product&p=143806"},"modified":"2025-09-10T11:30:58","modified_gmt":"2025-09-10T11:30:58","slug":"block-rush-3","status":"publish","type":"product","link":"https:\/\/www.iplay.com\/fr\/games\/block-rush-3\/","title":{"rendered":"Block Rush 3"},"content":{"rendered":"<p class=\"ai-optimize-29 ai-optimize-introduction\">Block Rush 3 est un jeu de puzzle amusant qui teste vos capacit\u00e9s de r\u00e9flexion et de planification. C\u2019est plein de couleurs et de plaisir. Placez les blocs aux bons endroits, d\u00e9gagez des lignes pour obtenir des points et utilisez des combos puissants pour prendre le contr\u00f4le du plateau. Chaque mouvement compte car il y a 150 niveaux amusants, 10 puzzles suppl\u00e9mentaires et de nombreux types de blocs diff\u00e9rents.   <\/p>\n<p class=\"ai-optimize-29 ai-optimize-introduction\">L\u2019environnement anim\u00e9 et la difficult\u00e9 croissante rendent le jeu int\u00e9ressant et amusant pour les joueurs occasionnels et les ma\u00eetres des puzzles. Faites travailler votre cerveau, d\u00e9tendez vos sens et amusez-vous pendant des heures. <\/p>\n<p class=\"ai-optimize-29 ai-optimize-introduction\">Block Rush 3 est le meilleur m\u00e9lange de strat\u00e9gie, de cr\u00e9ativit\u00e9 et de plaisir !<\/p>\n<p>&nbsp;<\/p>\n<p class=\"ai-optimize-30\"><strong>Fonctionnalit\u00e9s<\/strong><\/p>\n<ul>\n<li class=\"ai-optimize-31\">Diff\u00e9rents types de blocs pour ajouter de la diversit\u00e9 \u00e0 votre strat\u00e9gie !<\/li>\n<li class=\"ai-optimize-31\">150 niveaux difficiles \u00e0 battre !<\/li>\n<li class=\"ai-optimize-31\">10 puzzles suppl\u00e9mentaires pour le rendre encore plus agr\u00e9able !<\/li>\n<li class=\"ai-optimize-31\">Des arri\u00e8re-plans qui bougent et donnent vie au jeu !<\/li>\n<li class=\"ai-optimize-31\">Amusant \u00e0 jouer, mais bon pour votre cerveau !<\/li>\n<\/ul>\n","protected":false},"excerpt":{"rendered":"<p>Block Rush 3 est une aventure de puzzle de blocs au rythme effr\u00e9n\u00e9, remplie de d\u00e9fis innovants qui vous tiendront en haleine.<\/p>\n","protected":false},"author":21,"featured_media":143688,"comment_status":"open","ping_status":"closed","template":"","meta":{"_acf_changed":false,"inline_featured_image":false},"product_brand":[],"product_cat":[193],"product_tag":[287],"class_list":{"0":"post-143806","1":"product","2":"type-product","3":"status-publish","4":"has-post-thumbnail","6":"product_cat-puzzle-fr","7":"product_tag-play-on-pc-fr","9":"first","10":"instock","11":"shipping-taxable","12":"purchasable","13":"product-type-simple"},"acf":[],"yoast_head":"<!-- This site is optimized with the Yoast SEO Premium plugin v25.2 (Yoast SEO v25.2) - https:\/\/yoast.com\/wordpress\/plugins\/seo\/ -->\n<title>Block Rush 3 : Amusez-vous avec un jeu de puzzle au rythme effr\u00e9n\u00e9<\/title>\n<meta name=\"description\" content=\"Block Rush 3 est une aventure de puzzle de blocs au rythme effr\u00e9n\u00e9, remplie de d\u00e9fis innovants qui vous tiendront en haleine.\" \/>\n<meta name=\"robots\" content=\"index, follow, max-snippet:-1, max-image-preview:large, max-video-preview:-1\" \/>\n<link rel=\"canonical\" href=\"https:\/\/www.iplay.com\/en\/games\/block-rush-3\/\" \/>\n<meta property=\"og:locale\" content=\"fr_FR\" \/>\n<meta property=\"og:type\" content=\"article\" \/>\n<meta property=\"og:title\" content=\"Block Rush 3\" \/>\n<meta property=\"og:description\" content=\"Block Rush 3 est une aventure de puzzle de blocs au rythme effr\u00e9n\u00e9, remplie de d\u00e9fis innovants qui vous tiendront en haleine.\" \/>\n<meta property=\"og:url\" content=\"https:\/\/www.iplay.com\/en\/games\/block-rush-3\/\" \/>\n<meta property=\"og:site_name\" content=\"IPlay\" \/>\n<meta property=\"og:image\" content=\"https:\/\/www.iplay.com\/wp-content\/uploads\/2025\/09\/block_rush_3_large_video_screenshot.webp\" \/>\n\t<meta property=\"og:image:width\" content=\"715\" \/>\n\t<meta property=\"og:image:height\" content=\"485\" \/>\n\t<meta property=\"og:image:type\" content=\"image\/webp\" \/>\n<meta name=\"twitter:card\" content=\"summary_large_image\" \/>\n<meta name=\"twitter:label1\" content=\"Dur\u00e9e de lecture estim\u00e9e\" \/>\n\t<meta name=\"twitter:data1\" content=\"1 minute\" \/>\n<script type=\"application\/ld+json\" class=\"yoast-schema-graph\">{\"@context\":\"https:\/\/schema.org\",\"@graph\":[{\"@type\":\"WebPage\",\"@id\":\"https:\/\/www.iplay.com\/en\/games\/block-rush-3\/\",\"url\":\"https:\/\/www.iplay.com\/en\/games\/block-rush-3\/\",\"name\":\"Block Rush 3 : Amusez-vous avec un jeu de puzzle au rythme effr\u00e9n\u00e9\",\"isPartOf\":{\"@id\":\"https:\/\/www.iplay.com\/en\/#website\"},\"primaryImageOfPage\":{\"@id\":\"https:\/\/www.iplay.com\/en\/games\/block-rush-3\/#primaryimage\"},\"image\":{\"@id\":\"https:\/\/www.iplay.com\/en\/games\/block-rush-3\/#primaryimage\"},\"thumbnailUrl\":\"https:\/\/www.iplay.com\/wp-content\/uploads\/2025\/09\/block_rush_3_large_square_tile_image.webp\",\"datePublished\":\"2025-09-12T08:30:11+00:00\",\"description\":\"Block Rush 3 est une aventure de puzzle de blocs au rythme effr\u00e9n\u00e9, remplie de d\u00e9fis innovants qui vous tiendront en haleine.\",\"breadcrumb\":{\"@id\":\"https:\/\/www.iplay.com\/en\/games\/block-rush-3\/#breadcrumb\"},\"inLanguage\":\"fr-FR\",\"potentialAction\":[{\"@type\":\"ReadAction\",\"target\":[\"https:\/\/www.iplay.com\/en\/games\/block-rush-3\/\"]}]},{\"@type\":\"ImageObject\",\"inLanguage\":\"fr-FR\",\"@id\":\"https:\/\/www.iplay.com\/en\/games\/block-rush-3\/#primaryimage\",\"url\":\"https:\/\/www.iplay.com\/wp-content\/uploads\/2025\/09\/block_rush_3_large_square_tile_image.webp\",\"contentUrl\":\"https:\/\/www.iplay.com\/wp-content\/uploads\/2025\/09\/block_rush_3_large_square_tile_image.webp\",\"width\":310,\"height\":310},{\"@type\":\"BreadcrumbList\",\"@id\":\"https:\/\/www.iplay.com\/en\/games\/block-rush-3\/#breadcrumb\",\"itemListElement\":[{\"@type\":\"ListItem\",\"position\":1,\"name\":\"Home\",\"item\":\"https:\/\/www.iplay.com\/fr\/home-page-2\/\"},{\"@type\":\"ListItem\",\"position\":2,\"name\":\"Shop\",\"item\":\"https:\/\/www.iplay.com\/en\/shop\/\"},{\"@type\":\"ListItem\",\"position\":3,\"name\":\"Block Rush 3\"}]},{\"@type\":\"WebSite\",\"@id\":\"https:\/\/www.iplay.com\/en\/#website\",\"url\":\"https:\/\/www.iplay.com\/en\/\",\"name\":\"IPlay\",\"description\":\"The Best Casual Games!\",\"publisher\":{\"@id\":\"https:\/\/www.iplay.com\/en\/#organization\"},\"potentialAction\":[{\"@type\":\"SearchAction\",\"target\":{\"@type\":\"EntryPoint\",\"urlTemplate\":\"https:\/\/www.iplay.com\/en\/?s={search_term_string}\"},\"query-input\":{\"@type\":\"PropertyValueSpecification\",\"valueRequired\":true,\"valueName\":\"search_term_string\"}}],\"inLanguage\":\"fr-FR\"},{\"@type\":\"Organization\",\"@id\":\"https:\/\/www.iplay.com\/en\/#organization\",\"name\":\"IPlay\",\"url\":\"https:\/\/www.iplay.com\/en\/\",\"logo\":{\"@type\":\"ImageObject\",\"inLanguage\":\"fr-FR\",\"@id\":\"https:\/\/www.iplay.com\/en\/#\/schema\/logo\/image\/\",\"url\":\"https:\/\/www.iplay.com\/wp-content\/uploads\/2023\/11\/Group-6100.svg\",\"contentUrl\":\"https:\/\/www.iplay.com\/wp-content\/uploads\/2023\/11\/Group-6100.svg\",\"width\":98,\"height\":25,\"caption\":\"IPlay\"},\"image\":{\"@id\":\"https:\/\/www.iplay.com\/en\/#\/schema\/logo\/image\/\"}}]}<\/script>\n<!-- \/ Yoast SEO Premium plugin. -->","yoast_head_json":{"title":"Block Rush 3 : Amusez-vous avec un jeu de puzzle au rythme effr\u00e9n\u00e9","description":"Block Rush 3 est une aventure de puzzle de blocs au rythme effr\u00e9n\u00e9, remplie de d\u00e9fis innovants qui vous tiendront en haleine.","robots":{"index":"index","follow":"follow","max-snippet":"max-snippet:-1","max-image-preview":"max-image-preview:large","max-video-preview":"max-video-preview:-1"},"canonical":"https:\/\/www.iplay.com\/en\/games\/block-rush-3\/","og_locale":"fr_FR","og_type":"article","og_title":"Block Rush 3","og_description":"Block Rush 3 est une aventure de puzzle de blocs au rythme effr\u00e9n\u00e9, remplie de d\u00e9fis innovants qui vous tiendront en haleine.","og_url":"https:\/\/www.iplay.com\/en\/games\/block-rush-3\/","og_site_name":"IPlay","og_image":[{"width":715,"height":485,"url":"https:\/\/www.iplay.com\/wp-content\/uploads\/2025\/09\/block_rush_3_large_video_screenshot.webp","type":"image\/webp"}],"twitter_card":"summary_large_image","twitter_misc":{"Dur\u00e9e de lecture estim\u00e9e":"1 minute"},"schema":{"@context":"https:\/\/schema.org","@graph":[{"@type":"WebPage","@id":"https:\/\/www.iplay.com\/en\/games\/block-rush-3\/","url":"https:\/\/www.iplay.com\/en\/games\/block-rush-3\/","name":"Block Rush 3 : Amusez-vous avec un jeu de puzzle au rythme effr\u00e9n\u00e9","isPartOf":{"@id":"https:\/\/www.iplay.com\/en\/#website"},"primaryImageOfPage":{"@id":"https:\/\/www.iplay.com\/en\/games\/block-rush-3\/#primaryimage"},"image":{"@id":"https:\/\/www.iplay.com\/en\/games\/block-rush-3\/#primaryimage"},"thumbnailUrl":"https:\/\/www.iplay.com\/wp-content\/uploads\/2025\/09\/block_rush_3_large_square_tile_image.webp","datePublished":"2025-09-12T08:30:11+00:00","description":"Block Rush 3 est une aventure de puzzle de blocs au rythme effr\u00e9n\u00e9, remplie de d\u00e9fis innovants qui vous tiendront en haleine.","breadcrumb":{"@id":"https:\/\/www.iplay.com\/en\/games\/block-rush-3\/#breadcrumb"},"inLanguage":"fr-FR","potentialAction":[{"@type":"ReadAction","target":["https:\/\/www.iplay.com\/en\/games\/block-rush-3\/"]}]},{"@type":"ImageObject","inLanguage":"fr-FR","@id":"https:\/\/www.iplay.com\/en\/games\/block-rush-3\/#primaryimage","url":"https:\/\/www.iplay.com\/wp-content\/uploads\/2025\/09\/block_rush_3_large_square_tile_image.webp","contentUrl":"https:\/\/www.iplay.com\/wp-content\/uploads\/2025\/09\/block_rush_3_large_square_tile_image.webp","width":310,"height":310},{"@type":"BreadcrumbList","@id":"https:\/\/www.iplay.com\/en\/games\/block-rush-3\/#breadcrumb","itemListElement":[{"@type":"ListItem","position":1,"name":"Home","item":"https:\/\/www.iplay.com\/fr\/home-page-2\/"},{"@type":"ListItem","position":2,"name":"Shop","item":"https:\/\/www.iplay.com\/en\/shop\/"},{"@type":"ListItem","position":3,"name":"Block Rush 3"}]},{"@type":"WebSite","@id":"https:\/\/www.iplay.com\/en\/#website","url":"https:\/\/www.iplay.com\/en\/","name":"IPlay","description":"The Best Casual Games!","publisher":{"@id":"https:\/\/www.iplay.com\/en\/#organization"},"potentialAction":[{"@type":"SearchAction","target":{"@type":"EntryPoint","urlTemplate":"https:\/\/www.iplay.com\/en\/?s={search_term_string}"},"query-input":{"@type":"PropertyValueSpecification","valueRequired":true,"valueName":"search_term_string"}}],"inLanguage":"fr-FR"},{"@type":"Organization","@id":"https:\/\/www.iplay.com\/en\/#organization","name":"IPlay","url":"https:\/\/www.iplay.com\/en\/","logo":{"@type":"ImageObject","inLanguage":"fr-FR","@id":"https:\/\/www.iplay.com\/en\/#\/schema\/logo\/image\/","url":"https:\/\/www.iplay.com\/wp-content\/uploads\/2023\/11\/Group-6100.svg","contentUrl":"https:\/\/www.iplay.com\/wp-content\/uploads\/2023\/11\/Group-6100.svg","width":98,"height":25,"caption":"IPlay"},"image":{"@id":"https:\/\/www.iplay.com\/en\/#\/schema\/logo\/image\/"}}]}},"_links":{"self":[{"href":"https:\/\/www.iplay.com\/fr\/wp-json\/wp\/v2\/product\/143806","targetHints":{"allow":["GET"]}}],"collection":[{"href":"https:\/\/www.iplay.com\/fr\/wp-json\/wp\/v2\/product"}],"about":[{"href":"https:\/\/www.iplay.com\/fr\/wp-json\/wp\/v2\/types\/product"}],"author":[{"embeddable":true,"href":"https:\/\/www.iplay.com\/fr\/wp-json\/wp\/v2\/users\/21"}],"replies":[{"embeddable":true,"href":"https:\/\/www.iplay.com\/fr\/wp-json\/wp\/v2\/comments?post=143806"}],"wp:featuredmedia":[{"embeddable":true,"href":"https:\/\/www.iplay.com\/fr\/wp-json\/wp\/v2\/media\/143688"}],"wp:attachment":[{"href":"https:\/\/www.iplay.com\/fr\/wp-json\/wp\/v2\/media?parent=143806"}],"wp:term":[{"taxonomy":"product_brand","embeddable":true,"href":"https:\/\/www.iplay.com\/fr\/wp-json\/wp\/v2\/product_brand?post=143806"},{"taxonomy":"product_cat","embeddable":true,"href":"https:\/\/www.iplay.com\/fr\/wp-json\/wp\/v2\/product_cat?post=143806"},{"taxonomy":"product_tag","embeddable":true,"href":"https:\/\/www.iplay.com\/fr\/wp-json\/wp\/v2\/product_tag?post=143806"}],"curies":[{"name":"wp","href":"https:\/\/api.w.org\/{rel}","templated":true}]}}