{"id":143524,"date":"2017-11-21T00:00:01","date_gmt":"2017-11-21T00:00:01","guid":{"rendered":"https:\/\/www.iplay.com\/games\/holiday-jigsaw-thanksgiving-day-3\/"},"modified":"2017-11-21T00:00:01","modified_gmt":"2017-11-21T00:00:01","slug":"holiday-jigsaw-thanksgiving-day-3","status":"publish","type":"product","link":"https:\/\/www.iplay.com\/fr\/games\/holiday-jigsaw-thanksgiving-day-3\/","title":{"rendered":"Holiday Jigsaw Thanksgiving Day 3"},"content":{"rendered":"<p>(fort&gt;)Le jour 3 du Holiday Jigsaw Thanksgiving est un tout nouveau jeu de puzzle consacr\u00e9 aux coutumes de cette occasion incroyable. Assemblez de grands casse-t\u00eate pr\u00e9sentant des images de la r\u00e9colte, de l\u2019automne et des week-ends agr\u00e9ables pass\u00e9s avec vos proches. Un ensemble de cinq cents photos vibrantes et de haute qualit\u00e9 est le cadeau id\u00e9al pour le jour de Thanksgiving !  <\/p>\n<p>&nbsp;<\/p>\n<p>De nombreuses soir\u00e9es amusantes vous attendent avec 5 collections th\u00e9matiques compl\u00e8tes de puzzles color\u00e9s : des id\u00e9es de d\u00e9coration pour les f\u00eates, des paysages d\u2019automne \u00e9poustouflants, des images de famille r\u00e9confortantes, une cuisine traditionnelle et une beaut\u00e9 mystique au plus fort de la r\u00e9colte. Cet automne, vous n\u2019aurez pas \u00e0 vous ennuyer ! En cette p\u00e9riode des f\u00eates, plongez dans une atmosph\u00e8re joyeuse et familiale avec le tout nouveau <strong>Holiday Jigsaw Thanksgiving Day 3<\/strong> !  <\/p>\n<p>&nbsp;<\/p>\n<p>&nbsp;<\/p>\n<p><strong>Fonctionnalit\u00e9s:<\/strong><\/p>\n<p>&nbsp;<\/p>\n<p>&#8211; Cinq cents photos originales de haute qualit\u00e9<\/p>\n<p>&#8211; Un gameplay bien con\u00e7u avec une loupe, un outil de tri et des suggestions utiles<\/p>\n<p>&#8211; Conceptions individualis\u00e9es des composants avec rotation<\/p>\n<p>&#8211; Sauvegardez votre progression dans le jeu et r\u00e9cup\u00e9rez le puzzle quand vous le souhaitez.<\/p>\n<p>&#8211; Des activit\u00e9s et des r\u00e9compenses vibrantes pour les amateurs de sensations fortes<\/p>\n","protected":false},"excerpt":{"rendered":"<p>Jouez \u00e0 Holiday Jigsaw pour comm\u00e9morer ce Thanksgiving !<\/p>\n","protected":false},"author":13,"featured_media":98146,"comment_status":"open","ping_status":"closed","template":"","meta":{"_acf_changed":false,"inline_featured_image":false},"product_brand":[],"product_cat":[169],"product_tag":[287],"class_list":{"0":"post-143524","1":"product","2":"type-product","3":"status-publish","4":"has-post-thumbnail","6":"product_cat-jigsaw-fr","7":"product_tag-play-on-pc-fr","9":"first","10":"instock","11":"shipping-taxable","12":"purchasable","13":"product-type-simple"},"acf":[],"yoast_head":"<!-- This site is optimized with the Yoast SEO Premium plugin v25.2 (Yoast SEO v25.2) - https:\/\/yoast.com\/wordpress\/plugins\/seo\/ -->\n<title>Holiday Jigsaw Thanksgiving Jour 3 - C\u00e9l\u00e9brez Thanksgiving avec de d\u00e9licieux puzzles de vacances<\/title>\n<meta name=\"robots\" content=\"index, follow, max-snippet:-1, max-image-preview:large, max-video-preview:-1\" \/>\n<link rel=\"canonical\" href=\"https:\/\/www.iplay.com\/fr\/games\/holiday-jigsaw-thanksgiving-day-3\/\" \/>\n<meta property=\"og:locale\" content=\"fr_FR\" \/>\n<meta property=\"og:type\" content=\"article\" \/>\n<meta property=\"og:title\" content=\"Holiday Jigsaw Thanksgiving Day 3\" \/>\n<meta property=\"og:url\" content=\"https:\/\/www.iplay.com\/fr\/games\/holiday-jigsaw-thanksgiving-day-3\/\" \/>\n<meta property=\"og:site_name\" content=\"IPlay\" \/>\n<meta property=\"og:image\" content=\"https:\/\/www.iplay.com\/wp-content\/uploads\/2023\/12\/large_square_tile_image-3642.jpg\" \/>\n\t<meta property=\"og:image:width\" content=\"310\" \/>\n\t<meta property=\"og:image:height\" content=\"310\" \/>\n\t<meta property=\"og:image:type\" content=\"image\/jpeg\" \/>\n<meta name=\"twitter:card\" content=\"summary_large_image\" \/>\n<meta name=\"twitter:label1\" content=\"Dur\u00e9e de lecture estim\u00e9e\" \/>\n\t<meta name=\"twitter:data1\" content=\"1 minute\" \/>\n<script type=\"application\/ld+json\" class=\"yoast-schema-graph\">{\"@context\":\"https:\/\/schema.org\",\"@graph\":[{\"@type\":\"WebPage\",\"@id\":\"https:\/\/www.iplay.com\/fr\/games\/holiday-jigsaw-thanksgiving-day-3\/\",\"url\":\"https:\/\/www.iplay.com\/fr\/games\/holiday-jigsaw-thanksgiving-day-3\/\",\"name\":\"Holiday Jigsaw Thanksgiving Jour 3 - C\u00e9l\u00e9brez Thanksgiving avec de d\u00e9licieux puzzles de vacances\",\"isPartOf\":{\"@id\":\"https:\/\/www.iplay.com\/en\/#website\"},\"primaryImageOfPage\":{\"@id\":\"https:\/\/www.iplay.com\/fr\/games\/holiday-jigsaw-thanksgiving-day-3\/#primaryimage\"},\"image\":{\"@id\":\"https:\/\/www.iplay.com\/fr\/games\/holiday-jigsaw-thanksgiving-day-3\/#primaryimage\"},\"thumbnailUrl\":\"https:\/\/www.iplay.com\/wp-content\/uploads\/2023\/12\/large_square_tile_image-3642.jpg\",\"datePublished\":\"2017-11-21T00:00:01+00:00\",\"breadcrumb\":{\"@id\":\"https:\/\/www.iplay.com\/fr\/games\/holiday-jigsaw-thanksgiving-day-3\/#breadcrumb\"},\"inLanguage\":\"fr-FR\",\"potentialAction\":[{\"@type\":\"ReadAction\",\"target\":[\"https:\/\/www.iplay.com\/fr\/games\/holiday-jigsaw-thanksgiving-day-3\/\"]}]},{\"@type\":\"ImageObject\",\"inLanguage\":\"fr-FR\",\"@id\":\"https:\/\/www.iplay.com\/fr\/games\/holiday-jigsaw-thanksgiving-day-3\/#primaryimage\",\"url\":\"https:\/\/www.iplay.com\/wp-content\/uploads\/2023\/12\/large_square_tile_image-3642.jpg\",\"contentUrl\":\"https:\/\/www.iplay.com\/wp-content\/uploads\/2023\/12\/large_square_tile_image-3642.jpg\",\"width\":310,\"height\":310},{\"@type\":\"BreadcrumbList\",\"@id\":\"https:\/\/www.iplay.com\/fr\/games\/holiday-jigsaw-thanksgiving-day-3\/#breadcrumb\",\"itemListElement\":[{\"@type\":\"ListItem\",\"position\":1,\"name\":\"Home\",\"item\":\"https:\/\/www.iplay.com\/fr\/home-page-2\/\"},{\"@type\":\"ListItem\",\"position\":2,\"name\":\"Shop\",\"item\":\"https:\/\/www.iplay.com\/en\/shop\/\"},{\"@type\":\"ListItem\",\"position\":3,\"name\":\"Holiday Jigsaw Thanksgiving Day 3\"}]},{\"@type\":\"WebSite\",\"@id\":\"https:\/\/www.iplay.com\/en\/#website\",\"url\":\"https:\/\/www.iplay.com\/en\/\",\"name\":\"IPlay\",\"description\":\"The Best Casual Games!\",\"publisher\":{\"@id\":\"https:\/\/www.iplay.com\/en\/#organization\"},\"potentialAction\":[{\"@type\":\"SearchAction\",\"target\":{\"@type\":\"EntryPoint\",\"urlTemplate\":\"https:\/\/www.iplay.com\/en\/?s={search_term_string}\"},\"query-input\":{\"@type\":\"PropertyValueSpecification\",\"valueRequired\":true,\"valueName\":\"search_term_string\"}}],\"inLanguage\":\"fr-FR\"},{\"@type\":\"Organization\",\"@id\":\"https:\/\/www.iplay.com\/en\/#organization\",\"name\":\"IPlay\",\"url\":\"https:\/\/www.iplay.com\/en\/\",\"logo\":{\"@type\":\"ImageObject\",\"inLanguage\":\"fr-FR\",\"@id\":\"https:\/\/www.iplay.com\/en\/#\/schema\/logo\/image\/\",\"url\":\"https:\/\/www.iplay.com\/wp-content\/uploads\/2023\/11\/Group-6100.svg\",\"contentUrl\":\"https:\/\/www.iplay.com\/wp-content\/uploads\/2023\/11\/Group-6100.svg\",\"width\":98,\"height\":25,\"caption\":\"IPlay\"},\"image\":{\"@id\":\"https:\/\/www.iplay.com\/en\/#\/schema\/logo\/image\/\"}}]}<\/script>\n<!-- \/ Yoast SEO Premium plugin. -->","yoast_head_json":{"title":"Holiday Jigsaw Thanksgiving Jour 3 - C\u00e9l\u00e9brez Thanksgiving avec de d\u00e9licieux puzzles de vacances","robots":{"index":"index","follow":"follow","max-snippet":"max-snippet:-1","max-image-preview":"max-image-preview:large","max-video-preview":"max-video-preview:-1"},"canonical":"https:\/\/www.iplay.com\/fr\/games\/holiday-jigsaw-thanksgiving-day-3\/","og_locale":"fr_FR","og_type":"article","og_title":"Holiday Jigsaw Thanksgiving Day 3","og_url":"https:\/\/www.iplay.com\/fr\/games\/holiday-jigsaw-thanksgiving-day-3\/","og_site_name":"IPlay","og_image":[{"width":310,"height":310,"url":"https:\/\/www.iplay.com\/wp-content\/uploads\/2023\/12\/large_square_tile_image-3642.jpg","type":"image\/jpeg"}],"twitter_card":"summary_large_image","twitter_misc":{"Dur\u00e9e de lecture estim\u00e9e":"1 minute"},"schema":{"@context":"https:\/\/schema.org","@graph":[{"@type":"WebPage","@id":"https:\/\/www.iplay.com\/fr\/games\/holiday-jigsaw-thanksgiving-day-3\/","url":"https:\/\/www.iplay.com\/fr\/games\/holiday-jigsaw-thanksgiving-day-3\/","name":"Holiday Jigsaw Thanksgiving Jour 3 - C\u00e9l\u00e9brez Thanksgiving avec de d\u00e9licieux puzzles de vacances","isPartOf":{"@id":"https:\/\/www.iplay.com\/en\/#website"},"primaryImageOfPage":{"@id":"https:\/\/www.iplay.com\/fr\/games\/holiday-jigsaw-thanksgiving-day-3\/#primaryimage"},"image":{"@id":"https:\/\/www.iplay.com\/fr\/games\/holiday-jigsaw-thanksgiving-day-3\/#primaryimage"},"thumbnailUrl":"https:\/\/www.iplay.com\/wp-content\/uploads\/2023\/12\/large_square_tile_image-3642.jpg","datePublished":"2017-11-21T00:00:01+00:00","breadcrumb":{"@id":"https:\/\/www.iplay.com\/fr\/games\/holiday-jigsaw-thanksgiving-day-3\/#breadcrumb"},"inLanguage":"fr-FR","potentialAction":[{"@type":"ReadAction","target":["https:\/\/www.iplay.com\/fr\/games\/holiday-jigsaw-thanksgiving-day-3\/"]}]},{"@type":"ImageObject","inLanguage":"fr-FR","@id":"https:\/\/www.iplay.com\/fr\/games\/holiday-jigsaw-thanksgiving-day-3\/#primaryimage","url":"https:\/\/www.iplay.com\/wp-content\/uploads\/2023\/12\/large_square_tile_image-3642.jpg","contentUrl":"https:\/\/www.iplay.com\/wp-content\/uploads\/2023\/12\/large_square_tile_image-3642.jpg","width":310,"height":310},{"@type":"BreadcrumbList","@id":"https:\/\/www.iplay.com\/fr\/games\/holiday-jigsaw-thanksgiving-day-3\/#breadcrumb","itemListElement":[{"@type":"ListItem","position":1,"name":"Home","item":"https:\/\/www.iplay.com\/fr\/home-page-2\/"},{"@type":"ListItem","position":2,"name":"Shop","item":"https:\/\/www.iplay.com\/en\/shop\/"},{"@type":"ListItem","position":3,"name":"Holiday Jigsaw Thanksgiving Day 3"}]},{"@type":"WebSite","@id":"https:\/\/www.iplay.com\/en\/#website","url":"https:\/\/www.iplay.com\/en\/","name":"IPlay","description":"The Best Casual Games!","publisher":{"@id":"https:\/\/www.iplay.com\/en\/#organization"},"potentialAction":[{"@type":"SearchAction","target":{"@type":"EntryPoint","urlTemplate":"https:\/\/www.iplay.com\/en\/?s={search_term_string}"},"query-input":{"@type":"PropertyValueSpecification","valueRequired":true,"valueName":"search_term_string"}}],"inLanguage":"fr-FR"},{"@type":"Organization","@id":"https:\/\/www.iplay.com\/en\/#organization","name":"IPlay","url":"https:\/\/www.iplay.com\/en\/","logo":{"@type":"ImageObject","inLanguage":"fr-FR","@id":"https:\/\/www.iplay.com\/en\/#\/schema\/logo\/image\/","url":"https:\/\/www.iplay.com\/wp-content\/uploads\/2023\/11\/Group-6100.svg","contentUrl":"https:\/\/www.iplay.com\/wp-content\/uploads\/2023\/11\/Group-6100.svg","width":98,"height":25,"caption":"IPlay"},"image":{"@id":"https:\/\/www.iplay.com\/en\/#\/schema\/logo\/image\/"}}]}},"_links":{"self":[{"href":"https:\/\/www.iplay.com\/fr\/wp-json\/wp\/v2\/product\/143524","targetHints":{"allow":["GET"]}}],"collection":[{"href":"https:\/\/www.iplay.com\/fr\/wp-json\/wp\/v2\/product"}],"about":[{"href":"https:\/\/www.iplay.com\/fr\/wp-json\/wp\/v2\/types\/product"}],"author":[{"embeddable":true,"href":"https:\/\/www.iplay.com\/fr\/wp-json\/wp\/v2\/users\/13"}],"replies":[{"embeddable":true,"href":"https:\/\/www.iplay.com\/fr\/wp-json\/wp\/v2\/comments?post=143524"}],"wp:featuredmedia":[{"embeddable":true,"href":"https:\/\/www.iplay.com\/fr\/wp-json\/wp\/v2\/media\/98146"}],"wp:attachment":[{"href":"https:\/\/www.iplay.com\/fr\/wp-json\/wp\/v2\/media?parent=143524"}],"wp:term":[{"taxonomy":"product_brand","embeddable":true,"href":"https:\/\/www.iplay.com\/fr\/wp-json\/wp\/v2\/product_brand?post=143524"},{"taxonomy":"product_cat","embeddable":true,"href":"https:\/\/www.iplay.com\/fr\/wp-json\/wp\/v2\/product_cat?post=143524"},{"taxonomy":"product_tag","embeddable":true,"href":"https:\/\/www.iplay.com\/fr\/wp-json\/wp\/v2\/product_tag?post=143524"}],"curies":[{"name":"wp","href":"https:\/\/api.w.org\/{rel}","templated":true}]}}