{"id":143371,"date":"2017-10-02T00:00:00","date_gmt":"2017-10-02T00:00:00","guid":{"rendered":"https:\/\/www.iplay.com\/games\/fairytale-mosaics-beauty-and-the-beast-2\/"},"modified":"2017-10-02T00:00:00","modified_gmt":"2017-10-02T00:00:00","slug":"fairytale-mosaics-beauty-and-the-beast-2","status":"publish","type":"product","link":"https:\/\/www.iplay.com\/fr\/games\/fairytale-mosaics-beauty-and-the-beast-2\/","title":{"rendered":"Fairytale Mosaics Beauty And The Beast 2"},"content":{"rendered":"<p>Ensemble, pr\u00e9parez-vous \u00e0 embarquer pour un voyage incroyable dans le tout nouveau jeu Fairytale Mosaics Beauty and the Beast 2 ! Un p\u00e9tale apr\u00e8s l\u2019autre tombe de la rose magique ! Pouvez-vous restaurer la grandeur du royaume et sauver le prince \u00e0 temps ?  <\/p>\n<p>&nbsp;<\/p>\n<p><strong>Fonctionnalit\u00e9s:<\/strong><\/p>\n<p>&nbsp;<\/p>\n<p>&#8211; Aidez \u00e0 la transformation de la B\u00eate en prince !<br \/>\n&#8211; Des \u00e9nigmes magiques r\u00e9volutionnaires !<br \/>\n&#8211; 120 mosa\u00efques enchanteresses avec six d\u00e9fis distincts, ainsi que des missions et des troph\u00e9es uniques, offrent une exp\u00e9rience de jeu agr\u00e9able aux joueurs de tous \u00e2ges !<br \/>\n&#8211; Utilisez des bonus pour progresser dans les rangs.<br \/>\n&#8211; Collectez autant de cl\u00e9s que possible pour relever de nouveaux d\u00e9fis.<\/p>\n","protected":false},"excerpt":{"rendered":"<p>Un p\u00e9tale apr\u00e8s l\u2019autre tombe de la rose magique &#8211; Pouvez-vous restaurer la grandeur du royaume et sauver le prince \u00e0 temps ?<\/p>\n","protected":false},"author":13,"featured_media":88324,"comment_status":"open","ping_status":"closed","template":"","meta":{"_acf_changed":false,"inline_featured_image":false},"product_brand":[],"product_cat":[193],"product_tag":[],"class_list":{"0":"post-143371","1":"product","2":"type-product","3":"status-publish","4":"has-post-thumbnail","6":"product_cat-puzzle-fr","8":"first","9":"instock","10":"shipping-taxable","11":"purchasable","12":"product-type-simple"},"acf":[],"yoast_head":"<!-- This site is optimized with the Yoast SEO Premium plugin v25.2 (Yoast SEO v25.2) - https:\/\/yoast.com\/wordpress\/plugins\/seo\/ -->\n<title>Mosa\u00efques de contes de f\u00e9es La Belle et la B\u00eate 2 - D\u00e9collez dans les mosa\u00efques de contes de f\u00e9es La Belle et la B\u00eate 2<\/title>\n<meta name=\"description\" content=\"Un p\u00e9tale apr\u00e8s l\u2019autre tombe de la rose magique - Pouvez-vous restaurer la grandeur du royaume et sauver le prince \u00e0 temps ?\" \/>\n<meta name=\"robots\" content=\"index, follow, max-snippet:-1, max-image-preview:large, max-video-preview:-1\" \/>\n<link rel=\"canonical\" href=\"https:\/\/www.iplay.com\/fr\/games\/fairytale-mosaics-beauty-and-the-beast-2\/\" \/>\n<meta property=\"og:locale\" content=\"fr_FR\" \/>\n<meta property=\"og:type\" content=\"article\" \/>\n<meta property=\"og:title\" content=\"Fairytale Mosaics Beauty And The Beast 2\" \/>\n<meta property=\"og:description\" content=\"Un p\u00e9tale apr\u00e8s l\u2019autre tombe de la rose magique - Pouvez-vous restaurer la grandeur du royaume et sauver le prince \u00e0 temps ?\" \/>\n<meta property=\"og:url\" content=\"https:\/\/www.iplay.com\/fr\/games\/fairytale-mosaics-beauty-and-the-beast-2\/\" \/>\n<meta property=\"og:site_name\" content=\"IPlay\" \/>\n<meta property=\"og:image\" content=\"https:\/\/www.iplay.com\/wp-content\/uploads\/2023\/12\/large_square_tile_image-3032.jpg\" \/>\n\t<meta property=\"og:image:width\" content=\"310\" \/>\n\t<meta property=\"og:image:height\" content=\"310\" \/>\n\t<meta property=\"og:image:type\" content=\"image\/jpeg\" \/>\n<meta name=\"twitter:card\" content=\"summary_large_image\" \/>\n<meta name=\"twitter:label1\" content=\"Dur\u00e9e de lecture estim\u00e9e\" \/>\n\t<meta name=\"twitter:data1\" content=\"1 minute\" \/>\n<script type=\"application\/ld+json\" class=\"yoast-schema-graph\">{\"@context\":\"https:\/\/schema.org\",\"@graph\":[{\"@type\":\"WebPage\",\"@id\":\"https:\/\/www.iplay.com\/fr\/games\/fairytale-mosaics-beauty-and-the-beast-2\/\",\"url\":\"https:\/\/www.iplay.com\/fr\/games\/fairytale-mosaics-beauty-and-the-beast-2\/\",\"name\":\"Mosa\u00efques de contes de f\u00e9es La Belle et la B\u00eate 2 - D\u00e9collez dans les mosa\u00efques de contes de f\u00e9es La Belle et la B\u00eate 2\",\"isPartOf\":{\"@id\":\"https:\/\/www.iplay.com\/en\/#website\"},\"primaryImageOfPage\":{\"@id\":\"https:\/\/www.iplay.com\/fr\/games\/fairytale-mosaics-beauty-and-the-beast-2\/#primaryimage\"},\"image\":{\"@id\":\"https:\/\/www.iplay.com\/fr\/games\/fairytale-mosaics-beauty-and-the-beast-2\/#primaryimage\"},\"thumbnailUrl\":\"https:\/\/www.iplay.com\/wp-content\/uploads\/2023\/12\/large_square_tile_image-3032.jpg\",\"datePublished\":\"2017-10-02T00:00:00+00:00\",\"description\":\"Un p\u00e9tale apr\u00e8s l\u2019autre tombe de la rose magique - Pouvez-vous restaurer la grandeur du royaume et sauver le prince \u00e0 temps ?\",\"breadcrumb\":{\"@id\":\"https:\/\/www.iplay.com\/fr\/games\/fairytale-mosaics-beauty-and-the-beast-2\/#breadcrumb\"},\"inLanguage\":\"fr-FR\",\"potentialAction\":[{\"@type\":\"ReadAction\",\"target\":[\"https:\/\/www.iplay.com\/fr\/games\/fairytale-mosaics-beauty-and-the-beast-2\/\"]}]},{\"@type\":\"ImageObject\",\"inLanguage\":\"fr-FR\",\"@id\":\"https:\/\/www.iplay.com\/fr\/games\/fairytale-mosaics-beauty-and-the-beast-2\/#primaryimage\",\"url\":\"https:\/\/www.iplay.com\/wp-content\/uploads\/2023\/12\/large_square_tile_image-3032.jpg\",\"contentUrl\":\"https:\/\/www.iplay.com\/wp-content\/uploads\/2023\/12\/large_square_tile_image-3032.jpg\",\"width\":310,\"height\":310},{\"@type\":\"BreadcrumbList\",\"@id\":\"https:\/\/www.iplay.com\/fr\/games\/fairytale-mosaics-beauty-and-the-beast-2\/#breadcrumb\",\"itemListElement\":[{\"@type\":\"ListItem\",\"position\":1,\"name\":\"Home\",\"item\":\"https:\/\/www.iplay.com\/fr\/home-page-2\/\"},{\"@type\":\"ListItem\",\"position\":2,\"name\":\"Shop\",\"item\":\"https:\/\/www.iplay.com\/en\/shop\/\"},{\"@type\":\"ListItem\",\"position\":3,\"name\":\"Fairytale Mosaics Beauty And The Beast 2\"}]},{\"@type\":\"WebSite\",\"@id\":\"https:\/\/www.iplay.com\/en\/#website\",\"url\":\"https:\/\/www.iplay.com\/en\/\",\"name\":\"IPlay\",\"description\":\"The Best Casual Games!\",\"publisher\":{\"@id\":\"https:\/\/www.iplay.com\/en\/#organization\"},\"potentialAction\":[{\"@type\":\"SearchAction\",\"target\":{\"@type\":\"EntryPoint\",\"urlTemplate\":\"https:\/\/www.iplay.com\/en\/?s={search_term_string}\"},\"query-input\":{\"@type\":\"PropertyValueSpecification\",\"valueRequired\":true,\"valueName\":\"search_term_string\"}}],\"inLanguage\":\"fr-FR\"},{\"@type\":\"Organization\",\"@id\":\"https:\/\/www.iplay.com\/en\/#organization\",\"name\":\"IPlay\",\"url\":\"https:\/\/www.iplay.com\/en\/\",\"logo\":{\"@type\":\"ImageObject\",\"inLanguage\":\"fr-FR\",\"@id\":\"https:\/\/www.iplay.com\/en\/#\/schema\/logo\/image\/\",\"url\":\"https:\/\/www.iplay.com\/wp-content\/uploads\/2023\/11\/Group-6100.svg\",\"contentUrl\":\"https:\/\/www.iplay.com\/wp-content\/uploads\/2023\/11\/Group-6100.svg\",\"width\":98,\"height\":25,\"caption\":\"IPlay\"},\"image\":{\"@id\":\"https:\/\/www.iplay.com\/en\/#\/schema\/logo\/image\/\"}}]}<\/script>\n<!-- \/ Yoast SEO Premium plugin. -->","yoast_head_json":{"title":"Mosa\u00efques de contes de f\u00e9es La Belle et la B\u00eate 2 - D\u00e9collez dans les mosa\u00efques de contes de f\u00e9es La Belle et la B\u00eate 2","description":"Un p\u00e9tale apr\u00e8s l\u2019autre tombe de la rose magique - Pouvez-vous restaurer la grandeur du royaume et sauver le prince \u00e0 temps ?","robots":{"index":"index","follow":"follow","max-snippet":"max-snippet:-1","max-image-preview":"max-image-preview:large","max-video-preview":"max-video-preview:-1"},"canonical":"https:\/\/www.iplay.com\/fr\/games\/fairytale-mosaics-beauty-and-the-beast-2\/","og_locale":"fr_FR","og_type":"article","og_title":"Fairytale Mosaics Beauty And The Beast 2","og_description":"Un p\u00e9tale apr\u00e8s l\u2019autre tombe de la rose magique - Pouvez-vous restaurer la grandeur du royaume et sauver le prince \u00e0 temps ?","og_url":"https:\/\/www.iplay.com\/fr\/games\/fairytale-mosaics-beauty-and-the-beast-2\/","og_site_name":"IPlay","og_image":[{"width":310,"height":310,"url":"https:\/\/www.iplay.com\/wp-content\/uploads\/2023\/12\/large_square_tile_image-3032.jpg","type":"image\/jpeg"}],"twitter_card":"summary_large_image","twitter_misc":{"Dur\u00e9e de lecture estim\u00e9e":"1 minute"},"schema":{"@context":"https:\/\/schema.org","@graph":[{"@type":"WebPage","@id":"https:\/\/www.iplay.com\/fr\/games\/fairytale-mosaics-beauty-and-the-beast-2\/","url":"https:\/\/www.iplay.com\/fr\/games\/fairytale-mosaics-beauty-and-the-beast-2\/","name":"Mosa\u00efques de contes de f\u00e9es La Belle et la B\u00eate 2 - D\u00e9collez dans les mosa\u00efques de contes de f\u00e9es La Belle et la B\u00eate 2","isPartOf":{"@id":"https:\/\/www.iplay.com\/en\/#website"},"primaryImageOfPage":{"@id":"https:\/\/www.iplay.com\/fr\/games\/fairytale-mosaics-beauty-and-the-beast-2\/#primaryimage"},"image":{"@id":"https:\/\/www.iplay.com\/fr\/games\/fairytale-mosaics-beauty-and-the-beast-2\/#primaryimage"},"thumbnailUrl":"https:\/\/www.iplay.com\/wp-content\/uploads\/2023\/12\/large_square_tile_image-3032.jpg","datePublished":"2017-10-02T00:00:00+00:00","description":"Un p\u00e9tale apr\u00e8s l\u2019autre tombe de la rose magique - Pouvez-vous restaurer la grandeur du royaume et sauver le prince \u00e0 temps ?","breadcrumb":{"@id":"https:\/\/www.iplay.com\/fr\/games\/fairytale-mosaics-beauty-and-the-beast-2\/#breadcrumb"},"inLanguage":"fr-FR","potentialAction":[{"@type":"ReadAction","target":["https:\/\/www.iplay.com\/fr\/games\/fairytale-mosaics-beauty-and-the-beast-2\/"]}]},{"@type":"ImageObject","inLanguage":"fr-FR","@id":"https:\/\/www.iplay.com\/fr\/games\/fairytale-mosaics-beauty-and-the-beast-2\/#primaryimage","url":"https:\/\/www.iplay.com\/wp-content\/uploads\/2023\/12\/large_square_tile_image-3032.jpg","contentUrl":"https:\/\/www.iplay.com\/wp-content\/uploads\/2023\/12\/large_square_tile_image-3032.jpg","width":310,"height":310},{"@type":"BreadcrumbList","@id":"https:\/\/www.iplay.com\/fr\/games\/fairytale-mosaics-beauty-and-the-beast-2\/#breadcrumb","itemListElement":[{"@type":"ListItem","position":1,"name":"Home","item":"https:\/\/www.iplay.com\/fr\/home-page-2\/"},{"@type":"ListItem","position":2,"name":"Shop","item":"https:\/\/www.iplay.com\/en\/shop\/"},{"@type":"ListItem","position":3,"name":"Fairytale Mosaics Beauty And The Beast 2"}]},{"@type":"WebSite","@id":"https:\/\/www.iplay.com\/en\/#website","url":"https:\/\/www.iplay.com\/en\/","name":"IPlay","description":"The Best Casual Games!","publisher":{"@id":"https:\/\/www.iplay.com\/en\/#organization"},"potentialAction":[{"@type":"SearchAction","target":{"@type":"EntryPoint","urlTemplate":"https:\/\/www.iplay.com\/en\/?s={search_term_string}"},"query-input":{"@type":"PropertyValueSpecification","valueRequired":true,"valueName":"search_term_string"}}],"inLanguage":"fr-FR"},{"@type":"Organization","@id":"https:\/\/www.iplay.com\/en\/#organization","name":"IPlay","url":"https:\/\/www.iplay.com\/en\/","logo":{"@type":"ImageObject","inLanguage":"fr-FR","@id":"https:\/\/www.iplay.com\/en\/#\/schema\/logo\/image\/","url":"https:\/\/www.iplay.com\/wp-content\/uploads\/2023\/11\/Group-6100.svg","contentUrl":"https:\/\/www.iplay.com\/wp-content\/uploads\/2023\/11\/Group-6100.svg","width":98,"height":25,"caption":"IPlay"},"image":{"@id":"https:\/\/www.iplay.com\/en\/#\/schema\/logo\/image\/"}}]}},"_links":{"self":[{"href":"https:\/\/www.iplay.com\/fr\/wp-json\/wp\/v2\/product\/143371","targetHints":{"allow":["GET"]}}],"collection":[{"href":"https:\/\/www.iplay.com\/fr\/wp-json\/wp\/v2\/product"}],"about":[{"href":"https:\/\/www.iplay.com\/fr\/wp-json\/wp\/v2\/types\/product"}],"author":[{"embeddable":true,"href":"https:\/\/www.iplay.com\/fr\/wp-json\/wp\/v2\/users\/13"}],"replies":[{"embeddable":true,"href":"https:\/\/www.iplay.com\/fr\/wp-json\/wp\/v2\/comments?post=143371"}],"wp:featuredmedia":[{"embeddable":true,"href":"https:\/\/www.iplay.com\/fr\/wp-json\/wp\/v2\/media\/88324"}],"wp:attachment":[{"href":"https:\/\/www.iplay.com\/fr\/wp-json\/wp\/v2\/media?parent=143371"}],"wp:term":[{"taxonomy":"product_brand","embeddable":true,"href":"https:\/\/www.iplay.com\/fr\/wp-json\/wp\/v2\/product_brand?post=143371"},{"taxonomy":"product_cat","embeddable":true,"href":"https:\/\/www.iplay.com\/fr\/wp-json\/wp\/v2\/product_cat?post=143371"},{"taxonomy":"product_tag","embeddable":true,"href":"https:\/\/www.iplay.com\/fr\/wp-json\/wp\/v2\/product_tag?post=143371"}],"curies":[{"name":"wp","href":"https:\/\/api.w.org\/{rel}","templated":true}]}}