{"id":143293,"date":"2017-12-22T00:00:01","date_gmt":"2017-12-22T00:00:01","guid":{"rendered":"https:\/\/www.iplay.com\/games\/darkheart-flight-of-the-harpies-collectors-edition\/"},"modified":"2017-12-22T00:00:01","modified_gmt":"2017-12-22T00:00:01","slug":"darkheart-flight-of-the-harpies-collectors-edition","status":"publish","type":"product","link":"https:\/\/www.iplay.com\/fr\/games\/darkheart-flight-of-the-harpies-collectors-edition\/","title":{"rendered":"Darkheart: Flight of The Harpies Collector&#8217;s Edition"},"content":{"rendered":"<p>Des rumeurs se sont r\u00e9pandues selon lesquelles un magicien mal\u00e9fique aurait vol\u00e9 les \u00e2mes de nombreux villageois, pouss\u00e9s par la qu\u00eate insatiable du secret de la vie \u00e9ternelle. La proph\u00e9tie a pr\u00e9dit qu\u2019un jour, un individu serait confront\u00e9 \u00e0 cette force malveillante, malgr\u00e9 la croyance qu\u2019aucune \u00e2me mortelle ne pourrait r\u00e9sister \u00e0 sa puissance mal\u00e9fique. Dans une qu\u00eate incessante pour reconstituer son stock d\u2019\u00e2mes, le sorcier a envoy\u00e9 ses Harpies, prenant m\u00eame vos parents dans leur \u00e9treinte cette fois ! La responsabilit\u00e9 vous incombe de les sauver et de contrecarrer les sinistres machinations du mage malveillant.   <\/p>\n<p>&nbsp;<\/p>\n<p><strong>Fonctionnalit\u00e9s<\/strong><\/p>\n<p>&nbsp;<\/p>\n<ul>\n<li>Lancez-vous dans une qu\u00eate pour sauver vos parents, en les lib\u00e9rant des griffes du sorcier des t\u00e9n\u00e8bres.<\/li>\n<li>Affrontez le mage malveillant dans une confrontation \u00e9pique, en faisant preuve de courage et de d\u00e9termination comme vos meilleures armes.<\/li>\n<li>Cherchez des alli\u00e9s pour vous aider dans votre p\u00e9rilleux voyage, en rassemblant vos soutiens contre les forces des t\u00e9n\u00e8bres.<\/li>\n<li>D\u00e9couvrez de nombreux objets de collection \u00e9parpill\u00e9s sur le terrain tra\u00eetre, chacun contenant des indices et des secrets cruciaux pour votre qu\u00eate.<\/li>\n<li>D\u00e9couvrez l\u2019histoire du druide dans le chapitre bonus, en plongeant plus profond\u00e9ment dans les traditions et les l\u00e9gendes du monde mystique.<\/li>\n<li>Plongez dans une exp\u00e9rience visuellement \u00e9poustouflante avec des fonds d\u2019\u00e9cran et des dessins conceptuels, capturant l\u2019essence du royaume fantastique que vous habitez.<\/li>\n<\/ul>\n","protected":false},"excerpt":{"rendered":"<p>Il est de votre responsabilit\u00e9 de sauver vos parents et de contrecarrer les sinistres machinations du mage malveillant.<\/p>\n","protected":false},"author":124,"featured_media":88047,"comment_status":"open","ping_status":"closed","template":"","meta":{"_acf_changed":false,"inline_featured_image":false},"product_brand":[],"product_cat":[165],"product_tag":[287],"class_list":{"0":"post-143293","1":"product","2":"type-product","3":"status-publish","4":"has-post-thumbnail","6":"product_cat-hidden-object-fr","7":"product_tag-play-on-pc-fr","9":"first","10":"instock","11":"shipping-taxable","12":"purchasable","13":"product-type-simple"},"acf":[],"yoast_head":"<!-- This site is optimized with the Yoast SEO Premium plugin v25.2 (Yoast SEO v25.2) - https:\/\/yoast.com\/wordpress\/plugins\/seo\/ -->\n<title>Darkheart\u00a0: Le Vol des Harpies \u00c9dition Collector - Relevez le d\u00e9fi de vaincre une pr\u00e9sence mal\u00e9fique<\/title>\n<meta name=\"description\" content=\"Il est de votre responsabilit\u00e9 de sauver vos parents et de contrecarrer les sinistres machinations du mage malveillant.\" \/>\n<meta name=\"robots\" content=\"index, follow, max-snippet:-1, max-image-preview:large, max-video-preview:-1\" \/>\n<link rel=\"canonical\" href=\"https:\/\/www.iplay.com\/fr\/games\/darkheart-flight-of-the-harpies-collectors-edition\/\" \/>\n<meta property=\"og:locale\" content=\"fr_FR\" \/>\n<meta property=\"og:type\" content=\"article\" \/>\n<meta property=\"og:title\" content=\"Darkheart: Flight of The Harpies Collector&#039;s Edition\" \/>\n<meta property=\"og:description\" content=\"Il est de votre responsabilit\u00e9 de sauver vos parents et de contrecarrer les sinistres machinations du mage malveillant.\" \/>\n<meta property=\"og:url\" content=\"https:\/\/www.iplay.com\/fr\/games\/darkheart-flight-of-the-harpies-collectors-edition\/\" \/>\n<meta property=\"og:site_name\" content=\"IPlay\" \/>\n<meta property=\"og:image\" content=\"https:\/\/www.iplay.com\/wp-content\/uploads\/2023\/12\/large_square_tile_image-3015.jpg\" \/>\n\t<meta property=\"og:image:width\" content=\"310\" \/>\n\t<meta property=\"og:image:height\" content=\"310\" \/>\n\t<meta property=\"og:image:type\" content=\"image\/jpeg\" \/>\n<meta name=\"twitter:card\" content=\"summary_large_image\" \/>\n<meta name=\"twitter:label1\" content=\"Dur\u00e9e de lecture estim\u00e9e\" \/>\n\t<meta name=\"twitter:data1\" content=\"1 minute\" \/>\n<script type=\"application\/ld+json\" class=\"yoast-schema-graph\">{\"@context\":\"https:\/\/schema.org\",\"@graph\":[{\"@type\":\"WebPage\",\"@id\":\"https:\/\/www.iplay.com\/fr\/games\/darkheart-flight-of-the-harpies-collectors-edition\/\",\"url\":\"https:\/\/www.iplay.com\/fr\/games\/darkheart-flight-of-the-harpies-collectors-edition\/\",\"name\":\"Darkheart\u00a0: Le Vol des Harpies \u00c9dition Collector - Relevez le d\u00e9fi de vaincre une pr\u00e9sence mal\u00e9fique\",\"isPartOf\":{\"@id\":\"https:\/\/www.iplay.com\/en\/#website\"},\"primaryImageOfPage\":{\"@id\":\"https:\/\/www.iplay.com\/fr\/games\/darkheart-flight-of-the-harpies-collectors-edition\/#primaryimage\"},\"image\":{\"@id\":\"https:\/\/www.iplay.com\/fr\/games\/darkheart-flight-of-the-harpies-collectors-edition\/#primaryimage\"},\"thumbnailUrl\":\"https:\/\/www.iplay.com\/wp-content\/uploads\/2023\/12\/large_square_tile_image-3015.jpg\",\"datePublished\":\"2017-12-22T00:00:01+00:00\",\"description\":\"Il est de votre responsabilit\u00e9 de sauver vos parents et de contrecarrer les sinistres machinations du mage malveillant.\",\"breadcrumb\":{\"@id\":\"https:\/\/www.iplay.com\/fr\/games\/darkheart-flight-of-the-harpies-collectors-edition\/#breadcrumb\"},\"inLanguage\":\"fr-FR\",\"potentialAction\":[{\"@type\":\"ReadAction\",\"target\":[\"https:\/\/www.iplay.com\/fr\/games\/darkheart-flight-of-the-harpies-collectors-edition\/\"]}]},{\"@type\":\"ImageObject\",\"inLanguage\":\"fr-FR\",\"@id\":\"https:\/\/www.iplay.com\/fr\/games\/darkheart-flight-of-the-harpies-collectors-edition\/#primaryimage\",\"url\":\"https:\/\/www.iplay.com\/wp-content\/uploads\/2023\/12\/large_square_tile_image-3015.jpg\",\"contentUrl\":\"https:\/\/www.iplay.com\/wp-content\/uploads\/2023\/12\/large_square_tile_image-3015.jpg\",\"width\":310,\"height\":310},{\"@type\":\"BreadcrumbList\",\"@id\":\"https:\/\/www.iplay.com\/fr\/games\/darkheart-flight-of-the-harpies-collectors-edition\/#breadcrumb\",\"itemListElement\":[{\"@type\":\"ListItem\",\"position\":1,\"name\":\"Home\",\"item\":\"https:\/\/www.iplay.com\/fr\/home-page-2\/\"},{\"@type\":\"ListItem\",\"position\":2,\"name\":\"Shop\",\"item\":\"https:\/\/www.iplay.com\/en\/shop\/\"},{\"@type\":\"ListItem\",\"position\":3,\"name\":\"Darkheart: Flight of The Harpies Collector&#8217;s Edition\"}]},{\"@type\":\"WebSite\",\"@id\":\"https:\/\/www.iplay.com\/en\/#website\",\"url\":\"https:\/\/www.iplay.com\/en\/\",\"name\":\"IPlay\",\"description\":\"The Best Casual Games!\",\"publisher\":{\"@id\":\"https:\/\/www.iplay.com\/en\/#organization\"},\"potentialAction\":[{\"@type\":\"SearchAction\",\"target\":{\"@type\":\"EntryPoint\",\"urlTemplate\":\"https:\/\/www.iplay.com\/en\/?s={search_term_string}\"},\"query-input\":{\"@type\":\"PropertyValueSpecification\",\"valueRequired\":true,\"valueName\":\"search_term_string\"}}],\"inLanguage\":\"fr-FR\"},{\"@type\":\"Organization\",\"@id\":\"https:\/\/www.iplay.com\/en\/#organization\",\"name\":\"IPlay\",\"url\":\"https:\/\/www.iplay.com\/en\/\",\"logo\":{\"@type\":\"ImageObject\",\"inLanguage\":\"fr-FR\",\"@id\":\"https:\/\/www.iplay.com\/en\/#\/schema\/logo\/image\/\",\"url\":\"https:\/\/www.iplay.com\/wp-content\/uploads\/2023\/11\/Group-6100.svg\",\"contentUrl\":\"https:\/\/www.iplay.com\/wp-content\/uploads\/2023\/11\/Group-6100.svg\",\"width\":98,\"height\":25,\"caption\":\"IPlay\"},\"image\":{\"@id\":\"https:\/\/www.iplay.com\/en\/#\/schema\/logo\/image\/\"}}]}<\/script>\n<!-- \/ Yoast SEO Premium plugin. -->","yoast_head_json":{"title":"Darkheart\u00a0: Le Vol des Harpies \u00c9dition Collector - Relevez le d\u00e9fi de vaincre une pr\u00e9sence mal\u00e9fique","description":"Il est de votre responsabilit\u00e9 de sauver vos parents et de contrecarrer les sinistres machinations du mage malveillant.","robots":{"index":"index","follow":"follow","max-snippet":"max-snippet:-1","max-image-preview":"max-image-preview:large","max-video-preview":"max-video-preview:-1"},"canonical":"https:\/\/www.iplay.com\/fr\/games\/darkheart-flight-of-the-harpies-collectors-edition\/","og_locale":"fr_FR","og_type":"article","og_title":"Darkheart: Flight of The Harpies Collector's Edition","og_description":"Il est de votre responsabilit\u00e9 de sauver vos parents et de contrecarrer les sinistres machinations du mage malveillant.","og_url":"https:\/\/www.iplay.com\/fr\/games\/darkheart-flight-of-the-harpies-collectors-edition\/","og_site_name":"IPlay","og_image":[{"width":310,"height":310,"url":"https:\/\/www.iplay.com\/wp-content\/uploads\/2023\/12\/large_square_tile_image-3015.jpg","type":"image\/jpeg"}],"twitter_card":"summary_large_image","twitter_misc":{"Dur\u00e9e de lecture estim\u00e9e":"1 minute"},"schema":{"@context":"https:\/\/schema.org","@graph":[{"@type":"WebPage","@id":"https:\/\/www.iplay.com\/fr\/games\/darkheart-flight-of-the-harpies-collectors-edition\/","url":"https:\/\/www.iplay.com\/fr\/games\/darkheart-flight-of-the-harpies-collectors-edition\/","name":"Darkheart\u00a0: Le Vol des Harpies \u00c9dition Collector - Relevez le d\u00e9fi de vaincre une pr\u00e9sence mal\u00e9fique","isPartOf":{"@id":"https:\/\/www.iplay.com\/en\/#website"},"primaryImageOfPage":{"@id":"https:\/\/www.iplay.com\/fr\/games\/darkheart-flight-of-the-harpies-collectors-edition\/#primaryimage"},"image":{"@id":"https:\/\/www.iplay.com\/fr\/games\/darkheart-flight-of-the-harpies-collectors-edition\/#primaryimage"},"thumbnailUrl":"https:\/\/www.iplay.com\/wp-content\/uploads\/2023\/12\/large_square_tile_image-3015.jpg","datePublished":"2017-12-22T00:00:01+00:00","description":"Il est de votre responsabilit\u00e9 de sauver vos parents et de contrecarrer les sinistres machinations du mage malveillant.","breadcrumb":{"@id":"https:\/\/www.iplay.com\/fr\/games\/darkheart-flight-of-the-harpies-collectors-edition\/#breadcrumb"},"inLanguage":"fr-FR","potentialAction":[{"@type":"ReadAction","target":["https:\/\/www.iplay.com\/fr\/games\/darkheart-flight-of-the-harpies-collectors-edition\/"]}]},{"@type":"ImageObject","inLanguage":"fr-FR","@id":"https:\/\/www.iplay.com\/fr\/games\/darkheart-flight-of-the-harpies-collectors-edition\/#primaryimage","url":"https:\/\/www.iplay.com\/wp-content\/uploads\/2023\/12\/large_square_tile_image-3015.jpg","contentUrl":"https:\/\/www.iplay.com\/wp-content\/uploads\/2023\/12\/large_square_tile_image-3015.jpg","width":310,"height":310},{"@type":"BreadcrumbList","@id":"https:\/\/www.iplay.com\/fr\/games\/darkheart-flight-of-the-harpies-collectors-edition\/#breadcrumb","itemListElement":[{"@type":"ListItem","position":1,"name":"Home","item":"https:\/\/www.iplay.com\/fr\/home-page-2\/"},{"@type":"ListItem","position":2,"name":"Shop","item":"https:\/\/www.iplay.com\/en\/shop\/"},{"@type":"ListItem","position":3,"name":"Darkheart: Flight of The Harpies Collector&#8217;s Edition"}]},{"@type":"WebSite","@id":"https:\/\/www.iplay.com\/en\/#website","url":"https:\/\/www.iplay.com\/en\/","name":"IPlay","description":"The Best Casual Games!","publisher":{"@id":"https:\/\/www.iplay.com\/en\/#organization"},"potentialAction":[{"@type":"SearchAction","target":{"@type":"EntryPoint","urlTemplate":"https:\/\/www.iplay.com\/en\/?s={search_term_string}"},"query-input":{"@type":"PropertyValueSpecification","valueRequired":true,"valueName":"search_term_string"}}],"inLanguage":"fr-FR"},{"@type":"Organization","@id":"https:\/\/www.iplay.com\/en\/#organization","name":"IPlay","url":"https:\/\/www.iplay.com\/en\/","logo":{"@type":"ImageObject","inLanguage":"fr-FR","@id":"https:\/\/www.iplay.com\/en\/#\/schema\/logo\/image\/","url":"https:\/\/www.iplay.com\/wp-content\/uploads\/2023\/11\/Group-6100.svg","contentUrl":"https:\/\/www.iplay.com\/wp-content\/uploads\/2023\/11\/Group-6100.svg","width":98,"height":25,"caption":"IPlay"},"image":{"@id":"https:\/\/www.iplay.com\/en\/#\/schema\/logo\/image\/"}}]}},"_links":{"self":[{"href":"https:\/\/www.iplay.com\/fr\/wp-json\/wp\/v2\/product\/143293","targetHints":{"allow":["GET"]}}],"collection":[{"href":"https:\/\/www.iplay.com\/fr\/wp-json\/wp\/v2\/product"}],"about":[{"href":"https:\/\/www.iplay.com\/fr\/wp-json\/wp\/v2\/types\/product"}],"author":[{"embeddable":true,"href":"https:\/\/www.iplay.com\/fr\/wp-json\/wp\/v2\/users\/124"}],"replies":[{"embeddable":true,"href":"https:\/\/www.iplay.com\/fr\/wp-json\/wp\/v2\/comments?post=143293"}],"wp:featuredmedia":[{"embeddable":true,"href":"https:\/\/www.iplay.com\/fr\/wp-json\/wp\/v2\/media\/88047"}],"wp:attachment":[{"href":"https:\/\/www.iplay.com\/fr\/wp-json\/wp\/v2\/media?parent=143293"}],"wp:term":[{"taxonomy":"product_brand","embeddable":true,"href":"https:\/\/www.iplay.com\/fr\/wp-json\/wp\/v2\/product_brand?post=143293"},{"taxonomy":"product_cat","embeddable":true,"href":"https:\/\/www.iplay.com\/fr\/wp-json\/wp\/v2\/product_cat?post=143293"},{"taxonomy":"product_tag","embeddable":true,"href":"https:\/\/www.iplay.com\/fr\/wp-json\/wp\/v2\/product_tag?post=143293"}],"curies":[{"name":"wp","href":"https:\/\/api.w.org\/{rel}","templated":true}]}}