{"id":142951,"date":"2025-08-29T08:30:42","date_gmt":"2025-08-29T08:30:42","guid":{"rendered":"https:\/\/www.iplay.com\/?post_type=product&p=142951"},"modified":"2025-08-29T08:30:42","modified_gmt":"2025-08-29T08:30:42","slug":"artists-of-fortune-16-bit","status":"publish","type":"product","link":"https:\/\/www.iplay.com\/fr\/games\/artists-of-fortune-16-bit\/","title":{"rendered":"Artists Of Fortune: 16-bit"},"content":{"rendered":"<p class=\"ai-optimize-30 ai-optimize-introduction\">Artists of Fortune&nbsp;: 16-bit vous ram\u00e8ne \u00e0 l\u2019\u00e2ge d\u2019or du jeu, lorsque le pixel art et la peinture par num\u00e9ros s\u2019unissent de mani\u00e8re amusante et nostalgique. Ce jeu vous emm\u00e8ne dans une aventure color\u00e9e sur 100 niveaux remplis de pixels, que vous soyez un fan de styles r\u00e9tro depuis longtemps ou que vous souhaitiez simplement vous d\u00e9tendre et peindre. <\/p>\n<p class=\"ai-optimize-31\">Choisissez parmi de nombreuses sc\u00e8nes 16 bits c\u00e9l\u00e8bres, comme des paysages exotiques et des individus \u00e9tranges, puis donnez-leur vie une couleur \u00e0 la fois. La peinture est facile, amusante et sans fin avec des commandes simples, un codage couleur alphanum\u00e9rique intelligent et des outils utiles comme le Filler, le Blockbuster et le Rainbow Crayon. <\/p>\n<p class=\"ai-optimize-32\">Avec des animations fluides, des effets sympas et une mini-carte utile pour vous aider \u00e0 trouver votre chemin, vous avez un jeu de pixel art \u00e0 la fois amusant et apaisant.<\/p>\n<p>&nbsp;<\/p>\n<p class=\"ai-optimize-33\"><strong>Fonctionnalit\u00e9s<\/strong><\/p>\n<ul>\n<li class=\"ai-optimize-33\">100 niveaux de graphismes en pixels inspir\u00e9s des jeux classiques, avec des couleurs vives et une sensation de nostalgie !<\/li>\n<li class=\"ai-optimize-33\">Utilisez des outils intelligents comme Filler, Blockbuster et Rainbow Crayon pour faciliter votre peinture !<\/li>\n<li class=\"ai-optimize-33\">Utilisez la mini-carte int\u00e9gr\u00e9e et l\u2019interface utilisateur facile \u00e0 utiliser pour vous d\u00e9placer rapidement !<\/li>\n<li class=\"ai-optimize-33\">Profitez d\u2019animations fluides et d\u2019effets \u00e9tonnants qui rendent chaque coup de pinceau plus beau !<\/li>\n<li class=\"ai-optimize-33\">Jouez pendant des heures et d\u00e9tendez-vous avec un jeu qui m\u00e9lange l\u2019art et le jeu \u00e0 l\u2019ancienne.<\/li>\n<\/ul>\n","protected":false},"excerpt":{"rendered":"<p>Paint fonctionne parfaitement dans un monde 16 bits color\u00e9 qui vous fera voyager dans le temps !<\/p>\n","protected":false},"author":320,"featured_media":142929,"comment_status":"open","ping_status":"closed","template":"","meta":{"_acf_changed":false,"inline_featured_image":false},"product_brand":[],"product_cat":[183],"product_tag":[287],"class_list":{"0":"post-142951","1":"product","2":"type-product","3":"status-publish","4":"has-post-thumbnail","6":"product_cat-paint-by-numbers-series-fr","7":"product_tag-play-on-pc-fr","9":"first","10":"instock","11":"shipping-taxable","12":"purchasable","13":"product-type-simple"},"acf":[],"yoast_head":"<!-- This site is optimized with the Yoast SEO Premium plugin v25.2 (Yoast SEO v25.2) - https:\/\/yoast.com\/wordpress\/plugins\/seo\/ -->\n<title>Artists Of Fortune\u00a0: 16-bit - Une aventure artistique r\u00e9tro 16 bits<\/title>\n<meta name=\"description\" content=\"Paint fonctionne parfaitement dans un monde 16 bits color\u00e9 qui vous fera voyager dans le temps !\" \/>\n<meta name=\"robots\" content=\"index, follow, max-snippet:-1, max-image-preview:large, max-video-preview:-1\" \/>\n<link rel=\"canonical\" href=\"https:\/\/www.iplay.com\/en\/games\/artists-of-fortune-16-bit\/\" \/>\n<meta property=\"og:locale\" content=\"fr_FR\" \/>\n<meta property=\"og:type\" content=\"article\" \/>\n<meta property=\"og:title\" content=\"Artists Of Fortune: 16-bit\" \/>\n<meta property=\"og:description\" content=\"Paint fonctionne parfaitement dans un monde 16 bits color\u00e9 qui vous fera voyager dans le temps !\" \/>\n<meta property=\"og:url\" content=\"https:\/\/www.iplay.com\/en\/games\/artists-of-fortune-16-bit\/\" \/>\n<meta property=\"og:site_name\" content=\"IPlay\" \/>\n<meta property=\"og:image\" content=\"https:\/\/www.iplay.com\/wp-content\/uploads\/2025\/08\/artists_of_fortune_-_16-bit_large_video_screenshot.webp\" \/>\n\t<meta property=\"og:image:width\" content=\"715\" \/>\n\t<meta property=\"og:image:height\" content=\"485\" \/>\n\t<meta property=\"og:image:type\" content=\"image\/webp\" \/>\n<meta name=\"twitter:card\" content=\"summary_large_image\" \/>\n<meta name=\"twitter:label1\" content=\"Dur\u00e9e de lecture estim\u00e9e\" \/>\n\t<meta name=\"twitter:data1\" content=\"1 minute\" \/>\n<script type=\"application\/ld+json\" class=\"yoast-schema-graph\">{\"@context\":\"https:\/\/schema.org\",\"@graph\":[{\"@type\":\"WebPage\",\"@id\":\"https:\/\/www.iplay.com\/en\/games\/artists-of-fortune-16-bit\/\",\"url\":\"https:\/\/www.iplay.com\/en\/games\/artists-of-fortune-16-bit\/\",\"name\":\"Artists Of Fortune\u00a0: 16-bit - Une aventure artistique r\u00e9tro 16 bits\",\"isPartOf\":{\"@id\":\"https:\/\/www.iplay.com\/en\/#website\"},\"primaryImageOfPage\":{\"@id\":\"https:\/\/www.iplay.com\/en\/games\/artists-of-fortune-16-bit\/#primaryimage\"},\"image\":{\"@id\":\"https:\/\/www.iplay.com\/en\/games\/artists-of-fortune-16-bit\/#primaryimage\"},\"thumbnailUrl\":\"https:\/\/www.iplay.com\/wp-content\/uploads\/2025\/08\/artists_of_fortune_-_16-bit_large_square_tile_image.webp\",\"datePublished\":\"2025-08-29T08:30:42+00:00\",\"description\":\"Paint fonctionne parfaitement dans un monde 16 bits color\u00e9 qui vous fera voyager dans le temps !\",\"breadcrumb\":{\"@id\":\"https:\/\/www.iplay.com\/en\/games\/artists-of-fortune-16-bit\/#breadcrumb\"},\"inLanguage\":\"fr-FR\",\"potentialAction\":[{\"@type\":\"ReadAction\",\"target\":[\"https:\/\/www.iplay.com\/en\/games\/artists-of-fortune-16-bit\/\"]}]},{\"@type\":\"ImageObject\",\"inLanguage\":\"fr-FR\",\"@id\":\"https:\/\/www.iplay.com\/en\/games\/artists-of-fortune-16-bit\/#primaryimage\",\"url\":\"https:\/\/www.iplay.com\/wp-content\/uploads\/2025\/08\/artists_of_fortune_-_16-bit_large_square_tile_image.webp\",\"contentUrl\":\"https:\/\/www.iplay.com\/wp-content\/uploads\/2025\/08\/artists_of_fortune_-_16-bit_large_square_tile_image.webp\",\"width\":310,\"height\":310},{\"@type\":\"BreadcrumbList\",\"@id\":\"https:\/\/www.iplay.com\/en\/games\/artists-of-fortune-16-bit\/#breadcrumb\",\"itemListElement\":[{\"@type\":\"ListItem\",\"position\":1,\"name\":\"Home\",\"item\":\"https:\/\/www.iplay.com\/fr\/home-page-2\/\"},{\"@type\":\"ListItem\",\"position\":2,\"name\":\"Shop\",\"item\":\"https:\/\/www.iplay.com\/en\/shop\/\"},{\"@type\":\"ListItem\",\"position\":3,\"name\":\"Artists Of Fortune: 16-bit\"}]},{\"@type\":\"WebSite\",\"@id\":\"https:\/\/www.iplay.com\/en\/#website\",\"url\":\"https:\/\/www.iplay.com\/en\/\",\"name\":\"IPlay\",\"description\":\"The Best Casual Games!\",\"publisher\":{\"@id\":\"https:\/\/www.iplay.com\/en\/#organization\"},\"potentialAction\":[{\"@type\":\"SearchAction\",\"target\":{\"@type\":\"EntryPoint\",\"urlTemplate\":\"https:\/\/www.iplay.com\/en\/?s={search_term_string}\"},\"query-input\":{\"@type\":\"PropertyValueSpecification\",\"valueRequired\":true,\"valueName\":\"search_term_string\"}}],\"inLanguage\":\"fr-FR\"},{\"@type\":\"Organization\",\"@id\":\"https:\/\/www.iplay.com\/en\/#organization\",\"name\":\"IPlay\",\"url\":\"https:\/\/www.iplay.com\/en\/\",\"logo\":{\"@type\":\"ImageObject\",\"inLanguage\":\"fr-FR\",\"@id\":\"https:\/\/www.iplay.com\/en\/#\/schema\/logo\/image\/\",\"url\":\"https:\/\/www.iplay.com\/wp-content\/uploads\/2023\/11\/Group-6100.svg\",\"contentUrl\":\"https:\/\/www.iplay.com\/wp-content\/uploads\/2023\/11\/Group-6100.svg\",\"width\":98,\"height\":25,\"caption\":\"IPlay\"},\"image\":{\"@id\":\"https:\/\/www.iplay.com\/en\/#\/schema\/logo\/image\/\"}}]}<\/script>\n<!-- \/ Yoast SEO Premium plugin. -->","yoast_head_json":{"title":"Artists Of Fortune\u00a0: 16-bit - Une aventure artistique r\u00e9tro 16 bits","description":"Paint fonctionne parfaitement dans un monde 16 bits color\u00e9 qui vous fera voyager dans le temps !","robots":{"index":"index","follow":"follow","max-snippet":"max-snippet:-1","max-image-preview":"max-image-preview:large","max-video-preview":"max-video-preview:-1"},"canonical":"https:\/\/www.iplay.com\/en\/games\/artists-of-fortune-16-bit\/","og_locale":"fr_FR","og_type":"article","og_title":"Artists Of Fortune: 16-bit","og_description":"Paint fonctionne parfaitement dans un monde 16 bits color\u00e9 qui vous fera voyager dans le temps !","og_url":"https:\/\/www.iplay.com\/en\/games\/artists-of-fortune-16-bit\/","og_site_name":"IPlay","og_image":[{"width":715,"height":485,"url":"https:\/\/www.iplay.com\/wp-content\/uploads\/2025\/08\/artists_of_fortune_-_16-bit_large_video_screenshot.webp","type":"image\/webp"}],"twitter_card":"summary_large_image","twitter_misc":{"Dur\u00e9e de lecture estim\u00e9e":"1 minute"},"schema":{"@context":"https:\/\/schema.org","@graph":[{"@type":"WebPage","@id":"https:\/\/www.iplay.com\/en\/games\/artists-of-fortune-16-bit\/","url":"https:\/\/www.iplay.com\/en\/games\/artists-of-fortune-16-bit\/","name":"Artists Of Fortune\u00a0: 16-bit - Une aventure artistique r\u00e9tro 16 bits","isPartOf":{"@id":"https:\/\/www.iplay.com\/en\/#website"},"primaryImageOfPage":{"@id":"https:\/\/www.iplay.com\/en\/games\/artists-of-fortune-16-bit\/#primaryimage"},"image":{"@id":"https:\/\/www.iplay.com\/en\/games\/artists-of-fortune-16-bit\/#primaryimage"},"thumbnailUrl":"https:\/\/www.iplay.com\/wp-content\/uploads\/2025\/08\/artists_of_fortune_-_16-bit_large_square_tile_image.webp","datePublished":"2025-08-29T08:30:42+00:00","description":"Paint fonctionne parfaitement dans un monde 16 bits color\u00e9 qui vous fera voyager dans le temps !","breadcrumb":{"@id":"https:\/\/www.iplay.com\/en\/games\/artists-of-fortune-16-bit\/#breadcrumb"},"inLanguage":"fr-FR","potentialAction":[{"@type":"ReadAction","target":["https:\/\/www.iplay.com\/en\/games\/artists-of-fortune-16-bit\/"]}]},{"@type":"ImageObject","inLanguage":"fr-FR","@id":"https:\/\/www.iplay.com\/en\/games\/artists-of-fortune-16-bit\/#primaryimage","url":"https:\/\/www.iplay.com\/wp-content\/uploads\/2025\/08\/artists_of_fortune_-_16-bit_large_square_tile_image.webp","contentUrl":"https:\/\/www.iplay.com\/wp-content\/uploads\/2025\/08\/artists_of_fortune_-_16-bit_large_square_tile_image.webp","width":310,"height":310},{"@type":"BreadcrumbList","@id":"https:\/\/www.iplay.com\/en\/games\/artists-of-fortune-16-bit\/#breadcrumb","itemListElement":[{"@type":"ListItem","position":1,"name":"Home","item":"https:\/\/www.iplay.com\/fr\/home-page-2\/"},{"@type":"ListItem","position":2,"name":"Shop","item":"https:\/\/www.iplay.com\/en\/shop\/"},{"@type":"ListItem","position":3,"name":"Artists Of Fortune: 16-bit"}]},{"@type":"WebSite","@id":"https:\/\/www.iplay.com\/en\/#website","url":"https:\/\/www.iplay.com\/en\/","name":"IPlay","description":"The Best Casual Games!","publisher":{"@id":"https:\/\/www.iplay.com\/en\/#organization"},"potentialAction":[{"@type":"SearchAction","target":{"@type":"EntryPoint","urlTemplate":"https:\/\/www.iplay.com\/en\/?s={search_term_string}"},"query-input":{"@type":"PropertyValueSpecification","valueRequired":true,"valueName":"search_term_string"}}],"inLanguage":"fr-FR"},{"@type":"Organization","@id":"https:\/\/www.iplay.com\/en\/#organization","name":"IPlay","url":"https:\/\/www.iplay.com\/en\/","logo":{"@type":"ImageObject","inLanguage":"fr-FR","@id":"https:\/\/www.iplay.com\/en\/#\/schema\/logo\/image\/","url":"https:\/\/www.iplay.com\/wp-content\/uploads\/2023\/11\/Group-6100.svg","contentUrl":"https:\/\/www.iplay.com\/wp-content\/uploads\/2023\/11\/Group-6100.svg","width":98,"height":25,"caption":"IPlay"},"image":{"@id":"https:\/\/www.iplay.com\/en\/#\/schema\/logo\/image\/"}}]}},"_links":{"self":[{"href":"https:\/\/www.iplay.com\/fr\/wp-json\/wp\/v2\/product\/142951","targetHints":{"allow":["GET"]}}],"collection":[{"href":"https:\/\/www.iplay.com\/fr\/wp-json\/wp\/v2\/product"}],"about":[{"href":"https:\/\/www.iplay.com\/fr\/wp-json\/wp\/v2\/types\/product"}],"author":[{"embeddable":true,"href":"https:\/\/www.iplay.com\/fr\/wp-json\/wp\/v2\/users\/320"}],"replies":[{"embeddable":true,"href":"https:\/\/www.iplay.com\/fr\/wp-json\/wp\/v2\/comments?post=142951"}],"wp:featuredmedia":[{"embeddable":true,"href":"https:\/\/www.iplay.com\/fr\/wp-json\/wp\/v2\/media\/142929"}],"wp:attachment":[{"href":"https:\/\/www.iplay.com\/fr\/wp-json\/wp\/v2\/media?parent=142951"}],"wp:term":[{"taxonomy":"product_brand","embeddable":true,"href":"https:\/\/www.iplay.com\/fr\/wp-json\/wp\/v2\/product_brand?post=142951"},{"taxonomy":"product_cat","embeddable":true,"href":"https:\/\/www.iplay.com\/fr\/wp-json\/wp\/v2\/product_cat?post=142951"},{"taxonomy":"product_tag","embeddable":true,"href":"https:\/\/www.iplay.com\/fr\/wp-json\/wp\/v2\/product_tag?post=142951"}],"curies":[{"name":"wp","href":"https:\/\/api.w.org\/{rel}","templated":true}]}}