{"id":142948,"date":"2025-08-29T09:30:35","date_gmt":"2025-08-29T09:30:35","guid":{"rendered":"https:\/\/www.iplay.com\/?post_type=product&p=142948"},"modified":"2025-08-29T09:30:35","modified_gmt":"2025-08-29T09:30:35","slug":"jixo-hidden-horizons-collectors-edition","status":"publish","type":"product","link":"https:\/\/www.iplay.com\/fr\/games\/jixo-hidden-horizons-collectors-edition\/","title":{"rendered":"Jixo &#8211; Hidden Horizons &#8211; Collector&#8217;s Edition"},"content":{"rendered":"<p class=\"ai-optimize-27 ai-optimize-introduction\">Rassemblez vos affaires et pr\u00e9parez-vous pour une aventure que vous n\u2019oublierez jamais, car chaque \u00e9nigme ouvre une nouvelle partie de la plan\u00e8te. Voyagez \u00e0 travers des paysages \u00e0 couper le souffle, des rivages dor\u00e9s aux villes anim\u00e9es, chacune regorgeant de flair culturel, de beaut\u00e9 complexe et du frisson d\u2019explorer de nouveaux endroits. <\/p>\n<p class=\"ai-optimize-28\">Profitez d\u2019un large \u00e9ventail de genres de jeux, tels que de nouveaux puzzles logiques, des s\u00e9quences d\u2019objets cach\u00e9s qui vous attirent, des puzzles inventifs et des jeux d\u2019images inspir\u00e9s par l\u2019esprit d\u2019aventure. Au fur et \u00e0 mesure que vous avancez, ouvrez des bo\u00eetes verrouill\u00e9es intrigantes qui contiennent des tr\u00e9sors \u00e0 collectionner du monde entier. La musique calme vous emm\u00e8nera dans chaque nouvel endroit.  <\/p>\n<p class=\"ai-optimize-29\">Jixo&nbsp;: Hidden Horizons Collector\u2019s Edition est une \u00e9vasion autour du monde pleine d\u2019exploration, de d\u00e9fis et de beaut\u00e9, que vous soyez blotti dans votre fauteuil inclinable pr\u00e9f\u00e9r\u00e9 ou que vous pensiez \u00e0 vos prochaines vacances.<\/p>\n<p>&nbsp;<\/p>\n<p class=\"ai-optimize-30\"><strong>Fonctionnalit\u00e9s<\/strong><\/p>\n<ul>\n<li class=\"ai-optimize-30\">Jouez \u00e0 des \u00e9nigmes qui vous emm\u00e8nent dans de beaux endroits \u00e0 travers le monde<\/li>\n<li class=\"ai-optimize-30\">R\u00e9solvez une gamme d\u2019\u00e9nigmes, telles que la logique, le puzzle, les objets cach\u00e9s et les jeux d\u2019images<\/li>\n<li class=\"ai-optimize-30\">Ouvrez des bo\u00eetes verrouill\u00e9es pour trouver des tr\u00e9sors collect\u00e9s dans le monde entier.<\/li>\n<li class=\"ai-optimize-30\">\u00c9coutez une bande-son apaisante pendant que vous traversez chaque zone.<\/li>\n<li class=\"ai-optimize-30\">Collectionnez des r\u00e9alisations et des \u0153uvres d\u2019art sur le th\u00e8me du voyage pour cr\u00e9er la meilleure galerie de souvenirs de tous les temps.<\/li>\n<\/ul>\n<p>&nbsp;<\/p>\n<p class=\"ai-optimize-31\"><strong>Caract\u00e9ristiques de l\u2019\u00e9dition collector  <\/strong><\/p>\n<ul>\n<li class=\"ai-optimize-31\">24 niveaux suppl\u00e9mentaires dans 10 cat\u00e9gories de puzzles diff\u00e9rentes pour plus de plaisir<\/li>\n<li class=\"ai-optimize-31\">Les modes de jeu uniques incluent la correspondance de tuiles, les CrossShapes et des d\u00e9fis suppl\u00e9mentaires de bo\u00eete verrouill\u00e9e<\/li>\n<li class=\"ai-optimize-31\">Un lecteur de musique et une galerie int\u00e9gr\u00e9s pour que vous puissiez \u00e9couter vos chansons pr\u00e9f\u00e9r\u00e9es et revoir vos photos pr\u00e9f\u00e9r\u00e9es<\/li>\n<li class=\"ai-optimize-31\">Obtenez des jalons et des tr\u00e9sors sur le th\u00e8me du voyage qui ne sont disponibles que dans cette version.<\/li>\n<\/ul>\n","protected":false},"excerpt":{"rendered":"<p>Avec Jixo&nbsp;: Hidden Horizons, vous pouvez r\u00e9soudre des \u00e9nigmes dans de beaux endroits et collecter des richesses du monde entier.<\/p>\n","protected":false},"author":77,"featured_media":142908,"comment_status":"open","ping_status":"closed","template":"","meta":{"_acf_changed":false,"inline_featured_image":false},"product_brand":[],"product_cat":[165,193],"product_tag":[287],"class_list":{"0":"post-142948","1":"product","2":"type-product","3":"status-publish","4":"has-post-thumbnail","6":"product_cat-hidden-object-fr","7":"product_cat-puzzle-fr","8":"product_tag-play-on-pc-fr","10":"first","11":"instock","12":"shipping-taxable","13":"purchasable","14":"product-type-simple"},"acf":[],"yoast_head":"<!-- This site is optimized with the Yoast SEO Premium plugin v25.2 (Yoast SEO v25.2) - https:\/\/yoast.com\/wordpress\/plugins\/seo\/ -->\n<title>Jixo Hidden Horizons CE - Collectez des tr\u00e9sors mondiaux et r\u00e9solvez des \u00e9nigmes<\/title>\n<meta name=\"description\" content=\"Avec Jixo&nbsp;: Hidden Horizons, vous pouvez r\u00e9soudre des \u00e9nigmes dans de beaux endroits et collecter des richesses du monde entier.\" \/>\n<meta name=\"robots\" content=\"index, follow, max-snippet:-1, max-image-preview:large, max-video-preview:-1\" \/>\n<link rel=\"canonical\" href=\"https:\/\/www.iplay.com\/en\/games\/jixo-hidden-horizons-collectors-edition\/\" \/>\n<meta property=\"og:locale\" content=\"fr_FR\" \/>\n<meta property=\"og:type\" content=\"article\" \/>\n<meta property=\"og:title\" content=\"Jixo - Hidden Horizons - Collector&#039;s Edition\" \/>\n<meta property=\"og:description\" content=\"Avec Jixo&nbsp;: Hidden Horizons, vous pouvez r\u00e9soudre des \u00e9nigmes dans de beaux endroits et collecter des richesses du monde entier.\" \/>\n<meta property=\"og:url\" content=\"https:\/\/www.iplay.com\/en\/games\/jixo-hidden-horizons-collectors-edition\/\" \/>\n<meta property=\"og:site_name\" content=\"IPlay\" \/>\n<meta property=\"og:image\" content=\"https:\/\/www.iplay.com\/wp-content\/uploads\/2025\/08\/jixo_hidden_horizons_collectors_edition_large_video_screenshot.webp\" \/>\n\t<meta property=\"og:image:width\" content=\"715\" \/>\n\t<meta property=\"og:image:height\" content=\"485\" \/>\n\t<meta property=\"og:image:type\" content=\"image\/webp\" \/>\n<meta name=\"twitter:card\" content=\"summary_large_image\" \/>\n<meta name=\"twitter:label1\" content=\"Dur\u00e9e de lecture estim\u00e9e\" \/>\n\t<meta name=\"twitter:data1\" content=\"2 minutes\" \/>\n<script type=\"application\/ld+json\" class=\"yoast-schema-graph\">{\"@context\":\"https:\/\/schema.org\",\"@graph\":[{\"@type\":\"WebPage\",\"@id\":\"https:\/\/www.iplay.com\/en\/games\/jixo-hidden-horizons-collectors-edition\/\",\"url\":\"https:\/\/www.iplay.com\/en\/games\/jixo-hidden-horizons-collectors-edition\/\",\"name\":\"Jixo Hidden Horizons CE - Collectez des tr\u00e9sors mondiaux et r\u00e9solvez des \u00e9nigmes\",\"isPartOf\":{\"@id\":\"https:\/\/www.iplay.com\/en\/#website\"},\"primaryImageOfPage\":{\"@id\":\"https:\/\/www.iplay.com\/en\/games\/jixo-hidden-horizons-collectors-edition\/#primaryimage\"},\"image\":{\"@id\":\"https:\/\/www.iplay.com\/en\/games\/jixo-hidden-horizons-collectors-edition\/#primaryimage\"},\"thumbnailUrl\":\"https:\/\/www.iplay.com\/wp-content\/uploads\/2025\/08\/jixo_hidden_horizons_collectors_edition_large_video_screenshot.webp\",\"datePublished\":\"2025-08-29T09:30:35+00:00\",\"description\":\"Avec Jixo&nbsp;: Hidden Horizons, vous pouvez r\u00e9soudre des \u00e9nigmes dans de beaux endroits et collecter des richesses du monde entier.\",\"breadcrumb\":{\"@id\":\"https:\/\/www.iplay.com\/en\/games\/jixo-hidden-horizons-collectors-edition\/#breadcrumb\"},\"inLanguage\":\"fr-FR\",\"potentialAction\":[{\"@type\":\"ReadAction\",\"target\":[\"https:\/\/www.iplay.com\/en\/games\/jixo-hidden-horizons-collectors-edition\/\"]}]},{\"@type\":\"ImageObject\",\"inLanguage\":\"fr-FR\",\"@id\":\"https:\/\/www.iplay.com\/en\/games\/jixo-hidden-horizons-collectors-edition\/#primaryimage\",\"url\":\"https:\/\/www.iplay.com\/wp-content\/uploads\/2025\/08\/jixo_hidden_horizons_collectors_edition_large_video_screenshot.webp\",\"contentUrl\":\"https:\/\/www.iplay.com\/wp-content\/uploads\/2025\/08\/jixo_hidden_horizons_collectors_edition_large_video_screenshot.webp\",\"width\":715,\"height\":485},{\"@type\":\"BreadcrumbList\",\"@id\":\"https:\/\/www.iplay.com\/en\/games\/jixo-hidden-horizons-collectors-edition\/#breadcrumb\",\"itemListElement\":[{\"@type\":\"ListItem\",\"position\":1,\"name\":\"Home\",\"item\":\"https:\/\/www.iplay.com\/fr\/home-page-2\/\"},{\"@type\":\"ListItem\",\"position\":2,\"name\":\"Shop\",\"item\":\"https:\/\/www.iplay.com\/en\/shop\/\"},{\"@type\":\"ListItem\",\"position\":3,\"name\":\"Jixo &#8211; Hidden Horizons &#8211; Collector&#8217;s Edition\"}]},{\"@type\":\"WebSite\",\"@id\":\"https:\/\/www.iplay.com\/en\/#website\",\"url\":\"https:\/\/www.iplay.com\/en\/\",\"name\":\"IPlay\",\"description\":\"The Best Casual Games!\",\"publisher\":{\"@id\":\"https:\/\/www.iplay.com\/en\/#organization\"},\"potentialAction\":[{\"@type\":\"SearchAction\",\"target\":{\"@type\":\"EntryPoint\",\"urlTemplate\":\"https:\/\/www.iplay.com\/en\/?s={search_term_string}\"},\"query-input\":{\"@type\":\"PropertyValueSpecification\",\"valueRequired\":true,\"valueName\":\"search_term_string\"}}],\"inLanguage\":\"fr-FR\"},{\"@type\":\"Organization\",\"@id\":\"https:\/\/www.iplay.com\/en\/#organization\",\"name\":\"IPlay\",\"url\":\"https:\/\/www.iplay.com\/en\/\",\"logo\":{\"@type\":\"ImageObject\",\"inLanguage\":\"fr-FR\",\"@id\":\"https:\/\/www.iplay.com\/en\/#\/schema\/logo\/image\/\",\"url\":\"https:\/\/www.iplay.com\/wp-content\/uploads\/2023\/11\/Group-6100.svg\",\"contentUrl\":\"https:\/\/www.iplay.com\/wp-content\/uploads\/2023\/11\/Group-6100.svg\",\"width\":98,\"height\":25,\"caption\":\"IPlay\"},\"image\":{\"@id\":\"https:\/\/www.iplay.com\/en\/#\/schema\/logo\/image\/\"}}]}<\/script>\n<!-- \/ Yoast SEO Premium plugin. -->","yoast_head_json":{"title":"Jixo Hidden Horizons CE - Collectez des tr\u00e9sors mondiaux et r\u00e9solvez des \u00e9nigmes","description":"Avec Jixo&nbsp;: Hidden Horizons, vous pouvez r\u00e9soudre des \u00e9nigmes dans de beaux endroits et collecter des richesses du monde entier.","robots":{"index":"index","follow":"follow","max-snippet":"max-snippet:-1","max-image-preview":"max-image-preview:large","max-video-preview":"max-video-preview:-1"},"canonical":"https:\/\/www.iplay.com\/en\/games\/jixo-hidden-horizons-collectors-edition\/","og_locale":"fr_FR","og_type":"article","og_title":"Jixo - Hidden Horizons - Collector's Edition","og_description":"Avec Jixo&nbsp;: Hidden Horizons, vous pouvez r\u00e9soudre des \u00e9nigmes dans de beaux endroits et collecter des richesses du monde entier.","og_url":"https:\/\/www.iplay.com\/en\/games\/jixo-hidden-horizons-collectors-edition\/","og_site_name":"IPlay","og_image":[{"width":715,"height":485,"url":"https:\/\/www.iplay.com\/wp-content\/uploads\/2025\/08\/jixo_hidden_horizons_collectors_edition_large_video_screenshot.webp","type":"image\/webp"}],"twitter_card":"summary_large_image","twitter_misc":{"Dur\u00e9e de lecture estim\u00e9e":"2 minutes"},"schema":{"@context":"https:\/\/schema.org","@graph":[{"@type":"WebPage","@id":"https:\/\/www.iplay.com\/en\/games\/jixo-hidden-horizons-collectors-edition\/","url":"https:\/\/www.iplay.com\/en\/games\/jixo-hidden-horizons-collectors-edition\/","name":"Jixo Hidden Horizons CE - Collectez des tr\u00e9sors mondiaux et r\u00e9solvez des \u00e9nigmes","isPartOf":{"@id":"https:\/\/www.iplay.com\/en\/#website"},"primaryImageOfPage":{"@id":"https:\/\/www.iplay.com\/en\/games\/jixo-hidden-horizons-collectors-edition\/#primaryimage"},"image":{"@id":"https:\/\/www.iplay.com\/en\/games\/jixo-hidden-horizons-collectors-edition\/#primaryimage"},"thumbnailUrl":"https:\/\/www.iplay.com\/wp-content\/uploads\/2025\/08\/jixo_hidden_horizons_collectors_edition_large_video_screenshot.webp","datePublished":"2025-08-29T09:30:35+00:00","description":"Avec Jixo&nbsp;: Hidden Horizons, vous pouvez r\u00e9soudre des \u00e9nigmes dans de beaux endroits et collecter des richesses du monde entier.","breadcrumb":{"@id":"https:\/\/www.iplay.com\/en\/games\/jixo-hidden-horizons-collectors-edition\/#breadcrumb"},"inLanguage":"fr-FR","potentialAction":[{"@type":"ReadAction","target":["https:\/\/www.iplay.com\/en\/games\/jixo-hidden-horizons-collectors-edition\/"]}]},{"@type":"ImageObject","inLanguage":"fr-FR","@id":"https:\/\/www.iplay.com\/en\/games\/jixo-hidden-horizons-collectors-edition\/#primaryimage","url":"https:\/\/www.iplay.com\/wp-content\/uploads\/2025\/08\/jixo_hidden_horizons_collectors_edition_large_video_screenshot.webp","contentUrl":"https:\/\/www.iplay.com\/wp-content\/uploads\/2025\/08\/jixo_hidden_horizons_collectors_edition_large_video_screenshot.webp","width":715,"height":485},{"@type":"BreadcrumbList","@id":"https:\/\/www.iplay.com\/en\/games\/jixo-hidden-horizons-collectors-edition\/#breadcrumb","itemListElement":[{"@type":"ListItem","position":1,"name":"Home","item":"https:\/\/www.iplay.com\/fr\/home-page-2\/"},{"@type":"ListItem","position":2,"name":"Shop","item":"https:\/\/www.iplay.com\/en\/shop\/"},{"@type":"ListItem","position":3,"name":"Jixo &#8211; Hidden Horizons &#8211; Collector&#8217;s Edition"}]},{"@type":"WebSite","@id":"https:\/\/www.iplay.com\/en\/#website","url":"https:\/\/www.iplay.com\/en\/","name":"IPlay","description":"The Best Casual Games!","publisher":{"@id":"https:\/\/www.iplay.com\/en\/#organization"},"potentialAction":[{"@type":"SearchAction","target":{"@type":"EntryPoint","urlTemplate":"https:\/\/www.iplay.com\/en\/?s={search_term_string}"},"query-input":{"@type":"PropertyValueSpecification","valueRequired":true,"valueName":"search_term_string"}}],"inLanguage":"fr-FR"},{"@type":"Organization","@id":"https:\/\/www.iplay.com\/en\/#organization","name":"IPlay","url":"https:\/\/www.iplay.com\/en\/","logo":{"@type":"ImageObject","inLanguage":"fr-FR","@id":"https:\/\/www.iplay.com\/en\/#\/schema\/logo\/image\/","url":"https:\/\/www.iplay.com\/wp-content\/uploads\/2023\/11\/Group-6100.svg","contentUrl":"https:\/\/www.iplay.com\/wp-content\/uploads\/2023\/11\/Group-6100.svg","width":98,"height":25,"caption":"IPlay"},"image":{"@id":"https:\/\/www.iplay.com\/en\/#\/schema\/logo\/image\/"}}]}},"_links":{"self":[{"href":"https:\/\/www.iplay.com\/fr\/wp-json\/wp\/v2\/product\/142948","targetHints":{"allow":["GET"]}}],"collection":[{"href":"https:\/\/www.iplay.com\/fr\/wp-json\/wp\/v2\/product"}],"about":[{"href":"https:\/\/www.iplay.com\/fr\/wp-json\/wp\/v2\/types\/product"}],"author":[{"embeddable":true,"href":"https:\/\/www.iplay.com\/fr\/wp-json\/wp\/v2\/users\/77"}],"replies":[{"embeddable":true,"href":"https:\/\/www.iplay.com\/fr\/wp-json\/wp\/v2\/comments?post=142948"}],"wp:featuredmedia":[{"embeddable":true,"href":"https:\/\/www.iplay.com\/fr\/wp-json\/wp\/v2\/media\/142908"}],"wp:attachment":[{"href":"https:\/\/www.iplay.com\/fr\/wp-json\/wp\/v2\/media?parent=142948"}],"wp:term":[{"taxonomy":"product_brand","embeddable":true,"href":"https:\/\/www.iplay.com\/fr\/wp-json\/wp\/v2\/product_brand?post=142948"},{"taxonomy":"product_cat","embeddable":true,"href":"https:\/\/www.iplay.com\/fr\/wp-json\/wp\/v2\/product_cat?post=142948"},{"taxonomy":"product_tag","embeddable":true,"href":"https:\/\/www.iplay.com\/fr\/wp-json\/wp\/v2\/product_tag?post=142948"}],"curies":[{"name":"wp","href":"https:\/\/api.w.org\/{rel}","templated":true}]}}