{"id":142942,"date":"2025-08-27T07:30:12","date_gmt":"2025-08-27T07:30:12","guid":{"rendered":"https:\/\/www.iplay.com\/?post_type=product&p=142942"},"modified":"2025-08-22T10:48:02","modified_gmt":"2025-08-22T10:48:02","slug":"book-travelers-a-gothic-story-collectors-edition","status":"publish","type":"product","link":"https:\/\/www.iplay.com\/fr\/games\/book-travelers-a-gothic-story-collectors-edition\/","title":{"rendered":"Book Travelers: A Gothic Story Collector&#8217;s Edition"},"content":{"rendered":"<p class=\"ai-optimize-36 ai-optimize-introduction\">Book Travelers&nbsp;: A Gothic Story CE est une tournure effrayante de votre voyage \u00e0 travers la litt\u00e9rature classique. Apr\u00e8s avoir trouv\u00e9 une image effrayante enfouie dans le Dracula de Bram Stoker, vous \u00eates rappel\u00e9 \u00e0 la Grande Biblioth\u00e8que, o\u00f9 vous \u00eates emport\u00e9 dans le monde effrayant du livre. <\/p>\n<p class=\"ai-optimize-37\">Vous \u00eates coinc\u00e9 dans un monde domin\u00e9 par des vampires vicieux, de vieux rituels et de sombres secrets. Vous devez d\u00e9couvrir comment vous y \u00eates arriv\u00e9 et combattre l\u2019horrible h\u00e9ritage du comte Dracula lui-m\u00eame. Chaque d\u00e9cision que vous prenez dans ce cauchemar gothique pourrait faire la diff\u00e9rence entre en sortir vivant et faire partie de l\u2019histoire pour toujours.  <\/p>\n<p>&nbsp;<\/p>\n<p class=\"ai-optimize-38\"><strong>Caract\u00e9ristiques de l\u2019\u00e9dition collector<\/strong><\/p>\n<ul>\n<li class=\"ai-optimize-38\">Organisez une f\u00eate qui d\u00e9fie les t\u00e9n\u00e8bres et jouez un chapitre bonus !<\/li>\n<li class=\"ai-optimize-38\">Jouez \u00e0 nouveau aux SOC et aux mini-jeux pour obtenir des succ\u00e8s pour votre aventure !<\/li>\n<li class=\"ai-optimize-38\">Cherchez \u00e0 collecter des marque-pages et des pi\u00e8ces de puzzle qui sont dissimul\u00e9s dans le jeu !<\/li>\n<li class=\"ai-optimize-38\">Obtenez des \u00e9conomiseurs d\u2019\u00e9cran, des fonds d\u2019\u00e9cran et une bande-son effrayante !<\/li>\n<li class=\"ai-optimize-38\">Rendez-vous dans la salle secr\u00e8te, la salle d\u2019aventure et le guide de strat\u00e9gie pour tout voir !<\/li>\n<\/ul>\n","protected":false},"excerpt":{"rendered":"<p>Entrez dans le monde de Dracula et traversez un monde plein de vampires, de magie noire et de mensonges litt\u00e9raires !<\/p>\n","protected":false},"author":17,"featured_media":142850,"comment_status":"open","ping_status":"closed","template":"","meta":{"_acf_changed":false,"inline_featured_image":false},"product_brand":[],"product_cat":[165],"product_tag":[287],"class_list":{"0":"post-142942","1":"product","2":"type-product","3":"status-publish","4":"has-post-thumbnail","6":"product_cat-hidden-object-fr","7":"product_tag-play-on-pc-fr","9":"first","10":"instock","11":"shipping-taxable","12":"purchasable","13":"product-type-simple"},"acf":[],"yoast_head":"<!-- This site is optimized with the Yoast SEO Premium plugin v25.2 (Yoast SEO v25.2) - https:\/\/yoast.com\/wordpress\/plugins\/seo\/ -->\n<title>Livre Travelers\u00a0: A Gothic Story CE - Survivez au monde des vampires\u00a0!<\/title>\n<meta name=\"description\" content=\"Entrez dans le monde de Dracula et traversez un monde plein de vampires, de magie noire et de mensonges litt\u00e9raires !\" \/>\n<meta name=\"robots\" content=\"index, follow, max-snippet:-1, max-image-preview:large, max-video-preview:-1\" \/>\n<link rel=\"canonical\" href=\"https:\/\/www.iplay.com\/en\/games\/book-travelers-a-gothic-story-collectors-edition\/\" \/>\n<meta property=\"og:locale\" content=\"fr_FR\" \/>\n<meta property=\"og:type\" content=\"article\" \/>\n<meta property=\"og:title\" content=\"Book Travelers: A Gothic Story Collector&#039;s Edition\" \/>\n<meta property=\"og:description\" content=\"Entrez dans le monde de Dracula et traversez un monde plein de vampires, de magie noire et de mensonges litt\u00e9raires !\" \/>\n<meta property=\"og:url\" content=\"https:\/\/www.iplay.com\/en\/games\/book-travelers-a-gothic-story-collectors-edition\/\" \/>\n<meta property=\"og:site_name\" content=\"IPlay\" \/>\n<meta property=\"og:image\" content=\"https:\/\/www.iplay.com\/wp-content\/uploads\/2025\/08\/book_travelers_-_a_gothic_story_ce_large_video_screenshot.webp\" \/>\n\t<meta property=\"og:image:width\" content=\"715\" \/>\n\t<meta property=\"og:image:height\" content=\"485\" \/>\n\t<meta property=\"og:image:type\" content=\"image\/webp\" \/>\n<meta name=\"twitter:card\" content=\"summary_large_image\" \/>\n<meta name=\"twitter:label1\" content=\"Dur\u00e9e de lecture estim\u00e9e\" \/>\n\t<meta name=\"twitter:data1\" content=\"1 minute\" \/>\n<script type=\"application\/ld+json\" class=\"yoast-schema-graph\">{\"@context\":\"https:\/\/schema.org\",\"@graph\":[{\"@type\":\"WebPage\",\"@id\":\"https:\/\/www.iplay.com\/en\/games\/book-travelers-a-gothic-story-collectors-edition\/\",\"url\":\"https:\/\/www.iplay.com\/en\/games\/book-travelers-a-gothic-story-collectors-edition\/\",\"name\":\"Livre Travelers\u00a0: A Gothic Story CE - Survivez au monde des vampires\u00a0!\",\"isPartOf\":{\"@id\":\"https:\/\/www.iplay.com\/en\/#website\"},\"primaryImageOfPage\":{\"@id\":\"https:\/\/www.iplay.com\/en\/games\/book-travelers-a-gothic-story-collectors-edition\/#primaryimage\"},\"image\":{\"@id\":\"https:\/\/www.iplay.com\/en\/games\/book-travelers-a-gothic-story-collectors-edition\/#primaryimage\"},\"thumbnailUrl\":\"https:\/\/www.iplay.com\/wp-content\/uploads\/2025\/08\/book_travelers_-_a_gothic_story_ce_large_square_tile_image.webp\",\"datePublished\":\"2025-08-27T07:30:12+00:00\",\"description\":\"Entrez dans le monde de Dracula et traversez un monde plein de vampires, de magie noire et de mensonges litt\u00e9raires !\",\"breadcrumb\":{\"@id\":\"https:\/\/www.iplay.com\/en\/games\/book-travelers-a-gothic-story-collectors-edition\/#breadcrumb\"},\"inLanguage\":\"fr-FR\",\"potentialAction\":[{\"@type\":\"ReadAction\",\"target\":[\"https:\/\/www.iplay.com\/en\/games\/book-travelers-a-gothic-story-collectors-edition\/\"]}]},{\"@type\":\"ImageObject\",\"inLanguage\":\"fr-FR\",\"@id\":\"https:\/\/www.iplay.com\/en\/games\/book-travelers-a-gothic-story-collectors-edition\/#primaryimage\",\"url\":\"https:\/\/www.iplay.com\/wp-content\/uploads\/2025\/08\/book_travelers_-_a_gothic_story_ce_large_square_tile_image.webp\",\"contentUrl\":\"https:\/\/www.iplay.com\/wp-content\/uploads\/2025\/08\/book_travelers_-_a_gothic_story_ce_large_square_tile_image.webp\",\"width\":310,\"height\":310},{\"@type\":\"BreadcrumbList\",\"@id\":\"https:\/\/www.iplay.com\/en\/games\/book-travelers-a-gothic-story-collectors-edition\/#breadcrumb\",\"itemListElement\":[{\"@type\":\"ListItem\",\"position\":1,\"name\":\"Home\",\"item\":\"https:\/\/www.iplay.com\/fr\/home-page-2\/\"},{\"@type\":\"ListItem\",\"position\":2,\"name\":\"Shop\",\"item\":\"https:\/\/www.iplay.com\/en\/shop\/\"},{\"@type\":\"ListItem\",\"position\":3,\"name\":\"Book Travelers: A Gothic Story Collector&#8217;s Edition\"}]},{\"@type\":\"WebSite\",\"@id\":\"https:\/\/www.iplay.com\/en\/#website\",\"url\":\"https:\/\/www.iplay.com\/en\/\",\"name\":\"IPlay\",\"description\":\"The Best Casual Games!\",\"publisher\":{\"@id\":\"https:\/\/www.iplay.com\/en\/#organization\"},\"potentialAction\":[{\"@type\":\"SearchAction\",\"target\":{\"@type\":\"EntryPoint\",\"urlTemplate\":\"https:\/\/www.iplay.com\/en\/?s={search_term_string}\"},\"query-input\":{\"@type\":\"PropertyValueSpecification\",\"valueRequired\":true,\"valueName\":\"search_term_string\"}}],\"inLanguage\":\"fr-FR\"},{\"@type\":\"Organization\",\"@id\":\"https:\/\/www.iplay.com\/en\/#organization\",\"name\":\"IPlay\",\"url\":\"https:\/\/www.iplay.com\/en\/\",\"logo\":{\"@type\":\"ImageObject\",\"inLanguage\":\"fr-FR\",\"@id\":\"https:\/\/www.iplay.com\/en\/#\/schema\/logo\/image\/\",\"url\":\"https:\/\/www.iplay.com\/wp-content\/uploads\/2023\/11\/Group-6100.svg\",\"contentUrl\":\"https:\/\/www.iplay.com\/wp-content\/uploads\/2023\/11\/Group-6100.svg\",\"width\":98,\"height\":25,\"caption\":\"IPlay\"},\"image\":{\"@id\":\"https:\/\/www.iplay.com\/en\/#\/schema\/logo\/image\/\"}}]}<\/script>\n<!-- \/ Yoast SEO Premium plugin. -->","yoast_head_json":{"title":"Livre Travelers\u00a0: A Gothic Story CE - Survivez au monde des vampires\u00a0!","description":"Entrez dans le monde de Dracula et traversez un monde plein de vampires, de magie noire et de mensonges litt\u00e9raires !","robots":{"index":"index","follow":"follow","max-snippet":"max-snippet:-1","max-image-preview":"max-image-preview:large","max-video-preview":"max-video-preview:-1"},"canonical":"https:\/\/www.iplay.com\/en\/games\/book-travelers-a-gothic-story-collectors-edition\/","og_locale":"fr_FR","og_type":"article","og_title":"Book Travelers: A Gothic Story Collector's Edition","og_description":"Entrez dans le monde de Dracula et traversez un monde plein de vampires, de magie noire et de mensonges litt\u00e9raires !","og_url":"https:\/\/www.iplay.com\/en\/games\/book-travelers-a-gothic-story-collectors-edition\/","og_site_name":"IPlay","og_image":[{"width":715,"height":485,"url":"https:\/\/www.iplay.com\/wp-content\/uploads\/2025\/08\/book_travelers_-_a_gothic_story_ce_large_video_screenshot.webp","type":"image\/webp"}],"twitter_card":"summary_large_image","twitter_misc":{"Dur\u00e9e de lecture estim\u00e9e":"1 minute"},"schema":{"@context":"https:\/\/schema.org","@graph":[{"@type":"WebPage","@id":"https:\/\/www.iplay.com\/en\/games\/book-travelers-a-gothic-story-collectors-edition\/","url":"https:\/\/www.iplay.com\/en\/games\/book-travelers-a-gothic-story-collectors-edition\/","name":"Livre Travelers\u00a0: A Gothic Story CE - Survivez au monde des vampires\u00a0!","isPartOf":{"@id":"https:\/\/www.iplay.com\/en\/#website"},"primaryImageOfPage":{"@id":"https:\/\/www.iplay.com\/en\/games\/book-travelers-a-gothic-story-collectors-edition\/#primaryimage"},"image":{"@id":"https:\/\/www.iplay.com\/en\/games\/book-travelers-a-gothic-story-collectors-edition\/#primaryimage"},"thumbnailUrl":"https:\/\/www.iplay.com\/wp-content\/uploads\/2025\/08\/book_travelers_-_a_gothic_story_ce_large_square_tile_image.webp","datePublished":"2025-08-27T07:30:12+00:00","description":"Entrez dans le monde de Dracula et traversez un monde plein de vampires, de magie noire et de mensonges litt\u00e9raires !","breadcrumb":{"@id":"https:\/\/www.iplay.com\/en\/games\/book-travelers-a-gothic-story-collectors-edition\/#breadcrumb"},"inLanguage":"fr-FR","potentialAction":[{"@type":"ReadAction","target":["https:\/\/www.iplay.com\/en\/games\/book-travelers-a-gothic-story-collectors-edition\/"]}]},{"@type":"ImageObject","inLanguage":"fr-FR","@id":"https:\/\/www.iplay.com\/en\/games\/book-travelers-a-gothic-story-collectors-edition\/#primaryimage","url":"https:\/\/www.iplay.com\/wp-content\/uploads\/2025\/08\/book_travelers_-_a_gothic_story_ce_large_square_tile_image.webp","contentUrl":"https:\/\/www.iplay.com\/wp-content\/uploads\/2025\/08\/book_travelers_-_a_gothic_story_ce_large_square_tile_image.webp","width":310,"height":310},{"@type":"BreadcrumbList","@id":"https:\/\/www.iplay.com\/en\/games\/book-travelers-a-gothic-story-collectors-edition\/#breadcrumb","itemListElement":[{"@type":"ListItem","position":1,"name":"Home","item":"https:\/\/www.iplay.com\/fr\/home-page-2\/"},{"@type":"ListItem","position":2,"name":"Shop","item":"https:\/\/www.iplay.com\/en\/shop\/"},{"@type":"ListItem","position":3,"name":"Book Travelers: A Gothic Story Collector&#8217;s Edition"}]},{"@type":"WebSite","@id":"https:\/\/www.iplay.com\/en\/#website","url":"https:\/\/www.iplay.com\/en\/","name":"IPlay","description":"The Best Casual Games!","publisher":{"@id":"https:\/\/www.iplay.com\/en\/#organization"},"potentialAction":[{"@type":"SearchAction","target":{"@type":"EntryPoint","urlTemplate":"https:\/\/www.iplay.com\/en\/?s={search_term_string}"},"query-input":{"@type":"PropertyValueSpecification","valueRequired":true,"valueName":"search_term_string"}}],"inLanguage":"fr-FR"},{"@type":"Organization","@id":"https:\/\/www.iplay.com\/en\/#organization","name":"IPlay","url":"https:\/\/www.iplay.com\/en\/","logo":{"@type":"ImageObject","inLanguage":"fr-FR","@id":"https:\/\/www.iplay.com\/en\/#\/schema\/logo\/image\/","url":"https:\/\/www.iplay.com\/wp-content\/uploads\/2023\/11\/Group-6100.svg","contentUrl":"https:\/\/www.iplay.com\/wp-content\/uploads\/2023\/11\/Group-6100.svg","width":98,"height":25,"caption":"IPlay"},"image":{"@id":"https:\/\/www.iplay.com\/en\/#\/schema\/logo\/image\/"}}]}},"_links":{"self":[{"href":"https:\/\/www.iplay.com\/fr\/wp-json\/wp\/v2\/product\/142942","targetHints":{"allow":["GET"]}}],"collection":[{"href":"https:\/\/www.iplay.com\/fr\/wp-json\/wp\/v2\/product"}],"about":[{"href":"https:\/\/www.iplay.com\/fr\/wp-json\/wp\/v2\/types\/product"}],"author":[{"embeddable":true,"href":"https:\/\/www.iplay.com\/fr\/wp-json\/wp\/v2\/users\/17"}],"replies":[{"embeddable":true,"href":"https:\/\/www.iplay.com\/fr\/wp-json\/wp\/v2\/comments?post=142942"}],"wp:featuredmedia":[{"embeddable":true,"href":"https:\/\/www.iplay.com\/fr\/wp-json\/wp\/v2\/media\/142850"}],"wp:attachment":[{"href":"https:\/\/www.iplay.com\/fr\/wp-json\/wp\/v2\/media?parent=142942"}],"wp:term":[{"taxonomy":"product_brand","embeddable":true,"href":"https:\/\/www.iplay.com\/fr\/wp-json\/wp\/v2\/product_brand?post=142942"},{"taxonomy":"product_cat","embeddable":true,"href":"https:\/\/www.iplay.com\/fr\/wp-json\/wp\/v2\/product_cat?post=142942"},{"taxonomy":"product_tag","embeddable":true,"href":"https:\/\/www.iplay.com\/fr\/wp-json\/wp\/v2\/product_tag?post=142942"}],"curies":[{"name":"wp","href":"https:\/\/api.w.org\/{rel}","templated":true}]}}