{"id":142310,"date":"2018-04-07T00:00:00","date_gmt":"2018-04-07T00:00:00","guid":{"rendered":"https:\/\/www.iplay.com\/games\/zombie-solitaire-2-trilogy\/"},"modified":"2018-04-07T00:00:00","modified_gmt":"2018-04-07T00:00:00","slug":"zombie-solitaire-2-trilogy","status":"publish","type":"product","link":"https:\/\/www.iplay.com\/fr\/games\/zombie-solitaire-2-trilogy\/","title":{"rendered":"Zombie Solitaire 2 &#8211; Trilogy"},"content":{"rendered":"<p>Les morts-vivants sont arriv\u00e9s ! \u00cates-vous pr\u00eat pour cette incroyable trilogie ? Obtenez les trois jeux Zombie Solitaire 2 dans un pack fantastique ! C\u2019est ce que vous recevez&#8230;   <\/p>\n<p>&nbsp;<\/p>\n<p><strong>Chapitre 1 de Zombie Solitaire 2<\/strong><\/p>\n<p>De nombreux survivants de l\u2019\u00e9pid\u00e9mie initiale de zombies ont pu fuir vers une \u00eele. Ils vont cependant avoir une mauvaise surprise. Une autre invasion de zombies commence lorsque des restes de tofu infect\u00e9s se retrouvent malheureusement sur l\u2019\u00eele. Y a-t-il encore un espoir de survie ? Maintenant, votre \u00e9vasion haletante vers le continent commence. Alors que vous revenez \u00e0 travers un monde rempli de zombies qui se balancent et que vous vous assurez de ne pas manquer ce dernier vol vers la s\u00e9curit\u00e9, profitez de nombreux matchs de solitaire difficiles et de mini-jeux amusants.     <\/p>\n<p>&nbsp;<\/p>\n<p><span style=\"font-weight: bold\">Chapitre 2 de Zombie Solitaire 2<\/span><\/p>\n<p>Une fois de plus, vous allez vivre de nombreuses batailles de solitaire difficiles et pleines de surprises agr\u00e9ables. Faites juste attention \u00e0 ne pas vous faire abattre par ces zombies aga\u00e7ants. Votre meilleur pari est d\u2019utiliser un choc de sucre Z diab\u00e9tique pour frapper les zombies. Ainsi, gardez toujours une grande quantit\u00e9 de munitions en sucre \u00e0 port\u00e9e de main ! Au cours de vos aventures int\u00e9ressantes \u00e0 choix multiples, gardez votre sang-froid et choisissez le bon choix. Jamais \u00e9chapper \u00e0 l\u2019apocalypse zombie n\u2019a \u00e9t\u00e9 aussi amusant !     <\/p>\n<p>&nbsp;<\/p>\n<p><span style=\"font-weight: bold\">Chapitre 3 de Zombie Solitaire 2<\/span><\/p>\n<p>Vous arrivez enfin en \u00c9gypte apr\u00e8s votre folle \u00e9vasion des Zombies infest\u00e9s de burgers au tofu g\u00e9n\u00e9tiquement modifi\u00e9s. Cependant, l\u2019invasion de zombies s\u2019y \u00e9tend encore rapidement. Y a-t-il encore une chance ? En suivant un conseil qui vous emm\u00e8ne au repaire ultime des zombies, vous partez \u00e0 travers le pays arm\u00e9 d\u2019une grande quantit\u00e9 de bonbons pour effrayer ces cr\u00e9atures g\u00eanantes avec un m\u00e9chant cas de choc sucr\u00e9. Attendez-vous \u00e0 des \u00e9nigmes d\u2019aventure divertissantes et \u00e0 des t\u00e2ches \u00e0 choix multiples qui vous rapprocheront un peu plus de votre objectif. Engagez-vous dans des batailles palpitantes de Match 3 et des duels de gestion du temps avec des zombies. \u00cates-vous pr\u00eat pour le combat le plus dr\u00f4le de tous les temps ?      <\/p>\n<p>&nbsp;<\/p>\n","protected":false},"excerpt":{"rendered":"<p>Les morts-vivants sont arriv\u00e9s !<\/p>\n","protected":false},"author":30,"featured_media":107986,"comment_status":"open","ping_status":"closed","template":"","meta":{"_acf_changed":false,"inline_featured_image":false},"product_brand":[],"product_cat":[155,207],"product_tag":[287],"class_list":{"0":"post-142310","1":"product","2":"type-product","3":"status-publish","4":"has-post-thumbnail","6":"product_cat-card-fr-2","7":"product_cat-solitaire-fr","8":"product_tag-play-on-pc-fr","10":"first","11":"instock","12":"shipping-taxable","13":"purchasable","14":"product-type-simple"},"acf":[],"yoast_head":"<!-- This site is optimized with the Yoast SEO Premium plugin v25.2 (Yoast SEO v25.2) - https:\/\/yoast.com\/wordpress\/plugins\/seo\/ -->\n<title>Zombie Solitaire 2 - Trilogie - Pr\u00e9parez-vous, les zombies sont arriv\u00e9s<\/title>\n<meta name=\"robots\" content=\"index, follow, max-snippet:-1, max-image-preview:large, max-video-preview:-1\" \/>\n<link rel=\"canonical\" href=\"https:\/\/www.iplay.com\/fr\/games\/zombie-solitaire-2-trilogy\/\" \/>\n<meta property=\"og:locale\" content=\"fr_FR\" \/>\n<meta property=\"og:type\" content=\"article\" \/>\n<meta property=\"og:title\" content=\"Zombie Solitaire 2 - Trilogy\" \/>\n<meta property=\"og:url\" content=\"https:\/\/www.iplay.com\/fr\/games\/zombie-solitaire-2-trilogy\/\" \/>\n<meta property=\"og:site_name\" content=\"IPlay\" \/>\n<meta property=\"og:image\" content=\"https:\/\/www.iplay.com\/wp-content\/uploads\/2023\/12\/large_square_tile_image-4270.jpg\" \/>\n\t<meta property=\"og:image:width\" content=\"310\" \/>\n\t<meta property=\"og:image:height\" content=\"310\" \/>\n\t<meta property=\"og:image:type\" content=\"image\/jpeg\" \/>\n<meta name=\"twitter:card\" content=\"summary_large_image\" \/>\n<meta name=\"twitter:label1\" content=\"Dur\u00e9e de lecture estim\u00e9e\" \/>\n\t<meta name=\"twitter:data1\" content=\"2 minutes\" \/>\n<script type=\"application\/ld+json\" class=\"yoast-schema-graph\">{\"@context\":\"https:\/\/schema.org\",\"@graph\":[{\"@type\":\"WebPage\",\"@id\":\"https:\/\/www.iplay.com\/fr\/games\/zombie-solitaire-2-trilogy\/\",\"url\":\"https:\/\/www.iplay.com\/fr\/games\/zombie-solitaire-2-trilogy\/\",\"name\":\"Zombie Solitaire 2 - Trilogie - Pr\u00e9parez-vous, les zombies sont arriv\u00e9s\",\"isPartOf\":{\"@id\":\"https:\/\/www.iplay.com\/en\/#website\"},\"primaryImageOfPage\":{\"@id\":\"https:\/\/www.iplay.com\/fr\/games\/zombie-solitaire-2-trilogy\/#primaryimage\"},\"image\":{\"@id\":\"https:\/\/www.iplay.com\/fr\/games\/zombie-solitaire-2-trilogy\/#primaryimage\"},\"thumbnailUrl\":\"https:\/\/www.iplay.com\/wp-content\/uploads\/2023\/12\/large_square_tile_image-4270.jpg\",\"datePublished\":\"2018-04-07T00:00:00+00:00\",\"breadcrumb\":{\"@id\":\"https:\/\/www.iplay.com\/fr\/games\/zombie-solitaire-2-trilogy\/#breadcrumb\"},\"inLanguage\":\"fr-FR\",\"potentialAction\":[{\"@type\":\"ReadAction\",\"target\":[\"https:\/\/www.iplay.com\/fr\/games\/zombie-solitaire-2-trilogy\/\"]}]},{\"@type\":\"ImageObject\",\"inLanguage\":\"fr-FR\",\"@id\":\"https:\/\/www.iplay.com\/fr\/games\/zombie-solitaire-2-trilogy\/#primaryimage\",\"url\":\"https:\/\/www.iplay.com\/wp-content\/uploads\/2023\/12\/large_square_tile_image-4270.jpg\",\"contentUrl\":\"https:\/\/www.iplay.com\/wp-content\/uploads\/2023\/12\/large_square_tile_image-4270.jpg\",\"width\":310,\"height\":310},{\"@type\":\"BreadcrumbList\",\"@id\":\"https:\/\/www.iplay.com\/fr\/games\/zombie-solitaire-2-trilogy\/#breadcrumb\",\"itemListElement\":[{\"@type\":\"ListItem\",\"position\":1,\"name\":\"Home\",\"item\":\"https:\/\/www.iplay.com\/fr\/home-page-2\/\"},{\"@type\":\"ListItem\",\"position\":2,\"name\":\"Shop\",\"item\":\"https:\/\/www.iplay.com\/en\/shop\/\"},{\"@type\":\"ListItem\",\"position\":3,\"name\":\"Zombie Solitaire 2 &#8211; Trilogy\"}]},{\"@type\":\"WebSite\",\"@id\":\"https:\/\/www.iplay.com\/en\/#website\",\"url\":\"https:\/\/www.iplay.com\/en\/\",\"name\":\"IPlay\",\"description\":\"The Best Casual Games!\",\"publisher\":{\"@id\":\"https:\/\/www.iplay.com\/en\/#organization\"},\"potentialAction\":[{\"@type\":\"SearchAction\",\"target\":{\"@type\":\"EntryPoint\",\"urlTemplate\":\"https:\/\/www.iplay.com\/en\/?s={search_term_string}\"},\"query-input\":{\"@type\":\"PropertyValueSpecification\",\"valueRequired\":true,\"valueName\":\"search_term_string\"}}],\"inLanguage\":\"fr-FR\"},{\"@type\":\"Organization\",\"@id\":\"https:\/\/www.iplay.com\/en\/#organization\",\"name\":\"IPlay\",\"url\":\"https:\/\/www.iplay.com\/en\/\",\"logo\":{\"@type\":\"ImageObject\",\"inLanguage\":\"fr-FR\",\"@id\":\"https:\/\/www.iplay.com\/en\/#\/schema\/logo\/image\/\",\"url\":\"https:\/\/www.iplay.com\/wp-content\/uploads\/2023\/11\/Group-6100.svg\",\"contentUrl\":\"https:\/\/www.iplay.com\/wp-content\/uploads\/2023\/11\/Group-6100.svg\",\"width\":98,\"height\":25,\"caption\":\"IPlay\"},\"image\":{\"@id\":\"https:\/\/www.iplay.com\/en\/#\/schema\/logo\/image\/\"}}]}<\/script>\n<!-- \/ Yoast SEO Premium plugin. -->","yoast_head_json":{"title":"Zombie Solitaire 2 - Trilogie - Pr\u00e9parez-vous, les zombies sont arriv\u00e9s","robots":{"index":"index","follow":"follow","max-snippet":"max-snippet:-1","max-image-preview":"max-image-preview:large","max-video-preview":"max-video-preview:-1"},"canonical":"https:\/\/www.iplay.com\/fr\/games\/zombie-solitaire-2-trilogy\/","og_locale":"fr_FR","og_type":"article","og_title":"Zombie Solitaire 2 - Trilogy","og_url":"https:\/\/www.iplay.com\/fr\/games\/zombie-solitaire-2-trilogy\/","og_site_name":"IPlay","og_image":[{"width":310,"height":310,"url":"https:\/\/www.iplay.com\/wp-content\/uploads\/2023\/12\/large_square_tile_image-4270.jpg","type":"image\/jpeg"}],"twitter_card":"summary_large_image","twitter_misc":{"Dur\u00e9e de lecture estim\u00e9e":"2 minutes"},"schema":{"@context":"https:\/\/schema.org","@graph":[{"@type":"WebPage","@id":"https:\/\/www.iplay.com\/fr\/games\/zombie-solitaire-2-trilogy\/","url":"https:\/\/www.iplay.com\/fr\/games\/zombie-solitaire-2-trilogy\/","name":"Zombie Solitaire 2 - Trilogie - Pr\u00e9parez-vous, les zombies sont arriv\u00e9s","isPartOf":{"@id":"https:\/\/www.iplay.com\/en\/#website"},"primaryImageOfPage":{"@id":"https:\/\/www.iplay.com\/fr\/games\/zombie-solitaire-2-trilogy\/#primaryimage"},"image":{"@id":"https:\/\/www.iplay.com\/fr\/games\/zombie-solitaire-2-trilogy\/#primaryimage"},"thumbnailUrl":"https:\/\/www.iplay.com\/wp-content\/uploads\/2023\/12\/large_square_tile_image-4270.jpg","datePublished":"2018-04-07T00:00:00+00:00","breadcrumb":{"@id":"https:\/\/www.iplay.com\/fr\/games\/zombie-solitaire-2-trilogy\/#breadcrumb"},"inLanguage":"fr-FR","potentialAction":[{"@type":"ReadAction","target":["https:\/\/www.iplay.com\/fr\/games\/zombie-solitaire-2-trilogy\/"]}]},{"@type":"ImageObject","inLanguage":"fr-FR","@id":"https:\/\/www.iplay.com\/fr\/games\/zombie-solitaire-2-trilogy\/#primaryimage","url":"https:\/\/www.iplay.com\/wp-content\/uploads\/2023\/12\/large_square_tile_image-4270.jpg","contentUrl":"https:\/\/www.iplay.com\/wp-content\/uploads\/2023\/12\/large_square_tile_image-4270.jpg","width":310,"height":310},{"@type":"BreadcrumbList","@id":"https:\/\/www.iplay.com\/fr\/games\/zombie-solitaire-2-trilogy\/#breadcrumb","itemListElement":[{"@type":"ListItem","position":1,"name":"Home","item":"https:\/\/www.iplay.com\/fr\/home-page-2\/"},{"@type":"ListItem","position":2,"name":"Shop","item":"https:\/\/www.iplay.com\/en\/shop\/"},{"@type":"ListItem","position":3,"name":"Zombie Solitaire 2 &#8211; Trilogy"}]},{"@type":"WebSite","@id":"https:\/\/www.iplay.com\/en\/#website","url":"https:\/\/www.iplay.com\/en\/","name":"IPlay","description":"The Best Casual Games!","publisher":{"@id":"https:\/\/www.iplay.com\/en\/#organization"},"potentialAction":[{"@type":"SearchAction","target":{"@type":"EntryPoint","urlTemplate":"https:\/\/www.iplay.com\/en\/?s={search_term_string}"},"query-input":{"@type":"PropertyValueSpecification","valueRequired":true,"valueName":"search_term_string"}}],"inLanguage":"fr-FR"},{"@type":"Organization","@id":"https:\/\/www.iplay.com\/en\/#organization","name":"IPlay","url":"https:\/\/www.iplay.com\/en\/","logo":{"@type":"ImageObject","inLanguage":"fr-FR","@id":"https:\/\/www.iplay.com\/en\/#\/schema\/logo\/image\/","url":"https:\/\/www.iplay.com\/wp-content\/uploads\/2023\/11\/Group-6100.svg","contentUrl":"https:\/\/www.iplay.com\/wp-content\/uploads\/2023\/11\/Group-6100.svg","width":98,"height":25,"caption":"IPlay"},"image":{"@id":"https:\/\/www.iplay.com\/en\/#\/schema\/logo\/image\/"}}]}},"_links":{"self":[{"href":"https:\/\/www.iplay.com\/fr\/wp-json\/wp\/v2\/product\/142310","targetHints":{"allow":["GET"]}}],"collection":[{"href":"https:\/\/www.iplay.com\/fr\/wp-json\/wp\/v2\/product"}],"about":[{"href":"https:\/\/www.iplay.com\/fr\/wp-json\/wp\/v2\/types\/product"}],"author":[{"embeddable":true,"href":"https:\/\/www.iplay.com\/fr\/wp-json\/wp\/v2\/users\/30"}],"replies":[{"embeddable":true,"href":"https:\/\/www.iplay.com\/fr\/wp-json\/wp\/v2\/comments?post=142310"}],"wp:featuredmedia":[{"embeddable":true,"href":"https:\/\/www.iplay.com\/fr\/wp-json\/wp\/v2\/media\/107986"}],"wp:attachment":[{"href":"https:\/\/www.iplay.com\/fr\/wp-json\/wp\/v2\/media?parent=142310"}],"wp:term":[{"taxonomy":"product_brand","embeddable":true,"href":"https:\/\/www.iplay.com\/fr\/wp-json\/wp\/v2\/product_brand?post=142310"},{"taxonomy":"product_cat","embeddable":true,"href":"https:\/\/www.iplay.com\/fr\/wp-json\/wp\/v2\/product_cat?post=142310"},{"taxonomy":"product_tag","embeddable":true,"href":"https:\/\/www.iplay.com\/fr\/wp-json\/wp\/v2\/product_tag?post=142310"}],"curies":[{"name":"wp","href":"https:\/\/api.w.org\/{rel}","templated":true}]}}