{"id":142173,"date":"2025-08-07T10:30:16","date_gmt":"2025-08-07T10:30:16","guid":{"rendered":"https:\/\/www.iplay.com\/games\/ludo-star\/"},"modified":"2025-08-07T10:30:16","modified_gmt":"2025-08-07T10:30:16","slug":"ludo-star","status":"publish","type":"product","link":"https:\/\/www.iplay.com\/fr\/games\/ludo-star\/","title":{"rendered":"Ludo Star"},"content":{"rendered":"<p class=\"ai-optimize-27 ai-optimize-introduction\">Adoptez la strat\u00e9gie et le risque ! Choisissez un mode, obtenez des skins de d\u00e9s sympas et grimpez sur la piste des troph\u00e9es. <\/p>\n<p class=\"ai-optimize-27 ai-optimize-introduction\">Ma\u00eetrisez vos mouvements, d\u00e9jouez vos adversaires et devenez une star de Ludo.<\/p>\n<p class=\"ai-optimize-27\">Les joueurs lancent des d\u00e9s pour transf\u00e9rer des jetons de la base au but central. Atterrir sur des jetons ennemis les red\u00e9marre. <\/p>\n<p class=\"ai-optimize-27\">Des matchs illimit\u00e9s, de nombreux modes, des sous-qu\u00eates et des skins de d\u00e9s d\u00e9bloqu\u00e9s sont dans le jeu.<\/p>\n","protected":false},"excerpt":{"rendered":"<p>Dans cette course color\u00e9e et impr\u00e9visible jusqu\u2019\u00e0 l\u2019arriv\u00e9e, des mouvements intelligents et des jeux agressifs peuvent changer le r\u00e9sultat.<\/p>\n","protected":false},"author":325,"featured_media":142039,"comment_status":"open","ping_status":"closed","template":"","meta":{"_acf_changed":false,"inline_featured_image":false},"product_brand":[],"product_cat":[179,193],"product_tag":[300,285,305,287],"class_list":{"0":"post-142173","1":"product","2":"type-product","3":"status-publish","4":"has-post-thumbnail","6":"product_cat-mobile-games-fr","7":"product_cat-puzzle-fr","8":"product_tag-play-for-free-fr","9":"product_tag-play-on-mac-fr","10":"product_tag-play-on-mobile-fr","11":"product_tag-play-on-pc-fr","13":"first","14":"instock","15":"shipping-taxable","16":"purchasable","17":"product-type-html5_game"},"acf":[],"yoast_head":"<!-- This site is optimized with the Yoast SEO Premium plugin v25.2 (Yoast SEO v25.2) - https:\/\/yoast.com\/wordpress\/plugins\/seo\/ -->\n<title>Ludo Star - Obtenez vos jetons et lancez-vous dans l\u2019action Ludo en ligne<\/title>\n<meta name=\"description\" content=\"Dans cette course color\u00e9e et impr\u00e9visible jusqu\u2019\u00e0 l\u2019arriv\u00e9e, des mouvements intelligents et des jeux agressifs peuvent changer le r\u00e9sultat.\" \/>\n<meta name=\"robots\" content=\"index, follow, max-snippet:-1, max-image-preview:large, max-video-preview:-1\" \/>\n<link rel=\"canonical\" href=\"https:\/\/www.iplay.com\/fr\/games\/ludo-star\/\" \/>\n<meta property=\"og:locale\" content=\"fr_FR\" \/>\n<meta property=\"og:type\" content=\"article\" \/>\n<meta property=\"og:title\" content=\"Ludo Star\" \/>\n<meta property=\"og:description\" content=\"Dans cette course color\u00e9e et impr\u00e9visible jusqu\u2019\u00e0 l\u2019arriv\u00e9e, des mouvements intelligents et des jeux agressifs peuvent changer le r\u00e9sultat.\" \/>\n<meta property=\"og:url\" content=\"https:\/\/www.iplay.com\/fr\/games\/ludo-star\/\" \/>\n<meta property=\"og:site_name\" content=\"IPlay\" \/>\n<meta property=\"og:image\" content=\"https:\/\/www.iplay.com\/wp-content\/uploads\/2025\/08\/ludostar-html5_715x485.webp\" \/>\n\t<meta property=\"og:image:width\" content=\"715\" \/>\n\t<meta property=\"og:image:height\" content=\"485\" \/>\n\t<meta property=\"og:image:type\" content=\"image\/webp\" \/>\n<meta name=\"twitter:card\" content=\"summary_large_image\" \/>\n<script type=\"application\/ld+json\" class=\"yoast-schema-graph\">{\"@context\":\"https:\/\/schema.org\",\"@graph\":[{\"@type\":\"WebPage\",\"@id\":\"https:\/\/www.iplay.com\/fr\/games\/ludo-star\/\",\"url\":\"https:\/\/www.iplay.com\/fr\/games\/ludo-star\/\",\"name\":\"Ludo Star - Obtenez vos jetons et lancez-vous dans l\u2019action Ludo en ligne\",\"isPartOf\":{\"@id\":\"https:\/\/www.iplay.com\/en\/#website\"},\"primaryImageOfPage\":{\"@id\":\"https:\/\/www.iplay.com\/fr\/games\/ludo-star\/#primaryimage\"},\"image\":{\"@id\":\"https:\/\/www.iplay.com\/fr\/games\/ludo-star\/#primaryimage\"},\"thumbnailUrl\":\"https:\/\/www.iplay.com\/wp-content\/uploads\/2025\/08\/ludostar-html5_310x310.webp\",\"datePublished\":\"2025-08-07T10:30:16+00:00\",\"description\":\"Dans cette course color\u00e9e et impr\u00e9visible jusqu\u2019\u00e0 l\u2019arriv\u00e9e, des mouvements intelligents et des jeux agressifs peuvent changer le r\u00e9sultat.\",\"breadcrumb\":{\"@id\":\"https:\/\/www.iplay.com\/fr\/games\/ludo-star\/#breadcrumb\"},\"inLanguage\":\"fr-FR\",\"potentialAction\":[{\"@type\":\"ReadAction\",\"target\":[\"https:\/\/www.iplay.com\/fr\/games\/ludo-star\/\"]}]},{\"@type\":\"ImageObject\",\"inLanguage\":\"fr-FR\",\"@id\":\"https:\/\/www.iplay.com\/fr\/games\/ludo-star\/#primaryimage\",\"url\":\"https:\/\/www.iplay.com\/wp-content\/uploads\/2025\/08\/ludostar-html5_310x310.webp\",\"contentUrl\":\"https:\/\/www.iplay.com\/wp-content\/uploads\/2025\/08\/ludostar-html5_310x310.webp\",\"width\":310,\"height\":310},{\"@type\":\"BreadcrumbList\",\"@id\":\"https:\/\/www.iplay.com\/fr\/games\/ludo-star\/#breadcrumb\",\"itemListElement\":[{\"@type\":\"ListItem\",\"position\":1,\"name\":\"Home\",\"item\":\"https:\/\/www.iplay.com\/fr\/home-page-2\/\"},{\"@type\":\"ListItem\",\"position\":2,\"name\":\"Shop\",\"item\":\"https:\/\/www.iplay.com\/en\/shop\/\"},{\"@type\":\"ListItem\",\"position\":3,\"name\":\"Ludo Star\"}]},{\"@type\":\"WebSite\",\"@id\":\"https:\/\/www.iplay.com\/en\/#website\",\"url\":\"https:\/\/www.iplay.com\/en\/\",\"name\":\"IPlay\",\"description\":\"The Best Casual Games!\",\"publisher\":{\"@id\":\"https:\/\/www.iplay.com\/en\/#organization\"},\"potentialAction\":[{\"@type\":\"SearchAction\",\"target\":{\"@type\":\"EntryPoint\",\"urlTemplate\":\"https:\/\/www.iplay.com\/en\/?s={search_term_string}\"},\"query-input\":{\"@type\":\"PropertyValueSpecification\",\"valueRequired\":true,\"valueName\":\"search_term_string\"}}],\"inLanguage\":\"fr-FR\"},{\"@type\":\"Organization\",\"@id\":\"https:\/\/www.iplay.com\/en\/#organization\",\"name\":\"IPlay\",\"url\":\"https:\/\/www.iplay.com\/en\/\",\"logo\":{\"@type\":\"ImageObject\",\"inLanguage\":\"fr-FR\",\"@id\":\"https:\/\/www.iplay.com\/en\/#\/schema\/logo\/image\/\",\"url\":\"https:\/\/www.iplay.com\/wp-content\/uploads\/2023\/11\/Group-6100.svg\",\"contentUrl\":\"https:\/\/www.iplay.com\/wp-content\/uploads\/2023\/11\/Group-6100.svg\",\"width\":98,\"height\":25,\"caption\":\"IPlay\"},\"image\":{\"@id\":\"https:\/\/www.iplay.com\/en\/#\/schema\/logo\/image\/\"}}]}<\/script>\n<!-- \/ Yoast SEO Premium plugin. -->","yoast_head_json":{"title":"Ludo Star - Obtenez vos jetons et lancez-vous dans l\u2019action Ludo en ligne","description":"Dans cette course color\u00e9e et impr\u00e9visible jusqu\u2019\u00e0 l\u2019arriv\u00e9e, des mouvements intelligents et des jeux agressifs peuvent changer le r\u00e9sultat.","robots":{"index":"index","follow":"follow","max-snippet":"max-snippet:-1","max-image-preview":"max-image-preview:large","max-video-preview":"max-video-preview:-1"},"canonical":"https:\/\/www.iplay.com\/fr\/games\/ludo-star\/","og_locale":"fr_FR","og_type":"article","og_title":"Ludo Star","og_description":"Dans cette course color\u00e9e et impr\u00e9visible jusqu\u2019\u00e0 l\u2019arriv\u00e9e, des mouvements intelligents et des jeux agressifs peuvent changer le r\u00e9sultat.","og_url":"https:\/\/www.iplay.com\/fr\/games\/ludo-star\/","og_site_name":"IPlay","og_image":[{"width":715,"height":485,"url":"https:\/\/www.iplay.com\/wp-content\/uploads\/2025\/08\/ludostar-html5_715x485.webp","type":"image\/webp"}],"twitter_card":"summary_large_image","schema":{"@context":"https:\/\/schema.org","@graph":[{"@type":"WebPage","@id":"https:\/\/www.iplay.com\/fr\/games\/ludo-star\/","url":"https:\/\/www.iplay.com\/fr\/games\/ludo-star\/","name":"Ludo Star - Obtenez vos jetons et lancez-vous dans l\u2019action Ludo en ligne","isPartOf":{"@id":"https:\/\/www.iplay.com\/en\/#website"},"primaryImageOfPage":{"@id":"https:\/\/www.iplay.com\/fr\/games\/ludo-star\/#primaryimage"},"image":{"@id":"https:\/\/www.iplay.com\/fr\/games\/ludo-star\/#primaryimage"},"thumbnailUrl":"https:\/\/www.iplay.com\/wp-content\/uploads\/2025\/08\/ludostar-html5_310x310.webp","datePublished":"2025-08-07T10:30:16+00:00","description":"Dans cette course color\u00e9e et impr\u00e9visible jusqu\u2019\u00e0 l\u2019arriv\u00e9e, des mouvements intelligents et des jeux agressifs peuvent changer le r\u00e9sultat.","breadcrumb":{"@id":"https:\/\/www.iplay.com\/fr\/games\/ludo-star\/#breadcrumb"},"inLanguage":"fr-FR","potentialAction":[{"@type":"ReadAction","target":["https:\/\/www.iplay.com\/fr\/games\/ludo-star\/"]}]},{"@type":"ImageObject","inLanguage":"fr-FR","@id":"https:\/\/www.iplay.com\/fr\/games\/ludo-star\/#primaryimage","url":"https:\/\/www.iplay.com\/wp-content\/uploads\/2025\/08\/ludostar-html5_310x310.webp","contentUrl":"https:\/\/www.iplay.com\/wp-content\/uploads\/2025\/08\/ludostar-html5_310x310.webp","width":310,"height":310},{"@type":"BreadcrumbList","@id":"https:\/\/www.iplay.com\/fr\/games\/ludo-star\/#breadcrumb","itemListElement":[{"@type":"ListItem","position":1,"name":"Home","item":"https:\/\/www.iplay.com\/fr\/home-page-2\/"},{"@type":"ListItem","position":2,"name":"Shop","item":"https:\/\/www.iplay.com\/en\/shop\/"},{"@type":"ListItem","position":3,"name":"Ludo Star"}]},{"@type":"WebSite","@id":"https:\/\/www.iplay.com\/en\/#website","url":"https:\/\/www.iplay.com\/en\/","name":"IPlay","description":"The Best Casual Games!","publisher":{"@id":"https:\/\/www.iplay.com\/en\/#organization"},"potentialAction":[{"@type":"SearchAction","target":{"@type":"EntryPoint","urlTemplate":"https:\/\/www.iplay.com\/en\/?s={search_term_string}"},"query-input":{"@type":"PropertyValueSpecification","valueRequired":true,"valueName":"search_term_string"}}],"inLanguage":"fr-FR"},{"@type":"Organization","@id":"https:\/\/www.iplay.com\/en\/#organization","name":"IPlay","url":"https:\/\/www.iplay.com\/en\/","logo":{"@type":"ImageObject","inLanguage":"fr-FR","@id":"https:\/\/www.iplay.com\/en\/#\/schema\/logo\/image\/","url":"https:\/\/www.iplay.com\/wp-content\/uploads\/2023\/11\/Group-6100.svg","contentUrl":"https:\/\/www.iplay.com\/wp-content\/uploads\/2023\/11\/Group-6100.svg","width":98,"height":25,"caption":"IPlay"},"image":{"@id":"https:\/\/www.iplay.com\/en\/#\/schema\/logo\/image\/"}}]}},"_links":{"self":[{"href":"https:\/\/www.iplay.com\/fr\/wp-json\/wp\/v2\/product\/142173","targetHints":{"allow":["GET"]}}],"collection":[{"href":"https:\/\/www.iplay.com\/fr\/wp-json\/wp\/v2\/product"}],"about":[{"href":"https:\/\/www.iplay.com\/fr\/wp-json\/wp\/v2\/types\/product"}],"author":[{"embeddable":true,"href":"https:\/\/www.iplay.com\/fr\/wp-json\/wp\/v2\/users\/325"}],"replies":[{"embeddable":true,"href":"https:\/\/www.iplay.com\/fr\/wp-json\/wp\/v2\/comments?post=142173"}],"wp:featuredmedia":[{"embeddable":true,"href":"https:\/\/www.iplay.com\/fr\/wp-json\/wp\/v2\/media\/142039"}],"wp:attachment":[{"href":"https:\/\/www.iplay.com\/fr\/wp-json\/wp\/v2\/media?parent=142173"}],"wp:term":[{"taxonomy":"product_brand","embeddable":true,"href":"https:\/\/www.iplay.com\/fr\/wp-json\/wp\/v2\/product_brand?post=142173"},{"taxonomy":"product_cat","embeddable":true,"href":"https:\/\/www.iplay.com\/fr\/wp-json\/wp\/v2\/product_cat?post=142173"},{"taxonomy":"product_tag","embeddable":true,"href":"https:\/\/www.iplay.com\/fr\/wp-json\/wp\/v2\/product_tag?post=142173"}],"curies":[{"name":"wp","href":"https:\/\/api.w.org\/{rel}","templated":true}]}}