{"id":142063,"date":"2025-08-08T09:30:25","date_gmt":"2025-08-08T09:30:25","guid":{"rendered":"https:\/\/www.iplay.com\/?post_type=product&p=142063"},"modified":"2025-08-07T12:27:32","modified_gmt":"2025-08-07T12:27:32","slug":"art-by-numbers-65","status":"publish","type":"product","link":"https:\/\/www.iplay.com\/fr\/games\/art-by-numbers-65\/","title":{"rendered":"Art By Numbers 65"},"content":{"rendered":"<p class=\"whitespace-normal break-words ai-optimize-30 ai-optimize-introduction\">Vous entrez dans un monde de l\u2019art color\u00e9 avec Art By Numbers 65 ! Chaque coup de pinceau ajoute de la beaut\u00e9 et des couleurs vives. Ce jeu est plus qu\u2019une simple peinture. Vous faites un voyage relaxant \u00e0 travers de jolies lignes et de beaux choix de couleurs.   <\/p>\n<p class=\"whitespace-normal break-words ai-optimize-32\">Vous pouvez \u00eatre un grand artiste ou simplement vouloir vous d\u00e9tendre. Ce jeu de peinture par num\u00e9ros facile vous aide \u00e0 cr\u00e9er votre propre collection d\u2019art. Vous choisissez vos couleurs et suivez les chiffres. Vous regardez chaque image se transformer en une belle \u0153uvre d\u2019art.   <\/p>\n<p class=\"whitespace-normal break-words ai-optimize-34\">Vous obtenez de nombreuses peintures diff\u00e9rentes \u00e0 terminer. Chacun d\u2019entre eux vous aide \u00e0 vous d\u00e9tendre et \u00e0 vous sentir bien dans la cr\u00e9ation artistique. <\/p>\n<p>&nbsp;<\/p>\n<p class=\"whitespace-normal break-words ai-optimize-35\"><strong>Fonctionnalit\u00e9s<\/strong><\/p>\n<ul class=\"[&amp;:not(:last-child)_ul]:pb-1 [&amp;:not(:last-child)_ol]:pb-1 list-disc space-y-1.5 pl-7\">\n<li class=\"whitespace-normal break-words ai-optimize-36\">Vous peignez 72 images color\u00e9es et passionnantes qui prennent vie<\/li>\n<li class=\"whitespace-normal break-words ai-optimize-37\">Vous peignez soigneusement avec un pinceau sp\u00e9cial qui fonctionne comme de la vraie peinture<\/li>\n<li class=\"whitespace-normal break-words ai-optimize-38\">Vous choisissez entre des textures bossel\u00e9es et des couleurs lisses pour diff\u00e9rents looks<\/li>\n<li class=\"whitespace-normal break-words ai-optimize-39\">Vous coloriez librement et choisissez vos propres couleurs en mode cr\u00e9atif<\/li>\n<li class=\"whitespace-normal break-words ai-optimize-40\">Vous profitez d\u2019une exp\u00e9rience artistique amusante et heureuse qui vous fait vous sentir bien<\/li>\n<\/ul>\n<p>&nbsp;<\/p>\n<p class=\"whitespace-normal break-words ai-optimize-41\">Cr\u00e9ez votre propre galerie d\u2019art d\u00e8s aujourd\u2019hui !<\/p>\n","protected":false},"excerpt":{"rendered":"<p class=\"ai-optimize-42 ai-optimize-introduction\">L\u2019association des couleurs avec Art By Numbers 65 vous permet de vous d\u00e9tendre et de cr\u00e9er des chefs-d\u2019\u0153uvre !<\/p>\n","protected":false},"author":16,"featured_media":142033,"comment_status":"open","ping_status":"closed","template":"","meta":{"_acf_changed":false,"inline_featured_image":false},"product_brand":[],"product_cat":[183],"product_tag":[231,287],"class_list":{"0":"post-142063","1":"product","2":"type-product","3":"status-publish","4":"has-post-thumbnail","6":"product_cat-paint-by-numbers-series-fr","7":"product_tag-art-by-numbers-series-fr","8":"product_tag-play-on-pc-fr","10":"first","11":"instock","12":"shipping-taxable","13":"purchasable","14":"product-type-simple"},"acf":[],"yoast_head":"<!-- This site is optimized with the Yoast SEO Premium plugin v25.2 (Yoast SEO v25.2) - https:\/\/yoast.com\/wordpress\/plugins\/seo\/ -->\n<title>Art By Numbers 65 : D\u00e9tendez-vous et cr\u00e9ez des chefs-d\u2019\u0153uvre<\/title>\n<meta name=\"description\" content=\"L\u2019association des couleurs avec Art By Numbers 65 vous permet de vous d\u00e9tendre et de cr\u00e9er des chefs-d\u2019\u0153uvre !\" \/>\n<meta name=\"robots\" content=\"index, follow, max-snippet:-1, max-image-preview:large, max-video-preview:-1\" \/>\n<link rel=\"canonical\" href=\"https:\/\/www.iplay.com\/en\/games\/art-by-numbers-65\/\" \/>\n<meta property=\"og:locale\" content=\"fr_FR\" \/>\n<meta property=\"og:type\" content=\"article\" \/>\n<meta property=\"og:title\" content=\"Art By Numbers 65\" \/>\n<meta property=\"og:description\" content=\"L\u2019association des couleurs avec Art By Numbers 65 vous permet de vous d\u00e9tendre et de cr\u00e9er des chefs-d\u2019\u0153uvre !\" \/>\n<meta property=\"og:url\" content=\"https:\/\/www.iplay.com\/en\/games\/art-by-numbers-65\/\" \/>\n<meta property=\"og:site_name\" content=\"IPlay\" \/>\n<meta property=\"og:image\" content=\"https:\/\/www.iplay.com\/wp-content\/uploads\/2025\/08\/art_by_numbers_65_large_video_screenshot.webp\" \/>\n\t<meta property=\"og:image:width\" content=\"715\" \/>\n\t<meta property=\"og:image:height\" content=\"485\" \/>\n\t<meta property=\"og:image:type\" content=\"image\/webp\" \/>\n<meta name=\"twitter:card\" content=\"summary_large_image\" \/>\n<meta name=\"twitter:label1\" content=\"Dur\u00e9e de lecture estim\u00e9e\" \/>\n\t<meta name=\"twitter:data1\" content=\"1 minute\" \/>\n<script type=\"application\/ld+json\" class=\"yoast-schema-graph\">{\"@context\":\"https:\/\/schema.org\",\"@graph\":[{\"@type\":\"WebPage\",\"@id\":\"https:\/\/www.iplay.com\/en\/games\/art-by-numbers-65\/\",\"url\":\"https:\/\/www.iplay.com\/en\/games\/art-by-numbers-65\/\",\"name\":\"Art By Numbers 65 : D\u00e9tendez-vous et cr\u00e9ez des chefs-d\u2019\u0153uvre\",\"isPartOf\":{\"@id\":\"https:\/\/www.iplay.com\/en\/#website\"},\"primaryImageOfPage\":{\"@id\":\"https:\/\/www.iplay.com\/en\/games\/art-by-numbers-65\/#primaryimage\"},\"image\":{\"@id\":\"https:\/\/www.iplay.com\/en\/games\/art-by-numbers-65\/#primaryimage\"},\"thumbnailUrl\":\"https:\/\/www.iplay.com\/wp-content\/uploads\/2025\/08\/art_by_numbers_65_large_square_tile_image.webp\",\"datePublished\":\"2025-08-08T09:30:25+00:00\",\"description\":\"L\u2019association des couleurs avec Art By Numbers 65 vous permet de vous d\u00e9tendre et de cr\u00e9er des chefs-d\u2019\u0153uvre !\",\"breadcrumb\":{\"@id\":\"https:\/\/www.iplay.com\/en\/games\/art-by-numbers-65\/#breadcrumb\"},\"inLanguage\":\"fr-FR\",\"potentialAction\":[{\"@type\":\"ReadAction\",\"target\":[\"https:\/\/www.iplay.com\/en\/games\/art-by-numbers-65\/\"]}]},{\"@type\":\"ImageObject\",\"inLanguage\":\"fr-FR\",\"@id\":\"https:\/\/www.iplay.com\/en\/games\/art-by-numbers-65\/#primaryimage\",\"url\":\"https:\/\/www.iplay.com\/wp-content\/uploads\/2025\/08\/art_by_numbers_65_large_square_tile_image.webp\",\"contentUrl\":\"https:\/\/www.iplay.com\/wp-content\/uploads\/2025\/08\/art_by_numbers_65_large_square_tile_image.webp\",\"width\":310,\"height\":310},{\"@type\":\"BreadcrumbList\",\"@id\":\"https:\/\/www.iplay.com\/en\/games\/art-by-numbers-65\/#breadcrumb\",\"itemListElement\":[{\"@type\":\"ListItem\",\"position\":1,\"name\":\"Home\",\"item\":\"https:\/\/www.iplay.com\/fr\/home-page-2\/\"},{\"@type\":\"ListItem\",\"position\":2,\"name\":\"Shop\",\"item\":\"https:\/\/www.iplay.com\/en\/shop\/\"},{\"@type\":\"ListItem\",\"position\":3,\"name\":\"Art By Numbers 65\"}]},{\"@type\":\"WebSite\",\"@id\":\"https:\/\/www.iplay.com\/en\/#website\",\"url\":\"https:\/\/www.iplay.com\/en\/\",\"name\":\"IPlay\",\"description\":\"The Best Casual Games!\",\"publisher\":{\"@id\":\"https:\/\/www.iplay.com\/en\/#organization\"},\"potentialAction\":[{\"@type\":\"SearchAction\",\"target\":{\"@type\":\"EntryPoint\",\"urlTemplate\":\"https:\/\/www.iplay.com\/en\/?s={search_term_string}\"},\"query-input\":{\"@type\":\"PropertyValueSpecification\",\"valueRequired\":true,\"valueName\":\"search_term_string\"}}],\"inLanguage\":\"fr-FR\"},{\"@type\":\"Organization\",\"@id\":\"https:\/\/www.iplay.com\/en\/#organization\",\"name\":\"IPlay\",\"url\":\"https:\/\/www.iplay.com\/en\/\",\"logo\":{\"@type\":\"ImageObject\",\"inLanguage\":\"fr-FR\",\"@id\":\"https:\/\/www.iplay.com\/en\/#\/schema\/logo\/image\/\",\"url\":\"https:\/\/www.iplay.com\/wp-content\/uploads\/2023\/11\/Group-6100.svg\",\"contentUrl\":\"https:\/\/www.iplay.com\/wp-content\/uploads\/2023\/11\/Group-6100.svg\",\"width\":98,\"height\":25,\"caption\":\"IPlay\"},\"image\":{\"@id\":\"https:\/\/www.iplay.com\/en\/#\/schema\/logo\/image\/\"}}]}<\/script>\n<!-- \/ Yoast SEO Premium plugin. -->","yoast_head_json":{"title":"Art By Numbers 65 : D\u00e9tendez-vous et cr\u00e9ez des chefs-d\u2019\u0153uvre","description":"L\u2019association des couleurs avec Art By Numbers 65 vous permet de vous d\u00e9tendre et de cr\u00e9er des chefs-d\u2019\u0153uvre !","robots":{"index":"index","follow":"follow","max-snippet":"max-snippet:-1","max-image-preview":"max-image-preview:large","max-video-preview":"max-video-preview:-1"},"canonical":"https:\/\/www.iplay.com\/en\/games\/art-by-numbers-65\/","og_locale":"fr_FR","og_type":"article","og_title":"Art By Numbers 65","og_description":"L\u2019association des couleurs avec Art By Numbers 65 vous permet de vous d\u00e9tendre et de cr\u00e9er des chefs-d\u2019\u0153uvre !","og_url":"https:\/\/www.iplay.com\/en\/games\/art-by-numbers-65\/","og_site_name":"IPlay","og_image":[{"width":715,"height":485,"url":"https:\/\/www.iplay.com\/wp-content\/uploads\/2025\/08\/art_by_numbers_65_large_video_screenshot.webp","type":"image\/webp"}],"twitter_card":"summary_large_image","twitter_misc":{"Dur\u00e9e de lecture estim\u00e9e":"1 minute"},"schema":{"@context":"https:\/\/schema.org","@graph":[{"@type":"WebPage","@id":"https:\/\/www.iplay.com\/en\/games\/art-by-numbers-65\/","url":"https:\/\/www.iplay.com\/en\/games\/art-by-numbers-65\/","name":"Art By Numbers 65 : D\u00e9tendez-vous et cr\u00e9ez des chefs-d\u2019\u0153uvre","isPartOf":{"@id":"https:\/\/www.iplay.com\/en\/#website"},"primaryImageOfPage":{"@id":"https:\/\/www.iplay.com\/en\/games\/art-by-numbers-65\/#primaryimage"},"image":{"@id":"https:\/\/www.iplay.com\/en\/games\/art-by-numbers-65\/#primaryimage"},"thumbnailUrl":"https:\/\/www.iplay.com\/wp-content\/uploads\/2025\/08\/art_by_numbers_65_large_square_tile_image.webp","datePublished":"2025-08-08T09:30:25+00:00","description":"L\u2019association des couleurs avec Art By Numbers 65 vous permet de vous d\u00e9tendre et de cr\u00e9er des chefs-d\u2019\u0153uvre !","breadcrumb":{"@id":"https:\/\/www.iplay.com\/en\/games\/art-by-numbers-65\/#breadcrumb"},"inLanguage":"fr-FR","potentialAction":[{"@type":"ReadAction","target":["https:\/\/www.iplay.com\/en\/games\/art-by-numbers-65\/"]}]},{"@type":"ImageObject","inLanguage":"fr-FR","@id":"https:\/\/www.iplay.com\/en\/games\/art-by-numbers-65\/#primaryimage","url":"https:\/\/www.iplay.com\/wp-content\/uploads\/2025\/08\/art_by_numbers_65_large_square_tile_image.webp","contentUrl":"https:\/\/www.iplay.com\/wp-content\/uploads\/2025\/08\/art_by_numbers_65_large_square_tile_image.webp","width":310,"height":310},{"@type":"BreadcrumbList","@id":"https:\/\/www.iplay.com\/en\/games\/art-by-numbers-65\/#breadcrumb","itemListElement":[{"@type":"ListItem","position":1,"name":"Home","item":"https:\/\/www.iplay.com\/fr\/home-page-2\/"},{"@type":"ListItem","position":2,"name":"Shop","item":"https:\/\/www.iplay.com\/en\/shop\/"},{"@type":"ListItem","position":3,"name":"Art By Numbers 65"}]},{"@type":"WebSite","@id":"https:\/\/www.iplay.com\/en\/#website","url":"https:\/\/www.iplay.com\/en\/","name":"IPlay","description":"The Best Casual Games!","publisher":{"@id":"https:\/\/www.iplay.com\/en\/#organization"},"potentialAction":[{"@type":"SearchAction","target":{"@type":"EntryPoint","urlTemplate":"https:\/\/www.iplay.com\/en\/?s={search_term_string}"},"query-input":{"@type":"PropertyValueSpecification","valueRequired":true,"valueName":"search_term_string"}}],"inLanguage":"fr-FR"},{"@type":"Organization","@id":"https:\/\/www.iplay.com\/en\/#organization","name":"IPlay","url":"https:\/\/www.iplay.com\/en\/","logo":{"@type":"ImageObject","inLanguage":"fr-FR","@id":"https:\/\/www.iplay.com\/en\/#\/schema\/logo\/image\/","url":"https:\/\/www.iplay.com\/wp-content\/uploads\/2023\/11\/Group-6100.svg","contentUrl":"https:\/\/www.iplay.com\/wp-content\/uploads\/2023\/11\/Group-6100.svg","width":98,"height":25,"caption":"IPlay"},"image":{"@id":"https:\/\/www.iplay.com\/en\/#\/schema\/logo\/image\/"}}]}},"_links":{"self":[{"href":"https:\/\/www.iplay.com\/fr\/wp-json\/wp\/v2\/product\/142063","targetHints":{"allow":["GET"]}}],"collection":[{"href":"https:\/\/www.iplay.com\/fr\/wp-json\/wp\/v2\/product"}],"about":[{"href":"https:\/\/www.iplay.com\/fr\/wp-json\/wp\/v2\/types\/product"}],"author":[{"embeddable":true,"href":"https:\/\/www.iplay.com\/fr\/wp-json\/wp\/v2\/users\/16"}],"replies":[{"embeddable":true,"href":"https:\/\/www.iplay.com\/fr\/wp-json\/wp\/v2\/comments?post=142063"}],"wp:featuredmedia":[{"embeddable":true,"href":"https:\/\/www.iplay.com\/fr\/wp-json\/wp\/v2\/media\/142033"}],"wp:attachment":[{"href":"https:\/\/www.iplay.com\/fr\/wp-json\/wp\/v2\/media?parent=142063"}],"wp:term":[{"taxonomy":"product_brand","embeddable":true,"href":"https:\/\/www.iplay.com\/fr\/wp-json\/wp\/v2\/product_brand?post=142063"},{"taxonomy":"product_cat","embeddable":true,"href":"https:\/\/www.iplay.com\/fr\/wp-json\/wp\/v2\/product_cat?post=142063"},{"taxonomy":"product_tag","embeddable":true,"href":"https:\/\/www.iplay.com\/fr\/wp-json\/wp\/v2\/product_tag?post=142063"}],"curies":[{"name":"wp","href":"https:\/\/api.w.org\/{rel}","templated":true}]}}