{"id":141908,"date":"2018-08-22T00:00:00","date_gmt":"2018-08-22T00:00:00","guid":{"rendered":"https:\/\/www.iplay.com\/games\/magica-travel-agency-las-vegas\/"},"modified":"2018-08-22T00:00:00","modified_gmt":"2018-08-22T00:00:00","slug":"magica-travel-agency-las-vegas","status":"publish","type":"product","link":"https:\/\/www.iplay.com\/fr\/games\/magica-travel-agency-las-vegas\/","title":{"rendered":"Magica Travel Agency &#8211; Las Vegas"},"content":{"rendered":"<p>L\u2019agence de voyage Magica peut vous transporter dans un monde d\u2019exp\u00e9riences incroyables ! Le royaume complexe avec son propre ensemble d\u2019\u00e9nigmes. Le gameplay original ne d\u00e9cevra pas les fans du genre Match 3 tr\u00e8s appr\u00e9ci\u00e9. Des obstacles tenteront de vous arr\u00eater pendant le jeu, mais cela n\u2019a g\u00e9n\u00e9ralement pas d\u2019importance. Tout ce que vous avez \u00e0 faire est d\u2019aider un local, et il franchira l\u2019obstacle afin que vous puissiez continuer votre voyage. Magica est peut-\u00eatre l\u2019un des rares titres de sa cat\u00e9gorie \u00e0 int\u00e9grer les meilleures techniques de ces derni\u00e8res ann\u00e9es. Il ne faut pas n\u00e9gliger l\u2019existence de bonus non standard, ce qui am\u00e9liore \u00e0 la fois la dynamique et le nombre d\u2019alternatives disponibles pour combiner les bonus afin d\u2019accomplir des t\u00e2ches difficiles. D\u2019une mani\u00e8re g\u00e9n\u00e9rale, il est pr\u00e9f\u00e9rable de voir que d\u2019entendre cent fois !       <\/p>\n<p>&nbsp;<\/p>\n<p>&nbsp;<\/p>\n<p><strong>Fonctionnalit\u00e9s:<\/strong><\/p>\n<p>&nbsp;<\/p>\n<ul>\n<li>Construisez un tout nouveau Las Vegas !<\/li>\n<li>Construire 14 structures.<\/li>\n<li>Aidez 25 citoyens locaux<\/li>\n<li>Surmonter les d\u00e9fis<\/li>\n<li>Exp\u00e9rience de jeu incroyable<\/li>\n<li>Plus de 200 \u00e9tapes palpitantes<\/li>\n<li>R\u00e9ussir<\/li>\n<li>Des \u0153uvres d\u2019art exceptionnelles<\/li>\n<li>Une bande-son apaisante<\/li>\n<li>Modes limit\u00e9s dans le temps et en mouvement<\/li>\n<\/ul>\n","protected":false},"excerpt":{"rendered":"<p>Faites un voyage \u00e0 Las Vegas avec l\u2019agence de voyage \u00ab&nbsp;Magica&nbsp;\u00bb.<\/p>\n","protected":false},"author":210,"featured_media":86965,"comment_status":"open","ping_status":"closed","template":"","meta":{"_acf_changed":false,"inline_featured_image":false},"product_brand":[],"product_cat":[177],"product_tag":[287],"class_list":{"0":"post-141908","1":"product","2":"type-product","3":"status-publish","4":"has-post-thumbnail","6":"product_cat-match-3-fr","7":"product_tag-play-on-pc-fr","9":"first","10":"instock","11":"shipping-taxable","12":"purchasable","13":"product-type-simple"},"acf":[],"yoast_head":"<!-- This site is optimized with the Yoast SEO Premium plugin v25.2 (Yoast SEO v25.2) - https:\/\/yoast.com\/wordpress\/plugins\/seo\/ -->\n<title>Agence de voyage Magica - Las Vegas - Participez \u00e0 un voyage \u00e0 Las Vegas avec l\u2019agence de voyage \u00ab\u00a0Magica\u00a0\u00bb.<\/title>\n<meta name=\"description\" content=\"Faites un voyage \u00e0 Las Vegas avec l\u2019agence de voyage \u00ab&nbsp;Magica&nbsp;\u00bb.\" \/>\n<meta name=\"robots\" content=\"index, follow, max-snippet:-1, max-image-preview:large, max-video-preview:-1\" \/>\n<link rel=\"canonical\" href=\"https:\/\/www.iplay.com\/fr\/games\/magica-travel-agency-las-vegas\/\" \/>\n<meta property=\"og:locale\" content=\"fr_FR\" \/>\n<meta property=\"og:type\" content=\"article\" \/>\n<meta property=\"og:title\" content=\"Magica Travel Agency - Las Vegas\" \/>\n<meta property=\"og:description\" content=\"Faites un voyage \u00e0 Las Vegas avec l\u2019agence de voyage \u00ab&nbsp;Magica&nbsp;\u00bb.\" \/>\n<meta property=\"og:url\" content=\"https:\/\/www.iplay.com\/fr\/games\/magica-travel-agency-las-vegas\/\" \/>\n<meta property=\"og:site_name\" content=\"IPlay\" \/>\n<meta property=\"og:image\" content=\"https:\/\/www.iplay.com\/wp-content\/uploads\/2023\/12\/large_square_tile_image-2948.jpg\" \/>\n\t<meta property=\"og:image:width\" content=\"310\" \/>\n\t<meta property=\"og:image:height\" content=\"310\" \/>\n\t<meta property=\"og:image:type\" content=\"image\/jpeg\" \/>\n<meta name=\"twitter:card\" content=\"summary_large_image\" \/>\n<meta name=\"twitter:label1\" content=\"Dur\u00e9e de lecture estim\u00e9e\" \/>\n\t<meta name=\"twitter:data1\" content=\"1 minute\" \/>\n<script type=\"application\/ld+json\" class=\"yoast-schema-graph\">{\"@context\":\"https:\/\/schema.org\",\"@graph\":[{\"@type\":\"WebPage\",\"@id\":\"https:\/\/www.iplay.com\/fr\/games\/magica-travel-agency-las-vegas\/\",\"url\":\"https:\/\/www.iplay.com\/fr\/games\/magica-travel-agency-las-vegas\/\",\"name\":\"Agence de voyage Magica - Las Vegas - Participez \u00e0 un voyage \u00e0 Las Vegas avec l\u2019agence de voyage \u00ab\u00a0Magica\u00a0\u00bb.\",\"isPartOf\":{\"@id\":\"https:\/\/www.iplay.com\/en\/#website\"},\"primaryImageOfPage\":{\"@id\":\"https:\/\/www.iplay.com\/fr\/games\/magica-travel-agency-las-vegas\/#primaryimage\"},\"image\":{\"@id\":\"https:\/\/www.iplay.com\/fr\/games\/magica-travel-agency-las-vegas\/#primaryimage\"},\"thumbnailUrl\":\"https:\/\/www.iplay.com\/wp-content\/uploads\/2023\/12\/large_square_tile_image-2948.jpg\",\"datePublished\":\"2018-08-22T00:00:00+00:00\",\"description\":\"Faites un voyage \u00e0 Las Vegas avec l\u2019agence de voyage \u00ab&nbsp;Magica&nbsp;\u00bb.\",\"breadcrumb\":{\"@id\":\"https:\/\/www.iplay.com\/fr\/games\/magica-travel-agency-las-vegas\/#breadcrumb\"},\"inLanguage\":\"fr-FR\",\"potentialAction\":[{\"@type\":\"ReadAction\",\"target\":[\"https:\/\/www.iplay.com\/fr\/games\/magica-travel-agency-las-vegas\/\"]}]},{\"@type\":\"ImageObject\",\"inLanguage\":\"fr-FR\",\"@id\":\"https:\/\/www.iplay.com\/fr\/games\/magica-travel-agency-las-vegas\/#primaryimage\",\"url\":\"https:\/\/www.iplay.com\/wp-content\/uploads\/2023\/12\/large_square_tile_image-2948.jpg\",\"contentUrl\":\"https:\/\/www.iplay.com\/wp-content\/uploads\/2023\/12\/large_square_tile_image-2948.jpg\",\"width\":310,\"height\":310},{\"@type\":\"BreadcrumbList\",\"@id\":\"https:\/\/www.iplay.com\/fr\/games\/magica-travel-agency-las-vegas\/#breadcrumb\",\"itemListElement\":[{\"@type\":\"ListItem\",\"position\":1,\"name\":\"Home\",\"item\":\"https:\/\/www.iplay.com\/fr\/home-page-2\/\"},{\"@type\":\"ListItem\",\"position\":2,\"name\":\"Shop\",\"item\":\"https:\/\/www.iplay.com\/en\/shop\/\"},{\"@type\":\"ListItem\",\"position\":3,\"name\":\"Magica Travel Agency &#8211; Las Vegas\"}]},{\"@type\":\"WebSite\",\"@id\":\"https:\/\/www.iplay.com\/en\/#website\",\"url\":\"https:\/\/www.iplay.com\/en\/\",\"name\":\"IPlay\",\"description\":\"The Best Casual Games!\",\"publisher\":{\"@id\":\"https:\/\/www.iplay.com\/en\/#organization\"},\"potentialAction\":[{\"@type\":\"SearchAction\",\"target\":{\"@type\":\"EntryPoint\",\"urlTemplate\":\"https:\/\/www.iplay.com\/en\/?s={search_term_string}\"},\"query-input\":{\"@type\":\"PropertyValueSpecification\",\"valueRequired\":true,\"valueName\":\"search_term_string\"}}],\"inLanguage\":\"fr-FR\"},{\"@type\":\"Organization\",\"@id\":\"https:\/\/www.iplay.com\/en\/#organization\",\"name\":\"IPlay\",\"url\":\"https:\/\/www.iplay.com\/en\/\",\"logo\":{\"@type\":\"ImageObject\",\"inLanguage\":\"fr-FR\",\"@id\":\"https:\/\/www.iplay.com\/en\/#\/schema\/logo\/image\/\",\"url\":\"https:\/\/www.iplay.com\/wp-content\/uploads\/2023\/11\/Group-6100.svg\",\"contentUrl\":\"https:\/\/www.iplay.com\/wp-content\/uploads\/2023\/11\/Group-6100.svg\",\"width\":98,\"height\":25,\"caption\":\"IPlay\"},\"image\":{\"@id\":\"https:\/\/www.iplay.com\/en\/#\/schema\/logo\/image\/\"}}]}<\/script>\n<!-- \/ Yoast SEO Premium plugin. -->","yoast_head_json":{"title":"Agence de voyage Magica - Las Vegas - Participez \u00e0 un voyage \u00e0 Las Vegas avec l\u2019agence de voyage \u00ab\u00a0Magica\u00a0\u00bb.","description":"Faites un voyage \u00e0 Las Vegas avec l\u2019agence de voyage \u00ab&nbsp;Magica&nbsp;\u00bb.","robots":{"index":"index","follow":"follow","max-snippet":"max-snippet:-1","max-image-preview":"max-image-preview:large","max-video-preview":"max-video-preview:-1"},"canonical":"https:\/\/www.iplay.com\/fr\/games\/magica-travel-agency-las-vegas\/","og_locale":"fr_FR","og_type":"article","og_title":"Magica Travel Agency - Las Vegas","og_description":"Faites un voyage \u00e0 Las Vegas avec l\u2019agence de voyage \u00ab&nbsp;Magica&nbsp;\u00bb.","og_url":"https:\/\/www.iplay.com\/fr\/games\/magica-travel-agency-las-vegas\/","og_site_name":"IPlay","og_image":[{"width":310,"height":310,"url":"https:\/\/www.iplay.com\/wp-content\/uploads\/2023\/12\/large_square_tile_image-2948.jpg","type":"image\/jpeg"}],"twitter_card":"summary_large_image","twitter_misc":{"Dur\u00e9e de lecture estim\u00e9e":"1 minute"},"schema":{"@context":"https:\/\/schema.org","@graph":[{"@type":"WebPage","@id":"https:\/\/www.iplay.com\/fr\/games\/magica-travel-agency-las-vegas\/","url":"https:\/\/www.iplay.com\/fr\/games\/magica-travel-agency-las-vegas\/","name":"Agence de voyage Magica - Las Vegas - Participez \u00e0 un voyage \u00e0 Las Vegas avec l\u2019agence de voyage \u00ab\u00a0Magica\u00a0\u00bb.","isPartOf":{"@id":"https:\/\/www.iplay.com\/en\/#website"},"primaryImageOfPage":{"@id":"https:\/\/www.iplay.com\/fr\/games\/magica-travel-agency-las-vegas\/#primaryimage"},"image":{"@id":"https:\/\/www.iplay.com\/fr\/games\/magica-travel-agency-las-vegas\/#primaryimage"},"thumbnailUrl":"https:\/\/www.iplay.com\/wp-content\/uploads\/2023\/12\/large_square_tile_image-2948.jpg","datePublished":"2018-08-22T00:00:00+00:00","description":"Faites un voyage \u00e0 Las Vegas avec l\u2019agence de voyage \u00ab&nbsp;Magica&nbsp;\u00bb.","breadcrumb":{"@id":"https:\/\/www.iplay.com\/fr\/games\/magica-travel-agency-las-vegas\/#breadcrumb"},"inLanguage":"fr-FR","potentialAction":[{"@type":"ReadAction","target":["https:\/\/www.iplay.com\/fr\/games\/magica-travel-agency-las-vegas\/"]}]},{"@type":"ImageObject","inLanguage":"fr-FR","@id":"https:\/\/www.iplay.com\/fr\/games\/magica-travel-agency-las-vegas\/#primaryimage","url":"https:\/\/www.iplay.com\/wp-content\/uploads\/2023\/12\/large_square_tile_image-2948.jpg","contentUrl":"https:\/\/www.iplay.com\/wp-content\/uploads\/2023\/12\/large_square_tile_image-2948.jpg","width":310,"height":310},{"@type":"BreadcrumbList","@id":"https:\/\/www.iplay.com\/fr\/games\/magica-travel-agency-las-vegas\/#breadcrumb","itemListElement":[{"@type":"ListItem","position":1,"name":"Home","item":"https:\/\/www.iplay.com\/fr\/home-page-2\/"},{"@type":"ListItem","position":2,"name":"Shop","item":"https:\/\/www.iplay.com\/en\/shop\/"},{"@type":"ListItem","position":3,"name":"Magica Travel Agency &#8211; Las Vegas"}]},{"@type":"WebSite","@id":"https:\/\/www.iplay.com\/en\/#website","url":"https:\/\/www.iplay.com\/en\/","name":"IPlay","description":"The Best Casual Games!","publisher":{"@id":"https:\/\/www.iplay.com\/en\/#organization"},"potentialAction":[{"@type":"SearchAction","target":{"@type":"EntryPoint","urlTemplate":"https:\/\/www.iplay.com\/en\/?s={search_term_string}"},"query-input":{"@type":"PropertyValueSpecification","valueRequired":true,"valueName":"search_term_string"}}],"inLanguage":"fr-FR"},{"@type":"Organization","@id":"https:\/\/www.iplay.com\/en\/#organization","name":"IPlay","url":"https:\/\/www.iplay.com\/en\/","logo":{"@type":"ImageObject","inLanguage":"fr-FR","@id":"https:\/\/www.iplay.com\/en\/#\/schema\/logo\/image\/","url":"https:\/\/www.iplay.com\/wp-content\/uploads\/2023\/11\/Group-6100.svg","contentUrl":"https:\/\/www.iplay.com\/wp-content\/uploads\/2023\/11\/Group-6100.svg","width":98,"height":25,"caption":"IPlay"},"image":{"@id":"https:\/\/www.iplay.com\/en\/#\/schema\/logo\/image\/"}}]}},"_links":{"self":[{"href":"https:\/\/www.iplay.com\/fr\/wp-json\/wp\/v2\/product\/141908","targetHints":{"allow":["GET"]}}],"collection":[{"href":"https:\/\/www.iplay.com\/fr\/wp-json\/wp\/v2\/product"}],"about":[{"href":"https:\/\/www.iplay.com\/fr\/wp-json\/wp\/v2\/types\/product"}],"author":[{"embeddable":true,"href":"https:\/\/www.iplay.com\/fr\/wp-json\/wp\/v2\/users\/210"}],"replies":[{"embeddable":true,"href":"https:\/\/www.iplay.com\/fr\/wp-json\/wp\/v2\/comments?post=141908"}],"wp:featuredmedia":[{"embeddable":true,"href":"https:\/\/www.iplay.com\/fr\/wp-json\/wp\/v2\/media\/86965"}],"wp:attachment":[{"href":"https:\/\/www.iplay.com\/fr\/wp-json\/wp\/v2\/media?parent=141908"}],"wp:term":[{"taxonomy":"product_brand","embeddable":true,"href":"https:\/\/www.iplay.com\/fr\/wp-json\/wp\/v2\/product_brand?post=141908"},{"taxonomy":"product_cat","embeddable":true,"href":"https:\/\/www.iplay.com\/fr\/wp-json\/wp\/v2\/product_cat?post=141908"},{"taxonomy":"product_tag","embeddable":true,"href":"https:\/\/www.iplay.com\/fr\/wp-json\/wp\/v2\/product_tag?post=141908"}],"curies":[{"name":"wp","href":"https:\/\/api.w.org\/{rel}","templated":true}]}}