{"id":141865,"date":"2018-08-31T00:00:00","date_gmt":"2018-08-31T00:00:00","guid":{"rendered":"https:\/\/www.iplay.com\/games\/mystery-solitaire-grimms-tales\/"},"modified":"2018-08-31T00:00:00","modified_gmt":"2018-08-31T00:00:00","slug":"mystery-solitaire-grimms-tales","status":"publish","type":"product","link":"https:\/\/www.iplay.com\/fr\/games\/mystery-solitaire-grimms-tales\/","title":{"rendered":"Mystery Solitaire Grimm&#8217;s Tales"},"content":{"rendered":"<p>Explorez le royaume \u00e9trange, magique et fantastique de Hansel et Gretel des fr\u00e8res Grimm. D\u00e9couvrez 20 lieux de ce conte enchant\u00e9 et remportez de nombreux prix exclusifs. Chaque jour, les joueurs peuvent passer de nombreuses heures \u00e0 profiter de jeux passionnants \u00e0 des niveaux de complexit\u00e9 changeante, et les cartes dor\u00e9es uniques offrent encore plus de plaisir. Ce jeu est destin\u00e9 aux fans de jeux de cartes tels que spider solitaire, canfield, crazy quilt, Algerian, Montana, eight off, calculation, three peaks, Yukon, forty thieves, scorpion, gaps, klondike, free cell, crescent, golf et addiction. Mais du genre, le solitaire est un jeu classique qui ne se d\u00e9mode jamais !    <\/p>\n<p>&nbsp;<\/p>\n<p>&nbsp;<\/p>\n<p><strong>Fonctionnalit\u00e9s:<\/strong><\/p>\n<p>&nbsp;<\/p>\n<p>&#8211; Laissez libre cours \u00e0 vos sentiments !<\/p>\n<p>&#8211; Jouez au jeu de cartes solitaire et construisez des cha\u00eenes de cartes !<\/p>\n<p>&#8211; L\u2019excitation abonde \u00e0 chaque seconde gr\u00e2ce \u00e0 ces niveaux !<\/p>\n<p>&#8211; Avec ses visuels vivants et sa musique de pirate captivante, ce solitaire est un gagnant !<\/p>\n<p>&#8211; Les jokers vous permettent de vous d\u00e9fausser des cartes plus rapidement tout en augmentant le multiplicateur de combinaison pour maximiser vos gains de pi\u00e8ces !<\/p>\n<p>&#8211; Accumulez quinze objets \u00e9th\u00e9r\u00e9s !<\/p>\n<p>&#8211; Des decks originaux avec des th\u00e8mes et douze styles de dos de carte diff\u00e9rents !<\/p>\n<p>&#8211; Laissez le plaisir prendre le dessus !<\/p>\n","protected":false},"excerpt":{"rendered":"<p>200 arrangements distincts dans l\u2019univers des contes de f\u00e9es des fr\u00e8res Grimm !<\/p>\n","protected":false},"author":13,"featured_media":95700,"comment_status":"open","ping_status":"closed","template":"","meta":{"_acf_changed":false,"inline_featured_image":false},"product_brand":[],"product_cat":[155,207],"product_tag":[287],"class_list":{"0":"post-141865","1":"product","2":"type-product","3":"status-publish","4":"has-post-thumbnail","6":"product_cat-card-fr-2","7":"product_cat-solitaire-fr","8":"product_tag-play-on-pc-fr","10":"first","11":"instock","12":"shipping-taxable","13":"purchasable","14":"product-type-simple"},"acf":[],"yoast_head":"<!-- This site is optimized with the Yoast SEO Premium plugin v25.2 (Yoast SEO v25.2) - https:\/\/yoast.com\/wordpress\/plugins\/seo\/ -->\n<title>Mystery Solitaire Grimm\u2019s Tales - Explorez 200 mises en page de contes de f\u00e9es dans le monde des fr\u00e8res Grimm<\/title>\n<meta name=\"robots\" content=\"index, follow, max-snippet:-1, max-image-preview:large, max-video-preview:-1\" \/>\n<link rel=\"canonical\" href=\"https:\/\/www.iplay.com\/fr\/games\/mystery-solitaire-grimms-tales\/\" \/>\n<meta property=\"og:locale\" content=\"fr_FR\" \/>\n<meta property=\"og:type\" content=\"article\" \/>\n<meta property=\"og:title\" content=\"Mystery Solitaire Grimm&#039;s Tales\" \/>\n<meta property=\"og:url\" content=\"https:\/\/www.iplay.com\/fr\/games\/mystery-solitaire-grimms-tales\/\" \/>\n<meta property=\"og:site_name\" content=\"IPlay\" \/>\n<meta property=\"og:image\" content=\"https:\/\/www.iplay.com\/wp-content\/uploads\/2023\/12\/large_square_tile_image-3500.jpg\" \/>\n\t<meta property=\"og:image:width\" content=\"310\" \/>\n\t<meta property=\"og:image:height\" content=\"310\" \/>\n\t<meta property=\"og:image:type\" content=\"image\/jpeg\" \/>\n<meta name=\"twitter:card\" content=\"summary_large_image\" \/>\n<meta name=\"twitter:label1\" content=\"Dur\u00e9e de lecture estim\u00e9e\" \/>\n\t<meta name=\"twitter:data1\" content=\"1 minute\" \/>\n<script type=\"application\/ld+json\" class=\"yoast-schema-graph\">{\"@context\":\"https:\/\/schema.org\",\"@graph\":[{\"@type\":\"WebPage\",\"@id\":\"https:\/\/www.iplay.com\/fr\/games\/mystery-solitaire-grimms-tales\/\",\"url\":\"https:\/\/www.iplay.com\/fr\/games\/mystery-solitaire-grimms-tales\/\",\"name\":\"Mystery Solitaire Grimm\u2019s Tales - Explorez 200 mises en page de contes de f\u00e9es dans le monde des fr\u00e8res Grimm\",\"isPartOf\":{\"@id\":\"https:\/\/www.iplay.com\/en\/#website\"},\"primaryImageOfPage\":{\"@id\":\"https:\/\/www.iplay.com\/fr\/games\/mystery-solitaire-grimms-tales\/#primaryimage\"},\"image\":{\"@id\":\"https:\/\/www.iplay.com\/fr\/games\/mystery-solitaire-grimms-tales\/#primaryimage\"},\"thumbnailUrl\":\"https:\/\/www.iplay.com\/wp-content\/uploads\/2023\/12\/large_square_tile_image-3500.jpg\",\"datePublished\":\"2018-08-31T00:00:00+00:00\",\"breadcrumb\":{\"@id\":\"https:\/\/www.iplay.com\/fr\/games\/mystery-solitaire-grimms-tales\/#breadcrumb\"},\"inLanguage\":\"fr-FR\",\"potentialAction\":[{\"@type\":\"ReadAction\",\"target\":[\"https:\/\/www.iplay.com\/fr\/games\/mystery-solitaire-grimms-tales\/\"]}]},{\"@type\":\"ImageObject\",\"inLanguage\":\"fr-FR\",\"@id\":\"https:\/\/www.iplay.com\/fr\/games\/mystery-solitaire-grimms-tales\/#primaryimage\",\"url\":\"https:\/\/www.iplay.com\/wp-content\/uploads\/2023\/12\/large_square_tile_image-3500.jpg\",\"contentUrl\":\"https:\/\/www.iplay.com\/wp-content\/uploads\/2023\/12\/large_square_tile_image-3500.jpg\",\"width\":310,\"height\":310},{\"@type\":\"BreadcrumbList\",\"@id\":\"https:\/\/www.iplay.com\/fr\/games\/mystery-solitaire-grimms-tales\/#breadcrumb\",\"itemListElement\":[{\"@type\":\"ListItem\",\"position\":1,\"name\":\"Home\",\"item\":\"https:\/\/www.iplay.com\/fr\/home-page-2\/\"},{\"@type\":\"ListItem\",\"position\":2,\"name\":\"Shop\",\"item\":\"https:\/\/www.iplay.com\/en\/shop\/\"},{\"@type\":\"ListItem\",\"position\":3,\"name\":\"Mystery Solitaire Grimm&#8217;s Tales\"}]},{\"@type\":\"WebSite\",\"@id\":\"https:\/\/www.iplay.com\/en\/#website\",\"url\":\"https:\/\/www.iplay.com\/en\/\",\"name\":\"IPlay\",\"description\":\"The Best Casual Games!\",\"publisher\":{\"@id\":\"https:\/\/www.iplay.com\/en\/#organization\"},\"potentialAction\":[{\"@type\":\"SearchAction\",\"target\":{\"@type\":\"EntryPoint\",\"urlTemplate\":\"https:\/\/www.iplay.com\/en\/?s={search_term_string}\"},\"query-input\":{\"@type\":\"PropertyValueSpecification\",\"valueRequired\":true,\"valueName\":\"search_term_string\"}}],\"inLanguage\":\"fr-FR\"},{\"@type\":\"Organization\",\"@id\":\"https:\/\/www.iplay.com\/en\/#organization\",\"name\":\"IPlay\",\"url\":\"https:\/\/www.iplay.com\/en\/\",\"logo\":{\"@type\":\"ImageObject\",\"inLanguage\":\"fr-FR\",\"@id\":\"https:\/\/www.iplay.com\/en\/#\/schema\/logo\/image\/\",\"url\":\"https:\/\/www.iplay.com\/wp-content\/uploads\/2023\/11\/Group-6100.svg\",\"contentUrl\":\"https:\/\/www.iplay.com\/wp-content\/uploads\/2023\/11\/Group-6100.svg\",\"width\":98,\"height\":25,\"caption\":\"IPlay\"},\"image\":{\"@id\":\"https:\/\/www.iplay.com\/en\/#\/schema\/logo\/image\/\"}}]}<\/script>\n<!-- \/ Yoast SEO Premium plugin. -->","yoast_head_json":{"title":"Mystery Solitaire Grimm\u2019s Tales - Explorez 200 mises en page de contes de f\u00e9es dans le monde des fr\u00e8res Grimm","robots":{"index":"index","follow":"follow","max-snippet":"max-snippet:-1","max-image-preview":"max-image-preview:large","max-video-preview":"max-video-preview:-1"},"canonical":"https:\/\/www.iplay.com\/fr\/games\/mystery-solitaire-grimms-tales\/","og_locale":"fr_FR","og_type":"article","og_title":"Mystery Solitaire Grimm's Tales","og_url":"https:\/\/www.iplay.com\/fr\/games\/mystery-solitaire-grimms-tales\/","og_site_name":"IPlay","og_image":[{"width":310,"height":310,"url":"https:\/\/www.iplay.com\/wp-content\/uploads\/2023\/12\/large_square_tile_image-3500.jpg","type":"image\/jpeg"}],"twitter_card":"summary_large_image","twitter_misc":{"Dur\u00e9e de lecture estim\u00e9e":"1 minute"},"schema":{"@context":"https:\/\/schema.org","@graph":[{"@type":"WebPage","@id":"https:\/\/www.iplay.com\/fr\/games\/mystery-solitaire-grimms-tales\/","url":"https:\/\/www.iplay.com\/fr\/games\/mystery-solitaire-grimms-tales\/","name":"Mystery Solitaire Grimm\u2019s Tales - Explorez 200 mises en page de contes de f\u00e9es dans le monde des fr\u00e8res Grimm","isPartOf":{"@id":"https:\/\/www.iplay.com\/en\/#website"},"primaryImageOfPage":{"@id":"https:\/\/www.iplay.com\/fr\/games\/mystery-solitaire-grimms-tales\/#primaryimage"},"image":{"@id":"https:\/\/www.iplay.com\/fr\/games\/mystery-solitaire-grimms-tales\/#primaryimage"},"thumbnailUrl":"https:\/\/www.iplay.com\/wp-content\/uploads\/2023\/12\/large_square_tile_image-3500.jpg","datePublished":"2018-08-31T00:00:00+00:00","breadcrumb":{"@id":"https:\/\/www.iplay.com\/fr\/games\/mystery-solitaire-grimms-tales\/#breadcrumb"},"inLanguage":"fr-FR","potentialAction":[{"@type":"ReadAction","target":["https:\/\/www.iplay.com\/fr\/games\/mystery-solitaire-grimms-tales\/"]}]},{"@type":"ImageObject","inLanguage":"fr-FR","@id":"https:\/\/www.iplay.com\/fr\/games\/mystery-solitaire-grimms-tales\/#primaryimage","url":"https:\/\/www.iplay.com\/wp-content\/uploads\/2023\/12\/large_square_tile_image-3500.jpg","contentUrl":"https:\/\/www.iplay.com\/wp-content\/uploads\/2023\/12\/large_square_tile_image-3500.jpg","width":310,"height":310},{"@type":"BreadcrumbList","@id":"https:\/\/www.iplay.com\/fr\/games\/mystery-solitaire-grimms-tales\/#breadcrumb","itemListElement":[{"@type":"ListItem","position":1,"name":"Home","item":"https:\/\/www.iplay.com\/fr\/home-page-2\/"},{"@type":"ListItem","position":2,"name":"Shop","item":"https:\/\/www.iplay.com\/en\/shop\/"},{"@type":"ListItem","position":3,"name":"Mystery Solitaire Grimm&#8217;s Tales"}]},{"@type":"WebSite","@id":"https:\/\/www.iplay.com\/en\/#website","url":"https:\/\/www.iplay.com\/en\/","name":"IPlay","description":"The Best Casual Games!","publisher":{"@id":"https:\/\/www.iplay.com\/en\/#organization"},"potentialAction":[{"@type":"SearchAction","target":{"@type":"EntryPoint","urlTemplate":"https:\/\/www.iplay.com\/en\/?s={search_term_string}"},"query-input":{"@type":"PropertyValueSpecification","valueRequired":true,"valueName":"search_term_string"}}],"inLanguage":"fr-FR"},{"@type":"Organization","@id":"https:\/\/www.iplay.com\/en\/#organization","name":"IPlay","url":"https:\/\/www.iplay.com\/en\/","logo":{"@type":"ImageObject","inLanguage":"fr-FR","@id":"https:\/\/www.iplay.com\/en\/#\/schema\/logo\/image\/","url":"https:\/\/www.iplay.com\/wp-content\/uploads\/2023\/11\/Group-6100.svg","contentUrl":"https:\/\/www.iplay.com\/wp-content\/uploads\/2023\/11\/Group-6100.svg","width":98,"height":25,"caption":"IPlay"},"image":{"@id":"https:\/\/www.iplay.com\/en\/#\/schema\/logo\/image\/"}}]}},"_links":{"self":[{"href":"https:\/\/www.iplay.com\/fr\/wp-json\/wp\/v2\/product\/141865","targetHints":{"allow":["GET"]}}],"collection":[{"href":"https:\/\/www.iplay.com\/fr\/wp-json\/wp\/v2\/product"}],"about":[{"href":"https:\/\/www.iplay.com\/fr\/wp-json\/wp\/v2\/types\/product"}],"author":[{"embeddable":true,"href":"https:\/\/www.iplay.com\/fr\/wp-json\/wp\/v2\/users\/13"}],"replies":[{"embeddable":true,"href":"https:\/\/www.iplay.com\/fr\/wp-json\/wp\/v2\/comments?post=141865"}],"wp:featuredmedia":[{"embeddable":true,"href":"https:\/\/www.iplay.com\/fr\/wp-json\/wp\/v2\/media\/95700"}],"wp:attachment":[{"href":"https:\/\/www.iplay.com\/fr\/wp-json\/wp\/v2\/media?parent=141865"}],"wp:term":[{"taxonomy":"product_brand","embeddable":true,"href":"https:\/\/www.iplay.com\/fr\/wp-json\/wp\/v2\/product_brand?post=141865"},{"taxonomy":"product_cat","embeddable":true,"href":"https:\/\/www.iplay.com\/fr\/wp-json\/wp\/v2\/product_cat?post=141865"},{"taxonomy":"product_tag","embeddable":true,"href":"https:\/\/www.iplay.com\/fr\/wp-json\/wp\/v2\/product_tag?post=141865"}],"curies":[{"name":"wp","href":"https:\/\/api.w.org\/{rel}","templated":true}]}}