{"id":141705,"date":"2018-09-15T00:00:00","date_gmt":"2018-09-15T00:00:00","guid":{"rendered":"https:\/\/www.iplay.com\/games\/1001-jigsaw-world-tour-australian-puzzles\/"},"modified":"2018-09-15T00:00:00","modified_gmt":"2018-09-15T00:00:00","slug":"1001-jigsaw-world-tour-australian-puzzles","status":"publish","type":"product","link":"https:\/\/www.iplay.com\/fr\/games\/1001-jigsaw-world-tour-australian-puzzles\/","title":{"rendered":"1001 Jigsaw World Tour &#8211; Australian Puzzles"},"content":{"rendered":"<p>1001 Jigsaw World Tour&nbsp;: Australia est un jeu de puzzle passionnant et un guide touristique fantastique. Assemblez des puzzles \u00e0 partir d\u2019une multitude de pi\u00e8ces et \u00e9tudiez les sites et les traditions de l\u2019Australie \u00e0 travers 500 photos de haute qualit\u00e9. Vous pouvez maintenant r\u00e9soudre vos puzzles pr\u00e9f\u00e9r\u00e9s et parcourir le monde sans quitter le confort de votre maison ! Pour un gameplay plus agr\u00e9able et confortable, nous avons pr\u00e9vu toute une s\u00e9rie d\u2019options ! Fixez une difficult\u00e9 qui vous convient pour chaque puzzle, choisissez le nombre de pi\u00e8ces, leur grade et leur fonction de tour ! Sauvegardez votre progression \u00e0 tout moment et recommencez \u00e0 assembler vos puzzles sauvegard\u00e9s quand vous le souhaitez ! Pour ceux qui aiment les d\u00e9fis, il y a des t\u00e2ches et des troph\u00e9es color\u00e9s ! Des commandes simples et de nombreux conseils et outils font du jeu un plaisir \u00e0 jouer. Avec toute cette flexibilit\u00e9, le jeu convient \u00e0 la fois aux nouveaux joueurs et aux vrais professionnels du genre puzzle logique. Un circuit passionnant \u00e0 travers l\u2019Australie vous attend : kangourous, koalas, cactus&#8230; Profitez de cette occasion unique de visiter l\u2019Australie et de jouer \u00e0 1001 Jigsaw World Tour&nbsp;: Australia&nbsp;! 1001 Jigsaw World Tour&nbsp;: Australia est un guide de jeu et de visite mondiale. 500 photos de haute qualit\u00e9 : des sites c\u00e9l\u00e8bres \u00e0 profusion, mais aussi de l\u2019architecture, des monuments, de l\u2019art, des traditions et de la gloire nationales, de l\u2019histoire, de la gastronomie&#8230; Une vraie Australie ! Et vous pouvez commencer votre voyage d\u00e8s maintenant !             <\/p>\n<p>&nbsp;<\/p>\n<p>&nbsp;<\/p>\n<p><strong>Fonctionnalit\u00e9s:  <\/strong><\/p>\n<p>&nbsp;<\/p>\n<p>&#8211; 500 images uniques de haute qualit\u00e9<\/p>\n<p>&#8211; Un gameplay bien con\u00e7u : conseils utiles, outil de tri et loupe.<\/p>\n<p>&#8211; Le contr\u00f4le de la difficult\u00e9 du jeu en option rend votre jeu infini<\/p>\n<p>&#8211; styles personnalis\u00e9s de pi\u00e8ces avec rotation<\/p>\n<p>&#8211; Sauvegardez la progression du jeu et continuez \u00e0 collecter le puzzle \u00e0 tout moment<\/p>\n<p>&#8211; T\u00e2ches et troph\u00e9es color\u00e9s pour ceux qui aiment l\u2019excitation<\/p>\n<p>&#8211; musique agr\u00e9able et relaxante<\/p>\n<p>&#8211; 2 en 1 : un jeu et un guide touristique pour l\u2019Australie !<\/p>\n<p>&#8211; Obtenez 500 puzzles pour un seul achat. C\u2019est avantageux !<\/p>\n","protected":false},"excerpt":{"rendered":"<p>1001 Jigsaw World Tour&nbsp;: Australia est un jeu de puzzle passionnant et un guide touristique Down Under !<\/p>\n","protected":false},"author":13,"featured_media":86901,"comment_status":"open","ping_status":"closed","template":"","meta":{"_acf_changed":false,"inline_featured_image":false},"product_brand":[],"product_cat":[169],"product_tag":[287],"class_list":{"0":"post-141705","1":"product","2":"type-product","3":"status-publish","4":"has-post-thumbnail","6":"product_cat-jigsaw-fr","7":"product_tag-play-on-pc-fr","9":"first","10":"instock","11":"shipping-taxable","12":"purchasable","13":"product-type-simple"},"acf":[],"yoast_head":"<!-- This site is optimized with the Yoast SEO Premium plugin v25.2 (Yoast SEO v25.2) - https:\/\/yoast.com\/wordpress\/plugins\/seo\/ -->\n<title>1001 Jigsaw World Tour - Puzzles australiens - Explorez l\u2019Australie avec 1001 Jigsaw puzzles comme guide touristique<\/title>\n<meta name=\"robots\" content=\"index, follow, max-snippet:-1, max-image-preview:large, max-video-preview:-1\" \/>\n<link rel=\"canonical\" href=\"https:\/\/www.iplay.com\/fr\/games\/1001-jigsaw-world-tour-australian-puzzles\/\" \/>\n<meta property=\"og:locale\" content=\"fr_FR\" \/>\n<meta property=\"og:type\" content=\"article\" \/>\n<meta property=\"og:title\" content=\"1001 Jigsaw World Tour - Australian Puzzles\" \/>\n<meta property=\"og:url\" content=\"https:\/\/www.iplay.com\/fr\/games\/1001-jigsaw-world-tour-australian-puzzles\/\" \/>\n<meta property=\"og:site_name\" content=\"IPlay\" \/>\n<meta property=\"og:image\" content=\"https:\/\/www.iplay.com\/wp-content\/uploads\/2023\/12\/large_square_tile_image-2944.jpg\" \/>\n\t<meta property=\"og:image:width\" content=\"310\" \/>\n\t<meta property=\"og:image:height\" content=\"310\" \/>\n\t<meta property=\"og:image:type\" content=\"image\/jpeg\" \/>\n<meta name=\"twitter:card\" content=\"summary_large_image\" \/>\n<meta name=\"twitter:label1\" content=\"Dur\u00e9e de lecture estim\u00e9e\" \/>\n\t<meta name=\"twitter:data1\" content=\"2 minutes\" \/>\n<script type=\"application\/ld+json\" class=\"yoast-schema-graph\">{\"@context\":\"https:\/\/schema.org\",\"@graph\":[{\"@type\":\"WebPage\",\"@id\":\"https:\/\/www.iplay.com\/fr\/games\/1001-jigsaw-world-tour-australian-puzzles\/\",\"url\":\"https:\/\/www.iplay.com\/fr\/games\/1001-jigsaw-world-tour-australian-puzzles\/\",\"name\":\"1001 Jigsaw World Tour - Puzzles australiens - Explorez l\u2019Australie avec 1001 Jigsaw puzzles comme guide touristique\",\"isPartOf\":{\"@id\":\"https:\/\/www.iplay.com\/en\/#website\"},\"primaryImageOfPage\":{\"@id\":\"https:\/\/www.iplay.com\/fr\/games\/1001-jigsaw-world-tour-australian-puzzles\/#primaryimage\"},\"image\":{\"@id\":\"https:\/\/www.iplay.com\/fr\/games\/1001-jigsaw-world-tour-australian-puzzles\/#primaryimage\"},\"thumbnailUrl\":\"https:\/\/www.iplay.com\/wp-content\/uploads\/2023\/12\/large_square_tile_image-2944.jpg\",\"datePublished\":\"2018-09-15T00:00:00+00:00\",\"breadcrumb\":{\"@id\":\"https:\/\/www.iplay.com\/fr\/games\/1001-jigsaw-world-tour-australian-puzzles\/#breadcrumb\"},\"inLanguage\":\"fr-FR\",\"potentialAction\":[{\"@type\":\"ReadAction\",\"target\":[\"https:\/\/www.iplay.com\/fr\/games\/1001-jigsaw-world-tour-australian-puzzles\/\"]}]},{\"@type\":\"ImageObject\",\"inLanguage\":\"fr-FR\",\"@id\":\"https:\/\/www.iplay.com\/fr\/games\/1001-jigsaw-world-tour-australian-puzzles\/#primaryimage\",\"url\":\"https:\/\/www.iplay.com\/wp-content\/uploads\/2023\/12\/large_square_tile_image-2944.jpg\",\"contentUrl\":\"https:\/\/www.iplay.com\/wp-content\/uploads\/2023\/12\/large_square_tile_image-2944.jpg\",\"width\":310,\"height\":310},{\"@type\":\"BreadcrumbList\",\"@id\":\"https:\/\/www.iplay.com\/fr\/games\/1001-jigsaw-world-tour-australian-puzzles\/#breadcrumb\",\"itemListElement\":[{\"@type\":\"ListItem\",\"position\":1,\"name\":\"Home\",\"item\":\"https:\/\/www.iplay.com\/fr\/home-page-2\/\"},{\"@type\":\"ListItem\",\"position\":2,\"name\":\"Shop\",\"item\":\"https:\/\/www.iplay.com\/en\/shop\/\"},{\"@type\":\"ListItem\",\"position\":3,\"name\":\"1001 Jigsaw World Tour &#8211; Australian Puzzles\"}]},{\"@type\":\"WebSite\",\"@id\":\"https:\/\/www.iplay.com\/en\/#website\",\"url\":\"https:\/\/www.iplay.com\/en\/\",\"name\":\"IPlay\",\"description\":\"The Best Casual Games!\",\"publisher\":{\"@id\":\"https:\/\/www.iplay.com\/en\/#organization\"},\"potentialAction\":[{\"@type\":\"SearchAction\",\"target\":{\"@type\":\"EntryPoint\",\"urlTemplate\":\"https:\/\/www.iplay.com\/en\/?s={search_term_string}\"},\"query-input\":{\"@type\":\"PropertyValueSpecification\",\"valueRequired\":true,\"valueName\":\"search_term_string\"}}],\"inLanguage\":\"fr-FR\"},{\"@type\":\"Organization\",\"@id\":\"https:\/\/www.iplay.com\/en\/#organization\",\"name\":\"IPlay\",\"url\":\"https:\/\/www.iplay.com\/en\/\",\"logo\":{\"@type\":\"ImageObject\",\"inLanguage\":\"fr-FR\",\"@id\":\"https:\/\/www.iplay.com\/en\/#\/schema\/logo\/image\/\",\"url\":\"https:\/\/www.iplay.com\/wp-content\/uploads\/2023\/11\/Group-6100.svg\",\"contentUrl\":\"https:\/\/www.iplay.com\/wp-content\/uploads\/2023\/11\/Group-6100.svg\",\"width\":98,\"height\":25,\"caption\":\"IPlay\"},\"image\":{\"@id\":\"https:\/\/www.iplay.com\/en\/#\/schema\/logo\/image\/\"}}]}<\/script>\n<!-- \/ Yoast SEO Premium plugin. -->","yoast_head_json":{"title":"1001 Jigsaw World Tour - Puzzles australiens - Explorez l\u2019Australie avec 1001 Jigsaw puzzles comme guide touristique","robots":{"index":"index","follow":"follow","max-snippet":"max-snippet:-1","max-image-preview":"max-image-preview:large","max-video-preview":"max-video-preview:-1"},"canonical":"https:\/\/www.iplay.com\/fr\/games\/1001-jigsaw-world-tour-australian-puzzles\/","og_locale":"fr_FR","og_type":"article","og_title":"1001 Jigsaw World Tour - Australian Puzzles","og_url":"https:\/\/www.iplay.com\/fr\/games\/1001-jigsaw-world-tour-australian-puzzles\/","og_site_name":"IPlay","og_image":[{"width":310,"height":310,"url":"https:\/\/www.iplay.com\/wp-content\/uploads\/2023\/12\/large_square_tile_image-2944.jpg","type":"image\/jpeg"}],"twitter_card":"summary_large_image","twitter_misc":{"Dur\u00e9e de lecture estim\u00e9e":"2 minutes"},"schema":{"@context":"https:\/\/schema.org","@graph":[{"@type":"WebPage","@id":"https:\/\/www.iplay.com\/fr\/games\/1001-jigsaw-world-tour-australian-puzzles\/","url":"https:\/\/www.iplay.com\/fr\/games\/1001-jigsaw-world-tour-australian-puzzles\/","name":"1001 Jigsaw World Tour - Puzzles australiens - Explorez l\u2019Australie avec 1001 Jigsaw puzzles comme guide touristique","isPartOf":{"@id":"https:\/\/www.iplay.com\/en\/#website"},"primaryImageOfPage":{"@id":"https:\/\/www.iplay.com\/fr\/games\/1001-jigsaw-world-tour-australian-puzzles\/#primaryimage"},"image":{"@id":"https:\/\/www.iplay.com\/fr\/games\/1001-jigsaw-world-tour-australian-puzzles\/#primaryimage"},"thumbnailUrl":"https:\/\/www.iplay.com\/wp-content\/uploads\/2023\/12\/large_square_tile_image-2944.jpg","datePublished":"2018-09-15T00:00:00+00:00","breadcrumb":{"@id":"https:\/\/www.iplay.com\/fr\/games\/1001-jigsaw-world-tour-australian-puzzles\/#breadcrumb"},"inLanguage":"fr-FR","potentialAction":[{"@type":"ReadAction","target":["https:\/\/www.iplay.com\/fr\/games\/1001-jigsaw-world-tour-australian-puzzles\/"]}]},{"@type":"ImageObject","inLanguage":"fr-FR","@id":"https:\/\/www.iplay.com\/fr\/games\/1001-jigsaw-world-tour-australian-puzzles\/#primaryimage","url":"https:\/\/www.iplay.com\/wp-content\/uploads\/2023\/12\/large_square_tile_image-2944.jpg","contentUrl":"https:\/\/www.iplay.com\/wp-content\/uploads\/2023\/12\/large_square_tile_image-2944.jpg","width":310,"height":310},{"@type":"BreadcrumbList","@id":"https:\/\/www.iplay.com\/fr\/games\/1001-jigsaw-world-tour-australian-puzzles\/#breadcrumb","itemListElement":[{"@type":"ListItem","position":1,"name":"Home","item":"https:\/\/www.iplay.com\/fr\/home-page-2\/"},{"@type":"ListItem","position":2,"name":"Shop","item":"https:\/\/www.iplay.com\/en\/shop\/"},{"@type":"ListItem","position":3,"name":"1001 Jigsaw World Tour &#8211; Australian Puzzles"}]},{"@type":"WebSite","@id":"https:\/\/www.iplay.com\/en\/#website","url":"https:\/\/www.iplay.com\/en\/","name":"IPlay","description":"The Best Casual Games!","publisher":{"@id":"https:\/\/www.iplay.com\/en\/#organization"},"potentialAction":[{"@type":"SearchAction","target":{"@type":"EntryPoint","urlTemplate":"https:\/\/www.iplay.com\/en\/?s={search_term_string}"},"query-input":{"@type":"PropertyValueSpecification","valueRequired":true,"valueName":"search_term_string"}}],"inLanguage":"fr-FR"},{"@type":"Organization","@id":"https:\/\/www.iplay.com\/en\/#organization","name":"IPlay","url":"https:\/\/www.iplay.com\/en\/","logo":{"@type":"ImageObject","inLanguage":"fr-FR","@id":"https:\/\/www.iplay.com\/en\/#\/schema\/logo\/image\/","url":"https:\/\/www.iplay.com\/wp-content\/uploads\/2023\/11\/Group-6100.svg","contentUrl":"https:\/\/www.iplay.com\/wp-content\/uploads\/2023\/11\/Group-6100.svg","width":98,"height":25,"caption":"IPlay"},"image":{"@id":"https:\/\/www.iplay.com\/en\/#\/schema\/logo\/image\/"}}]}},"_links":{"self":[{"href":"https:\/\/www.iplay.com\/fr\/wp-json\/wp\/v2\/product\/141705","targetHints":{"allow":["GET"]}}],"collection":[{"href":"https:\/\/www.iplay.com\/fr\/wp-json\/wp\/v2\/product"}],"about":[{"href":"https:\/\/www.iplay.com\/fr\/wp-json\/wp\/v2\/types\/product"}],"author":[{"embeddable":true,"href":"https:\/\/www.iplay.com\/fr\/wp-json\/wp\/v2\/users\/13"}],"replies":[{"embeddable":true,"href":"https:\/\/www.iplay.com\/fr\/wp-json\/wp\/v2\/comments?post=141705"}],"wp:featuredmedia":[{"embeddable":true,"href":"https:\/\/www.iplay.com\/fr\/wp-json\/wp\/v2\/media\/86901"}],"wp:attachment":[{"href":"https:\/\/www.iplay.com\/fr\/wp-json\/wp\/v2\/media?parent=141705"}],"wp:term":[{"taxonomy":"product_brand","embeddable":true,"href":"https:\/\/www.iplay.com\/fr\/wp-json\/wp\/v2\/product_brand?post=141705"},{"taxonomy":"product_cat","embeddable":true,"href":"https:\/\/www.iplay.com\/fr\/wp-json\/wp\/v2\/product_cat?post=141705"},{"taxonomy":"product_tag","embeddable":true,"href":"https:\/\/www.iplay.com\/fr\/wp-json\/wp\/v2\/product_tag?post=141705"}],"curies":[{"name":"wp","href":"https:\/\/api.w.org\/{rel}","templated":true}]}}