{"id":141571,"date":"2025-08-08T07:30:46","date_gmt":"2025-08-08T07:30:46","guid":{"rendered":"https:\/\/www.iplay.com\/?post_type=product&p=141571"},"modified":"2025-08-04T12:24:20","modified_gmt":"2025-08-04T12:24:20","slug":"block-rush-2","status":"publish","type":"product","link":"https:\/\/www.iplay.com\/fr\/games\/block-rush-2\/","title":{"rendered":"Block Rush 2"},"content":{"rendered":"<p class=\"whitespace-normal break-words ai-optimize-31 ai-optimize-introduction\">Block Rush 2 rend vos comp\u00e9tences en mati\u00e8re de puzzle encore meilleures ! Vous jouez dans un monde lumineux rempli de tuiles en mouvement. Vous utilisez des bonus sp\u00e9ciaux pour effacer les lignes. Vous cr\u00e9ez des r\u00e9actions en cha\u00eene impressionnantes qui marquent de gros points.   <\/p>\n<p class=\"whitespace-normal break-words ai-optimize-33\">Chaque niveau devient plus difficile que le pr\u00e9c\u00e9dent. Vous pensez plus vite et planifiez plus intelligemment pour battre le jeu. Vous disposez de 150 niveaux \u00e0 parcourir. Les arri\u00e8re-plans bougent et donnent vie au jeu.   <\/p>\n<p class=\"whitespace-normal break-words ai-optimize-35\">Vous effacez les lignes comme les jeux de puzzle classiques. Vous r\u00e9solvez \u00e9galement 10 puzzles amusants pour plus de vari\u00e9t\u00e9. Le jeu fonctionne tr\u00e8s bien pour les d\u00e9butants et les experts en puzzles. Vous utilisez la strat\u00e9gie et la cr\u00e9ativit\u00e9 pour gagner.   <\/p>\n<p>&nbsp;<\/p>\n<p class=\"whitespace-normal break-words ai-optimize-37\"><strong>Fonctionnalit\u00e9s<\/strong><\/p>\n<ul class=\"[&amp;:not(:last-child)_ul]:pb-1 [&amp;:not(:last-child)_ol]:pb-1 list-disc space-y-1.5 pl-7\">\n<li class=\"whitespace-normal break-words ai-optimize-38\">Vous jouez \u00e0 150 niveaux diff\u00e9rents qui deviennent de plus en plus difficiles au fur et \u00e0 mesure<\/li>\n<li class=\"whitespace-normal break-words ai-optimize-39\">Vous placez des blocs sp\u00e9ciaux pour faire de puissants combos et gagner plus de points<\/li>\n<li class=\"whitespace-normal break-words ai-optimize-40\">Vous r\u00e9solvez 10 puzzles bonus lorsque vous voulez quelque chose de diff\u00e9rent<\/li>\n<li class=\"whitespace-normal break-words ai-optimize-41\">Vous aimez les arri\u00e8re-plans mobiles qui rendent le jeu incroyable<\/li>\n<li class=\"whitespace-normal break-words ai-optimize-42\">Vous vous d\u00e9tendez et entra\u00eenez votre cerveau avec des heures de jeu fluide et amusant<\/li>\n<\/ul>\n<p>&nbsp;<\/p>\n<p class=\"whitespace-normal break-words ai-optimize-43\">Pr\u00e9parez-vous \u00e0 vider le tableau et \u00e0 gagner la course !<\/p>\n","protected":false},"excerpt":{"rendered":"<p>Block Rush 2 vous permet de poser strat\u00e9giquement des blocs et de d\u00e9clencher des combos incroyables !<\/p>\n","protected":false},"author":21,"featured_media":141404,"comment_status":"open","ping_status":"closed","template":"","meta":{"_acf_changed":false,"inline_featured_image":false},"product_brand":[],"product_cat":[193],"product_tag":[287],"class_list":{"0":"post-141571","1":"product","2":"type-product","3":"status-publish","4":"has-post-thumbnail","6":"product_cat-puzzle-fr","7":"product_tag-play-on-pc-fr","9":"first","10":"instock","11":"shipping-taxable","12":"purchasable","13":"product-type-simple"},"acf":[],"yoast_head":"<!-- This site is optimized with the Yoast SEO Premium plugin v25.2 (Yoast SEO v25.2) - https:\/\/yoast.com\/wordpress\/plugins\/seo\/ -->\n<title>Block Rush 2 : Blocs strat\u00e9giques et combo \u00e9blouissant<\/title>\n<meta name=\"description\" content=\"Block Rush 2 vous permet de poser strat\u00e9giquement des blocs et de d\u00e9clencher des combos incroyables !\" \/>\n<meta name=\"robots\" content=\"index, follow, max-snippet:-1, max-image-preview:large, max-video-preview:-1\" \/>\n<link rel=\"canonical\" href=\"https:\/\/www.iplay.com\/en\/games\/block-rush-2\/\" \/>\n<meta property=\"og:locale\" content=\"fr_FR\" \/>\n<meta property=\"og:type\" content=\"article\" \/>\n<meta property=\"og:title\" content=\"Block Rush 2\" \/>\n<meta property=\"og:description\" content=\"Block Rush 2 vous permet de poser strat\u00e9giquement des blocs et de d\u00e9clencher des combos incroyables !\" \/>\n<meta property=\"og:url\" content=\"https:\/\/www.iplay.com\/en\/games\/block-rush-2\/\" \/>\n<meta property=\"og:site_name\" content=\"IPlay\" \/>\n<meta property=\"og:image\" content=\"https:\/\/www.iplay.com\/wp-content\/uploads\/2025\/08\/block_rush_2_large_video_screenshot.webp\" \/>\n\t<meta property=\"og:image:width\" content=\"715\" \/>\n\t<meta property=\"og:image:height\" content=\"485\" \/>\n\t<meta property=\"og:image:type\" content=\"image\/webp\" \/>\n<meta name=\"twitter:card\" content=\"summary_large_image\" \/>\n<meta name=\"twitter:label1\" content=\"Dur\u00e9e de lecture estim\u00e9e\" \/>\n\t<meta name=\"twitter:data1\" content=\"1 minute\" \/>\n<script type=\"application\/ld+json\" class=\"yoast-schema-graph\">{\"@context\":\"https:\/\/schema.org\",\"@graph\":[{\"@type\":\"WebPage\",\"@id\":\"https:\/\/www.iplay.com\/en\/games\/block-rush-2\/\",\"url\":\"https:\/\/www.iplay.com\/en\/games\/block-rush-2\/\",\"name\":\"Block Rush 2 : Blocs strat\u00e9giques et combo \u00e9blouissant\",\"isPartOf\":{\"@id\":\"https:\/\/www.iplay.com\/en\/#website\"},\"primaryImageOfPage\":{\"@id\":\"https:\/\/www.iplay.com\/en\/games\/block-rush-2\/#primaryimage\"},\"image\":{\"@id\":\"https:\/\/www.iplay.com\/en\/games\/block-rush-2\/#primaryimage\"},\"thumbnailUrl\":\"https:\/\/www.iplay.com\/wp-content\/uploads\/2025\/08\/block_rush_2_large_video_screenshot.webp\",\"datePublished\":\"2025-08-08T07:30:46+00:00\",\"description\":\"Block Rush 2 vous permet de poser strat\u00e9giquement des blocs et de d\u00e9clencher des combos incroyables !\",\"breadcrumb\":{\"@id\":\"https:\/\/www.iplay.com\/en\/games\/block-rush-2\/#breadcrumb\"},\"inLanguage\":\"fr-FR\",\"potentialAction\":[{\"@type\":\"ReadAction\",\"target\":[\"https:\/\/www.iplay.com\/en\/games\/block-rush-2\/\"]}]},{\"@type\":\"ImageObject\",\"inLanguage\":\"fr-FR\",\"@id\":\"https:\/\/www.iplay.com\/en\/games\/block-rush-2\/#primaryimage\",\"url\":\"https:\/\/www.iplay.com\/wp-content\/uploads\/2025\/08\/block_rush_2_large_video_screenshot.webp\",\"contentUrl\":\"https:\/\/www.iplay.com\/wp-content\/uploads\/2025\/08\/block_rush_2_large_video_screenshot.webp\",\"width\":715,\"height\":485},{\"@type\":\"BreadcrumbList\",\"@id\":\"https:\/\/www.iplay.com\/en\/games\/block-rush-2\/#breadcrumb\",\"itemListElement\":[{\"@type\":\"ListItem\",\"position\":1,\"name\":\"Home\",\"item\":\"https:\/\/www.iplay.com\/fr\/home-page-2\/\"},{\"@type\":\"ListItem\",\"position\":2,\"name\":\"Shop\",\"item\":\"https:\/\/www.iplay.com\/en\/shop\/\"},{\"@type\":\"ListItem\",\"position\":3,\"name\":\"Block Rush 2\"}]},{\"@type\":\"WebSite\",\"@id\":\"https:\/\/www.iplay.com\/en\/#website\",\"url\":\"https:\/\/www.iplay.com\/en\/\",\"name\":\"IPlay\",\"description\":\"The Best Casual Games!\",\"publisher\":{\"@id\":\"https:\/\/www.iplay.com\/en\/#organization\"},\"potentialAction\":[{\"@type\":\"SearchAction\",\"target\":{\"@type\":\"EntryPoint\",\"urlTemplate\":\"https:\/\/www.iplay.com\/en\/?s={search_term_string}\"},\"query-input\":{\"@type\":\"PropertyValueSpecification\",\"valueRequired\":true,\"valueName\":\"search_term_string\"}}],\"inLanguage\":\"fr-FR\"},{\"@type\":\"Organization\",\"@id\":\"https:\/\/www.iplay.com\/en\/#organization\",\"name\":\"IPlay\",\"url\":\"https:\/\/www.iplay.com\/en\/\",\"logo\":{\"@type\":\"ImageObject\",\"inLanguage\":\"fr-FR\",\"@id\":\"https:\/\/www.iplay.com\/en\/#\/schema\/logo\/image\/\",\"url\":\"https:\/\/www.iplay.com\/wp-content\/uploads\/2023\/11\/Group-6100.svg\",\"contentUrl\":\"https:\/\/www.iplay.com\/wp-content\/uploads\/2023\/11\/Group-6100.svg\",\"width\":98,\"height\":25,\"caption\":\"IPlay\"},\"image\":{\"@id\":\"https:\/\/www.iplay.com\/en\/#\/schema\/logo\/image\/\"}}]}<\/script>\n<!-- \/ Yoast SEO Premium plugin. -->","yoast_head_json":{"title":"Block Rush 2 : Blocs strat\u00e9giques et combo \u00e9blouissant","description":"Block Rush 2 vous permet de poser strat\u00e9giquement des blocs et de d\u00e9clencher des combos incroyables !","robots":{"index":"index","follow":"follow","max-snippet":"max-snippet:-1","max-image-preview":"max-image-preview:large","max-video-preview":"max-video-preview:-1"},"canonical":"https:\/\/www.iplay.com\/en\/games\/block-rush-2\/","og_locale":"fr_FR","og_type":"article","og_title":"Block Rush 2","og_description":"Block Rush 2 vous permet de poser strat\u00e9giquement des blocs et de d\u00e9clencher des combos incroyables !","og_url":"https:\/\/www.iplay.com\/en\/games\/block-rush-2\/","og_site_name":"IPlay","og_image":[{"width":715,"height":485,"url":"https:\/\/www.iplay.com\/wp-content\/uploads\/2025\/08\/block_rush_2_large_video_screenshot.webp","type":"image\/webp"}],"twitter_card":"summary_large_image","twitter_misc":{"Dur\u00e9e de lecture estim\u00e9e":"1 minute"},"schema":{"@context":"https:\/\/schema.org","@graph":[{"@type":"WebPage","@id":"https:\/\/www.iplay.com\/en\/games\/block-rush-2\/","url":"https:\/\/www.iplay.com\/en\/games\/block-rush-2\/","name":"Block Rush 2 : Blocs strat\u00e9giques et combo \u00e9blouissant","isPartOf":{"@id":"https:\/\/www.iplay.com\/en\/#website"},"primaryImageOfPage":{"@id":"https:\/\/www.iplay.com\/en\/games\/block-rush-2\/#primaryimage"},"image":{"@id":"https:\/\/www.iplay.com\/en\/games\/block-rush-2\/#primaryimage"},"thumbnailUrl":"https:\/\/www.iplay.com\/wp-content\/uploads\/2025\/08\/block_rush_2_large_video_screenshot.webp","datePublished":"2025-08-08T07:30:46+00:00","description":"Block Rush 2 vous permet de poser strat\u00e9giquement des blocs et de d\u00e9clencher des combos incroyables !","breadcrumb":{"@id":"https:\/\/www.iplay.com\/en\/games\/block-rush-2\/#breadcrumb"},"inLanguage":"fr-FR","potentialAction":[{"@type":"ReadAction","target":["https:\/\/www.iplay.com\/en\/games\/block-rush-2\/"]}]},{"@type":"ImageObject","inLanguage":"fr-FR","@id":"https:\/\/www.iplay.com\/en\/games\/block-rush-2\/#primaryimage","url":"https:\/\/www.iplay.com\/wp-content\/uploads\/2025\/08\/block_rush_2_large_video_screenshot.webp","contentUrl":"https:\/\/www.iplay.com\/wp-content\/uploads\/2025\/08\/block_rush_2_large_video_screenshot.webp","width":715,"height":485},{"@type":"BreadcrumbList","@id":"https:\/\/www.iplay.com\/en\/games\/block-rush-2\/#breadcrumb","itemListElement":[{"@type":"ListItem","position":1,"name":"Home","item":"https:\/\/www.iplay.com\/fr\/home-page-2\/"},{"@type":"ListItem","position":2,"name":"Shop","item":"https:\/\/www.iplay.com\/en\/shop\/"},{"@type":"ListItem","position":3,"name":"Block Rush 2"}]},{"@type":"WebSite","@id":"https:\/\/www.iplay.com\/en\/#website","url":"https:\/\/www.iplay.com\/en\/","name":"IPlay","description":"The Best Casual Games!","publisher":{"@id":"https:\/\/www.iplay.com\/en\/#organization"},"potentialAction":[{"@type":"SearchAction","target":{"@type":"EntryPoint","urlTemplate":"https:\/\/www.iplay.com\/en\/?s={search_term_string}"},"query-input":{"@type":"PropertyValueSpecification","valueRequired":true,"valueName":"search_term_string"}}],"inLanguage":"fr-FR"},{"@type":"Organization","@id":"https:\/\/www.iplay.com\/en\/#organization","name":"IPlay","url":"https:\/\/www.iplay.com\/en\/","logo":{"@type":"ImageObject","inLanguage":"fr-FR","@id":"https:\/\/www.iplay.com\/en\/#\/schema\/logo\/image\/","url":"https:\/\/www.iplay.com\/wp-content\/uploads\/2023\/11\/Group-6100.svg","contentUrl":"https:\/\/www.iplay.com\/wp-content\/uploads\/2023\/11\/Group-6100.svg","width":98,"height":25,"caption":"IPlay"},"image":{"@id":"https:\/\/www.iplay.com\/en\/#\/schema\/logo\/image\/"}}]}},"_links":{"self":[{"href":"https:\/\/www.iplay.com\/fr\/wp-json\/wp\/v2\/product\/141571","targetHints":{"allow":["GET"]}}],"collection":[{"href":"https:\/\/www.iplay.com\/fr\/wp-json\/wp\/v2\/product"}],"about":[{"href":"https:\/\/www.iplay.com\/fr\/wp-json\/wp\/v2\/types\/product"}],"author":[{"embeddable":true,"href":"https:\/\/www.iplay.com\/fr\/wp-json\/wp\/v2\/users\/21"}],"replies":[{"embeddable":true,"href":"https:\/\/www.iplay.com\/fr\/wp-json\/wp\/v2\/comments?post=141571"}],"wp:featuredmedia":[{"embeddable":true,"href":"https:\/\/www.iplay.com\/fr\/wp-json\/wp\/v2\/media\/141404"}],"wp:attachment":[{"href":"https:\/\/www.iplay.com\/fr\/wp-json\/wp\/v2\/media?parent=141571"}],"wp:term":[{"taxonomy":"product_brand","embeddable":true,"href":"https:\/\/www.iplay.com\/fr\/wp-json\/wp\/v2\/product_brand?post=141571"},{"taxonomy":"product_cat","embeddable":true,"href":"https:\/\/www.iplay.com\/fr\/wp-json\/wp\/v2\/product_cat?post=141571"},{"taxonomy":"product_tag","embeddable":true,"href":"https:\/\/www.iplay.com\/fr\/wp-json\/wp\/v2\/product_tag?post=141571"}],"curies":[{"name":"wp","href":"https:\/\/api.w.org\/{rel}","templated":true}]}}