{"id":141559,"date":"2025-08-15T09:30:27","date_gmt":"2025-08-15T09:30:27","guid":{"rendered":"https:\/\/www.iplay.com\/?post_type=product&p=141559"},"modified":"2025-08-15T09:30:27","modified_gmt":"2025-08-15T09:30:27","slug":"jigsaw-world-4","status":"publish","type":"product","link":"https:\/\/www.iplay.com\/fr\/games\/jigsaw-world-4\/","title":{"rendered":"Jigsaw World 4"},"content":{"rendered":"<p class=\"whitespace-normal break-words ai-optimize-29 ai-optimize-introduction\">Vous entrez dans le monde incroyable de Jigsaw World 4 ! Ce jeu de puzzle vous offre de nouvelles fa\u00e7ons de jouer passionnantes. Vous pouvez \u00eatre un expert en puzzles ou simplement vouloir vous d\u00e9tendre. Ce jeu vous donne de belles images et un entra\u00eenement c\u00e9r\u00e9bral en m\u00eame temps.   <\/p>\n<p class=\"whitespace-normal break-words ai-optimize-31\">Vous choisissez parmi quatre types de jeux amusants. Vous jouez \u00e0 Classic Jigsaw, Tile Swap, Split Tiles et Tile Rotation. Chaque type vous offre une nouvelle fa\u00e7on de r\u00e9soudre des \u00e9nigmes. On ne s\u2019ennuie jamais avec le m\u00eame vieux style de puzzle.   <\/p>\n<p class=\"whitespace-normal break-words ai-optimize-33\">Vous avez 96 belles \u00e9nigmes \u00e0 r\u00e9soudre. Certains puzzles utilisent des clips vid\u00e9o anim\u00e9s au lieu d\u2019images fixes. Vous voyez des couleurs vives et des pi\u00e8ces mobiles qui rendent les \u00e9nigmes plus excitantes. Les images ordinaires prennent vie avec le mouvement et les d\u00e9tails.   <\/p>\n<p class=\"whitespace-normal break-words ai-optimize-35\">Le jeu est facile \u00e0 contr\u00f4ler et vous pouvez modifier les param\u00e8tres. Vous r\u00e9solvez des \u00e9nigmes avec des sc\u00e8nes de nature calmes et des conceptions d\u00e9taill\u00e9es. Vous am\u00e9liorez votre concentration tout en relaxant votre esprit. Ce jeu vous aide \u00e0 mieux penser et \u00e0 vous sentir en paix.   <\/p>\n<p>&nbsp;<\/p>\n<p class=\"whitespace-normal break-words ai-optimize-37\"><strong>Fonctionnalit\u00e9s<\/strong><\/p>\n<ul class=\"[&amp;:not(:last-child)_ul]:pb-1 [&amp;:not(:last-child)_ol]:pb-1 list-disc space-y-1.5 pl-7\">\n<li class=\"whitespace-normal break-words ai-optimize-38\">Vous jouez \u00e0 quatre types de puzzles diff\u00e9rents : Classique, Swap, Split et Rotation<\/li>\n<li class=\"whitespace-normal break-words ai-optimize-39\">Vous r\u00e9solvez 96 magnifiques \u00e9nigmes, dont certaines avec des clips vid\u00e9o en mouvement<\/li>\n<li class=\"whitespace-normal break-words ai-optimize-40\">Vous modifiez les param\u00e8tres en fonction de votre niveau de comp\u00e9tence et de la fa\u00e7on dont vous aimez jouer<\/li>\n<li class=\"whitespace-normal break-words ai-optimize-41\">Vous vous d\u00e9tendez et entra\u00eenez votre cerveau avec des heures de jeu apaisant<\/li>\n<li class=\"whitespace-normal break-words ai-optimize-42\">Les personnes de tous \u00e2ges et de tous niveaux peuvent jouer \u00e0 ce jeu encore et encore<\/li>\n<\/ul>\n<p>&nbsp;<\/p>\n<p class=\"whitespace-normal break-words ai-optimize-43\">Commencez votre aventure de puzzle d\u00e8s aujourd\u2019hui !<\/p>\n","protected":false},"excerpt":{"rendered":"<p>Jigsaw World 4 vous permet d\u2019assembler de belles images et vid\u00e9os !<\/p>\n","protected":false},"author":21,"featured_media":141555,"comment_status":"open","ping_status":"closed","template":"","meta":{"_acf_changed":false,"inline_featured_image":false},"product_brand":[],"product_cat":[169,193],"product_tag":[287],"class_list":{"0":"post-141559","1":"product","2":"type-product","3":"status-publish","4":"has-post-thumbnail","6":"product_cat-jigsaw-fr","7":"product_cat-puzzle-fr","8":"product_tag-play-on-pc-fr","10":"first","11":"instock","12":"shipping-taxable","13":"purchasable","14":"product-type-simple"},"acf":[],"yoast_head":"<!-- This site is optimized with the Yoast SEO Premium plugin v25.2 (Yoast SEO v25.2) - https:\/\/yoast.com\/wordpress\/plugins\/seo\/ -->\n<title>Jigsaw World 4 : Images \u00e9poustouflantes et clips vid\u00e9o<\/title>\n<meta name=\"description\" content=\"Jigsaw World 4 vous permet d\u2019assembler de belles images et vid\u00e9os !\" \/>\n<meta name=\"robots\" content=\"index, follow, max-snippet:-1, max-image-preview:large, max-video-preview:-1\" \/>\n<link rel=\"canonical\" href=\"https:\/\/www.iplay.com\/en\/games\/jigsaw-world-4\/\" \/>\n<meta property=\"og:locale\" content=\"fr_FR\" \/>\n<meta property=\"og:type\" content=\"article\" \/>\n<meta property=\"og:title\" content=\"Jigsaw World 4\" \/>\n<meta property=\"og:description\" content=\"Jigsaw World 4 vous permet d\u2019assembler de belles images et vid\u00e9os !\" \/>\n<meta property=\"og:url\" content=\"https:\/\/www.iplay.com\/en\/games\/jigsaw-world-4\/\" \/>\n<meta property=\"og:site_name\" content=\"IPlay\" \/>\n<meta property=\"og:image\" content=\"https:\/\/www.iplay.com\/wp-content\/uploads\/2025\/08\/jigsaw_world_4_large_video_screenshot.webp\" \/>\n\t<meta property=\"og:image:width\" content=\"715\" \/>\n\t<meta property=\"og:image:height\" content=\"485\" \/>\n\t<meta property=\"og:image:type\" content=\"image\/webp\" \/>\n<meta name=\"twitter:card\" content=\"summary_large_image\" \/>\n<meta name=\"twitter:label1\" content=\"Dur\u00e9e de lecture estim\u00e9e\" \/>\n\t<meta name=\"twitter:data1\" content=\"1 minute\" \/>\n<script type=\"application\/ld+json\" class=\"yoast-schema-graph\">{\"@context\":\"https:\/\/schema.org\",\"@graph\":[{\"@type\":\"WebPage\",\"@id\":\"https:\/\/www.iplay.com\/en\/games\/jigsaw-world-4\/\",\"url\":\"https:\/\/www.iplay.com\/en\/games\/jigsaw-world-4\/\",\"name\":\"Jigsaw World 4 : Images \u00e9poustouflantes et clips vid\u00e9o\",\"isPartOf\":{\"@id\":\"https:\/\/www.iplay.com\/en\/#website\"},\"primaryImageOfPage\":{\"@id\":\"https:\/\/www.iplay.com\/en\/games\/jigsaw-world-4\/#primaryimage\"},\"image\":{\"@id\":\"https:\/\/www.iplay.com\/en\/games\/jigsaw-world-4\/#primaryimage\"},\"thumbnailUrl\":\"https:\/\/www.iplay.com\/wp-content\/uploads\/2025\/08\/jigsaw_world_4_large_square_tile_image.webp\",\"datePublished\":\"2025-08-15T09:30:27+00:00\",\"description\":\"Jigsaw World 4 vous permet d\u2019assembler de belles images et vid\u00e9os !\",\"breadcrumb\":{\"@id\":\"https:\/\/www.iplay.com\/en\/games\/jigsaw-world-4\/#breadcrumb\"},\"inLanguage\":\"fr-FR\",\"potentialAction\":[{\"@type\":\"ReadAction\",\"target\":[\"https:\/\/www.iplay.com\/en\/games\/jigsaw-world-4\/\"]}]},{\"@type\":\"ImageObject\",\"inLanguage\":\"fr-FR\",\"@id\":\"https:\/\/www.iplay.com\/en\/games\/jigsaw-world-4\/#primaryimage\",\"url\":\"https:\/\/www.iplay.com\/wp-content\/uploads\/2025\/08\/jigsaw_world_4_large_square_tile_image.webp\",\"contentUrl\":\"https:\/\/www.iplay.com\/wp-content\/uploads\/2025\/08\/jigsaw_world_4_large_square_tile_image.webp\",\"width\":310,\"height\":310},{\"@type\":\"BreadcrumbList\",\"@id\":\"https:\/\/www.iplay.com\/en\/games\/jigsaw-world-4\/#breadcrumb\",\"itemListElement\":[{\"@type\":\"ListItem\",\"position\":1,\"name\":\"Home\",\"item\":\"https:\/\/www.iplay.com\/fr\/home-page-2\/\"},{\"@type\":\"ListItem\",\"position\":2,\"name\":\"Shop\",\"item\":\"https:\/\/www.iplay.com\/en\/shop\/\"},{\"@type\":\"ListItem\",\"position\":3,\"name\":\"Jigsaw World 4\"}]},{\"@type\":\"WebSite\",\"@id\":\"https:\/\/www.iplay.com\/en\/#website\",\"url\":\"https:\/\/www.iplay.com\/en\/\",\"name\":\"IPlay\",\"description\":\"The Best Casual Games!\",\"publisher\":{\"@id\":\"https:\/\/www.iplay.com\/en\/#organization\"},\"potentialAction\":[{\"@type\":\"SearchAction\",\"target\":{\"@type\":\"EntryPoint\",\"urlTemplate\":\"https:\/\/www.iplay.com\/en\/?s={search_term_string}\"},\"query-input\":{\"@type\":\"PropertyValueSpecification\",\"valueRequired\":true,\"valueName\":\"search_term_string\"}}],\"inLanguage\":\"fr-FR\"},{\"@type\":\"Organization\",\"@id\":\"https:\/\/www.iplay.com\/en\/#organization\",\"name\":\"IPlay\",\"url\":\"https:\/\/www.iplay.com\/en\/\",\"logo\":{\"@type\":\"ImageObject\",\"inLanguage\":\"fr-FR\",\"@id\":\"https:\/\/www.iplay.com\/en\/#\/schema\/logo\/image\/\",\"url\":\"https:\/\/www.iplay.com\/wp-content\/uploads\/2023\/11\/Group-6100.svg\",\"contentUrl\":\"https:\/\/www.iplay.com\/wp-content\/uploads\/2023\/11\/Group-6100.svg\",\"width\":98,\"height\":25,\"caption\":\"IPlay\"},\"image\":{\"@id\":\"https:\/\/www.iplay.com\/en\/#\/schema\/logo\/image\/\"}}]}<\/script>\n<!-- \/ Yoast SEO Premium plugin. -->","yoast_head_json":{"title":"Jigsaw World 4 : Images \u00e9poustouflantes et clips vid\u00e9o","description":"Jigsaw World 4 vous permet d\u2019assembler de belles images et vid\u00e9os !","robots":{"index":"index","follow":"follow","max-snippet":"max-snippet:-1","max-image-preview":"max-image-preview:large","max-video-preview":"max-video-preview:-1"},"canonical":"https:\/\/www.iplay.com\/en\/games\/jigsaw-world-4\/","og_locale":"fr_FR","og_type":"article","og_title":"Jigsaw World 4","og_description":"Jigsaw World 4 vous permet d\u2019assembler de belles images et vid\u00e9os !","og_url":"https:\/\/www.iplay.com\/en\/games\/jigsaw-world-4\/","og_site_name":"IPlay","og_image":[{"width":715,"height":485,"url":"https:\/\/www.iplay.com\/wp-content\/uploads\/2025\/08\/jigsaw_world_4_large_video_screenshot.webp","type":"image\/webp"}],"twitter_card":"summary_large_image","twitter_misc":{"Dur\u00e9e de lecture estim\u00e9e":"1 minute"},"schema":{"@context":"https:\/\/schema.org","@graph":[{"@type":"WebPage","@id":"https:\/\/www.iplay.com\/en\/games\/jigsaw-world-4\/","url":"https:\/\/www.iplay.com\/en\/games\/jigsaw-world-4\/","name":"Jigsaw World 4 : Images \u00e9poustouflantes et clips vid\u00e9o","isPartOf":{"@id":"https:\/\/www.iplay.com\/en\/#website"},"primaryImageOfPage":{"@id":"https:\/\/www.iplay.com\/en\/games\/jigsaw-world-4\/#primaryimage"},"image":{"@id":"https:\/\/www.iplay.com\/en\/games\/jigsaw-world-4\/#primaryimage"},"thumbnailUrl":"https:\/\/www.iplay.com\/wp-content\/uploads\/2025\/08\/jigsaw_world_4_large_square_tile_image.webp","datePublished":"2025-08-15T09:30:27+00:00","description":"Jigsaw World 4 vous permet d\u2019assembler de belles images et vid\u00e9os !","breadcrumb":{"@id":"https:\/\/www.iplay.com\/en\/games\/jigsaw-world-4\/#breadcrumb"},"inLanguage":"fr-FR","potentialAction":[{"@type":"ReadAction","target":["https:\/\/www.iplay.com\/en\/games\/jigsaw-world-4\/"]}]},{"@type":"ImageObject","inLanguage":"fr-FR","@id":"https:\/\/www.iplay.com\/en\/games\/jigsaw-world-4\/#primaryimage","url":"https:\/\/www.iplay.com\/wp-content\/uploads\/2025\/08\/jigsaw_world_4_large_square_tile_image.webp","contentUrl":"https:\/\/www.iplay.com\/wp-content\/uploads\/2025\/08\/jigsaw_world_4_large_square_tile_image.webp","width":310,"height":310},{"@type":"BreadcrumbList","@id":"https:\/\/www.iplay.com\/en\/games\/jigsaw-world-4\/#breadcrumb","itemListElement":[{"@type":"ListItem","position":1,"name":"Home","item":"https:\/\/www.iplay.com\/fr\/home-page-2\/"},{"@type":"ListItem","position":2,"name":"Shop","item":"https:\/\/www.iplay.com\/en\/shop\/"},{"@type":"ListItem","position":3,"name":"Jigsaw World 4"}]},{"@type":"WebSite","@id":"https:\/\/www.iplay.com\/en\/#website","url":"https:\/\/www.iplay.com\/en\/","name":"IPlay","description":"The Best Casual Games!","publisher":{"@id":"https:\/\/www.iplay.com\/en\/#organization"},"potentialAction":[{"@type":"SearchAction","target":{"@type":"EntryPoint","urlTemplate":"https:\/\/www.iplay.com\/en\/?s={search_term_string}"},"query-input":{"@type":"PropertyValueSpecification","valueRequired":true,"valueName":"search_term_string"}}],"inLanguage":"fr-FR"},{"@type":"Organization","@id":"https:\/\/www.iplay.com\/en\/#organization","name":"IPlay","url":"https:\/\/www.iplay.com\/en\/","logo":{"@type":"ImageObject","inLanguage":"fr-FR","@id":"https:\/\/www.iplay.com\/en\/#\/schema\/logo\/image\/","url":"https:\/\/www.iplay.com\/wp-content\/uploads\/2023\/11\/Group-6100.svg","contentUrl":"https:\/\/www.iplay.com\/wp-content\/uploads\/2023\/11\/Group-6100.svg","width":98,"height":25,"caption":"IPlay"},"image":{"@id":"https:\/\/www.iplay.com\/en\/#\/schema\/logo\/image\/"}}]}},"_links":{"self":[{"href":"https:\/\/www.iplay.com\/fr\/wp-json\/wp\/v2\/product\/141559","targetHints":{"allow":["GET"]}}],"collection":[{"href":"https:\/\/www.iplay.com\/fr\/wp-json\/wp\/v2\/product"}],"about":[{"href":"https:\/\/www.iplay.com\/fr\/wp-json\/wp\/v2\/types\/product"}],"author":[{"embeddable":true,"href":"https:\/\/www.iplay.com\/fr\/wp-json\/wp\/v2\/users\/21"}],"replies":[{"embeddable":true,"href":"https:\/\/www.iplay.com\/fr\/wp-json\/wp\/v2\/comments?post=141559"}],"wp:featuredmedia":[{"embeddable":true,"href":"https:\/\/www.iplay.com\/fr\/wp-json\/wp\/v2\/media\/141555"}],"wp:attachment":[{"href":"https:\/\/www.iplay.com\/fr\/wp-json\/wp\/v2\/media?parent=141559"}],"wp:term":[{"taxonomy":"product_brand","embeddable":true,"href":"https:\/\/www.iplay.com\/fr\/wp-json\/wp\/v2\/product_brand?post=141559"},{"taxonomy":"product_cat","embeddable":true,"href":"https:\/\/www.iplay.com\/fr\/wp-json\/wp\/v2\/product_cat?post=141559"},{"taxonomy":"product_tag","embeddable":true,"href":"https:\/\/www.iplay.com\/fr\/wp-json\/wp\/v2\/product_tag?post=141559"}],"curies":[{"name":"wp","href":"https:\/\/api.w.org\/{rel}","templated":true}]}}