{"id":141266,"date":"2018-11-23T00:00:00","date_gmt":"2018-11-23T00:00:00","guid":{"rendered":"https:\/\/www.iplay.com\/games\/lost-grimoires-3-the-forgotten-well\/"},"modified":"2018-11-23T00:00:00","modified_gmt":"2018-11-23T00:00:00","slug":"lost-grimoires-3-the-forgotten-well","status":"publish","type":"product","link":"https:\/\/www.iplay.com\/fr\/games\/lost-grimoires-3-the-forgotten-well\/","title":{"rendered":"Lost Grimoires 3 &#8211; The Forgotten Well"},"content":{"rendered":"<p>Le roi Rapha\u00ebl revient victorieux de l\u2019exp\u00e9dition contre l\u2019arm\u00e9e du myst\u00e9rieux elfe Sylvanheir. Alors que les sujets du roi se pr\u00e9parent \u00e0 son arriv\u00e9e triomphale, sa s\u0153ur, surprise par ses \u00e9tranges lettres de la guerre, soup\u00e7onne Rapha\u00ebl d\u2019avoir \u00e9t\u00e9 maudit et qu\u2019une v\u00e9ritable guerre est sur le point de commencer. La guerre entre le Royaume de Phoenix et l\u2019arm\u00e9e d\u2019elfes poss\u00e9d\u00e9e et leur chef Sylvanheir touche \u00e0 sa fin. Quand les sujets attendent l\u2019arriv\u00e9e de leur roi, sa s\u0153ur, l\u2019alchimiste est plein de mauvais sentiments. D\u2019\u00e9tranges lettres, envoy\u00e9es par son fr\u00e8re dans les derni\u00e8res semaines de l\u2019exp\u00e9dition de guerre et d\u2019horribles cauchemars lui am\u00e8nent \u00e0 croire que quelque chose ne va pas chez le roi. Elle soup\u00e7onne qu\u2019il est li\u00e9 d\u2019une mani\u00e8re ou d\u2019une autre aux habitants de la For\u00eat Enchev\u00eatr\u00e9e, qui ont conjur\u00e9 les gens du royaume des elfes. Le protagoniste a-t-il raison \u00e0 propos de tout cela ? Quels secrets peu glorieux se cachent sous le pass\u00e9 l\u00e9gendaire ? L\u2019Alchimiste va-t-elle d\u00e9m\u00ealer le complot compliqu\u00e9, r\u00e9parer les p\u00e9ch\u00e9s du pass\u00e9 du Royaume et sauver son fr\u00e8re ?        <\/p>\n<p>&nbsp;<\/p>\n<p>&nbsp;<\/p>\n<p><strong>Fonctionnalit\u00e9s:<\/strong><\/p>\n<p>&nbsp;<\/p>\n<p>&#8211; Voyagez \u00e0 travers 26 lieux peints \u00e0 la main !<br \/>\n&#8211; Utilisez l\u2019alchimie pour mener votre enqu\u00eate !<br \/>\n&#8211; R\u00e9solvez 26 mini-jeux et sc\u00e8nes !<br \/>\n&#8211; Traversez le royaume \u00e0 cheval et en radeau !<br \/>\n&#8211; Apprenez le secret longtemps cach\u00e9 des gens et des elfes !<\/p>\n","protected":false},"excerpt":{"rendered":"<p>Pouvez-vous r\u00e9soudre l\u2019\u00e9nigme et expier les transgressions pr\u00e9c\u00e9dentes du Royaume afin de sauver votre fr\u00e8re ?<\/p>\n","protected":false},"author":24,"featured_media":94900,"comment_status":"open","ping_status":"closed","template":"","meta":{"_acf_changed":false,"inline_featured_image":false},"product_brand":[],"product_cat":[165],"product_tag":[287],"class_list":{"0":"post-141266","1":"product","2":"type-product","3":"status-publish","4":"has-post-thumbnail","6":"product_cat-hidden-object-fr","7":"product_tag-play-on-pc-fr","9":"first","10":"instock","11":"shipping-taxable","12":"purchasable","13":"product-type-simple"},"acf":[],"yoast_head":"<!-- This site is optimized with the Yoast SEO Premium plugin v25.2 (Yoast SEO v25.2) - https:\/\/yoast.com\/wordpress\/plugins\/seo\/ -->\n<title>Grimoires Perdus 3 - Le Puits Oubli\u00e9 - D\u00e9m\u00ealez l\u2019intrigue, rattrapez les p\u00e9ch\u00e9s pass\u00e9s du Royaume<\/title>\n<meta name=\"robots\" content=\"index, follow, max-snippet:-1, max-image-preview:large, max-video-preview:-1\" \/>\n<link rel=\"canonical\" href=\"https:\/\/www.iplay.com\/fr\/games\/lost-grimoires-3-the-forgotten-well\/\" \/>\n<meta property=\"og:locale\" content=\"fr_FR\" \/>\n<meta property=\"og:type\" content=\"article\" \/>\n<meta property=\"og:title\" content=\"Lost Grimoires 3 - The Forgotten Well\" \/>\n<meta property=\"og:url\" content=\"https:\/\/www.iplay.com\/fr\/games\/lost-grimoires-3-the-forgotten-well\/\" \/>\n<meta property=\"og:site_name\" content=\"IPlay\" \/>\n<meta property=\"og:image\" content=\"https:\/\/www.iplay.com\/wp-content\/uploads\/2023\/12\/large_square_tile_image-3449.jpg\" \/>\n\t<meta property=\"og:image:width\" content=\"310\" \/>\n\t<meta property=\"og:image:height\" content=\"310\" \/>\n\t<meta property=\"og:image:type\" content=\"image\/jpeg\" \/>\n<meta name=\"twitter:card\" content=\"summary_large_image\" \/>\n<meta name=\"twitter:label1\" content=\"Dur\u00e9e de lecture estim\u00e9e\" \/>\n\t<meta name=\"twitter:data1\" content=\"1 minute\" \/>\n<script type=\"application\/ld+json\" class=\"yoast-schema-graph\">{\"@context\":\"https:\/\/schema.org\",\"@graph\":[{\"@type\":\"WebPage\",\"@id\":\"https:\/\/www.iplay.com\/fr\/games\/lost-grimoires-3-the-forgotten-well\/\",\"url\":\"https:\/\/www.iplay.com\/fr\/games\/lost-grimoires-3-the-forgotten-well\/\",\"name\":\"Grimoires Perdus 3 - Le Puits Oubli\u00e9 - D\u00e9m\u00ealez l\u2019intrigue, rattrapez les p\u00e9ch\u00e9s pass\u00e9s du Royaume\",\"isPartOf\":{\"@id\":\"https:\/\/www.iplay.com\/en\/#website\"},\"primaryImageOfPage\":{\"@id\":\"https:\/\/www.iplay.com\/fr\/games\/lost-grimoires-3-the-forgotten-well\/#primaryimage\"},\"image\":{\"@id\":\"https:\/\/www.iplay.com\/fr\/games\/lost-grimoires-3-the-forgotten-well\/#primaryimage\"},\"thumbnailUrl\":\"https:\/\/www.iplay.com\/wp-content\/uploads\/2023\/12\/large_square_tile_image-3449.jpg\",\"datePublished\":\"2018-11-23T00:00:00+00:00\",\"breadcrumb\":{\"@id\":\"https:\/\/www.iplay.com\/fr\/games\/lost-grimoires-3-the-forgotten-well\/#breadcrumb\"},\"inLanguage\":\"fr-FR\",\"potentialAction\":[{\"@type\":\"ReadAction\",\"target\":[\"https:\/\/www.iplay.com\/fr\/games\/lost-grimoires-3-the-forgotten-well\/\"]}]},{\"@type\":\"ImageObject\",\"inLanguage\":\"fr-FR\",\"@id\":\"https:\/\/www.iplay.com\/fr\/games\/lost-grimoires-3-the-forgotten-well\/#primaryimage\",\"url\":\"https:\/\/www.iplay.com\/wp-content\/uploads\/2023\/12\/large_square_tile_image-3449.jpg\",\"contentUrl\":\"https:\/\/www.iplay.com\/wp-content\/uploads\/2023\/12\/large_square_tile_image-3449.jpg\",\"width\":310,\"height\":310},{\"@type\":\"BreadcrumbList\",\"@id\":\"https:\/\/www.iplay.com\/fr\/games\/lost-grimoires-3-the-forgotten-well\/#breadcrumb\",\"itemListElement\":[{\"@type\":\"ListItem\",\"position\":1,\"name\":\"Home\",\"item\":\"https:\/\/www.iplay.com\/fr\/home-page-2\/\"},{\"@type\":\"ListItem\",\"position\":2,\"name\":\"Shop\",\"item\":\"https:\/\/www.iplay.com\/en\/shop\/\"},{\"@type\":\"ListItem\",\"position\":3,\"name\":\"Lost Grimoires 3 &#8211; The Forgotten Well\"}]},{\"@type\":\"WebSite\",\"@id\":\"https:\/\/www.iplay.com\/en\/#website\",\"url\":\"https:\/\/www.iplay.com\/en\/\",\"name\":\"IPlay\",\"description\":\"The Best Casual Games!\",\"publisher\":{\"@id\":\"https:\/\/www.iplay.com\/en\/#organization\"},\"potentialAction\":[{\"@type\":\"SearchAction\",\"target\":{\"@type\":\"EntryPoint\",\"urlTemplate\":\"https:\/\/www.iplay.com\/en\/?s={search_term_string}\"},\"query-input\":{\"@type\":\"PropertyValueSpecification\",\"valueRequired\":true,\"valueName\":\"search_term_string\"}}],\"inLanguage\":\"fr-FR\"},{\"@type\":\"Organization\",\"@id\":\"https:\/\/www.iplay.com\/en\/#organization\",\"name\":\"IPlay\",\"url\":\"https:\/\/www.iplay.com\/en\/\",\"logo\":{\"@type\":\"ImageObject\",\"inLanguage\":\"fr-FR\",\"@id\":\"https:\/\/www.iplay.com\/en\/#\/schema\/logo\/image\/\",\"url\":\"https:\/\/www.iplay.com\/wp-content\/uploads\/2023\/11\/Group-6100.svg\",\"contentUrl\":\"https:\/\/www.iplay.com\/wp-content\/uploads\/2023\/11\/Group-6100.svg\",\"width\":98,\"height\":25,\"caption\":\"IPlay\"},\"image\":{\"@id\":\"https:\/\/www.iplay.com\/en\/#\/schema\/logo\/image\/\"}}]}<\/script>\n<!-- \/ Yoast SEO Premium plugin. -->","yoast_head_json":{"title":"Grimoires Perdus 3 - Le Puits Oubli\u00e9 - D\u00e9m\u00ealez l\u2019intrigue, rattrapez les p\u00e9ch\u00e9s pass\u00e9s du Royaume","robots":{"index":"index","follow":"follow","max-snippet":"max-snippet:-1","max-image-preview":"max-image-preview:large","max-video-preview":"max-video-preview:-1"},"canonical":"https:\/\/www.iplay.com\/fr\/games\/lost-grimoires-3-the-forgotten-well\/","og_locale":"fr_FR","og_type":"article","og_title":"Lost Grimoires 3 - The Forgotten Well","og_url":"https:\/\/www.iplay.com\/fr\/games\/lost-grimoires-3-the-forgotten-well\/","og_site_name":"IPlay","og_image":[{"width":310,"height":310,"url":"https:\/\/www.iplay.com\/wp-content\/uploads\/2023\/12\/large_square_tile_image-3449.jpg","type":"image\/jpeg"}],"twitter_card":"summary_large_image","twitter_misc":{"Dur\u00e9e de lecture estim\u00e9e":"1 minute"},"schema":{"@context":"https:\/\/schema.org","@graph":[{"@type":"WebPage","@id":"https:\/\/www.iplay.com\/fr\/games\/lost-grimoires-3-the-forgotten-well\/","url":"https:\/\/www.iplay.com\/fr\/games\/lost-grimoires-3-the-forgotten-well\/","name":"Grimoires Perdus 3 - Le Puits Oubli\u00e9 - D\u00e9m\u00ealez l\u2019intrigue, rattrapez les p\u00e9ch\u00e9s pass\u00e9s du Royaume","isPartOf":{"@id":"https:\/\/www.iplay.com\/en\/#website"},"primaryImageOfPage":{"@id":"https:\/\/www.iplay.com\/fr\/games\/lost-grimoires-3-the-forgotten-well\/#primaryimage"},"image":{"@id":"https:\/\/www.iplay.com\/fr\/games\/lost-grimoires-3-the-forgotten-well\/#primaryimage"},"thumbnailUrl":"https:\/\/www.iplay.com\/wp-content\/uploads\/2023\/12\/large_square_tile_image-3449.jpg","datePublished":"2018-11-23T00:00:00+00:00","breadcrumb":{"@id":"https:\/\/www.iplay.com\/fr\/games\/lost-grimoires-3-the-forgotten-well\/#breadcrumb"},"inLanguage":"fr-FR","potentialAction":[{"@type":"ReadAction","target":["https:\/\/www.iplay.com\/fr\/games\/lost-grimoires-3-the-forgotten-well\/"]}]},{"@type":"ImageObject","inLanguage":"fr-FR","@id":"https:\/\/www.iplay.com\/fr\/games\/lost-grimoires-3-the-forgotten-well\/#primaryimage","url":"https:\/\/www.iplay.com\/wp-content\/uploads\/2023\/12\/large_square_tile_image-3449.jpg","contentUrl":"https:\/\/www.iplay.com\/wp-content\/uploads\/2023\/12\/large_square_tile_image-3449.jpg","width":310,"height":310},{"@type":"BreadcrumbList","@id":"https:\/\/www.iplay.com\/fr\/games\/lost-grimoires-3-the-forgotten-well\/#breadcrumb","itemListElement":[{"@type":"ListItem","position":1,"name":"Home","item":"https:\/\/www.iplay.com\/fr\/home-page-2\/"},{"@type":"ListItem","position":2,"name":"Shop","item":"https:\/\/www.iplay.com\/en\/shop\/"},{"@type":"ListItem","position":3,"name":"Lost Grimoires 3 &#8211; The Forgotten Well"}]},{"@type":"WebSite","@id":"https:\/\/www.iplay.com\/en\/#website","url":"https:\/\/www.iplay.com\/en\/","name":"IPlay","description":"The Best Casual Games!","publisher":{"@id":"https:\/\/www.iplay.com\/en\/#organization"},"potentialAction":[{"@type":"SearchAction","target":{"@type":"EntryPoint","urlTemplate":"https:\/\/www.iplay.com\/en\/?s={search_term_string}"},"query-input":{"@type":"PropertyValueSpecification","valueRequired":true,"valueName":"search_term_string"}}],"inLanguage":"fr-FR"},{"@type":"Organization","@id":"https:\/\/www.iplay.com\/en\/#organization","name":"IPlay","url":"https:\/\/www.iplay.com\/en\/","logo":{"@type":"ImageObject","inLanguage":"fr-FR","@id":"https:\/\/www.iplay.com\/en\/#\/schema\/logo\/image\/","url":"https:\/\/www.iplay.com\/wp-content\/uploads\/2023\/11\/Group-6100.svg","contentUrl":"https:\/\/www.iplay.com\/wp-content\/uploads\/2023\/11\/Group-6100.svg","width":98,"height":25,"caption":"IPlay"},"image":{"@id":"https:\/\/www.iplay.com\/en\/#\/schema\/logo\/image\/"}}]}},"_links":{"self":[{"href":"https:\/\/www.iplay.com\/fr\/wp-json\/wp\/v2\/product\/141266","targetHints":{"allow":["GET"]}}],"collection":[{"href":"https:\/\/www.iplay.com\/fr\/wp-json\/wp\/v2\/product"}],"about":[{"href":"https:\/\/www.iplay.com\/fr\/wp-json\/wp\/v2\/types\/product"}],"author":[{"embeddable":true,"href":"https:\/\/www.iplay.com\/fr\/wp-json\/wp\/v2\/users\/24"}],"replies":[{"embeddable":true,"href":"https:\/\/www.iplay.com\/fr\/wp-json\/wp\/v2\/comments?post=141266"}],"wp:featuredmedia":[{"embeddable":true,"href":"https:\/\/www.iplay.com\/fr\/wp-json\/wp\/v2\/media\/94900"}],"wp:attachment":[{"href":"https:\/\/www.iplay.com\/fr\/wp-json\/wp\/v2\/media?parent=141266"}],"wp:term":[{"taxonomy":"product_brand","embeddable":true,"href":"https:\/\/www.iplay.com\/fr\/wp-json\/wp\/v2\/product_brand?post=141266"},{"taxonomy":"product_cat","embeddable":true,"href":"https:\/\/www.iplay.com\/fr\/wp-json\/wp\/v2\/product_cat?post=141266"},{"taxonomy":"product_tag","embeddable":true,"href":"https:\/\/www.iplay.com\/fr\/wp-json\/wp\/v2\/product_tag?post=141266"}],"curies":[{"name":"wp","href":"https:\/\/api.w.org\/{rel}","templated":true}]}}