{"id":141154,"date":"2018-11-26T00:00:00","date_gmt":"2018-11-26T00:00:00","guid":{"rendered":"https:\/\/www.iplay.com\/games\/worlds-greatest-cities-mosaics-9\/"},"modified":"2018-11-26T00:00:00","modified_gmt":"2018-11-26T00:00:00","slug":"worlds-greatest-cities-mosaics-9","status":"publish","type":"product","link":"https:\/\/www.iplay.com\/fr\/games\/worlds-greatest-cities-mosaics-9\/","title":{"rendered":"World&#8217;s Greatest Cities Mosaics 9"},"content":{"rendered":"<p>Il s\u2019agit du plus r\u00e9cent \u00e9pisode de la s\u00e9rie World\u2019s Greatest Cities Mosaics, alors poursuivez votre aventure dans le monde de la mosa\u00efque. Jouer \u00e0 des puzzles en mosa\u00efque dans le chapitre 9 vous permettra d\u2019explorer d\u2019autres des plus grandes villes de la plan\u00e8te ! Jouez \u00e0 trois types distincts de mosa\u00efques pour en savoir plus sur les plus belles villes du monde.  <\/p>\n<p>&nbsp;<\/p>\n<p>&nbsp;<\/p>\n<p><strong>Fonctionnalit\u00e9s:<\/strong><\/p>\n<p>&nbsp;<\/p>\n<p>&#8211; Plus de 100 niveaux<br \/>\n&#8211; Trois types de mosa\u00efques diff\u00e9rents- Difficile et rationnelle par nature<br \/>\n&#8211; Apprenez des informations fascinantes<\/p>\n","protected":false},"excerpt":{"rendered":"<p>Dans le neuvi\u00e8me volet de la s\u00e9rie World\u2019s Greatest Cities Mosaics, poursuivez votre aventure !<\/p>\n","protected":false},"author":21,"featured_media":86592,"comment_status":"open","ping_status":"closed","template":"","meta":{"_acf_changed":false,"inline_featured_image":false},"product_brand":[],"product_cat":[193],"product_tag":[],"class_list":{"0":"post-141154","1":"product","2":"type-product","3":"status-publish","4":"has-post-thumbnail","6":"product_cat-puzzle-fr","8":"first","9":"instock","10":"shipping-taxable","11":"purchasable","12":"product-type-simple"},"acf":[],"yoast_head":"<!-- This site is optimized with the Yoast SEO Premium plugin v25.2 (Yoast SEO v25.2) - https:\/\/yoast.com\/wordpress\/plugins\/seo\/ -->\n<title>World\u2019s Greatest Cities Mosaics 9 - Partez \u00e0 l\u2019aventure dans le 9\u00e8me chapitre de Greatest Cities Mosaics<\/title>\n<meta name=\"robots\" content=\"index, follow, max-snippet:-1, max-image-preview:large, max-video-preview:-1\" \/>\n<link rel=\"canonical\" href=\"https:\/\/www.iplay.com\/fr\/games\/worlds-greatest-cities-mosaics-9\/\" \/>\n<meta property=\"og:locale\" content=\"fr_FR\" \/>\n<meta property=\"og:type\" content=\"article\" \/>\n<meta property=\"og:title\" content=\"World&#039;s Greatest Cities Mosaics 9\" \/>\n<meta property=\"og:url\" content=\"https:\/\/www.iplay.com\/fr\/games\/worlds-greatest-cities-mosaics-9\/\" \/>\n<meta property=\"og:site_name\" content=\"IPlay\" \/>\n<meta property=\"og:image\" content=\"https:\/\/www.iplay.com\/wp-content\/uploads\/2023\/12\/large_square_tile_image-2924.jpg\" \/>\n\t<meta property=\"og:image:width\" content=\"310\" \/>\n\t<meta property=\"og:image:height\" content=\"310\" \/>\n\t<meta property=\"og:image:type\" content=\"image\/jpeg\" \/>\n<meta name=\"twitter:card\" content=\"summary_large_image\" \/>\n<script type=\"application\/ld+json\" class=\"yoast-schema-graph\">{\"@context\":\"https:\/\/schema.org\",\"@graph\":[{\"@type\":\"WebPage\",\"@id\":\"https:\/\/www.iplay.com\/fr\/games\/worlds-greatest-cities-mosaics-9\/\",\"url\":\"https:\/\/www.iplay.com\/fr\/games\/worlds-greatest-cities-mosaics-9\/\",\"name\":\"World\u2019s Greatest Cities Mosaics 9 - Partez \u00e0 l\u2019aventure dans le 9\u00e8me chapitre de Greatest Cities Mosaics\",\"isPartOf\":{\"@id\":\"https:\/\/www.iplay.com\/en\/#website\"},\"primaryImageOfPage\":{\"@id\":\"https:\/\/www.iplay.com\/fr\/games\/worlds-greatest-cities-mosaics-9\/#primaryimage\"},\"image\":{\"@id\":\"https:\/\/www.iplay.com\/fr\/games\/worlds-greatest-cities-mosaics-9\/#primaryimage\"},\"thumbnailUrl\":\"https:\/\/www.iplay.com\/wp-content\/uploads\/2023\/12\/large_square_tile_image-2924.jpg\",\"datePublished\":\"2018-11-26T00:00:00+00:00\",\"breadcrumb\":{\"@id\":\"https:\/\/www.iplay.com\/fr\/games\/worlds-greatest-cities-mosaics-9\/#breadcrumb\"},\"inLanguage\":\"fr-FR\",\"potentialAction\":[{\"@type\":\"ReadAction\",\"target\":[\"https:\/\/www.iplay.com\/fr\/games\/worlds-greatest-cities-mosaics-9\/\"]}]},{\"@type\":\"ImageObject\",\"inLanguage\":\"fr-FR\",\"@id\":\"https:\/\/www.iplay.com\/fr\/games\/worlds-greatest-cities-mosaics-9\/#primaryimage\",\"url\":\"https:\/\/www.iplay.com\/wp-content\/uploads\/2023\/12\/large_square_tile_image-2924.jpg\",\"contentUrl\":\"https:\/\/www.iplay.com\/wp-content\/uploads\/2023\/12\/large_square_tile_image-2924.jpg\",\"width\":310,\"height\":310},{\"@type\":\"BreadcrumbList\",\"@id\":\"https:\/\/www.iplay.com\/fr\/games\/worlds-greatest-cities-mosaics-9\/#breadcrumb\",\"itemListElement\":[{\"@type\":\"ListItem\",\"position\":1,\"name\":\"Home\",\"item\":\"https:\/\/www.iplay.com\/fr\/home-page-2\/\"},{\"@type\":\"ListItem\",\"position\":2,\"name\":\"Shop\",\"item\":\"https:\/\/www.iplay.com\/en\/shop\/\"},{\"@type\":\"ListItem\",\"position\":3,\"name\":\"World&#8217;s Greatest Cities Mosaics 9\"}]},{\"@type\":\"WebSite\",\"@id\":\"https:\/\/www.iplay.com\/en\/#website\",\"url\":\"https:\/\/www.iplay.com\/en\/\",\"name\":\"IPlay\",\"description\":\"The Best Casual Games!\",\"publisher\":{\"@id\":\"https:\/\/www.iplay.com\/en\/#organization\"},\"potentialAction\":[{\"@type\":\"SearchAction\",\"target\":{\"@type\":\"EntryPoint\",\"urlTemplate\":\"https:\/\/www.iplay.com\/en\/?s={search_term_string}\"},\"query-input\":{\"@type\":\"PropertyValueSpecification\",\"valueRequired\":true,\"valueName\":\"search_term_string\"}}],\"inLanguage\":\"fr-FR\"},{\"@type\":\"Organization\",\"@id\":\"https:\/\/www.iplay.com\/en\/#organization\",\"name\":\"IPlay\",\"url\":\"https:\/\/www.iplay.com\/en\/\",\"logo\":{\"@type\":\"ImageObject\",\"inLanguage\":\"fr-FR\",\"@id\":\"https:\/\/www.iplay.com\/en\/#\/schema\/logo\/image\/\",\"url\":\"https:\/\/www.iplay.com\/wp-content\/uploads\/2023\/11\/Group-6100.svg\",\"contentUrl\":\"https:\/\/www.iplay.com\/wp-content\/uploads\/2023\/11\/Group-6100.svg\",\"width\":98,\"height\":25,\"caption\":\"IPlay\"},\"image\":{\"@id\":\"https:\/\/www.iplay.com\/en\/#\/schema\/logo\/image\/\"}}]}<\/script>\n<!-- \/ Yoast SEO Premium plugin. -->","yoast_head_json":{"title":"World\u2019s Greatest Cities Mosaics 9 - Partez \u00e0 l\u2019aventure dans le 9\u00e8me chapitre de Greatest Cities Mosaics","robots":{"index":"index","follow":"follow","max-snippet":"max-snippet:-1","max-image-preview":"max-image-preview:large","max-video-preview":"max-video-preview:-1"},"canonical":"https:\/\/www.iplay.com\/fr\/games\/worlds-greatest-cities-mosaics-9\/","og_locale":"fr_FR","og_type":"article","og_title":"World's Greatest Cities Mosaics 9","og_url":"https:\/\/www.iplay.com\/fr\/games\/worlds-greatest-cities-mosaics-9\/","og_site_name":"IPlay","og_image":[{"width":310,"height":310,"url":"https:\/\/www.iplay.com\/wp-content\/uploads\/2023\/12\/large_square_tile_image-2924.jpg","type":"image\/jpeg"}],"twitter_card":"summary_large_image","schema":{"@context":"https:\/\/schema.org","@graph":[{"@type":"WebPage","@id":"https:\/\/www.iplay.com\/fr\/games\/worlds-greatest-cities-mosaics-9\/","url":"https:\/\/www.iplay.com\/fr\/games\/worlds-greatest-cities-mosaics-9\/","name":"World\u2019s Greatest Cities Mosaics 9 - Partez \u00e0 l\u2019aventure dans le 9\u00e8me chapitre de Greatest Cities Mosaics","isPartOf":{"@id":"https:\/\/www.iplay.com\/en\/#website"},"primaryImageOfPage":{"@id":"https:\/\/www.iplay.com\/fr\/games\/worlds-greatest-cities-mosaics-9\/#primaryimage"},"image":{"@id":"https:\/\/www.iplay.com\/fr\/games\/worlds-greatest-cities-mosaics-9\/#primaryimage"},"thumbnailUrl":"https:\/\/www.iplay.com\/wp-content\/uploads\/2023\/12\/large_square_tile_image-2924.jpg","datePublished":"2018-11-26T00:00:00+00:00","breadcrumb":{"@id":"https:\/\/www.iplay.com\/fr\/games\/worlds-greatest-cities-mosaics-9\/#breadcrumb"},"inLanguage":"fr-FR","potentialAction":[{"@type":"ReadAction","target":["https:\/\/www.iplay.com\/fr\/games\/worlds-greatest-cities-mosaics-9\/"]}]},{"@type":"ImageObject","inLanguage":"fr-FR","@id":"https:\/\/www.iplay.com\/fr\/games\/worlds-greatest-cities-mosaics-9\/#primaryimage","url":"https:\/\/www.iplay.com\/wp-content\/uploads\/2023\/12\/large_square_tile_image-2924.jpg","contentUrl":"https:\/\/www.iplay.com\/wp-content\/uploads\/2023\/12\/large_square_tile_image-2924.jpg","width":310,"height":310},{"@type":"BreadcrumbList","@id":"https:\/\/www.iplay.com\/fr\/games\/worlds-greatest-cities-mosaics-9\/#breadcrumb","itemListElement":[{"@type":"ListItem","position":1,"name":"Home","item":"https:\/\/www.iplay.com\/fr\/home-page-2\/"},{"@type":"ListItem","position":2,"name":"Shop","item":"https:\/\/www.iplay.com\/en\/shop\/"},{"@type":"ListItem","position":3,"name":"World&#8217;s Greatest Cities Mosaics 9"}]},{"@type":"WebSite","@id":"https:\/\/www.iplay.com\/en\/#website","url":"https:\/\/www.iplay.com\/en\/","name":"IPlay","description":"The Best Casual Games!","publisher":{"@id":"https:\/\/www.iplay.com\/en\/#organization"},"potentialAction":[{"@type":"SearchAction","target":{"@type":"EntryPoint","urlTemplate":"https:\/\/www.iplay.com\/en\/?s={search_term_string}"},"query-input":{"@type":"PropertyValueSpecification","valueRequired":true,"valueName":"search_term_string"}}],"inLanguage":"fr-FR"},{"@type":"Organization","@id":"https:\/\/www.iplay.com\/en\/#organization","name":"IPlay","url":"https:\/\/www.iplay.com\/en\/","logo":{"@type":"ImageObject","inLanguage":"fr-FR","@id":"https:\/\/www.iplay.com\/en\/#\/schema\/logo\/image\/","url":"https:\/\/www.iplay.com\/wp-content\/uploads\/2023\/11\/Group-6100.svg","contentUrl":"https:\/\/www.iplay.com\/wp-content\/uploads\/2023\/11\/Group-6100.svg","width":98,"height":25,"caption":"IPlay"},"image":{"@id":"https:\/\/www.iplay.com\/en\/#\/schema\/logo\/image\/"}}]}},"_links":{"self":[{"href":"https:\/\/www.iplay.com\/fr\/wp-json\/wp\/v2\/product\/141154","targetHints":{"allow":["GET"]}}],"collection":[{"href":"https:\/\/www.iplay.com\/fr\/wp-json\/wp\/v2\/product"}],"about":[{"href":"https:\/\/www.iplay.com\/fr\/wp-json\/wp\/v2\/types\/product"}],"author":[{"embeddable":true,"href":"https:\/\/www.iplay.com\/fr\/wp-json\/wp\/v2\/users\/21"}],"replies":[{"embeddable":true,"href":"https:\/\/www.iplay.com\/fr\/wp-json\/wp\/v2\/comments?post=141154"}],"wp:featuredmedia":[{"embeddable":true,"href":"https:\/\/www.iplay.com\/fr\/wp-json\/wp\/v2\/media\/86592"}],"wp:attachment":[{"href":"https:\/\/www.iplay.com\/fr\/wp-json\/wp\/v2\/media?parent=141154"}],"wp:term":[{"taxonomy":"product_brand","embeddable":true,"href":"https:\/\/www.iplay.com\/fr\/wp-json\/wp\/v2\/product_brand?post=141154"},{"taxonomy":"product_cat","embeddable":true,"href":"https:\/\/www.iplay.com\/fr\/wp-json\/wp\/v2\/product_cat?post=141154"},{"taxonomy":"product_tag","embeddable":true,"href":"https:\/\/www.iplay.com\/fr\/wp-json\/wp\/v2\/product_tag?post=141154"}],"curies":[{"name":"wp","href":"https:\/\/api.w.org\/{rel}","templated":true}]}}