{"id":141046,"date":"2025-07-25T09:30:36","date_gmt":"2025-07-25T09:30:36","guid":{"rendered":"https:\/\/www.iplay.com\/?post_type=product&p=141046"},"modified":"2025-07-24T10:40:54","modified_gmt":"2025-07-24T10:40:54","slug":"big-adventure-trip-to-europe-10-collectors-edition","status":"publish","type":"product","link":"https:\/\/www.iplay.com\/fr\/games\/big-adventure-trip-to-europe-10-collectors-edition\/","title":{"rendered":"Big Adventure: Trip to Europe 10 Collector&#8217;s Edition"},"content":{"rendered":"<p class=\"whitespace-normal break-words ai-optimize-30 ai-optimize-introduction\">Vous faites vos valises virtuelles pour un grand voyage \u00e0 travers l\u2019Europe. Vous visitez 20 destinations \u00e9tonnantes, y compris des villes c\u00e9l\u00e8bres et de beaux paysages. Vous plongez dans des d\u00e9fis d\u2019objets cach\u00e9s \u00e0 chaque endroit.  <\/p>\n<p class=\"whitespace-normal break-words ai-optimize-31\">Vous d\u00e9couvrirez des sites historiques et vous \u00e9merveillerez devant la beaut\u00e9 naturelle. Vous d\u00e9couvrez des objets culturels fascinants en explorant chaque lieu. Vous voyez des sc\u00e8nes magnifiquement con\u00e7ues qui donnent vie \u00e0 l\u2019Europe.  <\/p>\n<p class=\"whitespace-normal break-words ai-optimize-32\">Vous jouez \u00e0 diff\u00e9rents mini-jeux qui testent votre m\u00e9moire et vos capacit\u00e9s logiques. Vous collectez des souvenirs qui montrent les traditions uniques de chaque pays. Vous d\u00e9fiez vos capacit\u00e9s d\u2019observation tout en vous amusant.  <\/p>\n<p class=\"whitespace-normal break-words ai-optimize-33\">L\u2019\u00c9dition Collector vous offre des lieux bonus et des \u00e9nigmes exclusives. Vous continuez votre voyage et revivez la magie m\u00eame apr\u00e8s avoir termin\u00e9 le jeu. <\/p>\n<p>&nbsp;<\/p>\n<p class=\"whitespace-normal break-words ai-optimize-34\"><strong>Fonctionnalit\u00e9s<\/strong><\/p>\n<ul class=\"[&amp;:not(:last-child)_ul]:pb-1 [&amp;:not(:last-child)_ol]:pb-1 list-disc space-y-1.5 pl-7\">\n<li class=\"whitespace-normal break-words ai-optimize-35\">Visitez 20 lieux c\u00e9l\u00e8bres \u00e0 travers l\u2019Europe, y compris des villes, des parcs et des sites historiques<\/li>\n<li class=\"whitespace-normal break-words ai-optimize-36\">Trouvez des objets cach\u00e9s \u00e0 l\u2019aide de diff\u00e9rents styles de recherche qui d\u00e9fient et ravissent tous les joueurs<\/li>\n<li class=\"whitespace-normal break-words ai-optimize-37\">Jouez \u00e0 des mini-jeux captivants allant des \u00e9nigmes logiques aux d\u00e9fis visuels<\/li>\n<li class=\"whitespace-normal break-words ai-optimize-38\">Collectionnez des souvenirs \u00e0 th\u00e8me qui mettent en valeur les cultures et l\u2019histoire locales<\/li>\n<li class=\"whitespace-normal break-words ai-optimize-39\">Profitez de fonds d\u2019\u00e9cran color\u00e9s et d\u2019une musique d\u2019ambiance inspir\u00e9e des paysages europ\u00e9ens<\/li>\n<\/ul>\n<p>&nbsp;<\/p>\n<p class=\"whitespace-normal break-words ai-optimize-40\"><strong>Caract\u00e9ristiques de l\u2019\u00e9dition collector<\/strong><\/p>\n<ul class=\"[&amp;:not(:last-child)_ul]:pb-1 [&amp;:not(:last-child)_ol]:pb-1 list-disc space-y-1.5 pl-7\">\n<li class=\"whitespace-normal break-words ai-optimize-41\">Explorez 8 lieux bonus avec des sc\u00e8nes d\u2019objets cach\u00e9s suppl\u00e9mentaires<\/li>\n<li class=\"whitespace-normal break-words ai-optimize-42\">Jouez \u00e0 8 mini-jeux exclusifs et \u00e0 12 puzzles suppl\u00e9mentaires con\u00e7us pour les amateurs de puzzles<\/li>\n<li class=\"whitespace-normal break-words ai-optimize-43\">D\u00e9bloquez de superbes fonds d\u2019\u00e9cran de bureau et un lecteur de musique int\u00e9gr\u00e9<\/li>\n<li class=\"whitespace-normal break-words ai-optimize-44\">Acc\u00e9dez \u00e0 une boutique de souvenirs et compl\u00e9tez votre collection de souvenirs de voyage<\/li>\n<\/ul>\n<p>&nbsp;<\/p>\n<p class=\"whitespace-normal break-words ai-optimize-45\">Vous d\u00e9cidez des destinations europ\u00e9ennes \u00e0 explorer dans votre aventure virtuelle.<\/p>\n","protected":false},"excerpt":{"rendered":"<p>Big Adventure&nbsp;: Trip to Europe 10 Collector\u2019s Edition vous permet de r\u00e9soudre des \u00e9nigmes tout en d\u00e9couvrant les tr\u00e9sors de l\u2019Europe !<\/p>\n","protected":false},"author":130,"featured_media":141213,"comment_status":"open","ping_status":"closed","template":"","meta":{"_acf_changed":false,"inline_featured_image":false},"product_brand":[],"product_cat":[165],"product_tag":[287],"class_list":{"0":"post-141046","1":"product","2":"type-product","3":"status-publish","4":"has-post-thumbnail","6":"product_cat-hidden-object-fr","7":"product_tag-play-on-pc-fr","9":"first","10":"instock","11":"shipping-taxable","12":"purchasable","13":"product-type-simple"},"acf":[],"yoast_head":"<!-- This site is optimized with the Yoast SEO Premium plugin v25.2 (Yoast SEO v25.2) - https:\/\/yoast.com\/wordpress\/plugins\/seo\/ -->\n<title>Grande aventure : Voyage en Europe 10 apr. J.-C. - Explorez les merveilles de l\u2019Europe<\/title>\n<meta name=\"description\" content=\"Big Adventure&nbsp;: Trip to Europe 10 Collector\u2019s Edition vous permet de r\u00e9soudre des \u00e9nigmes tout en d\u00e9couvrant les tr\u00e9sors de l\u2019Europe !\" \/>\n<meta name=\"robots\" content=\"index, follow, max-snippet:-1, max-image-preview:large, max-video-preview:-1\" \/>\n<link rel=\"canonical\" href=\"https:\/\/www.iplay.com\/en\/games\/big-adventure-trip-to-europe-10-collectors-edition\/\" \/>\n<meta property=\"og:locale\" content=\"fr_FR\" \/>\n<meta property=\"og:type\" content=\"article\" \/>\n<meta property=\"og:title\" content=\"Big Adventure: Trip to Europe 10 Collector&#039;s Edition\" \/>\n<meta property=\"og:description\" content=\"Big Adventure&nbsp;: Trip to Europe 10 Collector\u2019s Edition vous permet de r\u00e9soudre des \u00e9nigmes tout en d\u00e9couvrant les tr\u00e9sors de l\u2019Europe !\" \/>\n<meta property=\"og:url\" content=\"https:\/\/www.iplay.com\/en\/games\/big-adventure-trip-to-europe-10-collectors-edition\/\" \/>\n<meta property=\"og:site_name\" content=\"IPlay\" \/>\n<meta property=\"og:image\" content=\"https:\/\/www.iplay.com\/wp-content\/uploads\/2025\/07\/big_adventure_trip_to_europe_10_collectors_edition_large_video_screenshot.webp\" \/>\n\t<meta property=\"og:image:width\" content=\"715\" \/>\n\t<meta property=\"og:image:height\" content=\"485\" \/>\n\t<meta property=\"og:image:type\" content=\"image\/webp\" \/>\n<meta name=\"twitter:card\" content=\"summary_large_image\" \/>\n<meta name=\"twitter:label1\" content=\"Dur\u00e9e de lecture estim\u00e9e\" \/>\n\t<meta name=\"twitter:data1\" content=\"2 minutes\" \/>\n<script type=\"application\/ld+json\" class=\"yoast-schema-graph\">{\"@context\":\"https:\/\/schema.org\",\"@graph\":[{\"@type\":\"WebPage\",\"@id\":\"https:\/\/www.iplay.com\/en\/games\/big-adventure-trip-to-europe-10-collectors-edition\/\",\"url\":\"https:\/\/www.iplay.com\/en\/games\/big-adventure-trip-to-europe-10-collectors-edition\/\",\"name\":\"Grande aventure : Voyage en Europe 10 apr. J.-C. - Explorez les merveilles de l\u2019Europe\",\"isPartOf\":{\"@id\":\"https:\/\/www.iplay.com\/en\/#website\"},\"primaryImageOfPage\":{\"@id\":\"https:\/\/www.iplay.com\/en\/games\/big-adventure-trip-to-europe-10-collectors-edition\/#primaryimage\"},\"image\":{\"@id\":\"https:\/\/www.iplay.com\/en\/games\/big-adventure-trip-to-europe-10-collectors-edition\/#primaryimage\"},\"thumbnailUrl\":\"https:\/\/www.iplay.com\/wp-content\/uploads\/2025\/07\/01-big-adventure-tte-10-ce-title.webp\",\"datePublished\":\"2025-07-25T09:30:36+00:00\",\"description\":\"Big Adventure&nbsp;: Trip to Europe 10 Collector\u2019s Edition vous permet de r\u00e9soudre des \u00e9nigmes tout en d\u00e9couvrant les tr\u00e9sors de l\u2019Europe !\",\"breadcrumb\":{\"@id\":\"https:\/\/www.iplay.com\/en\/games\/big-adventure-trip-to-europe-10-collectors-edition\/#breadcrumb\"},\"inLanguage\":\"fr-FR\",\"potentialAction\":[{\"@type\":\"ReadAction\",\"target\":[\"https:\/\/www.iplay.com\/en\/games\/big-adventure-trip-to-europe-10-collectors-edition\/\"]}]},{\"@type\":\"ImageObject\",\"inLanguage\":\"fr-FR\",\"@id\":\"https:\/\/www.iplay.com\/en\/games\/big-adventure-trip-to-europe-10-collectors-edition\/#primaryimage\",\"url\":\"https:\/\/www.iplay.com\/wp-content\/uploads\/2025\/07\/01-big-adventure-tte-10-ce-title.webp\",\"contentUrl\":\"https:\/\/www.iplay.com\/wp-content\/uploads\/2025\/07\/01-big-adventure-tte-10-ce-title.webp\",\"width\":310,\"height\":310},{\"@type\":\"BreadcrumbList\",\"@id\":\"https:\/\/www.iplay.com\/en\/games\/big-adventure-trip-to-europe-10-collectors-edition\/#breadcrumb\",\"itemListElement\":[{\"@type\":\"ListItem\",\"position\":1,\"name\":\"Home\",\"item\":\"https:\/\/www.iplay.com\/fr\/home-page-2\/\"},{\"@type\":\"ListItem\",\"position\":2,\"name\":\"Shop\",\"item\":\"https:\/\/www.iplay.com\/en\/shop\/\"},{\"@type\":\"ListItem\",\"position\":3,\"name\":\"Big Adventure: Trip to Europe 10 Collector&#8217;s Edition\"}]},{\"@type\":\"WebSite\",\"@id\":\"https:\/\/www.iplay.com\/en\/#website\",\"url\":\"https:\/\/www.iplay.com\/en\/\",\"name\":\"IPlay\",\"description\":\"The Best Casual Games!\",\"publisher\":{\"@id\":\"https:\/\/www.iplay.com\/en\/#organization\"},\"potentialAction\":[{\"@type\":\"SearchAction\",\"target\":{\"@type\":\"EntryPoint\",\"urlTemplate\":\"https:\/\/www.iplay.com\/en\/?s={search_term_string}\"},\"query-input\":{\"@type\":\"PropertyValueSpecification\",\"valueRequired\":true,\"valueName\":\"search_term_string\"}}],\"inLanguage\":\"fr-FR\"},{\"@type\":\"Organization\",\"@id\":\"https:\/\/www.iplay.com\/en\/#organization\",\"name\":\"IPlay\",\"url\":\"https:\/\/www.iplay.com\/en\/\",\"logo\":{\"@type\":\"ImageObject\",\"inLanguage\":\"fr-FR\",\"@id\":\"https:\/\/www.iplay.com\/en\/#\/schema\/logo\/image\/\",\"url\":\"https:\/\/www.iplay.com\/wp-content\/uploads\/2023\/11\/Group-6100.svg\",\"contentUrl\":\"https:\/\/www.iplay.com\/wp-content\/uploads\/2023\/11\/Group-6100.svg\",\"width\":98,\"height\":25,\"caption\":\"IPlay\"},\"image\":{\"@id\":\"https:\/\/www.iplay.com\/en\/#\/schema\/logo\/image\/\"}}]}<\/script>\n<!-- \/ Yoast SEO Premium plugin. -->","yoast_head_json":{"title":"Grande aventure : Voyage en Europe 10 apr. J.-C. - Explorez les merveilles de l\u2019Europe","description":"Big Adventure&nbsp;: Trip to Europe 10 Collector\u2019s Edition vous permet de r\u00e9soudre des \u00e9nigmes tout en d\u00e9couvrant les tr\u00e9sors de l\u2019Europe !","robots":{"index":"index","follow":"follow","max-snippet":"max-snippet:-1","max-image-preview":"max-image-preview:large","max-video-preview":"max-video-preview:-1"},"canonical":"https:\/\/www.iplay.com\/en\/games\/big-adventure-trip-to-europe-10-collectors-edition\/","og_locale":"fr_FR","og_type":"article","og_title":"Big Adventure: Trip to Europe 10 Collector's Edition","og_description":"Big Adventure&nbsp;: Trip to Europe 10 Collector\u2019s Edition vous permet de r\u00e9soudre des \u00e9nigmes tout en d\u00e9couvrant les tr\u00e9sors de l\u2019Europe !","og_url":"https:\/\/www.iplay.com\/en\/games\/big-adventure-trip-to-europe-10-collectors-edition\/","og_site_name":"IPlay","og_image":[{"width":715,"height":485,"url":"https:\/\/www.iplay.com\/wp-content\/uploads\/2025\/07\/big_adventure_trip_to_europe_10_collectors_edition_large_video_screenshot.webp","type":"image\/webp"}],"twitter_card":"summary_large_image","twitter_misc":{"Dur\u00e9e de lecture estim\u00e9e":"2 minutes"},"schema":{"@context":"https:\/\/schema.org","@graph":[{"@type":"WebPage","@id":"https:\/\/www.iplay.com\/en\/games\/big-adventure-trip-to-europe-10-collectors-edition\/","url":"https:\/\/www.iplay.com\/en\/games\/big-adventure-trip-to-europe-10-collectors-edition\/","name":"Grande aventure : Voyage en Europe 10 apr. J.-C. - Explorez les merveilles de l\u2019Europe","isPartOf":{"@id":"https:\/\/www.iplay.com\/en\/#website"},"primaryImageOfPage":{"@id":"https:\/\/www.iplay.com\/en\/games\/big-adventure-trip-to-europe-10-collectors-edition\/#primaryimage"},"image":{"@id":"https:\/\/www.iplay.com\/en\/games\/big-adventure-trip-to-europe-10-collectors-edition\/#primaryimage"},"thumbnailUrl":"https:\/\/www.iplay.com\/wp-content\/uploads\/2025\/07\/01-big-adventure-tte-10-ce-title.webp","datePublished":"2025-07-25T09:30:36+00:00","description":"Big Adventure&nbsp;: Trip to Europe 10 Collector\u2019s Edition vous permet de r\u00e9soudre des \u00e9nigmes tout en d\u00e9couvrant les tr\u00e9sors de l\u2019Europe !","breadcrumb":{"@id":"https:\/\/www.iplay.com\/en\/games\/big-adventure-trip-to-europe-10-collectors-edition\/#breadcrumb"},"inLanguage":"fr-FR","potentialAction":[{"@type":"ReadAction","target":["https:\/\/www.iplay.com\/en\/games\/big-adventure-trip-to-europe-10-collectors-edition\/"]}]},{"@type":"ImageObject","inLanguage":"fr-FR","@id":"https:\/\/www.iplay.com\/en\/games\/big-adventure-trip-to-europe-10-collectors-edition\/#primaryimage","url":"https:\/\/www.iplay.com\/wp-content\/uploads\/2025\/07\/01-big-adventure-tte-10-ce-title.webp","contentUrl":"https:\/\/www.iplay.com\/wp-content\/uploads\/2025\/07\/01-big-adventure-tte-10-ce-title.webp","width":310,"height":310},{"@type":"BreadcrumbList","@id":"https:\/\/www.iplay.com\/en\/games\/big-adventure-trip-to-europe-10-collectors-edition\/#breadcrumb","itemListElement":[{"@type":"ListItem","position":1,"name":"Home","item":"https:\/\/www.iplay.com\/fr\/home-page-2\/"},{"@type":"ListItem","position":2,"name":"Shop","item":"https:\/\/www.iplay.com\/en\/shop\/"},{"@type":"ListItem","position":3,"name":"Big Adventure: Trip to Europe 10 Collector&#8217;s Edition"}]},{"@type":"WebSite","@id":"https:\/\/www.iplay.com\/en\/#website","url":"https:\/\/www.iplay.com\/en\/","name":"IPlay","description":"The Best Casual Games!","publisher":{"@id":"https:\/\/www.iplay.com\/en\/#organization"},"potentialAction":[{"@type":"SearchAction","target":{"@type":"EntryPoint","urlTemplate":"https:\/\/www.iplay.com\/en\/?s={search_term_string}"},"query-input":{"@type":"PropertyValueSpecification","valueRequired":true,"valueName":"search_term_string"}}],"inLanguage":"fr-FR"},{"@type":"Organization","@id":"https:\/\/www.iplay.com\/en\/#organization","name":"IPlay","url":"https:\/\/www.iplay.com\/en\/","logo":{"@type":"ImageObject","inLanguage":"fr-FR","@id":"https:\/\/www.iplay.com\/en\/#\/schema\/logo\/image\/","url":"https:\/\/www.iplay.com\/wp-content\/uploads\/2023\/11\/Group-6100.svg","contentUrl":"https:\/\/www.iplay.com\/wp-content\/uploads\/2023\/11\/Group-6100.svg","width":98,"height":25,"caption":"IPlay"},"image":{"@id":"https:\/\/www.iplay.com\/en\/#\/schema\/logo\/image\/"}}]}},"_links":{"self":[{"href":"https:\/\/www.iplay.com\/fr\/wp-json\/wp\/v2\/product\/141046","targetHints":{"allow":["GET"]}}],"collection":[{"href":"https:\/\/www.iplay.com\/fr\/wp-json\/wp\/v2\/product"}],"about":[{"href":"https:\/\/www.iplay.com\/fr\/wp-json\/wp\/v2\/types\/product"}],"author":[{"embeddable":true,"href":"https:\/\/www.iplay.com\/fr\/wp-json\/wp\/v2\/users\/130"}],"replies":[{"embeddable":true,"href":"https:\/\/www.iplay.com\/fr\/wp-json\/wp\/v2\/comments?post=141046"}],"wp:featuredmedia":[{"embeddable":true,"href":"https:\/\/www.iplay.com\/fr\/wp-json\/wp\/v2\/media\/141213"}],"wp:attachment":[{"href":"https:\/\/www.iplay.com\/fr\/wp-json\/wp\/v2\/media?parent=141046"}],"wp:term":[{"taxonomy":"product_brand","embeddable":true,"href":"https:\/\/www.iplay.com\/fr\/wp-json\/wp\/v2\/product_brand?post=141046"},{"taxonomy":"product_cat","embeddable":true,"href":"https:\/\/www.iplay.com\/fr\/wp-json\/wp\/v2\/product_cat?post=141046"},{"taxonomy":"product_tag","embeddable":true,"href":"https:\/\/www.iplay.com\/fr\/wp-json\/wp\/v2\/product_tag?post=141046"}],"curies":[{"name":"wp","href":"https:\/\/api.w.org\/{rel}","templated":true}]}}