{"id":141036,"date":"2025-07-25T10:30:08","date_gmt":"2025-07-25T10:30:08","guid":{"rendered":"https:\/\/www.iplay.com\/?post_type=product&#038;p=141036"},"modified":"2025-07-29T11:29:17","modified_gmt":"2025-07-29T11:29:17","slug":"jixo-summer-dreams-collectors-edition","status":"publish","type":"product","link":"https:\/\/www.iplay.com\/fr\/games\/jixo-summer-dreams-collectors-edition\/","title":{"rendered":"Jixo: Summer Dreams Collector&#8217;s Edition"},"content":{"rendered":"<p class=\"whitespace-normal break-words ai-optimize-29 ai-optimize-introduction\">Vous entrez dans un charmant monde de puzzles rempli de sc\u00e8nes estivales confortables. Vous r\u00e9solvez des \u00e9nigmes dans des patios fleuris et des jardins ensoleill\u00e9s. Chaque r\u00e9glage vous donne de la chaleur et vous aide \u00e0 \u00e9chapper au stress quotidien.  <\/p>\n<p class=\"whitespace-normal break-words ai-optimize-30\">Vous jouez \u00e0 diff\u00e9rents jeux saisonniers qui vous d\u00e9tendent l\u2019esprit. Vous r\u00e9solvez des sc\u00e8nes d\u2019objets cach\u00e9s et assemblez de magnifiques puzzles. Vous d\u00e9bloquez des surprises cach\u00e9es dans de myst\u00e9rieuses bo\u00eetes verrouill\u00e9es.  <\/p>\n<p class=\"whitespace-normal break-words ai-optimize-31\">Vous cultivez votre propre jardin d\u2019\u00e9t\u00e9 tout en jouant. Vous choisissez des plantes et des d\u00e9corations qui correspondent \u00e0 votre style. Vous jouez \u00e0 des mini-jeux comme les mots crois\u00e9s, la correspondance de tuiles et le solitaire d\u2019\u00e9t\u00e9.  <\/p>\n<p>&nbsp;<\/p>\n<p class=\"ai-optimize-42\"><strong>Fonctionnalit\u00e9s<\/strong><\/p>\n<ul class=\"[&amp;:not(:last-child)_ul]:pb-1 [&amp;:not(:last-child)_ol]:pb-1 list-disc space-y-1.5 pl-7\">\n<li class=\"whitespace-normal break-words ai-optimize-32\">R\u00e9solvez des \u00e9nigmes saisonni\u00e8res, notamment des puzzles, des sc\u00e8nes d\u2019objets cach\u00e9s et des qu\u00eates d\u2019images<\/li>\n<li class=\"whitespace-normal break-words ai-optimize-33\">Cultivez et personnalisez votre jardin d\u2019\u00e9t\u00e9 avec des plantes, des d\u00e9corations et des touches charmantes<\/li>\n<li class=\"whitespace-normal break-words ai-optimize-34\">Jouez \u00e0 des mini-jeux comme les mots crois\u00e9s, le jeu de tuiles et une exp\u00e9rience de solitaire unique<\/li>\n<li class=\"whitespace-normal break-words ai-optimize-35\">D\u00e9bloquez des bo\u00eetes verrouill\u00e9es remplies de casse-t\u00eate et de contenu surprise<\/li>\n<li class=\"whitespace-normal break-words ai-optimize-36\">D\u00e9tendez-vous avec de la musique apaisante et des visuels apaisants con\u00e7us pour r\u00e9duire le stress<\/li>\n<\/ul>\n<p>&nbsp;<\/p>\n<p class=\"whitespace-normal break-words ai-optimize-37\"><strong>Caract\u00e9ristiques de l\u2019\u00e9dition collector<\/strong><\/p>\n<ul class=\"[&amp;:not(:last-child)_ul]:pb-1 [&amp;:not(:last-child)_ol]:pb-1 list-disc space-y-1.5 pl-7\">\n<li class=\"whitespace-normal break-words ai-optimize-38\">Explorez 11 types de puzzles avec 24 niveaux bonus pour encore plus de plaisir estival<\/li>\n<li class=\"whitespace-normal break-words ai-optimize-39\">Profitez de 3 jeux bonus, dont Cross Words, Tile Matching et Solitaire<\/li>\n<li class=\"whitespace-normal break-words ai-optimize-40\">Gagnez des troph\u00e9es et d\u00e9bloquez des r\u00e9compenses d\u00e9coratives pour construire votre jardin paradisiaque personnel<\/li>\n<li class=\"whitespace-normal break-words ai-optimize-41\">Utilisez le lecteur de musique et la galerie int\u00e9gr\u00e9s pour profiter de vos morceaux et \u0153uvres d\u2019art pr\u00e9f\u00e9r\u00e9s \u00e0 tout moment<\/li>\n<\/ul>\n","protected":false},"excerpt":{"rendered":"<p>Avec Jixo&nbsp;: Summer Dreams Collector\u2019s Edition, vous pouvez vous transporter dans l\u2019idyllique de l\u2019\u00e9t\u00e9 !<\/p>\n","protected":false},"author":77,"featured_media":140903,"comment_status":"open","ping_status":"closed","template":"","meta":{"_acf_changed":false,"inline_featured_image":false},"product_brand":[],"product_cat":[165,193],"product_tag":[287],"class_list":{"0":"post-141036","1":"product","2":"type-product","3":"status-publish","4":"has-post-thumbnail","6":"product_cat-hidden-object-fr","7":"product_cat-puzzle-fr","8":"product_tag-play-on-pc-fr","10":"first","11":"instock","12":"shipping-taxable","13":"purchasable","14":"product-type-simple"},"acf":[],"yoast_head":"<!-- This site is optimized with the Yoast SEO Premium plugin v25.2 (Yoast SEO v25.2) - https:\/\/yoast.com\/wordpress\/plugins\/seo\/ -->\n<title>Jixo Summer Dreams CE : \u00c9vadez-vous vers les jours dor\u00e9s<\/title>\n<meta name=\"description\" content=\"Avec Jixo&nbsp;: Summer Dreams Collector\u2019s Edition, vous pouvez vous transporter dans l\u2019idyllique de l\u2019\u00e9t\u00e9 !\" \/>\n<meta name=\"robots\" content=\"index, follow, max-snippet:-1, max-image-preview:large, max-video-preview:-1\" \/>\n<link rel=\"canonical\" href=\"https:\/\/www.iplay.com\/fr\/games\/jixo-summer-dreams-collectors-edition\/\" \/>\n<meta property=\"og:locale\" content=\"fr_FR\" \/>\n<meta property=\"og:type\" content=\"article\" \/>\n<meta property=\"og:title\" content=\"Jixo: Summer Dreams Collector&#039;s Edition\" \/>\n<meta property=\"og:description\" content=\"Avec Jixo&nbsp;: Summer Dreams Collector\u2019s Edition, vous pouvez vous transporter dans l\u2019idyllique de l\u2019\u00e9t\u00e9 !\" \/>\n<meta property=\"og:url\" content=\"https:\/\/www.iplay.com\/fr\/games\/jixo-summer-dreams-collectors-edition\/\" \/>\n<meta property=\"og:site_name\" content=\"IPlay\" \/>\n<meta property=\"article:modified_time\" content=\"2025-07-29T11:29:17+00:00\" \/>\n<meta property=\"og:image\" content=\"https:\/\/www.iplay.com\/wp-content\/uploads\/2025\/07\/jixo_-_summer_dreams_ce_large_video_screenshot.webp\" \/>\n\t<meta property=\"og:image:width\" content=\"715\" \/>\n\t<meta property=\"og:image:height\" content=\"485\" \/>\n\t<meta property=\"og:image:type\" content=\"image\/webp\" \/>\n<meta name=\"twitter:card\" content=\"summary_large_image\" \/>\n<meta name=\"twitter:label1\" content=\"Dur\u00e9e de lecture estim\u00e9e\" \/>\n\t<meta name=\"twitter:data1\" content=\"1 minute\" \/>\n<script type=\"application\/ld+json\" class=\"yoast-schema-graph\">{\"@context\":\"https:\/\/schema.org\",\"@graph\":[{\"@type\":\"WebPage\",\"@id\":\"https:\/\/www.iplay.com\/fr\/games\/jixo-summer-dreams-collectors-edition\/\",\"url\":\"https:\/\/www.iplay.com\/fr\/games\/jixo-summer-dreams-collectors-edition\/\",\"name\":\"Jixo Summer Dreams CE : \u00c9vadez-vous vers les jours dor\u00e9s\",\"isPartOf\":{\"@id\":\"https:\/\/www.iplay.com\/en\/#website\"},\"primaryImageOfPage\":{\"@id\":\"https:\/\/www.iplay.com\/fr\/games\/jixo-summer-dreams-collectors-edition\/#primaryimage\"},\"image\":{\"@id\":\"https:\/\/www.iplay.com\/fr\/games\/jixo-summer-dreams-collectors-edition\/#primaryimage\"},\"thumbnailUrl\":\"https:\/\/www.iplay.com\/wp-content\/uploads\/2025\/07\/jixo_-_summer_dreams_ce_large_video_screenshot.webp\",\"datePublished\":\"2025-07-25T10:30:08+00:00\",\"dateModified\":\"2025-07-29T11:29:17+00:00\",\"description\":\"Avec Jixo&nbsp;: Summer Dreams Collector\u2019s Edition, vous pouvez vous transporter dans l\u2019idyllique de l\u2019\u00e9t\u00e9 !\",\"breadcrumb\":{\"@id\":\"https:\/\/www.iplay.com\/fr\/games\/jixo-summer-dreams-collectors-edition\/#breadcrumb\"},\"inLanguage\":\"fr-FR\",\"potentialAction\":[{\"@type\":\"ReadAction\",\"target\":[\"https:\/\/www.iplay.com\/fr\/games\/jixo-summer-dreams-collectors-edition\/\"]}]},{\"@type\":\"ImageObject\",\"inLanguage\":\"fr-FR\",\"@id\":\"https:\/\/www.iplay.com\/fr\/games\/jixo-summer-dreams-collectors-edition\/#primaryimage\",\"url\":\"https:\/\/www.iplay.com\/wp-content\/uploads\/2025\/07\/jixo_-_summer_dreams_ce_large_video_screenshot.webp\",\"contentUrl\":\"https:\/\/www.iplay.com\/wp-content\/uploads\/2025\/07\/jixo_-_summer_dreams_ce_large_video_screenshot.webp\",\"width\":715,\"height\":485},{\"@type\":\"BreadcrumbList\",\"@id\":\"https:\/\/www.iplay.com\/fr\/games\/jixo-summer-dreams-collectors-edition\/#breadcrumb\",\"itemListElement\":[{\"@type\":\"ListItem\",\"position\":1,\"name\":\"Home\",\"item\":\"https:\/\/www.iplay.com\/fr\/home-page-2\/\"},{\"@type\":\"ListItem\",\"position\":2,\"name\":\"Shop\",\"item\":\"https:\/\/www.iplay.com\/en\/shop\/\"},{\"@type\":\"ListItem\",\"position\":3,\"name\":\"Jixo: Summer Dreams Collector&#8217;s Edition\"}]},{\"@type\":\"WebSite\",\"@id\":\"https:\/\/www.iplay.com\/en\/#website\",\"url\":\"https:\/\/www.iplay.com\/en\/\",\"name\":\"IPlay\",\"description\":\"The Best Casual Games!\",\"publisher\":{\"@id\":\"https:\/\/www.iplay.com\/en\/#organization\"},\"potentialAction\":[{\"@type\":\"SearchAction\",\"target\":{\"@type\":\"EntryPoint\",\"urlTemplate\":\"https:\/\/www.iplay.com\/en\/?s={search_term_string}\"},\"query-input\":{\"@type\":\"PropertyValueSpecification\",\"valueRequired\":true,\"valueName\":\"search_term_string\"}}],\"inLanguage\":\"fr-FR\"},{\"@type\":\"Organization\",\"@id\":\"https:\/\/www.iplay.com\/en\/#organization\",\"name\":\"IPlay\",\"url\":\"https:\/\/www.iplay.com\/en\/\",\"logo\":{\"@type\":\"ImageObject\",\"inLanguage\":\"fr-FR\",\"@id\":\"https:\/\/www.iplay.com\/en\/#\/schema\/logo\/image\/\",\"url\":\"https:\/\/www.iplay.com\/wp-content\/uploads\/2023\/11\/Group-6100.svg\",\"contentUrl\":\"https:\/\/www.iplay.com\/wp-content\/uploads\/2023\/11\/Group-6100.svg\",\"width\":98,\"height\":25,\"caption\":\"IPlay\"},\"image\":{\"@id\":\"https:\/\/www.iplay.com\/en\/#\/schema\/logo\/image\/\"}}]}<\/script>\n<!-- \/ Yoast SEO Premium plugin. -->","yoast_head_json":{"title":"Jixo Summer Dreams CE : \u00c9vadez-vous vers les jours dor\u00e9s","description":"Avec Jixo&nbsp;: Summer Dreams Collector\u2019s Edition, vous pouvez vous transporter dans l\u2019idyllique de l\u2019\u00e9t\u00e9 !","robots":{"index":"index","follow":"follow","max-snippet":"max-snippet:-1","max-image-preview":"max-image-preview:large","max-video-preview":"max-video-preview:-1"},"canonical":"https:\/\/www.iplay.com\/fr\/games\/jixo-summer-dreams-collectors-edition\/","og_locale":"fr_FR","og_type":"article","og_title":"Jixo: Summer Dreams Collector's Edition","og_description":"Avec Jixo&nbsp;: Summer Dreams Collector\u2019s Edition, vous pouvez vous transporter dans l\u2019idyllique de l\u2019\u00e9t\u00e9 !","og_url":"https:\/\/www.iplay.com\/fr\/games\/jixo-summer-dreams-collectors-edition\/","og_site_name":"IPlay","article_modified_time":"2025-07-29T11:29:17+00:00","og_image":[{"width":715,"height":485,"url":"https:\/\/www.iplay.com\/wp-content\/uploads\/2025\/07\/jixo_-_summer_dreams_ce_large_video_screenshot.webp","type":"image\/webp"}],"twitter_card":"summary_large_image","twitter_misc":{"Dur\u00e9e de lecture estim\u00e9e":"1 minute"},"schema":{"@context":"https:\/\/schema.org","@graph":[{"@type":"WebPage","@id":"https:\/\/www.iplay.com\/fr\/games\/jixo-summer-dreams-collectors-edition\/","url":"https:\/\/www.iplay.com\/fr\/games\/jixo-summer-dreams-collectors-edition\/","name":"Jixo Summer Dreams CE : \u00c9vadez-vous vers les jours dor\u00e9s","isPartOf":{"@id":"https:\/\/www.iplay.com\/en\/#website"},"primaryImageOfPage":{"@id":"https:\/\/www.iplay.com\/fr\/games\/jixo-summer-dreams-collectors-edition\/#primaryimage"},"image":{"@id":"https:\/\/www.iplay.com\/fr\/games\/jixo-summer-dreams-collectors-edition\/#primaryimage"},"thumbnailUrl":"https:\/\/www.iplay.com\/wp-content\/uploads\/2025\/07\/jixo_-_summer_dreams_ce_large_video_screenshot.webp","datePublished":"2025-07-25T10:30:08+00:00","dateModified":"2025-07-29T11:29:17+00:00","description":"Avec Jixo&nbsp;: Summer Dreams Collector\u2019s Edition, vous pouvez vous transporter dans l\u2019idyllique de l\u2019\u00e9t\u00e9 !","breadcrumb":{"@id":"https:\/\/www.iplay.com\/fr\/games\/jixo-summer-dreams-collectors-edition\/#breadcrumb"},"inLanguage":"fr-FR","potentialAction":[{"@type":"ReadAction","target":["https:\/\/www.iplay.com\/fr\/games\/jixo-summer-dreams-collectors-edition\/"]}]},{"@type":"ImageObject","inLanguage":"fr-FR","@id":"https:\/\/www.iplay.com\/fr\/games\/jixo-summer-dreams-collectors-edition\/#primaryimage","url":"https:\/\/www.iplay.com\/wp-content\/uploads\/2025\/07\/jixo_-_summer_dreams_ce_large_video_screenshot.webp","contentUrl":"https:\/\/www.iplay.com\/wp-content\/uploads\/2025\/07\/jixo_-_summer_dreams_ce_large_video_screenshot.webp","width":715,"height":485},{"@type":"BreadcrumbList","@id":"https:\/\/www.iplay.com\/fr\/games\/jixo-summer-dreams-collectors-edition\/#breadcrumb","itemListElement":[{"@type":"ListItem","position":1,"name":"Home","item":"https:\/\/www.iplay.com\/fr\/home-page-2\/"},{"@type":"ListItem","position":2,"name":"Shop","item":"https:\/\/www.iplay.com\/en\/shop\/"},{"@type":"ListItem","position":3,"name":"Jixo: Summer Dreams Collector&#8217;s Edition"}]},{"@type":"WebSite","@id":"https:\/\/www.iplay.com\/en\/#website","url":"https:\/\/www.iplay.com\/en\/","name":"IPlay","description":"The Best Casual Games!","publisher":{"@id":"https:\/\/www.iplay.com\/en\/#organization"},"potentialAction":[{"@type":"SearchAction","target":{"@type":"EntryPoint","urlTemplate":"https:\/\/www.iplay.com\/en\/?s={search_term_string}"},"query-input":{"@type":"PropertyValueSpecification","valueRequired":true,"valueName":"search_term_string"}}],"inLanguage":"fr-FR"},{"@type":"Organization","@id":"https:\/\/www.iplay.com\/en\/#organization","name":"IPlay","url":"https:\/\/www.iplay.com\/en\/","logo":{"@type":"ImageObject","inLanguage":"fr-FR","@id":"https:\/\/www.iplay.com\/en\/#\/schema\/logo\/image\/","url":"https:\/\/www.iplay.com\/wp-content\/uploads\/2023\/11\/Group-6100.svg","contentUrl":"https:\/\/www.iplay.com\/wp-content\/uploads\/2023\/11\/Group-6100.svg","width":98,"height":25,"caption":"IPlay"},"image":{"@id":"https:\/\/www.iplay.com\/en\/#\/schema\/logo\/image\/"}}]}},"_links":{"self":[{"href":"https:\/\/www.iplay.com\/fr\/wp-json\/wp\/v2\/product\/141036","targetHints":{"allow":["GET"]}}],"collection":[{"href":"https:\/\/www.iplay.com\/fr\/wp-json\/wp\/v2\/product"}],"about":[{"href":"https:\/\/www.iplay.com\/fr\/wp-json\/wp\/v2\/types\/product"}],"author":[{"embeddable":true,"href":"https:\/\/www.iplay.com\/fr\/wp-json\/wp\/v2\/users\/77"}],"replies":[{"embeddable":true,"href":"https:\/\/www.iplay.com\/fr\/wp-json\/wp\/v2\/comments?post=141036"}],"wp:featuredmedia":[{"embeddable":true,"href":"https:\/\/www.iplay.com\/fr\/wp-json\/wp\/v2\/media\/140903"}],"wp:attachment":[{"href":"https:\/\/www.iplay.com\/fr\/wp-json\/wp\/v2\/media?parent=141036"}],"wp:term":[{"taxonomy":"product_brand","embeddable":true,"href":"https:\/\/www.iplay.com\/fr\/wp-json\/wp\/v2\/product_brand?post=141036"},{"taxonomy":"product_cat","embeddable":true,"href":"https:\/\/www.iplay.com\/fr\/wp-json\/wp\/v2\/product_cat?post=141036"},{"taxonomy":"product_tag","embeddable":true,"href":"https:\/\/www.iplay.com\/fr\/wp-json\/wp\/v2\/product_tag?post=141036"}],"curies":[{"name":"wp","href":"https:\/\/api.w.org\/{rel}","templated":true}]}}