{"id":141025,"date":"2025-08-01T09:30:17","date_gmt":"2025-08-01T09:30:17","guid":{"rendered":"https:\/\/www.iplay.com\/?post_type=product&p=141025"},"modified":"2025-08-01T09:30:17","modified_gmt":"2025-08-01T09:30:17","slug":"mind-echoes-remnants-of-the-past-collectors-edition","status":"publish","type":"product","link":"https:\/\/www.iplay.com\/fr\/games\/mind-echoes-remnants-of-the-past-collectors-edition\/","title":{"rendered":"Mind Echoes: Remnants of The Past Collector&#8217;s Edition"},"content":{"rendered":"<p class=\"whitespace-normal break-words ai-optimize-25 ai-optimize-introduction\">Vous visitez un parc \u00e0 th\u00e8me m\u00e9di\u00e9val qui devient un myst\u00e8re obs\u00e9dant. Les touristes disparaissent et la r\u00e9alit\u00e9 commence \u00e0 se brouiller autour de vous. Vous d\u00e9couvrez un royaume oubli\u00e9 pi\u00e9g\u00e9 dans le temps.  <\/p>\n<p class=\"whitespace-normal break-words ai-optimize-26\">On y trouve des figures spectrales qui pensent que leur r\u00e8gne n\u2019a jamais pris fin. Vous cherchez des indices et r\u00e9solvez des \u00e9nigmes d\u2019objets cach\u00e9s. Vous naviguez dans des mini-jeux d\u00e9licats pour d\u00e9couvrir un secret vieux de plusieurs si\u00e8cles.  <\/p>\n<p class=\"whitespace-normal break-words ai-optimize-27\">Vous \u00e9veillez les soup\u00e7ons et un chevalier vous voit comme une menace. Vous devez r\u00e9tablir la paix dans ce royaume hant\u00e9. Vous d\u00e9cidez si vous sauvez tout le monde ou si vous devenez la prochaine \u00e2me perdue.  <\/p>\n<p class=\"ai-optimize-39\"><strong>Fonctionnalit\u00e9s<\/strong><\/p>\n<ul class=\"[&amp;:not(:last-child)_ul]:pb-1 [&amp;:not(:last-child)_ol]:pb-1 list-disc space-y-1.5 pl-7\">\n<li class=\"whitespace-normal break-words ai-optimize-29\">Enqu\u00eatez dans un parc \u00e0 th\u00e8me m\u00e9di\u00e9val o\u00f9 les touristes disparaissent et o\u00f9 la r\u00e9alit\u00e9 s\u2019estompe<\/li>\n<li class=\"whitespace-normal break-words ai-optimize-30\">Cherchez des indices et r\u00e9solvez des \u00e9nigmes d\u2019objets cach\u00e9s<\/li>\n<li class=\"whitespace-normal break-words ai-optimize-31\">Naviguez dans des mini-jeux d\u00e9licats pour d\u00e9couvrir des secrets s\u00e9culaires enfouis dans la pierre<\/li>\n<li class=\"whitespace-normal break-words ai-optimize-32\">Affrontez un chevalier qui vous voit comme une menace pour son royaume spectral<\/li>\n<li class=\"whitespace-normal break-words ai-optimize-33\">D\u00e9cidez si vous r\u00e9tablissez la paix ou si vous devenez la prochaine \u00e2me perdue<\/li>\n<\/ul>\n<p>&nbsp;<\/p>\n<p class=\"whitespace-normal break-words ai-optimize-34\"><strong>Caract\u00e9ristiques de l\u2019\u00e9dition collector<\/strong><\/p>\n<ul class=\"[&amp;:not(:last-child)_ul]:pb-1 [&amp;:not(:last-child)_ol]:pb-1 list-disc space-y-1.5 pl-7\">\n<li class=\"whitespace-normal break-words ai-optimize-35\">D\u00e9bloquez un chapitre bonus r\u00e9v\u00e9lant des secrets plus profonds et des v\u00e9rit\u00e9s plus sombres<\/li>\n<li class=\"whitespace-normal break-words ai-optimize-36\">Jouez \u00e0 des mini-jeux et des \u00e9nigmes exclusifs li\u00e9s au myst\u00e8re m\u00e9di\u00e9val<\/li>\n<li class=\"whitespace-normal break-words ai-optimize-37\">Acc\u00e9dez \u00e0 une galerie d\u2019objets de collection et suivez vos r\u00e9alisations<\/li>\n<li class=\"whitespace-normal break-words ai-optimize-38\">Profitez de visuels et de musique obs\u00e9dants avec des extras t\u00e9l\u00e9chargeables<\/li>\n<\/ul>\n","protected":false},"excerpt":{"rendered":"<p>D\u00e9couvrez un myst\u00e8re m\u00e9di\u00e9val spectral o\u00f9 le p\u00e9ril se cache \u00e0 chaque coin de rue et o\u00f9 le temps semble s\u2019arr\u00eater !<\/p>\n","protected":false},"author":52,"featured_media":140992,"comment_status":"open","ping_status":"closed","template":"","meta":{"_acf_changed":false,"inline_featured_image":false},"product_brand":[],"product_cat":[148,165],"product_tag":[287],"class_list":{"0":"post-141025","1":"product","2":"type-product","3":"status-publish","4":"has-post-thumbnail","6":"product_cat-adventure-fr","7":"product_cat-hidden-object-fr","8":"product_tag-play-on-pc-fr","10":"first","11":"instock","12":"shipping-taxable","13":"purchasable","14":"product-type-simple"},"acf":[],"yoast_head":"<!-- This site is optimized with the Yoast SEO Premium plugin v25.2 (Yoast SEO v25.2) - https:\/\/yoast.com\/wordpress\/plugins\/seo\/ -->\n<title>Mind Echoes\u00a0: Remnants of Past EC - Medieval Ghost Mystery<\/title>\n<meta name=\"description\" content=\"D\u00e9couvrez un myst\u00e8re m\u00e9di\u00e9val spectral o\u00f9 le p\u00e9ril se cache \u00e0 chaque coin de rue et o\u00f9 le temps semble s\u2019arr\u00eater !\" \/>\n<meta name=\"robots\" content=\"index, follow, max-snippet:-1, max-image-preview:large, max-video-preview:-1\" \/>\n<link rel=\"canonical\" href=\"https:\/\/www.iplay.com\/en\/games\/mind-echoes-remnants-of-the-past-collectors-edition\/\" \/>\n<meta property=\"og:locale\" content=\"fr_FR\" \/>\n<meta property=\"og:type\" content=\"article\" \/>\n<meta property=\"og:title\" content=\"Mind Echoes: Remnants of The Past Collector&#039;s Edition\" \/>\n<meta property=\"og:description\" content=\"D\u00e9couvrez un myst\u00e8re m\u00e9di\u00e9val spectral o\u00f9 le p\u00e9ril se cache \u00e0 chaque coin de rue et o\u00f9 le temps semble s\u2019arr\u00eater !\" \/>\n<meta property=\"og:url\" content=\"https:\/\/www.iplay.com\/en\/games\/mind-echoes-remnants-of-the-past-collectors-edition\/\" \/>\n<meta property=\"og:site_name\" content=\"IPlay\" \/>\n<meta property=\"og:image\" content=\"https:\/\/www.iplay.com\/wp-content\/uploads\/2025\/07\/mind_echoes_-_remnants_of_the_past_ce_large_video_screenshot.webp\" \/>\n\t<meta property=\"og:image:width\" content=\"715\" \/>\n\t<meta property=\"og:image:height\" content=\"485\" \/>\n\t<meta property=\"og:image:type\" content=\"image\/webp\" \/>\n<meta name=\"twitter:card\" content=\"summary_large_image\" \/>\n<meta name=\"twitter:label1\" content=\"Dur\u00e9e de lecture estim\u00e9e\" \/>\n\t<meta name=\"twitter:data1\" content=\"1 minute\" \/>\n<script type=\"application\/ld+json\" class=\"yoast-schema-graph\">{\"@context\":\"https:\/\/schema.org\",\"@graph\":[{\"@type\":\"WebPage\",\"@id\":\"https:\/\/www.iplay.com\/en\/games\/mind-echoes-remnants-of-the-past-collectors-edition\/\",\"url\":\"https:\/\/www.iplay.com\/en\/games\/mind-echoes-remnants-of-the-past-collectors-edition\/\",\"name\":\"Mind Echoes\u00a0: Remnants of Past EC - Medieval Ghost Mystery\",\"isPartOf\":{\"@id\":\"https:\/\/www.iplay.com\/en\/#website\"},\"primaryImageOfPage\":{\"@id\":\"https:\/\/www.iplay.com\/en\/games\/mind-echoes-remnants-of-the-past-collectors-edition\/#primaryimage\"},\"image\":{\"@id\":\"https:\/\/www.iplay.com\/en\/games\/mind-echoes-remnants-of-the-past-collectors-edition\/#primaryimage\"},\"thumbnailUrl\":\"https:\/\/www.iplay.com\/wp-content\/uploads\/2025\/07\/mind_echoes_-_remnants_of_the_past_ce_large_video_screenshot.webp\",\"datePublished\":\"2025-08-01T09:30:17+00:00\",\"description\":\"D\u00e9couvrez un myst\u00e8re m\u00e9di\u00e9val spectral o\u00f9 le p\u00e9ril se cache \u00e0 chaque coin de rue et o\u00f9 le temps semble s\u2019arr\u00eater !\",\"breadcrumb\":{\"@id\":\"https:\/\/www.iplay.com\/en\/games\/mind-echoes-remnants-of-the-past-collectors-edition\/#breadcrumb\"},\"inLanguage\":\"fr-FR\",\"potentialAction\":[{\"@type\":\"ReadAction\",\"target\":[\"https:\/\/www.iplay.com\/en\/games\/mind-echoes-remnants-of-the-past-collectors-edition\/\"]}]},{\"@type\":\"ImageObject\",\"inLanguage\":\"fr-FR\",\"@id\":\"https:\/\/www.iplay.com\/en\/games\/mind-echoes-remnants-of-the-past-collectors-edition\/#primaryimage\",\"url\":\"https:\/\/www.iplay.com\/wp-content\/uploads\/2025\/07\/mind_echoes_-_remnants_of_the_past_ce_large_video_screenshot.webp\",\"contentUrl\":\"https:\/\/www.iplay.com\/wp-content\/uploads\/2025\/07\/mind_echoes_-_remnants_of_the_past_ce_large_video_screenshot.webp\",\"width\":715,\"height\":485},{\"@type\":\"BreadcrumbList\",\"@id\":\"https:\/\/www.iplay.com\/en\/games\/mind-echoes-remnants-of-the-past-collectors-edition\/#breadcrumb\",\"itemListElement\":[{\"@type\":\"ListItem\",\"position\":1,\"name\":\"Home\",\"item\":\"https:\/\/www.iplay.com\/fr\/home-page-2\/\"},{\"@type\":\"ListItem\",\"position\":2,\"name\":\"Shop\",\"item\":\"https:\/\/www.iplay.com\/en\/shop\/\"},{\"@type\":\"ListItem\",\"position\":3,\"name\":\"Mind Echoes: Remnants of The Past Collector&#8217;s Edition\"}]},{\"@type\":\"WebSite\",\"@id\":\"https:\/\/www.iplay.com\/en\/#website\",\"url\":\"https:\/\/www.iplay.com\/en\/\",\"name\":\"IPlay\",\"description\":\"The Best Casual Games!\",\"publisher\":{\"@id\":\"https:\/\/www.iplay.com\/en\/#organization\"},\"potentialAction\":[{\"@type\":\"SearchAction\",\"target\":{\"@type\":\"EntryPoint\",\"urlTemplate\":\"https:\/\/www.iplay.com\/en\/?s={search_term_string}\"},\"query-input\":{\"@type\":\"PropertyValueSpecification\",\"valueRequired\":true,\"valueName\":\"search_term_string\"}}],\"inLanguage\":\"fr-FR\"},{\"@type\":\"Organization\",\"@id\":\"https:\/\/www.iplay.com\/en\/#organization\",\"name\":\"IPlay\",\"url\":\"https:\/\/www.iplay.com\/en\/\",\"logo\":{\"@type\":\"ImageObject\",\"inLanguage\":\"fr-FR\",\"@id\":\"https:\/\/www.iplay.com\/en\/#\/schema\/logo\/image\/\",\"url\":\"https:\/\/www.iplay.com\/wp-content\/uploads\/2023\/11\/Group-6100.svg\",\"contentUrl\":\"https:\/\/www.iplay.com\/wp-content\/uploads\/2023\/11\/Group-6100.svg\",\"width\":98,\"height\":25,\"caption\":\"IPlay\"},\"image\":{\"@id\":\"https:\/\/www.iplay.com\/en\/#\/schema\/logo\/image\/\"}}]}<\/script>\n<!-- \/ Yoast SEO Premium plugin. -->","yoast_head_json":{"title":"Mind Echoes\u00a0: Remnants of Past EC - Medieval Ghost Mystery","description":"D\u00e9couvrez un myst\u00e8re m\u00e9di\u00e9val spectral o\u00f9 le p\u00e9ril se cache \u00e0 chaque coin de rue et o\u00f9 le temps semble s\u2019arr\u00eater !","robots":{"index":"index","follow":"follow","max-snippet":"max-snippet:-1","max-image-preview":"max-image-preview:large","max-video-preview":"max-video-preview:-1"},"canonical":"https:\/\/www.iplay.com\/en\/games\/mind-echoes-remnants-of-the-past-collectors-edition\/","og_locale":"fr_FR","og_type":"article","og_title":"Mind Echoes: Remnants of The Past Collector's Edition","og_description":"D\u00e9couvrez un myst\u00e8re m\u00e9di\u00e9val spectral o\u00f9 le p\u00e9ril se cache \u00e0 chaque coin de rue et o\u00f9 le temps semble s\u2019arr\u00eater !","og_url":"https:\/\/www.iplay.com\/en\/games\/mind-echoes-remnants-of-the-past-collectors-edition\/","og_site_name":"IPlay","og_image":[{"width":715,"height":485,"url":"https:\/\/www.iplay.com\/wp-content\/uploads\/2025\/07\/mind_echoes_-_remnants_of_the_past_ce_large_video_screenshot.webp","type":"image\/webp"}],"twitter_card":"summary_large_image","twitter_misc":{"Dur\u00e9e de lecture estim\u00e9e":"1 minute"},"schema":{"@context":"https:\/\/schema.org","@graph":[{"@type":"WebPage","@id":"https:\/\/www.iplay.com\/en\/games\/mind-echoes-remnants-of-the-past-collectors-edition\/","url":"https:\/\/www.iplay.com\/en\/games\/mind-echoes-remnants-of-the-past-collectors-edition\/","name":"Mind Echoes\u00a0: Remnants of Past EC - Medieval Ghost Mystery","isPartOf":{"@id":"https:\/\/www.iplay.com\/en\/#website"},"primaryImageOfPage":{"@id":"https:\/\/www.iplay.com\/en\/games\/mind-echoes-remnants-of-the-past-collectors-edition\/#primaryimage"},"image":{"@id":"https:\/\/www.iplay.com\/en\/games\/mind-echoes-remnants-of-the-past-collectors-edition\/#primaryimage"},"thumbnailUrl":"https:\/\/www.iplay.com\/wp-content\/uploads\/2025\/07\/mind_echoes_-_remnants_of_the_past_ce_large_video_screenshot.webp","datePublished":"2025-08-01T09:30:17+00:00","description":"D\u00e9couvrez un myst\u00e8re m\u00e9di\u00e9val spectral o\u00f9 le p\u00e9ril se cache \u00e0 chaque coin de rue et o\u00f9 le temps semble s\u2019arr\u00eater !","breadcrumb":{"@id":"https:\/\/www.iplay.com\/en\/games\/mind-echoes-remnants-of-the-past-collectors-edition\/#breadcrumb"},"inLanguage":"fr-FR","potentialAction":[{"@type":"ReadAction","target":["https:\/\/www.iplay.com\/en\/games\/mind-echoes-remnants-of-the-past-collectors-edition\/"]}]},{"@type":"ImageObject","inLanguage":"fr-FR","@id":"https:\/\/www.iplay.com\/en\/games\/mind-echoes-remnants-of-the-past-collectors-edition\/#primaryimage","url":"https:\/\/www.iplay.com\/wp-content\/uploads\/2025\/07\/mind_echoes_-_remnants_of_the_past_ce_large_video_screenshot.webp","contentUrl":"https:\/\/www.iplay.com\/wp-content\/uploads\/2025\/07\/mind_echoes_-_remnants_of_the_past_ce_large_video_screenshot.webp","width":715,"height":485},{"@type":"BreadcrumbList","@id":"https:\/\/www.iplay.com\/en\/games\/mind-echoes-remnants-of-the-past-collectors-edition\/#breadcrumb","itemListElement":[{"@type":"ListItem","position":1,"name":"Home","item":"https:\/\/www.iplay.com\/fr\/home-page-2\/"},{"@type":"ListItem","position":2,"name":"Shop","item":"https:\/\/www.iplay.com\/en\/shop\/"},{"@type":"ListItem","position":3,"name":"Mind Echoes: Remnants of The Past Collector&#8217;s Edition"}]},{"@type":"WebSite","@id":"https:\/\/www.iplay.com\/en\/#website","url":"https:\/\/www.iplay.com\/en\/","name":"IPlay","description":"The Best Casual Games!","publisher":{"@id":"https:\/\/www.iplay.com\/en\/#organization"},"potentialAction":[{"@type":"SearchAction","target":{"@type":"EntryPoint","urlTemplate":"https:\/\/www.iplay.com\/en\/?s={search_term_string}"},"query-input":{"@type":"PropertyValueSpecification","valueRequired":true,"valueName":"search_term_string"}}],"inLanguage":"fr-FR"},{"@type":"Organization","@id":"https:\/\/www.iplay.com\/en\/#organization","name":"IPlay","url":"https:\/\/www.iplay.com\/en\/","logo":{"@type":"ImageObject","inLanguage":"fr-FR","@id":"https:\/\/www.iplay.com\/en\/#\/schema\/logo\/image\/","url":"https:\/\/www.iplay.com\/wp-content\/uploads\/2023\/11\/Group-6100.svg","contentUrl":"https:\/\/www.iplay.com\/wp-content\/uploads\/2023\/11\/Group-6100.svg","width":98,"height":25,"caption":"IPlay"},"image":{"@id":"https:\/\/www.iplay.com\/en\/#\/schema\/logo\/image\/"}}]}},"_links":{"self":[{"href":"https:\/\/www.iplay.com\/fr\/wp-json\/wp\/v2\/product\/141025","targetHints":{"allow":["GET"]}}],"collection":[{"href":"https:\/\/www.iplay.com\/fr\/wp-json\/wp\/v2\/product"}],"about":[{"href":"https:\/\/www.iplay.com\/fr\/wp-json\/wp\/v2\/types\/product"}],"author":[{"embeddable":true,"href":"https:\/\/www.iplay.com\/fr\/wp-json\/wp\/v2\/users\/52"}],"replies":[{"embeddable":true,"href":"https:\/\/www.iplay.com\/fr\/wp-json\/wp\/v2\/comments?post=141025"}],"wp:featuredmedia":[{"embeddable":true,"href":"https:\/\/www.iplay.com\/fr\/wp-json\/wp\/v2\/media\/140992"}],"wp:attachment":[{"href":"https:\/\/www.iplay.com\/fr\/wp-json\/wp\/v2\/media?parent=141025"}],"wp:term":[{"taxonomy":"product_brand","embeddable":true,"href":"https:\/\/www.iplay.com\/fr\/wp-json\/wp\/v2\/product_brand?post=141025"},{"taxonomy":"product_cat","embeddable":true,"href":"https:\/\/www.iplay.com\/fr\/wp-json\/wp\/v2\/product_cat?post=141025"},{"taxonomy":"product_tag","embeddable":true,"href":"https:\/\/www.iplay.com\/fr\/wp-json\/wp\/v2\/product_tag?post=141025"}],"curies":[{"name":"wp","href":"https:\/\/api.w.org\/{rel}","templated":true}]}}