{"id":140614,"date":"2025-07-18T10:30:56","date_gmt":"2025-07-18T10:30:56","guid":{"rendered":"https:\/\/www.iplay.com\/games\/enchanted-stories-mystic-woods-collectors-edition\/"},"modified":"2025-07-29T12:00:22","modified_gmt":"2025-07-29T12:00:22","slug":"enchanted-stories-mystic-woods-collectors-edition","status":"publish","type":"product","link":"https:\/\/www.iplay.com\/fr\/games\/enchanted-stories-mystic-woods-collectors-edition\/","title":{"rendered":"Enchanted Stories: Mystic Woods Collector&#8217;s Edition"},"content":{"rendered":"<p class=\"whitespace-normal break-words ai-optimize-30 ai-optimize-introduction\">Vous aidez la jeune Rose \u00e0 sauver une for\u00eat magique qui perd de son pouvoir. Elle r\u00e9pond \u00e0 l\u2019appel de sa grand-m\u00e8re pour devenir la gardienne de la for\u00eat. Vous la guidez, elle et son fid\u00e8le compagnon loup, tout au long de cette aventure.  <\/p>\n<p class=\"whitespace-normal break-words ai-optimize-31\">Vous d\u00e9couvrez d\u2019anciens myst\u00e8res et vous vous liez d\u2019amiti\u00e9 avec des \u00eatres mythiques. Vous gu\u00e9rissez les rivi\u00e8res empoisonn\u00e9es par la cupidit\u00e9 et arr\u00eatez ceux qui d\u00e9truisent la for\u00eat. Vous apportez la paix entre les sir\u00e8nes de combat, les trolls et les loups-garous.  <\/p>\n<p class=\"whitespace-normal break-words ai-optimize-32\">Vous accomplissez des t\u00e2ches qui aident Rose \u00e0 d\u00e9couvrir son destin et une magie plus profonde. Vous faites face \u00e0 des forces obscures et faites des choix qui fa\u00e7onnent le destin du royaume enchant\u00e9. Vous d\u00e9cidez si la for\u00eat survit ou meurt.  <\/p>\n<p>&nbsp;<\/p>\n<p class=\"whitespace-normal break-words ai-optimize-33\"><strong>Fonctionnalit\u00e9s<\/strong><\/p>\n<ul class=\"[&amp;:not(:last-child)_ul]:pb-1 [&amp;:not(:last-child)_ol]:pb-1 list-disc space-y-1.5 pl-7\">\n<li class=\"whitespace-normal break-words ai-optimize-34\">Guidez Rose et son compagnon loup \u00e0 travers une aventure fantastique \u00e0 couper le souffle<\/li>\n<li class=\"whitespace-normal break-words ai-optimize-35\">D\u00e9couvrez des secrets cach\u00e9s et des pouvoirs anciens dans les Bois Mystiques en d\u00e9clin<\/li>\n<li class=\"whitespace-normal break-words ai-optimize-36\">Liez-vous d\u2019amiti\u00e9 avec des cr\u00e9atures magiques et unissez les tribus de la for\u00eat bris\u00e9e pour prot\u00e9ger leur maison<\/li>\n<li class=\"whitespace-normal break-words ai-optimize-37\">Nettoyez la rivi\u00e8re magique, soignez les trolls et pr\u00e9venez la guerre entre les loups-garous<\/li>\n<li class=\"whitespace-normal break-words ai-optimize-38\">Faites face aux menaces environnementales et arr\u00eatez ceux qui veulent d\u00e9truire le c\u0153ur de la for\u00eat<\/li>\n<\/ul>\n<p>&nbsp;<\/p>\n<p class=\"whitespace-normal break-words ai-optimize-39\"><strong>Caract\u00e9ristiques de l\u2019\u00e9dition collector<\/strong><\/p>\n<ul class=\"[&amp;:not(:last-child)_ul]:pb-1 [&amp;:not(:last-child)_ol]:pb-1 list-disc space-y-1.5 pl-7\">\n<li class=\"whitespace-normal break-words ai-optimize-40\">Jouez un chapitre bonus riche avec une histoire et des d\u00e9fis suppl\u00e9mentaires<\/li>\n<li class=\"whitespace-normal break-words ai-optimize-41\">D\u00e9bloquez des traditions de la for\u00eat profonde qui r\u00e9v\u00e8lent le pass\u00e9 et les pouvoirs anciens de la for\u00eat<\/li>\n<\/ul>\n","protected":false},"excerpt":{"rendered":"<p>Dans Enchanted Stories&nbsp;: Mystic Woods Collector\u2019s Edition, embarquez pour une aventure fantastique afin de pr\u00e9server la for\u00eat mourante.<\/p>\n","protected":false},"author":52,"featured_media":140594,"comment_status":"open","ping_status":"closed","template":"","meta":{"_acf_changed":false,"inline_featured_image":false},"product_brand":[],"product_cat":[148,165],"product_tag":[287],"class_list":{"0":"post-140614","1":"product","2":"type-product","3":"status-publish","4":"has-post-thumbnail","6":"product_cat-adventure-fr","7":"product_cat-hidden-object-fr","8":"product_tag-play-on-pc-fr","10":"first","11":"instock","12":"shipping-taxable","13":"purchasable","14":"product-type-simple"},"acf":[],"yoast_head":"<!-- This site is optimized with the Yoast SEO Premium plugin v25.2 (Yoast SEO v25.2) - https:\/\/yoast.com\/wordpress\/plugins\/seo\/ -->\n<title>Histoires enchant\u00e9es : Pouvez-vous sauver les bois mystiques<\/title>\n<meta name=\"description\" content=\"Dans Enchanted Stories&nbsp;: Mystic Woods Collector\u2019s Edition, embarquez pour une aventure fantastique afin de pr\u00e9server la for\u00eat mourante.\" \/>\n<meta name=\"robots\" content=\"index, follow, max-snippet:-1, max-image-preview:large, max-video-preview:-1\" \/>\n<link rel=\"canonical\" href=\"https:\/\/www.iplay.com\/fr\/games\/enchanted-stories-mystic-woods-collectors-edition\/\" \/>\n<meta property=\"og:locale\" content=\"fr_FR\" \/>\n<meta property=\"og:type\" content=\"article\" \/>\n<meta property=\"og:title\" content=\"Enchanted Stories: Mystic Woods Collector&#039;s Edition\" \/>\n<meta property=\"og:description\" content=\"Dans Enchanted Stories&nbsp;: Mystic Woods Collector\u2019s Edition, embarquez pour une aventure fantastique afin de pr\u00e9server la for\u00eat mourante.\" \/>\n<meta property=\"og:url\" content=\"https:\/\/www.iplay.com\/fr\/games\/enchanted-stories-mystic-woods-collectors-edition\/\" \/>\n<meta property=\"og:site_name\" content=\"IPlay\" \/>\n<meta property=\"article:modified_time\" content=\"2025-07-29T12:00:22+00:00\" \/>\n<meta property=\"og:image\" content=\"https:\/\/www.iplay.com\/wp-content\/uploads\/2025\/07\/enchanted_stories_mystic_woods_collectors_edition_large_square_tile_image.webp\" \/>\n\t<meta property=\"og:image:width\" content=\"310\" \/>\n\t<meta property=\"og:image:height\" content=\"310\" \/>\n\t<meta property=\"og:image:type\" content=\"image\/webp\" \/>\n<meta name=\"twitter:card\" content=\"summary_large_image\" \/>\n<meta name=\"twitter:label1\" content=\"Dur\u00e9e de lecture estim\u00e9e\" \/>\n\t<meta name=\"twitter:data1\" content=\"1 minute\" \/>\n<script type=\"application\/ld+json\" class=\"yoast-schema-graph\">{\"@context\":\"https:\/\/schema.org\",\"@graph\":[{\"@type\":\"WebPage\",\"@id\":\"https:\/\/www.iplay.com\/fr\/games\/enchanted-stories-mystic-woods-collectors-edition\/\",\"url\":\"https:\/\/www.iplay.com\/fr\/games\/enchanted-stories-mystic-woods-collectors-edition\/\",\"name\":\"Histoires enchant\u00e9es : Pouvez-vous sauver les bois mystiques\",\"isPartOf\":{\"@id\":\"https:\/\/www.iplay.com\/en\/#website\"},\"primaryImageOfPage\":{\"@id\":\"https:\/\/www.iplay.com\/fr\/games\/enchanted-stories-mystic-woods-collectors-edition\/#primaryimage\"},\"image\":{\"@id\":\"https:\/\/www.iplay.com\/fr\/games\/enchanted-stories-mystic-woods-collectors-edition\/#primaryimage\"},\"thumbnailUrl\":\"https:\/\/www.iplay.com\/wp-content\/uploads\/2025\/07\/enchanted_stories_mystic_woods_collectors_edition_large_square_tile_image.webp\",\"datePublished\":\"2025-07-18T10:30:56+00:00\",\"dateModified\":\"2025-07-29T12:00:22+00:00\",\"description\":\"Dans Enchanted Stories&nbsp;: Mystic Woods Collector\u2019s Edition, embarquez pour une aventure fantastique afin de pr\u00e9server la for\u00eat mourante.\",\"breadcrumb\":{\"@id\":\"https:\/\/www.iplay.com\/fr\/games\/enchanted-stories-mystic-woods-collectors-edition\/#breadcrumb\"},\"inLanguage\":\"fr-FR\",\"potentialAction\":[{\"@type\":\"ReadAction\",\"target\":[\"https:\/\/www.iplay.com\/fr\/games\/enchanted-stories-mystic-woods-collectors-edition\/\"]}]},{\"@type\":\"ImageObject\",\"inLanguage\":\"fr-FR\",\"@id\":\"https:\/\/www.iplay.com\/fr\/games\/enchanted-stories-mystic-woods-collectors-edition\/#primaryimage\",\"url\":\"https:\/\/www.iplay.com\/wp-content\/uploads\/2025\/07\/enchanted_stories_mystic_woods_collectors_edition_large_square_tile_image.webp\",\"contentUrl\":\"https:\/\/www.iplay.com\/wp-content\/uploads\/2025\/07\/enchanted_stories_mystic_woods_collectors_edition_large_square_tile_image.webp\",\"width\":310,\"height\":310},{\"@type\":\"BreadcrumbList\",\"@id\":\"https:\/\/www.iplay.com\/fr\/games\/enchanted-stories-mystic-woods-collectors-edition\/#breadcrumb\",\"itemListElement\":[{\"@type\":\"ListItem\",\"position\":1,\"name\":\"Home\",\"item\":\"https:\/\/www.iplay.com\/fr\/home-page-2\/\"},{\"@type\":\"ListItem\",\"position\":2,\"name\":\"Shop\",\"item\":\"https:\/\/www.iplay.com\/en\/shop\/\"},{\"@type\":\"ListItem\",\"position\":3,\"name\":\"Enchanted Stories: Mystic Woods Collector&#8217;s Edition\"}]},{\"@type\":\"WebSite\",\"@id\":\"https:\/\/www.iplay.com\/en\/#website\",\"url\":\"https:\/\/www.iplay.com\/en\/\",\"name\":\"IPlay\",\"description\":\"The Best Casual Games!\",\"publisher\":{\"@id\":\"https:\/\/www.iplay.com\/en\/#organization\"},\"potentialAction\":[{\"@type\":\"SearchAction\",\"target\":{\"@type\":\"EntryPoint\",\"urlTemplate\":\"https:\/\/www.iplay.com\/en\/?s={search_term_string}\"},\"query-input\":{\"@type\":\"PropertyValueSpecification\",\"valueRequired\":true,\"valueName\":\"search_term_string\"}}],\"inLanguage\":\"fr-FR\"},{\"@type\":\"Organization\",\"@id\":\"https:\/\/www.iplay.com\/en\/#organization\",\"name\":\"IPlay\",\"url\":\"https:\/\/www.iplay.com\/en\/\",\"logo\":{\"@type\":\"ImageObject\",\"inLanguage\":\"fr-FR\",\"@id\":\"https:\/\/www.iplay.com\/en\/#\/schema\/logo\/image\/\",\"url\":\"https:\/\/www.iplay.com\/wp-content\/uploads\/2023\/11\/Group-6100.svg\",\"contentUrl\":\"https:\/\/www.iplay.com\/wp-content\/uploads\/2023\/11\/Group-6100.svg\",\"width\":98,\"height\":25,\"caption\":\"IPlay\"},\"image\":{\"@id\":\"https:\/\/www.iplay.com\/en\/#\/schema\/logo\/image\/\"}}]}<\/script>\n<!-- \/ Yoast SEO Premium plugin. -->","yoast_head_json":{"title":"Histoires enchant\u00e9es : Pouvez-vous sauver les bois mystiques","description":"Dans Enchanted Stories&nbsp;: Mystic Woods Collector\u2019s Edition, embarquez pour une aventure fantastique afin de pr\u00e9server la for\u00eat mourante.","robots":{"index":"index","follow":"follow","max-snippet":"max-snippet:-1","max-image-preview":"max-image-preview:large","max-video-preview":"max-video-preview:-1"},"canonical":"https:\/\/www.iplay.com\/fr\/games\/enchanted-stories-mystic-woods-collectors-edition\/","og_locale":"fr_FR","og_type":"article","og_title":"Enchanted Stories: Mystic Woods Collector's Edition","og_description":"Dans Enchanted Stories&nbsp;: Mystic Woods Collector\u2019s Edition, embarquez pour une aventure fantastique afin de pr\u00e9server la for\u00eat mourante.","og_url":"https:\/\/www.iplay.com\/fr\/games\/enchanted-stories-mystic-woods-collectors-edition\/","og_site_name":"IPlay","article_modified_time":"2025-07-29T12:00:22+00:00","og_image":[{"width":310,"height":310,"url":"https:\/\/www.iplay.com\/wp-content\/uploads\/2025\/07\/enchanted_stories_mystic_woods_collectors_edition_large_square_tile_image.webp","type":"image\/webp"}],"twitter_card":"summary_large_image","twitter_misc":{"Dur\u00e9e de lecture estim\u00e9e":"1 minute"},"schema":{"@context":"https:\/\/schema.org","@graph":[{"@type":"WebPage","@id":"https:\/\/www.iplay.com\/fr\/games\/enchanted-stories-mystic-woods-collectors-edition\/","url":"https:\/\/www.iplay.com\/fr\/games\/enchanted-stories-mystic-woods-collectors-edition\/","name":"Histoires enchant\u00e9es : Pouvez-vous sauver les bois mystiques","isPartOf":{"@id":"https:\/\/www.iplay.com\/en\/#website"},"primaryImageOfPage":{"@id":"https:\/\/www.iplay.com\/fr\/games\/enchanted-stories-mystic-woods-collectors-edition\/#primaryimage"},"image":{"@id":"https:\/\/www.iplay.com\/fr\/games\/enchanted-stories-mystic-woods-collectors-edition\/#primaryimage"},"thumbnailUrl":"https:\/\/www.iplay.com\/wp-content\/uploads\/2025\/07\/enchanted_stories_mystic_woods_collectors_edition_large_square_tile_image.webp","datePublished":"2025-07-18T10:30:56+00:00","dateModified":"2025-07-29T12:00:22+00:00","description":"Dans Enchanted Stories&nbsp;: Mystic Woods Collector\u2019s Edition, embarquez pour une aventure fantastique afin de pr\u00e9server la for\u00eat mourante.","breadcrumb":{"@id":"https:\/\/www.iplay.com\/fr\/games\/enchanted-stories-mystic-woods-collectors-edition\/#breadcrumb"},"inLanguage":"fr-FR","potentialAction":[{"@type":"ReadAction","target":["https:\/\/www.iplay.com\/fr\/games\/enchanted-stories-mystic-woods-collectors-edition\/"]}]},{"@type":"ImageObject","inLanguage":"fr-FR","@id":"https:\/\/www.iplay.com\/fr\/games\/enchanted-stories-mystic-woods-collectors-edition\/#primaryimage","url":"https:\/\/www.iplay.com\/wp-content\/uploads\/2025\/07\/enchanted_stories_mystic_woods_collectors_edition_large_square_tile_image.webp","contentUrl":"https:\/\/www.iplay.com\/wp-content\/uploads\/2025\/07\/enchanted_stories_mystic_woods_collectors_edition_large_square_tile_image.webp","width":310,"height":310},{"@type":"BreadcrumbList","@id":"https:\/\/www.iplay.com\/fr\/games\/enchanted-stories-mystic-woods-collectors-edition\/#breadcrumb","itemListElement":[{"@type":"ListItem","position":1,"name":"Home","item":"https:\/\/www.iplay.com\/fr\/home-page-2\/"},{"@type":"ListItem","position":2,"name":"Shop","item":"https:\/\/www.iplay.com\/en\/shop\/"},{"@type":"ListItem","position":3,"name":"Enchanted Stories: Mystic Woods Collector&#8217;s Edition"}]},{"@type":"WebSite","@id":"https:\/\/www.iplay.com\/en\/#website","url":"https:\/\/www.iplay.com\/en\/","name":"IPlay","description":"The Best Casual Games!","publisher":{"@id":"https:\/\/www.iplay.com\/en\/#organization"},"potentialAction":[{"@type":"SearchAction","target":{"@type":"EntryPoint","urlTemplate":"https:\/\/www.iplay.com\/en\/?s={search_term_string}"},"query-input":{"@type":"PropertyValueSpecification","valueRequired":true,"valueName":"search_term_string"}}],"inLanguage":"fr-FR"},{"@type":"Organization","@id":"https:\/\/www.iplay.com\/en\/#organization","name":"IPlay","url":"https:\/\/www.iplay.com\/en\/","logo":{"@type":"ImageObject","inLanguage":"fr-FR","@id":"https:\/\/www.iplay.com\/en\/#\/schema\/logo\/image\/","url":"https:\/\/www.iplay.com\/wp-content\/uploads\/2023\/11\/Group-6100.svg","contentUrl":"https:\/\/www.iplay.com\/wp-content\/uploads\/2023\/11\/Group-6100.svg","width":98,"height":25,"caption":"IPlay"},"image":{"@id":"https:\/\/www.iplay.com\/en\/#\/schema\/logo\/image\/"}}]}},"_links":{"self":[{"href":"https:\/\/www.iplay.com\/fr\/wp-json\/wp\/v2\/product\/140614","targetHints":{"allow":["GET"]}}],"collection":[{"href":"https:\/\/www.iplay.com\/fr\/wp-json\/wp\/v2\/product"}],"about":[{"href":"https:\/\/www.iplay.com\/fr\/wp-json\/wp\/v2\/types\/product"}],"author":[{"embeddable":true,"href":"https:\/\/www.iplay.com\/fr\/wp-json\/wp\/v2\/users\/52"}],"replies":[{"embeddable":true,"href":"https:\/\/www.iplay.com\/fr\/wp-json\/wp\/v2\/comments?post=140614"}],"wp:featuredmedia":[{"embeddable":true,"href":"https:\/\/www.iplay.com\/fr\/wp-json\/wp\/v2\/media\/140594"}],"wp:attachment":[{"href":"https:\/\/www.iplay.com\/fr\/wp-json\/wp\/v2\/media?parent=140614"}],"wp:term":[{"taxonomy":"product_brand","embeddable":true,"href":"https:\/\/www.iplay.com\/fr\/wp-json\/wp\/v2\/product_brand?post=140614"},{"taxonomy":"product_cat","embeddable":true,"href":"https:\/\/www.iplay.com\/fr\/wp-json\/wp\/v2\/product_cat?post=140614"},{"taxonomy":"product_tag","embeddable":true,"href":"https:\/\/www.iplay.com\/fr\/wp-json\/wp\/v2\/product_tag?post=140614"}],"curies":[{"name":"wp","href":"https:\/\/api.w.org\/{rel}","templated":true}]}}