{"id":140435,"date":"2025-07-14T07:30:14","date_gmt":"2025-07-14T07:30:14","guid":{"rendered":"https:\/\/www.iplay.com\/?post_type=product&p=140435"},"modified":"2025-07-11T07:30:14","modified_gmt":"2025-07-11T07:30:14","slug":"pixel-art-81","status":"publish","type":"product","link":"https:\/\/www.iplay.com\/fr\/games\/pixel-art-81\/","title":{"rendered":"Pixel Art 81"},"content":{"rendered":"<p class=\"whitespace-normal break-words ai-optimize-29 ai-optimize-introduction\">Vous entrez dans le monde du Pixel Art 81 et coloriez de magnifiques images en pixels. Ce jeu relaxant fonctionne pour tous les \u00e2ges. Vous suivez les chiffres pour remplir chaque pixel de couleur.  <\/p>\n<p class=\"whitespace-normal break-words ai-optimize-30\">Vous vous d\u00e9tendez apr\u00e8s une journ\u00e9e bien remplie ou stimulez votre cr\u00e9ativit\u00e9. Vous obtenez des images de 80 pixels pour donner vie avec des couleurs vives. Vous suivez le guide de peinture par num\u00e9ros pour rendre chaque image belle.  <\/p>\n<p class=\"whitespace-normal break-words ai-optimize-31\">Vous n\u2019avez pas \u00e0 vous soucier de choisir des couleurs &#8211; les chiffres vous indiquent exactement quelles couleurs utiliser. Vous remplissez chaque pixel et voyez appara\u00eetre des designs amusants, pittoresques et cr\u00e9atifs. Vous cr\u00e9ez de belles \u0153uvres d\u2019art sans aucune conjecture.  <\/p>\n<p class=\"whitespace-normal break-words ai-optimize-32\">Vous utilisez l\u2019outil Remplir la zone pour peindre plus rapidement et plus lissement. Vous passez plus de temps \u00e0 profiter du processus cr\u00e9atif. Vous terminez les photos plus rapidement et vous vous sentez plus satisfait.  <\/p>\n<p>&nbsp;<\/p>\n<p class=\"whitespace-normal break-words ai-optimize-33\"><strong>Fonctionnalit\u00e9s<\/strong><\/p>\n<ul class=\"[&amp;:not(:last-child)_ul]:pb-1 [&amp;:not(:last-child)_ol]:pb-1 list-disc space-y-1.5 pl-7\">\n<li class=\"whitespace-normal break-words ai-optimize-34\">80 images en pixels color\u00e9s avec diff\u00e9rents th\u00e8mes et designs<\/li>\n<li class=\"whitespace-normal break-words ai-optimize-35\">Jeu facile de peinture par num\u00e9ros &#8211; vous suivez le guide et coloriez facilement<\/li>\n<li class=\"whitespace-normal break-words ai-optimize-36\">Outil de remplissage de la zone qui vous aide \u00e0 colorier plus rapidement et \u00e0 finir parfaitement<\/li>\n<li class=\"whitespace-normal break-words ai-optimize-37\">Conception simple et apaisante pour une exp\u00e9rience fluide et sans stress<\/li>\n<li class=\"whitespace-normal break-words ai-optimize-38\">Parfait pour se d\u00e9tendre et se d\u00e9tendre tout en exprimant son c\u00f4t\u00e9 artistique<\/li>\n<\/ul>\n<p>&nbsp;<\/p>\n<p class=\"whitespace-normal break-words ai-optimize-39\">Vous coloriez des paysages paisibles, des animaux mignons et des images magiques. Vous appuyez une fois pour remplir chaque pixel et regardez les couleurs prendre vie. <\/p>\n","protected":false},"excerpt":{"rendered":"<p>Avec Pixel Art 81, d\u00e9tendez-vous tout en coloriant des illustrations en pixels amusantes !<\/p>\n","protected":false},"author":21,"featured_media":140232,"comment_status":"open","ping_status":"closed","template":"","meta":{"_acf_changed":false,"inline_featured_image":false},"product_brand":[],"product_cat":[183],"product_tag":[279,287],"class_list":{"0":"post-140435","1":"product","2":"type-product","3":"status-publish","4":"has-post-thumbnail","6":"product_cat-paint-by-numbers-series-fr","7":"product_tag-pixel-art-series-fr","8":"product_tag-play-on-pc-fr","10":"first","11":"instock","12":"shipping-taxable","13":"purchasable","14":"product-type-simple"},"acf":[],"yoast_head":"<!-- This site is optimized with the Yoast SEO Premium plugin v25.2 (Yoast SEO v25.2) - https:\/\/yoast.com\/wordpress\/plugins\/seo\/ -->\n<title>Pixel Art 81 : D\u00e9tente et couleurs Cr\u00e9ations d\u00e9licieuses<\/title>\n<meta name=\"description\" content=\"Avec Pixel Art 81, d\u00e9tendez-vous tout en coloriant des illustrations en pixels amusantes !\" \/>\n<meta name=\"robots\" content=\"index, follow, max-snippet:-1, max-image-preview:large, max-video-preview:-1\" \/>\n<link rel=\"canonical\" href=\"https:\/\/www.iplay.com\/en\/games\/pixel-art-81\/\" \/>\n<meta property=\"og:locale\" content=\"fr_FR\" \/>\n<meta property=\"og:type\" content=\"article\" \/>\n<meta property=\"og:title\" content=\"Pixel Art 81\" \/>\n<meta property=\"og:description\" content=\"Avec Pixel Art 81, d\u00e9tendez-vous tout en coloriant des illustrations en pixels amusantes !\" \/>\n<meta property=\"og:url\" content=\"https:\/\/www.iplay.com\/en\/games\/pixel-art-81\/\" \/>\n<meta property=\"og:site_name\" content=\"IPlay\" \/>\n<meta property=\"og:image\" content=\"https:\/\/www.iplay.com\/wp-content\/uploads\/2025\/07\/pixel_art_81_large_video_screenshot.webp\" \/>\n\t<meta property=\"og:image:width\" content=\"715\" \/>\n\t<meta property=\"og:image:height\" content=\"485\" \/>\n\t<meta property=\"og:image:type\" content=\"image\/webp\" \/>\n<meta name=\"twitter:card\" content=\"summary_large_image\" \/>\n<meta name=\"twitter:label1\" content=\"Dur\u00e9e de lecture estim\u00e9e\" \/>\n\t<meta name=\"twitter:data1\" content=\"1 minute\" \/>\n<script type=\"application\/ld+json\" class=\"yoast-schema-graph\">{\"@context\":\"https:\/\/schema.org\",\"@graph\":[{\"@type\":\"WebPage\",\"@id\":\"https:\/\/www.iplay.com\/en\/games\/pixel-art-81\/\",\"url\":\"https:\/\/www.iplay.com\/en\/games\/pixel-art-81\/\",\"name\":\"Pixel Art 81 : D\u00e9tente et couleurs Cr\u00e9ations d\u00e9licieuses\",\"isPartOf\":{\"@id\":\"https:\/\/www.iplay.com\/en\/#website\"},\"primaryImageOfPage\":{\"@id\":\"https:\/\/www.iplay.com\/en\/games\/pixel-art-81\/#primaryimage\"},\"image\":{\"@id\":\"https:\/\/www.iplay.com\/en\/games\/pixel-art-81\/#primaryimage\"},\"thumbnailUrl\":\"https:\/\/www.iplay.com\/wp-content\/uploads\/2025\/07\/pixel_art_81_large_video_screenshot.webp\",\"datePublished\":\"2025-07-14T07:30:14+00:00\",\"description\":\"Avec Pixel Art 81, d\u00e9tendez-vous tout en coloriant des illustrations en pixels amusantes !\",\"breadcrumb\":{\"@id\":\"https:\/\/www.iplay.com\/en\/games\/pixel-art-81\/#breadcrumb\"},\"inLanguage\":\"fr-FR\",\"potentialAction\":[{\"@type\":\"ReadAction\",\"target\":[\"https:\/\/www.iplay.com\/en\/games\/pixel-art-81\/\"]}]},{\"@type\":\"ImageObject\",\"inLanguage\":\"fr-FR\",\"@id\":\"https:\/\/www.iplay.com\/en\/games\/pixel-art-81\/#primaryimage\",\"url\":\"https:\/\/www.iplay.com\/wp-content\/uploads\/2025\/07\/pixel_art_81_large_video_screenshot.webp\",\"contentUrl\":\"https:\/\/www.iplay.com\/wp-content\/uploads\/2025\/07\/pixel_art_81_large_video_screenshot.webp\",\"width\":715,\"height\":485},{\"@type\":\"BreadcrumbList\",\"@id\":\"https:\/\/www.iplay.com\/en\/games\/pixel-art-81\/#breadcrumb\",\"itemListElement\":[{\"@type\":\"ListItem\",\"position\":1,\"name\":\"Home\",\"item\":\"https:\/\/www.iplay.com\/fr\/home-page-2\/\"},{\"@type\":\"ListItem\",\"position\":2,\"name\":\"Shop\",\"item\":\"https:\/\/www.iplay.com\/en\/shop\/\"},{\"@type\":\"ListItem\",\"position\":3,\"name\":\"Pixel Art 81\"}]},{\"@type\":\"WebSite\",\"@id\":\"https:\/\/www.iplay.com\/en\/#website\",\"url\":\"https:\/\/www.iplay.com\/en\/\",\"name\":\"IPlay\",\"description\":\"The Best Casual Games!\",\"publisher\":{\"@id\":\"https:\/\/www.iplay.com\/en\/#organization\"},\"potentialAction\":[{\"@type\":\"SearchAction\",\"target\":{\"@type\":\"EntryPoint\",\"urlTemplate\":\"https:\/\/www.iplay.com\/en\/?s={search_term_string}\"},\"query-input\":{\"@type\":\"PropertyValueSpecification\",\"valueRequired\":true,\"valueName\":\"search_term_string\"}}],\"inLanguage\":\"fr-FR\"},{\"@type\":\"Organization\",\"@id\":\"https:\/\/www.iplay.com\/en\/#organization\",\"name\":\"IPlay\",\"url\":\"https:\/\/www.iplay.com\/en\/\",\"logo\":{\"@type\":\"ImageObject\",\"inLanguage\":\"fr-FR\",\"@id\":\"https:\/\/www.iplay.com\/en\/#\/schema\/logo\/image\/\",\"url\":\"https:\/\/www.iplay.com\/wp-content\/uploads\/2023\/11\/Group-6100.svg\",\"contentUrl\":\"https:\/\/www.iplay.com\/wp-content\/uploads\/2023\/11\/Group-6100.svg\",\"width\":98,\"height\":25,\"caption\":\"IPlay\"},\"image\":{\"@id\":\"https:\/\/www.iplay.com\/en\/#\/schema\/logo\/image\/\"}}]}<\/script>\n<!-- \/ Yoast SEO Premium plugin. -->","yoast_head_json":{"title":"Pixel Art 81 : D\u00e9tente et couleurs Cr\u00e9ations d\u00e9licieuses","description":"Avec Pixel Art 81, d\u00e9tendez-vous tout en coloriant des illustrations en pixels amusantes !","robots":{"index":"index","follow":"follow","max-snippet":"max-snippet:-1","max-image-preview":"max-image-preview:large","max-video-preview":"max-video-preview:-1"},"canonical":"https:\/\/www.iplay.com\/en\/games\/pixel-art-81\/","og_locale":"fr_FR","og_type":"article","og_title":"Pixel Art 81","og_description":"Avec Pixel Art 81, d\u00e9tendez-vous tout en coloriant des illustrations en pixels amusantes !","og_url":"https:\/\/www.iplay.com\/en\/games\/pixel-art-81\/","og_site_name":"IPlay","og_image":[{"width":715,"height":485,"url":"https:\/\/www.iplay.com\/wp-content\/uploads\/2025\/07\/pixel_art_81_large_video_screenshot.webp","type":"image\/webp"}],"twitter_card":"summary_large_image","twitter_misc":{"Dur\u00e9e de lecture estim\u00e9e":"1 minute"},"schema":{"@context":"https:\/\/schema.org","@graph":[{"@type":"WebPage","@id":"https:\/\/www.iplay.com\/en\/games\/pixel-art-81\/","url":"https:\/\/www.iplay.com\/en\/games\/pixel-art-81\/","name":"Pixel Art 81 : D\u00e9tente et couleurs Cr\u00e9ations d\u00e9licieuses","isPartOf":{"@id":"https:\/\/www.iplay.com\/en\/#website"},"primaryImageOfPage":{"@id":"https:\/\/www.iplay.com\/en\/games\/pixel-art-81\/#primaryimage"},"image":{"@id":"https:\/\/www.iplay.com\/en\/games\/pixel-art-81\/#primaryimage"},"thumbnailUrl":"https:\/\/www.iplay.com\/wp-content\/uploads\/2025\/07\/pixel_art_81_large_video_screenshot.webp","datePublished":"2025-07-14T07:30:14+00:00","description":"Avec Pixel Art 81, d\u00e9tendez-vous tout en coloriant des illustrations en pixels amusantes !","breadcrumb":{"@id":"https:\/\/www.iplay.com\/en\/games\/pixel-art-81\/#breadcrumb"},"inLanguage":"fr-FR","potentialAction":[{"@type":"ReadAction","target":["https:\/\/www.iplay.com\/en\/games\/pixel-art-81\/"]}]},{"@type":"ImageObject","inLanguage":"fr-FR","@id":"https:\/\/www.iplay.com\/en\/games\/pixel-art-81\/#primaryimage","url":"https:\/\/www.iplay.com\/wp-content\/uploads\/2025\/07\/pixel_art_81_large_video_screenshot.webp","contentUrl":"https:\/\/www.iplay.com\/wp-content\/uploads\/2025\/07\/pixel_art_81_large_video_screenshot.webp","width":715,"height":485},{"@type":"BreadcrumbList","@id":"https:\/\/www.iplay.com\/en\/games\/pixel-art-81\/#breadcrumb","itemListElement":[{"@type":"ListItem","position":1,"name":"Home","item":"https:\/\/www.iplay.com\/fr\/home-page-2\/"},{"@type":"ListItem","position":2,"name":"Shop","item":"https:\/\/www.iplay.com\/en\/shop\/"},{"@type":"ListItem","position":3,"name":"Pixel Art 81"}]},{"@type":"WebSite","@id":"https:\/\/www.iplay.com\/en\/#website","url":"https:\/\/www.iplay.com\/en\/","name":"IPlay","description":"The Best Casual Games!","publisher":{"@id":"https:\/\/www.iplay.com\/en\/#organization"},"potentialAction":[{"@type":"SearchAction","target":{"@type":"EntryPoint","urlTemplate":"https:\/\/www.iplay.com\/en\/?s={search_term_string}"},"query-input":{"@type":"PropertyValueSpecification","valueRequired":true,"valueName":"search_term_string"}}],"inLanguage":"fr-FR"},{"@type":"Organization","@id":"https:\/\/www.iplay.com\/en\/#organization","name":"IPlay","url":"https:\/\/www.iplay.com\/en\/","logo":{"@type":"ImageObject","inLanguage":"fr-FR","@id":"https:\/\/www.iplay.com\/en\/#\/schema\/logo\/image\/","url":"https:\/\/www.iplay.com\/wp-content\/uploads\/2023\/11\/Group-6100.svg","contentUrl":"https:\/\/www.iplay.com\/wp-content\/uploads\/2023\/11\/Group-6100.svg","width":98,"height":25,"caption":"IPlay"},"image":{"@id":"https:\/\/www.iplay.com\/en\/#\/schema\/logo\/image\/"}}]}},"_links":{"self":[{"href":"https:\/\/www.iplay.com\/fr\/wp-json\/wp\/v2\/product\/140435","targetHints":{"allow":["GET"]}}],"collection":[{"href":"https:\/\/www.iplay.com\/fr\/wp-json\/wp\/v2\/product"}],"about":[{"href":"https:\/\/www.iplay.com\/fr\/wp-json\/wp\/v2\/types\/product"}],"author":[{"embeddable":true,"href":"https:\/\/www.iplay.com\/fr\/wp-json\/wp\/v2\/users\/21"}],"replies":[{"embeddable":true,"href":"https:\/\/www.iplay.com\/fr\/wp-json\/wp\/v2\/comments?post=140435"}],"wp:featuredmedia":[{"embeddable":true,"href":"https:\/\/www.iplay.com\/fr\/wp-json\/wp\/v2\/media\/140232"}],"wp:attachment":[{"href":"https:\/\/www.iplay.com\/fr\/wp-json\/wp\/v2\/media?parent=140435"}],"wp:term":[{"taxonomy":"product_brand","embeddable":true,"href":"https:\/\/www.iplay.com\/fr\/wp-json\/wp\/v2\/product_brand?post=140435"},{"taxonomy":"product_cat","embeddable":true,"href":"https:\/\/www.iplay.com\/fr\/wp-json\/wp\/v2\/product_cat?post=140435"},{"taxonomy":"product_tag","embeddable":true,"href":"https:\/\/www.iplay.com\/fr\/wp-json\/wp\/v2\/product_tag?post=140435"}],"curies":[{"name":"wp","href":"https:\/\/api.w.org\/{rel}","templated":true}]}}