{"id":140422,"date":"2019-05-14T00:00:00","date_gmt":"2019-05-14T00:00:00","guid":{"rendered":"https:\/\/www.iplay.com\/games\/mystery-solitaire-cthulhu-mythos\/"},"modified":"2019-05-14T00:00:00","modified_gmt":"2019-05-14T00:00:00","slug":"mystery-solitaire-cthulhu-mythos","status":"publish","type":"product","link":"https:\/\/www.iplay.com\/fr\/games\/mystery-solitaire-cthulhu-mythos\/","title":{"rendered":"Mystery Solitaire Cthulhu Mythos"},"content":{"rendered":"<p>Entrez dans le royaume le plus pr\u00e9cieux, myst\u00e9rieux et captivant cr\u00e9\u00e9 par Howard Lovecraft ! Cet univers \u00e9tait \u00e0 l\u2019image de la vie du po\u00e8te, d\u2019une po\u00e9tique \u00e9trange, lugubre et \u00e9tonnante, ainsi que de sa propre image. D\u00e9couvrez 12 sites li\u00e9s \u00e0 la vie et \u00e0 la carri\u00e8re d\u2019Howard, et obtenez des tonnes de r\u00e9compenses impressionnantes. Chaque jour, les joueurs peuvent passer de nombreuses heures \u00e0 profiter de jeux passionnants \u00e0 des niveaux de complexit\u00e9 changeante, et les cartes dor\u00e9es uniques offrent encore plus de plaisir. Ce jeu est destin\u00e9 aux fans de jeux de cartes tels que spider solitaire, canfield, crazy quilt, alg\u00e9rien, montana, huit off, calcul, Three Peaks, yukon, Forty Thieves, scorpion, gaps, klondike, free cell, crescent, golf et addiction. Mais du genre, le solitaire est un jeu classique qui ne se d\u00e9mode jamais !     <\/p>\n<p>&nbsp;<\/p>\n<p>&nbsp;<\/p>\n<p><strong>  Fonctionnalit\u00e9s:<\/strong><\/p>\n<p>&#8211; Laissez libre cours \u00e0 vos sentiments ! Jouez au jeu de cartes solitaire et construisez des cha\u00eenes de cartes ! <\/p>\n<p>&#8211; L\u2019excitation abonde \u00e0 chaque seconde gr\u00e2ce \u00e0 ces niveaux !<\/p>\n<p>&#8211; Avec ses visuels vivants et sa musique de pirate captivante, ce solitaire est un gagnant !<\/p>\n<p>&#8211; Les jokers vous permettent de vous d\u00e9fausser des cartes plus rapidement tout en augmentant le multiplicateur de combinaison pour maximiser vos gains de pi\u00e8ces !<\/p>\n<p>&#8211; Accumulez quinze objets \u00e9th\u00e9r\u00e9s ! Des decks originaux avec des th\u00e8mes et douze styles de dos de carte diff\u00e9rents ! <\/p>\n<p>&#8211; Laissez le plaisir prendre le dessus !<\/p>\n","protected":false},"excerpt":{"rendered":"<p>D\u00e9couvrez une ville \u00e9trange ! &amp; D\u00e9chiffrez les mises en page les plus \u00e9tranges que vous ayez jamais vues ! <\/p>\n","protected":false},"author":13,"featured_media":85435,"comment_status":"open","ping_status":"closed","template":"","meta":{"_acf_changed":false,"inline_featured_image":false},"product_brand":[],"product_cat":[155,207],"product_tag":[287],"class_list":{"0":"post-140422","1":"product","2":"type-product","3":"status-publish","4":"has-post-thumbnail","6":"product_cat-card-fr-2","7":"product_cat-solitaire-fr","8":"product_tag-play-on-pc-fr","10":"first","11":"instock","12":"shipping-taxable","13":"purchasable","14":"product-type-simple"},"acf":[],"yoast_head":"<!-- This site is optimized with the Yoast SEO Premium plugin v25.2 (Yoast SEO v25.2) - https:\/\/yoast.com\/wordpress\/plugins\/seo\/ -->\n<title>Mystery Solitaire Cthulhu Mythos - Explorez une ville mystique en r\u00e9solvant des dispositions dans un jeu d\u2019objets cach\u00e9s<\/title>\n<meta name=\"description\" content=\"D\u00e9couvrez une ville \u00e9trange ! &amp; D\u00e9chiffrez les mises en page les plus \u00e9tranges que vous ayez jamais vues !\" \/>\n<meta name=\"robots\" content=\"index, follow, max-snippet:-1, max-image-preview:large, max-video-preview:-1\" \/>\n<link rel=\"canonical\" href=\"https:\/\/www.iplay.com\/fr\/games\/mystery-solitaire-cthulhu-mythos\/\" \/>\n<meta property=\"og:locale\" content=\"fr_FR\" \/>\n<meta property=\"og:type\" content=\"article\" \/>\n<meta property=\"og:title\" content=\"Mystery Solitaire Cthulhu Mythos\" \/>\n<meta property=\"og:description\" content=\"D\u00e9couvrez une ville \u00e9trange ! &amp; D\u00e9chiffrez les mises en page les plus \u00e9tranges que vous ayez jamais vues !\" \/>\n<meta property=\"og:url\" content=\"https:\/\/www.iplay.com\/fr\/games\/mystery-solitaire-cthulhu-mythos\/\" \/>\n<meta property=\"og:site_name\" content=\"IPlay\" \/>\n<meta property=\"og:image\" content=\"https:\/\/www.iplay.com\/wp-content\/uploads\/2023\/12\/large_square_tile_image-2851.jpg\" \/>\n\t<meta property=\"og:image:width\" content=\"310\" \/>\n\t<meta property=\"og:image:height\" content=\"310\" \/>\n\t<meta property=\"og:image:type\" content=\"image\/jpeg\" \/>\n<meta name=\"twitter:card\" content=\"summary_large_image\" \/>\n<meta name=\"twitter:label1\" content=\"Dur\u00e9e de lecture estim\u00e9e\" \/>\n\t<meta name=\"twitter:data1\" content=\"1 minute\" \/>\n<script type=\"application\/ld+json\" class=\"yoast-schema-graph\">{\"@context\":\"https:\/\/schema.org\",\"@graph\":[{\"@type\":\"WebPage\",\"@id\":\"https:\/\/www.iplay.com\/fr\/games\/mystery-solitaire-cthulhu-mythos\/\",\"url\":\"https:\/\/www.iplay.com\/fr\/games\/mystery-solitaire-cthulhu-mythos\/\",\"name\":\"Mystery Solitaire Cthulhu Mythos - Explorez une ville mystique en r\u00e9solvant des dispositions dans un jeu d\u2019objets cach\u00e9s\",\"isPartOf\":{\"@id\":\"https:\/\/www.iplay.com\/en\/#website\"},\"primaryImageOfPage\":{\"@id\":\"https:\/\/www.iplay.com\/fr\/games\/mystery-solitaire-cthulhu-mythos\/#primaryimage\"},\"image\":{\"@id\":\"https:\/\/www.iplay.com\/fr\/games\/mystery-solitaire-cthulhu-mythos\/#primaryimage\"},\"thumbnailUrl\":\"https:\/\/www.iplay.com\/wp-content\/uploads\/2023\/12\/large_square_tile_image-2851.jpg\",\"datePublished\":\"2019-05-14T00:00:00+00:00\",\"description\":\"D\u00e9couvrez une ville \u00e9trange ! &amp; D\u00e9chiffrez les mises en page les plus \u00e9tranges que vous ayez jamais vues !\",\"breadcrumb\":{\"@id\":\"https:\/\/www.iplay.com\/fr\/games\/mystery-solitaire-cthulhu-mythos\/#breadcrumb\"},\"inLanguage\":\"fr-FR\",\"potentialAction\":[{\"@type\":\"ReadAction\",\"target\":[\"https:\/\/www.iplay.com\/fr\/games\/mystery-solitaire-cthulhu-mythos\/\"]}]},{\"@type\":\"ImageObject\",\"inLanguage\":\"fr-FR\",\"@id\":\"https:\/\/www.iplay.com\/fr\/games\/mystery-solitaire-cthulhu-mythos\/#primaryimage\",\"url\":\"https:\/\/www.iplay.com\/wp-content\/uploads\/2023\/12\/large_square_tile_image-2851.jpg\",\"contentUrl\":\"https:\/\/www.iplay.com\/wp-content\/uploads\/2023\/12\/large_square_tile_image-2851.jpg\",\"width\":310,\"height\":310},{\"@type\":\"BreadcrumbList\",\"@id\":\"https:\/\/www.iplay.com\/fr\/games\/mystery-solitaire-cthulhu-mythos\/#breadcrumb\",\"itemListElement\":[{\"@type\":\"ListItem\",\"position\":1,\"name\":\"Home\",\"item\":\"https:\/\/www.iplay.com\/fr\/home-page-2\/\"},{\"@type\":\"ListItem\",\"position\":2,\"name\":\"Shop\",\"item\":\"https:\/\/www.iplay.com\/en\/shop\/\"},{\"@type\":\"ListItem\",\"position\":3,\"name\":\"Mystery Solitaire Cthulhu Mythos\"}]},{\"@type\":\"WebSite\",\"@id\":\"https:\/\/www.iplay.com\/en\/#website\",\"url\":\"https:\/\/www.iplay.com\/en\/\",\"name\":\"IPlay\",\"description\":\"The Best Casual Games!\",\"publisher\":{\"@id\":\"https:\/\/www.iplay.com\/en\/#organization\"},\"potentialAction\":[{\"@type\":\"SearchAction\",\"target\":{\"@type\":\"EntryPoint\",\"urlTemplate\":\"https:\/\/www.iplay.com\/en\/?s={search_term_string}\"},\"query-input\":{\"@type\":\"PropertyValueSpecification\",\"valueRequired\":true,\"valueName\":\"search_term_string\"}}],\"inLanguage\":\"fr-FR\"},{\"@type\":\"Organization\",\"@id\":\"https:\/\/www.iplay.com\/en\/#organization\",\"name\":\"IPlay\",\"url\":\"https:\/\/www.iplay.com\/en\/\",\"logo\":{\"@type\":\"ImageObject\",\"inLanguage\":\"fr-FR\",\"@id\":\"https:\/\/www.iplay.com\/en\/#\/schema\/logo\/image\/\",\"url\":\"https:\/\/www.iplay.com\/wp-content\/uploads\/2023\/11\/Group-6100.svg\",\"contentUrl\":\"https:\/\/www.iplay.com\/wp-content\/uploads\/2023\/11\/Group-6100.svg\",\"width\":98,\"height\":25,\"caption\":\"IPlay\"},\"image\":{\"@id\":\"https:\/\/www.iplay.com\/en\/#\/schema\/logo\/image\/\"}}]}<\/script>\n<!-- \/ Yoast SEO Premium plugin. -->","yoast_head_json":{"title":"Mystery Solitaire Cthulhu Mythos - Explorez une ville mystique en r\u00e9solvant des dispositions dans un jeu d\u2019objets cach\u00e9s","description":"D\u00e9couvrez une ville \u00e9trange ! &amp; D\u00e9chiffrez les mises en page les plus \u00e9tranges que vous ayez jamais vues !","robots":{"index":"index","follow":"follow","max-snippet":"max-snippet:-1","max-image-preview":"max-image-preview:large","max-video-preview":"max-video-preview:-1"},"canonical":"https:\/\/www.iplay.com\/fr\/games\/mystery-solitaire-cthulhu-mythos\/","og_locale":"fr_FR","og_type":"article","og_title":"Mystery Solitaire Cthulhu Mythos","og_description":"D\u00e9couvrez une ville \u00e9trange ! &amp; D\u00e9chiffrez les mises en page les plus \u00e9tranges que vous ayez jamais vues !","og_url":"https:\/\/www.iplay.com\/fr\/games\/mystery-solitaire-cthulhu-mythos\/","og_site_name":"IPlay","og_image":[{"width":310,"height":310,"url":"https:\/\/www.iplay.com\/wp-content\/uploads\/2023\/12\/large_square_tile_image-2851.jpg","type":"image\/jpeg"}],"twitter_card":"summary_large_image","twitter_misc":{"Dur\u00e9e de lecture estim\u00e9e":"1 minute"},"schema":{"@context":"https:\/\/schema.org","@graph":[{"@type":"WebPage","@id":"https:\/\/www.iplay.com\/fr\/games\/mystery-solitaire-cthulhu-mythos\/","url":"https:\/\/www.iplay.com\/fr\/games\/mystery-solitaire-cthulhu-mythos\/","name":"Mystery Solitaire Cthulhu Mythos - Explorez une ville mystique en r\u00e9solvant des dispositions dans un jeu d\u2019objets cach\u00e9s","isPartOf":{"@id":"https:\/\/www.iplay.com\/en\/#website"},"primaryImageOfPage":{"@id":"https:\/\/www.iplay.com\/fr\/games\/mystery-solitaire-cthulhu-mythos\/#primaryimage"},"image":{"@id":"https:\/\/www.iplay.com\/fr\/games\/mystery-solitaire-cthulhu-mythos\/#primaryimage"},"thumbnailUrl":"https:\/\/www.iplay.com\/wp-content\/uploads\/2023\/12\/large_square_tile_image-2851.jpg","datePublished":"2019-05-14T00:00:00+00:00","description":"D\u00e9couvrez une ville \u00e9trange ! &amp; D\u00e9chiffrez les mises en page les plus \u00e9tranges que vous ayez jamais vues !","breadcrumb":{"@id":"https:\/\/www.iplay.com\/fr\/games\/mystery-solitaire-cthulhu-mythos\/#breadcrumb"},"inLanguage":"fr-FR","potentialAction":[{"@type":"ReadAction","target":["https:\/\/www.iplay.com\/fr\/games\/mystery-solitaire-cthulhu-mythos\/"]}]},{"@type":"ImageObject","inLanguage":"fr-FR","@id":"https:\/\/www.iplay.com\/fr\/games\/mystery-solitaire-cthulhu-mythos\/#primaryimage","url":"https:\/\/www.iplay.com\/wp-content\/uploads\/2023\/12\/large_square_tile_image-2851.jpg","contentUrl":"https:\/\/www.iplay.com\/wp-content\/uploads\/2023\/12\/large_square_tile_image-2851.jpg","width":310,"height":310},{"@type":"BreadcrumbList","@id":"https:\/\/www.iplay.com\/fr\/games\/mystery-solitaire-cthulhu-mythos\/#breadcrumb","itemListElement":[{"@type":"ListItem","position":1,"name":"Home","item":"https:\/\/www.iplay.com\/fr\/home-page-2\/"},{"@type":"ListItem","position":2,"name":"Shop","item":"https:\/\/www.iplay.com\/en\/shop\/"},{"@type":"ListItem","position":3,"name":"Mystery Solitaire Cthulhu Mythos"}]},{"@type":"WebSite","@id":"https:\/\/www.iplay.com\/en\/#website","url":"https:\/\/www.iplay.com\/en\/","name":"IPlay","description":"The Best Casual Games!","publisher":{"@id":"https:\/\/www.iplay.com\/en\/#organization"},"potentialAction":[{"@type":"SearchAction","target":{"@type":"EntryPoint","urlTemplate":"https:\/\/www.iplay.com\/en\/?s={search_term_string}"},"query-input":{"@type":"PropertyValueSpecification","valueRequired":true,"valueName":"search_term_string"}}],"inLanguage":"fr-FR"},{"@type":"Organization","@id":"https:\/\/www.iplay.com\/en\/#organization","name":"IPlay","url":"https:\/\/www.iplay.com\/en\/","logo":{"@type":"ImageObject","inLanguage":"fr-FR","@id":"https:\/\/www.iplay.com\/en\/#\/schema\/logo\/image\/","url":"https:\/\/www.iplay.com\/wp-content\/uploads\/2023\/11\/Group-6100.svg","contentUrl":"https:\/\/www.iplay.com\/wp-content\/uploads\/2023\/11\/Group-6100.svg","width":98,"height":25,"caption":"IPlay"},"image":{"@id":"https:\/\/www.iplay.com\/en\/#\/schema\/logo\/image\/"}}]}},"_links":{"self":[{"href":"https:\/\/www.iplay.com\/fr\/wp-json\/wp\/v2\/product\/140422","targetHints":{"allow":["GET"]}}],"collection":[{"href":"https:\/\/www.iplay.com\/fr\/wp-json\/wp\/v2\/product"}],"about":[{"href":"https:\/\/www.iplay.com\/fr\/wp-json\/wp\/v2\/types\/product"}],"author":[{"embeddable":true,"href":"https:\/\/www.iplay.com\/fr\/wp-json\/wp\/v2\/users\/13"}],"replies":[{"embeddable":true,"href":"https:\/\/www.iplay.com\/fr\/wp-json\/wp\/v2\/comments?post=140422"}],"wp:featuredmedia":[{"embeddable":true,"href":"https:\/\/www.iplay.com\/fr\/wp-json\/wp\/v2\/media\/85435"}],"wp:attachment":[{"href":"https:\/\/www.iplay.com\/fr\/wp-json\/wp\/v2\/media?parent=140422"}],"wp:term":[{"taxonomy":"product_brand","embeddable":true,"href":"https:\/\/www.iplay.com\/fr\/wp-json\/wp\/v2\/product_brand?post=140422"},{"taxonomy":"product_cat","embeddable":true,"href":"https:\/\/www.iplay.com\/fr\/wp-json\/wp\/v2\/product_cat?post=140422"},{"taxonomy":"product_tag","embeddable":true,"href":"https:\/\/www.iplay.com\/fr\/wp-json\/wp\/v2\/product_tag?post=140422"}],"curies":[{"name":"wp","href":"https:\/\/api.w.org\/{rel}","templated":true}]}}